{"id":195995,"date":"2024-05-15T15:47:25","date_gmt":"2024-05-15T13:47:25","guid":{"rendered":"https:\/\/shop.bantam.ch\/produit\/kehrschaufel-und-handfeger-joseph-joseph-cleanstore-mit-wandhalterung-farbe-blau\/"},"modified":"2026-05-02T23:02:12","modified_gmt":"2026-05-02T21:02:12","slug":"kehrschaufel-und-handfeger-joseph-joseph-cleanstore-mit-wandhalterung-farbe-blau","status":"publish","type":"product","link":"https:\/\/shop.bantam.ch\/de\/produkt\/kehrschaufel-und-handfeger-joseph-joseph-cleanstore-mit-wandhalterung-farbe-blau\/","title":{"rendered":"Kehrschaufel und Handfeger Joseph Joseph CleanStore mit Wandhalterung Farbe blau"},"content":{"rendered":"<p>Reinigungsger\u00e4te sind bekannterma\u00dfen schwierig zu lagern. Lange Gegenst\u00e4nde fallen leicht um oder verheddern sich; Kehrschaufeln und B\u00fcrsten k\u00f6nnen sich voneinander l\u00f6sen, und freiliegende Borsten und Mopps k\u00f6nnen Staub und Schmutz auf das Innere von Schr\u00e4nken und andere gelagerte Gegenst\u00e4nde \u00fcbertragen. CleanStore ist ein cleveres Sortiment an Reinigungsger\u00e4ten, das die Aufbewahrung einfacher und hygienischer macht, indem es daf\u00fcr sorgt, dass die schmutzigen Teile des Werkzeugs stets gesch\u00fctzt sind. Diese clevere Kehrschaufel und B\u00fcrste wird mit einer Dust-shield\u2122-Halterung geliefert, die an der Wand befestigt werden kann und den Kopf der B\u00fcrste und der Schale vollst\u00e4ndig umschlie\u00dft, so dass alles um sie herum sauberer bleibt. Zum Gebrauch einfach aus der Halterung nehmen, den Besen ausklipsen und wie gewohnt fegen. Die B\u00fcrste hat weiche, gefiederte Borsten, die den Staub besser aufnehmen und vorne abgewinkelt sind, um in die Ecken zu gelangen. Die Wanne hat eine Gummivorderkante, um Bodenunebenheiten auszugleichen, und eine abgestufte Lippe, um den Schmutz im Inneren zu halten. Der Aufbewahrungshalter kann zur einfachen Reinigung auch von der Wandhalterung abgenommen werden. Kunststoffteile &#8211; mit einem feuchten Tuch abwischen. Inklusive Befestigungsschrauben.<\/p>\n","protected":false},"excerpt":{"rendered":"<p>Reinigungsger\u00e4te sind bekannterma\u00dfen schwierig zu lagern. Lange Gegenst\u00e4nde fallen leicht um oder verheddern sich; Kehrschaufeln und B\u00fcrsten k\u00f6nnen sich voneinander l\u00f6sen, und freiliegende Borsten und Mopps k\u00f6nnen Staub und Schmutz auf das Innere von Schr\u00e4nken und andere gelagerte Gegenst\u00e4nde \u00fcbertragen. CleanStore ist ein cleveres Sortiment an Reinigungsger\u00e4ten, das die Aufbewahrung einfacher und hygienischer macht, indem [&hellip;]<\/p>\n","protected":false},"featured_media":206767,"template":"","meta":{"_acf_changed":false},"product_featured_cat":[],"product_brand":[3413],"product_cat":[4290],"product_tag":[],"class_list":{"0":"post-195995","1":"product","2":"type-product","3":"status-publish","4":"has-post-thumbnail","6":"product_brand-joseph-joseph-de","7":"product_cat-spuelen-putzen","9":"first","10":"instock","11":"taxable","12":"shipping-taxable","13":"purchasable","14":"product-type-simple"},"acf":[],"yoast_head":"<!-- This site is optimized with the Yoast SEO plugin v27.5 - https:\/\/yoast.com\/product\/yoast-seo-wordpress\/ -->\n<title>Kehrschaufel und Handfeger Joseph Joseph CleanStore mit Wandhalterung Farbe blau - Bantam<\/title>\n<meta name=\"robots\" content=\"index, follow, max-snippet:-1, max-image-preview:large, max-video-preview:-1\" \/>\n<link rel=\"canonical\" href=\"https:\/\/shop.bantam.ch\/de\/produkt\/kehrschaufel-und-handfeger-joseph-joseph-cleanstore-mit-wandhalterung-farbe-blau\/\" \/>\n<meta property=\"og:locale\" content=\"de_DE\" \/>\n<meta property=\"og:type\" content=\"article\" \/>\n<meta property=\"og:title\" content=\"Kehrschaufel und Handfeger Joseph Joseph CleanStore mit Wandhalterung Farbe blau - Bantam\" \/>\n<meta property=\"og:description\" content=\"Reinigungsger\u00e4te sind bekannterma\u00dfen schwierig zu lagern. Lange Gegenst\u00e4nde fallen leicht um oder verheddern sich; Kehrschaufeln und B\u00fcrsten k\u00f6nnen sich voneinander l\u00f6sen, und freiliegende Borsten und Mopps k\u00f6nnen Staub und Schmutz auf das Innere von Schr\u00e4nken und andere gelagerte Gegenst\u00e4nde \u00fcbertragen. CleanStore ist ein cleveres Sortiment an Reinigungsger\u00e4ten, das die Aufbewahrung einfacher und hygienischer macht, indem [&hellip;]\" \/>\n<meta property=\"og:url\" content=\"https:\/\/shop.bantam.ch\/de\/produkt\/kehrschaufel-und-handfeger-joseph-joseph-cleanstore-mit-wandhalterung-farbe-blau\/\" \/>\n<meta property=\"og:site_name\" content=\"Bantam\" \/>\n<meta property=\"article:modified_time\" content=\"2026-05-02T21:02:12+00:00\" \/>\n<meta property=\"og:image\" content=\"https:\/\/shop.bantam.ch\/wp-content\/uploads\/2024\/05\/Movera-L-9957953100.jpg\" \/>\n\t<meta property=\"og:image:width\" content=\"640\" \/>\n\t<meta property=\"og:image:height\" content=\"519\" \/>\n\t<meta property=\"og:image:type\" content=\"image\/jpeg\" \/>\n<meta name=\"twitter:card\" content=\"summary_large_image\" \/>\n<meta name=\"twitter:label1\" content=\"Gesch\u00e4tzte Lesezeit\" \/>\n\t<meta name=\"twitter:data1\" content=\"1\u00a0Minute\" \/>\n<script type=\"application\/ld+json\" class=\"yoast-schema-graph\">{\"@context\":\"https:\\\/\\\/schema.org\",\"@graph\":[{\"@type\":\"WebPage\",\"@id\":\"https:\\\/\\\/shop.bantam.ch\\\/de\\\/produkt\\\/kehrschaufel-und-handfeger-joseph-joseph-cleanstore-mit-wandhalterung-farbe-blau\\\/\",\"url\":\"https:\\\/\\\/shop.bantam.ch\\\/de\\\/produkt\\\/kehrschaufel-und-handfeger-joseph-joseph-cleanstore-mit-wandhalterung-farbe-blau\\\/\",\"name\":\"Kehrschaufel und Handfeger Joseph Joseph CleanStore mit Wandhalterung Farbe blau - Bantam\",\"isPartOf\":{\"@id\":\"https:\\\/\\\/shop.bantam.ch\\\/de\\\/#website\"},\"primaryImageOfPage\":{\"@id\":\"https:\\\/\\\/shop.bantam.ch\\\/de\\\/produkt\\\/kehrschaufel-und-handfeger-joseph-joseph-cleanstore-mit-wandhalterung-farbe-blau\\\/#primaryimage\"},\"image\":{\"@id\":\"https:\\\/\\\/shop.bantam.ch\\\/de\\\/produkt\\\/kehrschaufel-und-handfeger-joseph-joseph-cleanstore-mit-wandhalterung-farbe-blau\\\/#primaryimage\"},\"thumbnailUrl\":\"https:\\\/\\\/shop.bantam.ch\\\/wp-content\\\/uploads\\\/2024\\\/09\\\/Movera-L-9957953100.jpg\",\"datePublished\":\"2024-05-15T13:47:25+00:00\",\"dateModified\":\"2026-05-02T21:02:12+00:00\",\"breadcrumb\":{\"@id\":\"https:\\\/\\\/shop.bantam.ch\\\/de\\\/produkt\\\/kehrschaufel-und-handfeger-joseph-joseph-cleanstore-mit-wandhalterung-farbe-blau\\\/#breadcrumb\"},\"inLanguage\":\"de\",\"potentialAction\":[{\"@type\":\"ReadAction\",\"target\":[\"https:\\\/\\\/shop.bantam.ch\\\/de\\\/produkt\\\/kehrschaufel-und-handfeger-joseph-joseph-cleanstore-mit-wandhalterung-farbe-blau\\\/\"]}]},{\"@type\":\"ImageObject\",\"inLanguage\":\"de\",\"@id\":\"https:\\\/\\\/shop.bantam.ch\\\/de\\\/produkt\\\/kehrschaufel-und-handfeger-joseph-joseph-cleanstore-mit-wandhalterung-farbe-blau\\\/#primaryimage\",\"url\":\"https:\\\/\\\/shop.bantam.ch\\\/wp-content\\\/uploads\\\/2024\\\/09\\\/Movera-L-9957953100.jpg\",\"contentUrl\":\"https:\\\/\\\/shop.bantam.ch\\\/wp-content\\\/uploads\\\/2024\\\/09\\\/Movera-L-9957953100.jpg\",\"width\":640,\"height\":519},{\"@type\":\"BreadcrumbList\",\"@id\":\"https:\\\/\\\/shop.bantam.ch\\\/de\\\/produkt\\\/kehrschaufel-und-handfeger-joseph-joseph-cleanstore-mit-wandhalterung-farbe-blau\\\/#breadcrumb\",\"itemListElement\":[{\"@type\":\"ListItem\",\"position\":1,\"name\":\"Accueil\",\"item\":\"https:\\\/\\\/shop.bantam.ch\\\/de\\\/\"},{\"@type\":\"ListItem\",\"position\":2,\"name\":\"Shop\",\"item\":\"https:\\\/\\\/shop.bantam.ch\\\/de\\\/shop\\\/\"},{\"@type\":\"ListItem\",\"position\":3,\"name\":\"Kehrschaufel und Handfeger Joseph Joseph CleanStore mit Wandhalterung Farbe blau\"}]},{\"@type\":\"WebSite\",\"@id\":\"https:\\\/\\\/shop.bantam.ch\\\/de\\\/#website\",\"url\":\"https:\\\/\\\/shop.bantam.ch\\\/de\\\/\",\"name\":\"Bantam\",\"description\":\"\",\"publisher\":{\"@id\":\"https:\\\/\\\/shop.bantam.ch\\\/de\\\/#organization\"},\"inLanguage\":\"de\"},{\"@type\":\"Organization\",\"@id\":\"https:\\\/\\\/shop.bantam.ch\\\/de\\\/#organization\",\"name\":\"Bantam\",\"url\":\"https:\\\/\\\/shop.bantam.ch\\\/de\\\/\",\"logo\":{\"@type\":\"ImageObject\",\"inLanguage\":\"de\",\"@id\":\"https:\\\/\\\/shop.bantam.ch\\\/de\\\/#\\\/schema\\\/logo\\\/image\\\/\",\"url\":\"https:\\\/\\\/shop.bantam.ch\\\/wp-content\\\/uploads\\\/2022\\\/12\\\/bantam-logo.png\",\"contentUrl\":\"https:\\\/\\\/shop.bantam.ch\\\/wp-content\\\/uploads\\\/2022\\\/12\\\/bantam-logo.png\",\"width\":320,\"height\":71,\"caption\":\"Bantam\"},\"image\":{\"@id\":\"https:\\\/\\\/shop.bantam.ch\\\/de\\\/#\\\/schema\\\/logo\\\/image\\\/\"}}]}<\/script>\n<!-- \/ Yoast SEO plugin. -->","yoast_head_json":{"title":"Kehrschaufel und Handfeger Joseph Joseph CleanStore mit Wandhalterung Farbe blau - Bantam","robots":{"index":"index","follow":"follow","max-snippet":"max-snippet:-1","max-image-preview":"max-image-preview:large","max-video-preview":"max-video-preview:-1"},"canonical":"https:\/\/shop.bantam.ch\/de\/produkt\/kehrschaufel-und-handfeger-joseph-joseph-cleanstore-mit-wandhalterung-farbe-blau\/","og_locale":"de_DE","og_type":"article","og_title":"Kehrschaufel und Handfeger Joseph Joseph CleanStore mit Wandhalterung Farbe blau - Bantam","og_description":"Reinigungsger\u00e4te sind bekannterma\u00dfen schwierig zu lagern. Lange Gegenst\u00e4nde fallen leicht um oder verheddern sich; Kehrschaufeln und B\u00fcrsten k\u00f6nnen sich voneinander l\u00f6sen, und freiliegende Borsten und Mopps k\u00f6nnen Staub und Schmutz auf das Innere von Schr\u00e4nken und andere gelagerte Gegenst\u00e4nde \u00fcbertragen. CleanStore ist ein cleveres Sortiment an Reinigungsger\u00e4ten, das die Aufbewahrung einfacher und hygienischer macht, indem [&hellip;]","og_url":"https:\/\/shop.bantam.ch\/de\/produkt\/kehrschaufel-und-handfeger-joseph-joseph-cleanstore-mit-wandhalterung-farbe-blau\/","og_site_name":"Bantam","article_modified_time":"2026-05-02T21:02:12+00:00","og_image":[{"width":640,"height":519,"url":"https:\/\/shop.bantam.ch\/wp-content\/uploads\/2024\/05\/Movera-L-9957953100.jpg","type":"image\/jpeg"}],"twitter_card":"summary_large_image","twitter_misc":{"Gesch\u00e4tzte Lesezeit":"1\u00a0Minute"},"schema":{"@context":"https:\/\/schema.org","@graph":[{"@type":"WebPage","@id":"https:\/\/shop.bantam.ch\/de\/produkt\/kehrschaufel-und-handfeger-joseph-joseph-cleanstore-mit-wandhalterung-farbe-blau\/","url":"https:\/\/shop.bantam.ch\/de\/produkt\/kehrschaufel-und-handfeger-joseph-joseph-cleanstore-mit-wandhalterung-farbe-blau\/","name":"Kehrschaufel und Handfeger Joseph Joseph CleanStore mit Wandhalterung Farbe blau - Bantam","isPartOf":{"@id":"https:\/\/shop.bantam.ch\/de\/#website"},"primaryImageOfPage":{"@id":"https:\/\/shop.bantam.ch\/de\/produkt\/kehrschaufel-und-handfeger-joseph-joseph-cleanstore-mit-wandhalterung-farbe-blau\/#primaryimage"},"image":{"@id":"https:\/\/shop.bantam.ch\/de\/produkt\/kehrschaufel-und-handfeger-joseph-joseph-cleanstore-mit-wandhalterung-farbe-blau\/#primaryimage"},"thumbnailUrl":"https:\/\/shop.bantam.ch\/wp-content\/uploads\/2024\/09\/Movera-L-9957953100.jpg","datePublished":"2024-05-15T13:47:25+00:00","dateModified":"2026-05-02T21:02:12+00:00","breadcrumb":{"@id":"https:\/\/shop.bantam.ch\/de\/produkt\/kehrschaufel-und-handfeger-joseph-joseph-cleanstore-mit-wandhalterung-farbe-blau\/#breadcrumb"},"inLanguage":"de","potentialAction":[{"@type":"ReadAction","target":["https:\/\/shop.bantam.ch\/de\/produkt\/kehrschaufel-und-handfeger-joseph-joseph-cleanstore-mit-wandhalterung-farbe-blau\/"]}]},{"@type":"ImageObject","inLanguage":"de","@id":"https:\/\/shop.bantam.ch\/de\/produkt\/kehrschaufel-und-handfeger-joseph-joseph-cleanstore-mit-wandhalterung-farbe-blau\/#primaryimage","url":"https:\/\/shop.bantam.ch\/wp-content\/uploads\/2024\/09\/Movera-L-9957953100.jpg","contentUrl":"https:\/\/shop.bantam.ch\/wp-content\/uploads\/2024\/09\/Movera-L-9957953100.jpg","width":640,"height":519},{"@type":"BreadcrumbList","@id":"https:\/\/shop.bantam.ch\/de\/produkt\/kehrschaufel-und-handfeger-joseph-joseph-cleanstore-mit-wandhalterung-farbe-blau\/#breadcrumb","itemListElement":[{"@type":"ListItem","position":1,"name":"Accueil","item":"https:\/\/shop.bantam.ch\/de\/"},{"@type":"ListItem","position":2,"name":"Shop","item":"https:\/\/shop.bantam.ch\/de\/shop\/"},{"@type":"ListItem","position":3,"name":"Kehrschaufel und Handfeger Joseph Joseph CleanStore mit Wandhalterung Farbe blau"}]},{"@type":"WebSite","@id":"https:\/\/shop.bantam.ch\/de\/#website","url":"https:\/\/shop.bantam.ch\/de\/","name":"Bantam","description":"","publisher":{"@id":"https:\/\/shop.bantam.ch\/de\/#organization"},"inLanguage":"de"},{"@type":"Organization","@id":"https:\/\/shop.bantam.ch\/de\/#organization","name":"Bantam","url":"https:\/\/shop.bantam.ch\/de\/","logo":{"@type":"ImageObject","inLanguage":"de","@id":"https:\/\/shop.bantam.ch\/de\/#\/schema\/logo\/image\/","url":"https:\/\/shop.bantam.ch\/wp-content\/uploads\/2022\/12\/bantam-logo.png","contentUrl":"https:\/\/shop.bantam.ch\/wp-content\/uploads\/2022\/12\/bantam-logo.png","width":320,"height":71,"caption":"Bantam"},"image":{"@id":"https:\/\/shop.bantam.ch\/de\/#\/schema\/logo\/image\/"}}]}},"_links":{"self":[{"href":"https:\/\/shop.bantam.ch\/de\/wp-json\/wp\/v2\/product\/195995","targetHints":{"allow":["GET"]}}],"collection":[{"href":"https:\/\/shop.bantam.ch\/de\/wp-json\/wp\/v2\/product"}],"about":[{"href":"https:\/\/shop.bantam.ch\/de\/wp-json\/wp\/v2\/types\/product"}],"wp:featuredmedia":[{"embeddable":true,"href":"https:\/\/shop.bantam.ch\/de\/wp-json\/wp\/v2\/media\/206767"}],"wp:attachment":[{"href":"https:\/\/shop.bantam.ch\/de\/wp-json\/wp\/v2\/media?parent=195995"}],"wp:term":[{"taxonomy":"product_featured_cat","embeddable":true,"href":"https:\/\/shop.bantam.ch\/de\/wp-json\/wp\/v2\/product_featured_cat?post=195995"},{"taxonomy":"product_brand","embeddable":true,"href":"https:\/\/shop.bantam.ch\/de\/wp-json\/wp\/v2\/product_brand?post=195995"},{"taxonomy":"product_cat","embeddable":true,"href":"https:\/\/shop.bantam.ch\/de\/wp-json\/wp\/v2\/product_cat?post=195995"},{"taxonomy":"product_tag","embeddable":true,"href":"https:\/\/shop.bantam.ch\/de\/wp-json\/wp\/v2\/product_tag?post=195995"}],"curies":[{"name":"wp","href":"https:\/\/api.w.org\/{rel}","templated":true}]}}