{"id":195987,"date":"2024-05-15T15:47:17","date_gmt":"2024-05-15T13:47:17","guid":{"rendered":"https:\/\/shop.bantam.ch\/produit\/tisch-buegelbrett-joseph-joseph-klappbar-farbe-grau-gelb\/"},"modified":"2026-04-17T23:05:41","modified_gmt":"2026-04-17T21:05:41","slug":"tisch-buegelbrett-joseph-joseph-klappbar-farbe-grau-gelb","status":"publish","type":"product","link":"https:\/\/shop.bantam.ch\/de\/produkt\/tisch-buegelbrett-joseph-joseph-klappbar-farbe-grau-gelb\/","title":{"rendered":"Tisch-B\u00fcgelbrett Joseph Joseph klappbar Farbe grau \/ gelb"},"content":{"rendered":"<p>Kompakte B\u00fcgelbretter sind eine gute Wahl, wenn Sie nur wenig Stauraum haben oder nur schnell ein oder zwei Teile b\u00fcgeln wollen. Aber dieses kompakte B\u00fcgelbrett bringt mit seinem innovativen Design den Komfort beim B\u00fcgeln auf ein ganz neues Niveau. Es l\u00e4sst sich in der Mitte zusammenklappen und verf\u00fcgt \u00fcber einen eigenen Aufh\u00e4ngehaken, der an der Wand oder an der T\u00fcr befestigt werden kann, wodurch es sehr kompakt und leicht zu verstauen ist. Au\u00dferdem verf\u00fcgt er \u00fcber ein spezielles Fach zur Aufbewahrung des B\u00fcgeleisens, was wertvollen Platz an anderer Stelle spart und alles, was Sie f\u00fcr diese Hausarbeit ben\u00f6tigen, an einem Ort zusammenh\u00e4lt. Dank des Schnellverschlusses und der klappbaren Beine mit rutschfesten F\u00fc\u00dfen ist er schnell und einfach aufgebaut. Im aufgeklappten Zustand bietet er eine gro\u00dfz\u00fcgige B\u00fcgelfl\u00e4che mit perfekt geformten Ecken f\u00fcr Hemden, Hosen, Kleider und mehr. Sie wird mit einem leicht austauschbaren, passgenauen Bezug geliefert, der aus einer Oberschicht aus 100 % Baumwolle und einer dicken, gepolsterten Filzunterlage besteht, die f\u00fcr ein besonders sanftes B\u00fcgeln sorgt. Ersatzbez\u00fcge sind ebenfalls erh\u00e4ltlich.<\/p>\n<p>&nbsp;<\/p>\n<p>Material:<br \/>\nBezug 100 % Baumwolle<br \/>\nFilzunterlage 100 % Polyester<\/p>\n","protected":false},"excerpt":{"rendered":"<p>Kompakte B\u00fcgelbretter sind eine gute Wahl, wenn Sie nur wenig Stauraum haben oder nur schnell ein oder zwei Teile b\u00fcgeln wollen. Aber dieses kompakte B\u00fcgelbrett bringt mit seinem innovativen Design den Komfort beim B\u00fcgeln auf ein ganz neues Niveau. Es l\u00e4sst sich in der Mitte zusammenklappen und verf\u00fcgt \u00fcber einen eigenen Aufh\u00e4ngehaken, der an der [&hellip;]<\/p>\n","protected":false},"featured_media":206765,"template":"","meta":{"_acf_changed":false},"product_featured_cat":[],"product_brand":[3413],"product_cat":[4292],"product_tag":[],"class_list":{"0":"post-195987","1":"product","2":"type-product","3":"status-publish","4":"has-post-thumbnail","6":"product_brand-joseph-joseph-de","7":"product_cat-waesche","9":"first","10":"instock","11":"taxable","12":"shipping-taxable","13":"purchasable","14":"product-type-simple"},"acf":[],"yoast_head":"<!-- This site is optimized with the Yoast SEO plugin v27.4 - https:\/\/yoast.com\/product\/yoast-seo-wordpress\/ -->\n<title>Tisch-B\u00fcgelbrett Joseph Joseph klappbar Farbe grau \/ gelb - Bantam Camping AG<\/title>\n<meta name=\"robots\" content=\"index, follow, max-snippet:-1, max-image-preview:large, max-video-preview:-1\" \/>\n<link rel=\"canonical\" href=\"https:\/\/shop.bantam.ch\/de\/produkt\/tisch-buegelbrett-joseph-joseph-klappbar-farbe-grau-gelb\/\" \/>\n<meta property=\"og:locale\" content=\"de_DE\" \/>\n<meta property=\"og:type\" content=\"article\" \/>\n<meta property=\"og:title\" content=\"Tisch-B\u00fcgelbrett Joseph Joseph klappbar Farbe grau \/ gelb - Bantam Camping AG\" \/>\n<meta property=\"og:description\" content=\"Kompakte B\u00fcgelbretter sind eine gute Wahl, wenn Sie nur wenig Stauraum haben oder nur schnell ein oder zwei Teile b\u00fcgeln wollen. Aber dieses kompakte B\u00fcgelbrett bringt mit seinem innovativen Design den Komfort beim B\u00fcgeln auf ein ganz neues Niveau. Es l\u00e4sst sich in der Mitte zusammenklappen und verf\u00fcgt \u00fcber einen eigenen Aufh\u00e4ngehaken, der an der [&hellip;]\" \/>\n<meta property=\"og:url\" content=\"https:\/\/shop.bantam.ch\/de\/produkt\/tisch-buegelbrett-joseph-joseph-klappbar-farbe-grau-gelb\/\" \/>\n<meta property=\"og:site_name\" content=\"Bantam Camping AG\" \/>\n<meta property=\"article:modified_time\" content=\"2026-04-17T21:05:41+00:00\" \/>\n<meta property=\"og:image\" content=\"https:\/\/shop.bantam.ch\/wp-content\/uploads\/2024\/05\/Movera-L-9957952100.jpg\" \/>\n\t<meta property=\"og:image:width\" content=\"640\" \/>\n\t<meta property=\"og:image:height\" content=\"360\" \/>\n\t<meta property=\"og:image:type\" content=\"image\/jpeg\" \/>\n<meta name=\"twitter:card\" content=\"summary_large_image\" \/>\n<meta name=\"twitter:label1\" content=\"Gesch\u00e4tzte Lesezeit\" \/>\n\t<meta name=\"twitter:data1\" content=\"1\u00a0Minute\" \/>\n<script type=\"application\/ld+json\" class=\"yoast-schema-graph\">{\"@context\":\"https:\\\/\\\/schema.org\",\"@graph\":[{\"@type\":\"WebPage\",\"@id\":\"https:\\\/\\\/shop.bantam.ch\\\/de\\\/produkt\\\/tisch-buegelbrett-joseph-joseph-klappbar-farbe-grau-gelb\\\/\",\"url\":\"https:\\\/\\\/shop.bantam.ch\\\/de\\\/produkt\\\/tisch-buegelbrett-joseph-joseph-klappbar-farbe-grau-gelb\\\/\",\"name\":\"Tisch-B\u00fcgelbrett Joseph Joseph klappbar Farbe grau \\\/ gelb - Bantam Camping AG\",\"isPartOf\":{\"@id\":\"https:\\\/\\\/shop.bantam.ch\\\/de\\\/#website\"},\"primaryImageOfPage\":{\"@id\":\"https:\\\/\\\/shop.bantam.ch\\\/de\\\/produkt\\\/tisch-buegelbrett-joseph-joseph-klappbar-farbe-grau-gelb\\\/#primaryimage\"},\"image\":{\"@id\":\"https:\\\/\\\/shop.bantam.ch\\\/de\\\/produkt\\\/tisch-buegelbrett-joseph-joseph-klappbar-farbe-grau-gelb\\\/#primaryimage\"},\"thumbnailUrl\":\"https:\\\/\\\/shop.bantam.ch\\\/wp-content\\\/uploads\\\/2024\\\/09\\\/Movera-L-9957952100.jpg\",\"datePublished\":\"2024-05-15T13:47:17+00:00\",\"dateModified\":\"2026-04-17T21:05:41+00:00\",\"breadcrumb\":{\"@id\":\"https:\\\/\\\/shop.bantam.ch\\\/de\\\/produkt\\\/tisch-buegelbrett-joseph-joseph-klappbar-farbe-grau-gelb\\\/#breadcrumb\"},\"inLanguage\":\"de\",\"potentialAction\":[{\"@type\":\"ReadAction\",\"target\":[\"https:\\\/\\\/shop.bantam.ch\\\/de\\\/produkt\\\/tisch-buegelbrett-joseph-joseph-klappbar-farbe-grau-gelb\\\/\"]}]},{\"@type\":\"ImageObject\",\"inLanguage\":\"de\",\"@id\":\"https:\\\/\\\/shop.bantam.ch\\\/de\\\/produkt\\\/tisch-buegelbrett-joseph-joseph-klappbar-farbe-grau-gelb\\\/#primaryimage\",\"url\":\"https:\\\/\\\/shop.bantam.ch\\\/wp-content\\\/uploads\\\/2024\\\/09\\\/Movera-L-9957952100.jpg\",\"contentUrl\":\"https:\\\/\\\/shop.bantam.ch\\\/wp-content\\\/uploads\\\/2024\\\/09\\\/Movera-L-9957952100.jpg\",\"width\":640,\"height\":360},{\"@type\":\"BreadcrumbList\",\"@id\":\"https:\\\/\\\/shop.bantam.ch\\\/de\\\/produkt\\\/tisch-buegelbrett-joseph-joseph-klappbar-farbe-grau-gelb\\\/#breadcrumb\",\"itemListElement\":[{\"@type\":\"ListItem\",\"position\":1,\"name\":\"Accueil\",\"item\":\"https:\\\/\\\/shop.bantam.ch\\\/de\\\/\"},{\"@type\":\"ListItem\",\"position\":2,\"name\":\"Shop\",\"item\":\"https:\\\/\\\/shop.bantam.ch\\\/de\\\/shop\\\/\"},{\"@type\":\"ListItem\",\"position\":3,\"name\":\"Tisch-B\u00fcgelbrett Joseph Joseph klappbar Farbe grau \\\/ gelb\"}]},{\"@type\":\"WebSite\",\"@id\":\"https:\\\/\\\/shop.bantam.ch\\\/de\\\/#website\",\"url\":\"https:\\\/\\\/shop.bantam.ch\\\/de\\\/\",\"name\":\"Bantam Camping AG\",\"description\":\"\",\"publisher\":{\"@id\":\"https:\\\/\\\/shop.bantam.ch\\\/de\\\/#organization\"},\"inLanguage\":\"de\"},{\"@type\":\"Organization\",\"@id\":\"https:\\\/\\\/shop.bantam.ch\\\/de\\\/#organization\",\"name\":\"Bantam Camping AG\",\"url\":\"https:\\\/\\\/shop.bantam.ch\\\/de\\\/\",\"logo\":{\"@type\":\"ImageObject\",\"inLanguage\":\"de\",\"@id\":\"https:\\\/\\\/shop.bantam.ch\\\/de\\\/#\\\/schema\\\/logo\\\/image\\\/\",\"url\":\"https:\\\/\\\/shop.bantam.ch\\\/wp-content\\\/uploads\\\/2022\\\/12\\\/bantam-logo.png\",\"contentUrl\":\"https:\\\/\\\/shop.bantam.ch\\\/wp-content\\\/uploads\\\/2022\\\/12\\\/bantam-logo.png\",\"width\":320,\"height\":71,\"caption\":\"Bantam Camping AG\"},\"image\":{\"@id\":\"https:\\\/\\\/shop.bantam.ch\\\/de\\\/#\\\/schema\\\/logo\\\/image\\\/\"}}]}<\/script>\n<!-- \/ Yoast SEO plugin. -->","yoast_head_json":{"title":"Tisch-B\u00fcgelbrett Joseph Joseph klappbar Farbe grau \/ gelb - Bantam Camping AG","robots":{"index":"index","follow":"follow","max-snippet":"max-snippet:-1","max-image-preview":"max-image-preview:large","max-video-preview":"max-video-preview:-1"},"canonical":"https:\/\/shop.bantam.ch\/de\/produkt\/tisch-buegelbrett-joseph-joseph-klappbar-farbe-grau-gelb\/","og_locale":"de_DE","og_type":"article","og_title":"Tisch-B\u00fcgelbrett Joseph Joseph klappbar Farbe grau \/ gelb - Bantam Camping AG","og_description":"Kompakte B\u00fcgelbretter sind eine gute Wahl, wenn Sie nur wenig Stauraum haben oder nur schnell ein oder zwei Teile b\u00fcgeln wollen. Aber dieses kompakte B\u00fcgelbrett bringt mit seinem innovativen Design den Komfort beim B\u00fcgeln auf ein ganz neues Niveau. Es l\u00e4sst sich in der Mitte zusammenklappen und verf\u00fcgt \u00fcber einen eigenen Aufh\u00e4ngehaken, der an der [&hellip;]","og_url":"https:\/\/shop.bantam.ch\/de\/produkt\/tisch-buegelbrett-joseph-joseph-klappbar-farbe-grau-gelb\/","og_site_name":"Bantam Camping AG","article_modified_time":"2026-04-17T21:05:41+00:00","og_image":[{"width":640,"height":360,"url":"https:\/\/shop.bantam.ch\/wp-content\/uploads\/2024\/05\/Movera-L-9957952100.jpg","type":"image\/jpeg"}],"twitter_card":"summary_large_image","twitter_misc":{"Gesch\u00e4tzte Lesezeit":"1\u00a0Minute"},"schema":{"@context":"https:\/\/schema.org","@graph":[{"@type":"WebPage","@id":"https:\/\/shop.bantam.ch\/de\/produkt\/tisch-buegelbrett-joseph-joseph-klappbar-farbe-grau-gelb\/","url":"https:\/\/shop.bantam.ch\/de\/produkt\/tisch-buegelbrett-joseph-joseph-klappbar-farbe-grau-gelb\/","name":"Tisch-B\u00fcgelbrett Joseph Joseph klappbar Farbe grau \/ gelb - Bantam Camping AG","isPartOf":{"@id":"https:\/\/shop.bantam.ch\/de\/#website"},"primaryImageOfPage":{"@id":"https:\/\/shop.bantam.ch\/de\/produkt\/tisch-buegelbrett-joseph-joseph-klappbar-farbe-grau-gelb\/#primaryimage"},"image":{"@id":"https:\/\/shop.bantam.ch\/de\/produkt\/tisch-buegelbrett-joseph-joseph-klappbar-farbe-grau-gelb\/#primaryimage"},"thumbnailUrl":"https:\/\/shop.bantam.ch\/wp-content\/uploads\/2024\/09\/Movera-L-9957952100.jpg","datePublished":"2024-05-15T13:47:17+00:00","dateModified":"2026-04-17T21:05:41+00:00","breadcrumb":{"@id":"https:\/\/shop.bantam.ch\/de\/produkt\/tisch-buegelbrett-joseph-joseph-klappbar-farbe-grau-gelb\/#breadcrumb"},"inLanguage":"de","potentialAction":[{"@type":"ReadAction","target":["https:\/\/shop.bantam.ch\/de\/produkt\/tisch-buegelbrett-joseph-joseph-klappbar-farbe-grau-gelb\/"]}]},{"@type":"ImageObject","inLanguage":"de","@id":"https:\/\/shop.bantam.ch\/de\/produkt\/tisch-buegelbrett-joseph-joseph-klappbar-farbe-grau-gelb\/#primaryimage","url":"https:\/\/shop.bantam.ch\/wp-content\/uploads\/2024\/09\/Movera-L-9957952100.jpg","contentUrl":"https:\/\/shop.bantam.ch\/wp-content\/uploads\/2024\/09\/Movera-L-9957952100.jpg","width":640,"height":360},{"@type":"BreadcrumbList","@id":"https:\/\/shop.bantam.ch\/de\/produkt\/tisch-buegelbrett-joseph-joseph-klappbar-farbe-grau-gelb\/#breadcrumb","itemListElement":[{"@type":"ListItem","position":1,"name":"Accueil","item":"https:\/\/shop.bantam.ch\/de\/"},{"@type":"ListItem","position":2,"name":"Shop","item":"https:\/\/shop.bantam.ch\/de\/shop\/"},{"@type":"ListItem","position":3,"name":"Tisch-B\u00fcgelbrett Joseph Joseph klappbar Farbe grau \/ gelb"}]},{"@type":"WebSite","@id":"https:\/\/shop.bantam.ch\/de\/#website","url":"https:\/\/shop.bantam.ch\/de\/","name":"Bantam Camping AG","description":"","publisher":{"@id":"https:\/\/shop.bantam.ch\/de\/#organization"},"inLanguage":"de"},{"@type":"Organization","@id":"https:\/\/shop.bantam.ch\/de\/#organization","name":"Bantam Camping AG","url":"https:\/\/shop.bantam.ch\/de\/","logo":{"@type":"ImageObject","inLanguage":"de","@id":"https:\/\/shop.bantam.ch\/de\/#\/schema\/logo\/image\/","url":"https:\/\/shop.bantam.ch\/wp-content\/uploads\/2022\/12\/bantam-logo.png","contentUrl":"https:\/\/shop.bantam.ch\/wp-content\/uploads\/2022\/12\/bantam-logo.png","width":320,"height":71,"caption":"Bantam Camping AG"},"image":{"@id":"https:\/\/shop.bantam.ch\/de\/#\/schema\/logo\/image\/"}}]}},"_links":{"self":[{"href":"https:\/\/shop.bantam.ch\/de\/wp-json\/wp\/v2\/product\/195987","targetHints":{"allow":["GET"]}}],"collection":[{"href":"https:\/\/shop.bantam.ch\/de\/wp-json\/wp\/v2\/product"}],"about":[{"href":"https:\/\/shop.bantam.ch\/de\/wp-json\/wp\/v2\/types\/product"}],"wp:featuredmedia":[{"embeddable":true,"href":"https:\/\/shop.bantam.ch\/de\/wp-json\/wp\/v2\/media\/206765"}],"wp:attachment":[{"href":"https:\/\/shop.bantam.ch\/de\/wp-json\/wp\/v2\/media?parent=195987"}],"wp:term":[{"taxonomy":"product_featured_cat","embeddable":true,"href":"https:\/\/shop.bantam.ch\/de\/wp-json\/wp\/v2\/product_featured_cat?post=195987"},{"taxonomy":"product_brand","embeddable":true,"href":"https:\/\/shop.bantam.ch\/de\/wp-json\/wp\/v2\/product_brand?post=195987"},{"taxonomy":"product_cat","embeddable":true,"href":"https:\/\/shop.bantam.ch\/de\/wp-json\/wp\/v2\/product_cat?post=195987"},{"taxonomy":"product_tag","embeddable":true,"href":"https:\/\/shop.bantam.ch\/de\/wp-json\/wp\/v2\/product_tag?post=195987"}],"curies":[{"name":"wp","href":"https:\/\/api.w.org\/{rel}","templated":true}]}}