{"id":195979,"date":"2024-05-15T15:47:07","date_gmt":"2024-05-15T13:47:07","guid":{"rendered":"https:\/\/shop.bantam.ch\/produit\/bambus-schneidebrett-wenko-mit-edelstahlschale\/"},"modified":"2026-04-29T23:11:32","modified_gmt":"2026-04-29T21:11:32","slug":"bambus-schneidebrett-wenko-mit-edelstahlschale","status":"publish","type":"product","link":"https:\/\/shop.bantam.ch\/de\/produkt\/bambus-schneidebrett-wenko-mit-edelstahlschale\/","title":{"rendered":"Bambus-Schneidebrett WENKO mit Edelstahlschale"},"content":{"rendered":"<p>Wohin mit den Abf\u00e4llen beim Schneiden von Obst und Gem\u00fcse? Schneidreste k\u00f6nnen direkt der ausziehbaren Edelstahlwanne zugef\u00fchrt und in einem Rutsch entleert werden \u2013 die Arbeitsplatte bleibt sauber. Mit vier rutschfesten Silikonf\u00fc\u00dfen. Edelstahl-Auffangwanne sp\u00fclmaschinengeeignet.<br \/>\nMa\u00dfe Schneidebrett:\u00a035 x 4 x 24,5 cm (B x H x T)<br \/>\nMa\u00dfe Schale:\u00a031,5 x 2 x 21,5 cm (B x H x T)<\/p>\n","protected":false},"excerpt":{"rendered":"<p>Wohin mit den Abf\u00e4llen beim Schneiden von Obst und Gem\u00fcse? Schneidreste k\u00f6nnen direkt der ausziehbaren Edelstahlwanne zugef\u00fchrt und in einem Rutsch entleert werden \u2013 die Arbeitsplatte bleibt sauber. Mit vier rutschfesten Silikonf\u00fc\u00dfen. Edelstahl-Auffangwanne sp\u00fclmaschinengeeignet. Ma\u00dfe Schneidebrett:\u00a035 x 4 x 24,5 cm (B x H x T) Ma\u00dfe Schale:\u00a031,5 x 2 x 21,5 cm (B x [&hellip;]<\/p>\n","protected":false},"featured_media":206763,"template":"","meta":{"_acf_changed":false},"product_featured_cat":[],"product_brand":[3161],"product_cat":[4286],"product_tag":[],"class_list":{"0":"post-195979","1":"product","2":"type-product","3":"status-publish","4":"has-post-thumbnail","6":"product_brand-wenko-de","7":"product_cat-kuechenhelfer","9":"first","10":"instock","11":"taxable","12":"shipping-taxable","13":"purchasable","14":"product-type-simple"},"acf":[],"yoast_head":"<!-- This site is optimized with the Yoast SEO plugin v27.5 - https:\/\/yoast.com\/product\/yoast-seo-wordpress\/ -->\n<title>Bambus-Schneidebrett WENKO mit Edelstahlschale - Bantam<\/title>\n<meta name=\"robots\" content=\"index, follow, max-snippet:-1, max-image-preview:large, max-video-preview:-1\" \/>\n<link rel=\"canonical\" href=\"https:\/\/shop.bantam.ch\/de\/produkt\/bambus-schneidebrett-wenko-mit-edelstahlschale\/\" \/>\n<meta property=\"og:locale\" content=\"de_DE\" \/>\n<meta property=\"og:type\" content=\"article\" \/>\n<meta property=\"og:title\" content=\"Bambus-Schneidebrett WENKO mit Edelstahlschale - Bantam\" \/>\n<meta property=\"og:description\" content=\"Wohin mit den Abf\u00e4llen beim Schneiden von Obst und Gem\u00fcse? Schneidreste k\u00f6nnen direkt der ausziehbaren Edelstahlwanne zugef\u00fchrt und in einem Rutsch entleert werden \u2013 die Arbeitsplatte bleibt sauber. Mit vier rutschfesten Silikonf\u00fc\u00dfen. Edelstahl-Auffangwanne sp\u00fclmaschinengeeignet. Ma\u00dfe Schneidebrett:\u00a035 x 4 x 24,5 cm (B x H x T) Ma\u00dfe Schale:\u00a031,5 x 2 x 21,5 cm (B x [&hellip;]\" \/>\n<meta property=\"og:url\" content=\"https:\/\/shop.bantam.ch\/de\/produkt\/bambus-schneidebrett-wenko-mit-edelstahlschale\/\" \/>\n<meta property=\"og:site_name\" content=\"Bantam\" \/>\n<meta property=\"article:modified_time\" content=\"2026-04-29T21:11:32+00:00\" \/>\n<meta property=\"og:image\" content=\"https:\/\/shop.bantam.ch\/wp-content\/uploads\/2024\/09\/Movera-L-9957951100.jpg\" \/>\n\t<meta property=\"og:image:width\" content=\"640\" \/>\n\t<meta property=\"og:image:height\" content=\"434\" \/>\n\t<meta property=\"og:image:type\" content=\"image\/jpeg\" \/>\n<meta name=\"twitter:card\" content=\"summary_large_image\" \/>\n<script type=\"application\/ld+json\" class=\"yoast-schema-graph\">{\"@context\":\"https:\\\/\\\/schema.org\",\"@graph\":[{\"@type\":\"WebPage\",\"@id\":\"https:\\\/\\\/shop.bantam.ch\\\/de\\\/produkt\\\/bambus-schneidebrett-wenko-mit-edelstahlschale\\\/\",\"url\":\"https:\\\/\\\/shop.bantam.ch\\\/de\\\/produkt\\\/bambus-schneidebrett-wenko-mit-edelstahlschale\\\/\",\"name\":\"Bambus-Schneidebrett WENKO mit Edelstahlschale - Bantam\",\"isPartOf\":{\"@id\":\"https:\\\/\\\/shop.bantam.ch\\\/de\\\/#website\"},\"primaryImageOfPage\":{\"@id\":\"https:\\\/\\\/shop.bantam.ch\\\/de\\\/produkt\\\/bambus-schneidebrett-wenko-mit-edelstahlschale\\\/#primaryimage\"},\"image\":{\"@id\":\"https:\\\/\\\/shop.bantam.ch\\\/de\\\/produkt\\\/bambus-schneidebrett-wenko-mit-edelstahlschale\\\/#primaryimage\"},\"thumbnailUrl\":\"https:\\\/\\\/shop.bantam.ch\\\/wp-content\\\/uploads\\\/2024\\\/09\\\/Movera-L-9957951100.jpg\",\"datePublished\":\"2024-05-15T13:47:07+00:00\",\"dateModified\":\"2026-04-29T21:11:32+00:00\",\"breadcrumb\":{\"@id\":\"https:\\\/\\\/shop.bantam.ch\\\/de\\\/produkt\\\/bambus-schneidebrett-wenko-mit-edelstahlschale\\\/#breadcrumb\"},\"inLanguage\":\"de\",\"potentialAction\":[{\"@type\":\"ReadAction\",\"target\":[\"https:\\\/\\\/shop.bantam.ch\\\/de\\\/produkt\\\/bambus-schneidebrett-wenko-mit-edelstahlschale\\\/\"]}]},{\"@type\":\"ImageObject\",\"inLanguage\":\"de\",\"@id\":\"https:\\\/\\\/shop.bantam.ch\\\/de\\\/produkt\\\/bambus-schneidebrett-wenko-mit-edelstahlschale\\\/#primaryimage\",\"url\":\"https:\\\/\\\/shop.bantam.ch\\\/wp-content\\\/uploads\\\/2024\\\/09\\\/Movera-L-9957951100.jpg\",\"contentUrl\":\"https:\\\/\\\/shop.bantam.ch\\\/wp-content\\\/uploads\\\/2024\\\/09\\\/Movera-L-9957951100.jpg\",\"width\":640,\"height\":434},{\"@type\":\"BreadcrumbList\",\"@id\":\"https:\\\/\\\/shop.bantam.ch\\\/de\\\/produkt\\\/bambus-schneidebrett-wenko-mit-edelstahlschale\\\/#breadcrumb\",\"itemListElement\":[{\"@type\":\"ListItem\",\"position\":1,\"name\":\"Accueil\",\"item\":\"https:\\\/\\\/shop.bantam.ch\\\/de\\\/\"},{\"@type\":\"ListItem\",\"position\":2,\"name\":\"Shop\",\"item\":\"https:\\\/\\\/shop.bantam.ch\\\/de\\\/shop\\\/\"},{\"@type\":\"ListItem\",\"position\":3,\"name\":\"Bambus-Schneidebrett WENKO mit Edelstahlschale\"}]},{\"@type\":\"WebSite\",\"@id\":\"https:\\\/\\\/shop.bantam.ch\\\/de\\\/#website\",\"url\":\"https:\\\/\\\/shop.bantam.ch\\\/de\\\/\",\"name\":\"Bantam\",\"description\":\"\",\"publisher\":{\"@id\":\"https:\\\/\\\/shop.bantam.ch\\\/de\\\/#organization\"},\"inLanguage\":\"de\"},{\"@type\":\"Organization\",\"@id\":\"https:\\\/\\\/shop.bantam.ch\\\/de\\\/#organization\",\"name\":\"Bantam\",\"url\":\"https:\\\/\\\/shop.bantam.ch\\\/de\\\/\",\"logo\":{\"@type\":\"ImageObject\",\"inLanguage\":\"de\",\"@id\":\"https:\\\/\\\/shop.bantam.ch\\\/de\\\/#\\\/schema\\\/logo\\\/image\\\/\",\"url\":\"https:\\\/\\\/shop.bantam.ch\\\/wp-content\\\/uploads\\\/2022\\\/12\\\/bantam-logo.png\",\"contentUrl\":\"https:\\\/\\\/shop.bantam.ch\\\/wp-content\\\/uploads\\\/2022\\\/12\\\/bantam-logo.png\",\"width\":320,\"height\":71,\"caption\":\"Bantam\"},\"image\":{\"@id\":\"https:\\\/\\\/shop.bantam.ch\\\/de\\\/#\\\/schema\\\/logo\\\/image\\\/\"}}]}<\/script>\n<!-- \/ Yoast SEO plugin. -->","yoast_head_json":{"title":"Bambus-Schneidebrett WENKO mit Edelstahlschale - Bantam","robots":{"index":"index","follow":"follow","max-snippet":"max-snippet:-1","max-image-preview":"max-image-preview:large","max-video-preview":"max-video-preview:-1"},"canonical":"https:\/\/shop.bantam.ch\/de\/produkt\/bambus-schneidebrett-wenko-mit-edelstahlschale\/","og_locale":"de_DE","og_type":"article","og_title":"Bambus-Schneidebrett WENKO mit Edelstahlschale - Bantam","og_description":"Wohin mit den Abf\u00e4llen beim Schneiden von Obst und Gem\u00fcse? Schneidreste k\u00f6nnen direkt der ausziehbaren Edelstahlwanne zugef\u00fchrt und in einem Rutsch entleert werden \u2013 die Arbeitsplatte bleibt sauber. Mit vier rutschfesten Silikonf\u00fc\u00dfen. Edelstahl-Auffangwanne sp\u00fclmaschinengeeignet. Ma\u00dfe Schneidebrett:\u00a035 x 4 x 24,5 cm (B x H x T) Ma\u00dfe Schale:\u00a031,5 x 2 x 21,5 cm (B x [&hellip;]","og_url":"https:\/\/shop.bantam.ch\/de\/produkt\/bambus-schneidebrett-wenko-mit-edelstahlschale\/","og_site_name":"Bantam","article_modified_time":"2026-04-29T21:11:32+00:00","og_image":[{"width":640,"height":434,"url":"https:\/\/shop.bantam.ch\/wp-content\/uploads\/2024\/09\/Movera-L-9957951100.jpg","type":"image\/jpeg"}],"twitter_card":"summary_large_image","schema":{"@context":"https:\/\/schema.org","@graph":[{"@type":"WebPage","@id":"https:\/\/shop.bantam.ch\/de\/produkt\/bambus-schneidebrett-wenko-mit-edelstahlschale\/","url":"https:\/\/shop.bantam.ch\/de\/produkt\/bambus-schneidebrett-wenko-mit-edelstahlschale\/","name":"Bambus-Schneidebrett WENKO mit Edelstahlschale - Bantam","isPartOf":{"@id":"https:\/\/shop.bantam.ch\/de\/#website"},"primaryImageOfPage":{"@id":"https:\/\/shop.bantam.ch\/de\/produkt\/bambus-schneidebrett-wenko-mit-edelstahlschale\/#primaryimage"},"image":{"@id":"https:\/\/shop.bantam.ch\/de\/produkt\/bambus-schneidebrett-wenko-mit-edelstahlschale\/#primaryimage"},"thumbnailUrl":"https:\/\/shop.bantam.ch\/wp-content\/uploads\/2024\/09\/Movera-L-9957951100.jpg","datePublished":"2024-05-15T13:47:07+00:00","dateModified":"2026-04-29T21:11:32+00:00","breadcrumb":{"@id":"https:\/\/shop.bantam.ch\/de\/produkt\/bambus-schneidebrett-wenko-mit-edelstahlschale\/#breadcrumb"},"inLanguage":"de","potentialAction":[{"@type":"ReadAction","target":["https:\/\/shop.bantam.ch\/de\/produkt\/bambus-schneidebrett-wenko-mit-edelstahlschale\/"]}]},{"@type":"ImageObject","inLanguage":"de","@id":"https:\/\/shop.bantam.ch\/de\/produkt\/bambus-schneidebrett-wenko-mit-edelstahlschale\/#primaryimage","url":"https:\/\/shop.bantam.ch\/wp-content\/uploads\/2024\/09\/Movera-L-9957951100.jpg","contentUrl":"https:\/\/shop.bantam.ch\/wp-content\/uploads\/2024\/09\/Movera-L-9957951100.jpg","width":640,"height":434},{"@type":"BreadcrumbList","@id":"https:\/\/shop.bantam.ch\/de\/produkt\/bambus-schneidebrett-wenko-mit-edelstahlschale\/#breadcrumb","itemListElement":[{"@type":"ListItem","position":1,"name":"Accueil","item":"https:\/\/shop.bantam.ch\/de\/"},{"@type":"ListItem","position":2,"name":"Shop","item":"https:\/\/shop.bantam.ch\/de\/shop\/"},{"@type":"ListItem","position":3,"name":"Bambus-Schneidebrett WENKO mit Edelstahlschale"}]},{"@type":"WebSite","@id":"https:\/\/shop.bantam.ch\/de\/#website","url":"https:\/\/shop.bantam.ch\/de\/","name":"Bantam","description":"","publisher":{"@id":"https:\/\/shop.bantam.ch\/de\/#organization"},"inLanguage":"de"},{"@type":"Organization","@id":"https:\/\/shop.bantam.ch\/de\/#organization","name":"Bantam","url":"https:\/\/shop.bantam.ch\/de\/","logo":{"@type":"ImageObject","inLanguage":"de","@id":"https:\/\/shop.bantam.ch\/de\/#\/schema\/logo\/image\/","url":"https:\/\/shop.bantam.ch\/wp-content\/uploads\/2022\/12\/bantam-logo.png","contentUrl":"https:\/\/shop.bantam.ch\/wp-content\/uploads\/2022\/12\/bantam-logo.png","width":320,"height":71,"caption":"Bantam"},"image":{"@id":"https:\/\/shop.bantam.ch\/de\/#\/schema\/logo\/image\/"}}]}},"_links":{"self":[{"href":"https:\/\/shop.bantam.ch\/de\/wp-json\/wp\/v2\/product\/195979","targetHints":{"allow":["GET"]}}],"collection":[{"href":"https:\/\/shop.bantam.ch\/de\/wp-json\/wp\/v2\/product"}],"about":[{"href":"https:\/\/shop.bantam.ch\/de\/wp-json\/wp\/v2\/types\/product"}],"wp:featuredmedia":[{"embeddable":true,"href":"https:\/\/shop.bantam.ch\/de\/wp-json\/wp\/v2\/media\/206763"}],"wp:attachment":[{"href":"https:\/\/shop.bantam.ch\/de\/wp-json\/wp\/v2\/media?parent=195979"}],"wp:term":[{"taxonomy":"product_featured_cat","embeddable":true,"href":"https:\/\/shop.bantam.ch\/de\/wp-json\/wp\/v2\/product_featured_cat?post=195979"},{"taxonomy":"product_brand","embeddable":true,"href":"https:\/\/shop.bantam.ch\/de\/wp-json\/wp\/v2\/product_brand?post=195979"},{"taxonomy":"product_cat","embeddable":true,"href":"https:\/\/shop.bantam.ch\/de\/wp-json\/wp\/v2\/product_cat?post=195979"},{"taxonomy":"product_tag","embeddable":true,"href":"https:\/\/shop.bantam.ch\/de\/wp-json\/wp\/v2\/product_tag?post=195979"}],"curies":[{"name":"wp","href":"https:\/\/api.w.org\/{rel}","templated":true}]}}