{"id":195965,"date":"2024-05-15T15:46:53","date_gmt":"2024-05-15T13:46:53","guid":{"rendered":"https:\/\/shop.bantam.ch\/produit\/haken-maximex-turbofix-edelstahl-2er-set\/"},"modified":"2026-05-02T23:02:05","modified_gmt":"2026-05-02T21:02:05","slug":"haken-maximex-turbofix-edelstahl-2er-set","status":"publish","type":"product","link":"https:\/\/shop.bantam.ch\/de\/produkt\/haken-maximex-turbofix-edelstahl-2er-set\/","title":{"rendered":"Haken Maximex TurboFIX Edelstahl 2er Set"},"content":{"rendered":"<p>Die massiven Haken lassen sich variabel in der K\u00fcche oder im Bad einsetzen. Aus hochwertigem rostfreiem Edelstahl. R\u00fcckstandlos entfernbar. Sollten Sie den Artikel einmal an einer anderen Stelle anbringen wollen, liegt daf\u00fcr ein Ersatz-Set der Spezial-Klebepads bei.<\/p>\n<p>&nbsp;<\/p>\n<p>Inhalt:<br \/>\n2 St\u00fcck<\/p>\n","protected":false},"excerpt":{"rendered":"<p>Die massiven Haken lassen sich variabel in der K\u00fcche oder im Bad einsetzen. Aus hochwertigem rostfreiem Edelstahl. R\u00fcckstandlos entfernbar. Sollten Sie den Artikel einmal an einer anderen Stelle anbringen wollen, liegt daf\u00fcr ein Ersatz-Set der Spezial-Klebepads bei. &nbsp; Inhalt: 2 St\u00fcck<\/p>\n","protected":false},"featured_media":206759,"template":"","meta":{"_acf_changed":false},"product_featured_cat":[],"product_brand":[5230],"product_cat":[4734],"product_tag":[],"class_list":{"0":"post-195965","1":"product","2":"type-product","3":"status-publish","4":"has-post-thumbnail","6":"product_brand-maximex-de","7":"product_cat-halter-haken","9":"first","10":"instock","11":"taxable","12":"shipping-taxable","13":"purchasable","14":"product-type-simple"},"acf":[],"yoast_head":"<!-- This site is optimized with the Yoast SEO plugin v27.5 - https:\/\/yoast.com\/product\/yoast-seo-wordpress\/ -->\n<title>Haken Maximex TurboFIX Edelstahl 2er Set - Bantam<\/title>\n<meta name=\"robots\" content=\"index, follow, max-snippet:-1, max-image-preview:large, max-video-preview:-1\" \/>\n<link rel=\"canonical\" href=\"https:\/\/shop.bantam.ch\/de\/produkt\/haken-maximex-turbofix-edelstahl-2er-set\/\" \/>\n<meta property=\"og:locale\" content=\"de_DE\" \/>\n<meta property=\"og:type\" content=\"article\" \/>\n<meta property=\"og:title\" content=\"Haken Maximex TurboFIX Edelstahl 2er Set - Bantam\" \/>\n<meta property=\"og:description\" content=\"Die massiven Haken lassen sich variabel in der K\u00fcche oder im Bad einsetzen. Aus hochwertigem rostfreiem Edelstahl. R\u00fcckstandlos entfernbar. Sollten Sie den Artikel einmal an einer anderen Stelle anbringen wollen, liegt daf\u00fcr ein Ersatz-Set der Spezial-Klebepads bei. &nbsp; Inhalt: 2 St\u00fcck\" \/>\n<meta property=\"og:url\" content=\"https:\/\/shop.bantam.ch\/de\/produkt\/haken-maximex-turbofix-edelstahl-2er-set\/\" \/>\n<meta property=\"og:site_name\" content=\"Bantam\" \/>\n<meta property=\"article:modified_time\" content=\"2026-05-02T21:02:05+00:00\" \/>\n<meta property=\"og:image\" content=\"https:\/\/shop.bantam.ch\/wp-content\/uploads\/2024\/05\/Movera-L-9957948100.jpg\" \/>\n\t<meta property=\"og:image:width\" content=\"640\" \/>\n\t<meta property=\"og:image:height\" content=\"835\" \/>\n\t<meta property=\"og:image:type\" content=\"image\/jpeg\" \/>\n<meta name=\"twitter:card\" content=\"summary_large_image\" \/>\n<script type=\"application\/ld+json\" class=\"yoast-schema-graph\">{\"@context\":\"https:\\\/\\\/schema.org\",\"@graph\":[{\"@type\":\"WebPage\",\"@id\":\"https:\\\/\\\/shop.bantam.ch\\\/de\\\/produkt\\\/haken-maximex-turbofix-edelstahl-2er-set\\\/\",\"url\":\"https:\\\/\\\/shop.bantam.ch\\\/de\\\/produkt\\\/haken-maximex-turbofix-edelstahl-2er-set\\\/\",\"name\":\"Haken Maximex TurboFIX Edelstahl 2er Set - Bantam\",\"isPartOf\":{\"@id\":\"https:\\\/\\\/shop.bantam.ch\\\/de\\\/#website\"},\"primaryImageOfPage\":{\"@id\":\"https:\\\/\\\/shop.bantam.ch\\\/de\\\/produkt\\\/haken-maximex-turbofix-edelstahl-2er-set\\\/#primaryimage\"},\"image\":{\"@id\":\"https:\\\/\\\/shop.bantam.ch\\\/de\\\/produkt\\\/haken-maximex-turbofix-edelstahl-2er-set\\\/#primaryimage\"},\"thumbnailUrl\":\"https:\\\/\\\/shop.bantam.ch\\\/wp-content\\\/uploads\\\/2024\\\/09\\\/Movera-L-9957948100.jpg\",\"datePublished\":\"2024-05-15T13:46:53+00:00\",\"dateModified\":\"2026-05-02T21:02:05+00:00\",\"breadcrumb\":{\"@id\":\"https:\\\/\\\/shop.bantam.ch\\\/de\\\/produkt\\\/haken-maximex-turbofix-edelstahl-2er-set\\\/#breadcrumb\"},\"inLanguage\":\"de\",\"potentialAction\":[{\"@type\":\"ReadAction\",\"target\":[\"https:\\\/\\\/shop.bantam.ch\\\/de\\\/produkt\\\/haken-maximex-turbofix-edelstahl-2er-set\\\/\"]}]},{\"@type\":\"ImageObject\",\"inLanguage\":\"de\",\"@id\":\"https:\\\/\\\/shop.bantam.ch\\\/de\\\/produkt\\\/haken-maximex-turbofix-edelstahl-2er-set\\\/#primaryimage\",\"url\":\"https:\\\/\\\/shop.bantam.ch\\\/wp-content\\\/uploads\\\/2024\\\/09\\\/Movera-L-9957948100.jpg\",\"contentUrl\":\"https:\\\/\\\/shop.bantam.ch\\\/wp-content\\\/uploads\\\/2024\\\/09\\\/Movera-L-9957948100.jpg\",\"width\":640,\"height\":835},{\"@type\":\"BreadcrumbList\",\"@id\":\"https:\\\/\\\/shop.bantam.ch\\\/de\\\/produkt\\\/haken-maximex-turbofix-edelstahl-2er-set\\\/#breadcrumb\",\"itemListElement\":[{\"@type\":\"ListItem\",\"position\":1,\"name\":\"Accueil\",\"item\":\"https:\\\/\\\/shop.bantam.ch\\\/de\\\/\"},{\"@type\":\"ListItem\",\"position\":2,\"name\":\"Shop\",\"item\":\"https:\\\/\\\/shop.bantam.ch\\\/de\\\/shop\\\/\"},{\"@type\":\"ListItem\",\"position\":3,\"name\":\"Haken Maximex TurboFIX Edelstahl 2er Set\"}]},{\"@type\":\"WebSite\",\"@id\":\"https:\\\/\\\/shop.bantam.ch\\\/de\\\/#website\",\"url\":\"https:\\\/\\\/shop.bantam.ch\\\/de\\\/\",\"name\":\"Bantam\",\"description\":\"\",\"publisher\":{\"@id\":\"https:\\\/\\\/shop.bantam.ch\\\/de\\\/#organization\"},\"inLanguage\":\"de\"},{\"@type\":\"Organization\",\"@id\":\"https:\\\/\\\/shop.bantam.ch\\\/de\\\/#organization\",\"name\":\"Bantam\",\"url\":\"https:\\\/\\\/shop.bantam.ch\\\/de\\\/\",\"logo\":{\"@type\":\"ImageObject\",\"inLanguage\":\"de\",\"@id\":\"https:\\\/\\\/shop.bantam.ch\\\/de\\\/#\\\/schema\\\/logo\\\/image\\\/\",\"url\":\"https:\\\/\\\/shop.bantam.ch\\\/wp-content\\\/uploads\\\/2022\\\/12\\\/bantam-logo.png\",\"contentUrl\":\"https:\\\/\\\/shop.bantam.ch\\\/wp-content\\\/uploads\\\/2022\\\/12\\\/bantam-logo.png\",\"width\":320,\"height\":71,\"caption\":\"Bantam\"},\"image\":{\"@id\":\"https:\\\/\\\/shop.bantam.ch\\\/de\\\/#\\\/schema\\\/logo\\\/image\\\/\"}}]}<\/script>\n<!-- \/ Yoast SEO plugin. -->","yoast_head_json":{"title":"Haken Maximex TurboFIX Edelstahl 2er Set - Bantam","robots":{"index":"index","follow":"follow","max-snippet":"max-snippet:-1","max-image-preview":"max-image-preview:large","max-video-preview":"max-video-preview:-1"},"canonical":"https:\/\/shop.bantam.ch\/de\/produkt\/haken-maximex-turbofix-edelstahl-2er-set\/","og_locale":"de_DE","og_type":"article","og_title":"Haken Maximex TurboFIX Edelstahl 2er Set - Bantam","og_description":"Die massiven Haken lassen sich variabel in der K\u00fcche oder im Bad einsetzen. Aus hochwertigem rostfreiem Edelstahl. R\u00fcckstandlos entfernbar. Sollten Sie den Artikel einmal an einer anderen Stelle anbringen wollen, liegt daf\u00fcr ein Ersatz-Set der Spezial-Klebepads bei. &nbsp; Inhalt: 2 St\u00fcck","og_url":"https:\/\/shop.bantam.ch\/de\/produkt\/haken-maximex-turbofix-edelstahl-2er-set\/","og_site_name":"Bantam","article_modified_time":"2026-05-02T21:02:05+00:00","og_image":[{"width":640,"height":835,"url":"https:\/\/shop.bantam.ch\/wp-content\/uploads\/2024\/05\/Movera-L-9957948100.jpg","type":"image\/jpeg"}],"twitter_card":"summary_large_image","schema":{"@context":"https:\/\/schema.org","@graph":[{"@type":"WebPage","@id":"https:\/\/shop.bantam.ch\/de\/produkt\/haken-maximex-turbofix-edelstahl-2er-set\/","url":"https:\/\/shop.bantam.ch\/de\/produkt\/haken-maximex-turbofix-edelstahl-2er-set\/","name":"Haken Maximex TurboFIX Edelstahl 2er Set - Bantam","isPartOf":{"@id":"https:\/\/shop.bantam.ch\/de\/#website"},"primaryImageOfPage":{"@id":"https:\/\/shop.bantam.ch\/de\/produkt\/haken-maximex-turbofix-edelstahl-2er-set\/#primaryimage"},"image":{"@id":"https:\/\/shop.bantam.ch\/de\/produkt\/haken-maximex-turbofix-edelstahl-2er-set\/#primaryimage"},"thumbnailUrl":"https:\/\/shop.bantam.ch\/wp-content\/uploads\/2024\/09\/Movera-L-9957948100.jpg","datePublished":"2024-05-15T13:46:53+00:00","dateModified":"2026-05-02T21:02:05+00:00","breadcrumb":{"@id":"https:\/\/shop.bantam.ch\/de\/produkt\/haken-maximex-turbofix-edelstahl-2er-set\/#breadcrumb"},"inLanguage":"de","potentialAction":[{"@type":"ReadAction","target":["https:\/\/shop.bantam.ch\/de\/produkt\/haken-maximex-turbofix-edelstahl-2er-set\/"]}]},{"@type":"ImageObject","inLanguage":"de","@id":"https:\/\/shop.bantam.ch\/de\/produkt\/haken-maximex-turbofix-edelstahl-2er-set\/#primaryimage","url":"https:\/\/shop.bantam.ch\/wp-content\/uploads\/2024\/09\/Movera-L-9957948100.jpg","contentUrl":"https:\/\/shop.bantam.ch\/wp-content\/uploads\/2024\/09\/Movera-L-9957948100.jpg","width":640,"height":835},{"@type":"BreadcrumbList","@id":"https:\/\/shop.bantam.ch\/de\/produkt\/haken-maximex-turbofix-edelstahl-2er-set\/#breadcrumb","itemListElement":[{"@type":"ListItem","position":1,"name":"Accueil","item":"https:\/\/shop.bantam.ch\/de\/"},{"@type":"ListItem","position":2,"name":"Shop","item":"https:\/\/shop.bantam.ch\/de\/shop\/"},{"@type":"ListItem","position":3,"name":"Haken Maximex TurboFIX Edelstahl 2er Set"}]},{"@type":"WebSite","@id":"https:\/\/shop.bantam.ch\/de\/#website","url":"https:\/\/shop.bantam.ch\/de\/","name":"Bantam","description":"","publisher":{"@id":"https:\/\/shop.bantam.ch\/de\/#organization"},"inLanguage":"de"},{"@type":"Organization","@id":"https:\/\/shop.bantam.ch\/de\/#organization","name":"Bantam","url":"https:\/\/shop.bantam.ch\/de\/","logo":{"@type":"ImageObject","inLanguage":"de","@id":"https:\/\/shop.bantam.ch\/de\/#\/schema\/logo\/image\/","url":"https:\/\/shop.bantam.ch\/wp-content\/uploads\/2022\/12\/bantam-logo.png","contentUrl":"https:\/\/shop.bantam.ch\/wp-content\/uploads\/2022\/12\/bantam-logo.png","width":320,"height":71,"caption":"Bantam"},"image":{"@id":"https:\/\/shop.bantam.ch\/de\/#\/schema\/logo\/image\/"}}]}},"_links":{"self":[{"href":"https:\/\/shop.bantam.ch\/de\/wp-json\/wp\/v2\/product\/195965","targetHints":{"allow":["GET"]}}],"collection":[{"href":"https:\/\/shop.bantam.ch\/de\/wp-json\/wp\/v2\/product"}],"about":[{"href":"https:\/\/shop.bantam.ch\/de\/wp-json\/wp\/v2\/types\/product"}],"wp:featuredmedia":[{"embeddable":true,"href":"https:\/\/shop.bantam.ch\/de\/wp-json\/wp\/v2\/media\/206759"}],"wp:attachment":[{"href":"https:\/\/shop.bantam.ch\/de\/wp-json\/wp\/v2\/media?parent=195965"}],"wp:term":[{"taxonomy":"product_featured_cat","embeddable":true,"href":"https:\/\/shop.bantam.ch\/de\/wp-json\/wp\/v2\/product_featured_cat?post=195965"},{"taxonomy":"product_brand","embeddable":true,"href":"https:\/\/shop.bantam.ch\/de\/wp-json\/wp\/v2\/product_brand?post=195965"},{"taxonomy":"product_cat","embeddable":true,"href":"https:\/\/shop.bantam.ch\/de\/wp-json\/wp\/v2\/product_cat?post=195965"},{"taxonomy":"product_tag","embeddable":true,"href":"https:\/\/shop.bantam.ch\/de\/wp-json\/wp\/v2\/product_tag?post=195965"}],"curies":[{"name":"wp","href":"https:\/\/api.w.org\/{rel}","templated":true}]}}