{"id":195947,"date":"2024-05-15T15:46:30","date_gmt":"2024-05-15T13:46:30","guid":{"rendered":"https:\/\/shop.bantam.ch\/produit\/handtuchaufhaenger-wenko-stabilo-4er-set\/"},"modified":"2026-04-29T23:11:25","modified_gmt":"2026-04-29T21:11:25","slug":"handtuchaufhaenger-wenko-stabilo-4er-set","status":"publish","type":"product","link":"https:\/\/shop.bantam.ch\/de\/produkt\/handtuchaufhaenger-wenko-stabilo-4er-set\/","title":{"rendered":"Handtuchaufh\u00e4nger WENKO Stabilo 4er Set"},"content":{"rendered":"<p>Ist der Aufh\u00e4nger schon wieder abgerissen? Dann greifen Sie zu den extra-starken STABILO Aufh\u00e4ngern! Die hochwertigen Aufh\u00e4nger aus geflochtener Baumwolle \u00fcberzeugen mit starkem Halt und maritimer Optik. Perfekt f\u00fcr Bad und K\u00fcche! Ideal bei schweren Handt\u00fcchern, dicken Dusch- und Saunat\u00fcchern, Badem\u00e4nteln, K\u00fcchent\u00fcchern, Topfhandschuhen etc. Smarter, kinderleichter Verschluss dank Hosentr\u00e4ger-Clip-Prinzip.<\/p>\n<p>&nbsp;<\/p>\n<p>Inhalt:<br \/>\n4 St\u00fcck<\/p>\n","protected":false},"excerpt":{"rendered":"<p>Ist der Aufh\u00e4nger schon wieder abgerissen? Dann greifen Sie zu den extra-starken STABILO Aufh\u00e4ngern! Die hochwertigen Aufh\u00e4nger aus geflochtener Baumwolle \u00fcberzeugen mit starkem Halt und maritimer Optik. Perfekt f\u00fcr Bad und K\u00fcche! Ideal bei schweren Handt\u00fcchern, dicken Dusch- und Saunat\u00fcchern, Badem\u00e4nteln, K\u00fcchent\u00fcchern, Topfhandschuhen etc. Smarter, kinderleichter Verschluss dank Hosentr\u00e4ger-Clip-Prinzip. &nbsp; Inhalt: 4 St\u00fcck<\/p>\n","protected":false},"featured_media":206755,"template":"","meta":{"_acf_changed":false},"product_featured_cat":[],"product_brand":[3161],"product_cat":[4734],"product_tag":[],"class_list":{"0":"post-195947","1":"product","2":"type-product","3":"status-publish","4":"has-post-thumbnail","6":"product_brand-wenko-de","7":"product_cat-halter-haken","9":"first","10":"instock","11":"taxable","12":"shipping-taxable","13":"purchasable","14":"product-type-simple"},"acf":[],"yoast_head":"<!-- This site is optimized with the Yoast SEO plugin v27.5 - https:\/\/yoast.com\/product\/yoast-seo-wordpress\/ -->\n<title>Handtuchaufh\u00e4nger WENKO Stabilo 4er Set - Bantam<\/title>\n<meta name=\"robots\" content=\"index, follow, max-snippet:-1, max-image-preview:large, max-video-preview:-1\" \/>\n<link rel=\"canonical\" href=\"https:\/\/shop.bantam.ch\/de\/produkt\/handtuchaufhaenger-wenko-stabilo-4er-set\/\" \/>\n<meta property=\"og:locale\" content=\"de_DE\" \/>\n<meta property=\"og:type\" content=\"article\" \/>\n<meta property=\"og:title\" content=\"Handtuchaufh\u00e4nger WENKO Stabilo 4er Set - Bantam\" \/>\n<meta property=\"og:description\" content=\"Ist der Aufh\u00e4nger schon wieder abgerissen? Dann greifen Sie zu den extra-starken STABILO Aufh\u00e4ngern! Die hochwertigen Aufh\u00e4nger aus geflochtener Baumwolle \u00fcberzeugen mit starkem Halt und maritimer Optik. Perfekt f\u00fcr Bad und K\u00fcche! Ideal bei schweren Handt\u00fcchern, dicken Dusch- und Saunat\u00fcchern, Badem\u00e4nteln, K\u00fcchent\u00fcchern, Topfhandschuhen etc. Smarter, kinderleichter Verschluss dank Hosentr\u00e4ger-Clip-Prinzip. &nbsp; Inhalt: 4 St\u00fcck\" \/>\n<meta property=\"og:url\" content=\"https:\/\/shop.bantam.ch\/de\/produkt\/handtuchaufhaenger-wenko-stabilo-4er-set\/\" \/>\n<meta property=\"og:site_name\" content=\"Bantam\" \/>\n<meta property=\"article:modified_time\" content=\"2026-04-29T21:11:25+00:00\" \/>\n<meta property=\"og:image\" content=\"https:\/\/shop.bantam.ch\/wp-content\/uploads\/2024\/05\/Movera-L-9957945100.jpg\" \/>\n\t<meta property=\"og:image:width\" content=\"640\" \/>\n\t<meta property=\"og:image:height\" content=\"222\" \/>\n\t<meta property=\"og:image:type\" content=\"image\/jpeg\" \/>\n<meta name=\"twitter:card\" content=\"summary_large_image\" \/>\n<script type=\"application\/ld+json\" class=\"yoast-schema-graph\">{\"@context\":\"https:\\\/\\\/schema.org\",\"@graph\":[{\"@type\":\"WebPage\",\"@id\":\"https:\\\/\\\/shop.bantam.ch\\\/de\\\/produkt\\\/handtuchaufhaenger-wenko-stabilo-4er-set\\\/\",\"url\":\"https:\\\/\\\/shop.bantam.ch\\\/de\\\/produkt\\\/handtuchaufhaenger-wenko-stabilo-4er-set\\\/\",\"name\":\"Handtuchaufh\u00e4nger WENKO Stabilo 4er Set - Bantam\",\"isPartOf\":{\"@id\":\"https:\\\/\\\/shop.bantam.ch\\\/de\\\/#website\"},\"primaryImageOfPage\":{\"@id\":\"https:\\\/\\\/shop.bantam.ch\\\/de\\\/produkt\\\/handtuchaufhaenger-wenko-stabilo-4er-set\\\/#primaryimage\"},\"image\":{\"@id\":\"https:\\\/\\\/shop.bantam.ch\\\/de\\\/produkt\\\/handtuchaufhaenger-wenko-stabilo-4er-set\\\/#primaryimage\"},\"thumbnailUrl\":\"https:\\\/\\\/shop.bantam.ch\\\/wp-content\\\/uploads\\\/2024\\\/09\\\/Movera-L-9957945100.jpg\",\"datePublished\":\"2024-05-15T13:46:30+00:00\",\"dateModified\":\"2026-04-29T21:11:25+00:00\",\"breadcrumb\":{\"@id\":\"https:\\\/\\\/shop.bantam.ch\\\/de\\\/produkt\\\/handtuchaufhaenger-wenko-stabilo-4er-set\\\/#breadcrumb\"},\"inLanguage\":\"de\",\"potentialAction\":[{\"@type\":\"ReadAction\",\"target\":[\"https:\\\/\\\/shop.bantam.ch\\\/de\\\/produkt\\\/handtuchaufhaenger-wenko-stabilo-4er-set\\\/\"]}]},{\"@type\":\"ImageObject\",\"inLanguage\":\"de\",\"@id\":\"https:\\\/\\\/shop.bantam.ch\\\/de\\\/produkt\\\/handtuchaufhaenger-wenko-stabilo-4er-set\\\/#primaryimage\",\"url\":\"https:\\\/\\\/shop.bantam.ch\\\/wp-content\\\/uploads\\\/2024\\\/09\\\/Movera-L-9957945100.jpg\",\"contentUrl\":\"https:\\\/\\\/shop.bantam.ch\\\/wp-content\\\/uploads\\\/2024\\\/09\\\/Movera-L-9957945100.jpg\",\"width\":640,\"height\":222},{\"@type\":\"BreadcrumbList\",\"@id\":\"https:\\\/\\\/shop.bantam.ch\\\/de\\\/produkt\\\/handtuchaufhaenger-wenko-stabilo-4er-set\\\/#breadcrumb\",\"itemListElement\":[{\"@type\":\"ListItem\",\"position\":1,\"name\":\"Accueil\",\"item\":\"https:\\\/\\\/shop.bantam.ch\\\/de\\\/\"},{\"@type\":\"ListItem\",\"position\":2,\"name\":\"Shop\",\"item\":\"https:\\\/\\\/shop.bantam.ch\\\/de\\\/shop\\\/\"},{\"@type\":\"ListItem\",\"position\":3,\"name\":\"Handtuchaufh\u00e4nger WENKO Stabilo 4er Set\"}]},{\"@type\":\"WebSite\",\"@id\":\"https:\\\/\\\/shop.bantam.ch\\\/de\\\/#website\",\"url\":\"https:\\\/\\\/shop.bantam.ch\\\/de\\\/\",\"name\":\"Bantam\",\"description\":\"\",\"publisher\":{\"@id\":\"https:\\\/\\\/shop.bantam.ch\\\/de\\\/#organization\"},\"inLanguage\":\"de\"},{\"@type\":\"Organization\",\"@id\":\"https:\\\/\\\/shop.bantam.ch\\\/de\\\/#organization\",\"name\":\"Bantam\",\"url\":\"https:\\\/\\\/shop.bantam.ch\\\/de\\\/\",\"logo\":{\"@type\":\"ImageObject\",\"inLanguage\":\"de\",\"@id\":\"https:\\\/\\\/shop.bantam.ch\\\/de\\\/#\\\/schema\\\/logo\\\/image\\\/\",\"url\":\"https:\\\/\\\/shop.bantam.ch\\\/wp-content\\\/uploads\\\/2022\\\/12\\\/bantam-logo.png\",\"contentUrl\":\"https:\\\/\\\/shop.bantam.ch\\\/wp-content\\\/uploads\\\/2022\\\/12\\\/bantam-logo.png\",\"width\":320,\"height\":71,\"caption\":\"Bantam\"},\"image\":{\"@id\":\"https:\\\/\\\/shop.bantam.ch\\\/de\\\/#\\\/schema\\\/logo\\\/image\\\/\"}}]}<\/script>\n<!-- \/ Yoast SEO plugin. -->","yoast_head_json":{"title":"Handtuchaufh\u00e4nger WENKO Stabilo 4er Set - Bantam","robots":{"index":"index","follow":"follow","max-snippet":"max-snippet:-1","max-image-preview":"max-image-preview:large","max-video-preview":"max-video-preview:-1"},"canonical":"https:\/\/shop.bantam.ch\/de\/produkt\/handtuchaufhaenger-wenko-stabilo-4er-set\/","og_locale":"de_DE","og_type":"article","og_title":"Handtuchaufh\u00e4nger WENKO Stabilo 4er Set - Bantam","og_description":"Ist der Aufh\u00e4nger schon wieder abgerissen? Dann greifen Sie zu den extra-starken STABILO Aufh\u00e4ngern! Die hochwertigen Aufh\u00e4nger aus geflochtener Baumwolle \u00fcberzeugen mit starkem Halt und maritimer Optik. Perfekt f\u00fcr Bad und K\u00fcche! Ideal bei schweren Handt\u00fcchern, dicken Dusch- und Saunat\u00fcchern, Badem\u00e4nteln, K\u00fcchent\u00fcchern, Topfhandschuhen etc. Smarter, kinderleichter Verschluss dank Hosentr\u00e4ger-Clip-Prinzip. &nbsp; Inhalt: 4 St\u00fcck","og_url":"https:\/\/shop.bantam.ch\/de\/produkt\/handtuchaufhaenger-wenko-stabilo-4er-set\/","og_site_name":"Bantam","article_modified_time":"2026-04-29T21:11:25+00:00","og_image":[{"width":640,"height":222,"url":"https:\/\/shop.bantam.ch\/wp-content\/uploads\/2024\/05\/Movera-L-9957945100.jpg","type":"image\/jpeg"}],"twitter_card":"summary_large_image","schema":{"@context":"https:\/\/schema.org","@graph":[{"@type":"WebPage","@id":"https:\/\/shop.bantam.ch\/de\/produkt\/handtuchaufhaenger-wenko-stabilo-4er-set\/","url":"https:\/\/shop.bantam.ch\/de\/produkt\/handtuchaufhaenger-wenko-stabilo-4er-set\/","name":"Handtuchaufh\u00e4nger WENKO Stabilo 4er Set - Bantam","isPartOf":{"@id":"https:\/\/shop.bantam.ch\/de\/#website"},"primaryImageOfPage":{"@id":"https:\/\/shop.bantam.ch\/de\/produkt\/handtuchaufhaenger-wenko-stabilo-4er-set\/#primaryimage"},"image":{"@id":"https:\/\/shop.bantam.ch\/de\/produkt\/handtuchaufhaenger-wenko-stabilo-4er-set\/#primaryimage"},"thumbnailUrl":"https:\/\/shop.bantam.ch\/wp-content\/uploads\/2024\/09\/Movera-L-9957945100.jpg","datePublished":"2024-05-15T13:46:30+00:00","dateModified":"2026-04-29T21:11:25+00:00","breadcrumb":{"@id":"https:\/\/shop.bantam.ch\/de\/produkt\/handtuchaufhaenger-wenko-stabilo-4er-set\/#breadcrumb"},"inLanguage":"de","potentialAction":[{"@type":"ReadAction","target":["https:\/\/shop.bantam.ch\/de\/produkt\/handtuchaufhaenger-wenko-stabilo-4er-set\/"]}]},{"@type":"ImageObject","inLanguage":"de","@id":"https:\/\/shop.bantam.ch\/de\/produkt\/handtuchaufhaenger-wenko-stabilo-4er-set\/#primaryimage","url":"https:\/\/shop.bantam.ch\/wp-content\/uploads\/2024\/09\/Movera-L-9957945100.jpg","contentUrl":"https:\/\/shop.bantam.ch\/wp-content\/uploads\/2024\/09\/Movera-L-9957945100.jpg","width":640,"height":222},{"@type":"BreadcrumbList","@id":"https:\/\/shop.bantam.ch\/de\/produkt\/handtuchaufhaenger-wenko-stabilo-4er-set\/#breadcrumb","itemListElement":[{"@type":"ListItem","position":1,"name":"Accueil","item":"https:\/\/shop.bantam.ch\/de\/"},{"@type":"ListItem","position":2,"name":"Shop","item":"https:\/\/shop.bantam.ch\/de\/shop\/"},{"@type":"ListItem","position":3,"name":"Handtuchaufh\u00e4nger WENKO Stabilo 4er Set"}]},{"@type":"WebSite","@id":"https:\/\/shop.bantam.ch\/de\/#website","url":"https:\/\/shop.bantam.ch\/de\/","name":"Bantam","description":"","publisher":{"@id":"https:\/\/shop.bantam.ch\/de\/#organization"},"inLanguage":"de"},{"@type":"Organization","@id":"https:\/\/shop.bantam.ch\/de\/#organization","name":"Bantam","url":"https:\/\/shop.bantam.ch\/de\/","logo":{"@type":"ImageObject","inLanguage":"de","@id":"https:\/\/shop.bantam.ch\/de\/#\/schema\/logo\/image\/","url":"https:\/\/shop.bantam.ch\/wp-content\/uploads\/2022\/12\/bantam-logo.png","contentUrl":"https:\/\/shop.bantam.ch\/wp-content\/uploads\/2022\/12\/bantam-logo.png","width":320,"height":71,"caption":"Bantam"},"image":{"@id":"https:\/\/shop.bantam.ch\/de\/#\/schema\/logo\/image\/"}}]}},"_links":{"self":[{"href":"https:\/\/shop.bantam.ch\/de\/wp-json\/wp\/v2\/product\/195947","targetHints":{"allow":["GET"]}}],"collection":[{"href":"https:\/\/shop.bantam.ch\/de\/wp-json\/wp\/v2\/product"}],"about":[{"href":"https:\/\/shop.bantam.ch\/de\/wp-json\/wp\/v2\/types\/product"}],"wp:featuredmedia":[{"embeddable":true,"href":"https:\/\/shop.bantam.ch\/de\/wp-json\/wp\/v2\/media\/206755"}],"wp:attachment":[{"href":"https:\/\/shop.bantam.ch\/de\/wp-json\/wp\/v2\/media?parent=195947"}],"wp:term":[{"taxonomy":"product_featured_cat","embeddable":true,"href":"https:\/\/shop.bantam.ch\/de\/wp-json\/wp\/v2\/product_featured_cat?post=195947"},{"taxonomy":"product_brand","embeddable":true,"href":"https:\/\/shop.bantam.ch\/de\/wp-json\/wp\/v2\/product_brand?post=195947"},{"taxonomy":"product_cat","embeddable":true,"href":"https:\/\/shop.bantam.ch\/de\/wp-json\/wp\/v2\/product_cat?post=195947"},{"taxonomy":"product_tag","embeddable":true,"href":"https:\/\/shop.bantam.ch\/de\/wp-json\/wp\/v2\/product_tag?post=195947"}],"curies":[{"name":"wp","href":"https:\/\/api.w.org\/{rel}","templated":true}]}}