{"id":195939,"date":"2024-05-15T15:46:23","date_gmt":"2024-05-15T13:46:23","guid":{"rendered":"https:\/\/shop.bantam.ch\/produit\/abtropfmatte-maximex-nelia-mit-gestell-farbe-schwarz\/"},"modified":"2026-04-16T23:18:15","modified_gmt":"2026-04-16T21:18:15","slug":"abtropfmatte-maximex-nelia-mit-gestell-farbe-schwarz","status":"publish","type":"product","link":"https:\/\/shop.bantam.ch\/de\/produkt\/abtropfmatte-maximex-nelia-mit-gestell-farbe-schwarz\/","title":{"rendered":"Abtropfmatte Maximex Nelia mit Gestell Farbe schwarz"},"content":{"rendered":"<p>Auf 2 Etagen bietet der Geschirrabtropfer jede Menge Platz f\u00fcr Teller, Tassen &amp; Co.: Auf der oberen Ebene lassen sich bis zu 21 Teller zum Trocknen ablegen. Der gummierte Rand h\u00e4lt Geschirr sicher und schonend fest. Die ausklappbare, untere Ebene l\u00e4sst sich mit bis zu 4 normalen Tassen, 5 Gl\u00e4sern oder wahlweise mit kleineren Sch\u00fcsseln und bis zu 21 Untersetzern ebenfalls gro\u00dfz\u00fcgig best\u00fccken. Mit rutschhemmenden Standf\u00fc\u00dfen. Die Abtropfmatte mit geneigter Fl\u00e4che und Ablaufrinnen mit &#8222;Ausgie\u00dfer&#8220; sorgt f\u00fcr einen optimalen Wasserablauf. Das Wasser kann direkt in die Sp\u00fcle abflie\u00dfen, Geschirr und Besteck trocknen schneller. Die strukturierte Oberfl\u00e4che der Matte sorgt zus\u00e4tzlich f\u00fcr eine gute Luftzirkulation und beg\u00fcnstigt den Trocknungsvorgang. Ideal zur seitlichen Erweiterung des Sp\u00fclbeckens, die Arbeitsfl\u00e4che bleibt sauber und trocken. Geschirrabtropfer und Abtropfmatte auch separat zu benutzen. Platzsparend zusammenklappbar.<br \/>\nMa\u00dfe Gestell: 36 x 32 x 25 cm (B x H x T)<br \/>\nMa\u00dfe Matte: 34 x 3 x 40 cm (B x H x T)<\/p>\n","protected":false},"excerpt":{"rendered":"<p>Auf 2 Etagen bietet der Geschirrabtropfer jede Menge Platz f\u00fcr Teller, Tassen &amp; Co.: Auf der oberen Ebene lassen sich bis zu 21 Teller zum Trocknen ablegen. Der gummierte Rand h\u00e4lt Geschirr sicher und schonend fest. Die ausklappbare, untere Ebene l\u00e4sst sich mit bis zu 4 normalen Tassen, 5 Gl\u00e4sern oder wahlweise mit kleineren Sch\u00fcsseln [&hellip;]<\/p>\n","protected":false},"featured_media":206753,"template":"","meta":{"_acf_changed":false},"product_featured_cat":[],"product_brand":[5230],"product_cat":[4290],"product_tag":[],"class_list":{"0":"post-195939","1":"product","2":"type-product","3":"status-publish","4":"has-post-thumbnail","6":"product_brand-maximex-de","7":"product_cat-spuelen-putzen","9":"first","10":"instock","11":"taxable","12":"shipping-taxable","13":"purchasable","14":"product-type-simple"},"acf":[],"yoast_head":"<!-- This site is optimized with the Yoast SEO plugin v27.4 - https:\/\/yoast.com\/product\/yoast-seo-wordpress\/ -->\n<title>Abtropfmatte Maximex Nelia mit Gestell Farbe schwarz - Bantam Camping AG<\/title>\n<meta name=\"robots\" content=\"index, follow, max-snippet:-1, max-image-preview:large, max-video-preview:-1\" \/>\n<link rel=\"canonical\" href=\"https:\/\/shop.bantam.ch\/de\/produkt\/abtropfmatte-maximex-nelia-mit-gestell-farbe-schwarz\/\" \/>\n<meta property=\"og:locale\" content=\"de_DE\" \/>\n<meta property=\"og:type\" content=\"article\" \/>\n<meta property=\"og:title\" content=\"Abtropfmatte Maximex Nelia mit Gestell Farbe schwarz - Bantam Camping AG\" \/>\n<meta property=\"og:description\" content=\"Auf 2 Etagen bietet der Geschirrabtropfer jede Menge Platz f\u00fcr Teller, Tassen &amp; Co.: Auf der oberen Ebene lassen sich bis zu 21 Teller zum Trocknen ablegen. Der gummierte Rand h\u00e4lt Geschirr sicher und schonend fest. Die ausklappbare, untere Ebene l\u00e4sst sich mit bis zu 4 normalen Tassen, 5 Gl\u00e4sern oder wahlweise mit kleineren Sch\u00fcsseln [&hellip;]\" \/>\n<meta property=\"og:url\" content=\"https:\/\/shop.bantam.ch\/de\/produkt\/abtropfmatte-maximex-nelia-mit-gestell-farbe-schwarz\/\" \/>\n<meta property=\"og:site_name\" content=\"Bantam Camping AG\" \/>\n<meta property=\"article:modified_time\" content=\"2026-04-16T21:18:15+00:00\" \/>\n<meta property=\"og:image\" content=\"https:\/\/shop.bantam.ch\/wp-content\/uploads\/2024\/05\/Movera-L-9957944100.jpg\" \/>\n\t<meta property=\"og:image:width\" content=\"640\" \/>\n\t<meta property=\"og:image:height\" content=\"520\" \/>\n\t<meta property=\"og:image:type\" content=\"image\/jpeg\" \/>\n<meta name=\"twitter:card\" content=\"summary_large_image\" \/>\n<meta name=\"twitter:label1\" content=\"Gesch\u00e4tzte Lesezeit\" \/>\n\t<meta name=\"twitter:data1\" content=\"1\u00a0Minute\" \/>\n<script type=\"application\/ld+json\" class=\"yoast-schema-graph\">{\"@context\":\"https:\\\/\\\/schema.org\",\"@graph\":[{\"@type\":\"WebPage\",\"@id\":\"https:\\\/\\\/shop.bantam.ch\\\/de\\\/produkt\\\/abtropfmatte-maximex-nelia-mit-gestell-farbe-schwarz\\\/\",\"url\":\"https:\\\/\\\/shop.bantam.ch\\\/de\\\/produkt\\\/abtropfmatte-maximex-nelia-mit-gestell-farbe-schwarz\\\/\",\"name\":\"Abtropfmatte Maximex Nelia mit Gestell Farbe schwarz - Bantam Camping AG\",\"isPartOf\":{\"@id\":\"https:\\\/\\\/shop.bantam.ch\\\/de\\\/#website\"},\"primaryImageOfPage\":{\"@id\":\"https:\\\/\\\/shop.bantam.ch\\\/de\\\/produkt\\\/abtropfmatte-maximex-nelia-mit-gestell-farbe-schwarz\\\/#primaryimage\"},\"image\":{\"@id\":\"https:\\\/\\\/shop.bantam.ch\\\/de\\\/produkt\\\/abtropfmatte-maximex-nelia-mit-gestell-farbe-schwarz\\\/#primaryimage\"},\"thumbnailUrl\":\"https:\\\/\\\/shop.bantam.ch\\\/wp-content\\\/uploads\\\/2024\\\/09\\\/Movera-L-9957944100.jpg\",\"datePublished\":\"2024-05-15T13:46:23+00:00\",\"dateModified\":\"2026-04-16T21:18:15+00:00\",\"breadcrumb\":{\"@id\":\"https:\\\/\\\/shop.bantam.ch\\\/de\\\/produkt\\\/abtropfmatte-maximex-nelia-mit-gestell-farbe-schwarz\\\/#breadcrumb\"},\"inLanguage\":\"de\",\"potentialAction\":[{\"@type\":\"ReadAction\",\"target\":[\"https:\\\/\\\/shop.bantam.ch\\\/de\\\/produkt\\\/abtropfmatte-maximex-nelia-mit-gestell-farbe-schwarz\\\/\"]}]},{\"@type\":\"ImageObject\",\"inLanguage\":\"de\",\"@id\":\"https:\\\/\\\/shop.bantam.ch\\\/de\\\/produkt\\\/abtropfmatte-maximex-nelia-mit-gestell-farbe-schwarz\\\/#primaryimage\",\"url\":\"https:\\\/\\\/shop.bantam.ch\\\/wp-content\\\/uploads\\\/2024\\\/09\\\/Movera-L-9957944100.jpg\",\"contentUrl\":\"https:\\\/\\\/shop.bantam.ch\\\/wp-content\\\/uploads\\\/2024\\\/09\\\/Movera-L-9957944100.jpg\",\"width\":640,\"height\":520},{\"@type\":\"BreadcrumbList\",\"@id\":\"https:\\\/\\\/shop.bantam.ch\\\/de\\\/produkt\\\/abtropfmatte-maximex-nelia-mit-gestell-farbe-schwarz\\\/#breadcrumb\",\"itemListElement\":[{\"@type\":\"ListItem\",\"position\":1,\"name\":\"Accueil\",\"item\":\"https:\\\/\\\/shop.bantam.ch\\\/de\\\/\"},{\"@type\":\"ListItem\",\"position\":2,\"name\":\"Shop\",\"item\":\"https:\\\/\\\/shop.bantam.ch\\\/de\\\/shop\\\/\"},{\"@type\":\"ListItem\",\"position\":3,\"name\":\"Abtropfmatte Maximex Nelia mit Gestell Farbe schwarz\"}]},{\"@type\":\"WebSite\",\"@id\":\"https:\\\/\\\/shop.bantam.ch\\\/de\\\/#website\",\"url\":\"https:\\\/\\\/shop.bantam.ch\\\/de\\\/\",\"name\":\"Bantam Camping AG\",\"description\":\"\",\"publisher\":{\"@id\":\"https:\\\/\\\/shop.bantam.ch\\\/de\\\/#organization\"},\"inLanguage\":\"de\"},{\"@type\":\"Organization\",\"@id\":\"https:\\\/\\\/shop.bantam.ch\\\/de\\\/#organization\",\"name\":\"Bantam Camping AG\",\"url\":\"https:\\\/\\\/shop.bantam.ch\\\/de\\\/\",\"logo\":{\"@type\":\"ImageObject\",\"inLanguage\":\"de\",\"@id\":\"https:\\\/\\\/shop.bantam.ch\\\/de\\\/#\\\/schema\\\/logo\\\/image\\\/\",\"url\":\"https:\\\/\\\/shop.bantam.ch\\\/wp-content\\\/uploads\\\/2022\\\/12\\\/bantam-logo.png\",\"contentUrl\":\"https:\\\/\\\/shop.bantam.ch\\\/wp-content\\\/uploads\\\/2022\\\/12\\\/bantam-logo.png\",\"width\":320,\"height\":71,\"caption\":\"Bantam Camping AG\"},\"image\":{\"@id\":\"https:\\\/\\\/shop.bantam.ch\\\/de\\\/#\\\/schema\\\/logo\\\/image\\\/\"}}]}<\/script>\n<!-- \/ Yoast SEO plugin. -->","yoast_head_json":{"title":"Abtropfmatte Maximex Nelia mit Gestell Farbe schwarz - Bantam Camping AG","robots":{"index":"index","follow":"follow","max-snippet":"max-snippet:-1","max-image-preview":"max-image-preview:large","max-video-preview":"max-video-preview:-1"},"canonical":"https:\/\/shop.bantam.ch\/de\/produkt\/abtropfmatte-maximex-nelia-mit-gestell-farbe-schwarz\/","og_locale":"de_DE","og_type":"article","og_title":"Abtropfmatte Maximex Nelia mit Gestell Farbe schwarz - Bantam Camping AG","og_description":"Auf 2 Etagen bietet der Geschirrabtropfer jede Menge Platz f\u00fcr Teller, Tassen &amp; Co.: Auf der oberen Ebene lassen sich bis zu 21 Teller zum Trocknen ablegen. Der gummierte Rand h\u00e4lt Geschirr sicher und schonend fest. Die ausklappbare, untere Ebene l\u00e4sst sich mit bis zu 4 normalen Tassen, 5 Gl\u00e4sern oder wahlweise mit kleineren Sch\u00fcsseln [&hellip;]","og_url":"https:\/\/shop.bantam.ch\/de\/produkt\/abtropfmatte-maximex-nelia-mit-gestell-farbe-schwarz\/","og_site_name":"Bantam Camping AG","article_modified_time":"2026-04-16T21:18:15+00:00","og_image":[{"width":640,"height":520,"url":"https:\/\/shop.bantam.ch\/wp-content\/uploads\/2024\/05\/Movera-L-9957944100.jpg","type":"image\/jpeg"}],"twitter_card":"summary_large_image","twitter_misc":{"Gesch\u00e4tzte Lesezeit":"1\u00a0Minute"},"schema":{"@context":"https:\/\/schema.org","@graph":[{"@type":"WebPage","@id":"https:\/\/shop.bantam.ch\/de\/produkt\/abtropfmatte-maximex-nelia-mit-gestell-farbe-schwarz\/","url":"https:\/\/shop.bantam.ch\/de\/produkt\/abtropfmatte-maximex-nelia-mit-gestell-farbe-schwarz\/","name":"Abtropfmatte Maximex Nelia mit Gestell Farbe schwarz - Bantam Camping AG","isPartOf":{"@id":"https:\/\/shop.bantam.ch\/de\/#website"},"primaryImageOfPage":{"@id":"https:\/\/shop.bantam.ch\/de\/produkt\/abtropfmatte-maximex-nelia-mit-gestell-farbe-schwarz\/#primaryimage"},"image":{"@id":"https:\/\/shop.bantam.ch\/de\/produkt\/abtropfmatte-maximex-nelia-mit-gestell-farbe-schwarz\/#primaryimage"},"thumbnailUrl":"https:\/\/shop.bantam.ch\/wp-content\/uploads\/2024\/09\/Movera-L-9957944100.jpg","datePublished":"2024-05-15T13:46:23+00:00","dateModified":"2026-04-16T21:18:15+00:00","breadcrumb":{"@id":"https:\/\/shop.bantam.ch\/de\/produkt\/abtropfmatte-maximex-nelia-mit-gestell-farbe-schwarz\/#breadcrumb"},"inLanguage":"de","potentialAction":[{"@type":"ReadAction","target":["https:\/\/shop.bantam.ch\/de\/produkt\/abtropfmatte-maximex-nelia-mit-gestell-farbe-schwarz\/"]}]},{"@type":"ImageObject","inLanguage":"de","@id":"https:\/\/shop.bantam.ch\/de\/produkt\/abtropfmatte-maximex-nelia-mit-gestell-farbe-schwarz\/#primaryimage","url":"https:\/\/shop.bantam.ch\/wp-content\/uploads\/2024\/09\/Movera-L-9957944100.jpg","contentUrl":"https:\/\/shop.bantam.ch\/wp-content\/uploads\/2024\/09\/Movera-L-9957944100.jpg","width":640,"height":520},{"@type":"BreadcrumbList","@id":"https:\/\/shop.bantam.ch\/de\/produkt\/abtropfmatte-maximex-nelia-mit-gestell-farbe-schwarz\/#breadcrumb","itemListElement":[{"@type":"ListItem","position":1,"name":"Accueil","item":"https:\/\/shop.bantam.ch\/de\/"},{"@type":"ListItem","position":2,"name":"Shop","item":"https:\/\/shop.bantam.ch\/de\/shop\/"},{"@type":"ListItem","position":3,"name":"Abtropfmatte Maximex Nelia mit Gestell Farbe schwarz"}]},{"@type":"WebSite","@id":"https:\/\/shop.bantam.ch\/de\/#website","url":"https:\/\/shop.bantam.ch\/de\/","name":"Bantam Camping AG","description":"","publisher":{"@id":"https:\/\/shop.bantam.ch\/de\/#organization"},"inLanguage":"de"},{"@type":"Organization","@id":"https:\/\/shop.bantam.ch\/de\/#organization","name":"Bantam Camping AG","url":"https:\/\/shop.bantam.ch\/de\/","logo":{"@type":"ImageObject","inLanguage":"de","@id":"https:\/\/shop.bantam.ch\/de\/#\/schema\/logo\/image\/","url":"https:\/\/shop.bantam.ch\/wp-content\/uploads\/2022\/12\/bantam-logo.png","contentUrl":"https:\/\/shop.bantam.ch\/wp-content\/uploads\/2022\/12\/bantam-logo.png","width":320,"height":71,"caption":"Bantam Camping AG"},"image":{"@id":"https:\/\/shop.bantam.ch\/de\/#\/schema\/logo\/image\/"}}]}},"_links":{"self":[{"href":"https:\/\/shop.bantam.ch\/de\/wp-json\/wp\/v2\/product\/195939","targetHints":{"allow":["GET"]}}],"collection":[{"href":"https:\/\/shop.bantam.ch\/de\/wp-json\/wp\/v2\/product"}],"about":[{"href":"https:\/\/shop.bantam.ch\/de\/wp-json\/wp\/v2\/types\/product"}],"wp:featuredmedia":[{"embeddable":true,"href":"https:\/\/shop.bantam.ch\/de\/wp-json\/wp\/v2\/media\/206753"}],"wp:attachment":[{"href":"https:\/\/shop.bantam.ch\/de\/wp-json\/wp\/v2\/media?parent=195939"}],"wp:term":[{"taxonomy":"product_featured_cat","embeddable":true,"href":"https:\/\/shop.bantam.ch\/de\/wp-json\/wp\/v2\/product_featured_cat?post=195939"},{"taxonomy":"product_brand","embeddable":true,"href":"https:\/\/shop.bantam.ch\/de\/wp-json\/wp\/v2\/product_brand?post=195939"},{"taxonomy":"product_cat","embeddable":true,"href":"https:\/\/shop.bantam.ch\/de\/wp-json\/wp\/v2\/product_cat?post=195939"},{"taxonomy":"product_tag","embeddable":true,"href":"https:\/\/shop.bantam.ch\/de\/wp-json\/wp\/v2\/product_tag?post=195939"}],"curies":[{"name":"wp","href":"https:\/\/api.w.org\/{rel}","templated":true}]}}