{"id":195915,"date":"2024-05-15T15:46:05","date_gmt":"2024-05-15T13:46:05","guid":{"rendered":"https:\/\/shop.bantam.ch\/produit\/haken-maximex-push-farbe-matt-schwarz\/"},"modified":"2026-04-16T23:18:14","modified_gmt":"2026-04-16T21:18:14","slug":"haken-maximex-push-farbe-matt-schwarz","status":"publish","type":"product","link":"https:\/\/shop.bantam.ch\/de\/produkt\/haken-maximex-push-farbe-matt-schwarz\/","title":{"rendered":"Haken Maximex Push Farbe matt schwarz"},"content":{"rendered":"<p>Hochwertiger, schwarz mattierter Edelstahl-Handtuchhaken mit cleverer Push &amp; Pull-Funktion. Besonders praktische Handhabung: Einfach Handtuch in den Haken dr\u00fccken \u2013 fertig! Wird einfach \u00fcber die Schrankt\u00fcre gehangen, kein Bohren und Schrauben erforderlich! T\u00fcr schlie\u00dft trotz eingeh\u00e4ngtem Haken problemlos. Passend f\u00fcr Schrankt\u00fcren und Schubladen. Inklusive Kratzschutz. Ideal auch als Handtuchhaken in der Outdoor-K\u00fcche und am Grill.<\/p>\n","protected":false},"excerpt":{"rendered":"<p>Hochwertiger, schwarz mattierter Edelstahl-Handtuchhaken mit cleverer Push &amp; Pull-Funktion. Besonders praktische Handhabung: Einfach Handtuch in den Haken dr\u00fccken \u2013 fertig! Wird einfach \u00fcber die Schrankt\u00fcre gehangen, kein Bohren und Schrauben erforderlich! T\u00fcr schlie\u00dft trotz eingeh\u00e4ngtem Haken problemlos. Passend f\u00fcr Schrankt\u00fcren und Schubladen. Inklusive Kratzschutz. Ideal auch als Handtuchhaken in der Outdoor-K\u00fcche und am Grill.<\/p>\n","protected":false},"featured_media":206749,"template":"","meta":{"_acf_changed":false},"product_featured_cat":[],"product_brand":[5230],"product_cat":[4734],"product_tag":[],"class_list":{"0":"post-195915","1":"product","2":"type-product","3":"status-publish","4":"has-post-thumbnail","6":"product_brand-maximex-de","7":"product_cat-halter-haken","9":"first","10":"instock","11":"taxable","12":"shipping-taxable","13":"purchasable","14":"product-type-simple"},"acf":[],"yoast_head":"<!-- This site is optimized with the Yoast SEO plugin v27.4 - https:\/\/yoast.com\/product\/yoast-seo-wordpress\/ -->\n<title>Haken Maximex Push Farbe matt schwarz - Bantam Camping AG<\/title>\n<meta name=\"robots\" content=\"index, follow, max-snippet:-1, max-image-preview:large, max-video-preview:-1\" \/>\n<link rel=\"canonical\" href=\"https:\/\/shop.bantam.ch\/de\/produkt\/haken-maximex-push-farbe-matt-schwarz\/\" \/>\n<meta property=\"og:locale\" content=\"de_DE\" \/>\n<meta property=\"og:type\" content=\"article\" \/>\n<meta property=\"og:title\" content=\"Haken Maximex Push Farbe matt schwarz - Bantam Camping AG\" \/>\n<meta property=\"og:description\" content=\"Hochwertiger, schwarz mattierter Edelstahl-Handtuchhaken mit cleverer Push &amp; Pull-Funktion. Besonders praktische Handhabung: Einfach Handtuch in den Haken dr\u00fccken \u2013 fertig! Wird einfach \u00fcber die Schrankt\u00fcre gehangen, kein Bohren und Schrauben erforderlich! T\u00fcr schlie\u00dft trotz eingeh\u00e4ngtem Haken problemlos. Passend f\u00fcr Schrankt\u00fcren und Schubladen. Inklusive Kratzschutz. Ideal auch als Handtuchhaken in der Outdoor-K\u00fcche und am Grill.\" \/>\n<meta property=\"og:url\" content=\"https:\/\/shop.bantam.ch\/de\/produkt\/haken-maximex-push-farbe-matt-schwarz\/\" \/>\n<meta property=\"og:site_name\" content=\"Bantam Camping AG\" \/>\n<meta property=\"article:modified_time\" content=\"2026-04-16T21:18:14+00:00\" \/>\n<meta property=\"og:image\" content=\"https:\/\/shop.bantam.ch\/wp-content\/uploads\/2024\/05\/Movera-L-9957942100.jpg\" \/>\n\t<meta property=\"og:image:width\" content=\"640\" \/>\n\t<meta property=\"og:image:height\" content=\"804\" \/>\n\t<meta property=\"og:image:type\" content=\"image\/jpeg\" \/>\n<meta name=\"twitter:card\" content=\"summary_large_image\" \/>\n<script type=\"application\/ld+json\" class=\"yoast-schema-graph\">{\"@context\":\"https:\\\/\\\/schema.org\",\"@graph\":[{\"@type\":\"WebPage\",\"@id\":\"https:\\\/\\\/shop.bantam.ch\\\/de\\\/produkt\\\/haken-maximex-push-farbe-matt-schwarz\\\/\",\"url\":\"https:\\\/\\\/shop.bantam.ch\\\/de\\\/produkt\\\/haken-maximex-push-farbe-matt-schwarz\\\/\",\"name\":\"Haken Maximex Push Farbe matt schwarz - Bantam Camping AG\",\"isPartOf\":{\"@id\":\"https:\\\/\\\/shop.bantam.ch\\\/de\\\/#website\"},\"primaryImageOfPage\":{\"@id\":\"https:\\\/\\\/shop.bantam.ch\\\/de\\\/produkt\\\/haken-maximex-push-farbe-matt-schwarz\\\/#primaryimage\"},\"image\":{\"@id\":\"https:\\\/\\\/shop.bantam.ch\\\/de\\\/produkt\\\/haken-maximex-push-farbe-matt-schwarz\\\/#primaryimage\"},\"thumbnailUrl\":\"https:\\\/\\\/shop.bantam.ch\\\/wp-content\\\/uploads\\\/2024\\\/09\\\/Movera-L-9957942100.jpg\",\"datePublished\":\"2024-05-15T13:46:05+00:00\",\"dateModified\":\"2026-04-16T21:18:14+00:00\",\"breadcrumb\":{\"@id\":\"https:\\\/\\\/shop.bantam.ch\\\/de\\\/produkt\\\/haken-maximex-push-farbe-matt-schwarz\\\/#breadcrumb\"},\"inLanguage\":\"de\",\"potentialAction\":[{\"@type\":\"ReadAction\",\"target\":[\"https:\\\/\\\/shop.bantam.ch\\\/de\\\/produkt\\\/haken-maximex-push-farbe-matt-schwarz\\\/\"]}]},{\"@type\":\"ImageObject\",\"inLanguage\":\"de\",\"@id\":\"https:\\\/\\\/shop.bantam.ch\\\/de\\\/produkt\\\/haken-maximex-push-farbe-matt-schwarz\\\/#primaryimage\",\"url\":\"https:\\\/\\\/shop.bantam.ch\\\/wp-content\\\/uploads\\\/2024\\\/09\\\/Movera-L-9957942100.jpg\",\"contentUrl\":\"https:\\\/\\\/shop.bantam.ch\\\/wp-content\\\/uploads\\\/2024\\\/09\\\/Movera-L-9957942100.jpg\",\"width\":640,\"height\":804},{\"@type\":\"BreadcrumbList\",\"@id\":\"https:\\\/\\\/shop.bantam.ch\\\/de\\\/produkt\\\/haken-maximex-push-farbe-matt-schwarz\\\/#breadcrumb\",\"itemListElement\":[{\"@type\":\"ListItem\",\"position\":1,\"name\":\"Accueil\",\"item\":\"https:\\\/\\\/shop.bantam.ch\\\/de\\\/\"},{\"@type\":\"ListItem\",\"position\":2,\"name\":\"Shop\",\"item\":\"https:\\\/\\\/shop.bantam.ch\\\/de\\\/shop\\\/\"},{\"@type\":\"ListItem\",\"position\":3,\"name\":\"Haken Maximex Push Farbe matt schwarz\"}]},{\"@type\":\"WebSite\",\"@id\":\"https:\\\/\\\/shop.bantam.ch\\\/de\\\/#website\",\"url\":\"https:\\\/\\\/shop.bantam.ch\\\/de\\\/\",\"name\":\"Bantam Camping AG\",\"description\":\"\",\"publisher\":{\"@id\":\"https:\\\/\\\/shop.bantam.ch\\\/de\\\/#organization\"},\"inLanguage\":\"de\"},{\"@type\":\"Organization\",\"@id\":\"https:\\\/\\\/shop.bantam.ch\\\/de\\\/#organization\",\"name\":\"Bantam Camping AG\",\"url\":\"https:\\\/\\\/shop.bantam.ch\\\/de\\\/\",\"logo\":{\"@type\":\"ImageObject\",\"inLanguage\":\"de\",\"@id\":\"https:\\\/\\\/shop.bantam.ch\\\/de\\\/#\\\/schema\\\/logo\\\/image\\\/\",\"url\":\"https:\\\/\\\/shop.bantam.ch\\\/wp-content\\\/uploads\\\/2022\\\/12\\\/bantam-logo.png\",\"contentUrl\":\"https:\\\/\\\/shop.bantam.ch\\\/wp-content\\\/uploads\\\/2022\\\/12\\\/bantam-logo.png\",\"width\":320,\"height\":71,\"caption\":\"Bantam Camping AG\"},\"image\":{\"@id\":\"https:\\\/\\\/shop.bantam.ch\\\/de\\\/#\\\/schema\\\/logo\\\/image\\\/\"}}]}<\/script>\n<!-- \/ Yoast SEO plugin. -->","yoast_head_json":{"title":"Haken Maximex Push Farbe matt schwarz - Bantam Camping AG","robots":{"index":"index","follow":"follow","max-snippet":"max-snippet:-1","max-image-preview":"max-image-preview:large","max-video-preview":"max-video-preview:-1"},"canonical":"https:\/\/shop.bantam.ch\/de\/produkt\/haken-maximex-push-farbe-matt-schwarz\/","og_locale":"de_DE","og_type":"article","og_title":"Haken Maximex Push Farbe matt schwarz - Bantam Camping AG","og_description":"Hochwertiger, schwarz mattierter Edelstahl-Handtuchhaken mit cleverer Push &amp; Pull-Funktion. Besonders praktische Handhabung: Einfach Handtuch in den Haken dr\u00fccken \u2013 fertig! Wird einfach \u00fcber die Schrankt\u00fcre gehangen, kein Bohren und Schrauben erforderlich! T\u00fcr schlie\u00dft trotz eingeh\u00e4ngtem Haken problemlos. Passend f\u00fcr Schrankt\u00fcren und Schubladen. Inklusive Kratzschutz. Ideal auch als Handtuchhaken in der Outdoor-K\u00fcche und am Grill.","og_url":"https:\/\/shop.bantam.ch\/de\/produkt\/haken-maximex-push-farbe-matt-schwarz\/","og_site_name":"Bantam Camping AG","article_modified_time":"2026-04-16T21:18:14+00:00","og_image":[{"width":640,"height":804,"url":"https:\/\/shop.bantam.ch\/wp-content\/uploads\/2024\/05\/Movera-L-9957942100.jpg","type":"image\/jpeg"}],"twitter_card":"summary_large_image","schema":{"@context":"https:\/\/schema.org","@graph":[{"@type":"WebPage","@id":"https:\/\/shop.bantam.ch\/de\/produkt\/haken-maximex-push-farbe-matt-schwarz\/","url":"https:\/\/shop.bantam.ch\/de\/produkt\/haken-maximex-push-farbe-matt-schwarz\/","name":"Haken Maximex Push Farbe matt schwarz - Bantam Camping AG","isPartOf":{"@id":"https:\/\/shop.bantam.ch\/de\/#website"},"primaryImageOfPage":{"@id":"https:\/\/shop.bantam.ch\/de\/produkt\/haken-maximex-push-farbe-matt-schwarz\/#primaryimage"},"image":{"@id":"https:\/\/shop.bantam.ch\/de\/produkt\/haken-maximex-push-farbe-matt-schwarz\/#primaryimage"},"thumbnailUrl":"https:\/\/shop.bantam.ch\/wp-content\/uploads\/2024\/09\/Movera-L-9957942100.jpg","datePublished":"2024-05-15T13:46:05+00:00","dateModified":"2026-04-16T21:18:14+00:00","breadcrumb":{"@id":"https:\/\/shop.bantam.ch\/de\/produkt\/haken-maximex-push-farbe-matt-schwarz\/#breadcrumb"},"inLanguage":"de","potentialAction":[{"@type":"ReadAction","target":["https:\/\/shop.bantam.ch\/de\/produkt\/haken-maximex-push-farbe-matt-schwarz\/"]}]},{"@type":"ImageObject","inLanguage":"de","@id":"https:\/\/shop.bantam.ch\/de\/produkt\/haken-maximex-push-farbe-matt-schwarz\/#primaryimage","url":"https:\/\/shop.bantam.ch\/wp-content\/uploads\/2024\/09\/Movera-L-9957942100.jpg","contentUrl":"https:\/\/shop.bantam.ch\/wp-content\/uploads\/2024\/09\/Movera-L-9957942100.jpg","width":640,"height":804},{"@type":"BreadcrumbList","@id":"https:\/\/shop.bantam.ch\/de\/produkt\/haken-maximex-push-farbe-matt-schwarz\/#breadcrumb","itemListElement":[{"@type":"ListItem","position":1,"name":"Accueil","item":"https:\/\/shop.bantam.ch\/de\/"},{"@type":"ListItem","position":2,"name":"Shop","item":"https:\/\/shop.bantam.ch\/de\/shop\/"},{"@type":"ListItem","position":3,"name":"Haken Maximex Push Farbe matt schwarz"}]},{"@type":"WebSite","@id":"https:\/\/shop.bantam.ch\/de\/#website","url":"https:\/\/shop.bantam.ch\/de\/","name":"Bantam Camping AG","description":"","publisher":{"@id":"https:\/\/shop.bantam.ch\/de\/#organization"},"inLanguage":"de"},{"@type":"Organization","@id":"https:\/\/shop.bantam.ch\/de\/#organization","name":"Bantam Camping AG","url":"https:\/\/shop.bantam.ch\/de\/","logo":{"@type":"ImageObject","inLanguage":"de","@id":"https:\/\/shop.bantam.ch\/de\/#\/schema\/logo\/image\/","url":"https:\/\/shop.bantam.ch\/wp-content\/uploads\/2022\/12\/bantam-logo.png","contentUrl":"https:\/\/shop.bantam.ch\/wp-content\/uploads\/2022\/12\/bantam-logo.png","width":320,"height":71,"caption":"Bantam Camping AG"},"image":{"@id":"https:\/\/shop.bantam.ch\/de\/#\/schema\/logo\/image\/"}}]}},"_links":{"self":[{"href":"https:\/\/shop.bantam.ch\/de\/wp-json\/wp\/v2\/product\/195915","targetHints":{"allow":["GET"]}}],"collection":[{"href":"https:\/\/shop.bantam.ch\/de\/wp-json\/wp\/v2\/product"}],"about":[{"href":"https:\/\/shop.bantam.ch\/de\/wp-json\/wp\/v2\/types\/product"}],"wp:featuredmedia":[{"embeddable":true,"href":"https:\/\/shop.bantam.ch\/de\/wp-json\/wp\/v2\/media\/206749"}],"wp:attachment":[{"href":"https:\/\/shop.bantam.ch\/de\/wp-json\/wp\/v2\/media?parent=195915"}],"wp:term":[{"taxonomy":"product_featured_cat","embeddable":true,"href":"https:\/\/shop.bantam.ch\/de\/wp-json\/wp\/v2\/product_featured_cat?post=195915"},{"taxonomy":"product_brand","embeddable":true,"href":"https:\/\/shop.bantam.ch\/de\/wp-json\/wp\/v2\/product_brand?post=195915"},{"taxonomy":"product_cat","embeddable":true,"href":"https:\/\/shop.bantam.ch\/de\/wp-json\/wp\/v2\/product_cat?post=195915"},{"taxonomy":"product_tag","embeddable":true,"href":"https:\/\/shop.bantam.ch\/de\/wp-json\/wp\/v2\/product_tag?post=195915"}],"curies":[{"name":"wp","href":"https:\/\/api.w.org\/{rel}","templated":true}]}}