{"id":195903,"date":"2024-05-15T15:45:50","date_gmt":"2024-05-15T13:45:50","guid":{"rendered":"https:\/\/shop.bantam.ch\/produit\/spritzschutz-maximex-geruchsabsorbierend-klappbar-farbe-schwarz\/"},"modified":"2026-04-18T23:08:30","modified_gmt":"2026-04-18T21:08:30","slug":"spritzschutz-maximex-geruchsabsorbierend-klappbar-farbe-schwarz","status":"publish","type":"product","link":"https:\/\/shop.bantam.ch\/de\/produkt\/spritzschutz-maximex-geruchsabsorbierend-klappbar-farbe-schwarz\/","title":{"rendered":"Spritzschutz Maximex geruchsabsorbierend, klappbar, Farbe schwarz"},"content":{"rendered":"<p>Knoblauch, Zwiebeln, scharf angebratenes Fleisch, Fisch &#8211; all diese kulinarischen Gen\u00fcsse haben eins gemeinsam: sie verstr\u00f6men beim Zubereiten einen &#8211; milde ausgedr\u00fcckt &#8211; intensiven Duft, der sich in der ganzen Wohnung ausbreitet und auch lange dort bleibt. Dieser Spritzschutz schafft Abhilfe, denn er kann mehr! Er sorgt nicht nur f\u00fcr einen sauberen Herd, er sorgt auch f\u00fcr bessere Luft. Ein integrierter Aktivkohle-Filter reduziert deutlich schlechte Ger\u00fcche. Fettspritzer lassen sich nur schwer entfernen. Ein Pfannendeckel sch\u00fctzt zwar gegen die Spritzer, es bildet sich unter dem Deckel jedoch Kondenswasser, welches bewirkt, dass das Gargut mehr weich gekocht als knusprig gebraten wird. Dieser Pfannenschutz l\u00e4sst den Dampf entweichen, es bildet sich kein Kondenswasser. Dar\u00fcber hinaus sch\u00fctzt er vor spritzendem, hei\u00dfem Fett, welches schwere Verbrennungen verursachen kann. Der integrierte Aktivkohle-Filter filtert Bratger\u00fcche zuverl\u00e4ssig. Selbst der intensivste Fisch- oder Knoblauchgeruch wird sp\u00fcrbar deutlich reduziert. Kein unangenehmer Geruch wabert mehr stundenlang durchs Haus. Der Spritzschutz mit einklappbarem Griff ist platzsparend zu verstauen und per Hand abwaschbar. F\u00fcr alle Pfannen und T\u00f6pfe mit einem Durchmesser von bis zu 28 cm.<\/p>\n","protected":false},"excerpt":{"rendered":"<p>Knoblauch, Zwiebeln, scharf angebratenes Fleisch, Fisch &#8211; all diese kulinarischen Gen\u00fcsse haben eins gemeinsam: sie verstr\u00f6men beim Zubereiten einen &#8211; milde ausgedr\u00fcckt &#8211; intensiven Duft, der sich in der ganzen Wohnung ausbreitet und auch lange dort bleibt. Dieser Spritzschutz schafft Abhilfe, denn er kann mehr! Er sorgt nicht nur f\u00fcr einen sauberen Herd, er sorgt [&hellip;]<\/p>\n","protected":false},"featured_media":206745,"template":"","meta":{"_acf_changed":false},"product_featured_cat":[],"product_brand":[5230],"product_cat":[4338],"product_tag":[],"class_list":{"0":"post-195903","1":"product","2":"type-product","3":"status-publish","4":"has-post-thumbnail","6":"product_brand-maximex-de","7":"product_cat-zubehoer-fuer-kochgeschirr","9":"first","10":"instock","11":"taxable","12":"shipping-taxable","13":"purchasable","14":"product-type-simple"},"acf":[],"yoast_head":"<!-- This site is optimized with the Yoast SEO plugin v27.4 - https:\/\/yoast.com\/product\/yoast-seo-wordpress\/ -->\n<title>Spritzschutz Maximex geruchsabsorbierend, klappbar, Farbe schwarz - Bantam Camping AG<\/title>\n<meta name=\"robots\" content=\"index, follow, max-snippet:-1, max-image-preview:large, max-video-preview:-1\" \/>\n<link rel=\"canonical\" href=\"https:\/\/shop.bantam.ch\/de\/produkt\/spritzschutz-maximex-geruchsabsorbierend-klappbar-farbe-schwarz\/\" \/>\n<meta property=\"og:locale\" content=\"de_DE\" \/>\n<meta property=\"og:type\" content=\"article\" \/>\n<meta property=\"og:title\" content=\"Spritzschutz Maximex geruchsabsorbierend, klappbar, Farbe schwarz - Bantam Camping AG\" \/>\n<meta property=\"og:description\" content=\"Knoblauch, Zwiebeln, scharf angebratenes Fleisch, Fisch &#8211; all diese kulinarischen Gen\u00fcsse haben eins gemeinsam: sie verstr\u00f6men beim Zubereiten einen &#8211; milde ausgedr\u00fcckt &#8211; intensiven Duft, der sich in der ganzen Wohnung ausbreitet und auch lange dort bleibt. Dieser Spritzschutz schafft Abhilfe, denn er kann mehr! Er sorgt nicht nur f\u00fcr einen sauberen Herd, er sorgt [&hellip;]\" \/>\n<meta property=\"og:url\" content=\"https:\/\/shop.bantam.ch\/de\/produkt\/spritzschutz-maximex-geruchsabsorbierend-klappbar-farbe-schwarz\/\" \/>\n<meta property=\"og:site_name\" content=\"Bantam Camping AG\" \/>\n<meta property=\"article:modified_time\" content=\"2026-04-18T21:08:30+00:00\" \/>\n<meta property=\"og:image\" content=\"https:\/\/shop.bantam.ch\/wp-content\/uploads\/2024\/05\/Movera-L-9957939100.jpg\" \/>\n\t<meta property=\"og:image:width\" content=\"640\" \/>\n\t<meta property=\"og:image:height\" content=\"439\" \/>\n\t<meta property=\"og:image:type\" content=\"image\/jpeg\" \/>\n<meta name=\"twitter:card\" content=\"summary_large_image\" \/>\n<meta name=\"twitter:label1\" content=\"Gesch\u00e4tzte Lesezeit\" \/>\n\t<meta name=\"twitter:data1\" content=\"1\u00a0Minute\" \/>\n<script type=\"application\/ld+json\" class=\"yoast-schema-graph\">{\"@context\":\"https:\\\/\\\/schema.org\",\"@graph\":[{\"@type\":\"WebPage\",\"@id\":\"https:\\\/\\\/shop.bantam.ch\\\/de\\\/produkt\\\/spritzschutz-maximex-geruchsabsorbierend-klappbar-farbe-schwarz\\\/\",\"url\":\"https:\\\/\\\/shop.bantam.ch\\\/de\\\/produkt\\\/spritzschutz-maximex-geruchsabsorbierend-klappbar-farbe-schwarz\\\/\",\"name\":\"Spritzschutz Maximex geruchsabsorbierend, klappbar, Farbe schwarz - Bantam Camping AG\",\"isPartOf\":{\"@id\":\"https:\\\/\\\/shop.bantam.ch\\\/de\\\/#website\"},\"primaryImageOfPage\":{\"@id\":\"https:\\\/\\\/shop.bantam.ch\\\/de\\\/produkt\\\/spritzschutz-maximex-geruchsabsorbierend-klappbar-farbe-schwarz\\\/#primaryimage\"},\"image\":{\"@id\":\"https:\\\/\\\/shop.bantam.ch\\\/de\\\/produkt\\\/spritzschutz-maximex-geruchsabsorbierend-klappbar-farbe-schwarz\\\/#primaryimage\"},\"thumbnailUrl\":\"https:\\\/\\\/shop.bantam.ch\\\/wp-content\\\/uploads\\\/2024\\\/09\\\/Movera-L-9957939100.jpg\",\"datePublished\":\"2024-05-15T13:45:50+00:00\",\"dateModified\":\"2026-04-18T21:08:30+00:00\",\"breadcrumb\":{\"@id\":\"https:\\\/\\\/shop.bantam.ch\\\/de\\\/produkt\\\/spritzschutz-maximex-geruchsabsorbierend-klappbar-farbe-schwarz\\\/#breadcrumb\"},\"inLanguage\":\"de\",\"potentialAction\":[{\"@type\":\"ReadAction\",\"target\":[\"https:\\\/\\\/shop.bantam.ch\\\/de\\\/produkt\\\/spritzschutz-maximex-geruchsabsorbierend-klappbar-farbe-schwarz\\\/\"]}]},{\"@type\":\"ImageObject\",\"inLanguage\":\"de\",\"@id\":\"https:\\\/\\\/shop.bantam.ch\\\/de\\\/produkt\\\/spritzschutz-maximex-geruchsabsorbierend-klappbar-farbe-schwarz\\\/#primaryimage\",\"url\":\"https:\\\/\\\/shop.bantam.ch\\\/wp-content\\\/uploads\\\/2024\\\/09\\\/Movera-L-9957939100.jpg\",\"contentUrl\":\"https:\\\/\\\/shop.bantam.ch\\\/wp-content\\\/uploads\\\/2024\\\/09\\\/Movera-L-9957939100.jpg\",\"width\":640,\"height\":439},{\"@type\":\"BreadcrumbList\",\"@id\":\"https:\\\/\\\/shop.bantam.ch\\\/de\\\/produkt\\\/spritzschutz-maximex-geruchsabsorbierend-klappbar-farbe-schwarz\\\/#breadcrumb\",\"itemListElement\":[{\"@type\":\"ListItem\",\"position\":1,\"name\":\"Accueil\",\"item\":\"https:\\\/\\\/shop.bantam.ch\\\/de\\\/\"},{\"@type\":\"ListItem\",\"position\":2,\"name\":\"Shop\",\"item\":\"https:\\\/\\\/shop.bantam.ch\\\/de\\\/shop\\\/\"},{\"@type\":\"ListItem\",\"position\":3,\"name\":\"Spritzschutz Maximex geruchsabsorbierend, klappbar, Farbe schwarz\"}]},{\"@type\":\"WebSite\",\"@id\":\"https:\\\/\\\/shop.bantam.ch\\\/de\\\/#website\",\"url\":\"https:\\\/\\\/shop.bantam.ch\\\/de\\\/\",\"name\":\"Bantam Camping AG\",\"description\":\"\",\"publisher\":{\"@id\":\"https:\\\/\\\/shop.bantam.ch\\\/de\\\/#organization\"},\"inLanguage\":\"de\"},{\"@type\":\"Organization\",\"@id\":\"https:\\\/\\\/shop.bantam.ch\\\/de\\\/#organization\",\"name\":\"Bantam Camping AG\",\"url\":\"https:\\\/\\\/shop.bantam.ch\\\/de\\\/\",\"logo\":{\"@type\":\"ImageObject\",\"inLanguage\":\"de\",\"@id\":\"https:\\\/\\\/shop.bantam.ch\\\/de\\\/#\\\/schema\\\/logo\\\/image\\\/\",\"url\":\"https:\\\/\\\/shop.bantam.ch\\\/wp-content\\\/uploads\\\/2022\\\/12\\\/bantam-logo.png\",\"contentUrl\":\"https:\\\/\\\/shop.bantam.ch\\\/wp-content\\\/uploads\\\/2022\\\/12\\\/bantam-logo.png\",\"width\":320,\"height\":71,\"caption\":\"Bantam Camping AG\"},\"image\":{\"@id\":\"https:\\\/\\\/shop.bantam.ch\\\/de\\\/#\\\/schema\\\/logo\\\/image\\\/\"}}]}<\/script>\n<!-- \/ Yoast SEO plugin. -->","yoast_head_json":{"title":"Spritzschutz Maximex geruchsabsorbierend, klappbar, Farbe schwarz - Bantam Camping AG","robots":{"index":"index","follow":"follow","max-snippet":"max-snippet:-1","max-image-preview":"max-image-preview:large","max-video-preview":"max-video-preview:-1"},"canonical":"https:\/\/shop.bantam.ch\/de\/produkt\/spritzschutz-maximex-geruchsabsorbierend-klappbar-farbe-schwarz\/","og_locale":"de_DE","og_type":"article","og_title":"Spritzschutz Maximex geruchsabsorbierend, klappbar, Farbe schwarz - Bantam Camping AG","og_description":"Knoblauch, Zwiebeln, scharf angebratenes Fleisch, Fisch &#8211; all diese kulinarischen Gen\u00fcsse haben eins gemeinsam: sie verstr\u00f6men beim Zubereiten einen &#8211; milde ausgedr\u00fcckt &#8211; intensiven Duft, der sich in der ganzen Wohnung ausbreitet und auch lange dort bleibt. Dieser Spritzschutz schafft Abhilfe, denn er kann mehr! Er sorgt nicht nur f\u00fcr einen sauberen Herd, er sorgt [&hellip;]","og_url":"https:\/\/shop.bantam.ch\/de\/produkt\/spritzschutz-maximex-geruchsabsorbierend-klappbar-farbe-schwarz\/","og_site_name":"Bantam Camping AG","article_modified_time":"2026-04-18T21:08:30+00:00","og_image":[{"width":640,"height":439,"url":"https:\/\/shop.bantam.ch\/wp-content\/uploads\/2024\/05\/Movera-L-9957939100.jpg","type":"image\/jpeg"}],"twitter_card":"summary_large_image","twitter_misc":{"Gesch\u00e4tzte Lesezeit":"1\u00a0Minute"},"schema":{"@context":"https:\/\/schema.org","@graph":[{"@type":"WebPage","@id":"https:\/\/shop.bantam.ch\/de\/produkt\/spritzschutz-maximex-geruchsabsorbierend-klappbar-farbe-schwarz\/","url":"https:\/\/shop.bantam.ch\/de\/produkt\/spritzschutz-maximex-geruchsabsorbierend-klappbar-farbe-schwarz\/","name":"Spritzschutz Maximex geruchsabsorbierend, klappbar, Farbe schwarz - Bantam Camping AG","isPartOf":{"@id":"https:\/\/shop.bantam.ch\/de\/#website"},"primaryImageOfPage":{"@id":"https:\/\/shop.bantam.ch\/de\/produkt\/spritzschutz-maximex-geruchsabsorbierend-klappbar-farbe-schwarz\/#primaryimage"},"image":{"@id":"https:\/\/shop.bantam.ch\/de\/produkt\/spritzschutz-maximex-geruchsabsorbierend-klappbar-farbe-schwarz\/#primaryimage"},"thumbnailUrl":"https:\/\/shop.bantam.ch\/wp-content\/uploads\/2024\/09\/Movera-L-9957939100.jpg","datePublished":"2024-05-15T13:45:50+00:00","dateModified":"2026-04-18T21:08:30+00:00","breadcrumb":{"@id":"https:\/\/shop.bantam.ch\/de\/produkt\/spritzschutz-maximex-geruchsabsorbierend-klappbar-farbe-schwarz\/#breadcrumb"},"inLanguage":"de","potentialAction":[{"@type":"ReadAction","target":["https:\/\/shop.bantam.ch\/de\/produkt\/spritzschutz-maximex-geruchsabsorbierend-klappbar-farbe-schwarz\/"]}]},{"@type":"ImageObject","inLanguage":"de","@id":"https:\/\/shop.bantam.ch\/de\/produkt\/spritzschutz-maximex-geruchsabsorbierend-klappbar-farbe-schwarz\/#primaryimage","url":"https:\/\/shop.bantam.ch\/wp-content\/uploads\/2024\/09\/Movera-L-9957939100.jpg","contentUrl":"https:\/\/shop.bantam.ch\/wp-content\/uploads\/2024\/09\/Movera-L-9957939100.jpg","width":640,"height":439},{"@type":"BreadcrumbList","@id":"https:\/\/shop.bantam.ch\/de\/produkt\/spritzschutz-maximex-geruchsabsorbierend-klappbar-farbe-schwarz\/#breadcrumb","itemListElement":[{"@type":"ListItem","position":1,"name":"Accueil","item":"https:\/\/shop.bantam.ch\/de\/"},{"@type":"ListItem","position":2,"name":"Shop","item":"https:\/\/shop.bantam.ch\/de\/shop\/"},{"@type":"ListItem","position":3,"name":"Spritzschutz Maximex geruchsabsorbierend, klappbar, Farbe schwarz"}]},{"@type":"WebSite","@id":"https:\/\/shop.bantam.ch\/de\/#website","url":"https:\/\/shop.bantam.ch\/de\/","name":"Bantam Camping AG","description":"","publisher":{"@id":"https:\/\/shop.bantam.ch\/de\/#organization"},"inLanguage":"de"},{"@type":"Organization","@id":"https:\/\/shop.bantam.ch\/de\/#organization","name":"Bantam Camping AG","url":"https:\/\/shop.bantam.ch\/de\/","logo":{"@type":"ImageObject","inLanguage":"de","@id":"https:\/\/shop.bantam.ch\/de\/#\/schema\/logo\/image\/","url":"https:\/\/shop.bantam.ch\/wp-content\/uploads\/2022\/12\/bantam-logo.png","contentUrl":"https:\/\/shop.bantam.ch\/wp-content\/uploads\/2022\/12\/bantam-logo.png","width":320,"height":71,"caption":"Bantam Camping AG"},"image":{"@id":"https:\/\/shop.bantam.ch\/de\/#\/schema\/logo\/image\/"}}]}},"_links":{"self":[{"href":"https:\/\/shop.bantam.ch\/de\/wp-json\/wp\/v2\/product\/195903","targetHints":{"allow":["GET"]}}],"collection":[{"href":"https:\/\/shop.bantam.ch\/de\/wp-json\/wp\/v2\/product"}],"about":[{"href":"https:\/\/shop.bantam.ch\/de\/wp-json\/wp\/v2\/types\/product"}],"wp:featuredmedia":[{"embeddable":true,"href":"https:\/\/shop.bantam.ch\/de\/wp-json\/wp\/v2\/media\/206745"}],"wp:attachment":[{"href":"https:\/\/shop.bantam.ch\/de\/wp-json\/wp\/v2\/media?parent=195903"}],"wp:term":[{"taxonomy":"product_featured_cat","embeddable":true,"href":"https:\/\/shop.bantam.ch\/de\/wp-json\/wp\/v2\/product_featured_cat?post=195903"},{"taxonomy":"product_brand","embeddable":true,"href":"https:\/\/shop.bantam.ch\/de\/wp-json\/wp\/v2\/product_brand?post=195903"},{"taxonomy":"product_cat","embeddable":true,"href":"https:\/\/shop.bantam.ch\/de\/wp-json\/wp\/v2\/product_cat?post=195903"},{"taxonomy":"product_tag","embeddable":true,"href":"https:\/\/shop.bantam.ch\/de\/wp-json\/wp\/v2\/product_tag?post=195903"}],"curies":[{"name":"wp","href":"https:\/\/api.w.org\/{rel}","templated":true}]}}