{"id":195727,"date":"2024-05-15T15:41:49","date_gmt":"2024-05-15T13:41:49","guid":{"rendered":"https:\/\/shop.bantam.ch\/produit\/notfalltoilette-jonhy-wee-fuer-unterwegs-unisex-3-stueck\/"},"modified":"2026-04-19T23:10:36","modified_gmt":"2026-04-19T21:10:36","slug":"notfalltoilette-jonhy-wee-fuer-unterwegs-unisex-3-stueck","status":"publish","type":"product","link":"https:\/\/shop.bantam.ch\/de\/produkt\/notfalltoilette-jonhy-wee-fuer-unterwegs-unisex-3-stueck\/","title":{"rendered":"Notfalltoilette Jonhy Wee f\u00fcr unterwegs Unisex 3 St\u00fcck"},"content":{"rendered":"<p>Unisex Pinkelbeutel 3 x 600 ml. Urin wird in Sekunden zu 100 % Gel.<\/p>\n<ul>\n<li>F\u00fcr Frauen, Kinder und M\u00e4nner<\/li>\n<li>Praktisch und klein, \u00fcberall verstaubar<\/li>\n<li>Hygienisch, bakterien- und geruchsfrei<\/li>\n<li>Auslaufsicher<\/li>\n<li>Mehrfach nutzbar, bis 600 ml<\/li>\n<li>Aus recycelten Materialien<\/li>\n<\/ul>\n","protected":false},"excerpt":{"rendered":"<p>Unisex Pinkelbeutel 3 x 600 ml. Urin wird in Sekunden zu 100 % Gel. F\u00fcr Frauen, Kinder und M\u00e4nner Praktisch und klein, \u00fcberall verstaubar Hygienisch, bakterien- und geruchsfrei Auslaufsicher Mehrfach nutzbar, bis 600 ml Aus recycelten Materialien<\/p>\n","protected":false},"featured_media":206717,"template":"","meta":{"_acf_changed":false},"product_featured_cat":[],"product_brand":[5226],"product_cat":[4598],"product_tag":[],"class_list":{"0":"post-195727","1":"product","2":"type-product","3":"status-publish","4":"has-post-thumbnail","6":"product_brand-jonhy-wee-de","7":"product_cat-trenntoiletten","9":"first","10":"instock","11":"taxable","12":"shipping-taxable","13":"purchasable","14":"product-type-simple"},"acf":[],"yoast_head":"<!-- This site is optimized with the Yoast SEO plugin v27.4 - https:\/\/yoast.com\/product\/yoast-seo-wordpress\/ -->\n<title>Notfalltoilette Jonhy Wee f\u00fcr unterwegs Unisex 3 St\u00fcck - Bantam Camping AG<\/title>\n<meta name=\"robots\" content=\"index, follow, max-snippet:-1, max-image-preview:large, max-video-preview:-1\" \/>\n<link rel=\"canonical\" href=\"https:\/\/shop.bantam.ch\/de\/produkt\/notfalltoilette-jonhy-wee-fuer-unterwegs-unisex-3-stueck\/\" \/>\n<meta property=\"og:locale\" content=\"de_DE\" \/>\n<meta property=\"og:type\" content=\"article\" \/>\n<meta property=\"og:title\" content=\"Notfalltoilette Jonhy Wee f\u00fcr unterwegs Unisex 3 St\u00fcck - Bantam Camping AG\" \/>\n<meta property=\"og:description\" content=\"Unisex Pinkelbeutel 3 x 600 ml. Urin wird in Sekunden zu 100 % Gel. F\u00fcr Frauen, Kinder und M\u00e4nner Praktisch und klein, \u00fcberall verstaubar Hygienisch, bakterien- und geruchsfrei Auslaufsicher Mehrfach nutzbar, bis 600 ml Aus recycelten Materialien\" \/>\n<meta property=\"og:url\" content=\"https:\/\/shop.bantam.ch\/de\/produkt\/notfalltoilette-jonhy-wee-fuer-unterwegs-unisex-3-stueck\/\" \/>\n<meta property=\"og:site_name\" content=\"Bantam Camping AG\" \/>\n<meta property=\"article:modified_time\" content=\"2026-04-19T21:10:36+00:00\" \/>\n<meta property=\"og:image\" content=\"https:\/\/shop.bantam.ch\/wp-content\/uploads\/2024\/05\/Movera-L-9957889100.jpg\" \/>\n\t<meta property=\"og:image:width\" content=\"640\" \/>\n\t<meta property=\"og:image:height\" content=\"687\" \/>\n\t<meta property=\"og:image:type\" content=\"image\/jpeg\" \/>\n<meta name=\"twitter:card\" content=\"summary_large_image\" \/>\n<script type=\"application\/ld+json\" class=\"yoast-schema-graph\">{\"@context\":\"https:\\\/\\\/schema.org\",\"@graph\":[{\"@type\":\"WebPage\",\"@id\":\"https:\\\/\\\/shop.bantam.ch\\\/de\\\/produkt\\\/notfalltoilette-jonhy-wee-fuer-unterwegs-unisex-3-stueck\\\/\",\"url\":\"https:\\\/\\\/shop.bantam.ch\\\/de\\\/produkt\\\/notfalltoilette-jonhy-wee-fuer-unterwegs-unisex-3-stueck\\\/\",\"name\":\"Notfalltoilette Jonhy Wee f\u00fcr unterwegs Unisex 3 St\u00fcck - Bantam Camping AG\",\"isPartOf\":{\"@id\":\"https:\\\/\\\/shop.bantam.ch\\\/de\\\/#website\"},\"primaryImageOfPage\":{\"@id\":\"https:\\\/\\\/shop.bantam.ch\\\/de\\\/produkt\\\/notfalltoilette-jonhy-wee-fuer-unterwegs-unisex-3-stueck\\\/#primaryimage\"},\"image\":{\"@id\":\"https:\\\/\\\/shop.bantam.ch\\\/de\\\/produkt\\\/notfalltoilette-jonhy-wee-fuer-unterwegs-unisex-3-stueck\\\/#primaryimage\"},\"thumbnailUrl\":\"https:\\\/\\\/shop.bantam.ch\\\/wp-content\\\/uploads\\\/2024\\\/09\\\/Movera-L-9957889100.jpg\",\"datePublished\":\"2024-05-15T13:41:49+00:00\",\"dateModified\":\"2026-04-19T21:10:36+00:00\",\"breadcrumb\":{\"@id\":\"https:\\\/\\\/shop.bantam.ch\\\/de\\\/produkt\\\/notfalltoilette-jonhy-wee-fuer-unterwegs-unisex-3-stueck\\\/#breadcrumb\"},\"inLanguage\":\"de\",\"potentialAction\":[{\"@type\":\"ReadAction\",\"target\":[\"https:\\\/\\\/shop.bantam.ch\\\/de\\\/produkt\\\/notfalltoilette-jonhy-wee-fuer-unterwegs-unisex-3-stueck\\\/\"]}]},{\"@type\":\"ImageObject\",\"inLanguage\":\"de\",\"@id\":\"https:\\\/\\\/shop.bantam.ch\\\/de\\\/produkt\\\/notfalltoilette-jonhy-wee-fuer-unterwegs-unisex-3-stueck\\\/#primaryimage\",\"url\":\"https:\\\/\\\/shop.bantam.ch\\\/wp-content\\\/uploads\\\/2024\\\/09\\\/Movera-L-9957889100.jpg\",\"contentUrl\":\"https:\\\/\\\/shop.bantam.ch\\\/wp-content\\\/uploads\\\/2024\\\/09\\\/Movera-L-9957889100.jpg\",\"width\":640,\"height\":687},{\"@type\":\"BreadcrumbList\",\"@id\":\"https:\\\/\\\/shop.bantam.ch\\\/de\\\/produkt\\\/notfalltoilette-jonhy-wee-fuer-unterwegs-unisex-3-stueck\\\/#breadcrumb\",\"itemListElement\":[{\"@type\":\"ListItem\",\"position\":1,\"name\":\"Accueil\",\"item\":\"https:\\\/\\\/shop.bantam.ch\\\/de\\\/\"},{\"@type\":\"ListItem\",\"position\":2,\"name\":\"Shop\",\"item\":\"https:\\\/\\\/shop.bantam.ch\\\/de\\\/shop\\\/\"},{\"@type\":\"ListItem\",\"position\":3,\"name\":\"Notfalltoilette Jonhy Wee f\u00fcr unterwegs Unisex 3 St\u00fcck\"}]},{\"@type\":\"WebSite\",\"@id\":\"https:\\\/\\\/shop.bantam.ch\\\/de\\\/#website\",\"url\":\"https:\\\/\\\/shop.bantam.ch\\\/de\\\/\",\"name\":\"Bantam Camping AG\",\"description\":\"\",\"publisher\":{\"@id\":\"https:\\\/\\\/shop.bantam.ch\\\/de\\\/#organization\"},\"inLanguage\":\"de\"},{\"@type\":\"Organization\",\"@id\":\"https:\\\/\\\/shop.bantam.ch\\\/de\\\/#organization\",\"name\":\"Bantam Camping AG\",\"url\":\"https:\\\/\\\/shop.bantam.ch\\\/de\\\/\",\"logo\":{\"@type\":\"ImageObject\",\"inLanguage\":\"de\",\"@id\":\"https:\\\/\\\/shop.bantam.ch\\\/de\\\/#\\\/schema\\\/logo\\\/image\\\/\",\"url\":\"https:\\\/\\\/shop.bantam.ch\\\/wp-content\\\/uploads\\\/2022\\\/12\\\/bantam-logo.png\",\"contentUrl\":\"https:\\\/\\\/shop.bantam.ch\\\/wp-content\\\/uploads\\\/2022\\\/12\\\/bantam-logo.png\",\"width\":320,\"height\":71,\"caption\":\"Bantam Camping AG\"},\"image\":{\"@id\":\"https:\\\/\\\/shop.bantam.ch\\\/de\\\/#\\\/schema\\\/logo\\\/image\\\/\"}}]}<\/script>\n<!-- \/ Yoast SEO plugin. -->","yoast_head_json":{"title":"Notfalltoilette Jonhy Wee f\u00fcr unterwegs Unisex 3 St\u00fcck - Bantam Camping AG","robots":{"index":"index","follow":"follow","max-snippet":"max-snippet:-1","max-image-preview":"max-image-preview:large","max-video-preview":"max-video-preview:-1"},"canonical":"https:\/\/shop.bantam.ch\/de\/produkt\/notfalltoilette-jonhy-wee-fuer-unterwegs-unisex-3-stueck\/","og_locale":"de_DE","og_type":"article","og_title":"Notfalltoilette Jonhy Wee f\u00fcr unterwegs Unisex 3 St\u00fcck - Bantam Camping AG","og_description":"Unisex Pinkelbeutel 3 x 600 ml. Urin wird in Sekunden zu 100 % Gel. F\u00fcr Frauen, Kinder und M\u00e4nner Praktisch und klein, \u00fcberall verstaubar Hygienisch, bakterien- und geruchsfrei Auslaufsicher Mehrfach nutzbar, bis 600 ml Aus recycelten Materialien","og_url":"https:\/\/shop.bantam.ch\/de\/produkt\/notfalltoilette-jonhy-wee-fuer-unterwegs-unisex-3-stueck\/","og_site_name":"Bantam Camping AG","article_modified_time":"2026-04-19T21:10:36+00:00","og_image":[{"width":640,"height":687,"url":"https:\/\/shop.bantam.ch\/wp-content\/uploads\/2024\/05\/Movera-L-9957889100.jpg","type":"image\/jpeg"}],"twitter_card":"summary_large_image","schema":{"@context":"https:\/\/schema.org","@graph":[{"@type":"WebPage","@id":"https:\/\/shop.bantam.ch\/de\/produkt\/notfalltoilette-jonhy-wee-fuer-unterwegs-unisex-3-stueck\/","url":"https:\/\/shop.bantam.ch\/de\/produkt\/notfalltoilette-jonhy-wee-fuer-unterwegs-unisex-3-stueck\/","name":"Notfalltoilette Jonhy Wee f\u00fcr unterwegs Unisex 3 St\u00fcck - Bantam Camping AG","isPartOf":{"@id":"https:\/\/shop.bantam.ch\/de\/#website"},"primaryImageOfPage":{"@id":"https:\/\/shop.bantam.ch\/de\/produkt\/notfalltoilette-jonhy-wee-fuer-unterwegs-unisex-3-stueck\/#primaryimage"},"image":{"@id":"https:\/\/shop.bantam.ch\/de\/produkt\/notfalltoilette-jonhy-wee-fuer-unterwegs-unisex-3-stueck\/#primaryimage"},"thumbnailUrl":"https:\/\/shop.bantam.ch\/wp-content\/uploads\/2024\/09\/Movera-L-9957889100.jpg","datePublished":"2024-05-15T13:41:49+00:00","dateModified":"2026-04-19T21:10:36+00:00","breadcrumb":{"@id":"https:\/\/shop.bantam.ch\/de\/produkt\/notfalltoilette-jonhy-wee-fuer-unterwegs-unisex-3-stueck\/#breadcrumb"},"inLanguage":"de","potentialAction":[{"@type":"ReadAction","target":["https:\/\/shop.bantam.ch\/de\/produkt\/notfalltoilette-jonhy-wee-fuer-unterwegs-unisex-3-stueck\/"]}]},{"@type":"ImageObject","inLanguage":"de","@id":"https:\/\/shop.bantam.ch\/de\/produkt\/notfalltoilette-jonhy-wee-fuer-unterwegs-unisex-3-stueck\/#primaryimage","url":"https:\/\/shop.bantam.ch\/wp-content\/uploads\/2024\/09\/Movera-L-9957889100.jpg","contentUrl":"https:\/\/shop.bantam.ch\/wp-content\/uploads\/2024\/09\/Movera-L-9957889100.jpg","width":640,"height":687},{"@type":"BreadcrumbList","@id":"https:\/\/shop.bantam.ch\/de\/produkt\/notfalltoilette-jonhy-wee-fuer-unterwegs-unisex-3-stueck\/#breadcrumb","itemListElement":[{"@type":"ListItem","position":1,"name":"Accueil","item":"https:\/\/shop.bantam.ch\/de\/"},{"@type":"ListItem","position":2,"name":"Shop","item":"https:\/\/shop.bantam.ch\/de\/shop\/"},{"@type":"ListItem","position":3,"name":"Notfalltoilette Jonhy Wee f\u00fcr unterwegs Unisex 3 St\u00fcck"}]},{"@type":"WebSite","@id":"https:\/\/shop.bantam.ch\/de\/#website","url":"https:\/\/shop.bantam.ch\/de\/","name":"Bantam Camping AG","description":"","publisher":{"@id":"https:\/\/shop.bantam.ch\/de\/#organization"},"inLanguage":"de"},{"@type":"Organization","@id":"https:\/\/shop.bantam.ch\/de\/#organization","name":"Bantam Camping AG","url":"https:\/\/shop.bantam.ch\/de\/","logo":{"@type":"ImageObject","inLanguage":"de","@id":"https:\/\/shop.bantam.ch\/de\/#\/schema\/logo\/image\/","url":"https:\/\/shop.bantam.ch\/wp-content\/uploads\/2022\/12\/bantam-logo.png","contentUrl":"https:\/\/shop.bantam.ch\/wp-content\/uploads\/2022\/12\/bantam-logo.png","width":320,"height":71,"caption":"Bantam Camping AG"},"image":{"@id":"https:\/\/shop.bantam.ch\/de\/#\/schema\/logo\/image\/"}}]}},"_links":{"self":[{"href":"https:\/\/shop.bantam.ch\/de\/wp-json\/wp\/v2\/product\/195727","targetHints":{"allow":["GET"]}}],"collection":[{"href":"https:\/\/shop.bantam.ch\/de\/wp-json\/wp\/v2\/product"}],"about":[{"href":"https:\/\/shop.bantam.ch\/de\/wp-json\/wp\/v2\/types\/product"}],"wp:featuredmedia":[{"embeddable":true,"href":"https:\/\/shop.bantam.ch\/de\/wp-json\/wp\/v2\/media\/206717"}],"wp:attachment":[{"href":"https:\/\/shop.bantam.ch\/de\/wp-json\/wp\/v2\/media?parent=195727"}],"wp:term":[{"taxonomy":"product_featured_cat","embeddable":true,"href":"https:\/\/shop.bantam.ch\/de\/wp-json\/wp\/v2\/product_featured_cat?post=195727"},{"taxonomy":"product_brand","embeddable":true,"href":"https:\/\/shop.bantam.ch\/de\/wp-json\/wp\/v2\/product_brand?post=195727"},{"taxonomy":"product_cat","embeddable":true,"href":"https:\/\/shop.bantam.ch\/de\/wp-json\/wp\/v2\/product_cat?post=195727"},{"taxonomy":"product_tag","embeddable":true,"href":"https:\/\/shop.bantam.ch\/de\/wp-json\/wp\/v2\/product_tag?post=195727"}],"curies":[{"name":"wp","href":"https:\/\/api.w.org\/{rel}","templated":true}]}}