{"id":195657,"date":"2024-05-15T15:39:42","date_gmt":"2024-05-15T13:39:42","guid":{"rendered":"https:\/\/shop.bantam.ch\/produit\/certec-inline-kartusche-lilie-6-in-1\/"},"modified":"2026-05-01T23:01:21","modified_gmt":"2026-05-01T21:01:21","slug":"certec-inline-kartusche-lilie-6-in-1","status":"publish","type":"product","link":"https:\/\/shop.bantam.ch\/de\/produkt\/certec-inline-kartusche-lilie-6-in-1\/","title":{"rendered":"Certec Inline-Kartusche LILIE 6 in 1"},"content":{"rendered":"<p>LILIE-Kartuschen erreichen eine hervorragende Durchflussrate mit \u00e4u\u00dferst geringem Druckverlust. Nur so kann im mobilen Einsatz genug Wasser bei passendem Druck flie\u00dfen. Verunreinigungen werden dabei zuverl\u00e4ssig herausgefiltert.<br \/>Filtermedium und Wirkungsweise:<\/p>\n<ul>\n<li>Certec\u00ae-Keramik,<\/li>\n<li>Bioelektro-Depot Plus, Selbstregulierend,<\/li>\n<li>Hoher Durchfluss,<\/li>\n<li>Bio-Kokos-Aktivkohle<\/li>\n<li>Keimentziehend (auch wenn Wasser steht)<\/li>\n<li>R\u00fcckhaltewert: 0,3 \u00b5m<\/li>\n<li>Standzeit: 15.000 L oder 6 Monate<\/li>\n<li>Durchfluss: 14 l\/min.<\/li>\n<li>Druckverlust: max. 0,6bar<\/li>\n<\/ul>\n<p>Diese Stoffe werden mit LILIE Certec\u00ae 6 in 1 zuverl\u00e4ssig ausgefiltert:<br \/>Asbest: 100%<br \/>Bakterien\/Pilze\/Keime: 99,99% *<br \/>Viren: 99,9%<br \/>Chlor: 99,9%<br \/>Fauler Geruch\/Geschmack: 100%<br \/>Kohlenwasserstoff e CKW\u00b4s: 99,9%<br \/>Pestizide\/Desinfektionsmittel: &gt;98%<br \/>Radioaktive Partikel: 99,9%<br \/>Schmutz\/Sedimente: 99,9%<br \/>Schwermetalle: 96%<br \/>Blei: 99%<br \/>Kupfer, Silber: 99%<br \/>* z. B.: Giardia Lamblia Cysten, Am\u00f6ben Cysten, EneinKoli, Cwryptosporidien Cysten<\/p>\n","protected":false},"excerpt":{"rendered":"<p>LILIE-Kartuschen erreichen eine hervorragende Durchflussrate mit \u00e4u\u00dferst geringem Druckverlust. Nur so kann im mobilen Einsatz genug Wasser bei passendem Druck flie\u00dfen. Verunreinigungen werden dabei zuverl\u00e4ssig herausgefiltert.Filtermedium und Wirkungsweise: Certec\u00ae-Keramik, Bioelektro-Depot Plus, Selbstregulierend, Hoher Durchfluss, Bio-Kokos-Aktivkohle Keimentziehend (auch wenn Wasser steht) R\u00fcckhaltewert: 0,3 \u00b5m Standzeit: 15.000 L oder 6 Monate Durchfluss: 14 l\/min. Druckverlust: max. 0,6bar [&hellip;]<\/p>\n","protected":false},"featured_media":206675,"template":"","meta":{"_acf_changed":false},"product_featured_cat":[],"product_brand":[3109],"product_cat":[4616],"product_tag":[],"class_list":{"0":"post-195657","1":"product","2":"type-product","3":"status-publish","4":"has-post-thumbnail","6":"product_brand-lilie-de","7":"product_cat-wasserfilter","9":"first","10":"instock","11":"taxable","12":"shipping-taxable","13":"purchasable","14":"product-type-simple"},"acf":[],"yoast_head":"<!-- This site is optimized with the Yoast SEO plugin v27.5 - https:\/\/yoast.com\/product\/yoast-seo-wordpress\/ -->\n<title>Certec Inline-Kartusche LILIE 6 in 1 - Bantam<\/title>\n<meta name=\"robots\" content=\"index, follow, max-snippet:-1, max-image-preview:large, max-video-preview:-1\" \/>\n<link rel=\"canonical\" href=\"https:\/\/shop.bantam.ch\/de\/produkt\/certec-inline-kartusche-lilie-6-in-1\/\" \/>\n<meta property=\"og:locale\" content=\"de_DE\" \/>\n<meta property=\"og:type\" content=\"article\" \/>\n<meta property=\"og:title\" content=\"Certec Inline-Kartusche LILIE 6 in 1 - Bantam\" \/>\n<meta property=\"og:description\" content=\"LILIE-Kartuschen erreichen eine hervorragende Durchflussrate mit \u00e4u\u00dferst geringem Druckverlust. Nur so kann im mobilen Einsatz genug Wasser bei passendem Druck flie\u00dfen. Verunreinigungen werden dabei zuverl\u00e4ssig herausgefiltert.Filtermedium und Wirkungsweise: Certec\u00ae-Keramik, Bioelektro-Depot Plus, Selbstregulierend, Hoher Durchfluss, Bio-Kokos-Aktivkohle Keimentziehend (auch wenn Wasser steht) R\u00fcckhaltewert: 0,3 \u00b5m Standzeit: 15.000 L oder 6 Monate Durchfluss: 14 l\/min. Druckverlust: max. 0,6bar [&hellip;]\" \/>\n<meta property=\"og:url\" content=\"https:\/\/shop.bantam.ch\/de\/produkt\/certec-inline-kartusche-lilie-6-in-1\/\" \/>\n<meta property=\"og:site_name\" content=\"Bantam\" \/>\n<meta property=\"article:modified_time\" content=\"2026-05-01T21:01:21+00:00\" \/>\n<meta property=\"og:image\" content=\"https:\/\/shop.bantam.ch\/wp-content\/uploads\/2024\/05\/Movera-L-9957863100.jpg\" \/>\n\t<meta property=\"og:image:width\" content=\"640\" \/>\n\t<meta property=\"og:image:height\" content=\"790\" \/>\n\t<meta property=\"og:image:type\" content=\"image\/jpeg\" \/>\n<meta name=\"twitter:card\" content=\"summary_large_image\" \/>\n<meta name=\"twitter:label1\" content=\"Gesch\u00e4tzte Lesezeit\" \/>\n\t<meta name=\"twitter:data1\" content=\"1\u00a0Minute\" \/>\n<script type=\"application\/ld+json\" class=\"yoast-schema-graph\">{\"@context\":\"https:\\\/\\\/schema.org\",\"@graph\":[{\"@type\":\"WebPage\",\"@id\":\"https:\\\/\\\/shop.bantam.ch\\\/de\\\/produkt\\\/certec-inline-kartusche-lilie-6-in-1\\\/\",\"url\":\"https:\\\/\\\/shop.bantam.ch\\\/de\\\/produkt\\\/certec-inline-kartusche-lilie-6-in-1\\\/\",\"name\":\"Certec Inline-Kartusche LILIE 6 in 1 - Bantam\",\"isPartOf\":{\"@id\":\"https:\\\/\\\/shop.bantam.ch\\\/de\\\/#website\"},\"primaryImageOfPage\":{\"@id\":\"https:\\\/\\\/shop.bantam.ch\\\/de\\\/produkt\\\/certec-inline-kartusche-lilie-6-in-1\\\/#primaryimage\"},\"image\":{\"@id\":\"https:\\\/\\\/shop.bantam.ch\\\/de\\\/produkt\\\/certec-inline-kartusche-lilie-6-in-1\\\/#primaryimage\"},\"thumbnailUrl\":\"https:\\\/\\\/shop.bantam.ch\\\/wp-content\\\/uploads\\\/2024\\\/09\\\/Movera-L-9957863100.jpg\",\"datePublished\":\"2024-05-15T13:39:42+00:00\",\"dateModified\":\"2026-05-01T21:01:21+00:00\",\"breadcrumb\":{\"@id\":\"https:\\\/\\\/shop.bantam.ch\\\/de\\\/produkt\\\/certec-inline-kartusche-lilie-6-in-1\\\/#breadcrumb\"},\"inLanguage\":\"de\",\"potentialAction\":[{\"@type\":\"ReadAction\",\"target\":[\"https:\\\/\\\/shop.bantam.ch\\\/de\\\/produkt\\\/certec-inline-kartusche-lilie-6-in-1\\\/\"]}]},{\"@type\":\"ImageObject\",\"inLanguage\":\"de\",\"@id\":\"https:\\\/\\\/shop.bantam.ch\\\/de\\\/produkt\\\/certec-inline-kartusche-lilie-6-in-1\\\/#primaryimage\",\"url\":\"https:\\\/\\\/shop.bantam.ch\\\/wp-content\\\/uploads\\\/2024\\\/09\\\/Movera-L-9957863100.jpg\",\"contentUrl\":\"https:\\\/\\\/shop.bantam.ch\\\/wp-content\\\/uploads\\\/2024\\\/09\\\/Movera-L-9957863100.jpg\",\"width\":640,\"height\":790},{\"@type\":\"BreadcrumbList\",\"@id\":\"https:\\\/\\\/shop.bantam.ch\\\/de\\\/produkt\\\/certec-inline-kartusche-lilie-6-in-1\\\/#breadcrumb\",\"itemListElement\":[{\"@type\":\"ListItem\",\"position\":1,\"name\":\"Accueil\",\"item\":\"https:\\\/\\\/shop.bantam.ch\\\/de\\\/\"},{\"@type\":\"ListItem\",\"position\":2,\"name\":\"Shop\",\"item\":\"https:\\\/\\\/shop.bantam.ch\\\/de\\\/shop\\\/\"},{\"@type\":\"ListItem\",\"position\":3,\"name\":\"Certec Inline-Kartusche LILIE 6 in 1\"}]},{\"@type\":\"WebSite\",\"@id\":\"https:\\\/\\\/shop.bantam.ch\\\/de\\\/#website\",\"url\":\"https:\\\/\\\/shop.bantam.ch\\\/de\\\/\",\"name\":\"Bantam\",\"description\":\"\",\"publisher\":{\"@id\":\"https:\\\/\\\/shop.bantam.ch\\\/de\\\/#organization\"},\"inLanguage\":\"de\"},{\"@type\":\"Organization\",\"@id\":\"https:\\\/\\\/shop.bantam.ch\\\/de\\\/#organization\",\"name\":\"Bantam\",\"url\":\"https:\\\/\\\/shop.bantam.ch\\\/de\\\/\",\"logo\":{\"@type\":\"ImageObject\",\"inLanguage\":\"de\",\"@id\":\"https:\\\/\\\/shop.bantam.ch\\\/de\\\/#\\\/schema\\\/logo\\\/image\\\/\",\"url\":\"https:\\\/\\\/shop.bantam.ch\\\/wp-content\\\/uploads\\\/2022\\\/12\\\/bantam-logo.png\",\"contentUrl\":\"https:\\\/\\\/shop.bantam.ch\\\/wp-content\\\/uploads\\\/2022\\\/12\\\/bantam-logo.png\",\"width\":320,\"height\":71,\"caption\":\"Bantam\"},\"image\":{\"@id\":\"https:\\\/\\\/shop.bantam.ch\\\/de\\\/#\\\/schema\\\/logo\\\/image\\\/\"}}]}<\/script>\n<!-- \/ Yoast SEO plugin. -->","yoast_head_json":{"title":"Certec Inline-Kartusche LILIE 6 in 1 - Bantam","robots":{"index":"index","follow":"follow","max-snippet":"max-snippet:-1","max-image-preview":"max-image-preview:large","max-video-preview":"max-video-preview:-1"},"canonical":"https:\/\/shop.bantam.ch\/de\/produkt\/certec-inline-kartusche-lilie-6-in-1\/","og_locale":"de_DE","og_type":"article","og_title":"Certec Inline-Kartusche LILIE 6 in 1 - Bantam","og_description":"LILIE-Kartuschen erreichen eine hervorragende Durchflussrate mit \u00e4u\u00dferst geringem Druckverlust. Nur so kann im mobilen Einsatz genug Wasser bei passendem Druck flie\u00dfen. Verunreinigungen werden dabei zuverl\u00e4ssig herausgefiltert.Filtermedium und Wirkungsweise: Certec\u00ae-Keramik, Bioelektro-Depot Plus, Selbstregulierend, Hoher Durchfluss, Bio-Kokos-Aktivkohle Keimentziehend (auch wenn Wasser steht) R\u00fcckhaltewert: 0,3 \u00b5m Standzeit: 15.000 L oder 6 Monate Durchfluss: 14 l\/min. Druckverlust: max. 0,6bar [&hellip;]","og_url":"https:\/\/shop.bantam.ch\/de\/produkt\/certec-inline-kartusche-lilie-6-in-1\/","og_site_name":"Bantam","article_modified_time":"2026-05-01T21:01:21+00:00","og_image":[{"width":640,"height":790,"url":"https:\/\/shop.bantam.ch\/wp-content\/uploads\/2024\/05\/Movera-L-9957863100.jpg","type":"image\/jpeg"}],"twitter_card":"summary_large_image","twitter_misc":{"Gesch\u00e4tzte Lesezeit":"1\u00a0Minute"},"schema":{"@context":"https:\/\/schema.org","@graph":[{"@type":"WebPage","@id":"https:\/\/shop.bantam.ch\/de\/produkt\/certec-inline-kartusche-lilie-6-in-1\/","url":"https:\/\/shop.bantam.ch\/de\/produkt\/certec-inline-kartusche-lilie-6-in-1\/","name":"Certec Inline-Kartusche LILIE 6 in 1 - Bantam","isPartOf":{"@id":"https:\/\/shop.bantam.ch\/de\/#website"},"primaryImageOfPage":{"@id":"https:\/\/shop.bantam.ch\/de\/produkt\/certec-inline-kartusche-lilie-6-in-1\/#primaryimage"},"image":{"@id":"https:\/\/shop.bantam.ch\/de\/produkt\/certec-inline-kartusche-lilie-6-in-1\/#primaryimage"},"thumbnailUrl":"https:\/\/shop.bantam.ch\/wp-content\/uploads\/2024\/09\/Movera-L-9957863100.jpg","datePublished":"2024-05-15T13:39:42+00:00","dateModified":"2026-05-01T21:01:21+00:00","breadcrumb":{"@id":"https:\/\/shop.bantam.ch\/de\/produkt\/certec-inline-kartusche-lilie-6-in-1\/#breadcrumb"},"inLanguage":"de","potentialAction":[{"@type":"ReadAction","target":["https:\/\/shop.bantam.ch\/de\/produkt\/certec-inline-kartusche-lilie-6-in-1\/"]}]},{"@type":"ImageObject","inLanguage":"de","@id":"https:\/\/shop.bantam.ch\/de\/produkt\/certec-inline-kartusche-lilie-6-in-1\/#primaryimage","url":"https:\/\/shop.bantam.ch\/wp-content\/uploads\/2024\/09\/Movera-L-9957863100.jpg","contentUrl":"https:\/\/shop.bantam.ch\/wp-content\/uploads\/2024\/09\/Movera-L-9957863100.jpg","width":640,"height":790},{"@type":"BreadcrumbList","@id":"https:\/\/shop.bantam.ch\/de\/produkt\/certec-inline-kartusche-lilie-6-in-1\/#breadcrumb","itemListElement":[{"@type":"ListItem","position":1,"name":"Accueil","item":"https:\/\/shop.bantam.ch\/de\/"},{"@type":"ListItem","position":2,"name":"Shop","item":"https:\/\/shop.bantam.ch\/de\/shop\/"},{"@type":"ListItem","position":3,"name":"Certec Inline-Kartusche LILIE 6 in 1"}]},{"@type":"WebSite","@id":"https:\/\/shop.bantam.ch\/de\/#website","url":"https:\/\/shop.bantam.ch\/de\/","name":"Bantam","description":"","publisher":{"@id":"https:\/\/shop.bantam.ch\/de\/#organization"},"inLanguage":"de"},{"@type":"Organization","@id":"https:\/\/shop.bantam.ch\/de\/#organization","name":"Bantam","url":"https:\/\/shop.bantam.ch\/de\/","logo":{"@type":"ImageObject","inLanguage":"de","@id":"https:\/\/shop.bantam.ch\/de\/#\/schema\/logo\/image\/","url":"https:\/\/shop.bantam.ch\/wp-content\/uploads\/2022\/12\/bantam-logo.png","contentUrl":"https:\/\/shop.bantam.ch\/wp-content\/uploads\/2022\/12\/bantam-logo.png","width":320,"height":71,"caption":"Bantam"},"image":{"@id":"https:\/\/shop.bantam.ch\/de\/#\/schema\/logo\/image\/"}}]}},"_links":{"self":[{"href":"https:\/\/shop.bantam.ch\/de\/wp-json\/wp\/v2\/product\/195657","targetHints":{"allow":["GET"]}}],"collection":[{"href":"https:\/\/shop.bantam.ch\/de\/wp-json\/wp\/v2\/product"}],"about":[{"href":"https:\/\/shop.bantam.ch\/de\/wp-json\/wp\/v2\/types\/product"}],"wp:featuredmedia":[{"embeddable":true,"href":"https:\/\/shop.bantam.ch\/de\/wp-json\/wp\/v2\/media\/206675"}],"wp:attachment":[{"href":"https:\/\/shop.bantam.ch\/de\/wp-json\/wp\/v2\/media?parent=195657"}],"wp:term":[{"taxonomy":"product_featured_cat","embeddable":true,"href":"https:\/\/shop.bantam.ch\/de\/wp-json\/wp\/v2\/product_featured_cat?post=195657"},{"taxonomy":"product_brand","embeddable":true,"href":"https:\/\/shop.bantam.ch\/de\/wp-json\/wp\/v2\/product_brand?post=195657"},{"taxonomy":"product_cat","embeddable":true,"href":"https:\/\/shop.bantam.ch\/de\/wp-json\/wp\/v2\/product_cat?post=195657"},{"taxonomy":"product_tag","embeddable":true,"href":"https:\/\/shop.bantam.ch\/de\/wp-json\/wp\/v2\/product_tag?post=195657"}],"curies":[{"name":"wp","href":"https:\/\/api.w.org\/{rel}","templated":true}]}}