{"id":195599,"date":"2024-05-15T15:37:55","date_gmt":"2024-05-15T13:37:55","guid":{"rendered":"https:\/\/shop.bantam.ch\/produit\/ausseneinheit-webasto-cool-top-trail\/"},"modified":"2026-05-06T01:02:53","modified_gmt":"2026-05-05T23:02:53","slug":"ausseneinheit-webasto-cool-top-trail","status":"publish","type":"product","link":"https:\/\/shop.bantam.ch\/de\/produkt\/ausseneinheit-webasto-cool-top-trail\/","title":{"rendered":"Au\u00dfeneinheit Webasto Cool Top Trail"},"content":{"rendered":"<p><strong>F\u00fcr das ideale Klima in Ihrem Reisemobil<\/strong><br \/>\nDie Cool Top Trail Klimaanlagen eignen sich f\u00fcr den Einsatz in geparkten Reisemobilen und Caravans von bis zu 10 m L\u00e4nge. Mit ihren gro\u00dfz\u00fcgig dimensionierten W\u00e4rmetauschern verf\u00fcgen sie \u00fcber einen hohen Wirkungsgrad und eine hohe Leistung. Ihre Verl\u00e4sslichkeit und hohe K\u00fchlleistung haben sie bereits in den sehr hei\u00dfen australischen Sommern bei Au\u00dfentemperaturen von bis zu 50 \u00b0C bewiesen.<br \/>\nDie Anlagen verf\u00fcgen standardm\u00e4\u00dfig \u00fcber eine W\u00e4rmepumpenfunktion mit hoher Leistung, die auch bei kalten Au\u00dfentemperaturen von bis zu -5 \u00b0C funktioniert.<\/p>\n<p><strong>Hohe Leistung bei niedrigem Ger\u00e4usch<\/strong><br \/>\nDer sehr niedrige Ger\u00e4uschpegel erm\u00f6glicht es Ihnen, sich im Fahrzeug auszuruhen und zu entspannen und st\u00f6rt auch Ihre Nachbarn auf dem Campingplatz nicht. Die Verwendung hochwertiger Komponenten garantiert eine lange Lebensdauer bei minimalem Wartungsaufwand. Durch die Verwendung von UV-stabilisiertem Polypropylen ist das Geh\u00e4use der Anlagen \u00e4u\u00dferst robust und trotzdem leicht.<br \/>\nDie Ger\u00e4te k\u00f6nnen mit einer einfach zu bedienenden Fernbedienung gesteuert werden und erm\u00f6glichen es den Nutzern, komfortabel auf alle Funktionen der Klimaanlage vom Essbereich, Sitz oder Bett aus zuzugreifen. Neben K\u00fchlung und Heizung verf\u00fcgen die Ger\u00e4te \u00fcber verschiedene zus\u00e4tzliche Besonderheiten wie Entfeuchtungs-, Timer- und Schlaffunktionen.<\/p>\n","protected":false},"excerpt":{"rendered":"<p>F\u00fcr das ideale Klima in Ihrem Reisemobil Die Cool Top Trail Klimaanlagen eignen sich f\u00fcr den Einsatz in geparkten Reisemobilen und Caravans von bis zu 10 m L\u00e4nge. Mit ihren gro\u00dfz\u00fcgig dimensionierten W\u00e4rmetauschern verf\u00fcgen sie \u00fcber einen hohen Wirkungsgrad und eine hohe Leistung. Ihre Verl\u00e4sslichkeit und hohe K\u00fchlleistung haben sie bereits in den sehr hei\u00dfen [&hellip;]<\/p>\n","protected":false},"featured_media":195591,"template":"","meta":{"_acf_changed":false},"product_featured_cat":[],"product_brand":[3741],"product_cat":[4090],"product_tag":[],"class_list":{"0":"post-195599","1":"product","2":"type-product","3":"status-publish","4":"has-post-thumbnail","6":"product_brand-bantam-de","7":"product_cat-klimaanlagen","9":"first","10":"instock","11":"taxable","12":"shipping-taxable","13":"purchasable","14":"product-type-variable"},"acf":[],"yoast_head":"<!-- This site is optimized with the Yoast SEO plugin v27.5 - https:\/\/yoast.com\/product\/yoast-seo-wordpress\/ -->\n<title>Au\u00dfeneinheit Webasto Cool Top Trail - Bantam<\/title>\n<meta name=\"robots\" content=\"index, follow, max-snippet:-1, max-image-preview:large, max-video-preview:-1\" \/>\n<link rel=\"canonical\" href=\"https:\/\/shop.bantam.ch\/de\/produkt\/ausseneinheit-webasto-cool-top-trail\/\" \/>\n<meta property=\"og:locale\" content=\"de_DE\" \/>\n<meta property=\"og:type\" content=\"article\" \/>\n<meta property=\"og:title\" content=\"Au\u00dfeneinheit Webasto Cool Top Trail - Bantam\" \/>\n<meta property=\"og:description\" content=\"F\u00fcr das ideale Klima in Ihrem Reisemobil Die Cool Top Trail Klimaanlagen eignen sich f\u00fcr den Einsatz in geparkten Reisemobilen und Caravans von bis zu 10 m L\u00e4nge. Mit ihren gro\u00dfz\u00fcgig dimensionierten W\u00e4rmetauschern verf\u00fcgen sie \u00fcber einen hohen Wirkungsgrad und eine hohe Leistung. Ihre Verl\u00e4sslichkeit und hohe K\u00fchlleistung haben sie bereits in den sehr hei\u00dfen [&hellip;]\" \/>\n<meta property=\"og:url\" content=\"https:\/\/shop.bantam.ch\/de\/produkt\/ausseneinheit-webasto-cool-top-trail\/\" \/>\n<meta property=\"og:site_name\" content=\"Bantam\" \/>\n<meta property=\"article:modified_time\" content=\"2026-05-05T23:02:53+00:00\" \/>\n<meta property=\"og:image\" content=\"https:\/\/shop.bantam.ch\/wp-content\/uploads\/2024\/05\/Movera-L-9955802100.jpg\" \/>\n\t<meta property=\"og:image:width\" content=\"640\" \/>\n\t<meta property=\"og:image:height\" content=\"426\" \/>\n\t<meta property=\"og:image:type\" content=\"image\/jpeg\" \/>\n<meta name=\"twitter:card\" content=\"summary_large_image\" \/>\n<meta name=\"twitter:label1\" content=\"Gesch\u00e4tzte Lesezeit\" \/>\n\t<meta name=\"twitter:data1\" content=\"1\u00a0Minute\" \/>\n<script type=\"application\/ld+json\" class=\"yoast-schema-graph\">{\"@context\":\"https:\\\/\\\/schema.org\",\"@graph\":[{\"@type\":\"WebPage\",\"@id\":\"https:\\\/\\\/shop.bantam.ch\\\/de\\\/produkt\\\/ausseneinheit-webasto-cool-top-trail\\\/\",\"url\":\"https:\\\/\\\/shop.bantam.ch\\\/de\\\/produkt\\\/ausseneinheit-webasto-cool-top-trail\\\/\",\"name\":\"Au\u00dfeneinheit Webasto Cool Top Trail - Bantam\",\"isPartOf\":{\"@id\":\"https:\\\/\\\/shop.bantam.ch\\\/de\\\/#website\"},\"primaryImageOfPage\":{\"@id\":\"https:\\\/\\\/shop.bantam.ch\\\/de\\\/produkt\\\/ausseneinheit-webasto-cool-top-trail\\\/#primaryimage\"},\"image\":{\"@id\":\"https:\\\/\\\/shop.bantam.ch\\\/de\\\/produkt\\\/ausseneinheit-webasto-cool-top-trail\\\/#primaryimage\"},\"thumbnailUrl\":\"https:\\\/\\\/shop.bantam.ch\\\/wp-content\\\/uploads\\\/2024\\\/05\\\/Movera-L-9955802100.jpg\",\"datePublished\":\"2024-05-15T13:37:55+00:00\",\"dateModified\":\"2026-05-05T23:02:53+00:00\",\"breadcrumb\":{\"@id\":\"https:\\\/\\\/shop.bantam.ch\\\/de\\\/produkt\\\/ausseneinheit-webasto-cool-top-trail\\\/#breadcrumb\"},\"inLanguage\":\"de\",\"potentialAction\":[{\"@type\":\"ReadAction\",\"target\":[\"https:\\\/\\\/shop.bantam.ch\\\/de\\\/produkt\\\/ausseneinheit-webasto-cool-top-trail\\\/\"]}]},{\"@type\":\"ImageObject\",\"inLanguage\":\"de\",\"@id\":\"https:\\\/\\\/shop.bantam.ch\\\/de\\\/produkt\\\/ausseneinheit-webasto-cool-top-trail\\\/#primaryimage\",\"url\":\"https:\\\/\\\/shop.bantam.ch\\\/wp-content\\\/uploads\\\/2024\\\/05\\\/Movera-L-9955802100.jpg\",\"contentUrl\":\"https:\\\/\\\/shop.bantam.ch\\\/wp-content\\\/uploads\\\/2024\\\/05\\\/Movera-L-9955802100.jpg\",\"width\":640,\"height\":426},{\"@type\":\"BreadcrumbList\",\"@id\":\"https:\\\/\\\/shop.bantam.ch\\\/de\\\/produkt\\\/ausseneinheit-webasto-cool-top-trail\\\/#breadcrumb\",\"itemListElement\":[{\"@type\":\"ListItem\",\"position\":1,\"name\":\"Accueil\",\"item\":\"https:\\\/\\\/shop.bantam.ch\\\/de\\\/\"},{\"@type\":\"ListItem\",\"position\":2,\"name\":\"Shop\",\"item\":\"https:\\\/\\\/shop.bantam.ch\\\/de\\\/shop\\\/\"},{\"@type\":\"ListItem\",\"position\":3,\"name\":\"Au\u00dfeneinheit Webasto Cool Top Trail\"}]},{\"@type\":\"WebSite\",\"@id\":\"https:\\\/\\\/shop.bantam.ch\\\/de\\\/#website\",\"url\":\"https:\\\/\\\/shop.bantam.ch\\\/de\\\/\",\"name\":\"Bantam\",\"description\":\"\",\"publisher\":{\"@id\":\"https:\\\/\\\/shop.bantam.ch\\\/de\\\/#organization\"},\"inLanguage\":\"de\"},{\"@type\":\"Organization\",\"@id\":\"https:\\\/\\\/shop.bantam.ch\\\/de\\\/#organization\",\"name\":\"Bantam\",\"url\":\"https:\\\/\\\/shop.bantam.ch\\\/de\\\/\",\"logo\":{\"@type\":\"ImageObject\",\"inLanguage\":\"de\",\"@id\":\"https:\\\/\\\/shop.bantam.ch\\\/de\\\/#\\\/schema\\\/logo\\\/image\\\/\",\"url\":\"https:\\\/\\\/shop.bantam.ch\\\/wp-content\\\/uploads\\\/2022\\\/12\\\/bantam-logo.png\",\"contentUrl\":\"https:\\\/\\\/shop.bantam.ch\\\/wp-content\\\/uploads\\\/2022\\\/12\\\/bantam-logo.png\",\"width\":320,\"height\":71,\"caption\":\"Bantam\"},\"image\":{\"@id\":\"https:\\\/\\\/shop.bantam.ch\\\/de\\\/#\\\/schema\\\/logo\\\/image\\\/\"}}]}<\/script>\n<!-- \/ Yoast SEO plugin. -->","yoast_head_json":{"title":"Au\u00dfeneinheit Webasto Cool Top Trail - Bantam","robots":{"index":"index","follow":"follow","max-snippet":"max-snippet:-1","max-image-preview":"max-image-preview:large","max-video-preview":"max-video-preview:-1"},"canonical":"https:\/\/shop.bantam.ch\/de\/produkt\/ausseneinheit-webasto-cool-top-trail\/","og_locale":"de_DE","og_type":"article","og_title":"Au\u00dfeneinheit Webasto Cool Top Trail - Bantam","og_description":"F\u00fcr das ideale Klima in Ihrem Reisemobil Die Cool Top Trail Klimaanlagen eignen sich f\u00fcr den Einsatz in geparkten Reisemobilen und Caravans von bis zu 10 m L\u00e4nge. Mit ihren gro\u00dfz\u00fcgig dimensionierten W\u00e4rmetauschern verf\u00fcgen sie \u00fcber einen hohen Wirkungsgrad und eine hohe Leistung. Ihre Verl\u00e4sslichkeit und hohe K\u00fchlleistung haben sie bereits in den sehr hei\u00dfen [&hellip;]","og_url":"https:\/\/shop.bantam.ch\/de\/produkt\/ausseneinheit-webasto-cool-top-trail\/","og_site_name":"Bantam","article_modified_time":"2026-05-05T23:02:53+00:00","og_image":[{"width":640,"height":426,"url":"https:\/\/shop.bantam.ch\/wp-content\/uploads\/2024\/05\/Movera-L-9955802100.jpg","type":"image\/jpeg"}],"twitter_card":"summary_large_image","twitter_misc":{"Gesch\u00e4tzte Lesezeit":"1\u00a0Minute"},"schema":{"@context":"https:\/\/schema.org","@graph":[{"@type":"WebPage","@id":"https:\/\/shop.bantam.ch\/de\/produkt\/ausseneinheit-webasto-cool-top-trail\/","url":"https:\/\/shop.bantam.ch\/de\/produkt\/ausseneinheit-webasto-cool-top-trail\/","name":"Au\u00dfeneinheit Webasto Cool Top Trail - Bantam","isPartOf":{"@id":"https:\/\/shop.bantam.ch\/de\/#website"},"primaryImageOfPage":{"@id":"https:\/\/shop.bantam.ch\/de\/produkt\/ausseneinheit-webasto-cool-top-trail\/#primaryimage"},"image":{"@id":"https:\/\/shop.bantam.ch\/de\/produkt\/ausseneinheit-webasto-cool-top-trail\/#primaryimage"},"thumbnailUrl":"https:\/\/shop.bantam.ch\/wp-content\/uploads\/2024\/05\/Movera-L-9955802100.jpg","datePublished":"2024-05-15T13:37:55+00:00","dateModified":"2026-05-05T23:02:53+00:00","breadcrumb":{"@id":"https:\/\/shop.bantam.ch\/de\/produkt\/ausseneinheit-webasto-cool-top-trail\/#breadcrumb"},"inLanguage":"de","potentialAction":[{"@type":"ReadAction","target":["https:\/\/shop.bantam.ch\/de\/produkt\/ausseneinheit-webasto-cool-top-trail\/"]}]},{"@type":"ImageObject","inLanguage":"de","@id":"https:\/\/shop.bantam.ch\/de\/produkt\/ausseneinheit-webasto-cool-top-trail\/#primaryimage","url":"https:\/\/shop.bantam.ch\/wp-content\/uploads\/2024\/05\/Movera-L-9955802100.jpg","contentUrl":"https:\/\/shop.bantam.ch\/wp-content\/uploads\/2024\/05\/Movera-L-9955802100.jpg","width":640,"height":426},{"@type":"BreadcrumbList","@id":"https:\/\/shop.bantam.ch\/de\/produkt\/ausseneinheit-webasto-cool-top-trail\/#breadcrumb","itemListElement":[{"@type":"ListItem","position":1,"name":"Accueil","item":"https:\/\/shop.bantam.ch\/de\/"},{"@type":"ListItem","position":2,"name":"Shop","item":"https:\/\/shop.bantam.ch\/de\/shop\/"},{"@type":"ListItem","position":3,"name":"Au\u00dfeneinheit Webasto Cool Top Trail"}]},{"@type":"WebSite","@id":"https:\/\/shop.bantam.ch\/de\/#website","url":"https:\/\/shop.bantam.ch\/de\/","name":"Bantam","description":"","publisher":{"@id":"https:\/\/shop.bantam.ch\/de\/#organization"},"inLanguage":"de"},{"@type":"Organization","@id":"https:\/\/shop.bantam.ch\/de\/#organization","name":"Bantam","url":"https:\/\/shop.bantam.ch\/de\/","logo":{"@type":"ImageObject","inLanguage":"de","@id":"https:\/\/shop.bantam.ch\/de\/#\/schema\/logo\/image\/","url":"https:\/\/shop.bantam.ch\/wp-content\/uploads\/2022\/12\/bantam-logo.png","contentUrl":"https:\/\/shop.bantam.ch\/wp-content\/uploads\/2022\/12\/bantam-logo.png","width":320,"height":71,"caption":"Bantam"},"image":{"@id":"https:\/\/shop.bantam.ch\/de\/#\/schema\/logo\/image\/"}}]}},"_links":{"self":[{"href":"https:\/\/shop.bantam.ch\/de\/wp-json\/wp\/v2\/product\/195599","targetHints":{"allow":["GET"]}}],"collection":[{"href":"https:\/\/shop.bantam.ch\/de\/wp-json\/wp\/v2\/product"}],"about":[{"href":"https:\/\/shop.bantam.ch\/de\/wp-json\/wp\/v2\/types\/product"}],"wp:featuredmedia":[{"embeddable":true,"href":"https:\/\/shop.bantam.ch\/de\/wp-json\/wp\/v2\/media\/195591"}],"wp:attachment":[{"href":"https:\/\/shop.bantam.ch\/de\/wp-json\/wp\/v2\/media?parent=195599"}],"wp:term":[{"taxonomy":"product_featured_cat","embeddable":true,"href":"https:\/\/shop.bantam.ch\/de\/wp-json\/wp\/v2\/product_featured_cat?post=195599"},{"taxonomy":"product_brand","embeddable":true,"href":"https:\/\/shop.bantam.ch\/de\/wp-json\/wp\/v2\/product_brand?post=195599"},{"taxonomy":"product_cat","embeddable":true,"href":"https:\/\/shop.bantam.ch\/de\/wp-json\/wp\/v2\/product_cat?post=195599"},{"taxonomy":"product_tag","embeddable":true,"href":"https:\/\/shop.bantam.ch\/de\/wp-json\/wp\/v2\/product_tag?post=195599"}],"curies":[{"name":"wp","href":"https:\/\/api.w.org\/{rel}","templated":true}]}}