{"id":195568,"date":"2024-05-15T15:36:46","date_gmt":"2024-05-15T13:36:46","guid":{"rendered":"https:\/\/shop.bantam.ch\/produit\/wandmarkise-omnistor-8000-ohne-motor-gehaeusefarbe-anthrazit-tuchfarbe-mystic-grey\/"},"modified":"2026-04-18T01:07:13","modified_gmt":"2026-04-17T23:07:13","slug":"wandmarkise-omnistor-8000-ohne-motor-gehaeusefarbe-anthrazit-tuchfarbe-mystic-grey","status":"publish","type":"product","link":"https:\/\/shop.bantam.ch\/de\/produkt\/wandmarkise-omnistor-8000-ohne-motor-gehaeusefarbe-anthrazit-tuchfarbe-mystic-grey\/","title":{"rendered":"Wandmarkise Omnistor 8000 ohne Motor Geh\u00e4usefarbe anthrazit, Tuchfarbe mystic grey"},"content":{"rendered":"<ul>\n<li>Auszug bis zu 2,75 m f\u00fcr einen gr\u00f6\u00dferen privaten Bereich und zum Schutz vor Sonne und Regen<\/li>\n<li>Mit praktischem Quick Lock-System zur einfachen Montage und Einstellung der St\u00fctzf\u00fc\u00dfe<\/li>\n<li>Vertikales Absenksystem, um die Beine ausklappen zu k\u00f6nnen, ohne das Fahrzeug zu besch\u00e4digen<\/li>\n<li>Die Gelenkarme sind mit integrierten Spannarmen versehen, die f\u00fcr eine optimale Spannung des Tuches sorgen<\/li>\n<li>Die St\u00fctzbeine k\u00f6nnen einfach in den Spezialhalterungen an der Wand untergebracht werden<\/li>\n<li>Frontprofil mit Ablaufsystem f\u00fcr Abwasser und Abfall f\u00fcr einfache Reinigung<\/li>\n<li>Im Frontprofil sind einstellbare St\u00fctzf\u00fc\u00dfe integriert, die einen gr\u00f6\u00dferen Arbeitsraum und mehr Stabilit\u00e4t im Einsatz erm\u00f6glichen<\/li>\n<\/ul>\n<p>\u00a0<\/p>\n<p>Material:<\/p>\n<p>Tuch: PVC<\/p>\n<p>Geh\u00e4use: Aluminium<\/p>\n","protected":false},"excerpt":{"rendered":"<p>Auszug bis zu 2,75 m f\u00fcr einen gr\u00f6\u00dferen privaten Bereich und zum Schutz vor Sonne und Regen Mit praktischem Quick Lock-System zur einfachen Montage und Einstellung der St\u00fctzf\u00fc\u00dfe Vertikales Absenksystem, um die Beine ausklappen zu k\u00f6nnen, ohne das Fahrzeug zu besch\u00e4digen Die Gelenkarme sind mit integrierten Spannarmen versehen, die f\u00fcr eine optimale Spannung des Tuches [&hellip;]<\/p>\n","protected":false},"featured_media":195551,"template":"","meta":{"_acf_changed":false},"product_featured_cat":[],"product_brand":[3047],"product_cat":[4214],"product_tag":[],"class_list":{"0":"post-195568","1":"product","2":"type-product","3":"status-publish","4":"has-post-thumbnail","6":"product_brand-thule-de","7":"product_cat-markisen-dachseitenwand","9":"first","10":"instock","11":"taxable","12":"shipping-taxable","13":"purchasable","14":"product-type-variable"},"acf":[],"yoast_head":"<!-- This site is optimized with the Yoast SEO plugin v27.4 - https:\/\/yoast.com\/product\/yoast-seo-wordpress\/ -->\n<title>Wandmarkise Omnistor 8000 ohne Motor Geh\u00e4usefarbe anthrazit, Tuchfarbe mystic grey - Bantam Camping AG<\/title>\n<meta name=\"robots\" content=\"index, follow, max-snippet:-1, max-image-preview:large, max-video-preview:-1\" \/>\n<link rel=\"canonical\" href=\"https:\/\/shop.bantam.ch\/de\/produkt\/wandmarkise-omnistor-8000-ohne-motor-gehaeusefarbe-anthrazit-tuchfarbe-mystic-grey\/\" \/>\n<meta property=\"og:locale\" content=\"de_DE\" \/>\n<meta property=\"og:type\" content=\"article\" \/>\n<meta property=\"og:title\" content=\"Wandmarkise Omnistor 8000 ohne Motor Geh\u00e4usefarbe anthrazit, Tuchfarbe mystic grey - Bantam Camping AG\" \/>\n<meta property=\"og:description\" content=\"Auszug bis zu 2,75 m f\u00fcr einen gr\u00f6\u00dferen privaten Bereich und zum Schutz vor Sonne und Regen Mit praktischem Quick Lock-System zur einfachen Montage und Einstellung der St\u00fctzf\u00fc\u00dfe Vertikales Absenksystem, um die Beine ausklappen zu k\u00f6nnen, ohne das Fahrzeug zu besch\u00e4digen Die Gelenkarme sind mit integrierten Spannarmen versehen, die f\u00fcr eine optimale Spannung des Tuches [&hellip;]\" \/>\n<meta property=\"og:url\" content=\"https:\/\/shop.bantam.ch\/de\/produkt\/wandmarkise-omnistor-8000-ohne-motor-gehaeusefarbe-anthrazit-tuchfarbe-mystic-grey\/\" \/>\n<meta property=\"og:site_name\" content=\"Bantam Camping AG\" \/>\n<meta property=\"article:modified_time\" content=\"2026-04-17T23:07:13+00:00\" \/>\n<meta property=\"og:image\" content=\"https:\/\/shop.bantam.ch\/wp-content\/uploads\/2024\/05\/Movera-L-9954759100.jpg\" \/>\n\t<meta property=\"og:image:width\" content=\"640\" \/>\n\t<meta property=\"og:image:height\" content=\"399\" \/>\n\t<meta property=\"og:image:type\" content=\"image\/jpeg\" \/>\n<meta name=\"twitter:card\" content=\"summary_large_image\" \/>\n<meta name=\"twitter:label1\" content=\"Gesch\u00e4tzte Lesezeit\" \/>\n\t<meta name=\"twitter:data1\" content=\"1\u00a0Minute\" \/>\n<script type=\"application\/ld+json\" class=\"yoast-schema-graph\">{\"@context\":\"https:\\\/\\\/schema.org\",\"@graph\":[{\"@type\":\"WebPage\",\"@id\":\"https:\\\/\\\/shop.bantam.ch\\\/de\\\/produkt\\\/wandmarkise-omnistor-8000-ohne-motor-gehaeusefarbe-anthrazit-tuchfarbe-mystic-grey\\\/\",\"url\":\"https:\\\/\\\/shop.bantam.ch\\\/de\\\/produkt\\\/wandmarkise-omnistor-8000-ohne-motor-gehaeusefarbe-anthrazit-tuchfarbe-mystic-grey\\\/\",\"name\":\"Wandmarkise Omnistor 8000 ohne Motor Geh\u00e4usefarbe anthrazit, Tuchfarbe mystic grey - Bantam Camping AG\",\"isPartOf\":{\"@id\":\"https:\\\/\\\/shop.bantam.ch\\\/de\\\/#website\"},\"primaryImageOfPage\":{\"@id\":\"https:\\\/\\\/shop.bantam.ch\\\/de\\\/produkt\\\/wandmarkise-omnistor-8000-ohne-motor-gehaeusefarbe-anthrazit-tuchfarbe-mystic-grey\\\/#primaryimage\"},\"image\":{\"@id\":\"https:\\\/\\\/shop.bantam.ch\\\/de\\\/produkt\\\/wandmarkise-omnistor-8000-ohne-motor-gehaeusefarbe-anthrazit-tuchfarbe-mystic-grey\\\/#primaryimage\"},\"thumbnailUrl\":\"https:\\\/\\\/shop.bantam.ch\\\/wp-content\\\/uploads\\\/2024\\\/05\\\/Movera-L-9954759100.jpg\",\"datePublished\":\"2024-05-15T13:36:46+00:00\",\"dateModified\":\"2026-04-17T23:07:13+00:00\",\"breadcrumb\":{\"@id\":\"https:\\\/\\\/shop.bantam.ch\\\/de\\\/produkt\\\/wandmarkise-omnistor-8000-ohne-motor-gehaeusefarbe-anthrazit-tuchfarbe-mystic-grey\\\/#breadcrumb\"},\"inLanguage\":\"de\",\"potentialAction\":[{\"@type\":\"ReadAction\",\"target\":[\"https:\\\/\\\/shop.bantam.ch\\\/de\\\/produkt\\\/wandmarkise-omnistor-8000-ohne-motor-gehaeusefarbe-anthrazit-tuchfarbe-mystic-grey\\\/\"]}]},{\"@type\":\"ImageObject\",\"inLanguage\":\"de\",\"@id\":\"https:\\\/\\\/shop.bantam.ch\\\/de\\\/produkt\\\/wandmarkise-omnistor-8000-ohne-motor-gehaeusefarbe-anthrazit-tuchfarbe-mystic-grey\\\/#primaryimage\",\"url\":\"https:\\\/\\\/shop.bantam.ch\\\/wp-content\\\/uploads\\\/2024\\\/05\\\/Movera-L-9954759100.jpg\",\"contentUrl\":\"https:\\\/\\\/shop.bantam.ch\\\/wp-content\\\/uploads\\\/2024\\\/05\\\/Movera-L-9954759100.jpg\",\"width\":640,\"height\":399},{\"@type\":\"BreadcrumbList\",\"@id\":\"https:\\\/\\\/shop.bantam.ch\\\/de\\\/produkt\\\/wandmarkise-omnistor-8000-ohne-motor-gehaeusefarbe-anthrazit-tuchfarbe-mystic-grey\\\/#breadcrumb\",\"itemListElement\":[{\"@type\":\"ListItem\",\"position\":1,\"name\":\"Accueil\",\"item\":\"https:\\\/\\\/shop.bantam.ch\\\/de\\\/\"},{\"@type\":\"ListItem\",\"position\":2,\"name\":\"Shop\",\"item\":\"https:\\\/\\\/shop.bantam.ch\\\/de\\\/shop\\\/\"},{\"@type\":\"ListItem\",\"position\":3,\"name\":\"Wandmarkise Omnistor 8000 ohne Motor Geh\u00e4usefarbe anthrazit, Tuchfarbe mystic grey\"}]},{\"@type\":\"WebSite\",\"@id\":\"https:\\\/\\\/shop.bantam.ch\\\/de\\\/#website\",\"url\":\"https:\\\/\\\/shop.bantam.ch\\\/de\\\/\",\"name\":\"Bantam Camping AG\",\"description\":\"\",\"publisher\":{\"@id\":\"https:\\\/\\\/shop.bantam.ch\\\/de\\\/#organization\"},\"inLanguage\":\"de\"},{\"@type\":\"Organization\",\"@id\":\"https:\\\/\\\/shop.bantam.ch\\\/de\\\/#organization\",\"name\":\"Bantam Camping AG\",\"url\":\"https:\\\/\\\/shop.bantam.ch\\\/de\\\/\",\"logo\":{\"@type\":\"ImageObject\",\"inLanguage\":\"de\",\"@id\":\"https:\\\/\\\/shop.bantam.ch\\\/de\\\/#\\\/schema\\\/logo\\\/image\\\/\",\"url\":\"https:\\\/\\\/shop.bantam.ch\\\/wp-content\\\/uploads\\\/2022\\\/12\\\/bantam-logo.png\",\"contentUrl\":\"https:\\\/\\\/shop.bantam.ch\\\/wp-content\\\/uploads\\\/2022\\\/12\\\/bantam-logo.png\",\"width\":320,\"height\":71,\"caption\":\"Bantam Camping AG\"},\"image\":{\"@id\":\"https:\\\/\\\/shop.bantam.ch\\\/de\\\/#\\\/schema\\\/logo\\\/image\\\/\"}}]}<\/script>\n<!-- \/ Yoast SEO plugin. -->","yoast_head_json":{"title":"Wandmarkise Omnistor 8000 ohne Motor Geh\u00e4usefarbe anthrazit, Tuchfarbe mystic grey - Bantam Camping AG","robots":{"index":"index","follow":"follow","max-snippet":"max-snippet:-1","max-image-preview":"max-image-preview:large","max-video-preview":"max-video-preview:-1"},"canonical":"https:\/\/shop.bantam.ch\/de\/produkt\/wandmarkise-omnistor-8000-ohne-motor-gehaeusefarbe-anthrazit-tuchfarbe-mystic-grey\/","og_locale":"de_DE","og_type":"article","og_title":"Wandmarkise Omnistor 8000 ohne Motor Geh\u00e4usefarbe anthrazit, Tuchfarbe mystic grey - Bantam Camping AG","og_description":"Auszug bis zu 2,75 m f\u00fcr einen gr\u00f6\u00dferen privaten Bereich und zum Schutz vor Sonne und Regen Mit praktischem Quick Lock-System zur einfachen Montage und Einstellung der St\u00fctzf\u00fc\u00dfe Vertikales Absenksystem, um die Beine ausklappen zu k\u00f6nnen, ohne das Fahrzeug zu besch\u00e4digen Die Gelenkarme sind mit integrierten Spannarmen versehen, die f\u00fcr eine optimale Spannung des Tuches [&hellip;]","og_url":"https:\/\/shop.bantam.ch\/de\/produkt\/wandmarkise-omnistor-8000-ohne-motor-gehaeusefarbe-anthrazit-tuchfarbe-mystic-grey\/","og_site_name":"Bantam Camping AG","article_modified_time":"2026-04-17T23:07:13+00:00","og_image":[{"width":640,"height":399,"url":"https:\/\/shop.bantam.ch\/wp-content\/uploads\/2024\/05\/Movera-L-9954759100.jpg","type":"image\/jpeg"}],"twitter_card":"summary_large_image","twitter_misc":{"Gesch\u00e4tzte Lesezeit":"1\u00a0Minute"},"schema":{"@context":"https:\/\/schema.org","@graph":[{"@type":"WebPage","@id":"https:\/\/shop.bantam.ch\/de\/produkt\/wandmarkise-omnistor-8000-ohne-motor-gehaeusefarbe-anthrazit-tuchfarbe-mystic-grey\/","url":"https:\/\/shop.bantam.ch\/de\/produkt\/wandmarkise-omnistor-8000-ohne-motor-gehaeusefarbe-anthrazit-tuchfarbe-mystic-grey\/","name":"Wandmarkise Omnistor 8000 ohne Motor Geh\u00e4usefarbe anthrazit, Tuchfarbe mystic grey - Bantam Camping AG","isPartOf":{"@id":"https:\/\/shop.bantam.ch\/de\/#website"},"primaryImageOfPage":{"@id":"https:\/\/shop.bantam.ch\/de\/produkt\/wandmarkise-omnistor-8000-ohne-motor-gehaeusefarbe-anthrazit-tuchfarbe-mystic-grey\/#primaryimage"},"image":{"@id":"https:\/\/shop.bantam.ch\/de\/produkt\/wandmarkise-omnistor-8000-ohne-motor-gehaeusefarbe-anthrazit-tuchfarbe-mystic-grey\/#primaryimage"},"thumbnailUrl":"https:\/\/shop.bantam.ch\/wp-content\/uploads\/2024\/05\/Movera-L-9954759100.jpg","datePublished":"2024-05-15T13:36:46+00:00","dateModified":"2026-04-17T23:07:13+00:00","breadcrumb":{"@id":"https:\/\/shop.bantam.ch\/de\/produkt\/wandmarkise-omnistor-8000-ohne-motor-gehaeusefarbe-anthrazit-tuchfarbe-mystic-grey\/#breadcrumb"},"inLanguage":"de","potentialAction":[{"@type":"ReadAction","target":["https:\/\/shop.bantam.ch\/de\/produkt\/wandmarkise-omnistor-8000-ohne-motor-gehaeusefarbe-anthrazit-tuchfarbe-mystic-grey\/"]}]},{"@type":"ImageObject","inLanguage":"de","@id":"https:\/\/shop.bantam.ch\/de\/produkt\/wandmarkise-omnistor-8000-ohne-motor-gehaeusefarbe-anthrazit-tuchfarbe-mystic-grey\/#primaryimage","url":"https:\/\/shop.bantam.ch\/wp-content\/uploads\/2024\/05\/Movera-L-9954759100.jpg","contentUrl":"https:\/\/shop.bantam.ch\/wp-content\/uploads\/2024\/05\/Movera-L-9954759100.jpg","width":640,"height":399},{"@type":"BreadcrumbList","@id":"https:\/\/shop.bantam.ch\/de\/produkt\/wandmarkise-omnistor-8000-ohne-motor-gehaeusefarbe-anthrazit-tuchfarbe-mystic-grey\/#breadcrumb","itemListElement":[{"@type":"ListItem","position":1,"name":"Accueil","item":"https:\/\/shop.bantam.ch\/de\/"},{"@type":"ListItem","position":2,"name":"Shop","item":"https:\/\/shop.bantam.ch\/de\/shop\/"},{"@type":"ListItem","position":3,"name":"Wandmarkise Omnistor 8000 ohne Motor Geh\u00e4usefarbe anthrazit, Tuchfarbe mystic grey"}]},{"@type":"WebSite","@id":"https:\/\/shop.bantam.ch\/de\/#website","url":"https:\/\/shop.bantam.ch\/de\/","name":"Bantam Camping AG","description":"","publisher":{"@id":"https:\/\/shop.bantam.ch\/de\/#organization"},"inLanguage":"de"},{"@type":"Organization","@id":"https:\/\/shop.bantam.ch\/de\/#organization","name":"Bantam Camping AG","url":"https:\/\/shop.bantam.ch\/de\/","logo":{"@type":"ImageObject","inLanguage":"de","@id":"https:\/\/shop.bantam.ch\/de\/#\/schema\/logo\/image\/","url":"https:\/\/shop.bantam.ch\/wp-content\/uploads\/2022\/12\/bantam-logo.png","contentUrl":"https:\/\/shop.bantam.ch\/wp-content\/uploads\/2022\/12\/bantam-logo.png","width":320,"height":71,"caption":"Bantam Camping AG"},"image":{"@id":"https:\/\/shop.bantam.ch\/de\/#\/schema\/logo\/image\/"}}]}},"_links":{"self":[{"href":"https:\/\/shop.bantam.ch\/de\/wp-json\/wp\/v2\/product\/195568","targetHints":{"allow":["GET"]}}],"collection":[{"href":"https:\/\/shop.bantam.ch\/de\/wp-json\/wp\/v2\/product"}],"about":[{"href":"https:\/\/shop.bantam.ch\/de\/wp-json\/wp\/v2\/types\/product"}],"wp:featuredmedia":[{"embeddable":true,"href":"https:\/\/shop.bantam.ch\/de\/wp-json\/wp\/v2\/media\/195551"}],"wp:attachment":[{"href":"https:\/\/shop.bantam.ch\/de\/wp-json\/wp\/v2\/media?parent=195568"}],"wp:term":[{"taxonomy":"product_featured_cat","embeddable":true,"href":"https:\/\/shop.bantam.ch\/de\/wp-json\/wp\/v2\/product_featured_cat?post=195568"},{"taxonomy":"product_brand","embeddable":true,"href":"https:\/\/shop.bantam.ch\/de\/wp-json\/wp\/v2\/product_brand?post=195568"},{"taxonomy":"product_cat","embeddable":true,"href":"https:\/\/shop.bantam.ch\/de\/wp-json\/wp\/v2\/product_cat?post=195568"},{"taxonomy":"product_tag","embeddable":true,"href":"https:\/\/shop.bantam.ch\/de\/wp-json\/wp\/v2\/product_tag?post=195568"}],"curies":[{"name":"wp","href":"https:\/\/api.w.org\/{rel}","templated":true}]}}