{"id":195543,"date":"2024-05-15T15:36:18","date_gmt":"2024-05-15T13:36:18","guid":{"rendered":"https:\/\/shop.bantam.ch\/produit\/luftverteiler-truma-aventa-compact\/"},"modified":"2026-04-18T01:07:04","modified_gmt":"2026-04-17T23:07:04","slug":"luftverteiler-truma-aventa-compact","status":"publish","type":"product","link":"https:\/\/shop.bantam.ch\/de\/produkt\/luftverteiler-truma-aventa-compact\/","title":{"rendered":"Luftverteiler truma Aventa compact"},"content":{"rendered":"<p>\u00dcber den Luftverteiler small str\u00f6mt die k\u00fchle Luft in den gesamten Innenraum. Die vier Ausl\u00e4sse k\u00f6nnen individuell eingestellt werden und dosieren den Luftstrom gleichm\u00e4\u00dfig und zugluftfrei im Fahrzeug.<\/p>\n<p>Beim Luftverteiler small muss kein seitlicher Freiraum ber\u00fccksichtigt werden. Dadurch und durch die kompakten Abmessungen, bietet er wesentlich flexiblere Gestaltungsm\u00f6glichkeiten beim M\u00f6belbau. Vor und hinter den Luftverteilern muss ein ungehindertes Ausblasen gew\u00e4hrleistet sein.<br \/>\nErfrischt souver\u00e4n, leicht, leise, leistungsstark.<\/p>\n","protected":false},"excerpt":{"rendered":"<p>\u00dcber den Luftverteiler small str\u00f6mt die k\u00fchle Luft in den gesamten Innenraum. Die vier Ausl\u00e4sse k\u00f6nnen individuell eingestellt werden und dosieren den Luftstrom gleichm\u00e4\u00dfig und zugluftfrei im Fahrzeug. Beim Luftverteiler small muss kein seitlicher Freiraum ber\u00fccksichtigt werden. Dadurch und durch die kompakten Abmessungen, bietet er wesentlich flexiblere Gestaltungsm\u00f6glichkeiten beim M\u00f6belbau. Vor und hinter den Luftverteilern [&hellip;]<\/p>\n","protected":false},"featured_media":195539,"template":"","meta":{"_acf_changed":false},"product_featured_cat":[],"product_brand":[3027],"product_cat":[4090],"product_tag":[],"class_list":{"0":"post-195543","1":"product","2":"type-product","3":"status-publish","4":"has-post-thumbnail","6":"product_brand-truma-de","7":"product_cat-klimaanlagen","9":"first","10":"instock","11":"taxable","12":"shipping-taxable","13":"purchasable","14":"product-type-variable"},"acf":[],"yoast_head":"<!-- This site is optimized with the Yoast SEO plugin v27.4 - https:\/\/yoast.com\/product\/yoast-seo-wordpress\/ -->\n<title>Luftverteiler truma Aventa compact - Bantam Camping AG<\/title>\n<meta name=\"robots\" content=\"index, follow, max-snippet:-1, max-image-preview:large, max-video-preview:-1\" \/>\n<link rel=\"canonical\" href=\"https:\/\/shop.bantam.ch\/de\/produkt\/luftverteiler-truma-aventa-compact\/\" \/>\n<meta property=\"og:locale\" content=\"de_DE\" \/>\n<meta property=\"og:type\" content=\"article\" \/>\n<meta property=\"og:title\" content=\"Luftverteiler truma Aventa compact - Bantam Camping AG\" \/>\n<meta property=\"og:description\" content=\"\u00dcber den Luftverteiler small str\u00f6mt die k\u00fchle Luft in den gesamten Innenraum. Die vier Ausl\u00e4sse k\u00f6nnen individuell eingestellt werden und dosieren den Luftstrom gleichm\u00e4\u00dfig und zugluftfrei im Fahrzeug. Beim Luftverteiler small muss kein seitlicher Freiraum ber\u00fccksichtigt werden. Dadurch und durch die kompakten Abmessungen, bietet er wesentlich flexiblere Gestaltungsm\u00f6glichkeiten beim M\u00f6belbau. Vor und hinter den Luftverteilern [&hellip;]\" \/>\n<meta property=\"og:url\" content=\"https:\/\/shop.bantam.ch\/de\/produkt\/luftverteiler-truma-aventa-compact\/\" \/>\n<meta property=\"og:site_name\" content=\"Bantam Camping AG\" \/>\n<meta property=\"article:modified_time\" content=\"2026-04-17T23:07:04+00:00\" \/>\n<meta property=\"og:image\" content=\"https:\/\/shop.bantam.ch\/wp-content\/uploads\/2024\/05\/Movera-L-9954212100.jpg\" \/>\n\t<meta property=\"og:image:width\" content=\"640\" \/>\n\t<meta property=\"og:image:height\" content=\"360\" \/>\n\t<meta property=\"og:image:type\" content=\"image\/jpeg\" \/>\n<meta name=\"twitter:card\" content=\"summary_large_image\" \/>\n<script type=\"application\/ld+json\" class=\"yoast-schema-graph\">{\"@context\":\"https:\\\/\\\/schema.org\",\"@graph\":[{\"@type\":\"WebPage\",\"@id\":\"https:\\\/\\\/shop.bantam.ch\\\/de\\\/produkt\\\/luftverteiler-truma-aventa-compact\\\/\",\"url\":\"https:\\\/\\\/shop.bantam.ch\\\/de\\\/produkt\\\/luftverteiler-truma-aventa-compact\\\/\",\"name\":\"Luftverteiler truma Aventa compact - Bantam Camping AG\",\"isPartOf\":{\"@id\":\"https:\\\/\\\/shop.bantam.ch\\\/de\\\/#website\"},\"primaryImageOfPage\":{\"@id\":\"https:\\\/\\\/shop.bantam.ch\\\/de\\\/produkt\\\/luftverteiler-truma-aventa-compact\\\/#primaryimage\"},\"image\":{\"@id\":\"https:\\\/\\\/shop.bantam.ch\\\/de\\\/produkt\\\/luftverteiler-truma-aventa-compact\\\/#primaryimage\"},\"thumbnailUrl\":\"https:\\\/\\\/shop.bantam.ch\\\/wp-content\\\/uploads\\\/2024\\\/05\\\/Movera-L-9954212100.jpg\",\"datePublished\":\"2024-05-15T13:36:18+00:00\",\"dateModified\":\"2026-04-17T23:07:04+00:00\",\"breadcrumb\":{\"@id\":\"https:\\\/\\\/shop.bantam.ch\\\/de\\\/produkt\\\/luftverteiler-truma-aventa-compact\\\/#breadcrumb\"},\"inLanguage\":\"de\",\"potentialAction\":[{\"@type\":\"ReadAction\",\"target\":[\"https:\\\/\\\/shop.bantam.ch\\\/de\\\/produkt\\\/luftverteiler-truma-aventa-compact\\\/\"]}]},{\"@type\":\"ImageObject\",\"inLanguage\":\"de\",\"@id\":\"https:\\\/\\\/shop.bantam.ch\\\/de\\\/produkt\\\/luftverteiler-truma-aventa-compact\\\/#primaryimage\",\"url\":\"https:\\\/\\\/shop.bantam.ch\\\/wp-content\\\/uploads\\\/2024\\\/05\\\/Movera-L-9954212100.jpg\",\"contentUrl\":\"https:\\\/\\\/shop.bantam.ch\\\/wp-content\\\/uploads\\\/2024\\\/05\\\/Movera-L-9954212100.jpg\",\"width\":640,\"height\":360},{\"@type\":\"BreadcrumbList\",\"@id\":\"https:\\\/\\\/shop.bantam.ch\\\/de\\\/produkt\\\/luftverteiler-truma-aventa-compact\\\/#breadcrumb\",\"itemListElement\":[{\"@type\":\"ListItem\",\"position\":1,\"name\":\"Accueil\",\"item\":\"https:\\\/\\\/shop.bantam.ch\\\/de\\\/\"},{\"@type\":\"ListItem\",\"position\":2,\"name\":\"Shop\",\"item\":\"https:\\\/\\\/shop.bantam.ch\\\/de\\\/shop\\\/\"},{\"@type\":\"ListItem\",\"position\":3,\"name\":\"Luftverteiler truma Aventa compact\"}]},{\"@type\":\"WebSite\",\"@id\":\"https:\\\/\\\/shop.bantam.ch\\\/de\\\/#website\",\"url\":\"https:\\\/\\\/shop.bantam.ch\\\/de\\\/\",\"name\":\"Bantam Camping AG\",\"description\":\"\",\"publisher\":{\"@id\":\"https:\\\/\\\/shop.bantam.ch\\\/de\\\/#organization\"},\"inLanguage\":\"de\"},{\"@type\":\"Organization\",\"@id\":\"https:\\\/\\\/shop.bantam.ch\\\/de\\\/#organization\",\"name\":\"Bantam Camping AG\",\"url\":\"https:\\\/\\\/shop.bantam.ch\\\/de\\\/\",\"logo\":{\"@type\":\"ImageObject\",\"inLanguage\":\"de\",\"@id\":\"https:\\\/\\\/shop.bantam.ch\\\/de\\\/#\\\/schema\\\/logo\\\/image\\\/\",\"url\":\"https:\\\/\\\/shop.bantam.ch\\\/wp-content\\\/uploads\\\/2022\\\/12\\\/bantam-logo.png\",\"contentUrl\":\"https:\\\/\\\/shop.bantam.ch\\\/wp-content\\\/uploads\\\/2022\\\/12\\\/bantam-logo.png\",\"width\":320,\"height\":71,\"caption\":\"Bantam Camping AG\"},\"image\":{\"@id\":\"https:\\\/\\\/shop.bantam.ch\\\/de\\\/#\\\/schema\\\/logo\\\/image\\\/\"}}]}<\/script>\n<!-- \/ Yoast SEO plugin. -->","yoast_head_json":{"title":"Luftverteiler truma Aventa compact - Bantam Camping AG","robots":{"index":"index","follow":"follow","max-snippet":"max-snippet:-1","max-image-preview":"max-image-preview:large","max-video-preview":"max-video-preview:-1"},"canonical":"https:\/\/shop.bantam.ch\/de\/produkt\/luftverteiler-truma-aventa-compact\/","og_locale":"de_DE","og_type":"article","og_title":"Luftverteiler truma Aventa compact - Bantam Camping AG","og_description":"\u00dcber den Luftverteiler small str\u00f6mt die k\u00fchle Luft in den gesamten Innenraum. Die vier Ausl\u00e4sse k\u00f6nnen individuell eingestellt werden und dosieren den Luftstrom gleichm\u00e4\u00dfig und zugluftfrei im Fahrzeug. Beim Luftverteiler small muss kein seitlicher Freiraum ber\u00fccksichtigt werden. Dadurch und durch die kompakten Abmessungen, bietet er wesentlich flexiblere Gestaltungsm\u00f6glichkeiten beim M\u00f6belbau. Vor und hinter den Luftverteilern [&hellip;]","og_url":"https:\/\/shop.bantam.ch\/de\/produkt\/luftverteiler-truma-aventa-compact\/","og_site_name":"Bantam Camping AG","article_modified_time":"2026-04-17T23:07:04+00:00","og_image":[{"width":640,"height":360,"url":"https:\/\/shop.bantam.ch\/wp-content\/uploads\/2024\/05\/Movera-L-9954212100.jpg","type":"image\/jpeg"}],"twitter_card":"summary_large_image","schema":{"@context":"https:\/\/schema.org","@graph":[{"@type":"WebPage","@id":"https:\/\/shop.bantam.ch\/de\/produkt\/luftverteiler-truma-aventa-compact\/","url":"https:\/\/shop.bantam.ch\/de\/produkt\/luftverteiler-truma-aventa-compact\/","name":"Luftverteiler truma Aventa compact - Bantam Camping AG","isPartOf":{"@id":"https:\/\/shop.bantam.ch\/de\/#website"},"primaryImageOfPage":{"@id":"https:\/\/shop.bantam.ch\/de\/produkt\/luftverteiler-truma-aventa-compact\/#primaryimage"},"image":{"@id":"https:\/\/shop.bantam.ch\/de\/produkt\/luftverteiler-truma-aventa-compact\/#primaryimage"},"thumbnailUrl":"https:\/\/shop.bantam.ch\/wp-content\/uploads\/2024\/05\/Movera-L-9954212100.jpg","datePublished":"2024-05-15T13:36:18+00:00","dateModified":"2026-04-17T23:07:04+00:00","breadcrumb":{"@id":"https:\/\/shop.bantam.ch\/de\/produkt\/luftverteiler-truma-aventa-compact\/#breadcrumb"},"inLanguage":"de","potentialAction":[{"@type":"ReadAction","target":["https:\/\/shop.bantam.ch\/de\/produkt\/luftverteiler-truma-aventa-compact\/"]}]},{"@type":"ImageObject","inLanguage":"de","@id":"https:\/\/shop.bantam.ch\/de\/produkt\/luftverteiler-truma-aventa-compact\/#primaryimage","url":"https:\/\/shop.bantam.ch\/wp-content\/uploads\/2024\/05\/Movera-L-9954212100.jpg","contentUrl":"https:\/\/shop.bantam.ch\/wp-content\/uploads\/2024\/05\/Movera-L-9954212100.jpg","width":640,"height":360},{"@type":"BreadcrumbList","@id":"https:\/\/shop.bantam.ch\/de\/produkt\/luftverteiler-truma-aventa-compact\/#breadcrumb","itemListElement":[{"@type":"ListItem","position":1,"name":"Accueil","item":"https:\/\/shop.bantam.ch\/de\/"},{"@type":"ListItem","position":2,"name":"Shop","item":"https:\/\/shop.bantam.ch\/de\/shop\/"},{"@type":"ListItem","position":3,"name":"Luftverteiler truma Aventa compact"}]},{"@type":"WebSite","@id":"https:\/\/shop.bantam.ch\/de\/#website","url":"https:\/\/shop.bantam.ch\/de\/","name":"Bantam Camping AG","description":"","publisher":{"@id":"https:\/\/shop.bantam.ch\/de\/#organization"},"inLanguage":"de"},{"@type":"Organization","@id":"https:\/\/shop.bantam.ch\/de\/#organization","name":"Bantam Camping AG","url":"https:\/\/shop.bantam.ch\/de\/","logo":{"@type":"ImageObject","inLanguage":"de","@id":"https:\/\/shop.bantam.ch\/de\/#\/schema\/logo\/image\/","url":"https:\/\/shop.bantam.ch\/wp-content\/uploads\/2022\/12\/bantam-logo.png","contentUrl":"https:\/\/shop.bantam.ch\/wp-content\/uploads\/2022\/12\/bantam-logo.png","width":320,"height":71,"caption":"Bantam Camping AG"},"image":{"@id":"https:\/\/shop.bantam.ch\/de\/#\/schema\/logo\/image\/"}}]}},"_links":{"self":[{"href":"https:\/\/shop.bantam.ch\/de\/wp-json\/wp\/v2\/product\/195543","targetHints":{"allow":["GET"]}}],"collection":[{"href":"https:\/\/shop.bantam.ch\/de\/wp-json\/wp\/v2\/product"}],"about":[{"href":"https:\/\/shop.bantam.ch\/de\/wp-json\/wp\/v2\/types\/product"}],"wp:featuredmedia":[{"embeddable":true,"href":"https:\/\/shop.bantam.ch\/de\/wp-json\/wp\/v2\/media\/195539"}],"wp:attachment":[{"href":"https:\/\/shop.bantam.ch\/de\/wp-json\/wp\/v2\/media?parent=195543"}],"wp:term":[{"taxonomy":"product_featured_cat","embeddable":true,"href":"https:\/\/shop.bantam.ch\/de\/wp-json\/wp\/v2\/product_featured_cat?post=195543"},{"taxonomy":"product_brand","embeddable":true,"href":"https:\/\/shop.bantam.ch\/de\/wp-json\/wp\/v2\/product_brand?post=195543"},{"taxonomy":"product_cat","embeddable":true,"href":"https:\/\/shop.bantam.ch\/de\/wp-json\/wp\/v2\/product_cat?post=195543"},{"taxonomy":"product_tag","embeddable":true,"href":"https:\/\/shop.bantam.ch\/de\/wp-json\/wp\/v2\/product_tag?post=195543"}],"curies":[{"name":"wp","href":"https:\/\/api.w.org\/{rel}","templated":true}]}}