{"id":195493,"date":"2024-05-15T15:34:47","date_gmt":"2024-05-15T13:34:47","guid":{"rendered":"https:\/\/shop.bantam.ch\/produit\/dessertteller-melamin-mepal-flow-durchm-23-cm-fb-nordic-green\/"},"modified":"2026-05-02T23:00:57","modified_gmt":"2026-05-02T21:00:57","slug":"dessertteller-melamin-mepal-flow-durchm-23-cm-fb-nordic-green","status":"publish","type":"product","link":"https:\/\/shop.bantam.ch\/de\/produkt\/dessertteller-melamin-mepal-flow-durchm-23-cm-fb-nordic-green\/","title":{"rendered":"Dessertteller Melamin Mepal Flow Durchm. 23 cm Fb. nordic green"},"content":{"rendered":"<p>Das Geschirr Flow hebt sich durch seine zeitgem\u00e4\u00dfe Formgebung und gute Stapelbarkeit hervor. Da Sie das Geschirr einfach stapeln k\u00f6nnen, passt es perfekt in die (K\u00fcchen)Schr\u00e4nke von Lauben, Booten, Wohnwagen, ect.<\/p>\n","protected":false},"excerpt":{"rendered":"<p>Das Geschirr Flow hebt sich durch seine zeitgem\u00e4\u00dfe Formgebung und gute Stapelbarkeit hervor. Da Sie das Geschirr einfach stapeln k\u00f6nnen, passt es perfekt in die (K\u00fcchen)Schr\u00e4nke von Lauben, Booten, Wohnwagen, ect.<\/p>\n","protected":false},"featured_media":206627,"template":"","meta":{"_acf_changed":false},"product_featured_cat":[5322],"product_brand":[3327],"product_cat":[4272],"product_tag":[],"class_list":{"0":"post-195493","1":"product","2":"type-product","3":"status-publish","4":"has-post-thumbnail","6":"product_featured_cat-sonderangebot-geschirr","7":"product_brand-mepal-de","8":"product_cat-teller-eierbecher","10":"first","11":"instock","12":"sale","13":"taxable","14":"shipping-taxable","15":"purchasable","16":"product-type-simple"},"acf":[],"yoast_head":"<!-- This site is optimized with the Yoast SEO plugin v27.5 - https:\/\/yoast.com\/product\/yoast-seo-wordpress\/ -->\n<title>Dessertteller Melamin Mepal Flow Durchm. 23 cm Fb. nordic green - Bantam<\/title>\n<meta name=\"robots\" content=\"index, follow, max-snippet:-1, max-image-preview:large, max-video-preview:-1\" \/>\n<link rel=\"canonical\" href=\"https:\/\/shop.bantam.ch\/de\/produkt\/dessertteller-melamin-mepal-flow-durchm-23-cm-fb-nordic-green\/\" \/>\n<meta property=\"og:locale\" content=\"de_DE\" \/>\n<meta property=\"og:type\" content=\"article\" \/>\n<meta property=\"og:title\" content=\"Dessertteller Melamin Mepal Flow Durchm. 23 cm Fb. nordic green - Bantam\" \/>\n<meta property=\"og:description\" content=\"Das Geschirr Flow hebt sich durch seine zeitgem\u00e4\u00dfe Formgebung und gute Stapelbarkeit hervor. Da Sie das Geschirr einfach stapeln k\u00f6nnen, passt es perfekt in die (K\u00fcchen)Schr\u00e4nke von Lauben, Booten, Wohnwagen, ect.\" \/>\n<meta property=\"og:url\" content=\"https:\/\/shop.bantam.ch\/de\/produkt\/dessertteller-melamin-mepal-flow-durchm-23-cm-fb-nordic-green\/\" \/>\n<meta property=\"og:site_name\" content=\"Bantam\" \/>\n<meta property=\"article:modified_time\" content=\"2026-05-02T21:00:57+00:00\" \/>\n<meta property=\"og:image\" content=\"https:\/\/shop.bantam.ch\/wp-content\/uploads\/2024\/09\/Movera-L-9954396100.jpg\" \/>\n\t<meta property=\"og:image:width\" content=\"640\" \/>\n\t<meta property=\"og:image:height\" content=\"427\" \/>\n\t<meta property=\"og:image:type\" content=\"image\/jpeg\" \/>\n<meta name=\"twitter:card\" content=\"summary_large_image\" \/>\n<script type=\"application\/ld+json\" class=\"yoast-schema-graph\">{\"@context\":\"https:\\\/\\\/schema.org\",\"@graph\":[{\"@type\":\"WebPage\",\"@id\":\"https:\\\/\\\/shop.bantam.ch\\\/de\\\/produkt\\\/dessertteller-melamin-mepal-flow-durchm-23-cm-fb-nordic-green\\\/\",\"url\":\"https:\\\/\\\/shop.bantam.ch\\\/de\\\/produkt\\\/dessertteller-melamin-mepal-flow-durchm-23-cm-fb-nordic-green\\\/\",\"name\":\"Dessertteller Melamin Mepal Flow Durchm. 23 cm Fb. nordic green - Bantam\",\"isPartOf\":{\"@id\":\"https:\\\/\\\/shop.bantam.ch\\\/de\\\/#website\"},\"primaryImageOfPage\":{\"@id\":\"https:\\\/\\\/shop.bantam.ch\\\/de\\\/produkt\\\/dessertteller-melamin-mepal-flow-durchm-23-cm-fb-nordic-green\\\/#primaryimage\"},\"image\":{\"@id\":\"https:\\\/\\\/shop.bantam.ch\\\/de\\\/produkt\\\/dessertteller-melamin-mepal-flow-durchm-23-cm-fb-nordic-green\\\/#primaryimage\"},\"thumbnailUrl\":\"https:\\\/\\\/shop.bantam.ch\\\/wp-content\\\/uploads\\\/2024\\\/09\\\/Movera-L-9954396100.jpg\",\"datePublished\":\"2024-05-15T13:34:47+00:00\",\"dateModified\":\"2026-05-02T21:00:57+00:00\",\"breadcrumb\":{\"@id\":\"https:\\\/\\\/shop.bantam.ch\\\/de\\\/produkt\\\/dessertteller-melamin-mepal-flow-durchm-23-cm-fb-nordic-green\\\/#breadcrumb\"},\"inLanguage\":\"de\",\"potentialAction\":[{\"@type\":\"ReadAction\",\"target\":[\"https:\\\/\\\/shop.bantam.ch\\\/de\\\/produkt\\\/dessertteller-melamin-mepal-flow-durchm-23-cm-fb-nordic-green\\\/\"]}]},{\"@type\":\"ImageObject\",\"inLanguage\":\"de\",\"@id\":\"https:\\\/\\\/shop.bantam.ch\\\/de\\\/produkt\\\/dessertteller-melamin-mepal-flow-durchm-23-cm-fb-nordic-green\\\/#primaryimage\",\"url\":\"https:\\\/\\\/shop.bantam.ch\\\/wp-content\\\/uploads\\\/2024\\\/09\\\/Movera-L-9954396100.jpg\",\"contentUrl\":\"https:\\\/\\\/shop.bantam.ch\\\/wp-content\\\/uploads\\\/2024\\\/09\\\/Movera-L-9954396100.jpg\",\"width\":640,\"height\":427},{\"@type\":\"BreadcrumbList\",\"@id\":\"https:\\\/\\\/shop.bantam.ch\\\/de\\\/produkt\\\/dessertteller-melamin-mepal-flow-durchm-23-cm-fb-nordic-green\\\/#breadcrumb\",\"itemListElement\":[{\"@type\":\"ListItem\",\"position\":1,\"name\":\"Accueil\",\"item\":\"https:\\\/\\\/shop.bantam.ch\\\/de\\\/\"},{\"@type\":\"ListItem\",\"position\":2,\"name\":\"Shop\",\"item\":\"https:\\\/\\\/shop.bantam.ch\\\/de\\\/shop\\\/\"},{\"@type\":\"ListItem\",\"position\":3,\"name\":\"Dessertteller Melamin Mepal Flow Durchm. 23 cm Fb. nordic green\"}]},{\"@type\":\"WebSite\",\"@id\":\"https:\\\/\\\/shop.bantam.ch\\\/de\\\/#website\",\"url\":\"https:\\\/\\\/shop.bantam.ch\\\/de\\\/\",\"name\":\"Bantam\",\"description\":\"\",\"publisher\":{\"@id\":\"https:\\\/\\\/shop.bantam.ch\\\/de\\\/#organization\"},\"inLanguage\":\"de\"},{\"@type\":\"Organization\",\"@id\":\"https:\\\/\\\/shop.bantam.ch\\\/de\\\/#organization\",\"name\":\"Bantam\",\"url\":\"https:\\\/\\\/shop.bantam.ch\\\/de\\\/\",\"logo\":{\"@type\":\"ImageObject\",\"inLanguage\":\"de\",\"@id\":\"https:\\\/\\\/shop.bantam.ch\\\/de\\\/#\\\/schema\\\/logo\\\/image\\\/\",\"url\":\"https:\\\/\\\/shop.bantam.ch\\\/wp-content\\\/uploads\\\/2022\\\/12\\\/bantam-logo.png\",\"contentUrl\":\"https:\\\/\\\/shop.bantam.ch\\\/wp-content\\\/uploads\\\/2022\\\/12\\\/bantam-logo.png\",\"width\":320,\"height\":71,\"caption\":\"Bantam\"},\"image\":{\"@id\":\"https:\\\/\\\/shop.bantam.ch\\\/de\\\/#\\\/schema\\\/logo\\\/image\\\/\"}}]}<\/script>\n<!-- \/ Yoast SEO plugin. -->","yoast_head_json":{"title":"Dessertteller Melamin Mepal Flow Durchm. 23 cm Fb. nordic green - Bantam","robots":{"index":"index","follow":"follow","max-snippet":"max-snippet:-1","max-image-preview":"max-image-preview:large","max-video-preview":"max-video-preview:-1"},"canonical":"https:\/\/shop.bantam.ch\/de\/produkt\/dessertteller-melamin-mepal-flow-durchm-23-cm-fb-nordic-green\/","og_locale":"de_DE","og_type":"article","og_title":"Dessertteller Melamin Mepal Flow Durchm. 23 cm Fb. nordic green - Bantam","og_description":"Das Geschirr Flow hebt sich durch seine zeitgem\u00e4\u00dfe Formgebung und gute Stapelbarkeit hervor. Da Sie das Geschirr einfach stapeln k\u00f6nnen, passt es perfekt in die (K\u00fcchen)Schr\u00e4nke von Lauben, Booten, Wohnwagen, ect.","og_url":"https:\/\/shop.bantam.ch\/de\/produkt\/dessertteller-melamin-mepal-flow-durchm-23-cm-fb-nordic-green\/","og_site_name":"Bantam","article_modified_time":"2026-05-02T21:00:57+00:00","og_image":[{"width":640,"height":427,"url":"https:\/\/shop.bantam.ch\/wp-content\/uploads\/2024\/09\/Movera-L-9954396100.jpg","type":"image\/jpeg"}],"twitter_card":"summary_large_image","schema":{"@context":"https:\/\/schema.org","@graph":[{"@type":"WebPage","@id":"https:\/\/shop.bantam.ch\/de\/produkt\/dessertteller-melamin-mepal-flow-durchm-23-cm-fb-nordic-green\/","url":"https:\/\/shop.bantam.ch\/de\/produkt\/dessertteller-melamin-mepal-flow-durchm-23-cm-fb-nordic-green\/","name":"Dessertteller Melamin Mepal Flow Durchm. 23 cm Fb. nordic green - Bantam","isPartOf":{"@id":"https:\/\/shop.bantam.ch\/de\/#website"},"primaryImageOfPage":{"@id":"https:\/\/shop.bantam.ch\/de\/produkt\/dessertteller-melamin-mepal-flow-durchm-23-cm-fb-nordic-green\/#primaryimage"},"image":{"@id":"https:\/\/shop.bantam.ch\/de\/produkt\/dessertteller-melamin-mepal-flow-durchm-23-cm-fb-nordic-green\/#primaryimage"},"thumbnailUrl":"https:\/\/shop.bantam.ch\/wp-content\/uploads\/2024\/09\/Movera-L-9954396100.jpg","datePublished":"2024-05-15T13:34:47+00:00","dateModified":"2026-05-02T21:00:57+00:00","breadcrumb":{"@id":"https:\/\/shop.bantam.ch\/de\/produkt\/dessertteller-melamin-mepal-flow-durchm-23-cm-fb-nordic-green\/#breadcrumb"},"inLanguage":"de","potentialAction":[{"@type":"ReadAction","target":["https:\/\/shop.bantam.ch\/de\/produkt\/dessertteller-melamin-mepal-flow-durchm-23-cm-fb-nordic-green\/"]}]},{"@type":"ImageObject","inLanguage":"de","@id":"https:\/\/shop.bantam.ch\/de\/produkt\/dessertteller-melamin-mepal-flow-durchm-23-cm-fb-nordic-green\/#primaryimage","url":"https:\/\/shop.bantam.ch\/wp-content\/uploads\/2024\/09\/Movera-L-9954396100.jpg","contentUrl":"https:\/\/shop.bantam.ch\/wp-content\/uploads\/2024\/09\/Movera-L-9954396100.jpg","width":640,"height":427},{"@type":"BreadcrumbList","@id":"https:\/\/shop.bantam.ch\/de\/produkt\/dessertteller-melamin-mepal-flow-durchm-23-cm-fb-nordic-green\/#breadcrumb","itemListElement":[{"@type":"ListItem","position":1,"name":"Accueil","item":"https:\/\/shop.bantam.ch\/de\/"},{"@type":"ListItem","position":2,"name":"Shop","item":"https:\/\/shop.bantam.ch\/de\/shop\/"},{"@type":"ListItem","position":3,"name":"Dessertteller Melamin Mepal Flow Durchm. 23 cm Fb. nordic green"}]},{"@type":"WebSite","@id":"https:\/\/shop.bantam.ch\/de\/#website","url":"https:\/\/shop.bantam.ch\/de\/","name":"Bantam","description":"","publisher":{"@id":"https:\/\/shop.bantam.ch\/de\/#organization"},"inLanguage":"de"},{"@type":"Organization","@id":"https:\/\/shop.bantam.ch\/de\/#organization","name":"Bantam","url":"https:\/\/shop.bantam.ch\/de\/","logo":{"@type":"ImageObject","inLanguage":"de","@id":"https:\/\/shop.bantam.ch\/de\/#\/schema\/logo\/image\/","url":"https:\/\/shop.bantam.ch\/wp-content\/uploads\/2022\/12\/bantam-logo.png","contentUrl":"https:\/\/shop.bantam.ch\/wp-content\/uploads\/2022\/12\/bantam-logo.png","width":320,"height":71,"caption":"Bantam"},"image":{"@id":"https:\/\/shop.bantam.ch\/de\/#\/schema\/logo\/image\/"}}]}},"_links":{"self":[{"href":"https:\/\/shop.bantam.ch\/de\/wp-json\/wp\/v2\/product\/195493","targetHints":{"allow":["GET"]}}],"collection":[{"href":"https:\/\/shop.bantam.ch\/de\/wp-json\/wp\/v2\/product"}],"about":[{"href":"https:\/\/shop.bantam.ch\/de\/wp-json\/wp\/v2\/types\/product"}],"wp:featuredmedia":[{"embeddable":true,"href":"https:\/\/shop.bantam.ch\/de\/wp-json\/wp\/v2\/media\/206627"}],"wp:attachment":[{"href":"https:\/\/shop.bantam.ch\/de\/wp-json\/wp\/v2\/media?parent=195493"}],"wp:term":[{"taxonomy":"product_featured_cat","embeddable":true,"href":"https:\/\/shop.bantam.ch\/de\/wp-json\/wp\/v2\/product_featured_cat?post=195493"},{"taxonomy":"product_brand","embeddable":true,"href":"https:\/\/shop.bantam.ch\/de\/wp-json\/wp\/v2\/product_brand?post=195493"},{"taxonomy":"product_cat","embeddable":true,"href":"https:\/\/shop.bantam.ch\/de\/wp-json\/wp\/v2\/product_cat?post=195493"},{"taxonomy":"product_tag","embeddable":true,"href":"https:\/\/shop.bantam.ch\/de\/wp-json\/wp\/v2\/product_tag?post=195493"}],"curies":[{"name":"wp","href":"https:\/\/api.w.org\/{rel}","templated":true}]}}