{"id":195448,"date":"2024-05-15T15:32:56","date_gmt":"2024-05-15T13:32:56","guid":{"rendered":"https:\/\/shop.bantam.ch\/produit\/dachfenster-dometic-midi-heki-fl-mit-zwangs-kurbel\/"},"modified":"2026-04-19T01:08:16","modified_gmt":"2026-04-18T23:08:16","slug":"dachfenster-dometic-midi-heki-fl-mit-zwangs-kurbel","status":"publish","type":"product","link":"https:\/\/shop.bantam.ch\/de\/produkt\/dachfenster-dometic-midi-heki-fl-mit-zwangs-kurbel\/","title":{"rendered":"Dachfenster DOMETIC Midi Heki  FL mit Zwangs Kurbel"},"content":{"rendered":"<p>Frische Luft und Licht in Ihrem Fahrzeug! Diese aufger\u00fcstete Ausf\u00fchrung des Midi Heki Style Dachfensters \u00fcberzeugt durch bessere Sicherheitsvorrichtungen, bessere Aerodynamik, bessere Optik und weniger Wartungsaufwand. Bew\u00e4hrte Vorz\u00fcge wie die Verdunkelungsblende, das Fliegengitter oder das m\u00fchelose Reinigen gew\u00e4hrleisten einen hohen Komfort und Bequemlichkeit, wenn auf Reisen.<\/p>\n<ul>\n<li>Innenrahmen mit Verdunkelung und Insektenschutz (unabh\u00e4ngig voneinander Stufenlos verstellbar)<\/li>\n<li>Maximaler \u00d6ffnungswinkel:&nbsp;60\u00b0<\/li>\n<li>Doppelte Acrylverglasung<\/li>\n<li>Handkurbe stufenlos verstellbar<\/li>\n<li>Einfach plissierter Verdunklungsinsektenschutz<\/li>\n<li>F\u00fcr Reisemobil und Wohnwagen<\/li>\n<\/ul>\n","protected":false},"excerpt":{"rendered":"<p>Frische Luft und Licht in Ihrem Fahrzeug! Diese aufger\u00fcstete Ausf\u00fchrung des Midi Heki Style Dachfensters \u00fcberzeugt durch bessere Sicherheitsvorrichtungen, bessere Aerodynamik, bessere Optik und weniger Wartungsaufwand. Bew\u00e4hrte Vorz\u00fcge wie die Verdunkelungsblende, das Fliegengitter oder das m\u00fchelose Reinigen gew\u00e4hrleisten einen hohen Komfort und Bequemlichkeit, wenn auf Reisen. Innenrahmen mit Verdunkelung und Insektenschutz (unabh\u00e4ngig voneinander Stufenlos verstellbar) [&hellip;]<\/p>\n","protected":false},"featured_media":195445,"template":"","meta":{"_acf_changed":false},"product_featured_cat":[],"product_brand":[3029],"product_cat":[4648],"product_tag":[],"class_list":{"0":"post-195448","1":"product","2":"type-product","3":"status-publish","4":"has-post-thumbnail","6":"product_brand-dometic-de","7":"product_cat-dachfenster","9":"first","10":"instock","11":"taxable","12":"shipping-taxable","13":"purchasable","14":"product-type-variable"},"acf":[],"yoast_head":"<!-- This site is optimized with the Yoast SEO plugin v27.4 - https:\/\/yoast.com\/product\/yoast-seo-wordpress\/ -->\n<title>Dachfenster DOMETIC Midi Heki FL mit Zwangs Kurbel - Bantam Camping AG<\/title>\n<meta name=\"robots\" content=\"index, follow, max-snippet:-1, max-image-preview:large, max-video-preview:-1\" \/>\n<link rel=\"canonical\" href=\"https:\/\/shop.bantam.ch\/de\/produkt\/dachfenster-dometic-midi-heki-fl-mit-zwangs-kurbel\/\" \/>\n<meta property=\"og:locale\" content=\"de_DE\" \/>\n<meta property=\"og:type\" content=\"article\" \/>\n<meta property=\"og:title\" content=\"Dachfenster DOMETIC Midi Heki FL mit Zwangs Kurbel - Bantam Camping AG\" \/>\n<meta property=\"og:description\" content=\"Frische Luft und Licht in Ihrem Fahrzeug! Diese aufger\u00fcstete Ausf\u00fchrung des Midi Heki Style Dachfensters \u00fcberzeugt durch bessere Sicherheitsvorrichtungen, bessere Aerodynamik, bessere Optik und weniger Wartungsaufwand. Bew\u00e4hrte Vorz\u00fcge wie die Verdunkelungsblende, das Fliegengitter oder das m\u00fchelose Reinigen gew\u00e4hrleisten einen hohen Komfort und Bequemlichkeit, wenn auf Reisen. Innenrahmen mit Verdunkelung und Insektenschutz (unabh\u00e4ngig voneinander Stufenlos verstellbar) [&hellip;]\" \/>\n<meta property=\"og:url\" content=\"https:\/\/shop.bantam.ch\/de\/produkt\/dachfenster-dometic-midi-heki-fl-mit-zwangs-kurbel\/\" \/>\n<meta property=\"og:site_name\" content=\"Bantam Camping AG\" \/>\n<meta property=\"article:modified_time\" content=\"2026-04-18T23:08:16+00:00\" \/>\n<meta property=\"og:image\" content=\"https:\/\/shop.bantam.ch\/wp-content\/uploads\/2024\/05\/Movera-L-9949279100.jpg\" \/>\n\t<meta property=\"og:image:width\" content=\"640\" \/>\n\t<meta property=\"og:image:height\" content=\"640\" \/>\n\t<meta property=\"og:image:type\" content=\"image\/jpeg\" \/>\n<meta name=\"twitter:card\" content=\"summary_large_image\" \/>\n<script type=\"application\/ld+json\" class=\"yoast-schema-graph\">{\"@context\":\"https:\\\/\\\/schema.org\",\"@graph\":[{\"@type\":\"WebPage\",\"@id\":\"https:\\\/\\\/shop.bantam.ch\\\/de\\\/produkt\\\/dachfenster-dometic-midi-heki-fl-mit-zwangs-kurbel\\\/\",\"url\":\"https:\\\/\\\/shop.bantam.ch\\\/de\\\/produkt\\\/dachfenster-dometic-midi-heki-fl-mit-zwangs-kurbel\\\/\",\"name\":\"Dachfenster DOMETIC Midi Heki FL mit Zwangs Kurbel - Bantam Camping AG\",\"isPartOf\":{\"@id\":\"https:\\\/\\\/shop.bantam.ch\\\/de\\\/#website\"},\"primaryImageOfPage\":{\"@id\":\"https:\\\/\\\/shop.bantam.ch\\\/de\\\/produkt\\\/dachfenster-dometic-midi-heki-fl-mit-zwangs-kurbel\\\/#primaryimage\"},\"image\":{\"@id\":\"https:\\\/\\\/shop.bantam.ch\\\/de\\\/produkt\\\/dachfenster-dometic-midi-heki-fl-mit-zwangs-kurbel\\\/#primaryimage\"},\"thumbnailUrl\":\"https:\\\/\\\/shop.bantam.ch\\\/wp-content\\\/uploads\\\/2024\\\/05\\\/Movera-L-9949279100.jpg\",\"datePublished\":\"2024-05-15T13:32:56+00:00\",\"dateModified\":\"2026-04-18T23:08:16+00:00\",\"breadcrumb\":{\"@id\":\"https:\\\/\\\/shop.bantam.ch\\\/de\\\/produkt\\\/dachfenster-dometic-midi-heki-fl-mit-zwangs-kurbel\\\/#breadcrumb\"},\"inLanguage\":\"de\",\"potentialAction\":[{\"@type\":\"ReadAction\",\"target\":[\"https:\\\/\\\/shop.bantam.ch\\\/de\\\/produkt\\\/dachfenster-dometic-midi-heki-fl-mit-zwangs-kurbel\\\/\"]}]},{\"@type\":\"ImageObject\",\"inLanguage\":\"de\",\"@id\":\"https:\\\/\\\/shop.bantam.ch\\\/de\\\/produkt\\\/dachfenster-dometic-midi-heki-fl-mit-zwangs-kurbel\\\/#primaryimage\",\"url\":\"https:\\\/\\\/shop.bantam.ch\\\/wp-content\\\/uploads\\\/2024\\\/05\\\/Movera-L-9949279100.jpg\",\"contentUrl\":\"https:\\\/\\\/shop.bantam.ch\\\/wp-content\\\/uploads\\\/2024\\\/05\\\/Movera-L-9949279100.jpg\",\"width\":640,\"height\":640},{\"@type\":\"BreadcrumbList\",\"@id\":\"https:\\\/\\\/shop.bantam.ch\\\/de\\\/produkt\\\/dachfenster-dometic-midi-heki-fl-mit-zwangs-kurbel\\\/#breadcrumb\",\"itemListElement\":[{\"@type\":\"ListItem\",\"position\":1,\"name\":\"Accueil\",\"item\":\"https:\\\/\\\/shop.bantam.ch\\\/de\\\/\"},{\"@type\":\"ListItem\",\"position\":2,\"name\":\"Shop\",\"item\":\"https:\\\/\\\/shop.bantam.ch\\\/de\\\/shop\\\/\"},{\"@type\":\"ListItem\",\"position\":3,\"name\":\"Dachfenster DOMETIC Midi Heki FL mit Zwangs Kurbel\"}]},{\"@type\":\"WebSite\",\"@id\":\"https:\\\/\\\/shop.bantam.ch\\\/de\\\/#website\",\"url\":\"https:\\\/\\\/shop.bantam.ch\\\/de\\\/\",\"name\":\"Bantam Camping AG\",\"description\":\"\",\"publisher\":{\"@id\":\"https:\\\/\\\/shop.bantam.ch\\\/de\\\/#organization\"},\"inLanguage\":\"de\"},{\"@type\":\"Organization\",\"@id\":\"https:\\\/\\\/shop.bantam.ch\\\/de\\\/#organization\",\"name\":\"Bantam Camping AG\",\"url\":\"https:\\\/\\\/shop.bantam.ch\\\/de\\\/\",\"logo\":{\"@type\":\"ImageObject\",\"inLanguage\":\"de\",\"@id\":\"https:\\\/\\\/shop.bantam.ch\\\/de\\\/#\\\/schema\\\/logo\\\/image\\\/\",\"url\":\"https:\\\/\\\/shop.bantam.ch\\\/wp-content\\\/uploads\\\/2022\\\/12\\\/bantam-logo.png\",\"contentUrl\":\"https:\\\/\\\/shop.bantam.ch\\\/wp-content\\\/uploads\\\/2022\\\/12\\\/bantam-logo.png\",\"width\":320,\"height\":71,\"caption\":\"Bantam Camping AG\"},\"image\":{\"@id\":\"https:\\\/\\\/shop.bantam.ch\\\/de\\\/#\\\/schema\\\/logo\\\/image\\\/\"}}]}<\/script>\n<!-- \/ Yoast SEO plugin. -->","yoast_head_json":{"title":"Dachfenster DOMETIC Midi Heki FL mit Zwangs Kurbel - Bantam Camping AG","robots":{"index":"index","follow":"follow","max-snippet":"max-snippet:-1","max-image-preview":"max-image-preview:large","max-video-preview":"max-video-preview:-1"},"canonical":"https:\/\/shop.bantam.ch\/de\/produkt\/dachfenster-dometic-midi-heki-fl-mit-zwangs-kurbel\/","og_locale":"de_DE","og_type":"article","og_title":"Dachfenster DOMETIC Midi Heki FL mit Zwangs Kurbel - Bantam Camping AG","og_description":"Frische Luft und Licht in Ihrem Fahrzeug! Diese aufger\u00fcstete Ausf\u00fchrung des Midi Heki Style Dachfensters \u00fcberzeugt durch bessere Sicherheitsvorrichtungen, bessere Aerodynamik, bessere Optik und weniger Wartungsaufwand. Bew\u00e4hrte Vorz\u00fcge wie die Verdunkelungsblende, das Fliegengitter oder das m\u00fchelose Reinigen gew\u00e4hrleisten einen hohen Komfort und Bequemlichkeit, wenn auf Reisen. Innenrahmen mit Verdunkelung und Insektenschutz (unabh\u00e4ngig voneinander Stufenlos verstellbar) [&hellip;]","og_url":"https:\/\/shop.bantam.ch\/de\/produkt\/dachfenster-dometic-midi-heki-fl-mit-zwangs-kurbel\/","og_site_name":"Bantam Camping AG","article_modified_time":"2026-04-18T23:08:16+00:00","og_image":[{"width":640,"height":640,"url":"https:\/\/shop.bantam.ch\/wp-content\/uploads\/2024\/05\/Movera-L-9949279100.jpg","type":"image\/jpeg"}],"twitter_card":"summary_large_image","schema":{"@context":"https:\/\/schema.org","@graph":[{"@type":"WebPage","@id":"https:\/\/shop.bantam.ch\/de\/produkt\/dachfenster-dometic-midi-heki-fl-mit-zwangs-kurbel\/","url":"https:\/\/shop.bantam.ch\/de\/produkt\/dachfenster-dometic-midi-heki-fl-mit-zwangs-kurbel\/","name":"Dachfenster DOMETIC Midi Heki FL mit Zwangs Kurbel - Bantam Camping AG","isPartOf":{"@id":"https:\/\/shop.bantam.ch\/de\/#website"},"primaryImageOfPage":{"@id":"https:\/\/shop.bantam.ch\/de\/produkt\/dachfenster-dometic-midi-heki-fl-mit-zwangs-kurbel\/#primaryimage"},"image":{"@id":"https:\/\/shop.bantam.ch\/de\/produkt\/dachfenster-dometic-midi-heki-fl-mit-zwangs-kurbel\/#primaryimage"},"thumbnailUrl":"https:\/\/shop.bantam.ch\/wp-content\/uploads\/2024\/05\/Movera-L-9949279100.jpg","datePublished":"2024-05-15T13:32:56+00:00","dateModified":"2026-04-18T23:08:16+00:00","breadcrumb":{"@id":"https:\/\/shop.bantam.ch\/de\/produkt\/dachfenster-dometic-midi-heki-fl-mit-zwangs-kurbel\/#breadcrumb"},"inLanguage":"de","potentialAction":[{"@type":"ReadAction","target":["https:\/\/shop.bantam.ch\/de\/produkt\/dachfenster-dometic-midi-heki-fl-mit-zwangs-kurbel\/"]}]},{"@type":"ImageObject","inLanguage":"de","@id":"https:\/\/shop.bantam.ch\/de\/produkt\/dachfenster-dometic-midi-heki-fl-mit-zwangs-kurbel\/#primaryimage","url":"https:\/\/shop.bantam.ch\/wp-content\/uploads\/2024\/05\/Movera-L-9949279100.jpg","contentUrl":"https:\/\/shop.bantam.ch\/wp-content\/uploads\/2024\/05\/Movera-L-9949279100.jpg","width":640,"height":640},{"@type":"BreadcrumbList","@id":"https:\/\/shop.bantam.ch\/de\/produkt\/dachfenster-dometic-midi-heki-fl-mit-zwangs-kurbel\/#breadcrumb","itemListElement":[{"@type":"ListItem","position":1,"name":"Accueil","item":"https:\/\/shop.bantam.ch\/de\/"},{"@type":"ListItem","position":2,"name":"Shop","item":"https:\/\/shop.bantam.ch\/de\/shop\/"},{"@type":"ListItem","position":3,"name":"Dachfenster DOMETIC Midi Heki FL mit Zwangs Kurbel"}]},{"@type":"WebSite","@id":"https:\/\/shop.bantam.ch\/de\/#website","url":"https:\/\/shop.bantam.ch\/de\/","name":"Bantam Camping AG","description":"","publisher":{"@id":"https:\/\/shop.bantam.ch\/de\/#organization"},"inLanguage":"de"},{"@type":"Organization","@id":"https:\/\/shop.bantam.ch\/de\/#organization","name":"Bantam Camping AG","url":"https:\/\/shop.bantam.ch\/de\/","logo":{"@type":"ImageObject","inLanguage":"de","@id":"https:\/\/shop.bantam.ch\/de\/#\/schema\/logo\/image\/","url":"https:\/\/shop.bantam.ch\/wp-content\/uploads\/2022\/12\/bantam-logo.png","contentUrl":"https:\/\/shop.bantam.ch\/wp-content\/uploads\/2022\/12\/bantam-logo.png","width":320,"height":71,"caption":"Bantam Camping AG"},"image":{"@id":"https:\/\/shop.bantam.ch\/de\/#\/schema\/logo\/image\/"}}]}},"_links":{"self":[{"href":"https:\/\/shop.bantam.ch\/de\/wp-json\/wp\/v2\/product\/195448","targetHints":{"allow":["GET"]}}],"collection":[{"href":"https:\/\/shop.bantam.ch\/de\/wp-json\/wp\/v2\/product"}],"about":[{"href":"https:\/\/shop.bantam.ch\/de\/wp-json\/wp\/v2\/types\/product"}],"wp:featuredmedia":[{"embeddable":true,"href":"https:\/\/shop.bantam.ch\/de\/wp-json\/wp\/v2\/media\/195445"}],"wp:attachment":[{"href":"https:\/\/shop.bantam.ch\/de\/wp-json\/wp\/v2\/media?parent=195448"}],"wp:term":[{"taxonomy":"product_featured_cat","embeddable":true,"href":"https:\/\/shop.bantam.ch\/de\/wp-json\/wp\/v2\/product_featured_cat?post=195448"},{"taxonomy":"product_brand","embeddable":true,"href":"https:\/\/shop.bantam.ch\/de\/wp-json\/wp\/v2\/product_brand?post=195448"},{"taxonomy":"product_cat","embeddable":true,"href":"https:\/\/shop.bantam.ch\/de\/wp-json\/wp\/v2\/product_cat?post=195448"},{"taxonomy":"product_tag","embeddable":true,"href":"https:\/\/shop.bantam.ch\/de\/wp-json\/wp\/v2\/product_tag?post=195448"}],"curies":[{"name":"wp","href":"https:\/\/api.w.org\/{rel}","templated":true}]}}