{"id":195351,"date":"2024-05-15T15:30:20","date_gmt":"2024-05-15T13:30:20","guid":{"rendered":"https:\/\/shop.bantam.ch\/produit\/fahrradtraeger-thule-wanderway-2-raeder-farbe-schwarz\/"},"modified":"2026-04-17T23:04:26","modified_gmt":"2026-04-17T21:04:26","slug":"fahrradtraeger-thule-wanderway-2-raeder-farbe-schwarz","status":"publish","type":"product","link":"https:\/\/shop.bantam.ch\/de\/produkt\/fahrradtraeger-thule-wanderway-2-raeder-farbe-schwarz\/","title":{"rendered":"Fahrradtr\u00e4ger THULE WanderWay 2 R\u00e4der Farbe schwarz"},"content":{"rendered":"<p>Erstklassiger Heckfahrradtr\u00e4ger mit erh\u00f6hter Plattform speziell f\u00fcr den Volkswagen T6.<\/p>\n<p>&nbsp;<\/p>\n<p>F\u00fcr 2 R\u00e4der, auf 4 erweiterbar<br \/>\nLeichtes Aufladen von Fahrr\u00e4dern<br \/>\nKofferraum kann ohne aufgeladene Fahrr\u00e4der ge\u00f6ffnet werden<br \/>\nAcuTight-Drehmomentbegrenzer-Kn\u00f6pfen, f\u00fcr optimalen Drehmoment<br \/>\nSchloss im Lieferumfang<\/p>\n<p>&nbsp;<\/p>\n<p>Eigenschaften:<\/p>\n<ul>\n<li>Komplett zusammengebaut und mit exakter Passform f\u00fcr den Volkswagen T6 f\u00fcr eine schnelle und einfache Montage<\/li>\n<li>Standardm\u00e4\u00dfige Beladung mit 2 Fahrr\u00e4dern. Die Zuladung l\u00e4sst sich mit Adaptern auf bis zu vier Fahrr\u00e4der erh\u00f6hen (Adapter separat erh\u00e4ltlich)<\/li>\n<li>Durch die erh\u00f6hte Position des Tr\u00e4gers bleibt die Sicht auf die R\u00fccklichter und das Kennzeichen erhalten<\/li>\n<li>Einfache Aufladung der Fahrr\u00e4der durch abnehmbare Fahrradhaltearme mit abschlie\u00dfbaren Thule AcuTight-Drehmomentbegrenzer-Kn\u00f6pfen, die klicken, wenn das optimale Drehmoment erreicht ist<\/li>\n<li>Leichtes Aufladen von Fahrr\u00e4dern dank einfach anpassbarer Schienen, die von links nach rechts gleiten<\/li>\n<li>Mit den verstellbaren Radhaltern mit Ratschenfunktion lassen sich R\u00e4der leicht befestigen<\/li>\n<li>Wir die Plattform nicht verwendet, l\u00e4sst sie sich senkrecht an den Kofferraum hochklappen<\/li>\n<li>Zum Abschlie\u00dfen der Fahrr\u00e4der am Fahrradtr\u00e4ger&nbsp;<\/li>\n<li>F\u00fcr 2 Fahrr\u00e4der, erweiterbar auf 3 oder 4 Fahrr\u00e4der<\/li>\n<li>Abstand zwischen den Schienen 31 cm<\/li>\n<li>Max. Beladung pro Schiene: 30 kg (2 R\u00e4der) &#8211; 20 kg (3 R\u00e4der) &#8211; 15 kg (4 R\u00e4der)<\/li>\n<li>E-Bike geeignet: ja<\/li>\n<\/ul>\n<p>Ma\u00dfe:<\/p>\n<p>ausgeklappt 152 x 111 x 91 cm (B x L x H), eingeklappt 152 x 47 x 91 cm (B x L x H)<\/p>\n<p>&nbsp;<\/p>\n<p>Lieferumfang:<\/p>\n<p>Inklusive Schloss<\/p>\n","protected":false},"excerpt":{"rendered":"<p>Erstklassiger Heckfahrradtr\u00e4ger mit erh\u00f6hter Plattform speziell f\u00fcr den Volkswagen T6. &nbsp; F\u00fcr 2 R\u00e4der, auf 4 erweiterbar Leichtes Aufladen von Fahrr\u00e4dern Kofferraum kann ohne aufgeladene Fahrr\u00e4der ge\u00f6ffnet werden AcuTight-Drehmomentbegrenzer-Kn\u00f6pfen, f\u00fcr optimalen Drehmoment Schloss im Lieferumfang &nbsp; Eigenschaften: Komplett zusammengebaut und mit exakter Passform f\u00fcr den Volkswagen T6 f\u00fcr eine schnelle und einfache Montage Standardm\u00e4\u00dfige Beladung [&hellip;]<\/p>\n","protected":false},"featured_media":206613,"template":"","meta":{"_acf_changed":false},"product_featured_cat":[],"product_brand":[3047],"product_cat":[5138],"product_tag":[],"class_list":{"0":"post-195351","1":"product","2":"type-product","3":"status-publish","4":"has-post-thumbnail","6":"product_brand-thule-de","7":"product_cat-heck-fahrradtraeger","9":"first","10":"instock","11":"taxable","12":"shipping-taxable","13":"purchasable","14":"product-type-simple"},"acf":[],"yoast_head":"<!-- This site is optimized with the Yoast SEO plugin v27.4 - https:\/\/yoast.com\/product\/yoast-seo-wordpress\/ -->\n<title>Fahrradtr\u00e4ger THULE WanderWay 2 R\u00e4der Farbe schwarz - Bantam Camping AG<\/title>\n<meta name=\"robots\" content=\"index, follow, max-snippet:-1, max-image-preview:large, max-video-preview:-1\" \/>\n<link rel=\"canonical\" href=\"https:\/\/shop.bantam.ch\/de\/produkt\/fahrradtraeger-thule-wanderway-2-raeder-farbe-schwarz\/\" \/>\n<meta property=\"og:locale\" content=\"de_DE\" \/>\n<meta property=\"og:type\" content=\"article\" \/>\n<meta property=\"og:title\" content=\"Fahrradtr\u00e4ger THULE WanderWay 2 R\u00e4der Farbe schwarz - Bantam Camping AG\" \/>\n<meta property=\"og:description\" content=\"Erstklassiger Heckfahrradtr\u00e4ger mit erh\u00f6hter Plattform speziell f\u00fcr den Volkswagen T6. &nbsp; F\u00fcr 2 R\u00e4der, auf 4 erweiterbar Leichtes Aufladen von Fahrr\u00e4dern Kofferraum kann ohne aufgeladene Fahrr\u00e4der ge\u00f6ffnet werden AcuTight-Drehmomentbegrenzer-Kn\u00f6pfen, f\u00fcr optimalen Drehmoment Schloss im Lieferumfang &nbsp; Eigenschaften: Komplett zusammengebaut und mit exakter Passform f\u00fcr den Volkswagen T6 f\u00fcr eine schnelle und einfache Montage Standardm\u00e4\u00dfige Beladung [&hellip;]\" \/>\n<meta property=\"og:url\" content=\"https:\/\/shop.bantam.ch\/de\/produkt\/fahrradtraeger-thule-wanderway-2-raeder-farbe-schwarz\/\" \/>\n<meta property=\"og:site_name\" content=\"Bantam Camping AG\" \/>\n<meta property=\"article:modified_time\" content=\"2026-04-17T21:04:26+00:00\" \/>\n<meta property=\"og:image\" content=\"https:\/\/shop.bantam.ch\/wp-content\/uploads\/2024\/05\/Movera-L-9949259100.jpg\" \/>\n\t<meta property=\"og:image:width\" content=\"640\" \/>\n\t<meta property=\"og:image:height\" content=\"640\" \/>\n\t<meta property=\"og:image:type\" content=\"image\/jpeg\" \/>\n<meta name=\"twitter:card\" content=\"summary_large_image\" \/>\n<meta name=\"twitter:label1\" content=\"Gesch\u00e4tzte Lesezeit\" \/>\n\t<meta name=\"twitter:data1\" content=\"1\u00a0Minute\" \/>\n<script type=\"application\/ld+json\" class=\"yoast-schema-graph\">{\"@context\":\"https:\\\/\\\/schema.org\",\"@graph\":[{\"@type\":\"WebPage\",\"@id\":\"https:\\\/\\\/shop.bantam.ch\\\/de\\\/produkt\\\/fahrradtraeger-thule-wanderway-2-raeder-farbe-schwarz\\\/\",\"url\":\"https:\\\/\\\/shop.bantam.ch\\\/de\\\/produkt\\\/fahrradtraeger-thule-wanderway-2-raeder-farbe-schwarz\\\/\",\"name\":\"Fahrradtr\u00e4ger THULE WanderWay 2 R\u00e4der Farbe schwarz - Bantam Camping AG\",\"isPartOf\":{\"@id\":\"https:\\\/\\\/shop.bantam.ch\\\/de\\\/#website\"},\"primaryImageOfPage\":{\"@id\":\"https:\\\/\\\/shop.bantam.ch\\\/de\\\/produkt\\\/fahrradtraeger-thule-wanderway-2-raeder-farbe-schwarz\\\/#primaryimage\"},\"image\":{\"@id\":\"https:\\\/\\\/shop.bantam.ch\\\/de\\\/produkt\\\/fahrradtraeger-thule-wanderway-2-raeder-farbe-schwarz\\\/#primaryimage\"},\"thumbnailUrl\":\"https:\\\/\\\/shop.bantam.ch\\\/wp-content\\\/uploads\\\/2024\\\/09\\\/Movera-L-9949259100.jpg\",\"datePublished\":\"2024-05-15T13:30:20+00:00\",\"dateModified\":\"2026-04-17T21:04:26+00:00\",\"breadcrumb\":{\"@id\":\"https:\\\/\\\/shop.bantam.ch\\\/de\\\/produkt\\\/fahrradtraeger-thule-wanderway-2-raeder-farbe-schwarz\\\/#breadcrumb\"},\"inLanguage\":\"de\",\"potentialAction\":[{\"@type\":\"ReadAction\",\"target\":[\"https:\\\/\\\/shop.bantam.ch\\\/de\\\/produkt\\\/fahrradtraeger-thule-wanderway-2-raeder-farbe-schwarz\\\/\"]}]},{\"@type\":\"ImageObject\",\"inLanguage\":\"de\",\"@id\":\"https:\\\/\\\/shop.bantam.ch\\\/de\\\/produkt\\\/fahrradtraeger-thule-wanderway-2-raeder-farbe-schwarz\\\/#primaryimage\",\"url\":\"https:\\\/\\\/shop.bantam.ch\\\/wp-content\\\/uploads\\\/2024\\\/09\\\/Movera-L-9949259100.jpg\",\"contentUrl\":\"https:\\\/\\\/shop.bantam.ch\\\/wp-content\\\/uploads\\\/2024\\\/09\\\/Movera-L-9949259100.jpg\",\"width\":640,\"height\":640},{\"@type\":\"BreadcrumbList\",\"@id\":\"https:\\\/\\\/shop.bantam.ch\\\/de\\\/produkt\\\/fahrradtraeger-thule-wanderway-2-raeder-farbe-schwarz\\\/#breadcrumb\",\"itemListElement\":[{\"@type\":\"ListItem\",\"position\":1,\"name\":\"Accueil\",\"item\":\"https:\\\/\\\/shop.bantam.ch\\\/de\\\/\"},{\"@type\":\"ListItem\",\"position\":2,\"name\":\"Shop\",\"item\":\"https:\\\/\\\/shop.bantam.ch\\\/de\\\/shop\\\/\"},{\"@type\":\"ListItem\",\"position\":3,\"name\":\"Fahrradtr\u00e4ger THULE WanderWay 2 R\u00e4der Farbe schwarz\"}]},{\"@type\":\"WebSite\",\"@id\":\"https:\\\/\\\/shop.bantam.ch\\\/de\\\/#website\",\"url\":\"https:\\\/\\\/shop.bantam.ch\\\/de\\\/\",\"name\":\"Bantam Camping AG\",\"description\":\"\",\"publisher\":{\"@id\":\"https:\\\/\\\/shop.bantam.ch\\\/de\\\/#organization\"},\"inLanguage\":\"de\"},{\"@type\":\"Organization\",\"@id\":\"https:\\\/\\\/shop.bantam.ch\\\/de\\\/#organization\",\"name\":\"Bantam Camping AG\",\"url\":\"https:\\\/\\\/shop.bantam.ch\\\/de\\\/\",\"logo\":{\"@type\":\"ImageObject\",\"inLanguage\":\"de\",\"@id\":\"https:\\\/\\\/shop.bantam.ch\\\/de\\\/#\\\/schema\\\/logo\\\/image\\\/\",\"url\":\"https:\\\/\\\/shop.bantam.ch\\\/wp-content\\\/uploads\\\/2022\\\/12\\\/bantam-logo.png\",\"contentUrl\":\"https:\\\/\\\/shop.bantam.ch\\\/wp-content\\\/uploads\\\/2022\\\/12\\\/bantam-logo.png\",\"width\":320,\"height\":71,\"caption\":\"Bantam Camping AG\"},\"image\":{\"@id\":\"https:\\\/\\\/shop.bantam.ch\\\/de\\\/#\\\/schema\\\/logo\\\/image\\\/\"}}]}<\/script>\n<!-- \/ Yoast SEO plugin. -->","yoast_head_json":{"title":"Fahrradtr\u00e4ger THULE WanderWay 2 R\u00e4der Farbe schwarz - Bantam Camping AG","robots":{"index":"index","follow":"follow","max-snippet":"max-snippet:-1","max-image-preview":"max-image-preview:large","max-video-preview":"max-video-preview:-1"},"canonical":"https:\/\/shop.bantam.ch\/de\/produkt\/fahrradtraeger-thule-wanderway-2-raeder-farbe-schwarz\/","og_locale":"de_DE","og_type":"article","og_title":"Fahrradtr\u00e4ger THULE WanderWay 2 R\u00e4der Farbe schwarz - Bantam Camping AG","og_description":"Erstklassiger Heckfahrradtr\u00e4ger mit erh\u00f6hter Plattform speziell f\u00fcr den Volkswagen T6. &nbsp; F\u00fcr 2 R\u00e4der, auf 4 erweiterbar Leichtes Aufladen von Fahrr\u00e4dern Kofferraum kann ohne aufgeladene Fahrr\u00e4der ge\u00f6ffnet werden AcuTight-Drehmomentbegrenzer-Kn\u00f6pfen, f\u00fcr optimalen Drehmoment Schloss im Lieferumfang &nbsp; Eigenschaften: Komplett zusammengebaut und mit exakter Passform f\u00fcr den Volkswagen T6 f\u00fcr eine schnelle und einfache Montage Standardm\u00e4\u00dfige Beladung [&hellip;]","og_url":"https:\/\/shop.bantam.ch\/de\/produkt\/fahrradtraeger-thule-wanderway-2-raeder-farbe-schwarz\/","og_site_name":"Bantam Camping AG","article_modified_time":"2026-04-17T21:04:26+00:00","og_image":[{"width":640,"height":640,"url":"https:\/\/shop.bantam.ch\/wp-content\/uploads\/2024\/05\/Movera-L-9949259100.jpg","type":"image\/jpeg"}],"twitter_card":"summary_large_image","twitter_misc":{"Gesch\u00e4tzte Lesezeit":"1\u00a0Minute"},"schema":{"@context":"https:\/\/schema.org","@graph":[{"@type":"WebPage","@id":"https:\/\/shop.bantam.ch\/de\/produkt\/fahrradtraeger-thule-wanderway-2-raeder-farbe-schwarz\/","url":"https:\/\/shop.bantam.ch\/de\/produkt\/fahrradtraeger-thule-wanderway-2-raeder-farbe-schwarz\/","name":"Fahrradtr\u00e4ger THULE WanderWay 2 R\u00e4der Farbe schwarz - Bantam Camping AG","isPartOf":{"@id":"https:\/\/shop.bantam.ch\/de\/#website"},"primaryImageOfPage":{"@id":"https:\/\/shop.bantam.ch\/de\/produkt\/fahrradtraeger-thule-wanderway-2-raeder-farbe-schwarz\/#primaryimage"},"image":{"@id":"https:\/\/shop.bantam.ch\/de\/produkt\/fahrradtraeger-thule-wanderway-2-raeder-farbe-schwarz\/#primaryimage"},"thumbnailUrl":"https:\/\/shop.bantam.ch\/wp-content\/uploads\/2024\/09\/Movera-L-9949259100.jpg","datePublished":"2024-05-15T13:30:20+00:00","dateModified":"2026-04-17T21:04:26+00:00","breadcrumb":{"@id":"https:\/\/shop.bantam.ch\/de\/produkt\/fahrradtraeger-thule-wanderway-2-raeder-farbe-schwarz\/#breadcrumb"},"inLanguage":"de","potentialAction":[{"@type":"ReadAction","target":["https:\/\/shop.bantam.ch\/de\/produkt\/fahrradtraeger-thule-wanderway-2-raeder-farbe-schwarz\/"]}]},{"@type":"ImageObject","inLanguage":"de","@id":"https:\/\/shop.bantam.ch\/de\/produkt\/fahrradtraeger-thule-wanderway-2-raeder-farbe-schwarz\/#primaryimage","url":"https:\/\/shop.bantam.ch\/wp-content\/uploads\/2024\/09\/Movera-L-9949259100.jpg","contentUrl":"https:\/\/shop.bantam.ch\/wp-content\/uploads\/2024\/09\/Movera-L-9949259100.jpg","width":640,"height":640},{"@type":"BreadcrumbList","@id":"https:\/\/shop.bantam.ch\/de\/produkt\/fahrradtraeger-thule-wanderway-2-raeder-farbe-schwarz\/#breadcrumb","itemListElement":[{"@type":"ListItem","position":1,"name":"Accueil","item":"https:\/\/shop.bantam.ch\/de\/"},{"@type":"ListItem","position":2,"name":"Shop","item":"https:\/\/shop.bantam.ch\/de\/shop\/"},{"@type":"ListItem","position":3,"name":"Fahrradtr\u00e4ger THULE WanderWay 2 R\u00e4der Farbe schwarz"}]},{"@type":"WebSite","@id":"https:\/\/shop.bantam.ch\/de\/#website","url":"https:\/\/shop.bantam.ch\/de\/","name":"Bantam Camping AG","description":"","publisher":{"@id":"https:\/\/shop.bantam.ch\/de\/#organization"},"inLanguage":"de"},{"@type":"Organization","@id":"https:\/\/shop.bantam.ch\/de\/#organization","name":"Bantam Camping AG","url":"https:\/\/shop.bantam.ch\/de\/","logo":{"@type":"ImageObject","inLanguage":"de","@id":"https:\/\/shop.bantam.ch\/de\/#\/schema\/logo\/image\/","url":"https:\/\/shop.bantam.ch\/wp-content\/uploads\/2022\/12\/bantam-logo.png","contentUrl":"https:\/\/shop.bantam.ch\/wp-content\/uploads\/2022\/12\/bantam-logo.png","width":320,"height":71,"caption":"Bantam Camping AG"},"image":{"@id":"https:\/\/shop.bantam.ch\/de\/#\/schema\/logo\/image\/"}}]}},"_links":{"self":[{"href":"https:\/\/shop.bantam.ch\/de\/wp-json\/wp\/v2\/product\/195351","targetHints":{"allow":["GET"]}}],"collection":[{"href":"https:\/\/shop.bantam.ch\/de\/wp-json\/wp\/v2\/product"}],"about":[{"href":"https:\/\/shop.bantam.ch\/de\/wp-json\/wp\/v2\/types\/product"}],"wp:featuredmedia":[{"embeddable":true,"href":"https:\/\/shop.bantam.ch\/de\/wp-json\/wp\/v2\/media\/206613"}],"wp:attachment":[{"href":"https:\/\/shop.bantam.ch\/de\/wp-json\/wp\/v2\/media?parent=195351"}],"wp:term":[{"taxonomy":"product_featured_cat","embeddable":true,"href":"https:\/\/shop.bantam.ch\/de\/wp-json\/wp\/v2\/product_featured_cat?post=195351"},{"taxonomy":"product_brand","embeddable":true,"href":"https:\/\/shop.bantam.ch\/de\/wp-json\/wp\/v2\/product_brand?post=195351"},{"taxonomy":"product_cat","embeddable":true,"href":"https:\/\/shop.bantam.ch\/de\/wp-json\/wp\/v2\/product_cat?post=195351"},{"taxonomy":"product_tag","embeddable":true,"href":"https:\/\/shop.bantam.ch\/de\/wp-json\/wp\/v2\/product_tag?post=195351"}],"curies":[{"name":"wp","href":"https:\/\/api.w.org\/{rel}","templated":true}]}}