{"id":195193,"date":"2024-05-15T15:25:39","date_gmt":"2024-05-15T13:25:39","guid":{"rendered":"https:\/\/shop.bantam.ch\/produit\/hecktuerisolierung-hindermann-premio-1-teilig-ford-transit-ab-2014-_7-_-hoher-tueraus-schnitt-h3-farbe-grau\/"},"modified":"2026-04-18T23:07:15","modified_gmt":"2026-04-18T21:07:15","slug":"hecktuerisolierung-hindermann-premio-1-teilig-ford-transit-ab-2014-_7-_-hoher-tueraus-schnitt-h3-farbe-grau","status":"publish","type":"product","link":"https:\/\/shop.bantam.ch\/de\/produkt\/hecktuerisolierung-hindermann-premio-1-teilig-ford-transit-ab-2014-_7-_-hoher-tueraus-schnitt-h3-farbe-grau\/","title":{"rendered":"Heckt\u00fcrisolierung HINDERMANN PREMIO 1-teilig, Ford Transit ab 2014 _7._, hoher T\u00fcraus- schnitt H3, Farbe grau"},"content":{"rendered":"<p>Mit dem CamperVan auch im Winter unbeschwerte Urlaubstage genie\u00dfen. Ein tempor\u00e4rer zus\u00e4tzlicher Schutz vor K\u00e4lte, schnell montiert, erh\u00f6ht den Wohnkomfort und das Freizeitvergn\u00fcgen. Hierf\u00fcr bietet HINDERMANN ein seit vielen Jahren bew\u00e4hrtes umfangreiches Sortiment an. Um die vielseitigen, speziellen W\u00fcnsche f\u00fcr Kastenwagen zu erf\u00fcllen, haben wir unser Sortiment erweitert.<\/p>\n<p>Die HINDERMANN Heckt\u00fcrisolierung PREMIO ist formschl\u00fcssig entsprechend des Karosserieausschnittes gefertigt und leicht und schnell zu montieren. Nur bei der Erstmontage sind Druckknopfteile anzubringen und evtl. Anpassungen (wie Einschnitte oder das Abschneiden von Material\u00fcberst\u00e4nden) an die unterschiedlichen Ausbauten der Fahrzeughersteller vorzunehmen. Wird die Isolierung nicht mehr ben\u00f6tigt, wird sie zusammengerollt und im Beutel aufbewahrt.<\/p>\n<p>Einfach aufklappen, oben anheften: Dank der Klettverschl\u00fcsse l\u00e4sst sich der untere Teil der Heckt\u00fcrisolierung kurzfristig am oberen befestigen. So ist der Zugriff auf den Stauraum frei und die W\u00e4rme bleibt trotz ge\u00f6ffneter Heckt\u00fcr in der Wohnkabine. Die Innenmontage erfolgt durch Druckkn\u00f6pfe.<\/p>\n<p>&nbsp;<\/p>\n<p>Eigenschaften:<\/p>\n<ul>\n<li>Innovativ<\/li>\n<li>Erh\u00f6hter Wohnkomfort<\/li>\n<li>Effiziente Isolierung<\/li>\n<li>Schutz vor Zugluft<\/li>\n<li>Wohnliches Design<\/li>\n<li>Schnelles Handling<\/li>\n<\/ul>\n<p>Material:<\/p>\n<p>Iso 3-lagig<\/p>\n<p>&nbsp;<\/p>\n","protected":false},"excerpt":{"rendered":"<p>Mit dem CamperVan auch im Winter unbeschwerte Urlaubstage genie\u00dfen. Ein tempor\u00e4rer zus\u00e4tzlicher Schutz vor K\u00e4lte, schnell montiert, erh\u00f6ht den Wohnkomfort und das Freizeitvergn\u00fcgen. Hierf\u00fcr bietet HINDERMANN ein seit vielen Jahren bew\u00e4hrtes umfangreiches Sortiment an. Um die vielseitigen, speziellen W\u00fcnsche f\u00fcr Kastenwagen zu erf\u00fcllen, haben wir unser Sortiment erweitert. Die HINDERMANN Heckt\u00fcrisolierung PREMIO ist formschl\u00fcssig entsprechend [&hellip;]<\/p>\n","protected":false},"featured_media":206595,"template":"","meta":{"_acf_changed":false},"product_featured_cat":[],"product_brand":[3041],"product_cat":[4642],"product_tag":[],"class_list":{"0":"post-195193","1":"product","2":"type-product","3":"status-publish","4":"has-post-thumbnail","6":"product_brand-hindermann-de","7":"product_cat-thermomatten-vorhaenge","9":"first","10":"instock","11":"taxable","12":"shipping-taxable","13":"purchasable","14":"product-type-simple"},"acf":[],"yoast_head":"<!-- This site is optimized with the Yoast SEO plugin v27.4 - https:\/\/yoast.com\/product\/yoast-seo-wordpress\/ -->\n<title>Heckt\u00fcrisolierung HINDERMANN PREMIO 1-teilig, Ford Transit ab 2014 _7._, hoher T\u00fcraus- schnitt H3, Farbe grau - Bantam Camping AG<\/title>\n<meta name=\"robots\" content=\"index, follow, max-snippet:-1, max-image-preview:large, max-video-preview:-1\" \/>\n<link rel=\"canonical\" href=\"https:\/\/shop.bantam.ch\/de\/produkt\/hecktuerisolierung-hindermann-premio-1-teilig-ford-transit-ab-2014-_7-_-hoher-tueraus-schnitt-h3-farbe-grau\/\" \/>\n<meta property=\"og:locale\" content=\"de_DE\" \/>\n<meta property=\"og:type\" content=\"article\" \/>\n<meta property=\"og:title\" content=\"Heckt\u00fcrisolierung HINDERMANN PREMIO 1-teilig, Ford Transit ab 2014 _7._, hoher T\u00fcraus- schnitt H3, Farbe grau - Bantam Camping AG\" \/>\n<meta property=\"og:description\" content=\"Mit dem CamperVan auch im Winter unbeschwerte Urlaubstage genie\u00dfen. Ein tempor\u00e4rer zus\u00e4tzlicher Schutz vor K\u00e4lte, schnell montiert, erh\u00f6ht den Wohnkomfort und das Freizeitvergn\u00fcgen. Hierf\u00fcr bietet HINDERMANN ein seit vielen Jahren bew\u00e4hrtes umfangreiches Sortiment an. Um die vielseitigen, speziellen W\u00fcnsche f\u00fcr Kastenwagen zu erf\u00fcllen, haben wir unser Sortiment erweitert. Die HINDERMANN Heckt\u00fcrisolierung PREMIO ist formschl\u00fcssig entsprechend [&hellip;]\" \/>\n<meta property=\"og:url\" content=\"https:\/\/shop.bantam.ch\/de\/produkt\/hecktuerisolierung-hindermann-premio-1-teilig-ford-transit-ab-2014-_7-_-hoher-tueraus-schnitt-h3-farbe-grau\/\" \/>\n<meta property=\"og:site_name\" content=\"Bantam Camping AG\" \/>\n<meta property=\"article:modified_time\" content=\"2026-04-18T21:07:15+00:00\" \/>\n<meta property=\"og:image\" content=\"https:\/\/shop.bantam.ch\/wp-content\/uploads\/2024\/05\/Movera-L-9949215100.jpg\" \/>\n\t<meta property=\"og:image:width\" content=\"640\" \/>\n\t<meta property=\"og:image:height\" content=\"427\" \/>\n\t<meta property=\"og:image:type\" content=\"image\/jpeg\" \/>\n<meta name=\"twitter:card\" content=\"summary_large_image\" \/>\n<meta name=\"twitter:label1\" content=\"Gesch\u00e4tzte Lesezeit\" \/>\n\t<meta name=\"twitter:data1\" content=\"1\u00a0Minute\" \/>\n<script type=\"application\/ld+json\" class=\"yoast-schema-graph\">{\"@context\":\"https:\\\/\\\/schema.org\",\"@graph\":[{\"@type\":\"WebPage\",\"@id\":\"https:\\\/\\\/shop.bantam.ch\\\/de\\\/produkt\\\/hecktuerisolierung-hindermann-premio-1-teilig-ford-transit-ab-2014-_7-_-hoher-tueraus-schnitt-h3-farbe-grau\\\/\",\"url\":\"https:\\\/\\\/shop.bantam.ch\\\/de\\\/produkt\\\/hecktuerisolierung-hindermann-premio-1-teilig-ford-transit-ab-2014-_7-_-hoher-tueraus-schnitt-h3-farbe-grau\\\/\",\"name\":\"Heckt\u00fcrisolierung HINDERMANN PREMIO 1-teilig, Ford Transit ab 2014 _7._, hoher T\u00fcraus- schnitt H3, Farbe grau - Bantam Camping AG\",\"isPartOf\":{\"@id\":\"https:\\\/\\\/shop.bantam.ch\\\/de\\\/#website\"},\"primaryImageOfPage\":{\"@id\":\"https:\\\/\\\/shop.bantam.ch\\\/de\\\/produkt\\\/hecktuerisolierung-hindermann-premio-1-teilig-ford-transit-ab-2014-_7-_-hoher-tueraus-schnitt-h3-farbe-grau\\\/#primaryimage\"},\"image\":{\"@id\":\"https:\\\/\\\/shop.bantam.ch\\\/de\\\/produkt\\\/hecktuerisolierung-hindermann-premio-1-teilig-ford-transit-ab-2014-_7-_-hoher-tueraus-schnitt-h3-farbe-grau\\\/#primaryimage\"},\"thumbnailUrl\":\"https:\\\/\\\/shop.bantam.ch\\\/wp-content\\\/uploads\\\/2024\\\/09\\\/Movera-L-9949215100.jpg\",\"datePublished\":\"2024-05-15T13:25:39+00:00\",\"dateModified\":\"2026-04-18T21:07:15+00:00\",\"breadcrumb\":{\"@id\":\"https:\\\/\\\/shop.bantam.ch\\\/de\\\/produkt\\\/hecktuerisolierung-hindermann-premio-1-teilig-ford-transit-ab-2014-_7-_-hoher-tueraus-schnitt-h3-farbe-grau\\\/#breadcrumb\"},\"inLanguage\":\"de\",\"potentialAction\":[{\"@type\":\"ReadAction\",\"target\":[\"https:\\\/\\\/shop.bantam.ch\\\/de\\\/produkt\\\/hecktuerisolierung-hindermann-premio-1-teilig-ford-transit-ab-2014-_7-_-hoher-tueraus-schnitt-h3-farbe-grau\\\/\"]}]},{\"@type\":\"ImageObject\",\"inLanguage\":\"de\",\"@id\":\"https:\\\/\\\/shop.bantam.ch\\\/de\\\/produkt\\\/hecktuerisolierung-hindermann-premio-1-teilig-ford-transit-ab-2014-_7-_-hoher-tueraus-schnitt-h3-farbe-grau\\\/#primaryimage\",\"url\":\"https:\\\/\\\/shop.bantam.ch\\\/wp-content\\\/uploads\\\/2024\\\/09\\\/Movera-L-9949215100.jpg\",\"contentUrl\":\"https:\\\/\\\/shop.bantam.ch\\\/wp-content\\\/uploads\\\/2024\\\/09\\\/Movera-L-9949215100.jpg\",\"width\":640,\"height\":427},{\"@type\":\"BreadcrumbList\",\"@id\":\"https:\\\/\\\/shop.bantam.ch\\\/de\\\/produkt\\\/hecktuerisolierung-hindermann-premio-1-teilig-ford-transit-ab-2014-_7-_-hoher-tueraus-schnitt-h3-farbe-grau\\\/#breadcrumb\",\"itemListElement\":[{\"@type\":\"ListItem\",\"position\":1,\"name\":\"Accueil\",\"item\":\"https:\\\/\\\/shop.bantam.ch\\\/de\\\/\"},{\"@type\":\"ListItem\",\"position\":2,\"name\":\"Shop\",\"item\":\"https:\\\/\\\/shop.bantam.ch\\\/de\\\/shop\\\/\"},{\"@type\":\"ListItem\",\"position\":3,\"name\":\"Heckt\u00fcrisolierung HINDERMANN PREMIO 1-teilig, Ford Transit ab 2014 _7._, hoher T\u00fcraus- schnitt H3, Farbe grau\"}]},{\"@type\":\"WebSite\",\"@id\":\"https:\\\/\\\/shop.bantam.ch\\\/de\\\/#website\",\"url\":\"https:\\\/\\\/shop.bantam.ch\\\/de\\\/\",\"name\":\"Bantam Camping AG\",\"description\":\"\",\"publisher\":{\"@id\":\"https:\\\/\\\/shop.bantam.ch\\\/de\\\/#organization\"},\"inLanguage\":\"de\"},{\"@type\":\"Organization\",\"@id\":\"https:\\\/\\\/shop.bantam.ch\\\/de\\\/#organization\",\"name\":\"Bantam Camping AG\",\"url\":\"https:\\\/\\\/shop.bantam.ch\\\/de\\\/\",\"logo\":{\"@type\":\"ImageObject\",\"inLanguage\":\"de\",\"@id\":\"https:\\\/\\\/shop.bantam.ch\\\/de\\\/#\\\/schema\\\/logo\\\/image\\\/\",\"url\":\"https:\\\/\\\/shop.bantam.ch\\\/wp-content\\\/uploads\\\/2022\\\/12\\\/bantam-logo.png\",\"contentUrl\":\"https:\\\/\\\/shop.bantam.ch\\\/wp-content\\\/uploads\\\/2022\\\/12\\\/bantam-logo.png\",\"width\":320,\"height\":71,\"caption\":\"Bantam Camping AG\"},\"image\":{\"@id\":\"https:\\\/\\\/shop.bantam.ch\\\/de\\\/#\\\/schema\\\/logo\\\/image\\\/\"}}]}<\/script>\n<!-- \/ Yoast SEO plugin. -->","yoast_head_json":{"title":"Heckt\u00fcrisolierung HINDERMANN PREMIO 1-teilig, Ford Transit ab 2014 _7._, hoher T\u00fcraus- schnitt H3, Farbe grau - Bantam Camping AG","robots":{"index":"index","follow":"follow","max-snippet":"max-snippet:-1","max-image-preview":"max-image-preview:large","max-video-preview":"max-video-preview:-1"},"canonical":"https:\/\/shop.bantam.ch\/de\/produkt\/hecktuerisolierung-hindermann-premio-1-teilig-ford-transit-ab-2014-_7-_-hoher-tueraus-schnitt-h3-farbe-grau\/","og_locale":"de_DE","og_type":"article","og_title":"Heckt\u00fcrisolierung HINDERMANN PREMIO 1-teilig, Ford Transit ab 2014 _7._, hoher T\u00fcraus- schnitt H3, Farbe grau - Bantam Camping AG","og_description":"Mit dem CamperVan auch im Winter unbeschwerte Urlaubstage genie\u00dfen. Ein tempor\u00e4rer zus\u00e4tzlicher Schutz vor K\u00e4lte, schnell montiert, erh\u00f6ht den Wohnkomfort und das Freizeitvergn\u00fcgen. Hierf\u00fcr bietet HINDERMANN ein seit vielen Jahren bew\u00e4hrtes umfangreiches Sortiment an. Um die vielseitigen, speziellen W\u00fcnsche f\u00fcr Kastenwagen zu erf\u00fcllen, haben wir unser Sortiment erweitert. Die HINDERMANN Heckt\u00fcrisolierung PREMIO ist formschl\u00fcssig entsprechend [&hellip;]","og_url":"https:\/\/shop.bantam.ch\/de\/produkt\/hecktuerisolierung-hindermann-premio-1-teilig-ford-transit-ab-2014-_7-_-hoher-tueraus-schnitt-h3-farbe-grau\/","og_site_name":"Bantam Camping AG","article_modified_time":"2026-04-18T21:07:15+00:00","og_image":[{"width":640,"height":427,"url":"https:\/\/shop.bantam.ch\/wp-content\/uploads\/2024\/05\/Movera-L-9949215100.jpg","type":"image\/jpeg"}],"twitter_card":"summary_large_image","twitter_misc":{"Gesch\u00e4tzte Lesezeit":"1\u00a0Minute"},"schema":{"@context":"https:\/\/schema.org","@graph":[{"@type":"WebPage","@id":"https:\/\/shop.bantam.ch\/de\/produkt\/hecktuerisolierung-hindermann-premio-1-teilig-ford-transit-ab-2014-_7-_-hoher-tueraus-schnitt-h3-farbe-grau\/","url":"https:\/\/shop.bantam.ch\/de\/produkt\/hecktuerisolierung-hindermann-premio-1-teilig-ford-transit-ab-2014-_7-_-hoher-tueraus-schnitt-h3-farbe-grau\/","name":"Heckt\u00fcrisolierung HINDERMANN PREMIO 1-teilig, Ford Transit ab 2014 _7._, hoher T\u00fcraus- schnitt H3, Farbe grau - Bantam Camping AG","isPartOf":{"@id":"https:\/\/shop.bantam.ch\/de\/#website"},"primaryImageOfPage":{"@id":"https:\/\/shop.bantam.ch\/de\/produkt\/hecktuerisolierung-hindermann-premio-1-teilig-ford-transit-ab-2014-_7-_-hoher-tueraus-schnitt-h3-farbe-grau\/#primaryimage"},"image":{"@id":"https:\/\/shop.bantam.ch\/de\/produkt\/hecktuerisolierung-hindermann-premio-1-teilig-ford-transit-ab-2014-_7-_-hoher-tueraus-schnitt-h3-farbe-grau\/#primaryimage"},"thumbnailUrl":"https:\/\/shop.bantam.ch\/wp-content\/uploads\/2024\/09\/Movera-L-9949215100.jpg","datePublished":"2024-05-15T13:25:39+00:00","dateModified":"2026-04-18T21:07:15+00:00","breadcrumb":{"@id":"https:\/\/shop.bantam.ch\/de\/produkt\/hecktuerisolierung-hindermann-premio-1-teilig-ford-transit-ab-2014-_7-_-hoher-tueraus-schnitt-h3-farbe-grau\/#breadcrumb"},"inLanguage":"de","potentialAction":[{"@type":"ReadAction","target":["https:\/\/shop.bantam.ch\/de\/produkt\/hecktuerisolierung-hindermann-premio-1-teilig-ford-transit-ab-2014-_7-_-hoher-tueraus-schnitt-h3-farbe-grau\/"]}]},{"@type":"ImageObject","inLanguage":"de","@id":"https:\/\/shop.bantam.ch\/de\/produkt\/hecktuerisolierung-hindermann-premio-1-teilig-ford-transit-ab-2014-_7-_-hoher-tueraus-schnitt-h3-farbe-grau\/#primaryimage","url":"https:\/\/shop.bantam.ch\/wp-content\/uploads\/2024\/09\/Movera-L-9949215100.jpg","contentUrl":"https:\/\/shop.bantam.ch\/wp-content\/uploads\/2024\/09\/Movera-L-9949215100.jpg","width":640,"height":427},{"@type":"BreadcrumbList","@id":"https:\/\/shop.bantam.ch\/de\/produkt\/hecktuerisolierung-hindermann-premio-1-teilig-ford-transit-ab-2014-_7-_-hoher-tueraus-schnitt-h3-farbe-grau\/#breadcrumb","itemListElement":[{"@type":"ListItem","position":1,"name":"Accueil","item":"https:\/\/shop.bantam.ch\/de\/"},{"@type":"ListItem","position":2,"name":"Shop","item":"https:\/\/shop.bantam.ch\/de\/shop\/"},{"@type":"ListItem","position":3,"name":"Heckt\u00fcrisolierung HINDERMANN PREMIO 1-teilig, Ford Transit ab 2014 _7._, hoher T\u00fcraus- schnitt H3, Farbe grau"}]},{"@type":"WebSite","@id":"https:\/\/shop.bantam.ch\/de\/#website","url":"https:\/\/shop.bantam.ch\/de\/","name":"Bantam Camping AG","description":"","publisher":{"@id":"https:\/\/shop.bantam.ch\/de\/#organization"},"inLanguage":"de"},{"@type":"Organization","@id":"https:\/\/shop.bantam.ch\/de\/#organization","name":"Bantam Camping AG","url":"https:\/\/shop.bantam.ch\/de\/","logo":{"@type":"ImageObject","inLanguage":"de","@id":"https:\/\/shop.bantam.ch\/de\/#\/schema\/logo\/image\/","url":"https:\/\/shop.bantam.ch\/wp-content\/uploads\/2022\/12\/bantam-logo.png","contentUrl":"https:\/\/shop.bantam.ch\/wp-content\/uploads\/2022\/12\/bantam-logo.png","width":320,"height":71,"caption":"Bantam Camping AG"},"image":{"@id":"https:\/\/shop.bantam.ch\/de\/#\/schema\/logo\/image\/"}}]}},"_links":{"self":[{"href":"https:\/\/shop.bantam.ch\/de\/wp-json\/wp\/v2\/product\/195193","targetHints":{"allow":["GET"]}}],"collection":[{"href":"https:\/\/shop.bantam.ch\/de\/wp-json\/wp\/v2\/product"}],"about":[{"href":"https:\/\/shop.bantam.ch\/de\/wp-json\/wp\/v2\/types\/product"}],"wp:featuredmedia":[{"embeddable":true,"href":"https:\/\/shop.bantam.ch\/de\/wp-json\/wp\/v2\/media\/206595"}],"wp:attachment":[{"href":"https:\/\/shop.bantam.ch\/de\/wp-json\/wp\/v2\/media?parent=195193"}],"wp:term":[{"taxonomy":"product_featured_cat","embeddable":true,"href":"https:\/\/shop.bantam.ch\/de\/wp-json\/wp\/v2\/product_featured_cat?post=195193"},{"taxonomy":"product_brand","embeddable":true,"href":"https:\/\/shop.bantam.ch\/de\/wp-json\/wp\/v2\/product_brand?post=195193"},{"taxonomy":"product_cat","embeddable":true,"href":"https:\/\/shop.bantam.ch\/de\/wp-json\/wp\/v2\/product_cat?post=195193"},{"taxonomy":"product_tag","embeddable":true,"href":"https:\/\/shop.bantam.ch\/de\/wp-json\/wp\/v2\/product_tag?post=195193"}],"curies":[{"name":"wp","href":"https:\/\/api.w.org\/{rel}","templated":true}]}}