{"id":195057,"date":"2024-05-15T15:22:04","date_gmt":"2024-05-15T13:22:04","guid":{"rendered":"https:\/\/shop.bantam.ch\/produit\/fahrradtraeger-fiamma-carry-bike-motor-lift-77-farbe-aluminium\/"},"modified":"2026-04-20T23:04:59","modified_gmt":"2026-04-20T21:04:59","slug":"fahrradtraeger-fiamma-carry-bike-motor-lift-77-farbe-aluminium","status":"publish","type":"product","link":"https:\/\/shop.bantam.ch\/de\/produkt\/fahrradtraeger-fiamma-carry-bike-motor-lift-77-farbe-aluminium\/","title":{"rendered":"Fahrradtr\u00e4ger FIAMMA Carry Bike Motor Lift 77 Farbe aluminium"},"content":{"rendered":"<p>\nMotorisierte Carry-Bike f\u00fcr Wohnmobile, der Aufl ageb\u00fcgel l\u00e4sst sich um 77 cm absenken und erm\u00f6glicht so ein m\u00fcheloses Be- und Entladen der Fahrr\u00e4der. Funktionssteigerung des Carry-Bikes beim Schlie\u00dfen dank des Endanschlags.<\/p>\n<p>Bei diesem Modell wird die obere Struktur mit doppelten Bohrungen versehen, um das horizontale St\u00fctzrohr im Falle einer am Fahrzeug angebrachten R\u00fcckfahrkamera verschieben zu k\u00f6nnen. Ein optionaler unterer Halterungssatz ist erh\u00e4ltlich, um den Fahrradtr\u00e4ger an Fahrzeugen zu installieren, die bereits mit unteren und oberen Montageprofilen ausgestattet sind.<\/p>\n<p>Austattung:<\/p>\n<ul>\n<li>Klappbarer Auflageb\u00fcgel motorisierte Absenkung 77 cm<\/li>\n<li>H\u00f6henverstellbarer Struktur<\/li>\n<li>12-V-Stromversorgung<\/li>\n<li>F\u00fcr 2 Fahrr\u00e4der, erweiterbar auf 4 R\u00e4der, max. 2 E-Bike<\/li>\n<li>Schienenart: Rail Premium<\/li>\n<\/ul>\n","protected":false},"excerpt":{"rendered":"<p>Motorisierte Carry-Bike f\u00fcr Wohnmobile, der Aufl ageb\u00fcgel l\u00e4sst sich um 77 cm absenken und erm\u00f6glicht so ein m\u00fcheloses Be- und Entladen der Fahrr\u00e4der. Funktionssteigerung des Carry-Bikes beim Schlie\u00dfen dank des Endanschlags. Bei diesem Modell wird die obere Struktur mit doppelten Bohrungen versehen, um das horizontale St\u00fctzrohr im Falle einer am Fahrzeug angebrachten R\u00fcckfahrkamera verschieben zu [&hellip;]<\/p>\n","protected":false},"featured_media":206575,"template":"","meta":{"_acf_changed":false},"product_featured_cat":[],"product_brand":[3035],"product_cat":[5138],"product_tag":[],"class_list":{"0":"post-195057","1":"product","2":"type-product","3":"status-publish","4":"has-post-thumbnail","6":"product_brand-fiamma-de","7":"product_cat-heck-fahrradtraeger","9":"first","10":"instock","11":"taxable","12":"shipping-taxable","13":"purchasable","14":"product-type-simple"},"acf":[],"yoast_head":"<!-- This site is optimized with the Yoast SEO plugin v27.4 - https:\/\/yoast.com\/product\/yoast-seo-wordpress\/ -->\n<title>Fahrradtr\u00e4ger FIAMMA Carry Bike Motor Lift 77 Farbe aluminium - Bantam Camping AG<\/title>\n<meta name=\"robots\" content=\"index, follow, max-snippet:-1, max-image-preview:large, max-video-preview:-1\" \/>\n<link rel=\"canonical\" href=\"https:\/\/shop.bantam.ch\/de\/produkt\/fahrradtraeger-fiamma-carry-bike-motor-lift-77-farbe-aluminium\/\" \/>\n<meta property=\"og:locale\" content=\"de_DE\" \/>\n<meta property=\"og:type\" content=\"article\" \/>\n<meta property=\"og:title\" content=\"Fahrradtr\u00e4ger FIAMMA Carry Bike Motor Lift 77 Farbe aluminium - Bantam Camping AG\" \/>\n<meta property=\"og:description\" content=\"Motorisierte Carry-Bike f\u00fcr Wohnmobile, der Aufl ageb\u00fcgel l\u00e4sst sich um 77 cm absenken und erm\u00f6glicht so ein m\u00fcheloses Be- und Entladen der Fahrr\u00e4der. Funktionssteigerung des Carry-Bikes beim Schlie\u00dfen dank des Endanschlags. Bei diesem Modell wird die obere Struktur mit doppelten Bohrungen versehen, um das horizontale St\u00fctzrohr im Falle einer am Fahrzeug angebrachten R\u00fcckfahrkamera verschieben zu [&hellip;]\" \/>\n<meta property=\"og:url\" content=\"https:\/\/shop.bantam.ch\/de\/produkt\/fahrradtraeger-fiamma-carry-bike-motor-lift-77-farbe-aluminium\/\" \/>\n<meta property=\"og:site_name\" content=\"Bantam Camping AG\" \/>\n<meta property=\"article:modified_time\" content=\"2026-04-20T21:04:59+00:00\" \/>\n<meta property=\"og:image\" content=\"https:\/\/shop.bantam.ch\/wp-content\/uploads\/2024\/05\/Movera-L-9949165100.jpg\" \/>\n\t<meta property=\"og:image:width\" content=\"640\" \/>\n\t<meta property=\"og:image:height\" content=\"546\" \/>\n\t<meta property=\"og:image:type\" content=\"image\/jpeg\" \/>\n<meta name=\"twitter:card\" content=\"summary_large_image\" \/>\n<meta name=\"twitter:label1\" content=\"Gesch\u00e4tzte Lesezeit\" \/>\n\t<meta name=\"twitter:data1\" content=\"1\u00a0Minute\" \/>\n<script type=\"application\/ld+json\" class=\"yoast-schema-graph\">{\"@context\":\"https:\\\/\\\/schema.org\",\"@graph\":[{\"@type\":\"WebPage\",\"@id\":\"https:\\\/\\\/shop.bantam.ch\\\/de\\\/produkt\\\/fahrradtraeger-fiamma-carry-bike-motor-lift-77-farbe-aluminium\\\/\",\"url\":\"https:\\\/\\\/shop.bantam.ch\\\/de\\\/produkt\\\/fahrradtraeger-fiamma-carry-bike-motor-lift-77-farbe-aluminium\\\/\",\"name\":\"Fahrradtr\u00e4ger FIAMMA Carry Bike Motor Lift 77 Farbe aluminium - Bantam Camping AG\",\"isPartOf\":{\"@id\":\"https:\\\/\\\/shop.bantam.ch\\\/de\\\/#website\"},\"primaryImageOfPage\":{\"@id\":\"https:\\\/\\\/shop.bantam.ch\\\/de\\\/produkt\\\/fahrradtraeger-fiamma-carry-bike-motor-lift-77-farbe-aluminium\\\/#primaryimage\"},\"image\":{\"@id\":\"https:\\\/\\\/shop.bantam.ch\\\/de\\\/produkt\\\/fahrradtraeger-fiamma-carry-bike-motor-lift-77-farbe-aluminium\\\/#primaryimage\"},\"thumbnailUrl\":\"https:\\\/\\\/shop.bantam.ch\\\/wp-content\\\/uploads\\\/2024\\\/09\\\/Movera-L-9949165100.jpg\",\"datePublished\":\"2024-05-15T13:22:04+00:00\",\"dateModified\":\"2026-04-20T21:04:59+00:00\",\"breadcrumb\":{\"@id\":\"https:\\\/\\\/shop.bantam.ch\\\/de\\\/produkt\\\/fahrradtraeger-fiamma-carry-bike-motor-lift-77-farbe-aluminium\\\/#breadcrumb\"},\"inLanguage\":\"de\",\"potentialAction\":[{\"@type\":\"ReadAction\",\"target\":[\"https:\\\/\\\/shop.bantam.ch\\\/de\\\/produkt\\\/fahrradtraeger-fiamma-carry-bike-motor-lift-77-farbe-aluminium\\\/\"]}]},{\"@type\":\"ImageObject\",\"inLanguage\":\"de\",\"@id\":\"https:\\\/\\\/shop.bantam.ch\\\/de\\\/produkt\\\/fahrradtraeger-fiamma-carry-bike-motor-lift-77-farbe-aluminium\\\/#primaryimage\",\"url\":\"https:\\\/\\\/shop.bantam.ch\\\/wp-content\\\/uploads\\\/2024\\\/09\\\/Movera-L-9949165100.jpg\",\"contentUrl\":\"https:\\\/\\\/shop.bantam.ch\\\/wp-content\\\/uploads\\\/2024\\\/09\\\/Movera-L-9949165100.jpg\",\"width\":640,\"height\":546},{\"@type\":\"BreadcrumbList\",\"@id\":\"https:\\\/\\\/shop.bantam.ch\\\/de\\\/produkt\\\/fahrradtraeger-fiamma-carry-bike-motor-lift-77-farbe-aluminium\\\/#breadcrumb\",\"itemListElement\":[{\"@type\":\"ListItem\",\"position\":1,\"name\":\"Accueil\",\"item\":\"https:\\\/\\\/shop.bantam.ch\\\/de\\\/\"},{\"@type\":\"ListItem\",\"position\":2,\"name\":\"Shop\",\"item\":\"https:\\\/\\\/shop.bantam.ch\\\/de\\\/shop\\\/\"},{\"@type\":\"ListItem\",\"position\":3,\"name\":\"Fahrradtr\u00e4ger FIAMMA Carry Bike Motor Lift 77 Farbe aluminium\"}]},{\"@type\":\"WebSite\",\"@id\":\"https:\\\/\\\/shop.bantam.ch\\\/de\\\/#website\",\"url\":\"https:\\\/\\\/shop.bantam.ch\\\/de\\\/\",\"name\":\"Bantam Camping AG\",\"description\":\"\",\"publisher\":{\"@id\":\"https:\\\/\\\/shop.bantam.ch\\\/de\\\/#organization\"},\"inLanguage\":\"de\"},{\"@type\":\"Organization\",\"@id\":\"https:\\\/\\\/shop.bantam.ch\\\/de\\\/#organization\",\"name\":\"Bantam Camping AG\",\"url\":\"https:\\\/\\\/shop.bantam.ch\\\/de\\\/\",\"logo\":{\"@type\":\"ImageObject\",\"inLanguage\":\"de\",\"@id\":\"https:\\\/\\\/shop.bantam.ch\\\/de\\\/#\\\/schema\\\/logo\\\/image\\\/\",\"url\":\"https:\\\/\\\/shop.bantam.ch\\\/wp-content\\\/uploads\\\/2022\\\/12\\\/bantam-logo.png\",\"contentUrl\":\"https:\\\/\\\/shop.bantam.ch\\\/wp-content\\\/uploads\\\/2022\\\/12\\\/bantam-logo.png\",\"width\":320,\"height\":71,\"caption\":\"Bantam Camping AG\"},\"image\":{\"@id\":\"https:\\\/\\\/shop.bantam.ch\\\/de\\\/#\\\/schema\\\/logo\\\/image\\\/\"}}]}<\/script>\n<!-- \/ Yoast SEO plugin. -->","yoast_head_json":{"title":"Fahrradtr\u00e4ger FIAMMA Carry Bike Motor Lift 77 Farbe aluminium - Bantam Camping AG","robots":{"index":"index","follow":"follow","max-snippet":"max-snippet:-1","max-image-preview":"max-image-preview:large","max-video-preview":"max-video-preview:-1"},"canonical":"https:\/\/shop.bantam.ch\/de\/produkt\/fahrradtraeger-fiamma-carry-bike-motor-lift-77-farbe-aluminium\/","og_locale":"de_DE","og_type":"article","og_title":"Fahrradtr\u00e4ger FIAMMA Carry Bike Motor Lift 77 Farbe aluminium - Bantam Camping AG","og_description":"Motorisierte Carry-Bike f\u00fcr Wohnmobile, der Aufl ageb\u00fcgel l\u00e4sst sich um 77 cm absenken und erm\u00f6glicht so ein m\u00fcheloses Be- und Entladen der Fahrr\u00e4der. Funktionssteigerung des Carry-Bikes beim Schlie\u00dfen dank des Endanschlags. Bei diesem Modell wird die obere Struktur mit doppelten Bohrungen versehen, um das horizontale St\u00fctzrohr im Falle einer am Fahrzeug angebrachten R\u00fcckfahrkamera verschieben zu [&hellip;]","og_url":"https:\/\/shop.bantam.ch\/de\/produkt\/fahrradtraeger-fiamma-carry-bike-motor-lift-77-farbe-aluminium\/","og_site_name":"Bantam Camping AG","article_modified_time":"2026-04-20T21:04:59+00:00","og_image":[{"width":640,"height":546,"url":"https:\/\/shop.bantam.ch\/wp-content\/uploads\/2024\/05\/Movera-L-9949165100.jpg","type":"image\/jpeg"}],"twitter_card":"summary_large_image","twitter_misc":{"Gesch\u00e4tzte Lesezeit":"1\u00a0Minute"},"schema":{"@context":"https:\/\/schema.org","@graph":[{"@type":"WebPage","@id":"https:\/\/shop.bantam.ch\/de\/produkt\/fahrradtraeger-fiamma-carry-bike-motor-lift-77-farbe-aluminium\/","url":"https:\/\/shop.bantam.ch\/de\/produkt\/fahrradtraeger-fiamma-carry-bike-motor-lift-77-farbe-aluminium\/","name":"Fahrradtr\u00e4ger FIAMMA Carry Bike Motor Lift 77 Farbe aluminium - Bantam Camping AG","isPartOf":{"@id":"https:\/\/shop.bantam.ch\/de\/#website"},"primaryImageOfPage":{"@id":"https:\/\/shop.bantam.ch\/de\/produkt\/fahrradtraeger-fiamma-carry-bike-motor-lift-77-farbe-aluminium\/#primaryimage"},"image":{"@id":"https:\/\/shop.bantam.ch\/de\/produkt\/fahrradtraeger-fiamma-carry-bike-motor-lift-77-farbe-aluminium\/#primaryimage"},"thumbnailUrl":"https:\/\/shop.bantam.ch\/wp-content\/uploads\/2024\/09\/Movera-L-9949165100.jpg","datePublished":"2024-05-15T13:22:04+00:00","dateModified":"2026-04-20T21:04:59+00:00","breadcrumb":{"@id":"https:\/\/shop.bantam.ch\/de\/produkt\/fahrradtraeger-fiamma-carry-bike-motor-lift-77-farbe-aluminium\/#breadcrumb"},"inLanguage":"de","potentialAction":[{"@type":"ReadAction","target":["https:\/\/shop.bantam.ch\/de\/produkt\/fahrradtraeger-fiamma-carry-bike-motor-lift-77-farbe-aluminium\/"]}]},{"@type":"ImageObject","inLanguage":"de","@id":"https:\/\/shop.bantam.ch\/de\/produkt\/fahrradtraeger-fiamma-carry-bike-motor-lift-77-farbe-aluminium\/#primaryimage","url":"https:\/\/shop.bantam.ch\/wp-content\/uploads\/2024\/09\/Movera-L-9949165100.jpg","contentUrl":"https:\/\/shop.bantam.ch\/wp-content\/uploads\/2024\/09\/Movera-L-9949165100.jpg","width":640,"height":546},{"@type":"BreadcrumbList","@id":"https:\/\/shop.bantam.ch\/de\/produkt\/fahrradtraeger-fiamma-carry-bike-motor-lift-77-farbe-aluminium\/#breadcrumb","itemListElement":[{"@type":"ListItem","position":1,"name":"Accueil","item":"https:\/\/shop.bantam.ch\/de\/"},{"@type":"ListItem","position":2,"name":"Shop","item":"https:\/\/shop.bantam.ch\/de\/shop\/"},{"@type":"ListItem","position":3,"name":"Fahrradtr\u00e4ger FIAMMA Carry Bike Motor Lift 77 Farbe aluminium"}]},{"@type":"WebSite","@id":"https:\/\/shop.bantam.ch\/de\/#website","url":"https:\/\/shop.bantam.ch\/de\/","name":"Bantam Camping AG","description":"","publisher":{"@id":"https:\/\/shop.bantam.ch\/de\/#organization"},"inLanguage":"de"},{"@type":"Organization","@id":"https:\/\/shop.bantam.ch\/de\/#organization","name":"Bantam Camping AG","url":"https:\/\/shop.bantam.ch\/de\/","logo":{"@type":"ImageObject","inLanguage":"de","@id":"https:\/\/shop.bantam.ch\/de\/#\/schema\/logo\/image\/","url":"https:\/\/shop.bantam.ch\/wp-content\/uploads\/2022\/12\/bantam-logo.png","contentUrl":"https:\/\/shop.bantam.ch\/wp-content\/uploads\/2022\/12\/bantam-logo.png","width":320,"height":71,"caption":"Bantam Camping AG"},"image":{"@id":"https:\/\/shop.bantam.ch\/de\/#\/schema\/logo\/image\/"}}]}},"_links":{"self":[{"href":"https:\/\/shop.bantam.ch\/de\/wp-json\/wp\/v2\/product\/195057","targetHints":{"allow":["GET"]}}],"collection":[{"href":"https:\/\/shop.bantam.ch\/de\/wp-json\/wp\/v2\/product"}],"about":[{"href":"https:\/\/shop.bantam.ch\/de\/wp-json\/wp\/v2\/types\/product"}],"wp:featuredmedia":[{"embeddable":true,"href":"https:\/\/shop.bantam.ch\/de\/wp-json\/wp\/v2\/media\/206575"}],"wp:attachment":[{"href":"https:\/\/shop.bantam.ch\/de\/wp-json\/wp\/v2\/media?parent=195057"}],"wp:term":[{"taxonomy":"product_featured_cat","embeddable":true,"href":"https:\/\/shop.bantam.ch\/de\/wp-json\/wp\/v2\/product_featured_cat?post=195057"},{"taxonomy":"product_brand","embeddable":true,"href":"https:\/\/shop.bantam.ch\/de\/wp-json\/wp\/v2\/product_brand?post=195057"},{"taxonomy":"product_cat","embeddable":true,"href":"https:\/\/shop.bantam.ch\/de\/wp-json\/wp\/v2\/product_cat?post=195057"},{"taxonomy":"product_tag","embeddable":true,"href":"https:\/\/shop.bantam.ch\/de\/wp-json\/wp\/v2\/product_tag?post=195057"}],"curies":[{"name":"wp","href":"https:\/\/api.w.org\/{rel}","templated":true}]}}