{"id":195035,"date":"2024-05-15T15:21:39","date_gmt":"2024-05-15T13:21:39","guid":{"rendered":"https:\/\/shop.bantam.ch\/produit\/kajaktraeger-thule-k-guard\/"},"modified":"2025-02-13T00:09:46","modified_gmt":"2025-02-12T23:09:46","slug":"kajaktraeger-thule-k-guard","status":"publish","type":"product","link":"https:\/\/shop.bantam.ch\/de\/produkt\/kajaktraeger-thule-k-guard\/","title":{"rendered":"Kajaktr\u00e4ger THULE K-Guard"},"content":{"rendered":"<p>Schneller, sicherer und praktischer Halter, der beim Auf- und Abladen Zeit spart.<\/p>\n<p>Ausstattung:<\/p>\n<ul>\n<li>Sehr schnell und einfach am Dachtr\u00e4ger zu befestigen<\/li>\n<li>In einem gro\u00dfen Winkel neigbar f\u00fcr einfaches Auf- und Abladen<\/li>\n<li>Gute Druckverteilung am Kajakrumpf durch Gummist\u00fctzen, die sich durch ihr Design an unterschiedliche Kajakformen anpassen<\/li>\n<li>Der weltweit erste Kajakhalter, bei dem das Kajak am Tr\u00e4ger (Gurt mit Stahleinlage) und der Tr\u00e4ger am Dachtr\u00e4ger abschlie\u00dfbar ist<\/li>\n<li>Ein Gummipolster um die Gurtschnalle sch\u00fctzt Kajak und Fahrzeug vor Kratzern beim Beladen und beim Transport<\/li>\n<li>Elegante Aluminiumb\u00fcgel<\/li>\n<li>Ma\u00dfe: 62,8 x 7,4 x 14,6 cm (B x H x T)<\/li>\n<li>L\u00e4nge der Schlaufen: 2 x 400 cm<\/li>\n<li>Gummiabdeckungf f\u00fcr Gurtschnalle: ja<\/li>\n<li>Kompatibel mit One-Key System: ja<\/li>\n<li>Passend f\u00fcr Thule WingBar: ja<\/li>\n<li>Passend f\u00fcr Thule WingBar Evo: ja<\/li>\n<li>Passend f\u00fcr Thule WingBar Edge: ja<\/li>\n<li>Passend f\u00fcr Thule SlideBar: ja<\/li>\n<li>Passend f\u00fcr Thule ProBar Evo: ja<\/li>\n<li>Passend f\u00fcr Thule SquareBar Evo: Adapter erforderlich: Thule SquareBar Adapter 4-pack<\/li>\n<\/ul>\n","protected":false},"excerpt":{"rendered":"<p>Schneller, sicherer und praktischer Halter, der beim Auf- und Abladen Zeit spart. Ausstattung: Sehr schnell und einfach am Dachtr\u00e4ger zu befestigen In einem gro\u00dfen Winkel neigbar f\u00fcr einfaches Auf- und Abladen Gute Druckverteilung am Kajakrumpf durch Gummist\u00fctzen, die sich durch ihr Design an unterschiedliche Kajakformen anpassen Der weltweit erste Kajakhalter, bei dem das Kajak am [&hellip;]<\/p>\n","protected":false},"featured_media":206573,"template":"","meta":{"_acf_changed":false},"product_featured_cat":[],"product_brand":[3047],"product_cat":[4798],"product_tag":[],"class_list":{"0":"post-195035","1":"product","2":"type-product","3":"status-publish","4":"has-post-thumbnail","6":"product_brand-thule-de","7":"product_cat-dachrelinge-traeger","9":"first","10":"instock","11":"taxable","12":"shipping-taxable","13":"purchasable","14":"product-type-simple"},"acf":[],"yoast_head":"<!-- This site is optimized with the Yoast SEO plugin v27.4 - https:\/\/yoast.com\/product\/yoast-seo-wordpress\/ -->\n<title>Kajaktr\u00e4ger THULE K-Guard - Bantam Camping AG<\/title>\n<meta name=\"robots\" content=\"index, follow, max-snippet:-1, max-image-preview:large, max-video-preview:-1\" \/>\n<link rel=\"canonical\" href=\"https:\/\/shop.bantam.ch\/de\/produkt\/kajaktraeger-thule-k-guard\/\" \/>\n<meta property=\"og:locale\" content=\"de_DE\" \/>\n<meta property=\"og:type\" content=\"article\" \/>\n<meta property=\"og:title\" content=\"Kajaktr\u00e4ger THULE K-Guard - Bantam Camping AG\" \/>\n<meta property=\"og:description\" content=\"Schneller, sicherer und praktischer Halter, der beim Auf- und Abladen Zeit spart. Ausstattung: Sehr schnell und einfach am Dachtr\u00e4ger zu befestigen In einem gro\u00dfen Winkel neigbar f\u00fcr einfaches Auf- und Abladen Gute Druckverteilung am Kajakrumpf durch Gummist\u00fctzen, die sich durch ihr Design an unterschiedliche Kajakformen anpassen Der weltweit erste Kajakhalter, bei dem das Kajak am [&hellip;]\" \/>\n<meta property=\"og:url\" content=\"https:\/\/shop.bantam.ch\/de\/produkt\/kajaktraeger-thule-k-guard\/\" \/>\n<meta property=\"og:site_name\" content=\"Bantam Camping AG\" \/>\n<meta property=\"article:modified_time\" content=\"2025-02-12T23:09:46+00:00\" \/>\n<meta property=\"og:image\" content=\"https:\/\/shop.bantam.ch\/wp-content\/uploads\/2024\/05\/Movera-L-9949163100.jpg\" \/>\n\t<meta property=\"og:image:width\" content=\"640\" \/>\n\t<meta property=\"og:image:height\" content=\"150\" \/>\n\t<meta property=\"og:image:type\" content=\"image\/jpeg\" \/>\n<meta name=\"twitter:card\" content=\"summary_large_image\" \/>\n<meta name=\"twitter:label1\" content=\"Gesch\u00e4tzte Lesezeit\" \/>\n\t<meta name=\"twitter:data1\" content=\"1\u00a0Minute\" \/>\n<script type=\"application\/ld+json\" class=\"yoast-schema-graph\">{\"@context\":\"https:\\\/\\\/schema.org\",\"@graph\":[{\"@type\":\"WebPage\",\"@id\":\"https:\\\/\\\/shop.bantam.ch\\\/de\\\/produkt\\\/kajaktraeger-thule-k-guard\\\/\",\"url\":\"https:\\\/\\\/shop.bantam.ch\\\/de\\\/produkt\\\/kajaktraeger-thule-k-guard\\\/\",\"name\":\"Kajaktr\u00e4ger THULE K-Guard - Bantam Camping AG\",\"isPartOf\":{\"@id\":\"https:\\\/\\\/shop.bantam.ch\\\/de\\\/#website\"},\"primaryImageOfPage\":{\"@id\":\"https:\\\/\\\/shop.bantam.ch\\\/de\\\/produkt\\\/kajaktraeger-thule-k-guard\\\/#primaryimage\"},\"image\":{\"@id\":\"https:\\\/\\\/shop.bantam.ch\\\/de\\\/produkt\\\/kajaktraeger-thule-k-guard\\\/#primaryimage\"},\"thumbnailUrl\":\"https:\\\/\\\/shop.bantam.ch\\\/wp-content\\\/uploads\\\/2024\\\/09\\\/Movera-L-9949163100.jpg\",\"datePublished\":\"2024-05-15T13:21:39+00:00\",\"dateModified\":\"2025-02-12T23:09:46+00:00\",\"breadcrumb\":{\"@id\":\"https:\\\/\\\/shop.bantam.ch\\\/de\\\/produkt\\\/kajaktraeger-thule-k-guard\\\/#breadcrumb\"},\"inLanguage\":\"de\",\"potentialAction\":[{\"@type\":\"ReadAction\",\"target\":[\"https:\\\/\\\/shop.bantam.ch\\\/de\\\/produkt\\\/kajaktraeger-thule-k-guard\\\/\"]}]},{\"@type\":\"ImageObject\",\"inLanguage\":\"de\",\"@id\":\"https:\\\/\\\/shop.bantam.ch\\\/de\\\/produkt\\\/kajaktraeger-thule-k-guard\\\/#primaryimage\",\"url\":\"https:\\\/\\\/shop.bantam.ch\\\/wp-content\\\/uploads\\\/2024\\\/09\\\/Movera-L-9949163100.jpg\",\"contentUrl\":\"https:\\\/\\\/shop.bantam.ch\\\/wp-content\\\/uploads\\\/2024\\\/09\\\/Movera-L-9949163100.jpg\",\"width\":640,\"height\":150},{\"@type\":\"BreadcrumbList\",\"@id\":\"https:\\\/\\\/shop.bantam.ch\\\/de\\\/produkt\\\/kajaktraeger-thule-k-guard\\\/#breadcrumb\",\"itemListElement\":[{\"@type\":\"ListItem\",\"position\":1,\"name\":\"Accueil\",\"item\":\"https:\\\/\\\/shop.bantam.ch\\\/de\\\/\"},{\"@type\":\"ListItem\",\"position\":2,\"name\":\"Shop\",\"item\":\"https:\\\/\\\/shop.bantam.ch\\\/de\\\/shop\\\/\"},{\"@type\":\"ListItem\",\"position\":3,\"name\":\"Kajaktr\u00e4ger THULE K-Guard\"}]},{\"@type\":\"WebSite\",\"@id\":\"https:\\\/\\\/shop.bantam.ch\\\/de\\\/#website\",\"url\":\"https:\\\/\\\/shop.bantam.ch\\\/de\\\/\",\"name\":\"Bantam Camping AG\",\"description\":\"\",\"publisher\":{\"@id\":\"https:\\\/\\\/shop.bantam.ch\\\/de\\\/#organization\"},\"inLanguage\":\"de\"},{\"@type\":\"Organization\",\"@id\":\"https:\\\/\\\/shop.bantam.ch\\\/de\\\/#organization\",\"name\":\"Bantam Camping AG\",\"url\":\"https:\\\/\\\/shop.bantam.ch\\\/de\\\/\",\"logo\":{\"@type\":\"ImageObject\",\"inLanguage\":\"de\",\"@id\":\"https:\\\/\\\/shop.bantam.ch\\\/de\\\/#\\\/schema\\\/logo\\\/image\\\/\",\"url\":\"https:\\\/\\\/shop.bantam.ch\\\/wp-content\\\/uploads\\\/2022\\\/12\\\/bantam-logo.png\",\"contentUrl\":\"https:\\\/\\\/shop.bantam.ch\\\/wp-content\\\/uploads\\\/2022\\\/12\\\/bantam-logo.png\",\"width\":320,\"height\":71,\"caption\":\"Bantam Camping AG\"},\"image\":{\"@id\":\"https:\\\/\\\/shop.bantam.ch\\\/de\\\/#\\\/schema\\\/logo\\\/image\\\/\"}}]}<\/script>\n<!-- \/ Yoast SEO plugin. -->","yoast_head_json":{"title":"Kajaktr\u00e4ger THULE K-Guard - Bantam Camping AG","robots":{"index":"index","follow":"follow","max-snippet":"max-snippet:-1","max-image-preview":"max-image-preview:large","max-video-preview":"max-video-preview:-1"},"canonical":"https:\/\/shop.bantam.ch\/de\/produkt\/kajaktraeger-thule-k-guard\/","og_locale":"de_DE","og_type":"article","og_title":"Kajaktr\u00e4ger THULE K-Guard - Bantam Camping AG","og_description":"Schneller, sicherer und praktischer Halter, der beim Auf- und Abladen Zeit spart. Ausstattung: Sehr schnell und einfach am Dachtr\u00e4ger zu befestigen In einem gro\u00dfen Winkel neigbar f\u00fcr einfaches Auf- und Abladen Gute Druckverteilung am Kajakrumpf durch Gummist\u00fctzen, die sich durch ihr Design an unterschiedliche Kajakformen anpassen Der weltweit erste Kajakhalter, bei dem das Kajak am [&hellip;]","og_url":"https:\/\/shop.bantam.ch\/de\/produkt\/kajaktraeger-thule-k-guard\/","og_site_name":"Bantam Camping AG","article_modified_time":"2025-02-12T23:09:46+00:00","og_image":[{"width":640,"height":150,"url":"https:\/\/shop.bantam.ch\/wp-content\/uploads\/2024\/05\/Movera-L-9949163100.jpg","type":"image\/jpeg"}],"twitter_card":"summary_large_image","twitter_misc":{"Gesch\u00e4tzte Lesezeit":"1\u00a0Minute"},"schema":{"@context":"https:\/\/schema.org","@graph":[{"@type":"WebPage","@id":"https:\/\/shop.bantam.ch\/de\/produkt\/kajaktraeger-thule-k-guard\/","url":"https:\/\/shop.bantam.ch\/de\/produkt\/kajaktraeger-thule-k-guard\/","name":"Kajaktr\u00e4ger THULE K-Guard - Bantam Camping AG","isPartOf":{"@id":"https:\/\/shop.bantam.ch\/de\/#website"},"primaryImageOfPage":{"@id":"https:\/\/shop.bantam.ch\/de\/produkt\/kajaktraeger-thule-k-guard\/#primaryimage"},"image":{"@id":"https:\/\/shop.bantam.ch\/de\/produkt\/kajaktraeger-thule-k-guard\/#primaryimage"},"thumbnailUrl":"https:\/\/shop.bantam.ch\/wp-content\/uploads\/2024\/09\/Movera-L-9949163100.jpg","datePublished":"2024-05-15T13:21:39+00:00","dateModified":"2025-02-12T23:09:46+00:00","breadcrumb":{"@id":"https:\/\/shop.bantam.ch\/de\/produkt\/kajaktraeger-thule-k-guard\/#breadcrumb"},"inLanguage":"de","potentialAction":[{"@type":"ReadAction","target":["https:\/\/shop.bantam.ch\/de\/produkt\/kajaktraeger-thule-k-guard\/"]}]},{"@type":"ImageObject","inLanguage":"de","@id":"https:\/\/shop.bantam.ch\/de\/produkt\/kajaktraeger-thule-k-guard\/#primaryimage","url":"https:\/\/shop.bantam.ch\/wp-content\/uploads\/2024\/09\/Movera-L-9949163100.jpg","contentUrl":"https:\/\/shop.bantam.ch\/wp-content\/uploads\/2024\/09\/Movera-L-9949163100.jpg","width":640,"height":150},{"@type":"BreadcrumbList","@id":"https:\/\/shop.bantam.ch\/de\/produkt\/kajaktraeger-thule-k-guard\/#breadcrumb","itemListElement":[{"@type":"ListItem","position":1,"name":"Accueil","item":"https:\/\/shop.bantam.ch\/de\/"},{"@type":"ListItem","position":2,"name":"Shop","item":"https:\/\/shop.bantam.ch\/de\/shop\/"},{"@type":"ListItem","position":3,"name":"Kajaktr\u00e4ger THULE K-Guard"}]},{"@type":"WebSite","@id":"https:\/\/shop.bantam.ch\/de\/#website","url":"https:\/\/shop.bantam.ch\/de\/","name":"Bantam Camping AG","description":"","publisher":{"@id":"https:\/\/shop.bantam.ch\/de\/#organization"},"inLanguage":"de"},{"@type":"Organization","@id":"https:\/\/shop.bantam.ch\/de\/#organization","name":"Bantam Camping AG","url":"https:\/\/shop.bantam.ch\/de\/","logo":{"@type":"ImageObject","inLanguage":"de","@id":"https:\/\/shop.bantam.ch\/de\/#\/schema\/logo\/image\/","url":"https:\/\/shop.bantam.ch\/wp-content\/uploads\/2022\/12\/bantam-logo.png","contentUrl":"https:\/\/shop.bantam.ch\/wp-content\/uploads\/2022\/12\/bantam-logo.png","width":320,"height":71,"caption":"Bantam Camping AG"},"image":{"@id":"https:\/\/shop.bantam.ch\/de\/#\/schema\/logo\/image\/"}}]}},"_links":{"self":[{"href":"https:\/\/shop.bantam.ch\/de\/wp-json\/wp\/v2\/product\/195035","targetHints":{"allow":["GET"]}}],"collection":[{"href":"https:\/\/shop.bantam.ch\/de\/wp-json\/wp\/v2\/product"}],"about":[{"href":"https:\/\/shop.bantam.ch\/de\/wp-json\/wp\/v2\/types\/product"}],"wp:featuredmedia":[{"embeddable":true,"href":"https:\/\/shop.bantam.ch\/de\/wp-json\/wp\/v2\/media\/206573"}],"wp:attachment":[{"href":"https:\/\/shop.bantam.ch\/de\/wp-json\/wp\/v2\/media?parent=195035"}],"wp:term":[{"taxonomy":"product_featured_cat","embeddable":true,"href":"https:\/\/shop.bantam.ch\/de\/wp-json\/wp\/v2\/product_featured_cat?post=195035"},{"taxonomy":"product_brand","embeddable":true,"href":"https:\/\/shop.bantam.ch\/de\/wp-json\/wp\/v2\/product_brand?post=195035"},{"taxonomy":"product_cat","embeddable":true,"href":"https:\/\/shop.bantam.ch\/de\/wp-json\/wp\/v2\/product_cat?post=195035"},{"taxonomy":"product_tag","embeddable":true,"href":"https:\/\/shop.bantam.ch\/de\/wp-json\/wp\/v2\/product_tag?post=195035"}],"curies":[{"name":"wp","href":"https:\/\/api.w.org\/{rel}","templated":true}]}}