{"id":194993,"date":"2024-05-15T15:20:29","date_gmt":"2024-05-15T13:20:29","guid":{"rendered":"https:\/\/shop.bantam.ch\/produit\/fahrradtraeger-thule-velotrack-frame-ducato-jumper-boxer\/"},"modified":"2026-04-17T23:03:56","modified_gmt":"2026-04-17T21:03:56","slug":"fahrradtraeger-thule-velotrack-frame-ducato-jumper-boxer","status":"publish","type":"product","link":"https:\/\/shop.bantam.ch\/de\/produkt\/fahrradtraeger-thule-velotrack-frame-ducato-jumper-boxer\/","title":{"rendered":"Fahrradtr\u00e4ger THULE VeloTrack Frame Ducato\/ Jumper\/Boxer"},"content":{"rendered":"<p>Der E-Bike-Tr\u00e4ger entwickelt f\u00fcr Ihren Van. \u00d6ffnen<br \/>\nSie die Heckt\u00fcr, auch wenn E-Bikes geladen sind.<br \/>\nSicherer Transport von 2 E-Bikes, mit Erweiterung<br \/>\n3 Fahrr\u00e4der bis 60 kg (separat erh\u00e4ltlich)<br \/>\nKein Bohren erforderlich: Fahrradtr\u00e4ger ist verklebt, wird.<br \/>\nauf die Heckt\u00fcr geklemmt und an den Scharnieren befestigt<br \/>\nStarke und lange Schienen mit 150 cm L\u00e4nge und ein<br \/>\nAbstand von 23 cm erlauben den Transport gr\u00f6\u00dferer Fahrr\u00e4der<br \/>\nThule VeloTrack Rahmen, Schienen und Lightboard werden separat verkauft, so dass Besitzer des Thule Elite Van XT problemlos auf das Thule VeloTrack upgraden k\u00f6nnen.<br \/>\nSpeziell entwickelt f\u00fcr den Fiat Ducato, Peugeot Boxer,<br \/>\nCitro\u00ebn Jumper ab 2007 und den Opel Movano ab 2022<\/p>\n<p>Der E-Bike-Tr\u00e4ger entwickelt f\u00fcr Ihren Van<\/p>\n<ul>\n<li>\u00d6ffnen Sie die Heckt\u00fcr, auch wenn E-Bikes geladen sind<\/li>\n<li>Leichteres Laden von Fahrr\u00e4dern durch die niedrigere Position auf Ihrem Van<\/li>\n<li>Mehr Fahrr\u00e4der laden, gr\u00f6\u00dfere Fahrr\u00e4der laden<\/li>\n<\/ul>\n<p>Eigenschaften:&nbsp;<\/p>\n<ul>\n<li>Sicherer Transport von 2 E-Bikes, oder mit Erweiterung 3 Fahrr\u00e4der bis 60 kg (Adapter f\u00fcr 3. Fahrrad separat erh\u00e4ltlich)<\/li>\n<li>Kein Bohren erforderlich: Der Fahrradtr\u00e4ger ist verklebt, wird auf die Heckt\u00fcr geklemmt und an den Scharnieren befestigt<\/li>\n<li>Die Plattform kann auf 3 H\u00f6hen montiert werden. Sehr praktisch, wenn Sie schwere Fahrr\u00e4der auf einer niedrigeren H\u00f6he laden m\u00fcssen<\/li>\n<li>Die st\u00e4rkeren, l\u00e4ngeren Schienen mit 150 cm L\u00e4nge und ein Abstand von 23 cm zwischen den Scheinen erlauben den Transport gr\u00f6\u00dferer Fahrr\u00e4der<\/li>\n<li>Mit dem optionalen Lightboard (separat erh\u00e4ltlich) k\u00f6nnen Sie den Thule VeloTrack an Ihrem Van auf der niedrigsten Position montieren, was das Laden von schweren Fahrr\u00e4dern erleichtert<\/li>\n<li>Thule VeloTrack Rahmen, Schienen und Lightboard werden separat verkauft, so dass Besitzer des Thule Elite Van XT problemlos auf das Thule VeloTrack upgraden k\u00f6nnen<\/li>\n<li>Speziell entwickelt f\u00fcr den Fiat Ducato, Peugeot Boxer, Citro\u00ebn Jumper ab 2006 und den neuen Opel Movano ab 2022<\/li>\n<li>Zuladung Fahrr\u00e4der: 2, erweiterbar bis 3<\/li>\n<li>Max. Gewicht pro Fahrrad: 30 kg<\/li>\n<li>Max.Reifenbreite: 3 Zoll (5 Zoll mit zus\u00e4tzlichem Fatbike Adapter)<\/li>\n<\/ul>\n","protected":false},"excerpt":{"rendered":"<p>Der E-Bike-Tr\u00e4ger entwickelt f\u00fcr Ihren Van. \u00d6ffnen Sie die Heckt\u00fcr, auch wenn E-Bikes geladen sind. Sicherer Transport von 2 E-Bikes, mit Erweiterung 3 Fahrr\u00e4der bis 60 kg (separat erh\u00e4ltlich) Kein Bohren erforderlich: Fahrradtr\u00e4ger ist verklebt, wird. auf die Heckt\u00fcr geklemmt und an den Scharnieren befestigt Starke und lange Schienen mit 150 cm L\u00e4nge und ein [&hellip;]<\/p>\n","protected":false},"featured_media":206565,"template":"","meta":{"_acf_changed":false},"product_featured_cat":[],"product_brand":[3047],"product_cat":[5138],"product_tag":[],"class_list":{"0":"post-194993","1":"product","2":"type-product","3":"status-publish","4":"has-post-thumbnail","6":"product_brand-thule-de","7":"product_cat-heck-fahrradtraeger","9":"first","10":"instock","11":"taxable","12":"shipping-taxable","13":"purchasable","14":"product-type-simple"},"acf":[],"yoast_head":"<!-- This site is optimized with the Yoast SEO plugin v27.4 - https:\/\/yoast.com\/product\/yoast-seo-wordpress\/ -->\n<title>Fahrradtr\u00e4ger THULE VeloTrack Frame Ducato\/ Jumper\/Boxer - Bantam Camping AG<\/title>\n<meta name=\"robots\" content=\"index, follow, max-snippet:-1, max-image-preview:large, max-video-preview:-1\" \/>\n<link rel=\"canonical\" href=\"https:\/\/shop.bantam.ch\/de\/produkt\/fahrradtraeger-thule-velotrack-frame-ducato-jumper-boxer\/\" \/>\n<meta property=\"og:locale\" content=\"de_DE\" \/>\n<meta property=\"og:type\" content=\"article\" \/>\n<meta property=\"og:title\" content=\"Fahrradtr\u00e4ger THULE VeloTrack Frame Ducato\/ Jumper\/Boxer - Bantam Camping AG\" \/>\n<meta property=\"og:description\" content=\"Der E-Bike-Tr\u00e4ger entwickelt f\u00fcr Ihren Van. \u00d6ffnen Sie die Heckt\u00fcr, auch wenn E-Bikes geladen sind. Sicherer Transport von 2 E-Bikes, mit Erweiterung 3 Fahrr\u00e4der bis 60 kg (separat erh\u00e4ltlich) Kein Bohren erforderlich: Fahrradtr\u00e4ger ist verklebt, wird. auf die Heckt\u00fcr geklemmt und an den Scharnieren befestigt Starke und lange Schienen mit 150 cm L\u00e4nge und ein [&hellip;]\" \/>\n<meta property=\"og:url\" content=\"https:\/\/shop.bantam.ch\/de\/produkt\/fahrradtraeger-thule-velotrack-frame-ducato-jumper-boxer\/\" \/>\n<meta property=\"og:site_name\" content=\"Bantam Camping AG\" \/>\n<meta property=\"article:modified_time\" content=\"2026-04-17T21:03:56+00:00\" \/>\n<meta property=\"og:image\" content=\"https:\/\/shop.bantam.ch\/wp-content\/uploads\/2024\/05\/Movera-L-9949153100.jpg\" \/>\n\t<meta property=\"og:image:width\" content=\"640\" \/>\n\t<meta property=\"og:image:height\" content=\"480\" \/>\n\t<meta property=\"og:image:type\" content=\"image\/jpeg\" \/>\n<meta name=\"twitter:card\" content=\"summary_large_image\" \/>\n<meta name=\"twitter:label1\" content=\"Gesch\u00e4tzte Lesezeit\" \/>\n\t<meta name=\"twitter:data1\" content=\"2\u00a0Minuten\" \/>\n<script type=\"application\/ld+json\" class=\"yoast-schema-graph\">{\"@context\":\"https:\\\/\\\/schema.org\",\"@graph\":[{\"@type\":\"WebPage\",\"@id\":\"https:\\\/\\\/shop.bantam.ch\\\/de\\\/produkt\\\/fahrradtraeger-thule-velotrack-frame-ducato-jumper-boxer\\\/\",\"url\":\"https:\\\/\\\/shop.bantam.ch\\\/de\\\/produkt\\\/fahrradtraeger-thule-velotrack-frame-ducato-jumper-boxer\\\/\",\"name\":\"Fahrradtr\u00e4ger THULE VeloTrack Frame Ducato\\\/ Jumper\\\/Boxer - Bantam Camping AG\",\"isPartOf\":{\"@id\":\"https:\\\/\\\/shop.bantam.ch\\\/de\\\/#website\"},\"primaryImageOfPage\":{\"@id\":\"https:\\\/\\\/shop.bantam.ch\\\/de\\\/produkt\\\/fahrradtraeger-thule-velotrack-frame-ducato-jumper-boxer\\\/#primaryimage\"},\"image\":{\"@id\":\"https:\\\/\\\/shop.bantam.ch\\\/de\\\/produkt\\\/fahrradtraeger-thule-velotrack-frame-ducato-jumper-boxer\\\/#primaryimage\"},\"thumbnailUrl\":\"https:\\\/\\\/shop.bantam.ch\\\/wp-content\\\/uploads\\\/2024\\\/09\\\/Movera-L-9949153100.jpg\",\"datePublished\":\"2024-05-15T13:20:29+00:00\",\"dateModified\":\"2026-04-17T21:03:56+00:00\",\"breadcrumb\":{\"@id\":\"https:\\\/\\\/shop.bantam.ch\\\/de\\\/produkt\\\/fahrradtraeger-thule-velotrack-frame-ducato-jumper-boxer\\\/#breadcrumb\"},\"inLanguage\":\"de\",\"potentialAction\":[{\"@type\":\"ReadAction\",\"target\":[\"https:\\\/\\\/shop.bantam.ch\\\/de\\\/produkt\\\/fahrradtraeger-thule-velotrack-frame-ducato-jumper-boxer\\\/\"]}]},{\"@type\":\"ImageObject\",\"inLanguage\":\"de\",\"@id\":\"https:\\\/\\\/shop.bantam.ch\\\/de\\\/produkt\\\/fahrradtraeger-thule-velotrack-frame-ducato-jumper-boxer\\\/#primaryimage\",\"url\":\"https:\\\/\\\/shop.bantam.ch\\\/wp-content\\\/uploads\\\/2024\\\/09\\\/Movera-L-9949153100.jpg\",\"contentUrl\":\"https:\\\/\\\/shop.bantam.ch\\\/wp-content\\\/uploads\\\/2024\\\/09\\\/Movera-L-9949153100.jpg\",\"width\":640,\"height\":480},{\"@type\":\"BreadcrumbList\",\"@id\":\"https:\\\/\\\/shop.bantam.ch\\\/de\\\/produkt\\\/fahrradtraeger-thule-velotrack-frame-ducato-jumper-boxer\\\/#breadcrumb\",\"itemListElement\":[{\"@type\":\"ListItem\",\"position\":1,\"name\":\"Accueil\",\"item\":\"https:\\\/\\\/shop.bantam.ch\\\/de\\\/\"},{\"@type\":\"ListItem\",\"position\":2,\"name\":\"Shop\",\"item\":\"https:\\\/\\\/shop.bantam.ch\\\/de\\\/shop\\\/\"},{\"@type\":\"ListItem\",\"position\":3,\"name\":\"Fahrradtr\u00e4ger THULE VeloTrack Frame Ducato\\\/ Jumper\\\/Boxer\"}]},{\"@type\":\"WebSite\",\"@id\":\"https:\\\/\\\/shop.bantam.ch\\\/de\\\/#website\",\"url\":\"https:\\\/\\\/shop.bantam.ch\\\/de\\\/\",\"name\":\"Bantam Camping AG\",\"description\":\"\",\"publisher\":{\"@id\":\"https:\\\/\\\/shop.bantam.ch\\\/de\\\/#organization\"},\"inLanguage\":\"de\"},{\"@type\":\"Organization\",\"@id\":\"https:\\\/\\\/shop.bantam.ch\\\/de\\\/#organization\",\"name\":\"Bantam Camping AG\",\"url\":\"https:\\\/\\\/shop.bantam.ch\\\/de\\\/\",\"logo\":{\"@type\":\"ImageObject\",\"inLanguage\":\"de\",\"@id\":\"https:\\\/\\\/shop.bantam.ch\\\/de\\\/#\\\/schema\\\/logo\\\/image\\\/\",\"url\":\"https:\\\/\\\/shop.bantam.ch\\\/wp-content\\\/uploads\\\/2022\\\/12\\\/bantam-logo.png\",\"contentUrl\":\"https:\\\/\\\/shop.bantam.ch\\\/wp-content\\\/uploads\\\/2022\\\/12\\\/bantam-logo.png\",\"width\":320,\"height\":71,\"caption\":\"Bantam Camping AG\"},\"image\":{\"@id\":\"https:\\\/\\\/shop.bantam.ch\\\/de\\\/#\\\/schema\\\/logo\\\/image\\\/\"}}]}<\/script>\n<!-- \/ Yoast SEO plugin. -->","yoast_head_json":{"title":"Fahrradtr\u00e4ger THULE VeloTrack Frame Ducato\/ Jumper\/Boxer - Bantam Camping AG","robots":{"index":"index","follow":"follow","max-snippet":"max-snippet:-1","max-image-preview":"max-image-preview:large","max-video-preview":"max-video-preview:-1"},"canonical":"https:\/\/shop.bantam.ch\/de\/produkt\/fahrradtraeger-thule-velotrack-frame-ducato-jumper-boxer\/","og_locale":"de_DE","og_type":"article","og_title":"Fahrradtr\u00e4ger THULE VeloTrack Frame Ducato\/ Jumper\/Boxer - Bantam Camping AG","og_description":"Der E-Bike-Tr\u00e4ger entwickelt f\u00fcr Ihren Van. \u00d6ffnen Sie die Heckt\u00fcr, auch wenn E-Bikes geladen sind. Sicherer Transport von 2 E-Bikes, mit Erweiterung 3 Fahrr\u00e4der bis 60 kg (separat erh\u00e4ltlich) Kein Bohren erforderlich: Fahrradtr\u00e4ger ist verklebt, wird. auf die Heckt\u00fcr geklemmt und an den Scharnieren befestigt Starke und lange Schienen mit 150 cm L\u00e4nge und ein [&hellip;]","og_url":"https:\/\/shop.bantam.ch\/de\/produkt\/fahrradtraeger-thule-velotrack-frame-ducato-jumper-boxer\/","og_site_name":"Bantam Camping AG","article_modified_time":"2026-04-17T21:03:56+00:00","og_image":[{"width":640,"height":480,"url":"https:\/\/shop.bantam.ch\/wp-content\/uploads\/2024\/05\/Movera-L-9949153100.jpg","type":"image\/jpeg"}],"twitter_card":"summary_large_image","twitter_misc":{"Gesch\u00e4tzte Lesezeit":"2\u00a0Minuten"},"schema":{"@context":"https:\/\/schema.org","@graph":[{"@type":"WebPage","@id":"https:\/\/shop.bantam.ch\/de\/produkt\/fahrradtraeger-thule-velotrack-frame-ducato-jumper-boxer\/","url":"https:\/\/shop.bantam.ch\/de\/produkt\/fahrradtraeger-thule-velotrack-frame-ducato-jumper-boxer\/","name":"Fahrradtr\u00e4ger THULE VeloTrack Frame Ducato\/ Jumper\/Boxer - Bantam Camping AG","isPartOf":{"@id":"https:\/\/shop.bantam.ch\/de\/#website"},"primaryImageOfPage":{"@id":"https:\/\/shop.bantam.ch\/de\/produkt\/fahrradtraeger-thule-velotrack-frame-ducato-jumper-boxer\/#primaryimage"},"image":{"@id":"https:\/\/shop.bantam.ch\/de\/produkt\/fahrradtraeger-thule-velotrack-frame-ducato-jumper-boxer\/#primaryimage"},"thumbnailUrl":"https:\/\/shop.bantam.ch\/wp-content\/uploads\/2024\/09\/Movera-L-9949153100.jpg","datePublished":"2024-05-15T13:20:29+00:00","dateModified":"2026-04-17T21:03:56+00:00","breadcrumb":{"@id":"https:\/\/shop.bantam.ch\/de\/produkt\/fahrradtraeger-thule-velotrack-frame-ducato-jumper-boxer\/#breadcrumb"},"inLanguage":"de","potentialAction":[{"@type":"ReadAction","target":["https:\/\/shop.bantam.ch\/de\/produkt\/fahrradtraeger-thule-velotrack-frame-ducato-jumper-boxer\/"]}]},{"@type":"ImageObject","inLanguage":"de","@id":"https:\/\/shop.bantam.ch\/de\/produkt\/fahrradtraeger-thule-velotrack-frame-ducato-jumper-boxer\/#primaryimage","url":"https:\/\/shop.bantam.ch\/wp-content\/uploads\/2024\/09\/Movera-L-9949153100.jpg","contentUrl":"https:\/\/shop.bantam.ch\/wp-content\/uploads\/2024\/09\/Movera-L-9949153100.jpg","width":640,"height":480},{"@type":"BreadcrumbList","@id":"https:\/\/shop.bantam.ch\/de\/produkt\/fahrradtraeger-thule-velotrack-frame-ducato-jumper-boxer\/#breadcrumb","itemListElement":[{"@type":"ListItem","position":1,"name":"Accueil","item":"https:\/\/shop.bantam.ch\/de\/"},{"@type":"ListItem","position":2,"name":"Shop","item":"https:\/\/shop.bantam.ch\/de\/shop\/"},{"@type":"ListItem","position":3,"name":"Fahrradtr\u00e4ger THULE VeloTrack Frame Ducato\/ Jumper\/Boxer"}]},{"@type":"WebSite","@id":"https:\/\/shop.bantam.ch\/de\/#website","url":"https:\/\/shop.bantam.ch\/de\/","name":"Bantam Camping AG","description":"","publisher":{"@id":"https:\/\/shop.bantam.ch\/de\/#organization"},"inLanguage":"de"},{"@type":"Organization","@id":"https:\/\/shop.bantam.ch\/de\/#organization","name":"Bantam Camping AG","url":"https:\/\/shop.bantam.ch\/de\/","logo":{"@type":"ImageObject","inLanguage":"de","@id":"https:\/\/shop.bantam.ch\/de\/#\/schema\/logo\/image\/","url":"https:\/\/shop.bantam.ch\/wp-content\/uploads\/2022\/12\/bantam-logo.png","contentUrl":"https:\/\/shop.bantam.ch\/wp-content\/uploads\/2022\/12\/bantam-logo.png","width":320,"height":71,"caption":"Bantam Camping AG"},"image":{"@id":"https:\/\/shop.bantam.ch\/de\/#\/schema\/logo\/image\/"}}]}},"_links":{"self":[{"href":"https:\/\/shop.bantam.ch\/de\/wp-json\/wp\/v2\/product\/194993","targetHints":{"allow":["GET"]}}],"collection":[{"href":"https:\/\/shop.bantam.ch\/de\/wp-json\/wp\/v2\/product"}],"about":[{"href":"https:\/\/shop.bantam.ch\/de\/wp-json\/wp\/v2\/types\/product"}],"wp:featuredmedia":[{"embeddable":true,"href":"https:\/\/shop.bantam.ch\/de\/wp-json\/wp\/v2\/media\/206565"}],"wp:attachment":[{"href":"https:\/\/shop.bantam.ch\/de\/wp-json\/wp\/v2\/media?parent=194993"}],"wp:term":[{"taxonomy":"product_featured_cat","embeddable":true,"href":"https:\/\/shop.bantam.ch\/de\/wp-json\/wp\/v2\/product_featured_cat?post=194993"},{"taxonomy":"product_brand","embeddable":true,"href":"https:\/\/shop.bantam.ch\/de\/wp-json\/wp\/v2\/product_brand?post=194993"},{"taxonomy":"product_cat","embeddable":true,"href":"https:\/\/shop.bantam.ch\/de\/wp-json\/wp\/v2\/product_cat?post=194993"},{"taxonomy":"product_tag","embeddable":true,"href":"https:\/\/shop.bantam.ch\/de\/wp-json\/wp\/v2\/product_tag?post=194993"}],"curies":[{"name":"wp","href":"https:\/\/api.w.org\/{rel}","templated":true}]}}