{"id":194719,"date":"2024-05-15T15:13:46","date_gmt":"2024-05-15T13:13:46","guid":{"rendered":"https:\/\/shop.bantam.ch\/produit\/sitzbezug-art-fuer-ford-chassis-ab-05-2015-mit-pilotsitz-farbe-anthrazit\/"},"modified":"2026-04-17T23:03:21","modified_gmt":"2026-04-17T21:03:21","slug":"sitzbezug-art-fuer-ford-chassis-ab-05-2015-mit-pilotsitz-farbe-anthrazit","status":"publish","type":"product","link":"https:\/\/shop.bantam.ch\/de\/produkt\/sitzbezug-art-fuer-ford-chassis-ab-05-2015-mit-pilotsitz-farbe-anthrazit\/","title":{"rendered":"Sitzbezug ART f\u00fcr Ford Chassis ab 05\/2015 mit Pilotsitz, Farbe anthrazit"},"content":{"rendered":"<p>Sitzbez\u00fcge sch\u00fctzen Ihre wertvollen Originalpolster gegen Verschmutzung und Abnutzung. Die sorgf\u00e4ltige Materialauswahl aus sehr schwerem 100 % Baumwoll-Velours erh\u00f6ht den Fahrkomfort und das Wohlbefinden auf langen Reisen. Die Bez\u00fcge sind problemlos in der Maschine zu reinigen. Eine schnelle Montage, neutrale Farbauswahl und ein fairer Preis zeichnen diese Sitzbez\u00fcge aus. Geeignet f\u00fcr Sitze mit aufgesetzter Kopfst\u00fctze, Hochlehnersitze und Sitze mit integriertem Gurtsystem.<\/p>\n<p>Lieferumfang:&nbsp;<br \/>\nInklsuive Sitzbezug ohne Armlehnenbez\u00fcge<br \/>\nintegriertes Gurtsystem nicht enthalten<\/p>\n","protected":false},"excerpt":{"rendered":"<p>Sitzbez\u00fcge sch\u00fctzen Ihre wertvollen Originalpolster gegen Verschmutzung und Abnutzung. Die sorgf\u00e4ltige Materialauswahl aus sehr schwerem 100 % Baumwoll-Velours erh\u00f6ht den Fahrkomfort und das Wohlbefinden auf langen Reisen. Die Bez\u00fcge sind problemlos in der Maschine zu reinigen. Eine schnelle Montage, neutrale Farbauswahl und ein fairer Preis zeichnen diese Sitzbez\u00fcge aus. Geeignet f\u00fcr Sitze mit aufgesetzter Kopfst\u00fctze, [&hellip;]<\/p>\n","protected":false},"featured_media":206495,"template":"","meta":{"_acf_changed":false},"product_featured_cat":[],"product_brand":[3317],"product_cat":[4766],"product_tag":[],"class_list":{"0":"post-194719","1":"product","2":"type-product","3":"status-publish","4":"has-post-thumbnail","6":"product_brand-art-de","7":"product_cat-sitzbezuege","9":"first","10":"instock","11":"taxable","12":"shipping-taxable","13":"purchasable","14":"product-type-simple"},"acf":[],"yoast_head":"<!-- This site is optimized with the Yoast SEO plugin v27.4 - https:\/\/yoast.com\/product\/yoast-seo-wordpress\/ -->\n<title>Sitzbezug ART f\u00fcr Ford Chassis ab 05\/2015 mit Pilotsitz, Farbe anthrazit - Bantam Camping AG<\/title>\n<meta name=\"robots\" content=\"index, follow, max-snippet:-1, max-image-preview:large, max-video-preview:-1\" \/>\n<link rel=\"canonical\" href=\"https:\/\/shop.bantam.ch\/de\/produkt\/sitzbezug-art-fuer-ford-chassis-ab-05-2015-mit-pilotsitz-farbe-anthrazit\/\" \/>\n<meta property=\"og:locale\" content=\"de_DE\" \/>\n<meta property=\"og:type\" content=\"article\" \/>\n<meta property=\"og:title\" content=\"Sitzbezug ART f\u00fcr Ford Chassis ab 05\/2015 mit Pilotsitz, Farbe anthrazit - Bantam Camping AG\" \/>\n<meta property=\"og:description\" content=\"Sitzbez\u00fcge sch\u00fctzen Ihre wertvollen Originalpolster gegen Verschmutzung und Abnutzung. Die sorgf\u00e4ltige Materialauswahl aus sehr schwerem 100 % Baumwoll-Velours erh\u00f6ht den Fahrkomfort und das Wohlbefinden auf langen Reisen. Die Bez\u00fcge sind problemlos in der Maschine zu reinigen. Eine schnelle Montage, neutrale Farbauswahl und ein fairer Preis zeichnen diese Sitzbez\u00fcge aus. Geeignet f\u00fcr Sitze mit aufgesetzter Kopfst\u00fctze, [&hellip;]\" \/>\n<meta property=\"og:url\" content=\"https:\/\/shop.bantam.ch\/de\/produkt\/sitzbezug-art-fuer-ford-chassis-ab-05-2015-mit-pilotsitz-farbe-anthrazit\/\" \/>\n<meta property=\"og:site_name\" content=\"Bantam Camping AG\" \/>\n<meta property=\"article:modified_time\" content=\"2026-04-17T21:03:21+00:00\" \/>\n<meta property=\"og:image\" content=\"https:\/\/shop.bantam.ch\/wp-content\/uploads\/2024\/05\/Movera-L-9949087100.jpg\" \/>\n\t<meta property=\"og:image:width\" content=\"640\" \/>\n\t<meta property=\"og:image:height\" content=\"858\" \/>\n\t<meta property=\"og:image:type\" content=\"image\/jpeg\" \/>\n<meta name=\"twitter:card\" content=\"summary_large_image\" \/>\n<script type=\"application\/ld+json\" class=\"yoast-schema-graph\">{\"@context\":\"https:\\\/\\\/schema.org\",\"@graph\":[{\"@type\":\"WebPage\",\"@id\":\"https:\\\/\\\/shop.bantam.ch\\\/de\\\/produkt\\\/sitzbezug-art-fuer-ford-chassis-ab-05-2015-mit-pilotsitz-farbe-anthrazit\\\/\",\"url\":\"https:\\\/\\\/shop.bantam.ch\\\/de\\\/produkt\\\/sitzbezug-art-fuer-ford-chassis-ab-05-2015-mit-pilotsitz-farbe-anthrazit\\\/\",\"name\":\"Sitzbezug ART f\u00fcr Ford Chassis ab 05\\\/2015 mit Pilotsitz, Farbe anthrazit - Bantam Camping AG\",\"isPartOf\":{\"@id\":\"https:\\\/\\\/shop.bantam.ch\\\/de\\\/#website\"},\"primaryImageOfPage\":{\"@id\":\"https:\\\/\\\/shop.bantam.ch\\\/de\\\/produkt\\\/sitzbezug-art-fuer-ford-chassis-ab-05-2015-mit-pilotsitz-farbe-anthrazit\\\/#primaryimage\"},\"image\":{\"@id\":\"https:\\\/\\\/shop.bantam.ch\\\/de\\\/produkt\\\/sitzbezug-art-fuer-ford-chassis-ab-05-2015-mit-pilotsitz-farbe-anthrazit\\\/#primaryimage\"},\"thumbnailUrl\":\"https:\\\/\\\/shop.bantam.ch\\\/wp-content\\\/uploads\\\/2024\\\/09\\\/Movera-L-9949087100.jpg\",\"datePublished\":\"2024-05-15T13:13:46+00:00\",\"dateModified\":\"2026-04-17T21:03:21+00:00\",\"breadcrumb\":{\"@id\":\"https:\\\/\\\/shop.bantam.ch\\\/de\\\/produkt\\\/sitzbezug-art-fuer-ford-chassis-ab-05-2015-mit-pilotsitz-farbe-anthrazit\\\/#breadcrumb\"},\"inLanguage\":\"de\",\"potentialAction\":[{\"@type\":\"ReadAction\",\"target\":[\"https:\\\/\\\/shop.bantam.ch\\\/de\\\/produkt\\\/sitzbezug-art-fuer-ford-chassis-ab-05-2015-mit-pilotsitz-farbe-anthrazit\\\/\"]}]},{\"@type\":\"ImageObject\",\"inLanguage\":\"de\",\"@id\":\"https:\\\/\\\/shop.bantam.ch\\\/de\\\/produkt\\\/sitzbezug-art-fuer-ford-chassis-ab-05-2015-mit-pilotsitz-farbe-anthrazit\\\/#primaryimage\",\"url\":\"https:\\\/\\\/shop.bantam.ch\\\/wp-content\\\/uploads\\\/2024\\\/09\\\/Movera-L-9949087100.jpg\",\"contentUrl\":\"https:\\\/\\\/shop.bantam.ch\\\/wp-content\\\/uploads\\\/2024\\\/09\\\/Movera-L-9949087100.jpg\",\"width\":640,\"height\":858},{\"@type\":\"BreadcrumbList\",\"@id\":\"https:\\\/\\\/shop.bantam.ch\\\/de\\\/produkt\\\/sitzbezug-art-fuer-ford-chassis-ab-05-2015-mit-pilotsitz-farbe-anthrazit\\\/#breadcrumb\",\"itemListElement\":[{\"@type\":\"ListItem\",\"position\":1,\"name\":\"Accueil\",\"item\":\"https:\\\/\\\/shop.bantam.ch\\\/de\\\/\"},{\"@type\":\"ListItem\",\"position\":2,\"name\":\"Shop\",\"item\":\"https:\\\/\\\/shop.bantam.ch\\\/de\\\/shop\\\/\"},{\"@type\":\"ListItem\",\"position\":3,\"name\":\"Sitzbezug ART f\u00fcr Ford Chassis ab 05\\\/2015 mit Pilotsitz, Farbe anthrazit\"}]},{\"@type\":\"WebSite\",\"@id\":\"https:\\\/\\\/shop.bantam.ch\\\/de\\\/#website\",\"url\":\"https:\\\/\\\/shop.bantam.ch\\\/de\\\/\",\"name\":\"Bantam Camping AG\",\"description\":\"\",\"publisher\":{\"@id\":\"https:\\\/\\\/shop.bantam.ch\\\/de\\\/#organization\"},\"inLanguage\":\"de\"},{\"@type\":\"Organization\",\"@id\":\"https:\\\/\\\/shop.bantam.ch\\\/de\\\/#organization\",\"name\":\"Bantam Camping AG\",\"url\":\"https:\\\/\\\/shop.bantam.ch\\\/de\\\/\",\"logo\":{\"@type\":\"ImageObject\",\"inLanguage\":\"de\",\"@id\":\"https:\\\/\\\/shop.bantam.ch\\\/de\\\/#\\\/schema\\\/logo\\\/image\\\/\",\"url\":\"https:\\\/\\\/shop.bantam.ch\\\/wp-content\\\/uploads\\\/2022\\\/12\\\/bantam-logo.png\",\"contentUrl\":\"https:\\\/\\\/shop.bantam.ch\\\/wp-content\\\/uploads\\\/2022\\\/12\\\/bantam-logo.png\",\"width\":320,\"height\":71,\"caption\":\"Bantam Camping AG\"},\"image\":{\"@id\":\"https:\\\/\\\/shop.bantam.ch\\\/de\\\/#\\\/schema\\\/logo\\\/image\\\/\"}}]}<\/script>\n<!-- \/ Yoast SEO plugin. -->","yoast_head_json":{"title":"Sitzbezug ART f\u00fcr Ford Chassis ab 05\/2015 mit Pilotsitz, Farbe anthrazit - Bantam Camping AG","robots":{"index":"index","follow":"follow","max-snippet":"max-snippet:-1","max-image-preview":"max-image-preview:large","max-video-preview":"max-video-preview:-1"},"canonical":"https:\/\/shop.bantam.ch\/de\/produkt\/sitzbezug-art-fuer-ford-chassis-ab-05-2015-mit-pilotsitz-farbe-anthrazit\/","og_locale":"de_DE","og_type":"article","og_title":"Sitzbezug ART f\u00fcr Ford Chassis ab 05\/2015 mit Pilotsitz, Farbe anthrazit - Bantam Camping AG","og_description":"Sitzbez\u00fcge sch\u00fctzen Ihre wertvollen Originalpolster gegen Verschmutzung und Abnutzung. Die sorgf\u00e4ltige Materialauswahl aus sehr schwerem 100 % Baumwoll-Velours erh\u00f6ht den Fahrkomfort und das Wohlbefinden auf langen Reisen. Die Bez\u00fcge sind problemlos in der Maschine zu reinigen. Eine schnelle Montage, neutrale Farbauswahl und ein fairer Preis zeichnen diese Sitzbez\u00fcge aus. Geeignet f\u00fcr Sitze mit aufgesetzter Kopfst\u00fctze, [&hellip;]","og_url":"https:\/\/shop.bantam.ch\/de\/produkt\/sitzbezug-art-fuer-ford-chassis-ab-05-2015-mit-pilotsitz-farbe-anthrazit\/","og_site_name":"Bantam Camping AG","article_modified_time":"2026-04-17T21:03:21+00:00","og_image":[{"width":640,"height":858,"url":"https:\/\/shop.bantam.ch\/wp-content\/uploads\/2024\/05\/Movera-L-9949087100.jpg","type":"image\/jpeg"}],"twitter_card":"summary_large_image","schema":{"@context":"https:\/\/schema.org","@graph":[{"@type":"WebPage","@id":"https:\/\/shop.bantam.ch\/de\/produkt\/sitzbezug-art-fuer-ford-chassis-ab-05-2015-mit-pilotsitz-farbe-anthrazit\/","url":"https:\/\/shop.bantam.ch\/de\/produkt\/sitzbezug-art-fuer-ford-chassis-ab-05-2015-mit-pilotsitz-farbe-anthrazit\/","name":"Sitzbezug ART f\u00fcr Ford Chassis ab 05\/2015 mit Pilotsitz, Farbe anthrazit - Bantam Camping AG","isPartOf":{"@id":"https:\/\/shop.bantam.ch\/de\/#website"},"primaryImageOfPage":{"@id":"https:\/\/shop.bantam.ch\/de\/produkt\/sitzbezug-art-fuer-ford-chassis-ab-05-2015-mit-pilotsitz-farbe-anthrazit\/#primaryimage"},"image":{"@id":"https:\/\/shop.bantam.ch\/de\/produkt\/sitzbezug-art-fuer-ford-chassis-ab-05-2015-mit-pilotsitz-farbe-anthrazit\/#primaryimage"},"thumbnailUrl":"https:\/\/shop.bantam.ch\/wp-content\/uploads\/2024\/09\/Movera-L-9949087100.jpg","datePublished":"2024-05-15T13:13:46+00:00","dateModified":"2026-04-17T21:03:21+00:00","breadcrumb":{"@id":"https:\/\/shop.bantam.ch\/de\/produkt\/sitzbezug-art-fuer-ford-chassis-ab-05-2015-mit-pilotsitz-farbe-anthrazit\/#breadcrumb"},"inLanguage":"de","potentialAction":[{"@type":"ReadAction","target":["https:\/\/shop.bantam.ch\/de\/produkt\/sitzbezug-art-fuer-ford-chassis-ab-05-2015-mit-pilotsitz-farbe-anthrazit\/"]}]},{"@type":"ImageObject","inLanguage":"de","@id":"https:\/\/shop.bantam.ch\/de\/produkt\/sitzbezug-art-fuer-ford-chassis-ab-05-2015-mit-pilotsitz-farbe-anthrazit\/#primaryimage","url":"https:\/\/shop.bantam.ch\/wp-content\/uploads\/2024\/09\/Movera-L-9949087100.jpg","contentUrl":"https:\/\/shop.bantam.ch\/wp-content\/uploads\/2024\/09\/Movera-L-9949087100.jpg","width":640,"height":858},{"@type":"BreadcrumbList","@id":"https:\/\/shop.bantam.ch\/de\/produkt\/sitzbezug-art-fuer-ford-chassis-ab-05-2015-mit-pilotsitz-farbe-anthrazit\/#breadcrumb","itemListElement":[{"@type":"ListItem","position":1,"name":"Accueil","item":"https:\/\/shop.bantam.ch\/de\/"},{"@type":"ListItem","position":2,"name":"Shop","item":"https:\/\/shop.bantam.ch\/de\/shop\/"},{"@type":"ListItem","position":3,"name":"Sitzbezug ART f\u00fcr Ford Chassis ab 05\/2015 mit Pilotsitz, Farbe anthrazit"}]},{"@type":"WebSite","@id":"https:\/\/shop.bantam.ch\/de\/#website","url":"https:\/\/shop.bantam.ch\/de\/","name":"Bantam Camping AG","description":"","publisher":{"@id":"https:\/\/shop.bantam.ch\/de\/#organization"},"inLanguage":"de"},{"@type":"Organization","@id":"https:\/\/shop.bantam.ch\/de\/#organization","name":"Bantam Camping AG","url":"https:\/\/shop.bantam.ch\/de\/","logo":{"@type":"ImageObject","inLanguage":"de","@id":"https:\/\/shop.bantam.ch\/de\/#\/schema\/logo\/image\/","url":"https:\/\/shop.bantam.ch\/wp-content\/uploads\/2022\/12\/bantam-logo.png","contentUrl":"https:\/\/shop.bantam.ch\/wp-content\/uploads\/2022\/12\/bantam-logo.png","width":320,"height":71,"caption":"Bantam Camping AG"},"image":{"@id":"https:\/\/shop.bantam.ch\/de\/#\/schema\/logo\/image\/"}}]}},"_links":{"self":[{"href":"https:\/\/shop.bantam.ch\/de\/wp-json\/wp\/v2\/product\/194719","targetHints":{"allow":["GET"]}}],"collection":[{"href":"https:\/\/shop.bantam.ch\/de\/wp-json\/wp\/v2\/product"}],"about":[{"href":"https:\/\/shop.bantam.ch\/de\/wp-json\/wp\/v2\/types\/product"}],"wp:featuredmedia":[{"embeddable":true,"href":"https:\/\/shop.bantam.ch\/de\/wp-json\/wp\/v2\/media\/206495"}],"wp:attachment":[{"href":"https:\/\/shop.bantam.ch\/de\/wp-json\/wp\/v2\/media?parent=194719"}],"wp:term":[{"taxonomy":"product_featured_cat","embeddable":true,"href":"https:\/\/shop.bantam.ch\/de\/wp-json\/wp\/v2\/product_featured_cat?post=194719"},{"taxonomy":"product_brand","embeddable":true,"href":"https:\/\/shop.bantam.ch\/de\/wp-json\/wp\/v2\/product_brand?post=194719"},{"taxonomy":"product_cat","embeddable":true,"href":"https:\/\/shop.bantam.ch\/de\/wp-json\/wp\/v2\/product_cat?post=194719"},{"taxonomy":"product_tag","embeddable":true,"href":"https:\/\/shop.bantam.ch\/de\/wp-json\/wp\/v2\/product_tag?post=194719"}],"curies":[{"name":"wp","href":"https:\/\/api.w.org\/{rel}","templated":true}]}}