{"id":194633,"date":"2024-05-15T15:11:19","date_gmt":"2024-05-15T13:11:19","guid":{"rendered":"https:\/\/shop.bantam.ch\/produit\/auffahrkeile-milenco-stacka-9-stapelsystem\/"},"modified":"2026-04-18T23:06:08","modified_gmt":"2026-04-18T21:06:08","slug":"auffahrkeile-milenco-stacka-9-stapelsystem","status":"publish","type":"product","link":"https:\/\/shop.bantam.ch\/de\/produkt\/auffahrkeile-milenco-stacka-9-stapelsystem\/","title":{"rendered":"Auffahrkeile Milenco Stacka 9  Stapelsystem"},"content":{"rendered":"<p>Auffahrkeile Stacka Stapelsystem<br \/>\nStacka Levels sind extrem starke und robuste Nivellierbl\u00f6cke, die ineinandergreifen. Dadurch k\u00f6nnen die Bl\u00f6cke auf die zum Nivellieren erforderliche H\u00f6he aufgebaut werden.<\/p>\n<p>Dies ist Milencos NEUES \u00fcberlegenes Nivelliersystem, das entwickelt wurde, um Ihnen das Nivellieren zu erleichtern!<br \/>\nDieses Niveau wurde mit einem wirklich vielseitigen System einschlie\u00dflich Tire Saver Top hergestellt. Stapeln Sie einfach die Teile zusammen und platzieren Sie den Reifenschoner oben, um die gew\u00fcnschte H\u00f6he zu erreichen. Kompatibel mit dem Superlevel f\u00fcr einfaches Nivellieren.<\/p>\n","protected":false},"excerpt":{"rendered":"<p>Auffahrkeile Stacka Stapelsystem Stacka Levels sind extrem starke und robuste Nivellierbl\u00f6cke, die ineinandergreifen. Dadurch k\u00f6nnen die Bl\u00f6cke auf die zum Nivellieren erforderliche H\u00f6he aufgebaut werden. Dies ist Milencos NEUES \u00fcberlegenes Nivelliersystem, das entwickelt wurde, um Ihnen das Nivellieren zu erleichtern! Dieses Niveau wurde mit einem wirklich vielseitigen System einschlie\u00dflich Tire Saver Top hergestellt. Stapeln Sie [&hellip;]<\/p>\n","protected":false},"featured_media":206477,"template":"","meta":{"_acf_changed":false},"product_featured_cat":[],"product_brand":[3143],"product_cat":[4770],"product_tag":[],"class_list":{"0":"post-194633","1":"product","2":"type-product","3":"status-publish","4":"has-post-thumbnail","6":"product_brand-milenco-de","7":"product_cat-auffahrkeile","9":"first","10":"instock","11":"taxable","12":"shipping-taxable","13":"purchasable","14":"product-type-simple"},"acf":[],"yoast_head":"<!-- This site is optimized with the Yoast SEO plugin v27.4 - https:\/\/yoast.com\/product\/yoast-seo-wordpress\/ -->\n<title>Auffahrkeile Milenco Stacka 9 Stapelsystem - Bantam Camping AG<\/title>\n<meta name=\"robots\" content=\"index, follow, max-snippet:-1, max-image-preview:large, max-video-preview:-1\" \/>\n<link rel=\"canonical\" href=\"https:\/\/shop.bantam.ch\/de\/produkt\/auffahrkeile-milenco-stacka-9-stapelsystem\/\" \/>\n<meta property=\"og:locale\" content=\"de_DE\" \/>\n<meta property=\"og:type\" content=\"article\" \/>\n<meta property=\"og:title\" content=\"Auffahrkeile Milenco Stacka 9 Stapelsystem - Bantam Camping AG\" \/>\n<meta property=\"og:description\" content=\"Auffahrkeile Stacka Stapelsystem Stacka Levels sind extrem starke und robuste Nivellierbl\u00f6cke, die ineinandergreifen. Dadurch k\u00f6nnen die Bl\u00f6cke auf die zum Nivellieren erforderliche H\u00f6he aufgebaut werden. Dies ist Milencos NEUES \u00fcberlegenes Nivelliersystem, das entwickelt wurde, um Ihnen das Nivellieren zu erleichtern! Dieses Niveau wurde mit einem wirklich vielseitigen System einschlie\u00dflich Tire Saver Top hergestellt. Stapeln Sie [&hellip;]\" \/>\n<meta property=\"og:url\" content=\"https:\/\/shop.bantam.ch\/de\/produkt\/auffahrkeile-milenco-stacka-9-stapelsystem\/\" \/>\n<meta property=\"og:site_name\" content=\"Bantam Camping AG\" \/>\n<meta property=\"article:modified_time\" content=\"2026-04-18T21:06:08+00:00\" \/>\n<meta property=\"og:image\" content=\"https:\/\/shop.bantam.ch\/wp-content\/uploads\/2024\/05\/Movera-L-9949072100.jpg\" \/>\n\t<meta property=\"og:image:width\" content=\"640\" \/>\n\t<meta property=\"og:image:height\" content=\"480\" \/>\n\t<meta property=\"og:image:type\" content=\"image\/jpeg\" \/>\n<meta name=\"twitter:card\" content=\"summary_large_image\" \/>\n<script type=\"application\/ld+json\" class=\"yoast-schema-graph\">{\"@context\":\"https:\\\/\\\/schema.org\",\"@graph\":[{\"@type\":\"WebPage\",\"@id\":\"https:\\\/\\\/shop.bantam.ch\\\/de\\\/produkt\\\/auffahrkeile-milenco-stacka-9-stapelsystem\\\/\",\"url\":\"https:\\\/\\\/shop.bantam.ch\\\/de\\\/produkt\\\/auffahrkeile-milenco-stacka-9-stapelsystem\\\/\",\"name\":\"Auffahrkeile Milenco Stacka 9 Stapelsystem - Bantam Camping AG\",\"isPartOf\":{\"@id\":\"https:\\\/\\\/shop.bantam.ch\\\/de\\\/#website\"},\"primaryImageOfPage\":{\"@id\":\"https:\\\/\\\/shop.bantam.ch\\\/de\\\/produkt\\\/auffahrkeile-milenco-stacka-9-stapelsystem\\\/#primaryimage\"},\"image\":{\"@id\":\"https:\\\/\\\/shop.bantam.ch\\\/de\\\/produkt\\\/auffahrkeile-milenco-stacka-9-stapelsystem\\\/#primaryimage\"},\"thumbnailUrl\":\"https:\\\/\\\/shop.bantam.ch\\\/wp-content\\\/uploads\\\/2024\\\/09\\\/Movera-L-9949072100.jpg\",\"datePublished\":\"2024-05-15T13:11:19+00:00\",\"dateModified\":\"2026-04-18T21:06:08+00:00\",\"breadcrumb\":{\"@id\":\"https:\\\/\\\/shop.bantam.ch\\\/de\\\/produkt\\\/auffahrkeile-milenco-stacka-9-stapelsystem\\\/#breadcrumb\"},\"inLanguage\":\"de\",\"potentialAction\":[{\"@type\":\"ReadAction\",\"target\":[\"https:\\\/\\\/shop.bantam.ch\\\/de\\\/produkt\\\/auffahrkeile-milenco-stacka-9-stapelsystem\\\/\"]}]},{\"@type\":\"ImageObject\",\"inLanguage\":\"de\",\"@id\":\"https:\\\/\\\/shop.bantam.ch\\\/de\\\/produkt\\\/auffahrkeile-milenco-stacka-9-stapelsystem\\\/#primaryimage\",\"url\":\"https:\\\/\\\/shop.bantam.ch\\\/wp-content\\\/uploads\\\/2024\\\/09\\\/Movera-L-9949072100.jpg\",\"contentUrl\":\"https:\\\/\\\/shop.bantam.ch\\\/wp-content\\\/uploads\\\/2024\\\/09\\\/Movera-L-9949072100.jpg\",\"width\":640,\"height\":480},{\"@type\":\"BreadcrumbList\",\"@id\":\"https:\\\/\\\/shop.bantam.ch\\\/de\\\/produkt\\\/auffahrkeile-milenco-stacka-9-stapelsystem\\\/#breadcrumb\",\"itemListElement\":[{\"@type\":\"ListItem\",\"position\":1,\"name\":\"Accueil\",\"item\":\"https:\\\/\\\/shop.bantam.ch\\\/de\\\/\"},{\"@type\":\"ListItem\",\"position\":2,\"name\":\"Shop\",\"item\":\"https:\\\/\\\/shop.bantam.ch\\\/de\\\/shop\\\/\"},{\"@type\":\"ListItem\",\"position\":3,\"name\":\"Auffahrkeile Milenco Stacka 9 Stapelsystem\"}]},{\"@type\":\"WebSite\",\"@id\":\"https:\\\/\\\/shop.bantam.ch\\\/de\\\/#website\",\"url\":\"https:\\\/\\\/shop.bantam.ch\\\/de\\\/\",\"name\":\"Bantam Camping AG\",\"description\":\"\",\"publisher\":{\"@id\":\"https:\\\/\\\/shop.bantam.ch\\\/de\\\/#organization\"},\"inLanguage\":\"de\"},{\"@type\":\"Organization\",\"@id\":\"https:\\\/\\\/shop.bantam.ch\\\/de\\\/#organization\",\"name\":\"Bantam Camping AG\",\"url\":\"https:\\\/\\\/shop.bantam.ch\\\/de\\\/\",\"logo\":{\"@type\":\"ImageObject\",\"inLanguage\":\"de\",\"@id\":\"https:\\\/\\\/shop.bantam.ch\\\/de\\\/#\\\/schema\\\/logo\\\/image\\\/\",\"url\":\"https:\\\/\\\/shop.bantam.ch\\\/wp-content\\\/uploads\\\/2022\\\/12\\\/bantam-logo.png\",\"contentUrl\":\"https:\\\/\\\/shop.bantam.ch\\\/wp-content\\\/uploads\\\/2022\\\/12\\\/bantam-logo.png\",\"width\":320,\"height\":71,\"caption\":\"Bantam Camping AG\"},\"image\":{\"@id\":\"https:\\\/\\\/shop.bantam.ch\\\/de\\\/#\\\/schema\\\/logo\\\/image\\\/\"}}]}<\/script>\n<!-- \/ Yoast SEO plugin. -->","yoast_head_json":{"title":"Auffahrkeile Milenco Stacka 9 Stapelsystem - Bantam Camping AG","robots":{"index":"index","follow":"follow","max-snippet":"max-snippet:-1","max-image-preview":"max-image-preview:large","max-video-preview":"max-video-preview:-1"},"canonical":"https:\/\/shop.bantam.ch\/de\/produkt\/auffahrkeile-milenco-stacka-9-stapelsystem\/","og_locale":"de_DE","og_type":"article","og_title":"Auffahrkeile Milenco Stacka 9 Stapelsystem - Bantam Camping AG","og_description":"Auffahrkeile Stacka Stapelsystem Stacka Levels sind extrem starke und robuste Nivellierbl\u00f6cke, die ineinandergreifen. Dadurch k\u00f6nnen die Bl\u00f6cke auf die zum Nivellieren erforderliche H\u00f6he aufgebaut werden. Dies ist Milencos NEUES \u00fcberlegenes Nivelliersystem, das entwickelt wurde, um Ihnen das Nivellieren zu erleichtern! Dieses Niveau wurde mit einem wirklich vielseitigen System einschlie\u00dflich Tire Saver Top hergestellt. Stapeln Sie [&hellip;]","og_url":"https:\/\/shop.bantam.ch\/de\/produkt\/auffahrkeile-milenco-stacka-9-stapelsystem\/","og_site_name":"Bantam Camping AG","article_modified_time":"2026-04-18T21:06:08+00:00","og_image":[{"width":640,"height":480,"url":"https:\/\/shop.bantam.ch\/wp-content\/uploads\/2024\/05\/Movera-L-9949072100.jpg","type":"image\/jpeg"}],"twitter_card":"summary_large_image","schema":{"@context":"https:\/\/schema.org","@graph":[{"@type":"WebPage","@id":"https:\/\/shop.bantam.ch\/de\/produkt\/auffahrkeile-milenco-stacka-9-stapelsystem\/","url":"https:\/\/shop.bantam.ch\/de\/produkt\/auffahrkeile-milenco-stacka-9-stapelsystem\/","name":"Auffahrkeile Milenco Stacka 9 Stapelsystem - Bantam Camping AG","isPartOf":{"@id":"https:\/\/shop.bantam.ch\/de\/#website"},"primaryImageOfPage":{"@id":"https:\/\/shop.bantam.ch\/de\/produkt\/auffahrkeile-milenco-stacka-9-stapelsystem\/#primaryimage"},"image":{"@id":"https:\/\/shop.bantam.ch\/de\/produkt\/auffahrkeile-milenco-stacka-9-stapelsystem\/#primaryimage"},"thumbnailUrl":"https:\/\/shop.bantam.ch\/wp-content\/uploads\/2024\/09\/Movera-L-9949072100.jpg","datePublished":"2024-05-15T13:11:19+00:00","dateModified":"2026-04-18T21:06:08+00:00","breadcrumb":{"@id":"https:\/\/shop.bantam.ch\/de\/produkt\/auffahrkeile-milenco-stacka-9-stapelsystem\/#breadcrumb"},"inLanguage":"de","potentialAction":[{"@type":"ReadAction","target":["https:\/\/shop.bantam.ch\/de\/produkt\/auffahrkeile-milenco-stacka-9-stapelsystem\/"]}]},{"@type":"ImageObject","inLanguage":"de","@id":"https:\/\/shop.bantam.ch\/de\/produkt\/auffahrkeile-milenco-stacka-9-stapelsystem\/#primaryimage","url":"https:\/\/shop.bantam.ch\/wp-content\/uploads\/2024\/09\/Movera-L-9949072100.jpg","contentUrl":"https:\/\/shop.bantam.ch\/wp-content\/uploads\/2024\/09\/Movera-L-9949072100.jpg","width":640,"height":480},{"@type":"BreadcrumbList","@id":"https:\/\/shop.bantam.ch\/de\/produkt\/auffahrkeile-milenco-stacka-9-stapelsystem\/#breadcrumb","itemListElement":[{"@type":"ListItem","position":1,"name":"Accueil","item":"https:\/\/shop.bantam.ch\/de\/"},{"@type":"ListItem","position":2,"name":"Shop","item":"https:\/\/shop.bantam.ch\/de\/shop\/"},{"@type":"ListItem","position":3,"name":"Auffahrkeile Milenco Stacka 9 Stapelsystem"}]},{"@type":"WebSite","@id":"https:\/\/shop.bantam.ch\/de\/#website","url":"https:\/\/shop.bantam.ch\/de\/","name":"Bantam Camping AG","description":"","publisher":{"@id":"https:\/\/shop.bantam.ch\/de\/#organization"},"inLanguage":"de"},{"@type":"Organization","@id":"https:\/\/shop.bantam.ch\/de\/#organization","name":"Bantam Camping AG","url":"https:\/\/shop.bantam.ch\/de\/","logo":{"@type":"ImageObject","inLanguage":"de","@id":"https:\/\/shop.bantam.ch\/de\/#\/schema\/logo\/image\/","url":"https:\/\/shop.bantam.ch\/wp-content\/uploads\/2022\/12\/bantam-logo.png","contentUrl":"https:\/\/shop.bantam.ch\/wp-content\/uploads\/2022\/12\/bantam-logo.png","width":320,"height":71,"caption":"Bantam Camping AG"},"image":{"@id":"https:\/\/shop.bantam.ch\/de\/#\/schema\/logo\/image\/"}}]}},"_links":{"self":[{"href":"https:\/\/shop.bantam.ch\/de\/wp-json\/wp\/v2\/product\/194633","targetHints":{"allow":["GET"]}}],"collection":[{"href":"https:\/\/shop.bantam.ch\/de\/wp-json\/wp\/v2\/product"}],"about":[{"href":"https:\/\/shop.bantam.ch\/de\/wp-json\/wp\/v2\/types\/product"}],"wp:featuredmedia":[{"embeddable":true,"href":"https:\/\/shop.bantam.ch\/de\/wp-json\/wp\/v2\/media\/206477"}],"wp:attachment":[{"href":"https:\/\/shop.bantam.ch\/de\/wp-json\/wp\/v2\/media?parent=194633"}],"wp:term":[{"taxonomy":"product_featured_cat","embeddable":true,"href":"https:\/\/shop.bantam.ch\/de\/wp-json\/wp\/v2\/product_featured_cat?post=194633"},{"taxonomy":"product_brand","embeddable":true,"href":"https:\/\/shop.bantam.ch\/de\/wp-json\/wp\/v2\/product_brand?post=194633"},{"taxonomy":"product_cat","embeddable":true,"href":"https:\/\/shop.bantam.ch\/de\/wp-json\/wp\/v2\/product_cat?post=194633"},{"taxonomy":"product_tag","embeddable":true,"href":"https:\/\/shop.bantam.ch\/de\/wp-json\/wp\/v2\/product_tag?post=194633"}],"curies":[{"name":"wp","href":"https:\/\/api.w.org\/{rel}","templated":true}]}}