{"id":194475,"date":"2024-05-15T15:07:42","date_gmt":"2024-05-15T13:07:42","guid":{"rendered":"https:\/\/shop.bantam.ch\/produit\/universaloel-ballistol-varioflex-spray-inhalt-350-ml\/"},"modified":"2026-04-17T23:02:52","modified_gmt":"2026-04-17T21:02:52","slug":"universaloel-ballistol-varioflex-spray-inhalt-350-ml","status":"publish","type":"product","link":"https:\/\/shop.bantam.ch\/de\/produkt\/universaloel-ballistol-varioflex-spray-inhalt-350-ml\/","title":{"rendered":"Universal\u00f6l BALLISTOL VarioFlex, Spray Inhalt 350 ml"},"content":{"rendered":"<p>Ob f\u00fcr Handwerk, Haus oder Hobby, ob zum Pflegen, Sch\u00fctzen, Reinigen oder Schmieren, ob daheim, am Arbeitsplatz oder unterwegs \u2013 Ballistol Universal\u00f6l ist das richtige \u00d6l f\u00fcr 1.000 F\u00e4lle und mehr. Es wird als Rostschutz, Schmier\u00f6l, Pflege- und Reinigungsmittel eingesetzt und gl\u00e4nzt dabei seit als 115 Jahren mit vielen hervorragenden Eigenschaften.<\/p>\n<p>&nbsp;<\/p>\n<ul>\n<li>extrem kriechf\u00e4hig<\/li>\n<li>gleitaktiv<\/li>\n<li>verharzt nicht<\/li>\n<li>biologisch vollst\u00e4ndig abbaubar<\/li>\n<li>lebensmittelecht<\/li>\n<li>hautvertr\u00e4glich<\/li>\n<li>v\u00f6llig unbedenklich<\/li>\n<li>umweltgerecht<\/li>\n<li>wirkt desinfizierend&nbsp;<\/li>\n<\/ul>\n","protected":false},"excerpt":{"rendered":"<p>Ob f\u00fcr Handwerk, Haus oder Hobby, ob zum Pflegen, Sch\u00fctzen, Reinigen oder Schmieren, ob daheim, am Arbeitsplatz oder unterwegs \u2013 Ballistol Universal\u00f6l ist das richtige \u00d6l f\u00fcr 1.000 F\u00e4lle und mehr. Es wird als Rostschutz, Schmier\u00f6l, Pflege- und Reinigungsmittel eingesetzt und gl\u00e4nzt dabei seit als 115 Jahren mit vielen hervorragenden Eigenschaften. &nbsp; extrem kriechf\u00e4hig gleitaktiv [&hellip;]<\/p>\n","protected":false},"featured_media":206449,"template":"","meta":{"_acf_changed":false},"product_featured_cat":[],"product_brand":[3103],"product_cat":[5096],"product_tag":[],"class_list":{"0":"post-194475","1":"product","2":"type-product","3":"status-publish","4":"has-post-thumbnail","6":"product_brand-ballistol-de","7":"product_cat-oele","9":"first","10":"instock","11":"taxable","12":"shipping-taxable","13":"purchasable","14":"product-type-simple"},"acf":[],"yoast_head":"<!-- This site is optimized with the Yoast SEO plugin v27.4 - https:\/\/yoast.com\/product\/yoast-seo-wordpress\/ -->\n<title>Universal\u00f6l BALLISTOL VarioFlex, Spray Inhalt 350 ml - Bantam Camping AG<\/title>\n<meta name=\"robots\" content=\"index, follow, max-snippet:-1, max-image-preview:large, max-video-preview:-1\" \/>\n<link rel=\"canonical\" href=\"https:\/\/shop.bantam.ch\/de\/produkt\/universaloel-ballistol-varioflex-spray-inhalt-350-ml\/\" \/>\n<meta property=\"og:locale\" content=\"de_DE\" \/>\n<meta property=\"og:type\" content=\"article\" \/>\n<meta property=\"og:title\" content=\"Universal\u00f6l BALLISTOL VarioFlex, Spray Inhalt 350 ml - Bantam Camping AG\" \/>\n<meta property=\"og:description\" content=\"Ob f\u00fcr Handwerk, Haus oder Hobby, ob zum Pflegen, Sch\u00fctzen, Reinigen oder Schmieren, ob daheim, am Arbeitsplatz oder unterwegs \u2013 Ballistol Universal\u00f6l ist das richtige \u00d6l f\u00fcr 1.000 F\u00e4lle und mehr. Es wird als Rostschutz, Schmier\u00f6l, Pflege- und Reinigungsmittel eingesetzt und gl\u00e4nzt dabei seit als 115 Jahren mit vielen hervorragenden Eigenschaften. &nbsp; extrem kriechf\u00e4hig gleitaktiv [&hellip;]\" \/>\n<meta property=\"og:url\" content=\"https:\/\/shop.bantam.ch\/de\/produkt\/universaloel-ballistol-varioflex-spray-inhalt-350-ml\/\" \/>\n<meta property=\"og:site_name\" content=\"Bantam Camping AG\" \/>\n<meta property=\"article:modified_time\" content=\"2026-04-17T21:02:52+00:00\" \/>\n<meta property=\"og:image\" content=\"https:\/\/shop.bantam.ch\/wp-content\/uploads\/2024\/05\/Movera-L-9949011100.jpg\" \/>\n\t<meta property=\"og:image:width\" content=\"183\" \/>\n\t<meta property=\"og:image:height\" content=\"500\" \/>\n\t<meta property=\"og:image:type\" content=\"image\/jpeg\" \/>\n<meta name=\"twitter:card\" content=\"summary_large_image\" \/>\n<script type=\"application\/ld+json\" class=\"yoast-schema-graph\">{\"@context\":\"https:\\\/\\\/schema.org\",\"@graph\":[{\"@type\":\"WebPage\",\"@id\":\"https:\\\/\\\/shop.bantam.ch\\\/de\\\/produkt\\\/universaloel-ballistol-varioflex-spray-inhalt-350-ml\\\/\",\"url\":\"https:\\\/\\\/shop.bantam.ch\\\/de\\\/produkt\\\/universaloel-ballistol-varioflex-spray-inhalt-350-ml\\\/\",\"name\":\"Universal\u00f6l BALLISTOL VarioFlex, Spray Inhalt 350 ml - Bantam Camping AG\",\"isPartOf\":{\"@id\":\"https:\\\/\\\/shop.bantam.ch\\\/de\\\/#website\"},\"primaryImageOfPage\":{\"@id\":\"https:\\\/\\\/shop.bantam.ch\\\/de\\\/produkt\\\/universaloel-ballistol-varioflex-spray-inhalt-350-ml\\\/#primaryimage\"},\"image\":{\"@id\":\"https:\\\/\\\/shop.bantam.ch\\\/de\\\/produkt\\\/universaloel-ballistol-varioflex-spray-inhalt-350-ml\\\/#primaryimage\"},\"thumbnailUrl\":\"https:\\\/\\\/shop.bantam.ch\\\/wp-content\\\/uploads\\\/2024\\\/09\\\/Movera-L-9949011100.jpg\",\"datePublished\":\"2024-05-15T13:07:42+00:00\",\"dateModified\":\"2026-04-17T21:02:52+00:00\",\"breadcrumb\":{\"@id\":\"https:\\\/\\\/shop.bantam.ch\\\/de\\\/produkt\\\/universaloel-ballistol-varioflex-spray-inhalt-350-ml\\\/#breadcrumb\"},\"inLanguage\":\"de\",\"potentialAction\":[{\"@type\":\"ReadAction\",\"target\":[\"https:\\\/\\\/shop.bantam.ch\\\/de\\\/produkt\\\/universaloel-ballistol-varioflex-spray-inhalt-350-ml\\\/\"]}]},{\"@type\":\"ImageObject\",\"inLanguage\":\"de\",\"@id\":\"https:\\\/\\\/shop.bantam.ch\\\/de\\\/produkt\\\/universaloel-ballistol-varioflex-spray-inhalt-350-ml\\\/#primaryimage\",\"url\":\"https:\\\/\\\/shop.bantam.ch\\\/wp-content\\\/uploads\\\/2024\\\/09\\\/Movera-L-9949011100.jpg\",\"contentUrl\":\"https:\\\/\\\/shop.bantam.ch\\\/wp-content\\\/uploads\\\/2024\\\/09\\\/Movera-L-9949011100.jpg\",\"width\":183,\"height\":500},{\"@type\":\"BreadcrumbList\",\"@id\":\"https:\\\/\\\/shop.bantam.ch\\\/de\\\/produkt\\\/universaloel-ballistol-varioflex-spray-inhalt-350-ml\\\/#breadcrumb\",\"itemListElement\":[{\"@type\":\"ListItem\",\"position\":1,\"name\":\"Accueil\",\"item\":\"https:\\\/\\\/shop.bantam.ch\\\/de\\\/\"},{\"@type\":\"ListItem\",\"position\":2,\"name\":\"Shop\",\"item\":\"https:\\\/\\\/shop.bantam.ch\\\/de\\\/shop\\\/\"},{\"@type\":\"ListItem\",\"position\":3,\"name\":\"Universal\u00f6l BALLISTOL VarioFlex, Spray Inhalt 350 ml\"}]},{\"@type\":\"WebSite\",\"@id\":\"https:\\\/\\\/shop.bantam.ch\\\/de\\\/#website\",\"url\":\"https:\\\/\\\/shop.bantam.ch\\\/de\\\/\",\"name\":\"Bantam Camping AG\",\"description\":\"\",\"publisher\":{\"@id\":\"https:\\\/\\\/shop.bantam.ch\\\/de\\\/#organization\"},\"inLanguage\":\"de\"},{\"@type\":\"Organization\",\"@id\":\"https:\\\/\\\/shop.bantam.ch\\\/de\\\/#organization\",\"name\":\"Bantam Camping AG\",\"url\":\"https:\\\/\\\/shop.bantam.ch\\\/de\\\/\",\"logo\":{\"@type\":\"ImageObject\",\"inLanguage\":\"de\",\"@id\":\"https:\\\/\\\/shop.bantam.ch\\\/de\\\/#\\\/schema\\\/logo\\\/image\\\/\",\"url\":\"https:\\\/\\\/shop.bantam.ch\\\/wp-content\\\/uploads\\\/2022\\\/12\\\/bantam-logo.png\",\"contentUrl\":\"https:\\\/\\\/shop.bantam.ch\\\/wp-content\\\/uploads\\\/2022\\\/12\\\/bantam-logo.png\",\"width\":320,\"height\":71,\"caption\":\"Bantam Camping AG\"},\"image\":{\"@id\":\"https:\\\/\\\/shop.bantam.ch\\\/de\\\/#\\\/schema\\\/logo\\\/image\\\/\"}}]}<\/script>\n<!-- \/ Yoast SEO plugin. -->","yoast_head_json":{"title":"Universal\u00f6l BALLISTOL VarioFlex, Spray Inhalt 350 ml - Bantam Camping AG","robots":{"index":"index","follow":"follow","max-snippet":"max-snippet:-1","max-image-preview":"max-image-preview:large","max-video-preview":"max-video-preview:-1"},"canonical":"https:\/\/shop.bantam.ch\/de\/produkt\/universaloel-ballistol-varioflex-spray-inhalt-350-ml\/","og_locale":"de_DE","og_type":"article","og_title":"Universal\u00f6l BALLISTOL VarioFlex, Spray Inhalt 350 ml - Bantam Camping AG","og_description":"Ob f\u00fcr Handwerk, Haus oder Hobby, ob zum Pflegen, Sch\u00fctzen, Reinigen oder Schmieren, ob daheim, am Arbeitsplatz oder unterwegs \u2013 Ballistol Universal\u00f6l ist das richtige \u00d6l f\u00fcr 1.000 F\u00e4lle und mehr. Es wird als Rostschutz, Schmier\u00f6l, Pflege- und Reinigungsmittel eingesetzt und gl\u00e4nzt dabei seit als 115 Jahren mit vielen hervorragenden Eigenschaften. &nbsp; extrem kriechf\u00e4hig gleitaktiv [&hellip;]","og_url":"https:\/\/shop.bantam.ch\/de\/produkt\/universaloel-ballistol-varioflex-spray-inhalt-350-ml\/","og_site_name":"Bantam Camping AG","article_modified_time":"2026-04-17T21:02:52+00:00","og_image":[{"width":183,"height":500,"url":"https:\/\/shop.bantam.ch\/wp-content\/uploads\/2024\/05\/Movera-L-9949011100.jpg","type":"image\/jpeg"}],"twitter_card":"summary_large_image","schema":{"@context":"https:\/\/schema.org","@graph":[{"@type":"WebPage","@id":"https:\/\/shop.bantam.ch\/de\/produkt\/universaloel-ballistol-varioflex-spray-inhalt-350-ml\/","url":"https:\/\/shop.bantam.ch\/de\/produkt\/universaloel-ballistol-varioflex-spray-inhalt-350-ml\/","name":"Universal\u00f6l BALLISTOL VarioFlex, Spray Inhalt 350 ml - Bantam Camping AG","isPartOf":{"@id":"https:\/\/shop.bantam.ch\/de\/#website"},"primaryImageOfPage":{"@id":"https:\/\/shop.bantam.ch\/de\/produkt\/universaloel-ballistol-varioflex-spray-inhalt-350-ml\/#primaryimage"},"image":{"@id":"https:\/\/shop.bantam.ch\/de\/produkt\/universaloel-ballistol-varioflex-spray-inhalt-350-ml\/#primaryimage"},"thumbnailUrl":"https:\/\/shop.bantam.ch\/wp-content\/uploads\/2024\/09\/Movera-L-9949011100.jpg","datePublished":"2024-05-15T13:07:42+00:00","dateModified":"2026-04-17T21:02:52+00:00","breadcrumb":{"@id":"https:\/\/shop.bantam.ch\/de\/produkt\/universaloel-ballistol-varioflex-spray-inhalt-350-ml\/#breadcrumb"},"inLanguage":"de","potentialAction":[{"@type":"ReadAction","target":["https:\/\/shop.bantam.ch\/de\/produkt\/universaloel-ballistol-varioflex-spray-inhalt-350-ml\/"]}]},{"@type":"ImageObject","inLanguage":"de","@id":"https:\/\/shop.bantam.ch\/de\/produkt\/universaloel-ballistol-varioflex-spray-inhalt-350-ml\/#primaryimage","url":"https:\/\/shop.bantam.ch\/wp-content\/uploads\/2024\/09\/Movera-L-9949011100.jpg","contentUrl":"https:\/\/shop.bantam.ch\/wp-content\/uploads\/2024\/09\/Movera-L-9949011100.jpg","width":183,"height":500},{"@type":"BreadcrumbList","@id":"https:\/\/shop.bantam.ch\/de\/produkt\/universaloel-ballistol-varioflex-spray-inhalt-350-ml\/#breadcrumb","itemListElement":[{"@type":"ListItem","position":1,"name":"Accueil","item":"https:\/\/shop.bantam.ch\/de\/"},{"@type":"ListItem","position":2,"name":"Shop","item":"https:\/\/shop.bantam.ch\/de\/shop\/"},{"@type":"ListItem","position":3,"name":"Universal\u00f6l BALLISTOL VarioFlex, Spray Inhalt 350 ml"}]},{"@type":"WebSite","@id":"https:\/\/shop.bantam.ch\/de\/#website","url":"https:\/\/shop.bantam.ch\/de\/","name":"Bantam Camping AG","description":"","publisher":{"@id":"https:\/\/shop.bantam.ch\/de\/#organization"},"inLanguage":"de"},{"@type":"Organization","@id":"https:\/\/shop.bantam.ch\/de\/#organization","name":"Bantam Camping AG","url":"https:\/\/shop.bantam.ch\/de\/","logo":{"@type":"ImageObject","inLanguage":"de","@id":"https:\/\/shop.bantam.ch\/de\/#\/schema\/logo\/image\/","url":"https:\/\/shop.bantam.ch\/wp-content\/uploads\/2022\/12\/bantam-logo.png","contentUrl":"https:\/\/shop.bantam.ch\/wp-content\/uploads\/2022\/12\/bantam-logo.png","width":320,"height":71,"caption":"Bantam Camping AG"},"image":{"@id":"https:\/\/shop.bantam.ch\/de\/#\/schema\/logo\/image\/"}}]}},"_links":{"self":[{"href":"https:\/\/shop.bantam.ch\/de\/wp-json\/wp\/v2\/product\/194475","targetHints":{"allow":["GET"]}}],"collection":[{"href":"https:\/\/shop.bantam.ch\/de\/wp-json\/wp\/v2\/product"}],"about":[{"href":"https:\/\/shop.bantam.ch\/de\/wp-json\/wp\/v2\/types\/product"}],"wp:featuredmedia":[{"embeddable":true,"href":"https:\/\/shop.bantam.ch\/de\/wp-json\/wp\/v2\/media\/206449"}],"wp:attachment":[{"href":"https:\/\/shop.bantam.ch\/de\/wp-json\/wp\/v2\/media?parent=194475"}],"wp:term":[{"taxonomy":"product_featured_cat","embeddable":true,"href":"https:\/\/shop.bantam.ch\/de\/wp-json\/wp\/v2\/product_featured_cat?post=194475"},{"taxonomy":"product_brand","embeddable":true,"href":"https:\/\/shop.bantam.ch\/de\/wp-json\/wp\/v2\/product_brand?post=194475"},{"taxonomy":"product_cat","embeddable":true,"href":"https:\/\/shop.bantam.ch\/de\/wp-json\/wp\/v2\/product_cat?post=194475"},{"taxonomy":"product_tag","embeddable":true,"href":"https:\/\/shop.bantam.ch\/de\/wp-json\/wp\/v2\/product_tag?post=194475"}],"curies":[{"name":"wp","href":"https:\/\/api.w.org\/{rel}","templated":true}]}}