{"id":194465,"date":"2024-05-15T15:07:27","date_gmt":"2024-05-15T13:07:27","guid":{"rendered":"https:\/\/shop.bantam.ch\/produit\/co-melder-cavius-4002-40-mm\/"},"modified":"2025-02-13T00:07:41","modified_gmt":"2025-02-12T23:07:41","slug":"co-melder-cavius-4002-40-mm","status":"publish","type":"product","link":"https:\/\/shop.bantam.ch\/de\/produkt\/co-melder-cavius-4002-40-mm\/","title":{"rendered":"CO-Melder Cavius 4002, 40 mm"},"content":{"rendered":"<p>Kohlenmonoxid (kurz CO) ist ein gef\u00e4hrliches Atemgift, das man nicht sehen, riechen oder schmecken kann. CO-Warnmelder sollten in jedem Raum mit brennstoffbetrieben Ger\u00e4ten wie Gastherme, \u00d6lheizung oder Kamin installiert werden, um eine erh\u00f6hte Konzentration des gef\u00e4hrlichen Atemgifts fr\u00fchzeitig zu erkennen. Au\u00dferdem sollten die Warnmelder in R\u00e4umen installiert werden, in denen sich Personen l\u00e4ngere Zeit aufhalten (z.B. Wohnzimmer, Schlafzimmer).&nbsp;<\/p>\n<ul>\n<li>Batterietyp: Lithium 3V CR 123A<\/li>\n<li>Betriebstemperatur: +4\u00b0C bis +38\u00b0C<\/li>\n<li>Batterielebensdauer: 10 Jahre<\/li>\n<\/ul>\n<p>Lieferumfang:<br \/>\nInklusive Befestigungsmaterial, End of Life Anzeige&nbsp;<\/p>\n","protected":false},"excerpt":{"rendered":"<p>Kohlenmonoxid (kurz CO) ist ein gef\u00e4hrliches Atemgift, das man nicht sehen, riechen oder schmecken kann. CO-Warnmelder sollten in jedem Raum mit brennstoffbetrieben Ger\u00e4ten wie Gastherme, \u00d6lheizung oder Kamin installiert werden, um eine erh\u00f6hte Konzentration des gef\u00e4hrlichen Atemgifts fr\u00fchzeitig zu erkennen. Au\u00dferdem sollten die Warnmelder in R\u00e4umen installiert werden, in denen sich Personen l\u00e4ngere Zeit aufhalten [&hellip;]<\/p>\n","protected":false},"featured_media":194461,"template":"","meta":{"_acf_changed":false},"product_featured_cat":[],"product_brand":[3363],"product_cat":[5054],"product_tag":[],"class_list":{"0":"post-194465","1":"product","2":"type-product","3":"status-publish","4":"has-post-thumbnail","6":"product_brand-gloria-de","7":"product_cat-gaswarner","9":"first","10":"instock","11":"taxable","12":"shipping-taxable","13":"purchasable","14":"product-type-simple"},"acf":[],"yoast_head":"<!-- This site is optimized with the Yoast SEO plugin v27.5 - https:\/\/yoast.com\/product\/yoast-seo-wordpress\/ -->\n<title>CO-Melder Cavius 4002, 40 mm - Bantam<\/title>\n<meta name=\"robots\" content=\"index, follow, max-snippet:-1, max-image-preview:large, max-video-preview:-1\" \/>\n<link rel=\"canonical\" href=\"https:\/\/shop.bantam.ch\/de\/produkt\/co-melder-cavius-4002-40-mm\/\" \/>\n<meta property=\"og:locale\" content=\"de_DE\" \/>\n<meta property=\"og:type\" content=\"article\" \/>\n<meta property=\"og:title\" content=\"CO-Melder Cavius 4002, 40 mm - Bantam\" \/>\n<meta property=\"og:description\" content=\"Kohlenmonoxid (kurz CO) ist ein gef\u00e4hrliches Atemgift, das man nicht sehen, riechen oder schmecken kann. CO-Warnmelder sollten in jedem Raum mit brennstoffbetrieben Ger\u00e4ten wie Gastherme, \u00d6lheizung oder Kamin installiert werden, um eine erh\u00f6hte Konzentration des gef\u00e4hrlichen Atemgifts fr\u00fchzeitig zu erkennen. Au\u00dferdem sollten die Warnmelder in R\u00e4umen installiert werden, in denen sich Personen l\u00e4ngere Zeit aufhalten [&hellip;]\" \/>\n<meta property=\"og:url\" content=\"https:\/\/shop.bantam.ch\/de\/produkt\/co-melder-cavius-4002-40-mm\/\" \/>\n<meta property=\"og:site_name\" content=\"Bantam\" \/>\n<meta property=\"article:modified_time\" content=\"2025-02-12T23:07:41+00:00\" \/>\n<meta property=\"og:image\" content=\"https:\/\/shop.bantam.ch\/wp-content\/uploads\/2024\/05\/Movera-L-9948976100.jpg\" \/>\n\t<meta property=\"og:image:width\" content=\"640\" \/>\n\t<meta property=\"og:image:height\" content=\"313\" \/>\n\t<meta property=\"og:image:type\" content=\"image\/jpeg\" \/>\n<meta name=\"twitter:card\" content=\"summary_large_image\" \/>\n<script type=\"application\/ld+json\" class=\"yoast-schema-graph\">{\"@context\":\"https:\\\/\\\/schema.org\",\"@graph\":[{\"@type\":\"WebPage\",\"@id\":\"https:\\\/\\\/shop.bantam.ch\\\/de\\\/produkt\\\/co-melder-cavius-4002-40-mm\\\/\",\"url\":\"https:\\\/\\\/shop.bantam.ch\\\/de\\\/produkt\\\/co-melder-cavius-4002-40-mm\\\/\",\"name\":\"CO-Melder Cavius 4002, 40 mm - Bantam\",\"isPartOf\":{\"@id\":\"https:\\\/\\\/shop.bantam.ch\\\/de\\\/#website\"},\"primaryImageOfPage\":{\"@id\":\"https:\\\/\\\/shop.bantam.ch\\\/de\\\/produkt\\\/co-melder-cavius-4002-40-mm\\\/#primaryimage\"},\"image\":{\"@id\":\"https:\\\/\\\/shop.bantam.ch\\\/de\\\/produkt\\\/co-melder-cavius-4002-40-mm\\\/#primaryimage\"},\"thumbnailUrl\":\"https:\\\/\\\/shop.bantam.ch\\\/wp-content\\\/uploads\\\/2024\\\/05\\\/Movera-L-9948976100.jpg\",\"datePublished\":\"2024-05-15T13:07:27+00:00\",\"dateModified\":\"2025-02-12T23:07:41+00:00\",\"breadcrumb\":{\"@id\":\"https:\\\/\\\/shop.bantam.ch\\\/de\\\/produkt\\\/co-melder-cavius-4002-40-mm\\\/#breadcrumb\"},\"inLanguage\":\"de\",\"potentialAction\":[{\"@type\":\"ReadAction\",\"target\":[\"https:\\\/\\\/shop.bantam.ch\\\/de\\\/produkt\\\/co-melder-cavius-4002-40-mm\\\/\"]}]},{\"@type\":\"ImageObject\",\"inLanguage\":\"de\",\"@id\":\"https:\\\/\\\/shop.bantam.ch\\\/de\\\/produkt\\\/co-melder-cavius-4002-40-mm\\\/#primaryimage\",\"url\":\"https:\\\/\\\/shop.bantam.ch\\\/wp-content\\\/uploads\\\/2024\\\/05\\\/Movera-L-9948976100.jpg\",\"contentUrl\":\"https:\\\/\\\/shop.bantam.ch\\\/wp-content\\\/uploads\\\/2024\\\/05\\\/Movera-L-9948976100.jpg\",\"width\":640,\"height\":313},{\"@type\":\"BreadcrumbList\",\"@id\":\"https:\\\/\\\/shop.bantam.ch\\\/de\\\/produkt\\\/co-melder-cavius-4002-40-mm\\\/#breadcrumb\",\"itemListElement\":[{\"@type\":\"ListItem\",\"position\":1,\"name\":\"Accueil\",\"item\":\"https:\\\/\\\/shop.bantam.ch\\\/de\\\/\"},{\"@type\":\"ListItem\",\"position\":2,\"name\":\"Shop\",\"item\":\"https:\\\/\\\/shop.bantam.ch\\\/de\\\/shop\\\/\"},{\"@type\":\"ListItem\",\"position\":3,\"name\":\"CO-Melder Cavius 4002, 40 mm\"}]},{\"@type\":\"WebSite\",\"@id\":\"https:\\\/\\\/shop.bantam.ch\\\/de\\\/#website\",\"url\":\"https:\\\/\\\/shop.bantam.ch\\\/de\\\/\",\"name\":\"Bantam\",\"description\":\"\",\"publisher\":{\"@id\":\"https:\\\/\\\/shop.bantam.ch\\\/de\\\/#organization\"},\"inLanguage\":\"de\"},{\"@type\":\"Organization\",\"@id\":\"https:\\\/\\\/shop.bantam.ch\\\/de\\\/#organization\",\"name\":\"Bantam\",\"url\":\"https:\\\/\\\/shop.bantam.ch\\\/de\\\/\",\"logo\":{\"@type\":\"ImageObject\",\"inLanguage\":\"de\",\"@id\":\"https:\\\/\\\/shop.bantam.ch\\\/de\\\/#\\\/schema\\\/logo\\\/image\\\/\",\"url\":\"https:\\\/\\\/shop.bantam.ch\\\/wp-content\\\/uploads\\\/2022\\\/12\\\/bantam-logo.png\",\"contentUrl\":\"https:\\\/\\\/shop.bantam.ch\\\/wp-content\\\/uploads\\\/2022\\\/12\\\/bantam-logo.png\",\"width\":320,\"height\":71,\"caption\":\"Bantam\"},\"image\":{\"@id\":\"https:\\\/\\\/shop.bantam.ch\\\/de\\\/#\\\/schema\\\/logo\\\/image\\\/\"}}]}<\/script>\n<!-- \/ Yoast SEO plugin. -->","yoast_head_json":{"title":"CO-Melder Cavius 4002, 40 mm - Bantam","robots":{"index":"index","follow":"follow","max-snippet":"max-snippet:-1","max-image-preview":"max-image-preview:large","max-video-preview":"max-video-preview:-1"},"canonical":"https:\/\/shop.bantam.ch\/de\/produkt\/co-melder-cavius-4002-40-mm\/","og_locale":"de_DE","og_type":"article","og_title":"CO-Melder Cavius 4002, 40 mm - Bantam","og_description":"Kohlenmonoxid (kurz CO) ist ein gef\u00e4hrliches Atemgift, das man nicht sehen, riechen oder schmecken kann. CO-Warnmelder sollten in jedem Raum mit brennstoffbetrieben Ger\u00e4ten wie Gastherme, \u00d6lheizung oder Kamin installiert werden, um eine erh\u00f6hte Konzentration des gef\u00e4hrlichen Atemgifts fr\u00fchzeitig zu erkennen. Au\u00dferdem sollten die Warnmelder in R\u00e4umen installiert werden, in denen sich Personen l\u00e4ngere Zeit aufhalten [&hellip;]","og_url":"https:\/\/shop.bantam.ch\/de\/produkt\/co-melder-cavius-4002-40-mm\/","og_site_name":"Bantam","article_modified_time":"2025-02-12T23:07:41+00:00","og_image":[{"width":640,"height":313,"url":"https:\/\/shop.bantam.ch\/wp-content\/uploads\/2024\/05\/Movera-L-9948976100.jpg","type":"image\/jpeg"}],"twitter_card":"summary_large_image","schema":{"@context":"https:\/\/schema.org","@graph":[{"@type":"WebPage","@id":"https:\/\/shop.bantam.ch\/de\/produkt\/co-melder-cavius-4002-40-mm\/","url":"https:\/\/shop.bantam.ch\/de\/produkt\/co-melder-cavius-4002-40-mm\/","name":"CO-Melder Cavius 4002, 40 mm - Bantam","isPartOf":{"@id":"https:\/\/shop.bantam.ch\/de\/#website"},"primaryImageOfPage":{"@id":"https:\/\/shop.bantam.ch\/de\/produkt\/co-melder-cavius-4002-40-mm\/#primaryimage"},"image":{"@id":"https:\/\/shop.bantam.ch\/de\/produkt\/co-melder-cavius-4002-40-mm\/#primaryimage"},"thumbnailUrl":"https:\/\/shop.bantam.ch\/wp-content\/uploads\/2024\/05\/Movera-L-9948976100.jpg","datePublished":"2024-05-15T13:07:27+00:00","dateModified":"2025-02-12T23:07:41+00:00","breadcrumb":{"@id":"https:\/\/shop.bantam.ch\/de\/produkt\/co-melder-cavius-4002-40-mm\/#breadcrumb"},"inLanguage":"de","potentialAction":[{"@type":"ReadAction","target":["https:\/\/shop.bantam.ch\/de\/produkt\/co-melder-cavius-4002-40-mm\/"]}]},{"@type":"ImageObject","inLanguage":"de","@id":"https:\/\/shop.bantam.ch\/de\/produkt\/co-melder-cavius-4002-40-mm\/#primaryimage","url":"https:\/\/shop.bantam.ch\/wp-content\/uploads\/2024\/05\/Movera-L-9948976100.jpg","contentUrl":"https:\/\/shop.bantam.ch\/wp-content\/uploads\/2024\/05\/Movera-L-9948976100.jpg","width":640,"height":313},{"@type":"BreadcrumbList","@id":"https:\/\/shop.bantam.ch\/de\/produkt\/co-melder-cavius-4002-40-mm\/#breadcrumb","itemListElement":[{"@type":"ListItem","position":1,"name":"Accueil","item":"https:\/\/shop.bantam.ch\/de\/"},{"@type":"ListItem","position":2,"name":"Shop","item":"https:\/\/shop.bantam.ch\/de\/shop\/"},{"@type":"ListItem","position":3,"name":"CO-Melder Cavius 4002, 40 mm"}]},{"@type":"WebSite","@id":"https:\/\/shop.bantam.ch\/de\/#website","url":"https:\/\/shop.bantam.ch\/de\/","name":"Bantam","description":"","publisher":{"@id":"https:\/\/shop.bantam.ch\/de\/#organization"},"inLanguage":"de"},{"@type":"Organization","@id":"https:\/\/shop.bantam.ch\/de\/#organization","name":"Bantam","url":"https:\/\/shop.bantam.ch\/de\/","logo":{"@type":"ImageObject","inLanguage":"de","@id":"https:\/\/shop.bantam.ch\/de\/#\/schema\/logo\/image\/","url":"https:\/\/shop.bantam.ch\/wp-content\/uploads\/2022\/12\/bantam-logo.png","contentUrl":"https:\/\/shop.bantam.ch\/wp-content\/uploads\/2022\/12\/bantam-logo.png","width":320,"height":71,"caption":"Bantam"},"image":{"@id":"https:\/\/shop.bantam.ch\/de\/#\/schema\/logo\/image\/"}}]}},"_links":{"self":[{"href":"https:\/\/shop.bantam.ch\/de\/wp-json\/wp\/v2\/product\/194465","targetHints":{"allow":["GET"]}}],"collection":[{"href":"https:\/\/shop.bantam.ch\/de\/wp-json\/wp\/v2\/product"}],"about":[{"href":"https:\/\/shop.bantam.ch\/de\/wp-json\/wp\/v2\/types\/product"}],"wp:featuredmedia":[{"embeddable":true,"href":"https:\/\/shop.bantam.ch\/de\/wp-json\/wp\/v2\/media\/194461"}],"wp:attachment":[{"href":"https:\/\/shop.bantam.ch\/de\/wp-json\/wp\/v2\/media?parent=194465"}],"wp:term":[{"taxonomy":"product_featured_cat","embeddable":true,"href":"https:\/\/shop.bantam.ch\/de\/wp-json\/wp\/v2\/product_featured_cat?post=194465"},{"taxonomy":"product_brand","embeddable":true,"href":"https:\/\/shop.bantam.ch\/de\/wp-json\/wp\/v2\/product_brand?post=194465"},{"taxonomy":"product_cat","embeddable":true,"href":"https:\/\/shop.bantam.ch\/de\/wp-json\/wp\/v2\/product_cat?post=194465"},{"taxonomy":"product_tag","embeddable":true,"href":"https:\/\/shop.bantam.ch\/de\/wp-json\/wp\/v2\/product_tag?post=194465"}],"curies":[{"name":"wp","href":"https:\/\/api.w.org\/{rel}","templated":true}]}}