{"id":194366,"date":"2024-05-15T15:04:32","date_gmt":"2024-05-15T13:04:32","guid":{"rendered":"https:\/\/shop.bantam.ch\/produit\/frontteil-remifront-iv-renault-master-facelift-2019\/"},"modified":"2026-05-09T01:00:28","modified_gmt":"2026-05-08T23:00:28","slug":"frontteil-remifront-iv-renault-master-facelift-2019","status":"publish","type":"product","link":"https:\/\/shop.bantam.ch\/de\/produkt\/frontteil-remifront-iv-renault-master-facelift-2019\/","title":{"rendered":"Frontteil REMIfront IV Renault Master Facelift 2019"},"content":{"rendered":"<p>Die Frontscheibe wird durch ein zweiteiliges Verschiebeelement mit Magnetverschluss verdunkelt. Dieses schlie\u00dft in der Mitte der Frontscheibe, der Innenspiegel bleibt an seinem Platz. Die Seitenteile werden als kompletter Rahmen geliefert und am Fahrzeug- T\u00fcrrahmen befestigt. Das Verdunkelungssystem REMIfront gleicht dabei Fahrzeugtoleranzen einfach aus, die Bel\u00fcftungs\u00f6ffnungen werden nicht abgedeckt. Das System ist leicht nachzur\u00fcsten und sorgt in der t\u00e4glichen Anwendung unkompliziert f\u00fcr schnellen und angenehmen Sichtschutz. Alle Teile des REMIfront f\u00fcgen sich perfekt in das Innendesign ein.<\/p>\n","protected":false},"excerpt":{"rendered":"<p>Die Frontscheibe wird durch ein zweiteiliges Verschiebeelement mit Magnetverschluss verdunkelt. Dieses schlie\u00dft in der Mitte der Frontscheibe, der Innenspiegel bleibt an seinem Platz. Die Seitenteile werden als kompletter Rahmen geliefert und am Fahrzeug- T\u00fcrrahmen befestigt. Das Verdunkelungssystem REMIfront gleicht dabei Fahrzeugtoleranzen einfach aus, die Bel\u00fcftungs\u00f6ffnungen werden nicht abgedeckt. Das System ist leicht nachzur\u00fcsten und sorgt [&hellip;]<\/p>\n","protected":false},"featured_media":194353,"template":"","meta":{"_acf_changed":false},"product_featured_cat":[],"product_brand":[3045],"product_cat":[4714],"product_tag":[],"class_list":{"0":"post-194366","1":"product","2":"type-product","3":"status-publish","4":"has-post-thumbnail","6":"product_brand-remis-de","7":"product_cat-fahrerhausverdunkelung","9":"first","10":"instock","11":"taxable","12":"shipping-taxable","13":"purchasable","14":"product-type-variable"},"acf":[],"yoast_head":"<!-- This site is optimized with the Yoast SEO plugin v27.5 - https:\/\/yoast.com\/product\/yoast-seo-wordpress\/ -->\n<title>Frontteil REMIfront IV Renault Master Facelift 2019 - Bantam<\/title>\n<meta name=\"robots\" content=\"index, follow, max-snippet:-1, max-image-preview:large, max-video-preview:-1\" \/>\n<link rel=\"canonical\" href=\"https:\/\/shop.bantam.ch\/de\/produkt\/frontteil-remifront-iv-renault-master-facelift-2019\/\" \/>\n<meta property=\"og:locale\" content=\"de_DE\" \/>\n<meta property=\"og:type\" content=\"article\" \/>\n<meta property=\"og:title\" content=\"Frontteil REMIfront IV Renault Master Facelift 2019 - Bantam\" \/>\n<meta property=\"og:description\" content=\"Die Frontscheibe wird durch ein zweiteiliges Verschiebeelement mit Magnetverschluss verdunkelt. Dieses schlie\u00dft in der Mitte der Frontscheibe, der Innenspiegel bleibt an seinem Platz. Die Seitenteile werden als kompletter Rahmen geliefert und am Fahrzeug- T\u00fcrrahmen befestigt. Das Verdunkelungssystem REMIfront gleicht dabei Fahrzeugtoleranzen einfach aus, die Bel\u00fcftungs\u00f6ffnungen werden nicht abgedeckt. Das System ist leicht nachzur\u00fcsten und sorgt [&hellip;]\" \/>\n<meta property=\"og:url\" content=\"https:\/\/shop.bantam.ch\/de\/produkt\/frontteil-remifront-iv-renault-master-facelift-2019\/\" \/>\n<meta property=\"og:site_name\" content=\"Bantam\" \/>\n<meta property=\"article:modified_time\" content=\"2026-05-08T23:00:28+00:00\" \/>\n<meta property=\"og:image\" content=\"https:\/\/shop.bantam.ch\/wp-content\/uploads\/2024\/05\/Movera-L-9948879100.jpg\" \/>\n\t<meta property=\"og:image:width\" content=\"640\" \/>\n\t<meta property=\"og:image:height\" content=\"427\" \/>\n\t<meta property=\"og:image:type\" content=\"image\/jpeg\" \/>\n<meta name=\"twitter:card\" content=\"summary_large_image\" \/>\n<script type=\"application\/ld+json\" class=\"yoast-schema-graph\">{\"@context\":\"https:\\\/\\\/schema.org\",\"@graph\":[{\"@type\":\"WebPage\",\"@id\":\"https:\\\/\\\/shop.bantam.ch\\\/de\\\/produkt\\\/frontteil-remifront-iv-renault-master-facelift-2019\\\/\",\"url\":\"https:\\\/\\\/shop.bantam.ch\\\/de\\\/produkt\\\/frontteil-remifront-iv-renault-master-facelift-2019\\\/\",\"name\":\"Frontteil REMIfront IV Renault Master Facelift 2019 - Bantam\",\"isPartOf\":{\"@id\":\"https:\\\/\\\/shop.bantam.ch\\\/de\\\/#website\"},\"primaryImageOfPage\":{\"@id\":\"https:\\\/\\\/shop.bantam.ch\\\/de\\\/produkt\\\/frontteil-remifront-iv-renault-master-facelift-2019\\\/#primaryimage\"},\"image\":{\"@id\":\"https:\\\/\\\/shop.bantam.ch\\\/de\\\/produkt\\\/frontteil-remifront-iv-renault-master-facelift-2019\\\/#primaryimage\"},\"thumbnailUrl\":\"https:\\\/\\\/shop.bantam.ch\\\/wp-content\\\/uploads\\\/2024\\\/05\\\/Movera-L-9948879100.jpg\",\"datePublished\":\"2024-05-15T13:04:32+00:00\",\"dateModified\":\"2026-05-08T23:00:28+00:00\",\"breadcrumb\":{\"@id\":\"https:\\\/\\\/shop.bantam.ch\\\/de\\\/produkt\\\/frontteil-remifront-iv-renault-master-facelift-2019\\\/#breadcrumb\"},\"inLanguage\":\"de\",\"potentialAction\":[{\"@type\":\"ReadAction\",\"target\":[\"https:\\\/\\\/shop.bantam.ch\\\/de\\\/produkt\\\/frontteil-remifront-iv-renault-master-facelift-2019\\\/\"]}]},{\"@type\":\"ImageObject\",\"inLanguage\":\"de\",\"@id\":\"https:\\\/\\\/shop.bantam.ch\\\/de\\\/produkt\\\/frontteil-remifront-iv-renault-master-facelift-2019\\\/#primaryimage\",\"url\":\"https:\\\/\\\/shop.bantam.ch\\\/wp-content\\\/uploads\\\/2024\\\/05\\\/Movera-L-9948879100.jpg\",\"contentUrl\":\"https:\\\/\\\/shop.bantam.ch\\\/wp-content\\\/uploads\\\/2024\\\/05\\\/Movera-L-9948879100.jpg\",\"width\":640,\"height\":427},{\"@type\":\"BreadcrumbList\",\"@id\":\"https:\\\/\\\/shop.bantam.ch\\\/de\\\/produkt\\\/frontteil-remifront-iv-renault-master-facelift-2019\\\/#breadcrumb\",\"itemListElement\":[{\"@type\":\"ListItem\",\"position\":1,\"name\":\"Accueil\",\"item\":\"https:\\\/\\\/shop.bantam.ch\\\/de\\\/\"},{\"@type\":\"ListItem\",\"position\":2,\"name\":\"Shop\",\"item\":\"https:\\\/\\\/shop.bantam.ch\\\/de\\\/shop\\\/\"},{\"@type\":\"ListItem\",\"position\":3,\"name\":\"Frontteil REMIfront IV Renault Master Facelift 2019\"}]},{\"@type\":\"WebSite\",\"@id\":\"https:\\\/\\\/shop.bantam.ch\\\/de\\\/#website\",\"url\":\"https:\\\/\\\/shop.bantam.ch\\\/de\\\/\",\"name\":\"Bantam\",\"description\":\"\",\"publisher\":{\"@id\":\"https:\\\/\\\/shop.bantam.ch\\\/de\\\/#organization\"},\"inLanguage\":\"de\"},{\"@type\":\"Organization\",\"@id\":\"https:\\\/\\\/shop.bantam.ch\\\/de\\\/#organization\",\"name\":\"Bantam\",\"url\":\"https:\\\/\\\/shop.bantam.ch\\\/de\\\/\",\"logo\":{\"@type\":\"ImageObject\",\"inLanguage\":\"de\",\"@id\":\"https:\\\/\\\/shop.bantam.ch\\\/de\\\/#\\\/schema\\\/logo\\\/image\\\/\",\"url\":\"https:\\\/\\\/shop.bantam.ch\\\/wp-content\\\/uploads\\\/2022\\\/12\\\/bantam-logo.png\",\"contentUrl\":\"https:\\\/\\\/shop.bantam.ch\\\/wp-content\\\/uploads\\\/2022\\\/12\\\/bantam-logo.png\",\"width\":320,\"height\":71,\"caption\":\"Bantam\"},\"image\":{\"@id\":\"https:\\\/\\\/shop.bantam.ch\\\/de\\\/#\\\/schema\\\/logo\\\/image\\\/\"}}]}<\/script>\n<!-- \/ Yoast SEO plugin. -->","yoast_head_json":{"title":"Frontteil REMIfront IV Renault Master Facelift 2019 - Bantam","robots":{"index":"index","follow":"follow","max-snippet":"max-snippet:-1","max-image-preview":"max-image-preview:large","max-video-preview":"max-video-preview:-1"},"canonical":"https:\/\/shop.bantam.ch\/de\/produkt\/frontteil-remifront-iv-renault-master-facelift-2019\/","og_locale":"de_DE","og_type":"article","og_title":"Frontteil REMIfront IV Renault Master Facelift 2019 - Bantam","og_description":"Die Frontscheibe wird durch ein zweiteiliges Verschiebeelement mit Magnetverschluss verdunkelt. Dieses schlie\u00dft in der Mitte der Frontscheibe, der Innenspiegel bleibt an seinem Platz. Die Seitenteile werden als kompletter Rahmen geliefert und am Fahrzeug- T\u00fcrrahmen befestigt. Das Verdunkelungssystem REMIfront gleicht dabei Fahrzeugtoleranzen einfach aus, die Bel\u00fcftungs\u00f6ffnungen werden nicht abgedeckt. Das System ist leicht nachzur\u00fcsten und sorgt [&hellip;]","og_url":"https:\/\/shop.bantam.ch\/de\/produkt\/frontteil-remifront-iv-renault-master-facelift-2019\/","og_site_name":"Bantam","article_modified_time":"2026-05-08T23:00:28+00:00","og_image":[{"width":640,"height":427,"url":"https:\/\/shop.bantam.ch\/wp-content\/uploads\/2024\/05\/Movera-L-9948879100.jpg","type":"image\/jpeg"}],"twitter_card":"summary_large_image","schema":{"@context":"https:\/\/schema.org","@graph":[{"@type":"WebPage","@id":"https:\/\/shop.bantam.ch\/de\/produkt\/frontteil-remifront-iv-renault-master-facelift-2019\/","url":"https:\/\/shop.bantam.ch\/de\/produkt\/frontteil-remifront-iv-renault-master-facelift-2019\/","name":"Frontteil REMIfront IV Renault Master Facelift 2019 - Bantam","isPartOf":{"@id":"https:\/\/shop.bantam.ch\/de\/#website"},"primaryImageOfPage":{"@id":"https:\/\/shop.bantam.ch\/de\/produkt\/frontteil-remifront-iv-renault-master-facelift-2019\/#primaryimage"},"image":{"@id":"https:\/\/shop.bantam.ch\/de\/produkt\/frontteil-remifront-iv-renault-master-facelift-2019\/#primaryimage"},"thumbnailUrl":"https:\/\/shop.bantam.ch\/wp-content\/uploads\/2024\/05\/Movera-L-9948879100.jpg","datePublished":"2024-05-15T13:04:32+00:00","dateModified":"2026-05-08T23:00:28+00:00","breadcrumb":{"@id":"https:\/\/shop.bantam.ch\/de\/produkt\/frontteil-remifront-iv-renault-master-facelift-2019\/#breadcrumb"},"inLanguage":"de","potentialAction":[{"@type":"ReadAction","target":["https:\/\/shop.bantam.ch\/de\/produkt\/frontteil-remifront-iv-renault-master-facelift-2019\/"]}]},{"@type":"ImageObject","inLanguage":"de","@id":"https:\/\/shop.bantam.ch\/de\/produkt\/frontteil-remifront-iv-renault-master-facelift-2019\/#primaryimage","url":"https:\/\/shop.bantam.ch\/wp-content\/uploads\/2024\/05\/Movera-L-9948879100.jpg","contentUrl":"https:\/\/shop.bantam.ch\/wp-content\/uploads\/2024\/05\/Movera-L-9948879100.jpg","width":640,"height":427},{"@type":"BreadcrumbList","@id":"https:\/\/shop.bantam.ch\/de\/produkt\/frontteil-remifront-iv-renault-master-facelift-2019\/#breadcrumb","itemListElement":[{"@type":"ListItem","position":1,"name":"Accueil","item":"https:\/\/shop.bantam.ch\/de\/"},{"@type":"ListItem","position":2,"name":"Shop","item":"https:\/\/shop.bantam.ch\/de\/shop\/"},{"@type":"ListItem","position":3,"name":"Frontteil REMIfront IV Renault Master Facelift 2019"}]},{"@type":"WebSite","@id":"https:\/\/shop.bantam.ch\/de\/#website","url":"https:\/\/shop.bantam.ch\/de\/","name":"Bantam","description":"","publisher":{"@id":"https:\/\/shop.bantam.ch\/de\/#organization"},"inLanguage":"de"},{"@type":"Organization","@id":"https:\/\/shop.bantam.ch\/de\/#organization","name":"Bantam","url":"https:\/\/shop.bantam.ch\/de\/","logo":{"@type":"ImageObject","inLanguage":"de","@id":"https:\/\/shop.bantam.ch\/de\/#\/schema\/logo\/image\/","url":"https:\/\/shop.bantam.ch\/wp-content\/uploads\/2022\/12\/bantam-logo.png","contentUrl":"https:\/\/shop.bantam.ch\/wp-content\/uploads\/2022\/12\/bantam-logo.png","width":320,"height":71,"caption":"Bantam"},"image":{"@id":"https:\/\/shop.bantam.ch\/de\/#\/schema\/logo\/image\/"}}]}},"_links":{"self":[{"href":"https:\/\/shop.bantam.ch\/de\/wp-json\/wp\/v2\/product\/194366","targetHints":{"allow":["GET"]}}],"collection":[{"href":"https:\/\/shop.bantam.ch\/de\/wp-json\/wp\/v2\/product"}],"about":[{"href":"https:\/\/shop.bantam.ch\/de\/wp-json\/wp\/v2\/types\/product"}],"wp:featuredmedia":[{"embeddable":true,"href":"https:\/\/shop.bantam.ch\/de\/wp-json\/wp\/v2\/media\/194353"}],"wp:attachment":[{"href":"https:\/\/shop.bantam.ch\/de\/wp-json\/wp\/v2\/media?parent=194366"}],"wp:term":[{"taxonomy":"product_featured_cat","embeddable":true,"href":"https:\/\/shop.bantam.ch\/de\/wp-json\/wp\/v2\/product_featured_cat?post=194366"},{"taxonomy":"product_brand","embeddable":true,"href":"https:\/\/shop.bantam.ch\/de\/wp-json\/wp\/v2\/product_brand?post=194366"},{"taxonomy":"product_cat","embeddable":true,"href":"https:\/\/shop.bantam.ch\/de\/wp-json\/wp\/v2\/product_cat?post=194366"},{"taxonomy":"product_tag","embeddable":true,"href":"https:\/\/shop.bantam.ch\/de\/wp-json\/wp\/v2\/product_tag?post=194366"}],"curies":[{"name":"wp","href":"https:\/\/api.w.org\/{rel}","templated":true}]}}