{"id":194343,"date":"2024-05-15T15:04:17","date_gmt":"2024-05-15T13:04:17","guid":{"rendered":"https:\/\/shop.bantam.ch\/produit\/movera-haushaltsbox\/"},"modified":"2026-04-18T23:05:24","modified_gmt":"2026-04-18T21:05:24","slug":"movera-haushaltsbox","status":"publish","type":"product","link":"https:\/\/shop.bantam.ch\/de\/produkt\/movera-haushaltsbox\/","title":{"rendered":"Movera Haushaltsbox"},"content":{"rendered":"<p>Haushaltsbox inklusive Grundausstattung<\/p>\n<p>\u00a0<\/p>\n<p>Lieferumfang:\u00a0<br \/>\nGeschirrset Bluebay Melamin 16-tlg. Farbe wei\u00df\/blau (sp\u00fclmaschinengeeigent, tiefk\u00fchlgeeignet), bestehend aus:<br \/>\n4 Essteller (\u00d8 25 cm)<br \/>\n4 Suppenteller (\u00d8 21 cm)<br \/>\n4 Dessertteller (\u00d8 20 cm)<br \/>\n4 Henkelbecher (300 ml)<br \/>\nK\u00fcchenhelferset \u00a0Nylon 6-tlg. schwarz\u00a0(sp\u00fclmaschinengeeigent, tiefk\u00fchlgeeignet, nicht mikrowellengeeignet)<br \/>\n3in1 Dosen\u00f6ffner<br \/>\nBesteckset Budapest Edelstahl 24-tlg., bestehend aus: je 6 x Messer, Gabeln, L\u00f6ffel, Kaffeel\u00f6ffel (sp\u00fclmaschinengeeignet)<br \/>\n4 x Wasserglas MS Methylstyrol 440 ml (sp\u00fclmaschinengeeignet, nicht tiefk\u00fchlgeeignet, nicht mikrowellengeeignet)<\/p>\n","protected":false},"excerpt":{"rendered":"<p>Haushaltsbox inklusive Grundausstattung \u00a0 Lieferumfang:\u00a0 Geschirrset Bluebay Melamin 16-tlg. Farbe wei\u00df\/blau (sp\u00fclmaschinengeeigent, tiefk\u00fchlgeeignet), bestehend aus: 4 Essteller (\u00d8 25 cm) 4 Suppenteller (\u00d8 21 cm) 4 Dessertteller (\u00d8 20 cm) 4 Henkelbecher (300 ml) K\u00fcchenhelferset \u00a0Nylon 6-tlg. schwarz\u00a0(sp\u00fclmaschinengeeigent, tiefk\u00fchlgeeignet, nicht mikrowellengeeignet) 3in1 Dosen\u00f6ffner Besteckset Budapest Edelstahl 24-tlg., bestehend aus: je 6 x Messer, Gabeln, L\u00f6ffel, [&hellip;]<\/p>\n","protected":false},"featured_media":206405,"template":"","meta":{"_acf_changed":false},"product_featured_cat":[],"product_brand":[3203],"product_cat":[3992],"product_tag":[],"class_list":{"0":"post-194343","1":"product","2":"type-product","3":"status-publish","4":"has-post-thumbnail","6":"product_brand-movera-de","7":"product_cat-kochgeschirr-sets","9":"first","10":"instock","11":"taxable","12":"shipping-taxable","13":"purchasable","14":"product-type-simple"},"acf":[],"yoast_head":"<!-- This site is optimized with the Yoast SEO plugin v27.4 - https:\/\/yoast.com\/product\/yoast-seo-wordpress\/ -->\n<title>Movera Haushaltsbox - Bantam Camping AG<\/title>\n<meta name=\"robots\" content=\"index, follow, max-snippet:-1, max-image-preview:large, max-video-preview:-1\" \/>\n<link rel=\"canonical\" href=\"https:\/\/shop.bantam.ch\/de\/produkt\/movera-haushaltsbox\/\" \/>\n<meta property=\"og:locale\" content=\"de_DE\" \/>\n<meta property=\"og:type\" content=\"article\" \/>\n<meta property=\"og:title\" content=\"Movera Haushaltsbox - Bantam Camping AG\" \/>\n<meta property=\"og:description\" content=\"Haushaltsbox inklusive Grundausstattung \u00a0 Lieferumfang:\u00a0 Geschirrset Bluebay Melamin 16-tlg. Farbe wei\u00df\/blau (sp\u00fclmaschinengeeigent, tiefk\u00fchlgeeignet), bestehend aus: 4 Essteller (\u00d8 25 cm) 4 Suppenteller (\u00d8 21 cm) 4 Dessertteller (\u00d8 20 cm) 4 Henkelbecher (300 ml) K\u00fcchenhelferset \u00a0Nylon 6-tlg. schwarz\u00a0(sp\u00fclmaschinengeeigent, tiefk\u00fchlgeeignet, nicht mikrowellengeeignet) 3in1 Dosen\u00f6ffner Besteckset Budapest Edelstahl 24-tlg., bestehend aus: je 6 x Messer, Gabeln, L\u00f6ffel, [&hellip;]\" \/>\n<meta property=\"og:url\" content=\"https:\/\/shop.bantam.ch\/de\/produkt\/movera-haushaltsbox\/\" \/>\n<meta property=\"og:site_name\" content=\"Bantam Camping AG\" \/>\n<meta property=\"article:modified_time\" content=\"2026-04-18T21:05:24+00:00\" \/>\n<meta property=\"og:image\" content=\"https:\/\/shop.bantam.ch\/wp-content\/uploads\/2024\/09\/Movera-L-9948867100.jpg\" \/>\n\t<meta property=\"og:image:width\" content=\"640\" \/>\n\t<meta property=\"og:image:height\" content=\"640\" \/>\n\t<meta property=\"og:image:type\" content=\"image\/jpeg\" \/>\n<meta name=\"twitter:card\" content=\"summary_large_image\" \/>\n<script type=\"application\/ld+json\" class=\"yoast-schema-graph\">{\"@context\":\"https:\\\/\\\/schema.org\",\"@graph\":[{\"@type\":\"WebPage\",\"@id\":\"https:\\\/\\\/shop.bantam.ch\\\/de\\\/produkt\\\/movera-haushaltsbox\\\/\",\"url\":\"https:\\\/\\\/shop.bantam.ch\\\/de\\\/produkt\\\/movera-haushaltsbox\\\/\",\"name\":\"Movera Haushaltsbox - Bantam Camping AG\",\"isPartOf\":{\"@id\":\"https:\\\/\\\/shop.bantam.ch\\\/de\\\/#website\"},\"primaryImageOfPage\":{\"@id\":\"https:\\\/\\\/shop.bantam.ch\\\/de\\\/produkt\\\/movera-haushaltsbox\\\/#primaryimage\"},\"image\":{\"@id\":\"https:\\\/\\\/shop.bantam.ch\\\/de\\\/produkt\\\/movera-haushaltsbox\\\/#primaryimage\"},\"thumbnailUrl\":\"https:\\\/\\\/shop.bantam.ch\\\/wp-content\\\/uploads\\\/2024\\\/09\\\/Movera-L-9948867100.jpg\",\"datePublished\":\"2024-05-15T13:04:17+00:00\",\"dateModified\":\"2026-04-18T21:05:24+00:00\",\"breadcrumb\":{\"@id\":\"https:\\\/\\\/shop.bantam.ch\\\/de\\\/produkt\\\/movera-haushaltsbox\\\/#breadcrumb\"},\"inLanguage\":\"de\",\"potentialAction\":[{\"@type\":\"ReadAction\",\"target\":[\"https:\\\/\\\/shop.bantam.ch\\\/de\\\/produkt\\\/movera-haushaltsbox\\\/\"]}]},{\"@type\":\"ImageObject\",\"inLanguage\":\"de\",\"@id\":\"https:\\\/\\\/shop.bantam.ch\\\/de\\\/produkt\\\/movera-haushaltsbox\\\/#primaryimage\",\"url\":\"https:\\\/\\\/shop.bantam.ch\\\/wp-content\\\/uploads\\\/2024\\\/09\\\/Movera-L-9948867100.jpg\",\"contentUrl\":\"https:\\\/\\\/shop.bantam.ch\\\/wp-content\\\/uploads\\\/2024\\\/09\\\/Movera-L-9948867100.jpg\",\"width\":640,\"height\":640},{\"@type\":\"BreadcrumbList\",\"@id\":\"https:\\\/\\\/shop.bantam.ch\\\/de\\\/produkt\\\/movera-haushaltsbox\\\/#breadcrumb\",\"itemListElement\":[{\"@type\":\"ListItem\",\"position\":1,\"name\":\"Accueil\",\"item\":\"https:\\\/\\\/shop.bantam.ch\\\/de\\\/\"},{\"@type\":\"ListItem\",\"position\":2,\"name\":\"Shop\",\"item\":\"https:\\\/\\\/shop.bantam.ch\\\/de\\\/shop\\\/\"},{\"@type\":\"ListItem\",\"position\":3,\"name\":\"Movera Haushaltsbox\"}]},{\"@type\":\"WebSite\",\"@id\":\"https:\\\/\\\/shop.bantam.ch\\\/de\\\/#website\",\"url\":\"https:\\\/\\\/shop.bantam.ch\\\/de\\\/\",\"name\":\"Bantam Camping AG\",\"description\":\"\",\"publisher\":{\"@id\":\"https:\\\/\\\/shop.bantam.ch\\\/de\\\/#organization\"},\"inLanguage\":\"de\"},{\"@type\":\"Organization\",\"@id\":\"https:\\\/\\\/shop.bantam.ch\\\/de\\\/#organization\",\"name\":\"Bantam Camping AG\",\"url\":\"https:\\\/\\\/shop.bantam.ch\\\/de\\\/\",\"logo\":{\"@type\":\"ImageObject\",\"inLanguage\":\"de\",\"@id\":\"https:\\\/\\\/shop.bantam.ch\\\/de\\\/#\\\/schema\\\/logo\\\/image\\\/\",\"url\":\"https:\\\/\\\/shop.bantam.ch\\\/wp-content\\\/uploads\\\/2022\\\/12\\\/bantam-logo.png\",\"contentUrl\":\"https:\\\/\\\/shop.bantam.ch\\\/wp-content\\\/uploads\\\/2022\\\/12\\\/bantam-logo.png\",\"width\":320,\"height\":71,\"caption\":\"Bantam Camping AG\"},\"image\":{\"@id\":\"https:\\\/\\\/shop.bantam.ch\\\/de\\\/#\\\/schema\\\/logo\\\/image\\\/\"}}]}<\/script>\n<!-- \/ Yoast SEO plugin. -->","yoast_head_json":{"title":"Movera Haushaltsbox - Bantam Camping AG","robots":{"index":"index","follow":"follow","max-snippet":"max-snippet:-1","max-image-preview":"max-image-preview:large","max-video-preview":"max-video-preview:-1"},"canonical":"https:\/\/shop.bantam.ch\/de\/produkt\/movera-haushaltsbox\/","og_locale":"de_DE","og_type":"article","og_title":"Movera Haushaltsbox - Bantam Camping AG","og_description":"Haushaltsbox inklusive Grundausstattung \u00a0 Lieferumfang:\u00a0 Geschirrset Bluebay Melamin 16-tlg. Farbe wei\u00df\/blau (sp\u00fclmaschinengeeigent, tiefk\u00fchlgeeignet), bestehend aus: 4 Essteller (\u00d8 25 cm) 4 Suppenteller (\u00d8 21 cm) 4 Dessertteller (\u00d8 20 cm) 4 Henkelbecher (300 ml) K\u00fcchenhelferset \u00a0Nylon 6-tlg. schwarz\u00a0(sp\u00fclmaschinengeeigent, tiefk\u00fchlgeeignet, nicht mikrowellengeeignet) 3in1 Dosen\u00f6ffner Besteckset Budapest Edelstahl 24-tlg., bestehend aus: je 6 x Messer, Gabeln, L\u00f6ffel, [&hellip;]","og_url":"https:\/\/shop.bantam.ch\/de\/produkt\/movera-haushaltsbox\/","og_site_name":"Bantam Camping AG","article_modified_time":"2026-04-18T21:05:24+00:00","og_image":[{"width":640,"height":640,"url":"https:\/\/shop.bantam.ch\/wp-content\/uploads\/2024\/09\/Movera-L-9948867100.jpg","type":"image\/jpeg"}],"twitter_card":"summary_large_image","schema":{"@context":"https:\/\/schema.org","@graph":[{"@type":"WebPage","@id":"https:\/\/shop.bantam.ch\/de\/produkt\/movera-haushaltsbox\/","url":"https:\/\/shop.bantam.ch\/de\/produkt\/movera-haushaltsbox\/","name":"Movera Haushaltsbox - Bantam Camping AG","isPartOf":{"@id":"https:\/\/shop.bantam.ch\/de\/#website"},"primaryImageOfPage":{"@id":"https:\/\/shop.bantam.ch\/de\/produkt\/movera-haushaltsbox\/#primaryimage"},"image":{"@id":"https:\/\/shop.bantam.ch\/de\/produkt\/movera-haushaltsbox\/#primaryimage"},"thumbnailUrl":"https:\/\/shop.bantam.ch\/wp-content\/uploads\/2024\/09\/Movera-L-9948867100.jpg","datePublished":"2024-05-15T13:04:17+00:00","dateModified":"2026-04-18T21:05:24+00:00","breadcrumb":{"@id":"https:\/\/shop.bantam.ch\/de\/produkt\/movera-haushaltsbox\/#breadcrumb"},"inLanguage":"de","potentialAction":[{"@type":"ReadAction","target":["https:\/\/shop.bantam.ch\/de\/produkt\/movera-haushaltsbox\/"]}]},{"@type":"ImageObject","inLanguage":"de","@id":"https:\/\/shop.bantam.ch\/de\/produkt\/movera-haushaltsbox\/#primaryimage","url":"https:\/\/shop.bantam.ch\/wp-content\/uploads\/2024\/09\/Movera-L-9948867100.jpg","contentUrl":"https:\/\/shop.bantam.ch\/wp-content\/uploads\/2024\/09\/Movera-L-9948867100.jpg","width":640,"height":640},{"@type":"BreadcrumbList","@id":"https:\/\/shop.bantam.ch\/de\/produkt\/movera-haushaltsbox\/#breadcrumb","itemListElement":[{"@type":"ListItem","position":1,"name":"Accueil","item":"https:\/\/shop.bantam.ch\/de\/"},{"@type":"ListItem","position":2,"name":"Shop","item":"https:\/\/shop.bantam.ch\/de\/shop\/"},{"@type":"ListItem","position":3,"name":"Movera Haushaltsbox"}]},{"@type":"WebSite","@id":"https:\/\/shop.bantam.ch\/de\/#website","url":"https:\/\/shop.bantam.ch\/de\/","name":"Bantam Camping AG","description":"","publisher":{"@id":"https:\/\/shop.bantam.ch\/de\/#organization"},"inLanguage":"de"},{"@type":"Organization","@id":"https:\/\/shop.bantam.ch\/de\/#organization","name":"Bantam Camping AG","url":"https:\/\/shop.bantam.ch\/de\/","logo":{"@type":"ImageObject","inLanguage":"de","@id":"https:\/\/shop.bantam.ch\/de\/#\/schema\/logo\/image\/","url":"https:\/\/shop.bantam.ch\/wp-content\/uploads\/2022\/12\/bantam-logo.png","contentUrl":"https:\/\/shop.bantam.ch\/wp-content\/uploads\/2022\/12\/bantam-logo.png","width":320,"height":71,"caption":"Bantam Camping AG"},"image":{"@id":"https:\/\/shop.bantam.ch\/de\/#\/schema\/logo\/image\/"}}]}},"_links":{"self":[{"href":"https:\/\/shop.bantam.ch\/de\/wp-json\/wp\/v2\/product\/194343","targetHints":{"allow":["GET"]}}],"collection":[{"href":"https:\/\/shop.bantam.ch\/de\/wp-json\/wp\/v2\/product"}],"about":[{"href":"https:\/\/shop.bantam.ch\/de\/wp-json\/wp\/v2\/types\/product"}],"wp:featuredmedia":[{"embeddable":true,"href":"https:\/\/shop.bantam.ch\/de\/wp-json\/wp\/v2\/media\/206405"}],"wp:attachment":[{"href":"https:\/\/shop.bantam.ch\/de\/wp-json\/wp\/v2\/media?parent=194343"}],"wp:term":[{"taxonomy":"product_featured_cat","embeddable":true,"href":"https:\/\/shop.bantam.ch\/de\/wp-json\/wp\/v2\/product_featured_cat?post=194343"},{"taxonomy":"product_brand","embeddable":true,"href":"https:\/\/shop.bantam.ch\/de\/wp-json\/wp\/v2\/product_brand?post=194343"},{"taxonomy":"product_cat","embeddable":true,"href":"https:\/\/shop.bantam.ch\/de\/wp-json\/wp\/v2\/product_cat?post=194343"},{"taxonomy":"product_tag","embeddable":true,"href":"https:\/\/shop.bantam.ch\/de\/wp-json\/wp\/v2\/product_tag?post=194343"}],"curies":[{"name":"wp","href":"https:\/\/api.w.org\/{rel}","templated":true}]}}