{"id":194271,"date":"2024-05-15T15:02:32","date_gmt":"2024-05-15T13:02:32","guid":{"rendered":"https:\/\/shop.bantam.ch\/produit\/vorzelt-und-markisenreiniger-awiwa-canvas-05-l-spruehflasche-version-schweiz\/"},"modified":"2026-04-20T23:03:21","modified_gmt":"2026-04-20T21:03:21","slug":"vorzelt-und-markisenreiniger-awiwa-canvas-05-l-spruehflasche-version-schweiz","status":"publish","type":"product","link":"https:\/\/shop.bantam.ch\/de\/produkt\/vorzelt-und-markisenreiniger-awiwa-canvas-05-l-spruehflasche-version-schweiz\/","title":{"rendered":"Vorzelt- und Markisenreiniger Awiwa canvas 0,5 l Spr\u00fchflasche Version Schweiz"},"content":{"rendered":"<p>Der Vorzelt- und Markisenreiniger, awiwa canvas, befreit Zelte und Markisen effektiv von witterungsbedingten Verschmutzungen und Gr\u00fcnbel\u00e4gen. Markisen und Vorzelte sind eine sinnvolle Erg\u00e4nzung zum mobilen Zuhause und sehr praktisch sowohl im Sommerurlaub als auch beim Wintercamping. Weil sie intensiv Wind und Wetter ausgesetzt sind, sind Verschmutzungen und Gr\u00fcnbel\u00e4ge unvermeidbar. Doch wer seine Markise oder sein Vorzelt im Dauereinsatz hat, will nat\u00fcrlich auch, dass sie sch\u00f6n und sauber aussehen. Schmutz und Gr\u00fcnbel\u00e4ge entfernen, ist f\u00fcr viele Camper und Gartenfans jedoch eine l\u00e4stige Aufgabe. Au\u00dferdem sollte man keine aggressiven oder scheuernden Substanzen zur Reinigung benutzen. Das k\u00f6nnte dem Stoff schaden und sogar den Schutzfilm zerst\u00f6ren. Genau da kommt awiwa canvas, der mikrobiologische Vorzelt- und Markisenreiniger, ins Spiel. Der Reiniger arbeitet quasi selbstt\u00e4tig, beinhaltet keine aggressiven Chemikalien und schont so Material und Farben. awiwa canvas kann ohne Bedenken eingesetzt werden auf nat\u00fcrliche und synthetische Materialien (Leinen, Baumwolle, Polyacryl, Polyester, PVC-Gewebe, usw.)<br \/>\nSanfte Reinigung, ohne aggressive Chemie<\/p>\n<p>awiwa canvas wurde speziell entwickelt um Markisen, Vorzelte, Sonnensegel, Sonnenschirme, Bootsabdeckungen, Bootsplanen usw. von Gr\u00fcnbelag oder Gr\u00fcnspan zu befreien. Unser Vorzelt- und Markisenreiniger, entfernt diese un\u00e4sthetischen Verschmutzungen und beugt bei regelm\u00e4\u00dfiger Anwendung Neuverschmutzung vor. Der Vorzelt- und Markisenreiniger nutzt nat\u00fcrliche Mikroorganismen zur Reinigung und Gr\u00fcnbelagentfernung und ist daher biologisch und umweltfreundlich. Der Reiniger ist chlor- und s\u00e4urefrei, sodass er auch auf Metallen angewendet werden kann. Unbedenklich f\u00fcr Mensch, Tier und Umwelt.<br \/>\nEinfache Anwendung<\/p>\n<p>Die Anwendung ist denkbar simpel. Den Vorzelt- und Markisenreiniger vor der Anwendung erstmal gr\u00fcndlich sch\u00fctteln. F\u00fcr optimale Resultate, sollte das Material mit einem weichen Besen, Handbesen oder weichen B\u00fcrste vom groben Schmutz entfernt werden. Bei einer starken Verschmutzung tragen Sie awiwa canvas am Besten mit einer weichen B\u00fcrste oder mit einer Spr\u00fchflasche unverd\u00fcnnt auf. Markise oder Vorzelt sorgf\u00e4ltig einreiben oder einspr\u00fchen und einwirken lassen. Nicht nachsp\u00fclen, sondern trocknen lassen. Je nach Verschmutzungsgrad verschwindet der Befall innerhalb von ca. 2 Wochen. Die Verschmutzung verschwindet in der Regel von alleine. Sollte es sich um eine sehr starke Verschmutzung handeln, Material nach der Einwirkzeit abb\u00fcrsten und die Anwendung wiederholen. Bei leichter Verschmutzung kann awiwa canvas zuvor im Verh\u00e4ltnis 1:4 mit Wasser verd\u00fcnnt und wie oben beschrieben angewendet werden. Das Konzentrat ergibt bis zu 5 Liter gebrauchsfertige Mischung und h\u00e4lt Ihre Vorzelte, Markisen, Segel und vieles mehr sauber und rein.<\/p>\n","protected":false},"excerpt":{"rendered":"<p>Der Vorzelt- und Markisenreiniger, awiwa canvas, befreit Zelte und Markisen effektiv von witterungsbedingten Verschmutzungen und Gr\u00fcnbel\u00e4gen. Markisen und Vorzelte sind eine sinnvolle Erg\u00e4nzung zum mobilen Zuhause und sehr praktisch sowohl im Sommerurlaub als auch beim Wintercamping. Weil sie intensiv Wind und Wetter ausgesetzt sind, sind Verschmutzungen und Gr\u00fcnbel\u00e4ge unvermeidbar. Doch wer seine Markise oder sein [&hellip;]<\/p>\n","protected":false},"featured_media":206401,"template":"","meta":{"_acf_changed":false},"product_featured_cat":[],"product_brand":[3517],"product_cat":[5092],"product_tag":[],"class_list":{"0":"post-194271","1":"product","2":"type-product","3":"status-publish","4":"has-post-thumbnail","6":"product_brand-awiwa-de","7":"product_cat-reinigung-spezialreiniger","9":"first","10":"instock","11":"taxable","12":"shipping-taxable","13":"purchasable","14":"product-type-simple"},"acf":[],"yoast_head":"<!-- This site is optimized with the Yoast SEO plugin v27.4 - https:\/\/yoast.com\/product\/yoast-seo-wordpress\/ -->\n<title>Vorzelt- und Markisenreiniger Awiwa canvas 0,5 l Spr\u00fchflasche Version Schweiz - Bantam Camping AG<\/title>\n<meta name=\"robots\" content=\"index, follow, max-snippet:-1, max-image-preview:large, max-video-preview:-1\" \/>\n<link rel=\"canonical\" href=\"https:\/\/shop.bantam.ch\/de\/produkt\/vorzelt-und-markisenreiniger-awiwa-canvas-05-l-spruehflasche-version-schweiz\/\" \/>\n<meta property=\"og:locale\" content=\"de_DE\" \/>\n<meta property=\"og:type\" content=\"article\" \/>\n<meta property=\"og:title\" content=\"Vorzelt- und Markisenreiniger Awiwa canvas 0,5 l Spr\u00fchflasche Version Schweiz - Bantam Camping AG\" \/>\n<meta property=\"og:description\" content=\"Der Vorzelt- und Markisenreiniger, awiwa canvas, befreit Zelte und Markisen effektiv von witterungsbedingten Verschmutzungen und Gr\u00fcnbel\u00e4gen. Markisen und Vorzelte sind eine sinnvolle Erg\u00e4nzung zum mobilen Zuhause und sehr praktisch sowohl im Sommerurlaub als auch beim Wintercamping. Weil sie intensiv Wind und Wetter ausgesetzt sind, sind Verschmutzungen und Gr\u00fcnbel\u00e4ge unvermeidbar. Doch wer seine Markise oder sein [&hellip;]\" \/>\n<meta property=\"og:url\" content=\"https:\/\/shop.bantam.ch\/de\/produkt\/vorzelt-und-markisenreiniger-awiwa-canvas-05-l-spruehflasche-version-schweiz\/\" \/>\n<meta property=\"og:site_name\" content=\"Bantam Camping AG\" \/>\n<meta property=\"article:modified_time\" content=\"2026-04-20T21:03:21+00:00\" \/>\n<meta property=\"og:image\" content=\"https:\/\/shop.bantam.ch\/wp-content\/uploads\/2024\/05\/Movera-L-9935027100.png\" \/>\n\t<meta property=\"og:image:width\" content=\"640\" \/>\n\t<meta property=\"og:image:height\" content=\"853\" \/>\n\t<meta property=\"og:image:type\" content=\"image\/png\" \/>\n<meta name=\"twitter:card\" content=\"summary_large_image\" \/>\n<meta name=\"twitter:label1\" content=\"Gesch\u00e4tzte Lesezeit\" \/>\n\t<meta name=\"twitter:data1\" content=\"2\u00a0Minuten\" \/>\n<script type=\"application\/ld+json\" class=\"yoast-schema-graph\">{\"@context\":\"https:\\\/\\\/schema.org\",\"@graph\":[{\"@type\":\"WebPage\",\"@id\":\"https:\\\/\\\/shop.bantam.ch\\\/de\\\/produkt\\\/vorzelt-und-markisenreiniger-awiwa-canvas-05-l-spruehflasche-version-schweiz\\\/\",\"url\":\"https:\\\/\\\/shop.bantam.ch\\\/de\\\/produkt\\\/vorzelt-und-markisenreiniger-awiwa-canvas-05-l-spruehflasche-version-schweiz\\\/\",\"name\":\"Vorzelt- und Markisenreiniger Awiwa canvas 0,5 l Spr\u00fchflasche Version Schweiz - Bantam Camping AG\",\"isPartOf\":{\"@id\":\"https:\\\/\\\/shop.bantam.ch\\\/de\\\/#website\"},\"primaryImageOfPage\":{\"@id\":\"https:\\\/\\\/shop.bantam.ch\\\/de\\\/produkt\\\/vorzelt-und-markisenreiniger-awiwa-canvas-05-l-spruehflasche-version-schweiz\\\/#primaryimage\"},\"image\":{\"@id\":\"https:\\\/\\\/shop.bantam.ch\\\/de\\\/produkt\\\/vorzelt-und-markisenreiniger-awiwa-canvas-05-l-spruehflasche-version-schweiz\\\/#primaryimage\"},\"thumbnailUrl\":\"https:\\\/\\\/shop.bantam.ch\\\/wp-content\\\/uploads\\\/2024\\\/09\\\/Movera-L-9935027100.png\",\"datePublished\":\"2024-05-15T13:02:32+00:00\",\"dateModified\":\"2026-04-20T21:03:21+00:00\",\"breadcrumb\":{\"@id\":\"https:\\\/\\\/shop.bantam.ch\\\/de\\\/produkt\\\/vorzelt-und-markisenreiniger-awiwa-canvas-05-l-spruehflasche-version-schweiz\\\/#breadcrumb\"},\"inLanguage\":\"de\",\"potentialAction\":[{\"@type\":\"ReadAction\",\"target\":[\"https:\\\/\\\/shop.bantam.ch\\\/de\\\/produkt\\\/vorzelt-und-markisenreiniger-awiwa-canvas-05-l-spruehflasche-version-schweiz\\\/\"]}]},{\"@type\":\"ImageObject\",\"inLanguage\":\"de\",\"@id\":\"https:\\\/\\\/shop.bantam.ch\\\/de\\\/produkt\\\/vorzelt-und-markisenreiniger-awiwa-canvas-05-l-spruehflasche-version-schweiz\\\/#primaryimage\",\"url\":\"https:\\\/\\\/shop.bantam.ch\\\/wp-content\\\/uploads\\\/2024\\\/09\\\/Movera-L-9935027100.png\",\"contentUrl\":\"https:\\\/\\\/shop.bantam.ch\\\/wp-content\\\/uploads\\\/2024\\\/09\\\/Movera-L-9935027100.png\",\"width\":640,\"height\":853},{\"@type\":\"BreadcrumbList\",\"@id\":\"https:\\\/\\\/shop.bantam.ch\\\/de\\\/produkt\\\/vorzelt-und-markisenreiniger-awiwa-canvas-05-l-spruehflasche-version-schweiz\\\/#breadcrumb\",\"itemListElement\":[{\"@type\":\"ListItem\",\"position\":1,\"name\":\"Accueil\",\"item\":\"https:\\\/\\\/shop.bantam.ch\\\/de\\\/\"},{\"@type\":\"ListItem\",\"position\":2,\"name\":\"Shop\",\"item\":\"https:\\\/\\\/shop.bantam.ch\\\/de\\\/shop\\\/\"},{\"@type\":\"ListItem\",\"position\":3,\"name\":\"Vorzelt- und Markisenreiniger Awiwa canvas 0,5 l Spr\u00fchflasche Version Schweiz\"}]},{\"@type\":\"WebSite\",\"@id\":\"https:\\\/\\\/shop.bantam.ch\\\/de\\\/#website\",\"url\":\"https:\\\/\\\/shop.bantam.ch\\\/de\\\/\",\"name\":\"Bantam Camping AG\",\"description\":\"\",\"publisher\":{\"@id\":\"https:\\\/\\\/shop.bantam.ch\\\/de\\\/#organization\"},\"inLanguage\":\"de\"},{\"@type\":\"Organization\",\"@id\":\"https:\\\/\\\/shop.bantam.ch\\\/de\\\/#organization\",\"name\":\"Bantam Camping AG\",\"url\":\"https:\\\/\\\/shop.bantam.ch\\\/de\\\/\",\"logo\":{\"@type\":\"ImageObject\",\"inLanguage\":\"de\",\"@id\":\"https:\\\/\\\/shop.bantam.ch\\\/de\\\/#\\\/schema\\\/logo\\\/image\\\/\",\"url\":\"https:\\\/\\\/shop.bantam.ch\\\/wp-content\\\/uploads\\\/2022\\\/12\\\/bantam-logo.png\",\"contentUrl\":\"https:\\\/\\\/shop.bantam.ch\\\/wp-content\\\/uploads\\\/2022\\\/12\\\/bantam-logo.png\",\"width\":320,\"height\":71,\"caption\":\"Bantam Camping AG\"},\"image\":{\"@id\":\"https:\\\/\\\/shop.bantam.ch\\\/de\\\/#\\\/schema\\\/logo\\\/image\\\/\"}}]}<\/script>\n<!-- \/ Yoast SEO plugin. -->","yoast_head_json":{"title":"Vorzelt- und Markisenreiniger Awiwa canvas 0,5 l Spr\u00fchflasche Version Schweiz - Bantam Camping AG","robots":{"index":"index","follow":"follow","max-snippet":"max-snippet:-1","max-image-preview":"max-image-preview:large","max-video-preview":"max-video-preview:-1"},"canonical":"https:\/\/shop.bantam.ch\/de\/produkt\/vorzelt-und-markisenreiniger-awiwa-canvas-05-l-spruehflasche-version-schweiz\/","og_locale":"de_DE","og_type":"article","og_title":"Vorzelt- und Markisenreiniger Awiwa canvas 0,5 l Spr\u00fchflasche Version Schweiz - Bantam Camping AG","og_description":"Der Vorzelt- und Markisenreiniger, awiwa canvas, befreit Zelte und Markisen effektiv von witterungsbedingten Verschmutzungen und Gr\u00fcnbel\u00e4gen. Markisen und Vorzelte sind eine sinnvolle Erg\u00e4nzung zum mobilen Zuhause und sehr praktisch sowohl im Sommerurlaub als auch beim Wintercamping. Weil sie intensiv Wind und Wetter ausgesetzt sind, sind Verschmutzungen und Gr\u00fcnbel\u00e4ge unvermeidbar. Doch wer seine Markise oder sein [&hellip;]","og_url":"https:\/\/shop.bantam.ch\/de\/produkt\/vorzelt-und-markisenreiniger-awiwa-canvas-05-l-spruehflasche-version-schweiz\/","og_site_name":"Bantam Camping AG","article_modified_time":"2026-04-20T21:03:21+00:00","og_image":[{"width":640,"height":853,"url":"https:\/\/shop.bantam.ch\/wp-content\/uploads\/2024\/05\/Movera-L-9935027100.png","type":"image\/png"}],"twitter_card":"summary_large_image","twitter_misc":{"Gesch\u00e4tzte Lesezeit":"2\u00a0Minuten"},"schema":{"@context":"https:\/\/schema.org","@graph":[{"@type":"WebPage","@id":"https:\/\/shop.bantam.ch\/de\/produkt\/vorzelt-und-markisenreiniger-awiwa-canvas-05-l-spruehflasche-version-schweiz\/","url":"https:\/\/shop.bantam.ch\/de\/produkt\/vorzelt-und-markisenreiniger-awiwa-canvas-05-l-spruehflasche-version-schweiz\/","name":"Vorzelt- und Markisenreiniger Awiwa canvas 0,5 l Spr\u00fchflasche Version Schweiz - Bantam Camping AG","isPartOf":{"@id":"https:\/\/shop.bantam.ch\/de\/#website"},"primaryImageOfPage":{"@id":"https:\/\/shop.bantam.ch\/de\/produkt\/vorzelt-und-markisenreiniger-awiwa-canvas-05-l-spruehflasche-version-schweiz\/#primaryimage"},"image":{"@id":"https:\/\/shop.bantam.ch\/de\/produkt\/vorzelt-und-markisenreiniger-awiwa-canvas-05-l-spruehflasche-version-schweiz\/#primaryimage"},"thumbnailUrl":"https:\/\/shop.bantam.ch\/wp-content\/uploads\/2024\/09\/Movera-L-9935027100.png","datePublished":"2024-05-15T13:02:32+00:00","dateModified":"2026-04-20T21:03:21+00:00","breadcrumb":{"@id":"https:\/\/shop.bantam.ch\/de\/produkt\/vorzelt-und-markisenreiniger-awiwa-canvas-05-l-spruehflasche-version-schweiz\/#breadcrumb"},"inLanguage":"de","potentialAction":[{"@type":"ReadAction","target":["https:\/\/shop.bantam.ch\/de\/produkt\/vorzelt-und-markisenreiniger-awiwa-canvas-05-l-spruehflasche-version-schweiz\/"]}]},{"@type":"ImageObject","inLanguage":"de","@id":"https:\/\/shop.bantam.ch\/de\/produkt\/vorzelt-und-markisenreiniger-awiwa-canvas-05-l-spruehflasche-version-schweiz\/#primaryimage","url":"https:\/\/shop.bantam.ch\/wp-content\/uploads\/2024\/09\/Movera-L-9935027100.png","contentUrl":"https:\/\/shop.bantam.ch\/wp-content\/uploads\/2024\/09\/Movera-L-9935027100.png","width":640,"height":853},{"@type":"BreadcrumbList","@id":"https:\/\/shop.bantam.ch\/de\/produkt\/vorzelt-und-markisenreiniger-awiwa-canvas-05-l-spruehflasche-version-schweiz\/#breadcrumb","itemListElement":[{"@type":"ListItem","position":1,"name":"Accueil","item":"https:\/\/shop.bantam.ch\/de\/"},{"@type":"ListItem","position":2,"name":"Shop","item":"https:\/\/shop.bantam.ch\/de\/shop\/"},{"@type":"ListItem","position":3,"name":"Vorzelt- und Markisenreiniger Awiwa canvas 0,5 l Spr\u00fchflasche Version Schweiz"}]},{"@type":"WebSite","@id":"https:\/\/shop.bantam.ch\/de\/#website","url":"https:\/\/shop.bantam.ch\/de\/","name":"Bantam Camping AG","description":"","publisher":{"@id":"https:\/\/shop.bantam.ch\/de\/#organization"},"inLanguage":"de"},{"@type":"Organization","@id":"https:\/\/shop.bantam.ch\/de\/#organization","name":"Bantam Camping AG","url":"https:\/\/shop.bantam.ch\/de\/","logo":{"@type":"ImageObject","inLanguage":"de","@id":"https:\/\/shop.bantam.ch\/de\/#\/schema\/logo\/image\/","url":"https:\/\/shop.bantam.ch\/wp-content\/uploads\/2022\/12\/bantam-logo.png","contentUrl":"https:\/\/shop.bantam.ch\/wp-content\/uploads\/2022\/12\/bantam-logo.png","width":320,"height":71,"caption":"Bantam Camping AG"},"image":{"@id":"https:\/\/shop.bantam.ch\/de\/#\/schema\/logo\/image\/"}}]}},"_links":{"self":[{"href":"https:\/\/shop.bantam.ch\/de\/wp-json\/wp\/v2\/product\/194271","targetHints":{"allow":["GET"]}}],"collection":[{"href":"https:\/\/shop.bantam.ch\/de\/wp-json\/wp\/v2\/product"}],"about":[{"href":"https:\/\/shop.bantam.ch\/de\/wp-json\/wp\/v2\/types\/product"}],"wp:featuredmedia":[{"embeddable":true,"href":"https:\/\/shop.bantam.ch\/de\/wp-json\/wp\/v2\/media\/206401"}],"wp:attachment":[{"href":"https:\/\/shop.bantam.ch\/de\/wp-json\/wp\/v2\/media?parent=194271"}],"wp:term":[{"taxonomy":"product_featured_cat","embeddable":true,"href":"https:\/\/shop.bantam.ch\/de\/wp-json\/wp\/v2\/product_featured_cat?post=194271"},{"taxonomy":"product_brand","embeddable":true,"href":"https:\/\/shop.bantam.ch\/de\/wp-json\/wp\/v2\/product_brand?post=194271"},{"taxonomy":"product_cat","embeddable":true,"href":"https:\/\/shop.bantam.ch\/de\/wp-json\/wp\/v2\/product_cat?post=194271"},{"taxonomy":"product_tag","embeddable":true,"href":"https:\/\/shop.bantam.ch\/de\/wp-json\/wp\/v2\/product_tag?post=194271"}],"curies":[{"name":"wp","href":"https:\/\/api.w.org\/{rel}","templated":true}]}}