{"id":194181,"date":"2024-05-15T14:59:08","date_gmt":"2024-05-15T12:59:08","guid":{"rendered":"https:\/\/shop.bantam.ch\/produit\/thermovorhang-hindermann-hecktuer-oberteil-iso-3-lagig\/"},"modified":"2026-04-17T23:01:46","modified_gmt":"2026-04-17T21:01:46","slug":"thermovorhang-hindermann-hecktuer-oberteil-iso-3-lagig","status":"publish","type":"product","link":"https:\/\/shop.bantam.ch\/de\/produkt\/thermovorhang-hindermann-hecktuer-oberteil-iso-3-lagig\/","title":{"rendered":"Thermovorhang HINDERMANN Heckt\u00fcr &#8211; Oberteil Iso 3-lagig"},"content":{"rendered":"<p>Mit Fensterausschnitt<br \/>\nHeckt\u00fcrisolierung Kurzvariante PREMIO<br \/>\nMit dem CamperVan auch im Winter unbeschwerte Urlaubstage genie\u00dfen. Ein tempor\u00e4rer zus\u00e4tzlicher Schutz vor K\u00e4lte, schnell montiert, erh\u00f6ht den Wohnkomfort und das Freizeitvergn\u00fcgen. Hierf\u00fcr bietet HINDERMANN ein seit vielen Jahren bew\u00e4hrtes umfangreiches Sortiment an. Um die vielseitigen, speziellen W\u00fcnsche f\u00fcr Kastenwagen zu erf\u00fcllen, haben wir unser Sortiment erweitert.<br \/>\nDie HINDERMANN Heckt\u00fcrisolierung PREMIO ist formschl\u00fcssig entsprechend des Karosserieausschnittes -H2- der Ducato Typen 250 und 290 gefertigt und leicht und schnell zu montieren. Nur bei der Erstmontage sind Druckknopfteile anzubringen und evtl. Anpassungen (wie Einschnitte oder das Abschneiden von Material\u00fcberst\u00e4nden) an die unterschiedlichen Ausbauten der Fahrzeughersteller vorzunehmen. Wird die Isolierung nicht mehr ben\u00f6tigt, wird sie zusammengerollt und im Beutel aufbewahrt.<br \/>\nHINDERMANN Heckt\u00fcrisolierung Kurzvariante PREMIO<br \/>\nmit Fensterausschnitt bis Bettunterkante, hoher T\u00fcrausschnitt H2<\/p>\n","protected":false},"excerpt":{"rendered":"<p>Mit Fensterausschnitt Heckt\u00fcrisolierung Kurzvariante PREMIO Mit dem CamperVan auch im Winter unbeschwerte Urlaubstage genie\u00dfen. Ein tempor\u00e4rer zus\u00e4tzlicher Schutz vor K\u00e4lte, schnell montiert, erh\u00f6ht den Wohnkomfort und das Freizeitvergn\u00fcgen. Hierf\u00fcr bietet HINDERMANN ein seit vielen Jahren bew\u00e4hrtes umfangreiches Sortiment an. Um die vielseitigen, speziellen W\u00fcnsche f\u00fcr Kastenwagen zu erf\u00fcllen, haben wir unser Sortiment erweitert. Die HINDERMANN [&hellip;]<\/p>\n","protected":false},"featured_media":206347,"template":"","meta":{"_acf_changed":false},"product_featured_cat":[],"product_brand":[3041],"product_cat":[4642],"product_tag":[],"class_list":{"0":"post-194181","1":"product","2":"type-product","3":"status-publish","4":"has-post-thumbnail","6":"product_brand-hindermann-de","7":"product_cat-thermomatten-vorhaenge","9":"first","10":"instock","11":"taxable","12":"shipping-taxable","13":"purchasable","14":"product-type-simple"},"acf":[],"yoast_head":"<!-- This site is optimized with the Yoast SEO plugin v27.4 - https:\/\/yoast.com\/product\/yoast-seo-wordpress\/ -->\n<title>Thermovorhang HINDERMANN Heckt\u00fcr - Oberteil Iso 3-lagig - Bantam Camping AG<\/title>\n<meta name=\"robots\" content=\"index, follow, max-snippet:-1, max-image-preview:large, max-video-preview:-1\" \/>\n<link rel=\"canonical\" href=\"https:\/\/shop.bantam.ch\/de\/produkt\/thermovorhang-hindermann-hecktuer-oberteil-iso-3-lagig\/\" \/>\n<meta property=\"og:locale\" content=\"de_DE\" \/>\n<meta property=\"og:type\" content=\"article\" \/>\n<meta property=\"og:title\" content=\"Thermovorhang HINDERMANN Heckt\u00fcr - Oberteil Iso 3-lagig - Bantam Camping AG\" \/>\n<meta property=\"og:description\" content=\"Mit Fensterausschnitt Heckt\u00fcrisolierung Kurzvariante PREMIO Mit dem CamperVan auch im Winter unbeschwerte Urlaubstage genie\u00dfen. Ein tempor\u00e4rer zus\u00e4tzlicher Schutz vor K\u00e4lte, schnell montiert, erh\u00f6ht den Wohnkomfort und das Freizeitvergn\u00fcgen. Hierf\u00fcr bietet HINDERMANN ein seit vielen Jahren bew\u00e4hrtes umfangreiches Sortiment an. Um die vielseitigen, speziellen W\u00fcnsche f\u00fcr Kastenwagen zu erf\u00fcllen, haben wir unser Sortiment erweitert. Die HINDERMANN [&hellip;]\" \/>\n<meta property=\"og:url\" content=\"https:\/\/shop.bantam.ch\/de\/produkt\/thermovorhang-hindermann-hecktuer-oberteil-iso-3-lagig\/\" \/>\n<meta property=\"og:site_name\" content=\"Bantam Camping AG\" \/>\n<meta property=\"article:modified_time\" content=\"2026-04-17T21:01:46+00:00\" \/>\n<meta name=\"twitter:card\" content=\"summary_large_image\" \/>\n<meta name=\"twitter:label1\" content=\"Gesch\u00e4tzte Lesezeit\" \/>\n\t<meta name=\"twitter:data1\" content=\"1\u00a0Minute\" \/>\n<script type=\"application\/ld+json\" class=\"yoast-schema-graph\">{\"@context\":\"https:\\\/\\\/schema.org\",\"@graph\":[{\"@type\":\"WebPage\",\"@id\":\"https:\\\/\\\/shop.bantam.ch\\\/de\\\/produkt\\\/thermovorhang-hindermann-hecktuer-oberteil-iso-3-lagig\\\/\",\"url\":\"https:\\\/\\\/shop.bantam.ch\\\/de\\\/produkt\\\/thermovorhang-hindermann-hecktuer-oberteil-iso-3-lagig\\\/\",\"name\":\"Thermovorhang HINDERMANN Heckt\u00fcr - Oberteil Iso 3-lagig - Bantam Camping AG\",\"isPartOf\":{\"@id\":\"https:\\\/\\\/shop.bantam.ch\\\/de\\\/#website\"},\"primaryImageOfPage\":{\"@id\":\"https:\\\/\\\/shop.bantam.ch\\\/de\\\/produkt\\\/thermovorhang-hindermann-hecktuer-oberteil-iso-3-lagig\\\/#primaryimage\"},\"image\":{\"@id\":\"https:\\\/\\\/shop.bantam.ch\\\/de\\\/produkt\\\/thermovorhang-hindermann-hecktuer-oberteil-iso-3-lagig\\\/#primaryimage\"},\"thumbnailUrl\":\"https:\\\/\\\/shop.bantam.ch\\\/wp-content\\\/uploads\\\/2024\\\/09\\\/Movera-L-9946527100.jpg\",\"datePublished\":\"2024-05-15T12:59:08+00:00\",\"dateModified\":\"2026-04-17T21:01:46+00:00\",\"breadcrumb\":{\"@id\":\"https:\\\/\\\/shop.bantam.ch\\\/de\\\/produkt\\\/thermovorhang-hindermann-hecktuer-oberteil-iso-3-lagig\\\/#breadcrumb\"},\"inLanguage\":\"de\",\"potentialAction\":[{\"@type\":\"ReadAction\",\"target\":[\"https:\\\/\\\/shop.bantam.ch\\\/de\\\/produkt\\\/thermovorhang-hindermann-hecktuer-oberteil-iso-3-lagig\\\/\"]}]},{\"@type\":\"ImageObject\",\"inLanguage\":\"de\",\"@id\":\"https:\\\/\\\/shop.bantam.ch\\\/de\\\/produkt\\\/thermovorhang-hindermann-hecktuer-oberteil-iso-3-lagig\\\/#primaryimage\",\"url\":\"https:\\\/\\\/shop.bantam.ch\\\/wp-content\\\/uploads\\\/2024\\\/09\\\/Movera-L-9946527100.jpg\",\"contentUrl\":\"https:\\\/\\\/shop.bantam.ch\\\/wp-content\\\/uploads\\\/2024\\\/09\\\/Movera-L-9946527100.jpg\",\"width\":640,\"height\":427},{\"@type\":\"BreadcrumbList\",\"@id\":\"https:\\\/\\\/shop.bantam.ch\\\/de\\\/produkt\\\/thermovorhang-hindermann-hecktuer-oberteil-iso-3-lagig\\\/#breadcrumb\",\"itemListElement\":[{\"@type\":\"ListItem\",\"position\":1,\"name\":\"Accueil\",\"item\":\"https:\\\/\\\/shop.bantam.ch\\\/de\\\/\"},{\"@type\":\"ListItem\",\"position\":2,\"name\":\"Shop\",\"item\":\"https:\\\/\\\/shop.bantam.ch\\\/de\\\/shop\\\/\"},{\"@type\":\"ListItem\",\"position\":3,\"name\":\"Thermovorhang HINDERMANN Heckt\u00fcr &#8211; Oberteil Iso 3-lagig\"}]},{\"@type\":\"WebSite\",\"@id\":\"https:\\\/\\\/shop.bantam.ch\\\/de\\\/#website\",\"url\":\"https:\\\/\\\/shop.bantam.ch\\\/de\\\/\",\"name\":\"Bantam Camping AG\",\"description\":\"\",\"publisher\":{\"@id\":\"https:\\\/\\\/shop.bantam.ch\\\/de\\\/#organization\"},\"inLanguage\":\"de\"},{\"@type\":\"Organization\",\"@id\":\"https:\\\/\\\/shop.bantam.ch\\\/de\\\/#organization\",\"name\":\"Bantam Camping AG\",\"url\":\"https:\\\/\\\/shop.bantam.ch\\\/de\\\/\",\"logo\":{\"@type\":\"ImageObject\",\"inLanguage\":\"de\",\"@id\":\"https:\\\/\\\/shop.bantam.ch\\\/de\\\/#\\\/schema\\\/logo\\\/image\\\/\",\"url\":\"https:\\\/\\\/shop.bantam.ch\\\/wp-content\\\/uploads\\\/2022\\\/12\\\/bantam-logo.png\",\"contentUrl\":\"https:\\\/\\\/shop.bantam.ch\\\/wp-content\\\/uploads\\\/2022\\\/12\\\/bantam-logo.png\",\"width\":320,\"height\":71,\"caption\":\"Bantam Camping AG\"},\"image\":{\"@id\":\"https:\\\/\\\/shop.bantam.ch\\\/de\\\/#\\\/schema\\\/logo\\\/image\\\/\"}}]}<\/script>\n<!-- \/ Yoast SEO plugin. -->","yoast_head_json":{"title":"Thermovorhang HINDERMANN Heckt\u00fcr - Oberteil Iso 3-lagig - Bantam Camping AG","robots":{"index":"index","follow":"follow","max-snippet":"max-snippet:-1","max-image-preview":"max-image-preview:large","max-video-preview":"max-video-preview:-1"},"canonical":"https:\/\/shop.bantam.ch\/de\/produkt\/thermovorhang-hindermann-hecktuer-oberteil-iso-3-lagig\/","og_locale":"de_DE","og_type":"article","og_title":"Thermovorhang HINDERMANN Heckt\u00fcr - Oberteil Iso 3-lagig - Bantam Camping AG","og_description":"Mit Fensterausschnitt Heckt\u00fcrisolierung Kurzvariante PREMIO Mit dem CamperVan auch im Winter unbeschwerte Urlaubstage genie\u00dfen. Ein tempor\u00e4rer zus\u00e4tzlicher Schutz vor K\u00e4lte, schnell montiert, erh\u00f6ht den Wohnkomfort und das Freizeitvergn\u00fcgen. Hierf\u00fcr bietet HINDERMANN ein seit vielen Jahren bew\u00e4hrtes umfangreiches Sortiment an. Um die vielseitigen, speziellen W\u00fcnsche f\u00fcr Kastenwagen zu erf\u00fcllen, haben wir unser Sortiment erweitert. Die HINDERMANN [&hellip;]","og_url":"https:\/\/shop.bantam.ch\/de\/produkt\/thermovorhang-hindermann-hecktuer-oberteil-iso-3-lagig\/","og_site_name":"Bantam Camping AG","article_modified_time":"2026-04-17T21:01:46+00:00","twitter_card":"summary_large_image","twitter_misc":{"Gesch\u00e4tzte Lesezeit":"1\u00a0Minute"},"schema":{"@context":"https:\/\/schema.org","@graph":[{"@type":"WebPage","@id":"https:\/\/shop.bantam.ch\/de\/produkt\/thermovorhang-hindermann-hecktuer-oberteil-iso-3-lagig\/","url":"https:\/\/shop.bantam.ch\/de\/produkt\/thermovorhang-hindermann-hecktuer-oberteil-iso-3-lagig\/","name":"Thermovorhang HINDERMANN Heckt\u00fcr - Oberteil Iso 3-lagig - Bantam Camping AG","isPartOf":{"@id":"https:\/\/shop.bantam.ch\/de\/#website"},"primaryImageOfPage":{"@id":"https:\/\/shop.bantam.ch\/de\/produkt\/thermovorhang-hindermann-hecktuer-oberteil-iso-3-lagig\/#primaryimage"},"image":{"@id":"https:\/\/shop.bantam.ch\/de\/produkt\/thermovorhang-hindermann-hecktuer-oberteil-iso-3-lagig\/#primaryimage"},"thumbnailUrl":"https:\/\/shop.bantam.ch\/wp-content\/uploads\/2024\/09\/Movera-L-9946527100.jpg","datePublished":"2024-05-15T12:59:08+00:00","dateModified":"2026-04-17T21:01:46+00:00","breadcrumb":{"@id":"https:\/\/shop.bantam.ch\/de\/produkt\/thermovorhang-hindermann-hecktuer-oberteil-iso-3-lagig\/#breadcrumb"},"inLanguage":"de","potentialAction":[{"@type":"ReadAction","target":["https:\/\/shop.bantam.ch\/de\/produkt\/thermovorhang-hindermann-hecktuer-oberteil-iso-3-lagig\/"]}]},{"@type":"ImageObject","inLanguage":"de","@id":"https:\/\/shop.bantam.ch\/de\/produkt\/thermovorhang-hindermann-hecktuer-oberteil-iso-3-lagig\/#primaryimage","url":"https:\/\/shop.bantam.ch\/wp-content\/uploads\/2024\/09\/Movera-L-9946527100.jpg","contentUrl":"https:\/\/shop.bantam.ch\/wp-content\/uploads\/2024\/09\/Movera-L-9946527100.jpg","width":640,"height":427},{"@type":"BreadcrumbList","@id":"https:\/\/shop.bantam.ch\/de\/produkt\/thermovorhang-hindermann-hecktuer-oberteil-iso-3-lagig\/#breadcrumb","itemListElement":[{"@type":"ListItem","position":1,"name":"Accueil","item":"https:\/\/shop.bantam.ch\/de\/"},{"@type":"ListItem","position":2,"name":"Shop","item":"https:\/\/shop.bantam.ch\/de\/shop\/"},{"@type":"ListItem","position":3,"name":"Thermovorhang HINDERMANN Heckt\u00fcr &#8211; Oberteil Iso 3-lagig"}]},{"@type":"WebSite","@id":"https:\/\/shop.bantam.ch\/de\/#website","url":"https:\/\/shop.bantam.ch\/de\/","name":"Bantam Camping AG","description":"","publisher":{"@id":"https:\/\/shop.bantam.ch\/de\/#organization"},"inLanguage":"de"},{"@type":"Organization","@id":"https:\/\/shop.bantam.ch\/de\/#organization","name":"Bantam Camping AG","url":"https:\/\/shop.bantam.ch\/de\/","logo":{"@type":"ImageObject","inLanguage":"de","@id":"https:\/\/shop.bantam.ch\/de\/#\/schema\/logo\/image\/","url":"https:\/\/shop.bantam.ch\/wp-content\/uploads\/2022\/12\/bantam-logo.png","contentUrl":"https:\/\/shop.bantam.ch\/wp-content\/uploads\/2022\/12\/bantam-logo.png","width":320,"height":71,"caption":"Bantam Camping AG"},"image":{"@id":"https:\/\/shop.bantam.ch\/de\/#\/schema\/logo\/image\/"}}]}},"_links":{"self":[{"href":"https:\/\/shop.bantam.ch\/de\/wp-json\/wp\/v2\/product\/194181","targetHints":{"allow":["GET"]}}],"collection":[{"href":"https:\/\/shop.bantam.ch\/de\/wp-json\/wp\/v2\/product"}],"about":[{"href":"https:\/\/shop.bantam.ch\/de\/wp-json\/wp\/v2\/types\/product"}],"wp:featuredmedia":[{"embeddable":true,"href":"https:\/\/shop.bantam.ch\/de\/wp-json\/wp\/v2\/media\/206347"}],"wp:attachment":[{"href":"https:\/\/shop.bantam.ch\/de\/wp-json\/wp\/v2\/media?parent=194181"}],"wp:term":[{"taxonomy":"product_featured_cat","embeddable":true,"href":"https:\/\/shop.bantam.ch\/de\/wp-json\/wp\/v2\/product_featured_cat?post=194181"},{"taxonomy":"product_brand","embeddable":true,"href":"https:\/\/shop.bantam.ch\/de\/wp-json\/wp\/v2\/product_brand?post=194181"},{"taxonomy":"product_cat","embeddable":true,"href":"https:\/\/shop.bantam.ch\/de\/wp-json\/wp\/v2\/product_cat?post=194181"},{"taxonomy":"product_tag","embeddable":true,"href":"https:\/\/shop.bantam.ch\/de\/wp-json\/wp\/v2\/product_tag?post=194181"}],"curies":[{"name":"wp","href":"https:\/\/api.w.org\/{rel}","templated":true}]}}