{"id":194151,"date":"2024-05-15T14:57:40","date_gmt":"2024-05-15T12:57:40","guid":{"rendered":"https:\/\/shop.bantam.ch\/produit\/air-lift-ausgleichskissen\/"},"modified":"2026-04-29T01:01:32","modified_gmt":"2026-04-28T23:01:32","slug":"air-lift-ausgleichskissen","status":"publish","type":"product","link":"https:\/\/shop.bantam.ch\/de\/produkt\/air-lift-ausgleichskissen\/","title":{"rendered":"Air-Lift Ausgleichskissen"},"content":{"rendered":"<p>Das EMUK Air-Lift ist ein hochbelastbares, verschlei\u00dffestes, benzin-, \u00f6l- und s\u00e4urefestes Druckluft-Hebekissen, welches speziell f\u00fcr Wohnmobile und Wohnwagen entwickelt wurde.<br \/>\nAlle Bodenunebenheiten und H\u00f6henunterschiede des Untergrundes k\u00f6nnen stufenlos von 1,5 cm bis 20 cm ausgeglichen werden. Die Tragkraft des EMUK Air-Lift betr\u00e4gt 15 Tonnen und schl\u00e4gt dabei alle bisherigen Bestwerte im Vergleich mit herk\u00f6mmlichen Ausgleichskeilen.<\/p>\n<p>Eigenschaften:<\/p>\n<ul>\n<li>Min. H\u00f6he unaufgeblasen: 1,5 cm<\/li>\n<li>Volumen unaufgeblasen: 3,6 L<\/li>\n<li>Bef\u00fcllen &amp; Entl\u00fcften: 1 Autoventil<\/li>\n<li>Drucktest gepr\u00fcft: 48 h bei 6 bar<\/li>\n<li>-20 \u00b0C bis +60 \u00b0C Temperaturbereich<\/li>\n<\/ul>\n","protected":false},"excerpt":{"rendered":"<p>Das EMUK Air-Lift ist ein hochbelastbares, verschlei\u00dffestes, benzin-, \u00f6l- und s\u00e4urefestes Druckluft-Hebekissen, welches speziell f\u00fcr Wohnmobile und Wohnwagen entwickelt wurde. Alle Bodenunebenheiten und H\u00f6henunterschiede des Untergrundes k\u00f6nnen stufenlos von 1,5 cm bis 20 cm ausgeglichen werden. Die Tragkraft des EMUK Air-Lift betr\u00e4gt 15 Tonnen und schl\u00e4gt dabei alle bisherigen Bestwerte im Vergleich mit herk\u00f6mmlichen Ausgleichskeilen. [&hellip;]<\/p>\n","protected":false},"featured_media":194135,"template":"","meta":{"_acf_changed":false},"product_featured_cat":[],"product_brand":[3145],"product_cat":[4770,4776],"product_tag":[],"class_list":{"0":"post-194151","1":"product","2":"type-product","3":"status-publish","4":"has-post-thumbnail","6":"product_brand-emuk-de","7":"product_cat-auffahrkeile","8":"product_cat-steckstuetzen","10":"first","11":"instock","12":"taxable","13":"shipping-taxable","14":"purchasable","15":"product-type-variable"},"acf":[],"yoast_head":"<!-- This site is optimized with the Yoast SEO plugin v27.4 - https:\/\/yoast.com\/product\/yoast-seo-wordpress\/ -->\n<title>Air-Lift Ausgleichskissen - Bantam<\/title>\n<meta name=\"robots\" content=\"index, follow, max-snippet:-1, max-image-preview:large, max-video-preview:-1\" \/>\n<link rel=\"canonical\" href=\"https:\/\/shop.bantam.ch\/de\/produkt\/air-lift-ausgleichskissen\/\" \/>\n<meta property=\"og:locale\" content=\"de_DE\" \/>\n<meta property=\"og:type\" content=\"article\" \/>\n<meta property=\"og:title\" content=\"Air-Lift Ausgleichskissen - Bantam\" \/>\n<meta property=\"og:description\" content=\"Das EMUK Air-Lift ist ein hochbelastbares, verschlei\u00dffestes, benzin-, \u00f6l- und s\u00e4urefestes Druckluft-Hebekissen, welches speziell f\u00fcr Wohnmobile und Wohnwagen entwickelt wurde. Alle Bodenunebenheiten und H\u00f6henunterschiede des Untergrundes k\u00f6nnen stufenlos von 1,5 cm bis 20 cm ausgeglichen werden. Die Tragkraft des EMUK Air-Lift betr\u00e4gt 15 Tonnen und schl\u00e4gt dabei alle bisherigen Bestwerte im Vergleich mit herk\u00f6mmlichen Ausgleichskeilen. [&hellip;]\" \/>\n<meta property=\"og:url\" content=\"https:\/\/shop.bantam.ch\/de\/produkt\/air-lift-ausgleichskissen\/\" \/>\n<meta property=\"og:site_name\" content=\"Bantam\" \/>\n<meta property=\"article:modified_time\" content=\"2026-04-28T23:01:32+00:00\" \/>\n<meta property=\"og:image\" content=\"https:\/\/shop.bantam.ch\/wp-content\/uploads\/2024\/05\/Movera-L-0106880100.jpg\" \/>\n\t<meta property=\"og:image:width\" content=\"640\" \/>\n\t<meta property=\"og:image:height\" content=\"427\" \/>\n\t<meta property=\"og:image:type\" content=\"image\/jpeg\" \/>\n<meta name=\"twitter:card\" content=\"summary_large_image\" \/>\n<script type=\"application\/ld+json\" class=\"yoast-schema-graph\">{\"@context\":\"https:\\\/\\\/schema.org\",\"@graph\":[{\"@type\":\"WebPage\",\"@id\":\"https:\\\/\\\/shop.bantam.ch\\\/de\\\/produkt\\\/air-lift-ausgleichskissen\\\/\",\"url\":\"https:\\\/\\\/shop.bantam.ch\\\/de\\\/produkt\\\/air-lift-ausgleichskissen\\\/\",\"name\":\"Air-Lift Ausgleichskissen - Bantam\",\"isPartOf\":{\"@id\":\"https:\\\/\\\/shop.bantam.ch\\\/de\\\/#website\"},\"primaryImageOfPage\":{\"@id\":\"https:\\\/\\\/shop.bantam.ch\\\/de\\\/produkt\\\/air-lift-ausgleichskissen\\\/#primaryimage\"},\"image\":{\"@id\":\"https:\\\/\\\/shop.bantam.ch\\\/de\\\/produkt\\\/air-lift-ausgleichskissen\\\/#primaryimage\"},\"thumbnailUrl\":\"https:\\\/\\\/shop.bantam.ch\\\/wp-content\\\/uploads\\\/2024\\\/05\\\/Movera-L-0106880100.jpg\",\"datePublished\":\"2024-05-15T12:57:40+00:00\",\"dateModified\":\"2026-04-28T23:01:32+00:00\",\"breadcrumb\":{\"@id\":\"https:\\\/\\\/shop.bantam.ch\\\/de\\\/produkt\\\/air-lift-ausgleichskissen\\\/#breadcrumb\"},\"inLanguage\":\"de\",\"potentialAction\":[{\"@type\":\"ReadAction\",\"target\":[\"https:\\\/\\\/shop.bantam.ch\\\/de\\\/produkt\\\/air-lift-ausgleichskissen\\\/\"]}]},{\"@type\":\"ImageObject\",\"inLanguage\":\"de\",\"@id\":\"https:\\\/\\\/shop.bantam.ch\\\/de\\\/produkt\\\/air-lift-ausgleichskissen\\\/#primaryimage\",\"url\":\"https:\\\/\\\/shop.bantam.ch\\\/wp-content\\\/uploads\\\/2024\\\/05\\\/Movera-L-0106880100.jpg\",\"contentUrl\":\"https:\\\/\\\/shop.bantam.ch\\\/wp-content\\\/uploads\\\/2024\\\/05\\\/Movera-L-0106880100.jpg\",\"width\":640,\"height\":427},{\"@type\":\"BreadcrumbList\",\"@id\":\"https:\\\/\\\/shop.bantam.ch\\\/de\\\/produkt\\\/air-lift-ausgleichskissen\\\/#breadcrumb\",\"itemListElement\":[{\"@type\":\"ListItem\",\"position\":1,\"name\":\"Accueil\",\"item\":\"https:\\\/\\\/shop.bantam.ch\\\/de\\\/\"},{\"@type\":\"ListItem\",\"position\":2,\"name\":\"Shop\",\"item\":\"https:\\\/\\\/shop.bantam.ch\\\/de\\\/shop\\\/\"},{\"@type\":\"ListItem\",\"position\":3,\"name\":\"Air-Lift Ausgleichskissen\"}]},{\"@type\":\"WebSite\",\"@id\":\"https:\\\/\\\/shop.bantam.ch\\\/de\\\/#website\",\"url\":\"https:\\\/\\\/shop.bantam.ch\\\/de\\\/\",\"name\":\"Bantam\",\"description\":\"\",\"publisher\":{\"@id\":\"https:\\\/\\\/shop.bantam.ch\\\/de\\\/#organization\"},\"inLanguage\":\"de\"},{\"@type\":\"Organization\",\"@id\":\"https:\\\/\\\/shop.bantam.ch\\\/de\\\/#organization\",\"name\":\"Bantam\",\"url\":\"https:\\\/\\\/shop.bantam.ch\\\/de\\\/\",\"logo\":{\"@type\":\"ImageObject\",\"inLanguage\":\"de\",\"@id\":\"https:\\\/\\\/shop.bantam.ch\\\/de\\\/#\\\/schema\\\/logo\\\/image\\\/\",\"url\":\"https:\\\/\\\/shop.bantam.ch\\\/wp-content\\\/uploads\\\/2022\\\/12\\\/bantam-logo.png\",\"contentUrl\":\"https:\\\/\\\/shop.bantam.ch\\\/wp-content\\\/uploads\\\/2022\\\/12\\\/bantam-logo.png\",\"width\":320,\"height\":71,\"caption\":\"Bantam\"},\"image\":{\"@id\":\"https:\\\/\\\/shop.bantam.ch\\\/de\\\/#\\\/schema\\\/logo\\\/image\\\/\"}}]}<\/script>\n<!-- \/ Yoast SEO plugin. -->","yoast_head_json":{"title":"Air-Lift Ausgleichskissen - Bantam","robots":{"index":"index","follow":"follow","max-snippet":"max-snippet:-1","max-image-preview":"max-image-preview:large","max-video-preview":"max-video-preview:-1"},"canonical":"https:\/\/shop.bantam.ch\/de\/produkt\/air-lift-ausgleichskissen\/","og_locale":"de_DE","og_type":"article","og_title":"Air-Lift Ausgleichskissen - Bantam","og_description":"Das EMUK Air-Lift ist ein hochbelastbares, verschlei\u00dffestes, benzin-, \u00f6l- und s\u00e4urefestes Druckluft-Hebekissen, welches speziell f\u00fcr Wohnmobile und Wohnwagen entwickelt wurde. Alle Bodenunebenheiten und H\u00f6henunterschiede des Untergrundes k\u00f6nnen stufenlos von 1,5 cm bis 20 cm ausgeglichen werden. Die Tragkraft des EMUK Air-Lift betr\u00e4gt 15 Tonnen und schl\u00e4gt dabei alle bisherigen Bestwerte im Vergleich mit herk\u00f6mmlichen Ausgleichskeilen. [&hellip;]","og_url":"https:\/\/shop.bantam.ch\/de\/produkt\/air-lift-ausgleichskissen\/","og_site_name":"Bantam","article_modified_time":"2026-04-28T23:01:32+00:00","og_image":[{"width":640,"height":427,"url":"https:\/\/shop.bantam.ch\/wp-content\/uploads\/2024\/05\/Movera-L-0106880100.jpg","type":"image\/jpeg"}],"twitter_card":"summary_large_image","schema":{"@context":"https:\/\/schema.org","@graph":[{"@type":"WebPage","@id":"https:\/\/shop.bantam.ch\/de\/produkt\/air-lift-ausgleichskissen\/","url":"https:\/\/shop.bantam.ch\/de\/produkt\/air-lift-ausgleichskissen\/","name":"Air-Lift Ausgleichskissen - Bantam","isPartOf":{"@id":"https:\/\/shop.bantam.ch\/de\/#website"},"primaryImageOfPage":{"@id":"https:\/\/shop.bantam.ch\/de\/produkt\/air-lift-ausgleichskissen\/#primaryimage"},"image":{"@id":"https:\/\/shop.bantam.ch\/de\/produkt\/air-lift-ausgleichskissen\/#primaryimage"},"thumbnailUrl":"https:\/\/shop.bantam.ch\/wp-content\/uploads\/2024\/05\/Movera-L-0106880100.jpg","datePublished":"2024-05-15T12:57:40+00:00","dateModified":"2026-04-28T23:01:32+00:00","breadcrumb":{"@id":"https:\/\/shop.bantam.ch\/de\/produkt\/air-lift-ausgleichskissen\/#breadcrumb"},"inLanguage":"de","potentialAction":[{"@type":"ReadAction","target":["https:\/\/shop.bantam.ch\/de\/produkt\/air-lift-ausgleichskissen\/"]}]},{"@type":"ImageObject","inLanguage":"de","@id":"https:\/\/shop.bantam.ch\/de\/produkt\/air-lift-ausgleichskissen\/#primaryimage","url":"https:\/\/shop.bantam.ch\/wp-content\/uploads\/2024\/05\/Movera-L-0106880100.jpg","contentUrl":"https:\/\/shop.bantam.ch\/wp-content\/uploads\/2024\/05\/Movera-L-0106880100.jpg","width":640,"height":427},{"@type":"BreadcrumbList","@id":"https:\/\/shop.bantam.ch\/de\/produkt\/air-lift-ausgleichskissen\/#breadcrumb","itemListElement":[{"@type":"ListItem","position":1,"name":"Accueil","item":"https:\/\/shop.bantam.ch\/de\/"},{"@type":"ListItem","position":2,"name":"Shop","item":"https:\/\/shop.bantam.ch\/de\/shop\/"},{"@type":"ListItem","position":3,"name":"Air-Lift Ausgleichskissen"}]},{"@type":"WebSite","@id":"https:\/\/shop.bantam.ch\/de\/#website","url":"https:\/\/shop.bantam.ch\/de\/","name":"Bantam","description":"","publisher":{"@id":"https:\/\/shop.bantam.ch\/de\/#organization"},"inLanguage":"de"},{"@type":"Organization","@id":"https:\/\/shop.bantam.ch\/de\/#organization","name":"Bantam","url":"https:\/\/shop.bantam.ch\/de\/","logo":{"@type":"ImageObject","inLanguage":"de","@id":"https:\/\/shop.bantam.ch\/de\/#\/schema\/logo\/image\/","url":"https:\/\/shop.bantam.ch\/wp-content\/uploads\/2022\/12\/bantam-logo.png","contentUrl":"https:\/\/shop.bantam.ch\/wp-content\/uploads\/2022\/12\/bantam-logo.png","width":320,"height":71,"caption":"Bantam"},"image":{"@id":"https:\/\/shop.bantam.ch\/de\/#\/schema\/logo\/image\/"}}]}},"_links":{"self":[{"href":"https:\/\/shop.bantam.ch\/de\/wp-json\/wp\/v2\/product\/194151","targetHints":{"allow":["GET"]}}],"collection":[{"href":"https:\/\/shop.bantam.ch\/de\/wp-json\/wp\/v2\/product"}],"about":[{"href":"https:\/\/shop.bantam.ch\/de\/wp-json\/wp\/v2\/types\/product"}],"wp:featuredmedia":[{"embeddable":true,"href":"https:\/\/shop.bantam.ch\/de\/wp-json\/wp\/v2\/media\/194135"}],"wp:attachment":[{"href":"https:\/\/shop.bantam.ch\/de\/wp-json\/wp\/v2\/media?parent=194151"}],"wp:term":[{"taxonomy":"product_featured_cat","embeddable":true,"href":"https:\/\/shop.bantam.ch\/de\/wp-json\/wp\/v2\/product_featured_cat?post=194151"},{"taxonomy":"product_brand","embeddable":true,"href":"https:\/\/shop.bantam.ch\/de\/wp-json\/wp\/v2\/product_brand?post=194151"},{"taxonomy":"product_cat","embeddable":true,"href":"https:\/\/shop.bantam.ch\/de\/wp-json\/wp\/v2\/product_cat?post=194151"},{"taxonomy":"product_tag","embeddable":true,"href":"https:\/\/shop.bantam.ch\/de\/wp-json\/wp\/v2\/product_tag?post=194151"}],"curies":[{"name":"wp","href":"https:\/\/api.w.org\/{rel}","templated":true}]}}