{"id":194053,"date":"2024-05-15T14:53:45","date_gmt":"2024-05-15T12:53:45","guid":{"rendered":"https:\/\/shop.bantam.ch\/produit\/verbindbares-sonnensegel-simex-farbe-oker-tc-zip-protect-canvas-single\/"},"modified":"2026-05-02T22:57:28","modified_gmt":"2026-05-02T20:57:28","slug":"verbindbares-sonnensegel-simex-farbe-oker-tc-zip-protect-canvas-single","status":"publish","type":"product","link":"https:\/\/shop.bantam.ch\/de\/produkt\/verbindbares-sonnensegel-simex-farbe-oker-tc-zip-protect-canvas-single\/","title":{"rendered":"Verbindbares Sonnensegel SIMEX Farbe oker TC-Zip-Protect Canvas Single"},"content":{"rendered":"<p>Das BENT verbindbare Sonnensegel TC-Zip-Protect Canvas &nbsp;ist modular, funktional, variabel und gl\u00e4nzt durch einfache Handhabung.&nbsp;<br \/>\nHergestellt aus einem robusten Polyester Baumwoll Mischgewebe ( TC 65\/35) 210g\/m\u00b2. Das TC-Zip-Protect Canvas zeichnet sich durch seine sehr hohe UV-Resistenz aus und macht das Sonnensegel besonders geeignet f\u00fcr sonnenreiche Regionen und Langzeit-Eins\u00e4tze. Das TC-Gewebe ist WR ausger\u00fcstet mit einer Wassers\u00e4ule von 450mm. Die aufquellenden Baumwollf\u00e4den im Gewebe sorgen daf\u00fcr, dass das TC-Zip-Protect Canvas wasserdicht ist.&nbsp;<\/p>\n<p>Das verbindbare Sonnensegel TC Zip-Protect Canvas ist ein Erg\u00e4nzungsprodukt innerhalb der BENT Familie mit Rei\u00dfverschluss-Abdeckklappen an jeder Seite des dreieckigen Sonnensegels. Dies erm\u00f6glicht es bei Regen die Rei\u00dfverschlussverbindungen das Dach der modernen Lounge nahezu wasserdicht abzuschlie\u00dfen.&nbsp;<br \/>\nDie gleichschenklige Dreieckskonstruktion und die verst\u00e4rkte Eckenkonstruktion erm\u00f6glichen ein optimales Abspannen des Sonnensegels.<br \/>\nPraktischer, robuster 150 D Polyester Packsack mit Schnellverschluss, Schulterb\u00e4ndern und kleinem Packma\u00df f\u00fcr den leichten Transport.&nbsp;<br \/>\nIdeal als Fahrzeugvordach oder f\u00fcr Camping, Caravaning, am Strand, im Garten, bei Festivals oder beim Chillen.<br \/>\nBENT setzt sich bewusst f\u00fcr \u00f6kologische Nachhaltigkeit ein und vermeidet den Einsatz von umweltsch\u00e4dlichen Perfluorcarbonen (PFC) bei wasserabweisenden Beschichtungen.<\/p>\n<p>Gr\u00f6\u00dfe: 250 x 250 x 250 cm<br \/>\nGewicht: ca. 1.150g<br \/>\nPackma\u00df: 55 x 14 x 9 cm<br \/>\nLieferumfang: 1 Sonnensegel, 1 Tragetasche mit Kordelzug, 3 Abspannleinen mit Aluminium Dreilochspanner inkl. Beutel, Gest\u00e4nge-Tasche und Grundplatte f\u00fcr optionales Gest\u00e4nge.<\/p>\n","protected":false},"excerpt":{"rendered":"<p>Das BENT verbindbare Sonnensegel TC-Zip-Protect Canvas &nbsp;ist modular, funktional, variabel und gl\u00e4nzt durch einfache Handhabung.&nbsp; Hergestellt aus einem robusten Polyester Baumwoll Mischgewebe ( TC 65\/35) 210g\/m\u00b2. Das TC-Zip-Protect Canvas zeichnet sich durch seine sehr hohe UV-Resistenz aus und macht das Sonnensegel besonders geeignet f\u00fcr sonnenreiche Regionen und Langzeit-Eins\u00e4tze. Das TC-Gewebe ist WR ausger\u00fcstet mit einer [&hellip;]<\/p>\n","protected":false},"featured_media":206303,"template":"","meta":{"_acf_changed":false},"product_featured_cat":[],"product_brand":[3639],"product_cat":[4250],"product_tag":[],"class_list":{"0":"post-194053","1":"product","2":"type-product","3":"status-publish","4":"has-post-thumbnail","6":"product_brand-bent-de","7":"product_cat-sonnendaecher-segel-und-tarps-fuers-camping","9":"first","10":"instock","11":"taxable","12":"shipping-taxable","13":"purchasable","14":"product-type-simple"},"acf":[],"yoast_head":"<!-- This site is optimized with the Yoast SEO plugin v27.5 - https:\/\/yoast.com\/product\/yoast-seo-wordpress\/ -->\n<title>Verbindbares Sonnensegel SIMEX Farbe oker TC-Zip-Protect Canvas Single - Bantam<\/title>\n<meta name=\"robots\" content=\"index, follow, max-snippet:-1, max-image-preview:large, max-video-preview:-1\" \/>\n<link rel=\"canonical\" href=\"https:\/\/shop.bantam.ch\/de\/produkt\/verbindbares-sonnensegel-simex-farbe-oker-tc-zip-protect-canvas-single\/\" \/>\n<meta property=\"og:locale\" content=\"de_DE\" \/>\n<meta property=\"og:type\" content=\"article\" \/>\n<meta property=\"og:title\" content=\"Verbindbares Sonnensegel SIMEX Farbe oker TC-Zip-Protect Canvas Single - Bantam\" \/>\n<meta property=\"og:description\" content=\"Das BENT verbindbare Sonnensegel TC-Zip-Protect Canvas &nbsp;ist modular, funktional, variabel und gl\u00e4nzt durch einfache Handhabung.&nbsp; Hergestellt aus einem robusten Polyester Baumwoll Mischgewebe ( TC 65\/35) 210g\/m\u00b2. Das TC-Zip-Protect Canvas zeichnet sich durch seine sehr hohe UV-Resistenz aus und macht das Sonnensegel besonders geeignet f\u00fcr sonnenreiche Regionen und Langzeit-Eins\u00e4tze. Das TC-Gewebe ist WR ausger\u00fcstet mit einer [&hellip;]\" \/>\n<meta property=\"og:url\" content=\"https:\/\/shop.bantam.ch\/de\/produkt\/verbindbares-sonnensegel-simex-farbe-oker-tc-zip-protect-canvas-single\/\" \/>\n<meta property=\"og:site_name\" content=\"Bantam\" \/>\n<meta property=\"article:modified_time\" content=\"2026-05-02T20:57:28+00:00\" \/>\n<meta property=\"og:image\" content=\"https:\/\/shop.bantam.ch\/wp-content\/uploads\/2024\/05\/Movera-L-9946133100.jpg\" \/>\n\t<meta property=\"og:image:width\" content=\"640\" \/>\n\t<meta property=\"og:image:height\" content=\"537\" \/>\n\t<meta property=\"og:image:type\" content=\"image\/jpeg\" \/>\n<meta name=\"twitter:card\" content=\"summary_large_image\" \/>\n<meta name=\"twitter:label1\" content=\"Gesch\u00e4tzte Lesezeit\" \/>\n\t<meta name=\"twitter:data1\" content=\"1\u00a0Minute\" \/>\n<script type=\"application\/ld+json\" class=\"yoast-schema-graph\">{\"@context\":\"https:\\\/\\\/schema.org\",\"@graph\":[{\"@type\":\"WebPage\",\"@id\":\"https:\\\/\\\/shop.bantam.ch\\\/de\\\/produkt\\\/verbindbares-sonnensegel-simex-farbe-oker-tc-zip-protect-canvas-single\\\/\",\"url\":\"https:\\\/\\\/shop.bantam.ch\\\/de\\\/produkt\\\/verbindbares-sonnensegel-simex-farbe-oker-tc-zip-protect-canvas-single\\\/\",\"name\":\"Verbindbares Sonnensegel SIMEX Farbe oker TC-Zip-Protect Canvas Single - Bantam\",\"isPartOf\":{\"@id\":\"https:\\\/\\\/shop.bantam.ch\\\/de\\\/#website\"},\"primaryImageOfPage\":{\"@id\":\"https:\\\/\\\/shop.bantam.ch\\\/de\\\/produkt\\\/verbindbares-sonnensegel-simex-farbe-oker-tc-zip-protect-canvas-single\\\/#primaryimage\"},\"image\":{\"@id\":\"https:\\\/\\\/shop.bantam.ch\\\/de\\\/produkt\\\/verbindbares-sonnensegel-simex-farbe-oker-tc-zip-protect-canvas-single\\\/#primaryimage\"},\"thumbnailUrl\":\"https:\\\/\\\/shop.bantam.ch\\\/wp-content\\\/uploads\\\/2024\\\/09\\\/Movera-L-9946133100.jpg\",\"datePublished\":\"2024-05-15T12:53:45+00:00\",\"dateModified\":\"2026-05-02T20:57:28+00:00\",\"breadcrumb\":{\"@id\":\"https:\\\/\\\/shop.bantam.ch\\\/de\\\/produkt\\\/verbindbares-sonnensegel-simex-farbe-oker-tc-zip-protect-canvas-single\\\/#breadcrumb\"},\"inLanguage\":\"de\",\"potentialAction\":[{\"@type\":\"ReadAction\",\"target\":[\"https:\\\/\\\/shop.bantam.ch\\\/de\\\/produkt\\\/verbindbares-sonnensegel-simex-farbe-oker-tc-zip-protect-canvas-single\\\/\"]}]},{\"@type\":\"ImageObject\",\"inLanguage\":\"de\",\"@id\":\"https:\\\/\\\/shop.bantam.ch\\\/de\\\/produkt\\\/verbindbares-sonnensegel-simex-farbe-oker-tc-zip-protect-canvas-single\\\/#primaryimage\",\"url\":\"https:\\\/\\\/shop.bantam.ch\\\/wp-content\\\/uploads\\\/2024\\\/09\\\/Movera-L-9946133100.jpg\",\"contentUrl\":\"https:\\\/\\\/shop.bantam.ch\\\/wp-content\\\/uploads\\\/2024\\\/09\\\/Movera-L-9946133100.jpg\",\"width\":640,\"height\":537},{\"@type\":\"BreadcrumbList\",\"@id\":\"https:\\\/\\\/shop.bantam.ch\\\/de\\\/produkt\\\/verbindbares-sonnensegel-simex-farbe-oker-tc-zip-protect-canvas-single\\\/#breadcrumb\",\"itemListElement\":[{\"@type\":\"ListItem\",\"position\":1,\"name\":\"Accueil\",\"item\":\"https:\\\/\\\/shop.bantam.ch\\\/de\\\/\"},{\"@type\":\"ListItem\",\"position\":2,\"name\":\"Shop\",\"item\":\"https:\\\/\\\/shop.bantam.ch\\\/de\\\/shop\\\/\"},{\"@type\":\"ListItem\",\"position\":3,\"name\":\"Verbindbares Sonnensegel SIMEX Farbe oker TC-Zip-Protect Canvas Single\"}]},{\"@type\":\"WebSite\",\"@id\":\"https:\\\/\\\/shop.bantam.ch\\\/de\\\/#website\",\"url\":\"https:\\\/\\\/shop.bantam.ch\\\/de\\\/\",\"name\":\"Bantam\",\"description\":\"\",\"publisher\":{\"@id\":\"https:\\\/\\\/shop.bantam.ch\\\/de\\\/#organization\"},\"inLanguage\":\"de\"},{\"@type\":\"Organization\",\"@id\":\"https:\\\/\\\/shop.bantam.ch\\\/de\\\/#organization\",\"name\":\"Bantam\",\"url\":\"https:\\\/\\\/shop.bantam.ch\\\/de\\\/\",\"logo\":{\"@type\":\"ImageObject\",\"inLanguage\":\"de\",\"@id\":\"https:\\\/\\\/shop.bantam.ch\\\/de\\\/#\\\/schema\\\/logo\\\/image\\\/\",\"url\":\"https:\\\/\\\/shop.bantam.ch\\\/wp-content\\\/uploads\\\/2022\\\/12\\\/bantam-logo.png\",\"contentUrl\":\"https:\\\/\\\/shop.bantam.ch\\\/wp-content\\\/uploads\\\/2022\\\/12\\\/bantam-logo.png\",\"width\":320,\"height\":71,\"caption\":\"Bantam\"},\"image\":{\"@id\":\"https:\\\/\\\/shop.bantam.ch\\\/de\\\/#\\\/schema\\\/logo\\\/image\\\/\"}}]}<\/script>\n<!-- \/ Yoast SEO plugin. -->","yoast_head_json":{"title":"Verbindbares Sonnensegel SIMEX Farbe oker TC-Zip-Protect Canvas Single - Bantam","robots":{"index":"index","follow":"follow","max-snippet":"max-snippet:-1","max-image-preview":"max-image-preview:large","max-video-preview":"max-video-preview:-1"},"canonical":"https:\/\/shop.bantam.ch\/de\/produkt\/verbindbares-sonnensegel-simex-farbe-oker-tc-zip-protect-canvas-single\/","og_locale":"de_DE","og_type":"article","og_title":"Verbindbares Sonnensegel SIMEX Farbe oker TC-Zip-Protect Canvas Single - Bantam","og_description":"Das BENT verbindbare Sonnensegel TC-Zip-Protect Canvas &nbsp;ist modular, funktional, variabel und gl\u00e4nzt durch einfache Handhabung.&nbsp; Hergestellt aus einem robusten Polyester Baumwoll Mischgewebe ( TC 65\/35) 210g\/m\u00b2. Das TC-Zip-Protect Canvas zeichnet sich durch seine sehr hohe UV-Resistenz aus und macht das Sonnensegel besonders geeignet f\u00fcr sonnenreiche Regionen und Langzeit-Eins\u00e4tze. Das TC-Gewebe ist WR ausger\u00fcstet mit einer [&hellip;]","og_url":"https:\/\/shop.bantam.ch\/de\/produkt\/verbindbares-sonnensegel-simex-farbe-oker-tc-zip-protect-canvas-single\/","og_site_name":"Bantam","article_modified_time":"2026-05-02T20:57:28+00:00","og_image":[{"width":640,"height":537,"url":"https:\/\/shop.bantam.ch\/wp-content\/uploads\/2024\/05\/Movera-L-9946133100.jpg","type":"image\/jpeg"}],"twitter_card":"summary_large_image","twitter_misc":{"Gesch\u00e4tzte Lesezeit":"1\u00a0Minute"},"schema":{"@context":"https:\/\/schema.org","@graph":[{"@type":"WebPage","@id":"https:\/\/shop.bantam.ch\/de\/produkt\/verbindbares-sonnensegel-simex-farbe-oker-tc-zip-protect-canvas-single\/","url":"https:\/\/shop.bantam.ch\/de\/produkt\/verbindbares-sonnensegel-simex-farbe-oker-tc-zip-protect-canvas-single\/","name":"Verbindbares Sonnensegel SIMEX Farbe oker TC-Zip-Protect Canvas Single - Bantam","isPartOf":{"@id":"https:\/\/shop.bantam.ch\/de\/#website"},"primaryImageOfPage":{"@id":"https:\/\/shop.bantam.ch\/de\/produkt\/verbindbares-sonnensegel-simex-farbe-oker-tc-zip-protect-canvas-single\/#primaryimage"},"image":{"@id":"https:\/\/shop.bantam.ch\/de\/produkt\/verbindbares-sonnensegel-simex-farbe-oker-tc-zip-protect-canvas-single\/#primaryimage"},"thumbnailUrl":"https:\/\/shop.bantam.ch\/wp-content\/uploads\/2024\/09\/Movera-L-9946133100.jpg","datePublished":"2024-05-15T12:53:45+00:00","dateModified":"2026-05-02T20:57:28+00:00","breadcrumb":{"@id":"https:\/\/shop.bantam.ch\/de\/produkt\/verbindbares-sonnensegel-simex-farbe-oker-tc-zip-protect-canvas-single\/#breadcrumb"},"inLanguage":"de","potentialAction":[{"@type":"ReadAction","target":["https:\/\/shop.bantam.ch\/de\/produkt\/verbindbares-sonnensegel-simex-farbe-oker-tc-zip-protect-canvas-single\/"]}]},{"@type":"ImageObject","inLanguage":"de","@id":"https:\/\/shop.bantam.ch\/de\/produkt\/verbindbares-sonnensegel-simex-farbe-oker-tc-zip-protect-canvas-single\/#primaryimage","url":"https:\/\/shop.bantam.ch\/wp-content\/uploads\/2024\/09\/Movera-L-9946133100.jpg","contentUrl":"https:\/\/shop.bantam.ch\/wp-content\/uploads\/2024\/09\/Movera-L-9946133100.jpg","width":640,"height":537},{"@type":"BreadcrumbList","@id":"https:\/\/shop.bantam.ch\/de\/produkt\/verbindbares-sonnensegel-simex-farbe-oker-tc-zip-protect-canvas-single\/#breadcrumb","itemListElement":[{"@type":"ListItem","position":1,"name":"Accueil","item":"https:\/\/shop.bantam.ch\/de\/"},{"@type":"ListItem","position":2,"name":"Shop","item":"https:\/\/shop.bantam.ch\/de\/shop\/"},{"@type":"ListItem","position":3,"name":"Verbindbares Sonnensegel SIMEX Farbe oker TC-Zip-Protect Canvas Single"}]},{"@type":"WebSite","@id":"https:\/\/shop.bantam.ch\/de\/#website","url":"https:\/\/shop.bantam.ch\/de\/","name":"Bantam","description":"","publisher":{"@id":"https:\/\/shop.bantam.ch\/de\/#organization"},"inLanguage":"de"},{"@type":"Organization","@id":"https:\/\/shop.bantam.ch\/de\/#organization","name":"Bantam","url":"https:\/\/shop.bantam.ch\/de\/","logo":{"@type":"ImageObject","inLanguage":"de","@id":"https:\/\/shop.bantam.ch\/de\/#\/schema\/logo\/image\/","url":"https:\/\/shop.bantam.ch\/wp-content\/uploads\/2022\/12\/bantam-logo.png","contentUrl":"https:\/\/shop.bantam.ch\/wp-content\/uploads\/2022\/12\/bantam-logo.png","width":320,"height":71,"caption":"Bantam"},"image":{"@id":"https:\/\/shop.bantam.ch\/de\/#\/schema\/logo\/image\/"}}]}},"_links":{"self":[{"href":"https:\/\/shop.bantam.ch\/de\/wp-json\/wp\/v2\/product\/194053","targetHints":{"allow":["GET"]}}],"collection":[{"href":"https:\/\/shop.bantam.ch\/de\/wp-json\/wp\/v2\/product"}],"about":[{"href":"https:\/\/shop.bantam.ch\/de\/wp-json\/wp\/v2\/types\/product"}],"wp:featuredmedia":[{"embeddable":true,"href":"https:\/\/shop.bantam.ch\/de\/wp-json\/wp\/v2\/media\/206303"}],"wp:attachment":[{"href":"https:\/\/shop.bantam.ch\/de\/wp-json\/wp\/v2\/media?parent=194053"}],"wp:term":[{"taxonomy":"product_featured_cat","embeddable":true,"href":"https:\/\/shop.bantam.ch\/de\/wp-json\/wp\/v2\/product_featured_cat?post=194053"},{"taxonomy":"product_brand","embeddable":true,"href":"https:\/\/shop.bantam.ch\/de\/wp-json\/wp\/v2\/product_brand?post=194053"},{"taxonomy":"product_cat","embeddable":true,"href":"https:\/\/shop.bantam.ch\/de\/wp-json\/wp\/v2\/product_cat?post=194053"},{"taxonomy":"product_tag","embeddable":true,"href":"https:\/\/shop.bantam.ch\/de\/wp-json\/wp\/v2\/product_tag?post=194053"}],"curies":[{"name":"wp","href":"https:\/\/api.w.org\/{rel}","templated":true}]}}