{"id":193933,"date":"2024-05-15T14:48:54","date_gmt":"2024-05-15T12:48:54","guid":{"rendered":"https:\/\/shop.bantam.ch\/produit\/einhebelmischer-reich-trend-e-mit-brause-charisma\/"},"modified":"2026-04-19T23:05:48","modified_gmt":"2026-04-19T21:05:48","slug":"einhebelmischer-reich-trend-e-mit-brause-charisma","status":"publish","type":"product","link":"https:\/\/shop.bantam.ch\/de\/produkt\/einhebelmischer-reich-trend-e-mit-brause-charisma\/","title":{"rendered":"Einhebelmischer REICH Trend E mit Brause Charisma"},"content":{"rendered":"<p>Vom Aufbau entspricht die Serie TREND E mit Keramikkartusche einer handels\u00fcblichen Armatur, ist jedoch wesentlich leichter.<br \/>\nDer massive Messing-Bedienhebel und der leichte Kunststoffk\u00f6rper der Armatur erg\u00e4nzen sich ideal. Der Auslauf ist um 90 Grad drehbar.<br \/>\nDie Armatur Trend E mit Brause Charisma ist sowohl f\u00fcr Tauch- als auch f\u00fcr Druckpumpen geeignet und mit einem Mikroschalter ausgestattet.<br \/>\nDer Mikroschalter ist komplett wasserdicht.<br \/>\nFarbe: chrom<\/p>\n","protected":false},"excerpt":{"rendered":"<p>Vom Aufbau entspricht die Serie TREND E mit Keramikkartusche einer handels\u00fcblichen Armatur, ist jedoch wesentlich leichter. Der massive Messing-Bedienhebel und der leichte Kunststoffk\u00f6rper der Armatur erg\u00e4nzen sich ideal. Der Auslauf ist um 90 Grad drehbar. Die Armatur Trend E mit Brause Charisma ist sowohl f\u00fcr Tauch- als auch f\u00fcr Druckpumpen geeignet und mit einem Mikroschalter [&hellip;]<\/p>\n","protected":false},"featured_media":0,"template":"","meta":{"_acf_changed":false},"product_featured_cat":[],"product_brand":[3113],"product_cat":[4574],"product_tag":[],"class_list":{"0":"post-193933","1":"product","2":"type-product","3":"status-publish","5":"product_brand-reich-de","6":"product_cat-einhebelmischer-kaltwasserhaehne","8":"first","9":"instock","10":"taxable","11":"shipping-taxable","12":"purchasable","13":"product-type-simple"},"acf":[],"yoast_head":"<!-- This site is optimized with the Yoast SEO plugin v27.4 - https:\/\/yoast.com\/product\/yoast-seo-wordpress\/ -->\n<title>Einhebelmischer REICH Trend E mit Brause Charisma - Bantam Camping AG<\/title>\n<meta name=\"robots\" content=\"index, follow, max-snippet:-1, max-image-preview:large, max-video-preview:-1\" \/>\n<link rel=\"canonical\" href=\"https:\/\/shop.bantam.ch\/de\/produkt\/einhebelmischer-reich-trend-e-mit-brause-charisma\/\" \/>\n<meta property=\"og:locale\" content=\"de_DE\" \/>\n<meta property=\"og:type\" content=\"article\" \/>\n<meta property=\"og:title\" content=\"Einhebelmischer REICH Trend E mit Brause Charisma - Bantam Camping AG\" \/>\n<meta property=\"og:description\" content=\"Vom Aufbau entspricht die Serie TREND E mit Keramikkartusche einer handels\u00fcblichen Armatur, ist jedoch wesentlich leichter. Der massive Messing-Bedienhebel und der leichte Kunststoffk\u00f6rper der Armatur erg\u00e4nzen sich ideal. Der Auslauf ist um 90 Grad drehbar. Die Armatur Trend E mit Brause Charisma ist sowohl f\u00fcr Tauch- als auch f\u00fcr Druckpumpen geeignet und mit einem Mikroschalter [&hellip;]\" \/>\n<meta property=\"og:url\" content=\"https:\/\/shop.bantam.ch\/de\/produkt\/einhebelmischer-reich-trend-e-mit-brause-charisma\/\" \/>\n<meta property=\"og:site_name\" content=\"Bantam Camping AG\" \/>\n<meta property=\"article:modified_time\" content=\"2026-04-19T21:05:48+00:00\" \/>\n<meta name=\"twitter:card\" content=\"summary_large_image\" \/>\n<script type=\"application\/ld+json\" class=\"yoast-schema-graph\">{\"@context\":\"https:\\\/\\\/schema.org\",\"@graph\":[{\"@type\":\"WebPage\",\"@id\":\"https:\\\/\\\/shop.bantam.ch\\\/de\\\/produkt\\\/einhebelmischer-reich-trend-e-mit-brause-charisma\\\/\",\"url\":\"https:\\\/\\\/shop.bantam.ch\\\/de\\\/produkt\\\/einhebelmischer-reich-trend-e-mit-brause-charisma\\\/\",\"name\":\"Einhebelmischer REICH Trend E mit Brause Charisma - Bantam Camping AG\",\"isPartOf\":{\"@id\":\"https:\\\/\\\/shop.bantam.ch\\\/de\\\/#website\"},\"datePublished\":\"2024-05-15T12:48:54+00:00\",\"dateModified\":\"2026-04-19T21:05:48+00:00\",\"breadcrumb\":{\"@id\":\"https:\\\/\\\/shop.bantam.ch\\\/de\\\/produkt\\\/einhebelmischer-reich-trend-e-mit-brause-charisma\\\/#breadcrumb\"},\"inLanguage\":\"de\",\"potentialAction\":[{\"@type\":\"ReadAction\",\"target\":[\"https:\\\/\\\/shop.bantam.ch\\\/de\\\/produkt\\\/einhebelmischer-reich-trend-e-mit-brause-charisma\\\/\"]}]},{\"@type\":\"BreadcrumbList\",\"@id\":\"https:\\\/\\\/shop.bantam.ch\\\/de\\\/produkt\\\/einhebelmischer-reich-trend-e-mit-brause-charisma\\\/#breadcrumb\",\"itemListElement\":[{\"@type\":\"ListItem\",\"position\":1,\"name\":\"Accueil\",\"item\":\"https:\\\/\\\/shop.bantam.ch\\\/de\\\/\"},{\"@type\":\"ListItem\",\"position\":2,\"name\":\"Shop\",\"item\":\"https:\\\/\\\/shop.bantam.ch\\\/de\\\/shop\\\/\"},{\"@type\":\"ListItem\",\"position\":3,\"name\":\"Einhebelmischer REICH Trend E mit Brause Charisma\"}]},{\"@type\":\"WebSite\",\"@id\":\"https:\\\/\\\/shop.bantam.ch\\\/de\\\/#website\",\"url\":\"https:\\\/\\\/shop.bantam.ch\\\/de\\\/\",\"name\":\"Bantam Camping AG\",\"description\":\"\",\"publisher\":{\"@id\":\"https:\\\/\\\/shop.bantam.ch\\\/de\\\/#organization\"},\"inLanguage\":\"de\"},{\"@type\":\"Organization\",\"@id\":\"https:\\\/\\\/shop.bantam.ch\\\/de\\\/#organization\",\"name\":\"Bantam Camping AG\",\"url\":\"https:\\\/\\\/shop.bantam.ch\\\/de\\\/\",\"logo\":{\"@type\":\"ImageObject\",\"inLanguage\":\"de\",\"@id\":\"https:\\\/\\\/shop.bantam.ch\\\/de\\\/#\\\/schema\\\/logo\\\/image\\\/\",\"url\":\"https:\\\/\\\/shop.bantam.ch\\\/wp-content\\\/uploads\\\/2022\\\/12\\\/bantam-logo.png\",\"contentUrl\":\"https:\\\/\\\/shop.bantam.ch\\\/wp-content\\\/uploads\\\/2022\\\/12\\\/bantam-logo.png\",\"width\":320,\"height\":71,\"caption\":\"Bantam Camping AG\"},\"image\":{\"@id\":\"https:\\\/\\\/shop.bantam.ch\\\/de\\\/#\\\/schema\\\/logo\\\/image\\\/\"}}]}<\/script>\n<!-- \/ Yoast SEO plugin. -->","yoast_head_json":{"title":"Einhebelmischer REICH Trend E mit Brause Charisma - Bantam Camping AG","robots":{"index":"index","follow":"follow","max-snippet":"max-snippet:-1","max-image-preview":"max-image-preview:large","max-video-preview":"max-video-preview:-1"},"canonical":"https:\/\/shop.bantam.ch\/de\/produkt\/einhebelmischer-reich-trend-e-mit-brause-charisma\/","og_locale":"de_DE","og_type":"article","og_title":"Einhebelmischer REICH Trend E mit Brause Charisma - Bantam Camping AG","og_description":"Vom Aufbau entspricht die Serie TREND E mit Keramikkartusche einer handels\u00fcblichen Armatur, ist jedoch wesentlich leichter. Der massive Messing-Bedienhebel und der leichte Kunststoffk\u00f6rper der Armatur erg\u00e4nzen sich ideal. Der Auslauf ist um 90 Grad drehbar. Die Armatur Trend E mit Brause Charisma ist sowohl f\u00fcr Tauch- als auch f\u00fcr Druckpumpen geeignet und mit einem Mikroschalter [&hellip;]","og_url":"https:\/\/shop.bantam.ch\/de\/produkt\/einhebelmischer-reich-trend-e-mit-brause-charisma\/","og_site_name":"Bantam Camping AG","article_modified_time":"2026-04-19T21:05:48+00:00","twitter_card":"summary_large_image","schema":{"@context":"https:\/\/schema.org","@graph":[{"@type":"WebPage","@id":"https:\/\/shop.bantam.ch\/de\/produkt\/einhebelmischer-reich-trend-e-mit-brause-charisma\/","url":"https:\/\/shop.bantam.ch\/de\/produkt\/einhebelmischer-reich-trend-e-mit-brause-charisma\/","name":"Einhebelmischer REICH Trend E mit Brause Charisma - Bantam Camping AG","isPartOf":{"@id":"https:\/\/shop.bantam.ch\/de\/#website"},"datePublished":"2024-05-15T12:48:54+00:00","dateModified":"2026-04-19T21:05:48+00:00","breadcrumb":{"@id":"https:\/\/shop.bantam.ch\/de\/produkt\/einhebelmischer-reich-trend-e-mit-brause-charisma\/#breadcrumb"},"inLanguage":"de","potentialAction":[{"@type":"ReadAction","target":["https:\/\/shop.bantam.ch\/de\/produkt\/einhebelmischer-reich-trend-e-mit-brause-charisma\/"]}]},{"@type":"BreadcrumbList","@id":"https:\/\/shop.bantam.ch\/de\/produkt\/einhebelmischer-reich-trend-e-mit-brause-charisma\/#breadcrumb","itemListElement":[{"@type":"ListItem","position":1,"name":"Accueil","item":"https:\/\/shop.bantam.ch\/de\/"},{"@type":"ListItem","position":2,"name":"Shop","item":"https:\/\/shop.bantam.ch\/de\/shop\/"},{"@type":"ListItem","position":3,"name":"Einhebelmischer REICH Trend E mit Brause Charisma"}]},{"@type":"WebSite","@id":"https:\/\/shop.bantam.ch\/de\/#website","url":"https:\/\/shop.bantam.ch\/de\/","name":"Bantam Camping AG","description":"","publisher":{"@id":"https:\/\/shop.bantam.ch\/de\/#organization"},"inLanguage":"de"},{"@type":"Organization","@id":"https:\/\/shop.bantam.ch\/de\/#organization","name":"Bantam Camping AG","url":"https:\/\/shop.bantam.ch\/de\/","logo":{"@type":"ImageObject","inLanguage":"de","@id":"https:\/\/shop.bantam.ch\/de\/#\/schema\/logo\/image\/","url":"https:\/\/shop.bantam.ch\/wp-content\/uploads\/2022\/12\/bantam-logo.png","contentUrl":"https:\/\/shop.bantam.ch\/wp-content\/uploads\/2022\/12\/bantam-logo.png","width":320,"height":71,"caption":"Bantam Camping AG"},"image":{"@id":"https:\/\/shop.bantam.ch\/de\/#\/schema\/logo\/image\/"}}]}},"_links":{"self":[{"href":"https:\/\/shop.bantam.ch\/de\/wp-json\/wp\/v2\/product\/193933","targetHints":{"allow":["GET"]}}],"collection":[{"href":"https:\/\/shop.bantam.ch\/de\/wp-json\/wp\/v2\/product"}],"about":[{"href":"https:\/\/shop.bantam.ch\/de\/wp-json\/wp\/v2\/types\/product"}],"wp:attachment":[{"href":"https:\/\/shop.bantam.ch\/de\/wp-json\/wp\/v2\/media?parent=193933"}],"wp:term":[{"taxonomy":"product_featured_cat","embeddable":true,"href":"https:\/\/shop.bantam.ch\/de\/wp-json\/wp\/v2\/product_featured_cat?post=193933"},{"taxonomy":"product_brand","embeddable":true,"href":"https:\/\/shop.bantam.ch\/de\/wp-json\/wp\/v2\/product_brand?post=193933"},{"taxonomy":"product_cat","embeddable":true,"href":"https:\/\/shop.bantam.ch\/de\/wp-json\/wp\/v2\/product_cat?post=193933"},{"taxonomy":"product_tag","embeddable":true,"href":"https:\/\/shop.bantam.ch\/de\/wp-json\/wp\/v2\/product_tag?post=193933"}],"curies":[{"name":"wp","href":"https:\/\/api.w.org\/{rel}","templated":true}]}}