{"id":193870,"date":"2024-05-15T14:46:28","date_gmt":"2024-05-15T12:46:28","guid":{"rendered":"https:\/\/shop.bantam.ch\/produit\/vorzelt-fuer-dachzelt-desert\/"},"modified":"2026-04-19T01:01:23","modified_gmt":"2026-04-18T23:01:23","slug":"vorzelt-fuer-dachzelt-desert","status":"publish","type":"product","link":"https:\/\/shop.bantam.ch\/de\/produkt\/vorzelt-fuer-dachzelt-desert\/","title":{"rendered":"Vorzelt f\u00fcr Dachzelt Desert"},"content":{"rendered":"<p>Das Vorzelt f\u00fcr das Desert ist ein praktischer Begleiter im Campingalltag. Du kannst es als zus\u00e4tzlichen Stauraum und Umkleideraum nutzen. Das Vorzelt wird mittels Rei\u00dfverschluss an das Zelt angedockt. Rundum ist das Vorzelt mit Moskitonetzen ausgestattet und der Boden ist wasserdicht. Die Seitenw\u00e4nde sind spritzwassergesch\u00fctzt.<br \/>\nDas Vorzelt ist eine gute Erg\u00e4nzung zu unserem beliebten Dachzelt Desert, da es einen zus\u00e4tzlichen Raum schafft, in dem du dich gerade bei schlechterem Wetter&nbsp;aufhalten kannst.<\/p>\n<p>Details:<\/p>\n<ul>\n<li>Material: 1000 D Polyester, 100 % Polyester (Spritzwasserfest)<\/li>\n<li>Gewicht: 6 kg<\/li>\n<li>Einstellbar von 180 cm &#8211; 200 cm L\u00e4nge und somit passend f\u00fcr fast alle Automodelle<\/li>\n<\/ul>\n<p>Material:<br \/>\n100 % Polyester (spritzwasserfest)<\/p>\n","protected":false},"excerpt":{"rendered":"<p>Das Vorzelt f\u00fcr das Desert ist ein praktischer Begleiter im Campingalltag. Du kannst es als zus\u00e4tzlichen Stauraum und Umkleideraum nutzen. Das Vorzelt wird mittels Rei\u00dfverschluss an das Zelt angedockt. Rundum ist das Vorzelt mit Moskitonetzen ausgestattet und der Boden ist wasserdicht. Die Seitenw\u00e4nde sind spritzwassergesch\u00fctzt. Das Vorzelt ist eine gute Erg\u00e4nzung zu unserem beliebten Dachzelt [&hellip;]<\/p>\n","protected":false},"featured_media":193865,"template":"","meta":{"_acf_changed":false},"product_featured_cat":[],"product_brand":[3509],"product_cat":[4244],"product_tag":[],"class_list":{"0":"post-193870","1":"product","2":"type-product","3":"status-publish","4":"has-post-thumbnail","6":"product_brand-horntools-de","7":"product_cat-dachzelte","9":"first","10":"instock","11":"taxable","12":"shipping-taxable","13":"purchasable","14":"product-type-variable"},"acf":[],"yoast_head":"<!-- This site is optimized with the Yoast SEO plugin v27.4 - https:\/\/yoast.com\/product\/yoast-seo-wordpress\/ -->\n<title>Vorzelt f\u00fcr Dachzelt Desert - Bantam Camping AG<\/title>\n<meta name=\"robots\" content=\"index, follow, max-snippet:-1, max-image-preview:large, max-video-preview:-1\" \/>\n<link rel=\"canonical\" href=\"https:\/\/shop.bantam.ch\/de\/produkt\/vorzelt-fuer-dachzelt-desert\/\" \/>\n<meta property=\"og:locale\" content=\"de_DE\" \/>\n<meta property=\"og:type\" content=\"article\" \/>\n<meta property=\"og:title\" content=\"Vorzelt f\u00fcr Dachzelt Desert - Bantam Camping AG\" \/>\n<meta property=\"og:description\" content=\"Das Vorzelt f\u00fcr das Desert ist ein praktischer Begleiter im Campingalltag. Du kannst es als zus\u00e4tzlichen Stauraum und Umkleideraum nutzen. Das Vorzelt wird mittels Rei\u00dfverschluss an das Zelt angedockt. Rundum ist das Vorzelt mit Moskitonetzen ausgestattet und der Boden ist wasserdicht. Die Seitenw\u00e4nde sind spritzwassergesch\u00fctzt. Das Vorzelt ist eine gute Erg\u00e4nzung zu unserem beliebten Dachzelt [&hellip;]\" \/>\n<meta property=\"og:url\" content=\"https:\/\/shop.bantam.ch\/de\/produkt\/vorzelt-fuer-dachzelt-desert\/\" \/>\n<meta property=\"og:site_name\" content=\"Bantam Camping AG\" \/>\n<meta property=\"article:modified_time\" content=\"2026-04-18T23:01:23+00:00\" \/>\n<meta property=\"og:image\" content=\"https:\/\/shop.bantam.ch\/wp-content\/uploads\/2024\/05\/Movera-L-0106842100.jpg\" \/>\n\t<meta property=\"og:image:width\" content=\"640\" \/>\n\t<meta property=\"og:image:height\" content=\"640\" \/>\n\t<meta property=\"og:image:type\" content=\"image\/jpeg\" \/>\n<meta name=\"twitter:card\" content=\"summary_large_image\" \/>\n<meta name=\"twitter:label1\" content=\"Gesch\u00e4tzte Lesezeit\" \/>\n\t<meta name=\"twitter:data1\" content=\"1\u00a0Minute\" \/>\n<script type=\"application\/ld+json\" class=\"yoast-schema-graph\">{\"@context\":\"https:\\\/\\\/schema.org\",\"@graph\":[{\"@type\":\"WebPage\",\"@id\":\"https:\\\/\\\/shop.bantam.ch\\\/de\\\/produkt\\\/vorzelt-fuer-dachzelt-desert\\\/\",\"url\":\"https:\\\/\\\/shop.bantam.ch\\\/de\\\/produkt\\\/vorzelt-fuer-dachzelt-desert\\\/\",\"name\":\"Vorzelt f\u00fcr Dachzelt Desert - Bantam Camping AG\",\"isPartOf\":{\"@id\":\"https:\\\/\\\/shop.bantam.ch\\\/de\\\/#website\"},\"primaryImageOfPage\":{\"@id\":\"https:\\\/\\\/shop.bantam.ch\\\/de\\\/produkt\\\/vorzelt-fuer-dachzelt-desert\\\/#primaryimage\"},\"image\":{\"@id\":\"https:\\\/\\\/shop.bantam.ch\\\/de\\\/produkt\\\/vorzelt-fuer-dachzelt-desert\\\/#primaryimage\"},\"thumbnailUrl\":\"https:\\\/\\\/shop.bantam.ch\\\/wp-content\\\/uploads\\\/2024\\\/05\\\/Movera-L-0106842100.jpg\",\"datePublished\":\"2024-05-15T12:46:28+00:00\",\"dateModified\":\"2026-04-18T23:01:23+00:00\",\"breadcrumb\":{\"@id\":\"https:\\\/\\\/shop.bantam.ch\\\/de\\\/produkt\\\/vorzelt-fuer-dachzelt-desert\\\/#breadcrumb\"},\"inLanguage\":\"de\",\"potentialAction\":[{\"@type\":\"ReadAction\",\"target\":[\"https:\\\/\\\/shop.bantam.ch\\\/de\\\/produkt\\\/vorzelt-fuer-dachzelt-desert\\\/\"]}]},{\"@type\":\"ImageObject\",\"inLanguage\":\"de\",\"@id\":\"https:\\\/\\\/shop.bantam.ch\\\/de\\\/produkt\\\/vorzelt-fuer-dachzelt-desert\\\/#primaryimage\",\"url\":\"https:\\\/\\\/shop.bantam.ch\\\/wp-content\\\/uploads\\\/2024\\\/05\\\/Movera-L-0106842100.jpg\",\"contentUrl\":\"https:\\\/\\\/shop.bantam.ch\\\/wp-content\\\/uploads\\\/2024\\\/05\\\/Movera-L-0106842100.jpg\",\"width\":640,\"height\":640},{\"@type\":\"BreadcrumbList\",\"@id\":\"https:\\\/\\\/shop.bantam.ch\\\/de\\\/produkt\\\/vorzelt-fuer-dachzelt-desert\\\/#breadcrumb\",\"itemListElement\":[{\"@type\":\"ListItem\",\"position\":1,\"name\":\"Accueil\",\"item\":\"https:\\\/\\\/shop.bantam.ch\\\/de\\\/\"},{\"@type\":\"ListItem\",\"position\":2,\"name\":\"Shop\",\"item\":\"https:\\\/\\\/shop.bantam.ch\\\/de\\\/shop\\\/\"},{\"@type\":\"ListItem\",\"position\":3,\"name\":\"Vorzelt f\u00fcr Dachzelt Desert\"}]},{\"@type\":\"WebSite\",\"@id\":\"https:\\\/\\\/shop.bantam.ch\\\/de\\\/#website\",\"url\":\"https:\\\/\\\/shop.bantam.ch\\\/de\\\/\",\"name\":\"Bantam Camping AG\",\"description\":\"\",\"publisher\":{\"@id\":\"https:\\\/\\\/shop.bantam.ch\\\/de\\\/#organization\"},\"inLanguage\":\"de\"},{\"@type\":\"Organization\",\"@id\":\"https:\\\/\\\/shop.bantam.ch\\\/de\\\/#organization\",\"name\":\"Bantam Camping AG\",\"url\":\"https:\\\/\\\/shop.bantam.ch\\\/de\\\/\",\"logo\":{\"@type\":\"ImageObject\",\"inLanguage\":\"de\",\"@id\":\"https:\\\/\\\/shop.bantam.ch\\\/de\\\/#\\\/schema\\\/logo\\\/image\\\/\",\"url\":\"https:\\\/\\\/shop.bantam.ch\\\/wp-content\\\/uploads\\\/2022\\\/12\\\/bantam-logo.png\",\"contentUrl\":\"https:\\\/\\\/shop.bantam.ch\\\/wp-content\\\/uploads\\\/2022\\\/12\\\/bantam-logo.png\",\"width\":320,\"height\":71,\"caption\":\"Bantam Camping AG\"},\"image\":{\"@id\":\"https:\\\/\\\/shop.bantam.ch\\\/de\\\/#\\\/schema\\\/logo\\\/image\\\/\"}}]}<\/script>\n<!-- \/ Yoast SEO plugin. -->","yoast_head_json":{"title":"Vorzelt f\u00fcr Dachzelt Desert - Bantam Camping AG","robots":{"index":"index","follow":"follow","max-snippet":"max-snippet:-1","max-image-preview":"max-image-preview:large","max-video-preview":"max-video-preview:-1"},"canonical":"https:\/\/shop.bantam.ch\/de\/produkt\/vorzelt-fuer-dachzelt-desert\/","og_locale":"de_DE","og_type":"article","og_title":"Vorzelt f\u00fcr Dachzelt Desert - Bantam Camping AG","og_description":"Das Vorzelt f\u00fcr das Desert ist ein praktischer Begleiter im Campingalltag. Du kannst es als zus\u00e4tzlichen Stauraum und Umkleideraum nutzen. Das Vorzelt wird mittels Rei\u00dfverschluss an das Zelt angedockt. Rundum ist das Vorzelt mit Moskitonetzen ausgestattet und der Boden ist wasserdicht. Die Seitenw\u00e4nde sind spritzwassergesch\u00fctzt. Das Vorzelt ist eine gute Erg\u00e4nzung zu unserem beliebten Dachzelt [&hellip;]","og_url":"https:\/\/shop.bantam.ch\/de\/produkt\/vorzelt-fuer-dachzelt-desert\/","og_site_name":"Bantam Camping AG","article_modified_time":"2026-04-18T23:01:23+00:00","og_image":[{"width":640,"height":640,"url":"https:\/\/shop.bantam.ch\/wp-content\/uploads\/2024\/05\/Movera-L-0106842100.jpg","type":"image\/jpeg"}],"twitter_card":"summary_large_image","twitter_misc":{"Gesch\u00e4tzte Lesezeit":"1\u00a0Minute"},"schema":{"@context":"https:\/\/schema.org","@graph":[{"@type":"WebPage","@id":"https:\/\/shop.bantam.ch\/de\/produkt\/vorzelt-fuer-dachzelt-desert\/","url":"https:\/\/shop.bantam.ch\/de\/produkt\/vorzelt-fuer-dachzelt-desert\/","name":"Vorzelt f\u00fcr Dachzelt Desert - Bantam Camping AG","isPartOf":{"@id":"https:\/\/shop.bantam.ch\/de\/#website"},"primaryImageOfPage":{"@id":"https:\/\/shop.bantam.ch\/de\/produkt\/vorzelt-fuer-dachzelt-desert\/#primaryimage"},"image":{"@id":"https:\/\/shop.bantam.ch\/de\/produkt\/vorzelt-fuer-dachzelt-desert\/#primaryimage"},"thumbnailUrl":"https:\/\/shop.bantam.ch\/wp-content\/uploads\/2024\/05\/Movera-L-0106842100.jpg","datePublished":"2024-05-15T12:46:28+00:00","dateModified":"2026-04-18T23:01:23+00:00","breadcrumb":{"@id":"https:\/\/shop.bantam.ch\/de\/produkt\/vorzelt-fuer-dachzelt-desert\/#breadcrumb"},"inLanguage":"de","potentialAction":[{"@type":"ReadAction","target":["https:\/\/shop.bantam.ch\/de\/produkt\/vorzelt-fuer-dachzelt-desert\/"]}]},{"@type":"ImageObject","inLanguage":"de","@id":"https:\/\/shop.bantam.ch\/de\/produkt\/vorzelt-fuer-dachzelt-desert\/#primaryimage","url":"https:\/\/shop.bantam.ch\/wp-content\/uploads\/2024\/05\/Movera-L-0106842100.jpg","contentUrl":"https:\/\/shop.bantam.ch\/wp-content\/uploads\/2024\/05\/Movera-L-0106842100.jpg","width":640,"height":640},{"@type":"BreadcrumbList","@id":"https:\/\/shop.bantam.ch\/de\/produkt\/vorzelt-fuer-dachzelt-desert\/#breadcrumb","itemListElement":[{"@type":"ListItem","position":1,"name":"Accueil","item":"https:\/\/shop.bantam.ch\/de\/"},{"@type":"ListItem","position":2,"name":"Shop","item":"https:\/\/shop.bantam.ch\/de\/shop\/"},{"@type":"ListItem","position":3,"name":"Vorzelt f\u00fcr Dachzelt Desert"}]},{"@type":"WebSite","@id":"https:\/\/shop.bantam.ch\/de\/#website","url":"https:\/\/shop.bantam.ch\/de\/","name":"Bantam Camping AG","description":"","publisher":{"@id":"https:\/\/shop.bantam.ch\/de\/#organization"},"inLanguage":"de"},{"@type":"Organization","@id":"https:\/\/shop.bantam.ch\/de\/#organization","name":"Bantam Camping AG","url":"https:\/\/shop.bantam.ch\/de\/","logo":{"@type":"ImageObject","inLanguage":"de","@id":"https:\/\/shop.bantam.ch\/de\/#\/schema\/logo\/image\/","url":"https:\/\/shop.bantam.ch\/wp-content\/uploads\/2022\/12\/bantam-logo.png","contentUrl":"https:\/\/shop.bantam.ch\/wp-content\/uploads\/2022\/12\/bantam-logo.png","width":320,"height":71,"caption":"Bantam Camping AG"},"image":{"@id":"https:\/\/shop.bantam.ch\/de\/#\/schema\/logo\/image\/"}}]}},"_links":{"self":[{"href":"https:\/\/shop.bantam.ch\/de\/wp-json\/wp\/v2\/product\/193870","targetHints":{"allow":["GET"]}}],"collection":[{"href":"https:\/\/shop.bantam.ch\/de\/wp-json\/wp\/v2\/product"}],"about":[{"href":"https:\/\/shop.bantam.ch\/de\/wp-json\/wp\/v2\/types\/product"}],"wp:featuredmedia":[{"embeddable":true,"href":"https:\/\/shop.bantam.ch\/de\/wp-json\/wp\/v2\/media\/193865"}],"wp:attachment":[{"href":"https:\/\/shop.bantam.ch\/de\/wp-json\/wp\/v2\/media?parent=193870"}],"wp:term":[{"taxonomy":"product_featured_cat","embeddable":true,"href":"https:\/\/shop.bantam.ch\/de\/wp-json\/wp\/v2\/product_featured_cat?post=193870"},{"taxonomy":"product_brand","embeddable":true,"href":"https:\/\/shop.bantam.ch\/de\/wp-json\/wp\/v2\/product_brand?post=193870"},{"taxonomy":"product_cat","embeddable":true,"href":"https:\/\/shop.bantam.ch\/de\/wp-json\/wp\/v2\/product_cat?post=193870"},{"taxonomy":"product_tag","embeddable":true,"href":"https:\/\/shop.bantam.ch\/de\/wp-json\/wp\/v2\/product_tag?post=193870"}],"curies":[{"name":"wp","href":"https:\/\/api.w.org\/{rel}","templated":true}]}}