{"id":193749,"date":"2024-05-15T14:41:45","date_gmt":"2024-05-15T12:41:45","guid":{"rendered":"https:\/\/shop.bantam.ch\/produit\/relaxmatte-eurotrail-200-x-270-cm-farbe-grau-gruen\/"},"modified":"2025-02-13T00:02:23","modified_gmt":"2025-02-12T23:02:23","slug":"relaxmatte-eurotrail-200-x-270-cm-farbe-grau-gruen","status":"publish","type":"product","link":"https:\/\/shop.bantam.ch\/de\/produkt\/relaxmatte-eurotrail-200-x-270-cm-farbe-grau-gruen\/","title":{"rendered":"Relaxmatte EuroTrail 200 x 270 cm, Farbe grau gr\u00fcn"},"content":{"rendered":"<p>Relaxmatte EuroTrail 200 x 270 cm, Farbe grau gr\u00fcn<\/p>\n<ul>\n<li>geeignet als Picknickdecke oder Teppich f\u00fcr Markisen oder Zelte<\/li>\n<li>UV-best\u00e4ndig<\/li>\n<li>leicht zu reinigen<\/li>\n<li>kann beidseitig verwendet werden<\/li>\n<li>an den Ecken befinden sich Schlaufen, zur Befestigung von Heringen (nicht im Lieferumfang enthalten)<\/li>\n<li>mit Tasche<\/li>\n<\/ul>\n","protected":false},"excerpt":{"rendered":"<p>Relaxmatte EuroTrail 200 x 270 cm, Farbe grau gr\u00fcn geeignet als Picknickdecke oder Teppich f\u00fcr Markisen oder Zelte UV-best\u00e4ndig leicht zu reinigen kann beidseitig verwendet werden an den Ecken befinden sich Schlaufen, zur Befestigung von Heringen (nicht im Lieferumfang enthalten) mit Tasche<\/p>\n","protected":false},"featured_media":206189,"template":"","meta":{"_acf_changed":false},"product_featured_cat":[],"product_brand":[3075],"product_cat":[4466,4262],"product_tag":[],"class_list":{"0":"post-193749","1":"product","2":"type-product","3":"status-publish","4":"has-post-thumbnail","6":"product_brand-eurotrail-de","7":"product_cat-strandmatten","8":"product_cat-zeltteppiche-boeden","10":"first","11":"instock","12":"taxable","13":"shipping-taxable","14":"purchasable","15":"product-type-simple"},"acf":[],"yoast_head":"<!-- This site is optimized with the Yoast SEO plugin v27.5 - https:\/\/yoast.com\/product\/yoast-seo-wordpress\/ -->\n<title>Relaxmatte EuroTrail 200 x 270 cm, Farbe grau gr\u00fcn - Bantam<\/title>\n<meta name=\"robots\" content=\"index, follow, max-snippet:-1, max-image-preview:large, max-video-preview:-1\" \/>\n<link rel=\"canonical\" href=\"https:\/\/shop.bantam.ch\/de\/produkt\/relaxmatte-eurotrail-200-x-270-cm-farbe-grau-gruen\/\" \/>\n<meta property=\"og:locale\" content=\"de_DE\" \/>\n<meta property=\"og:type\" content=\"article\" \/>\n<meta property=\"og:title\" content=\"Relaxmatte EuroTrail 200 x 270 cm, Farbe grau gr\u00fcn - Bantam\" \/>\n<meta property=\"og:description\" content=\"Relaxmatte EuroTrail 200 x 270 cm, Farbe grau gr\u00fcn geeignet als Picknickdecke oder Teppich f\u00fcr Markisen oder Zelte UV-best\u00e4ndig leicht zu reinigen kann beidseitig verwendet werden an den Ecken befinden sich Schlaufen, zur Befestigung von Heringen (nicht im Lieferumfang enthalten) mit Tasche\" \/>\n<meta property=\"og:url\" content=\"https:\/\/shop.bantam.ch\/de\/produkt\/relaxmatte-eurotrail-200-x-270-cm-farbe-grau-gruen\/\" \/>\n<meta property=\"og:site_name\" content=\"Bantam\" \/>\n<meta property=\"article:modified_time\" content=\"2025-02-12T23:02:23+00:00\" \/>\n<meta name=\"twitter:card\" content=\"summary_large_image\" \/>\n<script type=\"application\/ld+json\" class=\"yoast-schema-graph\">{\"@context\":\"https:\\\/\\\/schema.org\",\"@graph\":[{\"@type\":\"WebPage\",\"@id\":\"https:\\\/\\\/shop.bantam.ch\\\/de\\\/produkt\\\/relaxmatte-eurotrail-200-x-270-cm-farbe-grau-gruen\\\/\",\"url\":\"https:\\\/\\\/shop.bantam.ch\\\/de\\\/produkt\\\/relaxmatte-eurotrail-200-x-270-cm-farbe-grau-gruen\\\/\",\"name\":\"Relaxmatte EuroTrail 200 x 270 cm, Farbe grau gr\u00fcn - Bantam\",\"isPartOf\":{\"@id\":\"https:\\\/\\\/shop.bantam.ch\\\/de\\\/#website\"},\"primaryImageOfPage\":{\"@id\":\"https:\\\/\\\/shop.bantam.ch\\\/de\\\/produkt\\\/relaxmatte-eurotrail-200-x-270-cm-farbe-grau-gruen\\\/#primaryimage\"},\"image\":{\"@id\":\"https:\\\/\\\/shop.bantam.ch\\\/de\\\/produkt\\\/relaxmatte-eurotrail-200-x-270-cm-farbe-grau-gruen\\\/#primaryimage\"},\"thumbnailUrl\":\"https:\\\/\\\/shop.bantam.ch\\\/wp-content\\\/uploads\\\/2024\\\/09\\\/Movera-L-9945478100.jpg\",\"datePublished\":\"2024-05-15T12:41:45+00:00\",\"dateModified\":\"2025-02-12T23:02:23+00:00\",\"breadcrumb\":{\"@id\":\"https:\\\/\\\/shop.bantam.ch\\\/de\\\/produkt\\\/relaxmatte-eurotrail-200-x-270-cm-farbe-grau-gruen\\\/#breadcrumb\"},\"inLanguage\":\"de\",\"potentialAction\":[{\"@type\":\"ReadAction\",\"target\":[\"https:\\\/\\\/shop.bantam.ch\\\/de\\\/produkt\\\/relaxmatte-eurotrail-200-x-270-cm-farbe-grau-gruen\\\/\"]}]},{\"@type\":\"ImageObject\",\"inLanguage\":\"de\",\"@id\":\"https:\\\/\\\/shop.bantam.ch\\\/de\\\/produkt\\\/relaxmatte-eurotrail-200-x-270-cm-farbe-grau-gruen\\\/#primaryimage\",\"url\":\"https:\\\/\\\/shop.bantam.ch\\\/wp-content\\\/uploads\\\/2024\\\/09\\\/Movera-L-9945478100.jpg\",\"contentUrl\":\"https:\\\/\\\/shop.bantam.ch\\\/wp-content\\\/uploads\\\/2024\\\/09\\\/Movera-L-9945478100.jpg\",\"width\":640,\"height\":422},{\"@type\":\"BreadcrumbList\",\"@id\":\"https:\\\/\\\/shop.bantam.ch\\\/de\\\/produkt\\\/relaxmatte-eurotrail-200-x-270-cm-farbe-grau-gruen\\\/#breadcrumb\",\"itemListElement\":[{\"@type\":\"ListItem\",\"position\":1,\"name\":\"Accueil\",\"item\":\"https:\\\/\\\/shop.bantam.ch\\\/de\\\/\"},{\"@type\":\"ListItem\",\"position\":2,\"name\":\"Shop\",\"item\":\"https:\\\/\\\/shop.bantam.ch\\\/de\\\/shop\\\/\"},{\"@type\":\"ListItem\",\"position\":3,\"name\":\"Relaxmatte EuroTrail 200 x 270 cm, Farbe grau gr\u00fcn\"}]},{\"@type\":\"WebSite\",\"@id\":\"https:\\\/\\\/shop.bantam.ch\\\/de\\\/#website\",\"url\":\"https:\\\/\\\/shop.bantam.ch\\\/de\\\/\",\"name\":\"Bantam\",\"description\":\"\",\"publisher\":{\"@id\":\"https:\\\/\\\/shop.bantam.ch\\\/de\\\/#organization\"},\"inLanguage\":\"de\"},{\"@type\":\"Organization\",\"@id\":\"https:\\\/\\\/shop.bantam.ch\\\/de\\\/#organization\",\"name\":\"Bantam\",\"url\":\"https:\\\/\\\/shop.bantam.ch\\\/de\\\/\",\"logo\":{\"@type\":\"ImageObject\",\"inLanguage\":\"de\",\"@id\":\"https:\\\/\\\/shop.bantam.ch\\\/de\\\/#\\\/schema\\\/logo\\\/image\\\/\",\"url\":\"https:\\\/\\\/shop.bantam.ch\\\/wp-content\\\/uploads\\\/2022\\\/12\\\/bantam-logo.png\",\"contentUrl\":\"https:\\\/\\\/shop.bantam.ch\\\/wp-content\\\/uploads\\\/2022\\\/12\\\/bantam-logo.png\",\"width\":320,\"height\":71,\"caption\":\"Bantam\"},\"image\":{\"@id\":\"https:\\\/\\\/shop.bantam.ch\\\/de\\\/#\\\/schema\\\/logo\\\/image\\\/\"}}]}<\/script>\n<!-- \/ Yoast SEO plugin. -->","yoast_head_json":{"title":"Relaxmatte EuroTrail 200 x 270 cm, Farbe grau gr\u00fcn - Bantam","robots":{"index":"index","follow":"follow","max-snippet":"max-snippet:-1","max-image-preview":"max-image-preview:large","max-video-preview":"max-video-preview:-1"},"canonical":"https:\/\/shop.bantam.ch\/de\/produkt\/relaxmatte-eurotrail-200-x-270-cm-farbe-grau-gruen\/","og_locale":"de_DE","og_type":"article","og_title":"Relaxmatte EuroTrail 200 x 270 cm, Farbe grau gr\u00fcn - Bantam","og_description":"Relaxmatte EuroTrail 200 x 270 cm, Farbe grau gr\u00fcn geeignet als Picknickdecke oder Teppich f\u00fcr Markisen oder Zelte UV-best\u00e4ndig leicht zu reinigen kann beidseitig verwendet werden an den Ecken befinden sich Schlaufen, zur Befestigung von Heringen (nicht im Lieferumfang enthalten) mit Tasche","og_url":"https:\/\/shop.bantam.ch\/de\/produkt\/relaxmatte-eurotrail-200-x-270-cm-farbe-grau-gruen\/","og_site_name":"Bantam","article_modified_time":"2025-02-12T23:02:23+00:00","twitter_card":"summary_large_image","schema":{"@context":"https:\/\/schema.org","@graph":[{"@type":"WebPage","@id":"https:\/\/shop.bantam.ch\/de\/produkt\/relaxmatte-eurotrail-200-x-270-cm-farbe-grau-gruen\/","url":"https:\/\/shop.bantam.ch\/de\/produkt\/relaxmatte-eurotrail-200-x-270-cm-farbe-grau-gruen\/","name":"Relaxmatte EuroTrail 200 x 270 cm, Farbe grau gr\u00fcn - Bantam","isPartOf":{"@id":"https:\/\/shop.bantam.ch\/de\/#website"},"primaryImageOfPage":{"@id":"https:\/\/shop.bantam.ch\/de\/produkt\/relaxmatte-eurotrail-200-x-270-cm-farbe-grau-gruen\/#primaryimage"},"image":{"@id":"https:\/\/shop.bantam.ch\/de\/produkt\/relaxmatte-eurotrail-200-x-270-cm-farbe-grau-gruen\/#primaryimage"},"thumbnailUrl":"https:\/\/shop.bantam.ch\/wp-content\/uploads\/2024\/09\/Movera-L-9945478100.jpg","datePublished":"2024-05-15T12:41:45+00:00","dateModified":"2025-02-12T23:02:23+00:00","breadcrumb":{"@id":"https:\/\/shop.bantam.ch\/de\/produkt\/relaxmatte-eurotrail-200-x-270-cm-farbe-grau-gruen\/#breadcrumb"},"inLanguage":"de","potentialAction":[{"@type":"ReadAction","target":["https:\/\/shop.bantam.ch\/de\/produkt\/relaxmatte-eurotrail-200-x-270-cm-farbe-grau-gruen\/"]}]},{"@type":"ImageObject","inLanguage":"de","@id":"https:\/\/shop.bantam.ch\/de\/produkt\/relaxmatte-eurotrail-200-x-270-cm-farbe-grau-gruen\/#primaryimage","url":"https:\/\/shop.bantam.ch\/wp-content\/uploads\/2024\/09\/Movera-L-9945478100.jpg","contentUrl":"https:\/\/shop.bantam.ch\/wp-content\/uploads\/2024\/09\/Movera-L-9945478100.jpg","width":640,"height":422},{"@type":"BreadcrumbList","@id":"https:\/\/shop.bantam.ch\/de\/produkt\/relaxmatte-eurotrail-200-x-270-cm-farbe-grau-gruen\/#breadcrumb","itemListElement":[{"@type":"ListItem","position":1,"name":"Accueil","item":"https:\/\/shop.bantam.ch\/de\/"},{"@type":"ListItem","position":2,"name":"Shop","item":"https:\/\/shop.bantam.ch\/de\/shop\/"},{"@type":"ListItem","position":3,"name":"Relaxmatte EuroTrail 200 x 270 cm, Farbe grau gr\u00fcn"}]},{"@type":"WebSite","@id":"https:\/\/shop.bantam.ch\/de\/#website","url":"https:\/\/shop.bantam.ch\/de\/","name":"Bantam","description":"","publisher":{"@id":"https:\/\/shop.bantam.ch\/de\/#organization"},"inLanguage":"de"},{"@type":"Organization","@id":"https:\/\/shop.bantam.ch\/de\/#organization","name":"Bantam","url":"https:\/\/shop.bantam.ch\/de\/","logo":{"@type":"ImageObject","inLanguage":"de","@id":"https:\/\/shop.bantam.ch\/de\/#\/schema\/logo\/image\/","url":"https:\/\/shop.bantam.ch\/wp-content\/uploads\/2022\/12\/bantam-logo.png","contentUrl":"https:\/\/shop.bantam.ch\/wp-content\/uploads\/2022\/12\/bantam-logo.png","width":320,"height":71,"caption":"Bantam"},"image":{"@id":"https:\/\/shop.bantam.ch\/de\/#\/schema\/logo\/image\/"}}]}},"_links":{"self":[{"href":"https:\/\/shop.bantam.ch\/de\/wp-json\/wp\/v2\/product\/193749","targetHints":{"allow":["GET"]}}],"collection":[{"href":"https:\/\/shop.bantam.ch\/de\/wp-json\/wp\/v2\/product"}],"about":[{"href":"https:\/\/shop.bantam.ch\/de\/wp-json\/wp\/v2\/types\/product"}],"wp:featuredmedia":[{"embeddable":true,"href":"https:\/\/shop.bantam.ch\/de\/wp-json\/wp\/v2\/media\/206189"}],"wp:attachment":[{"href":"https:\/\/shop.bantam.ch\/de\/wp-json\/wp\/v2\/media?parent=193749"}],"wp:term":[{"taxonomy":"product_featured_cat","embeddable":true,"href":"https:\/\/shop.bantam.ch\/de\/wp-json\/wp\/v2\/product_featured_cat?post=193749"},{"taxonomy":"product_brand","embeddable":true,"href":"https:\/\/shop.bantam.ch\/de\/wp-json\/wp\/v2\/product_brand?post=193749"},{"taxonomy":"product_cat","embeddable":true,"href":"https:\/\/shop.bantam.ch\/de\/wp-json\/wp\/v2\/product_cat?post=193749"},{"taxonomy":"product_tag","embeddable":true,"href":"https:\/\/shop.bantam.ch\/de\/wp-json\/wp\/v2\/product_tag?post=193749"}],"curies":[{"name":"wp","href":"https:\/\/api.w.org\/{rel}","templated":true}]}}