{"id":193719,"date":"2024-05-15T14:40:17","date_gmt":"2024-05-15T12:40:17","guid":{"rendered":"https:\/\/shop.bantam.ch\/produit\/fahrradtraeger-fiamma-carry-bike-ford-custom-farbe-deep-black-50-kg-traglast-e-bike-moeglich\/"},"modified":"2026-04-19T23:04:40","modified_gmt":"2026-04-19T21:04:40","slug":"fahrradtraeger-fiamma-carry-bike-ford-custom-farbe-deep-black-50-kg-traglast-e-bike-moeglich","status":"publish","type":"product","link":"https:\/\/shop.bantam.ch\/de\/produkt\/fahrradtraeger-fiamma-carry-bike-ford-custom-farbe-deep-black-50-kg-traglast-e-bike-moeglich\/","title":{"rendered":"Fahrradtr\u00e4ger FIAMMA Carry Bike Ford Custom, Farbe deep black, 50 kg Traglast, E-Bike m\u00f6glich"},"content":{"rendered":"<p>F\u00fcr Fahrzeuge mit einteiliger Heckt\u00fcr und auch f\u00fcr Modelle mit Aufstelldach.<br \/>\nDas kalandrierte Profil, das der Form des Fahrzeugs folgt, sorgt f\u00fcr eine optimale Haftung am unteren Teil der Heckklappe.<\/p>\n<p>F\u00fcr 2 Fahrr\u00e4der, erweiterbar auf 3 Fahrr\u00e4der \/ 2 E-Bike<\/p>\n<p>&nbsp;<\/p>\n<p>Lieferumfang:<\/p>\n<p>Inklusive&nbsp;Bike-Block Pro 1 und Pro3 Strip<\/p>\n<p>2 x Schiene Rail Plus<\/p>\n<p>Montagehalterung.<\/p>\n","protected":false},"excerpt":{"rendered":"<p>F\u00fcr Fahrzeuge mit einteiliger Heckt\u00fcr und auch f\u00fcr Modelle mit Aufstelldach. Das kalandrierte Profil, das der Form des Fahrzeugs folgt, sorgt f\u00fcr eine optimale Haftung am unteren Teil der Heckklappe. F\u00fcr 2 Fahrr\u00e4der, erweiterbar auf 3 Fahrr\u00e4der \/ 2 E-Bike &nbsp; Lieferumfang: Inklusive&nbsp;Bike-Block Pro 1 und Pro3 Strip 2 x Schiene Rail Plus Montagehalterung.<\/p>\n","protected":false},"featured_media":206165,"template":"","meta":{"_acf_changed":false},"product_featured_cat":[],"product_brand":[3035],"product_cat":[5138],"product_tag":[],"class_list":{"0":"post-193719","1":"product","2":"type-product","3":"status-publish","4":"has-post-thumbnail","6":"product_brand-fiamma-de","7":"product_cat-heck-fahrradtraeger","9":"first","10":"instock","11":"taxable","12":"shipping-taxable","13":"purchasable","14":"product-type-simple"},"acf":[],"yoast_head":"<!-- This site is optimized with the Yoast SEO plugin v27.4 - https:\/\/yoast.com\/product\/yoast-seo-wordpress\/ -->\n<title>Fahrradtr\u00e4ger FIAMMA Carry Bike Ford Custom, Farbe deep black, 50 kg Traglast, E-Bike m\u00f6glich - Bantam Camping AG<\/title>\n<meta name=\"robots\" content=\"index, follow, max-snippet:-1, max-image-preview:large, max-video-preview:-1\" \/>\n<link rel=\"canonical\" href=\"https:\/\/shop.bantam.ch\/de\/produkt\/fahrradtraeger-fiamma-carry-bike-ford-custom-farbe-deep-black-50-kg-traglast-e-bike-moeglich\/\" \/>\n<meta property=\"og:locale\" content=\"de_DE\" \/>\n<meta property=\"og:type\" content=\"article\" \/>\n<meta property=\"og:title\" content=\"Fahrradtr\u00e4ger FIAMMA Carry Bike Ford Custom, Farbe deep black, 50 kg Traglast, E-Bike m\u00f6glich - Bantam Camping AG\" \/>\n<meta property=\"og:description\" content=\"F\u00fcr Fahrzeuge mit einteiliger Heckt\u00fcr und auch f\u00fcr Modelle mit Aufstelldach. Das kalandrierte Profil, das der Form des Fahrzeugs folgt, sorgt f\u00fcr eine optimale Haftung am unteren Teil der Heckklappe. F\u00fcr 2 Fahrr\u00e4der, erweiterbar auf 3 Fahrr\u00e4der \/ 2 E-Bike &nbsp; Lieferumfang: Inklusive&nbsp;Bike-Block Pro 1 und Pro3 Strip 2 x Schiene Rail Plus Montagehalterung.\" \/>\n<meta property=\"og:url\" content=\"https:\/\/shop.bantam.ch\/de\/produkt\/fahrradtraeger-fiamma-carry-bike-ford-custom-farbe-deep-black-50-kg-traglast-e-bike-moeglich\/\" \/>\n<meta property=\"og:site_name\" content=\"Bantam Camping AG\" \/>\n<meta property=\"article:modified_time\" content=\"2026-04-19T21:04:40+00:00\" \/>\n<meta property=\"og:image\" content=\"https:\/\/shop.bantam.ch\/wp-content\/uploads\/2024\/05\/Movera-L-9945453100.jpg\" \/>\n\t<meta property=\"og:image:width\" content=\"640\" \/>\n\t<meta property=\"og:image:height\" content=\"360\" \/>\n\t<meta property=\"og:image:type\" content=\"image\/jpeg\" \/>\n<meta name=\"twitter:card\" content=\"summary_large_image\" \/>\n<script type=\"application\/ld+json\" class=\"yoast-schema-graph\">{\"@context\":\"https:\\\/\\\/schema.org\",\"@graph\":[{\"@type\":\"WebPage\",\"@id\":\"https:\\\/\\\/shop.bantam.ch\\\/de\\\/produkt\\\/fahrradtraeger-fiamma-carry-bike-ford-custom-farbe-deep-black-50-kg-traglast-e-bike-moeglich\\\/\",\"url\":\"https:\\\/\\\/shop.bantam.ch\\\/de\\\/produkt\\\/fahrradtraeger-fiamma-carry-bike-ford-custom-farbe-deep-black-50-kg-traglast-e-bike-moeglich\\\/\",\"name\":\"Fahrradtr\u00e4ger FIAMMA Carry Bike Ford Custom, Farbe deep black, 50 kg Traglast, E-Bike m\u00f6glich - Bantam Camping AG\",\"isPartOf\":{\"@id\":\"https:\\\/\\\/shop.bantam.ch\\\/de\\\/#website\"},\"primaryImageOfPage\":{\"@id\":\"https:\\\/\\\/shop.bantam.ch\\\/de\\\/produkt\\\/fahrradtraeger-fiamma-carry-bike-ford-custom-farbe-deep-black-50-kg-traglast-e-bike-moeglich\\\/#primaryimage\"},\"image\":{\"@id\":\"https:\\\/\\\/shop.bantam.ch\\\/de\\\/produkt\\\/fahrradtraeger-fiamma-carry-bike-ford-custom-farbe-deep-black-50-kg-traglast-e-bike-moeglich\\\/#primaryimage\"},\"thumbnailUrl\":\"https:\\\/\\\/shop.bantam.ch\\\/wp-content\\\/uploads\\\/2024\\\/09\\\/Movera-L-9945453100.jpg\",\"datePublished\":\"2024-05-15T12:40:17+00:00\",\"dateModified\":\"2026-04-19T21:04:40+00:00\",\"breadcrumb\":{\"@id\":\"https:\\\/\\\/shop.bantam.ch\\\/de\\\/produkt\\\/fahrradtraeger-fiamma-carry-bike-ford-custom-farbe-deep-black-50-kg-traglast-e-bike-moeglich\\\/#breadcrumb\"},\"inLanguage\":\"de\",\"potentialAction\":[{\"@type\":\"ReadAction\",\"target\":[\"https:\\\/\\\/shop.bantam.ch\\\/de\\\/produkt\\\/fahrradtraeger-fiamma-carry-bike-ford-custom-farbe-deep-black-50-kg-traglast-e-bike-moeglich\\\/\"]}]},{\"@type\":\"ImageObject\",\"inLanguage\":\"de\",\"@id\":\"https:\\\/\\\/shop.bantam.ch\\\/de\\\/produkt\\\/fahrradtraeger-fiamma-carry-bike-ford-custom-farbe-deep-black-50-kg-traglast-e-bike-moeglich\\\/#primaryimage\",\"url\":\"https:\\\/\\\/shop.bantam.ch\\\/wp-content\\\/uploads\\\/2024\\\/09\\\/Movera-L-9945453100.jpg\",\"contentUrl\":\"https:\\\/\\\/shop.bantam.ch\\\/wp-content\\\/uploads\\\/2024\\\/09\\\/Movera-L-9945453100.jpg\",\"width\":640,\"height\":360},{\"@type\":\"BreadcrumbList\",\"@id\":\"https:\\\/\\\/shop.bantam.ch\\\/de\\\/produkt\\\/fahrradtraeger-fiamma-carry-bike-ford-custom-farbe-deep-black-50-kg-traglast-e-bike-moeglich\\\/#breadcrumb\",\"itemListElement\":[{\"@type\":\"ListItem\",\"position\":1,\"name\":\"Accueil\",\"item\":\"https:\\\/\\\/shop.bantam.ch\\\/de\\\/\"},{\"@type\":\"ListItem\",\"position\":2,\"name\":\"Shop\",\"item\":\"https:\\\/\\\/shop.bantam.ch\\\/de\\\/shop\\\/\"},{\"@type\":\"ListItem\",\"position\":3,\"name\":\"Fahrradtr\u00e4ger FIAMMA Carry Bike Ford Custom, Farbe deep black, 50 kg Traglast, E-Bike m\u00f6glich\"}]},{\"@type\":\"WebSite\",\"@id\":\"https:\\\/\\\/shop.bantam.ch\\\/de\\\/#website\",\"url\":\"https:\\\/\\\/shop.bantam.ch\\\/de\\\/\",\"name\":\"Bantam Camping AG\",\"description\":\"\",\"publisher\":{\"@id\":\"https:\\\/\\\/shop.bantam.ch\\\/de\\\/#organization\"},\"inLanguage\":\"de\"},{\"@type\":\"Organization\",\"@id\":\"https:\\\/\\\/shop.bantam.ch\\\/de\\\/#organization\",\"name\":\"Bantam Camping AG\",\"url\":\"https:\\\/\\\/shop.bantam.ch\\\/de\\\/\",\"logo\":{\"@type\":\"ImageObject\",\"inLanguage\":\"de\",\"@id\":\"https:\\\/\\\/shop.bantam.ch\\\/de\\\/#\\\/schema\\\/logo\\\/image\\\/\",\"url\":\"https:\\\/\\\/shop.bantam.ch\\\/wp-content\\\/uploads\\\/2022\\\/12\\\/bantam-logo.png\",\"contentUrl\":\"https:\\\/\\\/shop.bantam.ch\\\/wp-content\\\/uploads\\\/2022\\\/12\\\/bantam-logo.png\",\"width\":320,\"height\":71,\"caption\":\"Bantam Camping AG\"},\"image\":{\"@id\":\"https:\\\/\\\/shop.bantam.ch\\\/de\\\/#\\\/schema\\\/logo\\\/image\\\/\"}}]}<\/script>\n<!-- \/ Yoast SEO plugin. -->","yoast_head_json":{"title":"Fahrradtr\u00e4ger FIAMMA Carry Bike Ford Custom, Farbe deep black, 50 kg Traglast, E-Bike m\u00f6glich - Bantam Camping AG","robots":{"index":"index","follow":"follow","max-snippet":"max-snippet:-1","max-image-preview":"max-image-preview:large","max-video-preview":"max-video-preview:-1"},"canonical":"https:\/\/shop.bantam.ch\/de\/produkt\/fahrradtraeger-fiamma-carry-bike-ford-custom-farbe-deep-black-50-kg-traglast-e-bike-moeglich\/","og_locale":"de_DE","og_type":"article","og_title":"Fahrradtr\u00e4ger FIAMMA Carry Bike Ford Custom, Farbe deep black, 50 kg Traglast, E-Bike m\u00f6glich - Bantam Camping AG","og_description":"F\u00fcr Fahrzeuge mit einteiliger Heckt\u00fcr und auch f\u00fcr Modelle mit Aufstelldach. Das kalandrierte Profil, das der Form des Fahrzeugs folgt, sorgt f\u00fcr eine optimale Haftung am unteren Teil der Heckklappe. F\u00fcr 2 Fahrr\u00e4der, erweiterbar auf 3 Fahrr\u00e4der \/ 2 E-Bike &nbsp; Lieferumfang: Inklusive&nbsp;Bike-Block Pro 1 und Pro3 Strip 2 x Schiene Rail Plus Montagehalterung.","og_url":"https:\/\/shop.bantam.ch\/de\/produkt\/fahrradtraeger-fiamma-carry-bike-ford-custom-farbe-deep-black-50-kg-traglast-e-bike-moeglich\/","og_site_name":"Bantam Camping AG","article_modified_time":"2026-04-19T21:04:40+00:00","og_image":[{"width":640,"height":360,"url":"https:\/\/shop.bantam.ch\/wp-content\/uploads\/2024\/05\/Movera-L-9945453100.jpg","type":"image\/jpeg"}],"twitter_card":"summary_large_image","schema":{"@context":"https:\/\/schema.org","@graph":[{"@type":"WebPage","@id":"https:\/\/shop.bantam.ch\/de\/produkt\/fahrradtraeger-fiamma-carry-bike-ford-custom-farbe-deep-black-50-kg-traglast-e-bike-moeglich\/","url":"https:\/\/shop.bantam.ch\/de\/produkt\/fahrradtraeger-fiamma-carry-bike-ford-custom-farbe-deep-black-50-kg-traglast-e-bike-moeglich\/","name":"Fahrradtr\u00e4ger FIAMMA Carry Bike Ford Custom, Farbe deep black, 50 kg Traglast, E-Bike m\u00f6glich - Bantam Camping AG","isPartOf":{"@id":"https:\/\/shop.bantam.ch\/de\/#website"},"primaryImageOfPage":{"@id":"https:\/\/shop.bantam.ch\/de\/produkt\/fahrradtraeger-fiamma-carry-bike-ford-custom-farbe-deep-black-50-kg-traglast-e-bike-moeglich\/#primaryimage"},"image":{"@id":"https:\/\/shop.bantam.ch\/de\/produkt\/fahrradtraeger-fiamma-carry-bike-ford-custom-farbe-deep-black-50-kg-traglast-e-bike-moeglich\/#primaryimage"},"thumbnailUrl":"https:\/\/shop.bantam.ch\/wp-content\/uploads\/2024\/09\/Movera-L-9945453100.jpg","datePublished":"2024-05-15T12:40:17+00:00","dateModified":"2026-04-19T21:04:40+00:00","breadcrumb":{"@id":"https:\/\/shop.bantam.ch\/de\/produkt\/fahrradtraeger-fiamma-carry-bike-ford-custom-farbe-deep-black-50-kg-traglast-e-bike-moeglich\/#breadcrumb"},"inLanguage":"de","potentialAction":[{"@type":"ReadAction","target":["https:\/\/shop.bantam.ch\/de\/produkt\/fahrradtraeger-fiamma-carry-bike-ford-custom-farbe-deep-black-50-kg-traglast-e-bike-moeglich\/"]}]},{"@type":"ImageObject","inLanguage":"de","@id":"https:\/\/shop.bantam.ch\/de\/produkt\/fahrradtraeger-fiamma-carry-bike-ford-custom-farbe-deep-black-50-kg-traglast-e-bike-moeglich\/#primaryimage","url":"https:\/\/shop.bantam.ch\/wp-content\/uploads\/2024\/09\/Movera-L-9945453100.jpg","contentUrl":"https:\/\/shop.bantam.ch\/wp-content\/uploads\/2024\/09\/Movera-L-9945453100.jpg","width":640,"height":360},{"@type":"BreadcrumbList","@id":"https:\/\/shop.bantam.ch\/de\/produkt\/fahrradtraeger-fiamma-carry-bike-ford-custom-farbe-deep-black-50-kg-traglast-e-bike-moeglich\/#breadcrumb","itemListElement":[{"@type":"ListItem","position":1,"name":"Accueil","item":"https:\/\/shop.bantam.ch\/de\/"},{"@type":"ListItem","position":2,"name":"Shop","item":"https:\/\/shop.bantam.ch\/de\/shop\/"},{"@type":"ListItem","position":3,"name":"Fahrradtr\u00e4ger FIAMMA Carry Bike Ford Custom, Farbe deep black, 50 kg Traglast, E-Bike m\u00f6glich"}]},{"@type":"WebSite","@id":"https:\/\/shop.bantam.ch\/de\/#website","url":"https:\/\/shop.bantam.ch\/de\/","name":"Bantam Camping AG","description":"","publisher":{"@id":"https:\/\/shop.bantam.ch\/de\/#organization"},"inLanguage":"de"},{"@type":"Organization","@id":"https:\/\/shop.bantam.ch\/de\/#organization","name":"Bantam Camping AG","url":"https:\/\/shop.bantam.ch\/de\/","logo":{"@type":"ImageObject","inLanguage":"de","@id":"https:\/\/shop.bantam.ch\/de\/#\/schema\/logo\/image\/","url":"https:\/\/shop.bantam.ch\/wp-content\/uploads\/2022\/12\/bantam-logo.png","contentUrl":"https:\/\/shop.bantam.ch\/wp-content\/uploads\/2022\/12\/bantam-logo.png","width":320,"height":71,"caption":"Bantam Camping AG"},"image":{"@id":"https:\/\/shop.bantam.ch\/de\/#\/schema\/logo\/image\/"}}]}},"_links":{"self":[{"href":"https:\/\/shop.bantam.ch\/de\/wp-json\/wp\/v2\/product\/193719","targetHints":{"allow":["GET"]}}],"collection":[{"href":"https:\/\/shop.bantam.ch\/de\/wp-json\/wp\/v2\/product"}],"about":[{"href":"https:\/\/shop.bantam.ch\/de\/wp-json\/wp\/v2\/types\/product"}],"wp:featuredmedia":[{"embeddable":true,"href":"https:\/\/shop.bantam.ch\/de\/wp-json\/wp\/v2\/media\/206165"}],"wp:attachment":[{"href":"https:\/\/shop.bantam.ch\/de\/wp-json\/wp\/v2\/media?parent=193719"}],"wp:term":[{"taxonomy":"product_featured_cat","embeddable":true,"href":"https:\/\/shop.bantam.ch\/de\/wp-json\/wp\/v2\/product_featured_cat?post=193719"},{"taxonomy":"product_brand","embeddable":true,"href":"https:\/\/shop.bantam.ch\/de\/wp-json\/wp\/v2\/product_brand?post=193719"},{"taxonomy":"product_cat","embeddable":true,"href":"https:\/\/shop.bantam.ch\/de\/wp-json\/wp\/v2\/product_cat?post=193719"},{"taxonomy":"product_tag","embeddable":true,"href":"https:\/\/shop.bantam.ch\/de\/wp-json\/wp\/v2\/product_tag?post=193719"}],"curies":[{"name":"wp","href":"https:\/\/api.w.org\/{rel}","templated":true}]}}