{"id":193605,"date":"2024-05-15T14:34:59","date_gmt":"2024-05-15T12:34:59","guid":{"rendered":"https:\/\/shop.bantam.ch\/produit\/kettenreiniger-spray-petec-inhalt-500-ml\/"},"modified":"2026-04-17T22:58:29","modified_gmt":"2026-04-17T20:58:29","slug":"kettenreiniger-spray-petec-inhalt-500-ml","status":"publish","type":"product","link":"https:\/\/shop.bantam.ch\/de\/produkt\/kettenreiniger-spray-petec-inhalt-500-ml\/","title":{"rendered":"Kettenreiniger Spray Petec Inhalt 500 ml"},"content":{"rendered":"<p>Eignet sich hervorragend zum Reinigen von stark verschmutzten, verharzten oder ver\u00f6lten Antriebsketten wie z. B. X-, O-und Z-Kettentypen. Das intensiv wirkende Reinigungsmittel l\u00f6st hartn\u00e4ckige Wachs-, \u00d6l-, und Fettr\u00fcckst\u00e4nde von der Kette. Durch die schnelle Verdunstung stellt sich kurzfristig ein optimaler Reinigungseffekt ein.<\/p>\n<ul>\n<li>sehr gute Reinigungswirkung und schnell trocknend<\/li>\n<li>vertr\u00e4glich gegen\u00fcber vielen Materialien wie z. B. Metall, Kunststoff, Carbon, Keramik, Glas &amp; lackierten Oberfl\u00e4chen<\/li>\n<li>schnell trocknend<\/li>\n<li>nicht korrosiv<\/li>\n<li>silikon- und acetonfrei<\/li>\n<li>auch zum Reinigen von Bremsscheiben, Bremsbel\u00e4gen und sonstigen Zubeh\u00f6r<\/li>\n<li>hervorragend geeignet f\u00fcr Fahrrad, E-Bike, Motorrad, Stapler, Flurf\u00f6rderfahrzeuge und sonstigen Maschinen mit Kettenantrieb<\/li>\n<li>Vario-Spr\u00fchkopf f\u00fcr punktuelle und fl\u00e4chige Anwendungen<\/li>\n<\/ul>\n","protected":false},"excerpt":{"rendered":"<p>Eignet sich hervorragend zum Reinigen von stark verschmutzten, verharzten oder ver\u00f6lten Antriebsketten wie z. B. X-, O-und Z-Kettentypen. Das intensiv wirkende Reinigungsmittel l\u00f6st hartn\u00e4ckige Wachs-, \u00d6l-, und Fettr\u00fcckst\u00e4nde von der Kette. Durch die schnelle Verdunstung stellt sich kurzfristig ein optimaler Reinigungseffekt ein. sehr gute Reinigungswirkung und schnell trocknend vertr\u00e4glich gegen\u00fcber vielen Materialien wie z. B. [&hellip;]<\/p>\n","protected":false},"featured_media":206077,"template":"","meta":{"_acf_changed":false},"product_featured_cat":[],"product_brand":[3595],"product_cat":[5092],"product_tag":[],"class_list":{"0":"post-193605","1":"product","2":"type-product","3":"status-publish","4":"has-post-thumbnail","6":"product_brand-petec-de","7":"product_cat-reinigung-spezialreiniger","9":"first","10":"instock","11":"taxable","12":"shipping-taxable","13":"purchasable","14":"product-type-simple"},"acf":[],"yoast_head":"<!-- This site is optimized with the Yoast SEO plugin v27.4 - https:\/\/yoast.com\/product\/yoast-seo-wordpress\/ -->\n<title>Kettenreiniger Spray Petec Inhalt 500 ml - Bantam Camping AG<\/title>\n<meta name=\"robots\" content=\"index, follow, max-snippet:-1, max-image-preview:large, max-video-preview:-1\" \/>\n<link rel=\"canonical\" href=\"https:\/\/shop.bantam.ch\/de\/produkt\/kettenreiniger-spray-petec-inhalt-500-ml\/\" \/>\n<meta property=\"og:locale\" content=\"de_DE\" \/>\n<meta property=\"og:type\" content=\"article\" \/>\n<meta property=\"og:title\" content=\"Kettenreiniger Spray Petec Inhalt 500 ml - Bantam Camping AG\" \/>\n<meta property=\"og:description\" content=\"Eignet sich hervorragend zum Reinigen von stark verschmutzten, verharzten oder ver\u00f6lten Antriebsketten wie z. B. X-, O-und Z-Kettentypen. Das intensiv wirkende Reinigungsmittel l\u00f6st hartn\u00e4ckige Wachs-, \u00d6l-, und Fettr\u00fcckst\u00e4nde von der Kette. Durch die schnelle Verdunstung stellt sich kurzfristig ein optimaler Reinigungseffekt ein. sehr gute Reinigungswirkung und schnell trocknend vertr\u00e4glich gegen\u00fcber vielen Materialien wie z. B. [&hellip;]\" \/>\n<meta property=\"og:url\" content=\"https:\/\/shop.bantam.ch\/de\/produkt\/kettenreiniger-spray-petec-inhalt-500-ml\/\" \/>\n<meta property=\"og:site_name\" content=\"Bantam Camping AG\" \/>\n<meta property=\"article:modified_time\" content=\"2026-04-17T20:58:29+00:00\" \/>\n<meta property=\"og:image\" content=\"https:\/\/shop.bantam.ch\/wp-content\/uploads\/2024\/05\/Movera-L-9945336100.jpg\" \/>\n\t<meta property=\"og:image:width\" content=\"127\" \/>\n\t<meta property=\"og:image:height\" content=\"400\" \/>\n\t<meta property=\"og:image:type\" content=\"image\/jpeg\" \/>\n<meta name=\"twitter:card\" content=\"summary_large_image\" \/>\n<meta name=\"twitter:label1\" content=\"Gesch\u00e4tzte Lesezeit\" \/>\n\t<meta name=\"twitter:data1\" content=\"1\u00a0Minute\" \/>\n<script type=\"application\/ld+json\" class=\"yoast-schema-graph\">{\"@context\":\"https:\\\/\\\/schema.org\",\"@graph\":[{\"@type\":\"WebPage\",\"@id\":\"https:\\\/\\\/shop.bantam.ch\\\/de\\\/produkt\\\/kettenreiniger-spray-petec-inhalt-500-ml\\\/\",\"url\":\"https:\\\/\\\/shop.bantam.ch\\\/de\\\/produkt\\\/kettenreiniger-spray-petec-inhalt-500-ml\\\/\",\"name\":\"Kettenreiniger Spray Petec Inhalt 500 ml - Bantam Camping AG\",\"isPartOf\":{\"@id\":\"https:\\\/\\\/shop.bantam.ch\\\/de\\\/#website\"},\"primaryImageOfPage\":{\"@id\":\"https:\\\/\\\/shop.bantam.ch\\\/de\\\/produkt\\\/kettenreiniger-spray-petec-inhalt-500-ml\\\/#primaryimage\"},\"image\":{\"@id\":\"https:\\\/\\\/shop.bantam.ch\\\/de\\\/produkt\\\/kettenreiniger-spray-petec-inhalt-500-ml\\\/#primaryimage\"},\"thumbnailUrl\":\"https:\\\/\\\/shop.bantam.ch\\\/wp-content\\\/uploads\\\/2024\\\/09\\\/Movera-L-9945336100.jpg\",\"datePublished\":\"2024-05-15T12:34:59+00:00\",\"dateModified\":\"2026-04-17T20:58:29+00:00\",\"breadcrumb\":{\"@id\":\"https:\\\/\\\/shop.bantam.ch\\\/de\\\/produkt\\\/kettenreiniger-spray-petec-inhalt-500-ml\\\/#breadcrumb\"},\"inLanguage\":\"de\",\"potentialAction\":[{\"@type\":\"ReadAction\",\"target\":[\"https:\\\/\\\/shop.bantam.ch\\\/de\\\/produkt\\\/kettenreiniger-spray-petec-inhalt-500-ml\\\/\"]}]},{\"@type\":\"ImageObject\",\"inLanguage\":\"de\",\"@id\":\"https:\\\/\\\/shop.bantam.ch\\\/de\\\/produkt\\\/kettenreiniger-spray-petec-inhalt-500-ml\\\/#primaryimage\",\"url\":\"https:\\\/\\\/shop.bantam.ch\\\/wp-content\\\/uploads\\\/2024\\\/09\\\/Movera-L-9945336100.jpg\",\"contentUrl\":\"https:\\\/\\\/shop.bantam.ch\\\/wp-content\\\/uploads\\\/2024\\\/09\\\/Movera-L-9945336100.jpg\",\"width\":127,\"height\":400},{\"@type\":\"BreadcrumbList\",\"@id\":\"https:\\\/\\\/shop.bantam.ch\\\/de\\\/produkt\\\/kettenreiniger-spray-petec-inhalt-500-ml\\\/#breadcrumb\",\"itemListElement\":[{\"@type\":\"ListItem\",\"position\":1,\"name\":\"Accueil\",\"item\":\"https:\\\/\\\/shop.bantam.ch\\\/de\\\/\"},{\"@type\":\"ListItem\",\"position\":2,\"name\":\"Shop\",\"item\":\"https:\\\/\\\/shop.bantam.ch\\\/de\\\/shop\\\/\"},{\"@type\":\"ListItem\",\"position\":3,\"name\":\"Kettenreiniger Spray Petec Inhalt 500 ml\"}]},{\"@type\":\"WebSite\",\"@id\":\"https:\\\/\\\/shop.bantam.ch\\\/de\\\/#website\",\"url\":\"https:\\\/\\\/shop.bantam.ch\\\/de\\\/\",\"name\":\"Bantam Camping AG\",\"description\":\"\",\"publisher\":{\"@id\":\"https:\\\/\\\/shop.bantam.ch\\\/de\\\/#organization\"},\"inLanguage\":\"de\"},{\"@type\":\"Organization\",\"@id\":\"https:\\\/\\\/shop.bantam.ch\\\/de\\\/#organization\",\"name\":\"Bantam Camping AG\",\"url\":\"https:\\\/\\\/shop.bantam.ch\\\/de\\\/\",\"logo\":{\"@type\":\"ImageObject\",\"inLanguage\":\"de\",\"@id\":\"https:\\\/\\\/shop.bantam.ch\\\/de\\\/#\\\/schema\\\/logo\\\/image\\\/\",\"url\":\"https:\\\/\\\/shop.bantam.ch\\\/wp-content\\\/uploads\\\/2022\\\/12\\\/bantam-logo.png\",\"contentUrl\":\"https:\\\/\\\/shop.bantam.ch\\\/wp-content\\\/uploads\\\/2022\\\/12\\\/bantam-logo.png\",\"width\":320,\"height\":71,\"caption\":\"Bantam Camping AG\"},\"image\":{\"@id\":\"https:\\\/\\\/shop.bantam.ch\\\/de\\\/#\\\/schema\\\/logo\\\/image\\\/\"}}]}<\/script>\n<!-- \/ Yoast SEO plugin. -->","yoast_head_json":{"title":"Kettenreiniger Spray Petec Inhalt 500 ml - Bantam Camping AG","robots":{"index":"index","follow":"follow","max-snippet":"max-snippet:-1","max-image-preview":"max-image-preview:large","max-video-preview":"max-video-preview:-1"},"canonical":"https:\/\/shop.bantam.ch\/de\/produkt\/kettenreiniger-spray-petec-inhalt-500-ml\/","og_locale":"de_DE","og_type":"article","og_title":"Kettenreiniger Spray Petec Inhalt 500 ml - Bantam Camping AG","og_description":"Eignet sich hervorragend zum Reinigen von stark verschmutzten, verharzten oder ver\u00f6lten Antriebsketten wie z. B. X-, O-und Z-Kettentypen. Das intensiv wirkende Reinigungsmittel l\u00f6st hartn\u00e4ckige Wachs-, \u00d6l-, und Fettr\u00fcckst\u00e4nde von der Kette. Durch die schnelle Verdunstung stellt sich kurzfristig ein optimaler Reinigungseffekt ein. sehr gute Reinigungswirkung und schnell trocknend vertr\u00e4glich gegen\u00fcber vielen Materialien wie z. B. [&hellip;]","og_url":"https:\/\/shop.bantam.ch\/de\/produkt\/kettenreiniger-spray-petec-inhalt-500-ml\/","og_site_name":"Bantam Camping AG","article_modified_time":"2026-04-17T20:58:29+00:00","og_image":[{"width":127,"height":400,"url":"https:\/\/shop.bantam.ch\/wp-content\/uploads\/2024\/05\/Movera-L-9945336100.jpg","type":"image\/jpeg"}],"twitter_card":"summary_large_image","twitter_misc":{"Gesch\u00e4tzte Lesezeit":"1\u00a0Minute"},"schema":{"@context":"https:\/\/schema.org","@graph":[{"@type":"WebPage","@id":"https:\/\/shop.bantam.ch\/de\/produkt\/kettenreiniger-spray-petec-inhalt-500-ml\/","url":"https:\/\/shop.bantam.ch\/de\/produkt\/kettenreiniger-spray-petec-inhalt-500-ml\/","name":"Kettenreiniger Spray Petec Inhalt 500 ml - Bantam Camping AG","isPartOf":{"@id":"https:\/\/shop.bantam.ch\/de\/#website"},"primaryImageOfPage":{"@id":"https:\/\/shop.bantam.ch\/de\/produkt\/kettenreiniger-spray-petec-inhalt-500-ml\/#primaryimage"},"image":{"@id":"https:\/\/shop.bantam.ch\/de\/produkt\/kettenreiniger-spray-petec-inhalt-500-ml\/#primaryimage"},"thumbnailUrl":"https:\/\/shop.bantam.ch\/wp-content\/uploads\/2024\/09\/Movera-L-9945336100.jpg","datePublished":"2024-05-15T12:34:59+00:00","dateModified":"2026-04-17T20:58:29+00:00","breadcrumb":{"@id":"https:\/\/shop.bantam.ch\/de\/produkt\/kettenreiniger-spray-petec-inhalt-500-ml\/#breadcrumb"},"inLanguage":"de","potentialAction":[{"@type":"ReadAction","target":["https:\/\/shop.bantam.ch\/de\/produkt\/kettenreiniger-spray-petec-inhalt-500-ml\/"]}]},{"@type":"ImageObject","inLanguage":"de","@id":"https:\/\/shop.bantam.ch\/de\/produkt\/kettenreiniger-spray-petec-inhalt-500-ml\/#primaryimage","url":"https:\/\/shop.bantam.ch\/wp-content\/uploads\/2024\/09\/Movera-L-9945336100.jpg","contentUrl":"https:\/\/shop.bantam.ch\/wp-content\/uploads\/2024\/09\/Movera-L-9945336100.jpg","width":127,"height":400},{"@type":"BreadcrumbList","@id":"https:\/\/shop.bantam.ch\/de\/produkt\/kettenreiniger-spray-petec-inhalt-500-ml\/#breadcrumb","itemListElement":[{"@type":"ListItem","position":1,"name":"Accueil","item":"https:\/\/shop.bantam.ch\/de\/"},{"@type":"ListItem","position":2,"name":"Shop","item":"https:\/\/shop.bantam.ch\/de\/shop\/"},{"@type":"ListItem","position":3,"name":"Kettenreiniger Spray Petec Inhalt 500 ml"}]},{"@type":"WebSite","@id":"https:\/\/shop.bantam.ch\/de\/#website","url":"https:\/\/shop.bantam.ch\/de\/","name":"Bantam Camping AG","description":"","publisher":{"@id":"https:\/\/shop.bantam.ch\/de\/#organization"},"inLanguage":"de"},{"@type":"Organization","@id":"https:\/\/shop.bantam.ch\/de\/#organization","name":"Bantam Camping AG","url":"https:\/\/shop.bantam.ch\/de\/","logo":{"@type":"ImageObject","inLanguage":"de","@id":"https:\/\/shop.bantam.ch\/de\/#\/schema\/logo\/image\/","url":"https:\/\/shop.bantam.ch\/wp-content\/uploads\/2022\/12\/bantam-logo.png","contentUrl":"https:\/\/shop.bantam.ch\/wp-content\/uploads\/2022\/12\/bantam-logo.png","width":320,"height":71,"caption":"Bantam Camping AG"},"image":{"@id":"https:\/\/shop.bantam.ch\/de\/#\/schema\/logo\/image\/"}}]}},"_links":{"self":[{"href":"https:\/\/shop.bantam.ch\/de\/wp-json\/wp\/v2\/product\/193605","targetHints":{"allow":["GET"]}}],"collection":[{"href":"https:\/\/shop.bantam.ch\/de\/wp-json\/wp\/v2\/product"}],"about":[{"href":"https:\/\/shop.bantam.ch\/de\/wp-json\/wp\/v2\/types\/product"}],"wp:featuredmedia":[{"embeddable":true,"href":"https:\/\/shop.bantam.ch\/de\/wp-json\/wp\/v2\/media\/206077"}],"wp:attachment":[{"href":"https:\/\/shop.bantam.ch\/de\/wp-json\/wp\/v2\/media?parent=193605"}],"wp:term":[{"taxonomy":"product_featured_cat","embeddable":true,"href":"https:\/\/shop.bantam.ch\/de\/wp-json\/wp\/v2\/product_featured_cat?post=193605"},{"taxonomy":"product_brand","embeddable":true,"href":"https:\/\/shop.bantam.ch\/de\/wp-json\/wp\/v2\/product_brand?post=193605"},{"taxonomy":"product_cat","embeddable":true,"href":"https:\/\/shop.bantam.ch\/de\/wp-json\/wp\/v2\/product_cat?post=193605"},{"taxonomy":"product_tag","embeddable":true,"href":"https:\/\/shop.bantam.ch\/de\/wp-json\/wp\/v2\/product_tag?post=193605"}],"curies":[{"name":"wp","href":"https:\/\/api.w.org\/{rel}","templated":true}]}}