{"id":193601,"date":"2024-05-15T14:34:53","date_gmt":"2024-05-15T12:34:53","guid":{"rendered":"https:\/\/shop.bantam.ch\/produit\/bike-reiniger-petec-inhalt-500-ml\/"},"modified":"2026-04-17T22:58:23","modified_gmt":"2026-04-17T20:58:23","slug":"bike-reiniger-petec-inhalt-500-ml","status":"publish","type":"product","link":"https:\/\/shop.bantam.ch\/de\/produkt\/bike-reiniger-petec-inhalt-500-ml\/","title":{"rendered":"Bike Reiniger Petec Inhalt 500 ml"},"content":{"rendered":"<p>Ist ein spr\u00fchbarer, sofort wirkender und r\u00fcckstandsfreier Universalreiniger zur schnellen und gr\u00fcndlichen Reinigung von Fahrr\u00e4dern und Motorr\u00e4dern. Beseitigt Schmutz, Ablagerungen, Fett, \u00d6l, Insekten und Harz neutral gegen\u00fcber allen Materialien,Bike Cleaner ist ein spr\u00fchbarer, sofort wirkender und r\u00fcckstandsfreier Universalreiniger zur schnellen und gr\u00fcndlichen Reinigung von Fahrr\u00e4dern und Motorr\u00e4dern universal einsetzbar extrem starke Reinigungswirkung beseitigt Schmutz, Ablagerungen, Fett, \u00d6l, Insekten und Harz neutral gegen\u00fcber allen Materialien.<\/p>\n","protected":false},"excerpt":{"rendered":"<p>Ist ein spr\u00fchbarer, sofort wirkender und r\u00fcckstandsfreier Universalreiniger zur schnellen und gr\u00fcndlichen Reinigung von Fahrr\u00e4dern und Motorr\u00e4dern. Beseitigt Schmutz, Ablagerungen, Fett, \u00d6l, Insekten und Harz neutral gegen\u00fcber allen Materialien,Bike Cleaner ist ein spr\u00fchbarer, sofort wirkender und r\u00fcckstandsfreier Universalreiniger zur schnellen und gr\u00fcndlichen Reinigung von Fahrr\u00e4dern und Motorr\u00e4dern universal einsetzbar extrem starke Reinigungswirkung beseitigt Schmutz, Ablagerungen, [&hellip;]<\/p>\n","protected":false},"featured_media":206075,"template":"","meta":{"_acf_changed":false},"product_featured_cat":[],"product_brand":[3595],"product_cat":[5092],"product_tag":[],"class_list":{"0":"post-193601","1":"product","2":"type-product","3":"status-publish","4":"has-post-thumbnail","6":"product_brand-petec-de","7":"product_cat-reinigung-spezialreiniger","9":"first","10":"instock","11":"taxable","12":"shipping-taxable","13":"purchasable","14":"product-type-simple"},"acf":[],"yoast_head":"<!-- This site is optimized with the Yoast SEO plugin v27.4 - https:\/\/yoast.com\/product\/yoast-seo-wordpress\/ -->\n<title>Bike Reiniger Petec Inhalt 500 ml - Bantam Camping AG<\/title>\n<meta name=\"robots\" content=\"index, follow, max-snippet:-1, max-image-preview:large, max-video-preview:-1\" \/>\n<link rel=\"canonical\" href=\"https:\/\/shop.bantam.ch\/de\/produkt\/bike-reiniger-petec-inhalt-500-ml\/\" \/>\n<meta property=\"og:locale\" content=\"de_DE\" \/>\n<meta property=\"og:type\" content=\"article\" \/>\n<meta property=\"og:title\" content=\"Bike Reiniger Petec Inhalt 500 ml - Bantam Camping AG\" \/>\n<meta property=\"og:description\" content=\"Ist ein spr\u00fchbarer, sofort wirkender und r\u00fcckstandsfreier Universalreiniger zur schnellen und gr\u00fcndlichen Reinigung von Fahrr\u00e4dern und Motorr\u00e4dern. Beseitigt Schmutz, Ablagerungen, Fett, \u00d6l, Insekten und Harz neutral gegen\u00fcber allen Materialien,Bike Cleaner ist ein spr\u00fchbarer, sofort wirkender und r\u00fcckstandsfreier Universalreiniger zur schnellen und gr\u00fcndlichen Reinigung von Fahrr\u00e4dern und Motorr\u00e4dern universal einsetzbar extrem starke Reinigungswirkung beseitigt Schmutz, Ablagerungen, [&hellip;]\" \/>\n<meta property=\"og:url\" content=\"https:\/\/shop.bantam.ch\/de\/produkt\/bike-reiniger-petec-inhalt-500-ml\/\" \/>\n<meta property=\"og:site_name\" content=\"Bantam Camping AG\" \/>\n<meta property=\"article:modified_time\" content=\"2026-04-17T20:58:23+00:00\" \/>\n<meta property=\"og:image\" content=\"https:\/\/shop.bantam.ch\/wp-content\/uploads\/2024\/05\/Movera-L-9945334100.jpg\" \/>\n\t<meta property=\"og:image:width\" content=\"183\" \/>\n\t<meta property=\"og:image:height\" content=\"400\" \/>\n\t<meta property=\"og:image:type\" content=\"image\/jpeg\" \/>\n<meta name=\"twitter:card\" content=\"summary_large_image\" \/>\n<script type=\"application\/ld+json\" class=\"yoast-schema-graph\">{\"@context\":\"https:\\\/\\\/schema.org\",\"@graph\":[{\"@type\":\"WebPage\",\"@id\":\"https:\\\/\\\/shop.bantam.ch\\\/de\\\/produkt\\\/bike-reiniger-petec-inhalt-500-ml\\\/\",\"url\":\"https:\\\/\\\/shop.bantam.ch\\\/de\\\/produkt\\\/bike-reiniger-petec-inhalt-500-ml\\\/\",\"name\":\"Bike Reiniger Petec Inhalt 500 ml - Bantam Camping AG\",\"isPartOf\":{\"@id\":\"https:\\\/\\\/shop.bantam.ch\\\/de\\\/#website\"},\"primaryImageOfPage\":{\"@id\":\"https:\\\/\\\/shop.bantam.ch\\\/de\\\/produkt\\\/bike-reiniger-petec-inhalt-500-ml\\\/#primaryimage\"},\"image\":{\"@id\":\"https:\\\/\\\/shop.bantam.ch\\\/de\\\/produkt\\\/bike-reiniger-petec-inhalt-500-ml\\\/#primaryimage\"},\"thumbnailUrl\":\"https:\\\/\\\/shop.bantam.ch\\\/wp-content\\\/uploads\\\/2024\\\/09\\\/Movera-L-9945334100.jpg\",\"datePublished\":\"2024-05-15T12:34:53+00:00\",\"dateModified\":\"2026-04-17T20:58:23+00:00\",\"breadcrumb\":{\"@id\":\"https:\\\/\\\/shop.bantam.ch\\\/de\\\/produkt\\\/bike-reiniger-petec-inhalt-500-ml\\\/#breadcrumb\"},\"inLanguage\":\"de\",\"potentialAction\":[{\"@type\":\"ReadAction\",\"target\":[\"https:\\\/\\\/shop.bantam.ch\\\/de\\\/produkt\\\/bike-reiniger-petec-inhalt-500-ml\\\/\"]}]},{\"@type\":\"ImageObject\",\"inLanguage\":\"de\",\"@id\":\"https:\\\/\\\/shop.bantam.ch\\\/de\\\/produkt\\\/bike-reiniger-petec-inhalt-500-ml\\\/#primaryimage\",\"url\":\"https:\\\/\\\/shop.bantam.ch\\\/wp-content\\\/uploads\\\/2024\\\/09\\\/Movera-L-9945334100.jpg\",\"contentUrl\":\"https:\\\/\\\/shop.bantam.ch\\\/wp-content\\\/uploads\\\/2024\\\/09\\\/Movera-L-9945334100.jpg\",\"width\":183,\"height\":400},{\"@type\":\"BreadcrumbList\",\"@id\":\"https:\\\/\\\/shop.bantam.ch\\\/de\\\/produkt\\\/bike-reiniger-petec-inhalt-500-ml\\\/#breadcrumb\",\"itemListElement\":[{\"@type\":\"ListItem\",\"position\":1,\"name\":\"Accueil\",\"item\":\"https:\\\/\\\/shop.bantam.ch\\\/de\\\/\"},{\"@type\":\"ListItem\",\"position\":2,\"name\":\"Shop\",\"item\":\"https:\\\/\\\/shop.bantam.ch\\\/de\\\/shop\\\/\"},{\"@type\":\"ListItem\",\"position\":3,\"name\":\"Bike Reiniger Petec Inhalt 500 ml\"}]},{\"@type\":\"WebSite\",\"@id\":\"https:\\\/\\\/shop.bantam.ch\\\/de\\\/#website\",\"url\":\"https:\\\/\\\/shop.bantam.ch\\\/de\\\/\",\"name\":\"Bantam Camping AG\",\"description\":\"\",\"publisher\":{\"@id\":\"https:\\\/\\\/shop.bantam.ch\\\/de\\\/#organization\"},\"inLanguage\":\"de\"},{\"@type\":\"Organization\",\"@id\":\"https:\\\/\\\/shop.bantam.ch\\\/de\\\/#organization\",\"name\":\"Bantam Camping AG\",\"url\":\"https:\\\/\\\/shop.bantam.ch\\\/de\\\/\",\"logo\":{\"@type\":\"ImageObject\",\"inLanguage\":\"de\",\"@id\":\"https:\\\/\\\/shop.bantam.ch\\\/de\\\/#\\\/schema\\\/logo\\\/image\\\/\",\"url\":\"https:\\\/\\\/shop.bantam.ch\\\/wp-content\\\/uploads\\\/2022\\\/12\\\/bantam-logo.png\",\"contentUrl\":\"https:\\\/\\\/shop.bantam.ch\\\/wp-content\\\/uploads\\\/2022\\\/12\\\/bantam-logo.png\",\"width\":320,\"height\":71,\"caption\":\"Bantam Camping AG\"},\"image\":{\"@id\":\"https:\\\/\\\/shop.bantam.ch\\\/de\\\/#\\\/schema\\\/logo\\\/image\\\/\"}}]}<\/script>\n<!-- \/ Yoast SEO plugin. -->","yoast_head_json":{"title":"Bike Reiniger Petec Inhalt 500 ml - Bantam Camping AG","robots":{"index":"index","follow":"follow","max-snippet":"max-snippet:-1","max-image-preview":"max-image-preview:large","max-video-preview":"max-video-preview:-1"},"canonical":"https:\/\/shop.bantam.ch\/de\/produkt\/bike-reiniger-petec-inhalt-500-ml\/","og_locale":"de_DE","og_type":"article","og_title":"Bike Reiniger Petec Inhalt 500 ml - Bantam Camping AG","og_description":"Ist ein spr\u00fchbarer, sofort wirkender und r\u00fcckstandsfreier Universalreiniger zur schnellen und gr\u00fcndlichen Reinigung von Fahrr\u00e4dern und Motorr\u00e4dern. Beseitigt Schmutz, Ablagerungen, Fett, \u00d6l, Insekten und Harz neutral gegen\u00fcber allen Materialien,Bike Cleaner ist ein spr\u00fchbarer, sofort wirkender und r\u00fcckstandsfreier Universalreiniger zur schnellen und gr\u00fcndlichen Reinigung von Fahrr\u00e4dern und Motorr\u00e4dern universal einsetzbar extrem starke Reinigungswirkung beseitigt Schmutz, Ablagerungen, [&hellip;]","og_url":"https:\/\/shop.bantam.ch\/de\/produkt\/bike-reiniger-petec-inhalt-500-ml\/","og_site_name":"Bantam Camping AG","article_modified_time":"2026-04-17T20:58:23+00:00","og_image":[{"width":183,"height":400,"url":"https:\/\/shop.bantam.ch\/wp-content\/uploads\/2024\/05\/Movera-L-9945334100.jpg","type":"image\/jpeg"}],"twitter_card":"summary_large_image","schema":{"@context":"https:\/\/schema.org","@graph":[{"@type":"WebPage","@id":"https:\/\/shop.bantam.ch\/de\/produkt\/bike-reiniger-petec-inhalt-500-ml\/","url":"https:\/\/shop.bantam.ch\/de\/produkt\/bike-reiniger-petec-inhalt-500-ml\/","name":"Bike Reiniger Petec Inhalt 500 ml - Bantam Camping AG","isPartOf":{"@id":"https:\/\/shop.bantam.ch\/de\/#website"},"primaryImageOfPage":{"@id":"https:\/\/shop.bantam.ch\/de\/produkt\/bike-reiniger-petec-inhalt-500-ml\/#primaryimage"},"image":{"@id":"https:\/\/shop.bantam.ch\/de\/produkt\/bike-reiniger-petec-inhalt-500-ml\/#primaryimage"},"thumbnailUrl":"https:\/\/shop.bantam.ch\/wp-content\/uploads\/2024\/09\/Movera-L-9945334100.jpg","datePublished":"2024-05-15T12:34:53+00:00","dateModified":"2026-04-17T20:58:23+00:00","breadcrumb":{"@id":"https:\/\/shop.bantam.ch\/de\/produkt\/bike-reiniger-petec-inhalt-500-ml\/#breadcrumb"},"inLanguage":"de","potentialAction":[{"@type":"ReadAction","target":["https:\/\/shop.bantam.ch\/de\/produkt\/bike-reiniger-petec-inhalt-500-ml\/"]}]},{"@type":"ImageObject","inLanguage":"de","@id":"https:\/\/shop.bantam.ch\/de\/produkt\/bike-reiniger-petec-inhalt-500-ml\/#primaryimage","url":"https:\/\/shop.bantam.ch\/wp-content\/uploads\/2024\/09\/Movera-L-9945334100.jpg","contentUrl":"https:\/\/shop.bantam.ch\/wp-content\/uploads\/2024\/09\/Movera-L-9945334100.jpg","width":183,"height":400},{"@type":"BreadcrumbList","@id":"https:\/\/shop.bantam.ch\/de\/produkt\/bike-reiniger-petec-inhalt-500-ml\/#breadcrumb","itemListElement":[{"@type":"ListItem","position":1,"name":"Accueil","item":"https:\/\/shop.bantam.ch\/de\/"},{"@type":"ListItem","position":2,"name":"Shop","item":"https:\/\/shop.bantam.ch\/de\/shop\/"},{"@type":"ListItem","position":3,"name":"Bike Reiniger Petec Inhalt 500 ml"}]},{"@type":"WebSite","@id":"https:\/\/shop.bantam.ch\/de\/#website","url":"https:\/\/shop.bantam.ch\/de\/","name":"Bantam Camping AG","description":"","publisher":{"@id":"https:\/\/shop.bantam.ch\/de\/#organization"},"inLanguage":"de"},{"@type":"Organization","@id":"https:\/\/shop.bantam.ch\/de\/#organization","name":"Bantam Camping AG","url":"https:\/\/shop.bantam.ch\/de\/","logo":{"@type":"ImageObject","inLanguage":"de","@id":"https:\/\/shop.bantam.ch\/de\/#\/schema\/logo\/image\/","url":"https:\/\/shop.bantam.ch\/wp-content\/uploads\/2022\/12\/bantam-logo.png","contentUrl":"https:\/\/shop.bantam.ch\/wp-content\/uploads\/2022\/12\/bantam-logo.png","width":320,"height":71,"caption":"Bantam Camping AG"},"image":{"@id":"https:\/\/shop.bantam.ch\/de\/#\/schema\/logo\/image\/"}}]}},"_links":{"self":[{"href":"https:\/\/shop.bantam.ch\/de\/wp-json\/wp\/v2\/product\/193601","targetHints":{"allow":["GET"]}}],"collection":[{"href":"https:\/\/shop.bantam.ch\/de\/wp-json\/wp\/v2\/product"}],"about":[{"href":"https:\/\/shop.bantam.ch\/de\/wp-json\/wp\/v2\/types\/product"}],"wp:featuredmedia":[{"embeddable":true,"href":"https:\/\/shop.bantam.ch\/de\/wp-json\/wp\/v2\/media\/206075"}],"wp:attachment":[{"href":"https:\/\/shop.bantam.ch\/de\/wp-json\/wp\/v2\/media?parent=193601"}],"wp:term":[{"taxonomy":"product_featured_cat","embeddable":true,"href":"https:\/\/shop.bantam.ch\/de\/wp-json\/wp\/v2\/product_featured_cat?post=193601"},{"taxonomy":"product_brand","embeddable":true,"href":"https:\/\/shop.bantam.ch\/de\/wp-json\/wp\/v2\/product_brand?post=193601"},{"taxonomy":"product_cat","embeddable":true,"href":"https:\/\/shop.bantam.ch\/de\/wp-json\/wp\/v2\/product_cat?post=193601"},{"taxonomy":"product_tag","embeddable":true,"href":"https:\/\/shop.bantam.ch\/de\/wp-json\/wp\/v2\/product_tag?post=193601"}],"curies":[{"name":"wp","href":"https:\/\/api.w.org\/{rel}","templated":true}]}}