{"id":193583,"date":"2024-05-15T14:34:20","date_gmt":"2024-05-15T12:34:20","guid":{"rendered":"https:\/\/shop.bantam.ch\/produit\/kettenoel-spray-petec-inhalt-100-ml\/"},"modified":"2026-04-17T22:58:22","modified_gmt":"2026-04-17T20:58:22","slug":"kettenoel-spray-petec-inhalt-100-ml","status":"publish","type":"product","link":"https:\/\/shop.bantam.ch\/de\/produkt\/kettenoel-spray-petec-inhalt-100-ml\/","title":{"rendered":"Ketten\u00f6l Spray Petec Inhalt 100 ml"},"content":{"rendered":"<p>Zur Schmierung von allen Antriebsketten. Durch die hervorragende Kriechf\u00e4higkeit und das Spalteindringverm\u00f6gen gelangt das Spezial\u00f6l in die kleinste Pore der Kette und der Kettenglieder. Durch die niedrigviskose und reibungslose Schmierung wird die Kraft optimal \u00fcbertragen.<\/p>\n<ul>\n<li>f\u00fcr alle Fahrr\u00e4der und E-Bikes<\/li>\n<li>Schmieren aller Kettenarten<\/li>\n<li>hervorragende Kriechf\u00e4higkeit<\/li>\n<li>keine Beeintr\u00e4chtigung der Elektronik bei E-Bikes<\/li>\n<li>vertr\u00e4glich gegen\u00fcber vielen Materialien wie z. B. Metall, Kunststoff, Carbon, Keramik, Glas &amp; lackierten Oberfl\u00e4chen<\/li>\n<li>langzeitbest\u00e4ndig gegen Wasser und Salzwasser<\/li>\n<li>neutral gegen\u00fcber O-Ringen<\/li>\n<li>silikonfrei<\/li>\n<li>auch zum Schmieren von Gelenken, Schraubverbindungen, Schnellverschl\u00fcssen, Klemmen, Sattelschienen und beweglichen Teilen am Fahrrad<\/li>\n<\/ul>\n","protected":false},"excerpt":{"rendered":"<p>Zur Schmierung von allen Antriebsketten. Durch die hervorragende Kriechf\u00e4higkeit und das Spalteindringverm\u00f6gen gelangt das Spezial\u00f6l in die kleinste Pore der Kette und der Kettenglieder. Durch die niedrigviskose und reibungslose Schmierung wird die Kraft optimal \u00fcbertragen. f\u00fcr alle Fahrr\u00e4der und E-Bikes Schmieren aller Kettenarten hervorragende Kriechf\u00e4higkeit keine Beeintr\u00e4chtigung der Elektronik bei E-Bikes vertr\u00e4glich gegen\u00fcber vielen Materialien [&hellip;]<\/p>\n","protected":false},"featured_media":206063,"template":"","meta":{"_acf_changed":false},"product_featured_cat":[],"product_brand":[3595],"product_cat":[5092],"product_tag":[],"class_list":{"0":"post-193583","1":"product","2":"type-product","3":"status-publish","4":"has-post-thumbnail","6":"product_brand-petec-de","7":"product_cat-reinigung-spezialreiniger","9":"first","10":"instock","11":"taxable","12":"shipping-taxable","13":"purchasable","14":"product-type-simple"},"acf":[],"yoast_head":"<!-- This site is optimized with the Yoast SEO plugin v27.4 - https:\/\/yoast.com\/product\/yoast-seo-wordpress\/ -->\n<title>Ketten\u00f6l Spray Petec Inhalt 100 ml - Bantam Camping AG<\/title>\n<meta name=\"robots\" content=\"index, follow, max-snippet:-1, max-image-preview:large, max-video-preview:-1\" \/>\n<link rel=\"canonical\" href=\"https:\/\/shop.bantam.ch\/de\/produkt\/kettenoel-spray-petec-inhalt-100-ml\/\" \/>\n<meta property=\"og:locale\" content=\"de_DE\" \/>\n<meta property=\"og:type\" content=\"article\" \/>\n<meta property=\"og:title\" content=\"Ketten\u00f6l Spray Petec Inhalt 100 ml - Bantam Camping AG\" \/>\n<meta property=\"og:description\" content=\"Zur Schmierung von allen Antriebsketten. Durch die hervorragende Kriechf\u00e4higkeit und das Spalteindringverm\u00f6gen gelangt das Spezial\u00f6l in die kleinste Pore der Kette und der Kettenglieder. Durch die niedrigviskose und reibungslose Schmierung wird die Kraft optimal \u00fcbertragen. f\u00fcr alle Fahrr\u00e4der und E-Bikes Schmieren aller Kettenarten hervorragende Kriechf\u00e4higkeit keine Beeintr\u00e4chtigung der Elektronik bei E-Bikes vertr\u00e4glich gegen\u00fcber vielen Materialien [&hellip;]\" \/>\n<meta property=\"og:url\" content=\"https:\/\/shop.bantam.ch\/de\/produkt\/kettenoel-spray-petec-inhalt-100-ml\/\" \/>\n<meta property=\"og:site_name\" content=\"Bantam Camping AG\" \/>\n<meta property=\"article:modified_time\" content=\"2026-04-17T20:58:22+00:00\" \/>\n<meta property=\"og:image\" content=\"https:\/\/shop.bantam.ch\/wp-content\/uploads\/2024\/05\/Movera-L-9945302100.jpg\" \/>\n\t<meta property=\"og:image:width\" content=\"287\" \/>\n\t<meta property=\"og:image:height\" content=\"400\" \/>\n\t<meta property=\"og:image:type\" content=\"image\/jpeg\" \/>\n<meta name=\"twitter:card\" content=\"summary_large_image\" \/>\n<meta name=\"twitter:label1\" content=\"Gesch\u00e4tzte Lesezeit\" \/>\n\t<meta name=\"twitter:data1\" content=\"1\u00a0Minute\" \/>\n<script type=\"application\/ld+json\" class=\"yoast-schema-graph\">{\"@context\":\"https:\\\/\\\/schema.org\",\"@graph\":[{\"@type\":\"WebPage\",\"@id\":\"https:\\\/\\\/shop.bantam.ch\\\/de\\\/produkt\\\/kettenoel-spray-petec-inhalt-100-ml\\\/\",\"url\":\"https:\\\/\\\/shop.bantam.ch\\\/de\\\/produkt\\\/kettenoel-spray-petec-inhalt-100-ml\\\/\",\"name\":\"Ketten\u00f6l Spray Petec Inhalt 100 ml - Bantam Camping AG\",\"isPartOf\":{\"@id\":\"https:\\\/\\\/shop.bantam.ch\\\/de\\\/#website\"},\"primaryImageOfPage\":{\"@id\":\"https:\\\/\\\/shop.bantam.ch\\\/de\\\/produkt\\\/kettenoel-spray-petec-inhalt-100-ml\\\/#primaryimage\"},\"image\":{\"@id\":\"https:\\\/\\\/shop.bantam.ch\\\/de\\\/produkt\\\/kettenoel-spray-petec-inhalt-100-ml\\\/#primaryimage\"},\"thumbnailUrl\":\"https:\\\/\\\/shop.bantam.ch\\\/wp-content\\\/uploads\\\/2024\\\/09\\\/Movera-L-9945302100.jpg\",\"datePublished\":\"2024-05-15T12:34:20+00:00\",\"dateModified\":\"2026-04-17T20:58:22+00:00\",\"breadcrumb\":{\"@id\":\"https:\\\/\\\/shop.bantam.ch\\\/de\\\/produkt\\\/kettenoel-spray-petec-inhalt-100-ml\\\/#breadcrumb\"},\"inLanguage\":\"de\",\"potentialAction\":[{\"@type\":\"ReadAction\",\"target\":[\"https:\\\/\\\/shop.bantam.ch\\\/de\\\/produkt\\\/kettenoel-spray-petec-inhalt-100-ml\\\/\"]}]},{\"@type\":\"ImageObject\",\"inLanguage\":\"de\",\"@id\":\"https:\\\/\\\/shop.bantam.ch\\\/de\\\/produkt\\\/kettenoel-spray-petec-inhalt-100-ml\\\/#primaryimage\",\"url\":\"https:\\\/\\\/shop.bantam.ch\\\/wp-content\\\/uploads\\\/2024\\\/09\\\/Movera-L-9945302100.jpg\",\"contentUrl\":\"https:\\\/\\\/shop.bantam.ch\\\/wp-content\\\/uploads\\\/2024\\\/09\\\/Movera-L-9945302100.jpg\",\"width\":287,\"height\":400},{\"@type\":\"BreadcrumbList\",\"@id\":\"https:\\\/\\\/shop.bantam.ch\\\/de\\\/produkt\\\/kettenoel-spray-petec-inhalt-100-ml\\\/#breadcrumb\",\"itemListElement\":[{\"@type\":\"ListItem\",\"position\":1,\"name\":\"Accueil\",\"item\":\"https:\\\/\\\/shop.bantam.ch\\\/de\\\/\"},{\"@type\":\"ListItem\",\"position\":2,\"name\":\"Shop\",\"item\":\"https:\\\/\\\/shop.bantam.ch\\\/de\\\/shop\\\/\"},{\"@type\":\"ListItem\",\"position\":3,\"name\":\"Ketten\u00f6l Spray Petec Inhalt 100 ml\"}]},{\"@type\":\"WebSite\",\"@id\":\"https:\\\/\\\/shop.bantam.ch\\\/de\\\/#website\",\"url\":\"https:\\\/\\\/shop.bantam.ch\\\/de\\\/\",\"name\":\"Bantam Camping AG\",\"description\":\"\",\"publisher\":{\"@id\":\"https:\\\/\\\/shop.bantam.ch\\\/de\\\/#organization\"},\"inLanguage\":\"de\"},{\"@type\":\"Organization\",\"@id\":\"https:\\\/\\\/shop.bantam.ch\\\/de\\\/#organization\",\"name\":\"Bantam Camping AG\",\"url\":\"https:\\\/\\\/shop.bantam.ch\\\/de\\\/\",\"logo\":{\"@type\":\"ImageObject\",\"inLanguage\":\"de\",\"@id\":\"https:\\\/\\\/shop.bantam.ch\\\/de\\\/#\\\/schema\\\/logo\\\/image\\\/\",\"url\":\"https:\\\/\\\/shop.bantam.ch\\\/wp-content\\\/uploads\\\/2022\\\/12\\\/bantam-logo.png\",\"contentUrl\":\"https:\\\/\\\/shop.bantam.ch\\\/wp-content\\\/uploads\\\/2022\\\/12\\\/bantam-logo.png\",\"width\":320,\"height\":71,\"caption\":\"Bantam Camping AG\"},\"image\":{\"@id\":\"https:\\\/\\\/shop.bantam.ch\\\/de\\\/#\\\/schema\\\/logo\\\/image\\\/\"}}]}<\/script>\n<!-- \/ Yoast SEO plugin. -->","yoast_head_json":{"title":"Ketten\u00f6l Spray Petec Inhalt 100 ml - Bantam Camping AG","robots":{"index":"index","follow":"follow","max-snippet":"max-snippet:-1","max-image-preview":"max-image-preview:large","max-video-preview":"max-video-preview:-1"},"canonical":"https:\/\/shop.bantam.ch\/de\/produkt\/kettenoel-spray-petec-inhalt-100-ml\/","og_locale":"de_DE","og_type":"article","og_title":"Ketten\u00f6l Spray Petec Inhalt 100 ml - Bantam Camping AG","og_description":"Zur Schmierung von allen Antriebsketten. Durch die hervorragende Kriechf\u00e4higkeit und das Spalteindringverm\u00f6gen gelangt das Spezial\u00f6l in die kleinste Pore der Kette und der Kettenglieder. Durch die niedrigviskose und reibungslose Schmierung wird die Kraft optimal \u00fcbertragen. f\u00fcr alle Fahrr\u00e4der und E-Bikes Schmieren aller Kettenarten hervorragende Kriechf\u00e4higkeit keine Beeintr\u00e4chtigung der Elektronik bei E-Bikes vertr\u00e4glich gegen\u00fcber vielen Materialien [&hellip;]","og_url":"https:\/\/shop.bantam.ch\/de\/produkt\/kettenoel-spray-petec-inhalt-100-ml\/","og_site_name":"Bantam Camping AG","article_modified_time":"2026-04-17T20:58:22+00:00","og_image":[{"width":287,"height":400,"url":"https:\/\/shop.bantam.ch\/wp-content\/uploads\/2024\/05\/Movera-L-9945302100.jpg","type":"image\/jpeg"}],"twitter_card":"summary_large_image","twitter_misc":{"Gesch\u00e4tzte Lesezeit":"1\u00a0Minute"},"schema":{"@context":"https:\/\/schema.org","@graph":[{"@type":"WebPage","@id":"https:\/\/shop.bantam.ch\/de\/produkt\/kettenoel-spray-petec-inhalt-100-ml\/","url":"https:\/\/shop.bantam.ch\/de\/produkt\/kettenoel-spray-petec-inhalt-100-ml\/","name":"Ketten\u00f6l Spray Petec Inhalt 100 ml - Bantam Camping AG","isPartOf":{"@id":"https:\/\/shop.bantam.ch\/de\/#website"},"primaryImageOfPage":{"@id":"https:\/\/shop.bantam.ch\/de\/produkt\/kettenoel-spray-petec-inhalt-100-ml\/#primaryimage"},"image":{"@id":"https:\/\/shop.bantam.ch\/de\/produkt\/kettenoel-spray-petec-inhalt-100-ml\/#primaryimage"},"thumbnailUrl":"https:\/\/shop.bantam.ch\/wp-content\/uploads\/2024\/09\/Movera-L-9945302100.jpg","datePublished":"2024-05-15T12:34:20+00:00","dateModified":"2026-04-17T20:58:22+00:00","breadcrumb":{"@id":"https:\/\/shop.bantam.ch\/de\/produkt\/kettenoel-spray-petec-inhalt-100-ml\/#breadcrumb"},"inLanguage":"de","potentialAction":[{"@type":"ReadAction","target":["https:\/\/shop.bantam.ch\/de\/produkt\/kettenoel-spray-petec-inhalt-100-ml\/"]}]},{"@type":"ImageObject","inLanguage":"de","@id":"https:\/\/shop.bantam.ch\/de\/produkt\/kettenoel-spray-petec-inhalt-100-ml\/#primaryimage","url":"https:\/\/shop.bantam.ch\/wp-content\/uploads\/2024\/09\/Movera-L-9945302100.jpg","contentUrl":"https:\/\/shop.bantam.ch\/wp-content\/uploads\/2024\/09\/Movera-L-9945302100.jpg","width":287,"height":400},{"@type":"BreadcrumbList","@id":"https:\/\/shop.bantam.ch\/de\/produkt\/kettenoel-spray-petec-inhalt-100-ml\/#breadcrumb","itemListElement":[{"@type":"ListItem","position":1,"name":"Accueil","item":"https:\/\/shop.bantam.ch\/de\/"},{"@type":"ListItem","position":2,"name":"Shop","item":"https:\/\/shop.bantam.ch\/de\/shop\/"},{"@type":"ListItem","position":3,"name":"Ketten\u00f6l Spray Petec Inhalt 100 ml"}]},{"@type":"WebSite","@id":"https:\/\/shop.bantam.ch\/de\/#website","url":"https:\/\/shop.bantam.ch\/de\/","name":"Bantam Camping AG","description":"","publisher":{"@id":"https:\/\/shop.bantam.ch\/de\/#organization"},"inLanguage":"de"},{"@type":"Organization","@id":"https:\/\/shop.bantam.ch\/de\/#organization","name":"Bantam Camping AG","url":"https:\/\/shop.bantam.ch\/de\/","logo":{"@type":"ImageObject","inLanguage":"de","@id":"https:\/\/shop.bantam.ch\/de\/#\/schema\/logo\/image\/","url":"https:\/\/shop.bantam.ch\/wp-content\/uploads\/2022\/12\/bantam-logo.png","contentUrl":"https:\/\/shop.bantam.ch\/wp-content\/uploads\/2022\/12\/bantam-logo.png","width":320,"height":71,"caption":"Bantam Camping AG"},"image":{"@id":"https:\/\/shop.bantam.ch\/de\/#\/schema\/logo\/image\/"}}]}},"_links":{"self":[{"href":"https:\/\/shop.bantam.ch\/de\/wp-json\/wp\/v2\/product\/193583","targetHints":{"allow":["GET"]}}],"collection":[{"href":"https:\/\/shop.bantam.ch\/de\/wp-json\/wp\/v2\/product"}],"about":[{"href":"https:\/\/shop.bantam.ch\/de\/wp-json\/wp\/v2\/types\/product"}],"wp:featuredmedia":[{"embeddable":true,"href":"https:\/\/shop.bantam.ch\/de\/wp-json\/wp\/v2\/media\/206063"}],"wp:attachment":[{"href":"https:\/\/shop.bantam.ch\/de\/wp-json\/wp\/v2\/media?parent=193583"}],"wp:term":[{"taxonomy":"product_featured_cat","embeddable":true,"href":"https:\/\/shop.bantam.ch\/de\/wp-json\/wp\/v2\/product_featured_cat?post=193583"},{"taxonomy":"product_brand","embeddable":true,"href":"https:\/\/shop.bantam.ch\/de\/wp-json\/wp\/v2\/product_brand?post=193583"},{"taxonomy":"product_cat","embeddable":true,"href":"https:\/\/shop.bantam.ch\/de\/wp-json\/wp\/v2\/product_cat?post=193583"},{"taxonomy":"product_tag","embeddable":true,"href":"https:\/\/shop.bantam.ch\/de\/wp-json\/wp\/v2\/product_tag?post=193583"}],"curies":[{"name":"wp","href":"https:\/\/api.w.org\/{rel}","templated":true}]}}