{"id":193475,"date":"2024-05-15T14:29:51","date_gmt":"2024-05-15T12:29:51","guid":{"rendered":"https:\/\/shop.bantam.ch\/produit\/clip-ventilator-eurotrail\/"},"modified":"2026-03-24T01:15:47","modified_gmt":"2026-03-24T00:15:47","slug":"clip-ventilator-eurotrail","status":"publish","type":"product","link":"https:\/\/shop.bantam.ch\/de\/produkt\/clip-ventilator-eurotrail\/","title":{"rendered":"Wiederaufladbarer Clip-L\u00fcfter mit Licht"},"content":{"rendered":"<p class=\"MsoNormal\"><span lang=\"DE-CH\">Wiederaufladbarer<br \/>\nTischventilator mit Klemme und LED-Beleuchtung. Der Ventilator hat drei<br \/>\nGeschwindigkeitsstufen und ist mit einer einstellbaren LED-Beleuchtung<br \/>\nausgestattet. Der Ventilator kann nicht nur als Tischmodell verwendet werden,<br \/>\nsondern mit der Klemme k\u00f6nnen Sie ihn fast \u00fcberall befestigen, wo eine K\u00fchlung<br \/>\ngew\u00fcnscht wird. Ideal f\u00fcr den Einsatz im Auto, Wohnwagen oder Wohnmobil, aber<br \/>\nauch perfekt f\u00fcr zu Hause! Material: ABS + PP L\u00fcfter: L\u00fcfter \u00d8145mm LED: LED<br \/>\nleuchtet 3 Einstellungen Gr\u00f6\u00dfe: 143X118X213mm Gewicht: 370gr. Spannung: 5 V<br \/>\nGleichstrom. Leistung 1A (max), 4W. Wiederaufladbarer Akku: 2000 mAh<br \/>\nArbeitszeit: 3-7 Stunden (max.) <\/span>Aufladen: 4-5 Stunden<\/p>\n<ul>\n<\/ul>\n","protected":false},"excerpt":{"rendered":"<p>Wiederaufladbarer Tischventilator mit Klemme und LED-Beleuchtung. Der Ventilator hat drei Geschwindigkeitsstufen und ist mit einer einstellbaren LED-Beleuchtung ausgestattet. Der Ventilator kann nicht nur als Tischmodell verwendet werden, sondern mit der Klemme k\u00f6nnen Sie ihn fast \u00fcberall befestigen, wo eine K\u00fchlung gew\u00fcnscht wird. Ideal f\u00fcr den Einsatz im Auto, Wohnwagen oder Wohnmobil, aber auch perfekt f\u00fcr [&hellip;]<\/p>\n","protected":false},"featured_media":206017,"template":"","meta":{"_acf_changed":false},"product_featured_cat":[],"product_brand":[3075],"product_cat":[5148],"product_tag":[],"class_list":{"0":"post-193475","1":"product","2":"type-product","3":"status-publish","4":"has-post-thumbnail","6":"product_brand-eurotrail-de","7":"product_cat-weitere-haushaltsgeraete","9":"first","10":"instock","11":"taxable","12":"shipping-taxable","13":"purchasable","14":"product-type-simple"},"acf":[],"yoast_head":"<!-- This site is optimized with the Yoast SEO plugin v27.4 - https:\/\/yoast.com\/product\/yoast-seo-wordpress\/ -->\n<title>Wiederaufladbarer Clip-L\u00fcfter mit Licht - Bantam Camping AG<\/title>\n<meta name=\"robots\" content=\"index, follow, max-snippet:-1, max-image-preview:large, max-video-preview:-1\" \/>\n<link rel=\"canonical\" href=\"https:\/\/shop.bantam.ch\/de\/produkt\/clip-ventilator-eurotrail\/\" \/>\n<meta property=\"og:locale\" content=\"de_DE\" \/>\n<meta property=\"og:type\" content=\"article\" \/>\n<meta property=\"og:title\" content=\"Wiederaufladbarer Clip-L\u00fcfter mit Licht - Bantam Camping AG\" \/>\n<meta property=\"og:description\" content=\"Wiederaufladbarer Tischventilator mit Klemme und LED-Beleuchtung. Der Ventilator hat drei Geschwindigkeitsstufen und ist mit einer einstellbaren LED-Beleuchtung ausgestattet. Der Ventilator kann nicht nur als Tischmodell verwendet werden, sondern mit der Klemme k\u00f6nnen Sie ihn fast \u00fcberall befestigen, wo eine K\u00fchlung gew\u00fcnscht wird. Ideal f\u00fcr den Einsatz im Auto, Wohnwagen oder Wohnmobil, aber auch perfekt f\u00fcr [&hellip;]\" \/>\n<meta property=\"og:url\" content=\"https:\/\/shop.bantam.ch\/de\/produkt\/clip-ventilator-eurotrail\/\" \/>\n<meta property=\"og:site_name\" content=\"Bantam Camping AG\" \/>\n<meta property=\"article:modified_time\" content=\"2026-03-24T00:15:47+00:00\" \/>\n<meta property=\"og:image\" content=\"https:\/\/shop.bantam.ch\/wp-content\/uploads\/2024\/09\/Movera-L-9945197100.jpg\" \/>\n\t<meta property=\"og:image:width\" content=\"640\" \/>\n\t<meta property=\"og:image:height\" content=\"793\" \/>\n\t<meta property=\"og:image:type\" content=\"image\/jpeg\" \/>\n<meta name=\"twitter:card\" content=\"summary_large_image\" \/>\n<script type=\"application\/ld+json\" class=\"yoast-schema-graph\">{\"@context\":\"https:\\\/\\\/schema.org\",\"@graph\":[{\"@type\":\"WebPage\",\"@id\":\"https:\\\/\\\/shop.bantam.ch\\\/de\\\/produkt\\\/clip-ventilator-eurotrail\\\/\",\"url\":\"https:\\\/\\\/shop.bantam.ch\\\/de\\\/produkt\\\/clip-ventilator-eurotrail\\\/\",\"name\":\"Wiederaufladbarer Clip-L\u00fcfter mit Licht - Bantam Camping AG\",\"isPartOf\":{\"@id\":\"https:\\\/\\\/shop.bantam.ch\\\/de\\\/#website\"},\"primaryImageOfPage\":{\"@id\":\"https:\\\/\\\/shop.bantam.ch\\\/de\\\/produkt\\\/clip-ventilator-eurotrail\\\/#primaryimage\"},\"image\":{\"@id\":\"https:\\\/\\\/shop.bantam.ch\\\/de\\\/produkt\\\/clip-ventilator-eurotrail\\\/#primaryimage\"},\"thumbnailUrl\":\"https:\\\/\\\/shop.bantam.ch\\\/wp-content\\\/uploads\\\/2024\\\/09\\\/Movera-L-9945197100.jpg\",\"datePublished\":\"2024-05-15T12:29:51+00:00\",\"dateModified\":\"2026-03-24T00:15:47+00:00\",\"breadcrumb\":{\"@id\":\"https:\\\/\\\/shop.bantam.ch\\\/de\\\/produkt\\\/clip-ventilator-eurotrail\\\/#breadcrumb\"},\"inLanguage\":\"de\",\"potentialAction\":[{\"@type\":\"ReadAction\",\"target\":[\"https:\\\/\\\/shop.bantam.ch\\\/de\\\/produkt\\\/clip-ventilator-eurotrail\\\/\"]}]},{\"@type\":\"ImageObject\",\"inLanguage\":\"de\",\"@id\":\"https:\\\/\\\/shop.bantam.ch\\\/de\\\/produkt\\\/clip-ventilator-eurotrail\\\/#primaryimage\",\"url\":\"https:\\\/\\\/shop.bantam.ch\\\/wp-content\\\/uploads\\\/2024\\\/09\\\/Movera-L-9945197100.jpg\",\"contentUrl\":\"https:\\\/\\\/shop.bantam.ch\\\/wp-content\\\/uploads\\\/2024\\\/09\\\/Movera-L-9945197100.jpg\",\"width\":640,\"height\":793},{\"@type\":\"BreadcrumbList\",\"@id\":\"https:\\\/\\\/shop.bantam.ch\\\/de\\\/produkt\\\/clip-ventilator-eurotrail\\\/#breadcrumb\",\"itemListElement\":[{\"@type\":\"ListItem\",\"position\":1,\"name\":\"Accueil\",\"item\":\"https:\\\/\\\/shop.bantam.ch\\\/de\\\/\"},{\"@type\":\"ListItem\",\"position\":2,\"name\":\"Shop\",\"item\":\"https:\\\/\\\/shop.bantam.ch\\\/de\\\/shop\\\/\"},{\"@type\":\"ListItem\",\"position\":3,\"name\":\"Wiederaufladbarer Clip-L\u00fcfter mit Licht\"}]},{\"@type\":\"WebSite\",\"@id\":\"https:\\\/\\\/shop.bantam.ch\\\/de\\\/#website\",\"url\":\"https:\\\/\\\/shop.bantam.ch\\\/de\\\/\",\"name\":\"Bantam Camping AG\",\"description\":\"\",\"publisher\":{\"@id\":\"https:\\\/\\\/shop.bantam.ch\\\/de\\\/#organization\"},\"inLanguage\":\"de\"},{\"@type\":\"Organization\",\"@id\":\"https:\\\/\\\/shop.bantam.ch\\\/de\\\/#organization\",\"name\":\"Bantam Camping AG\",\"url\":\"https:\\\/\\\/shop.bantam.ch\\\/de\\\/\",\"logo\":{\"@type\":\"ImageObject\",\"inLanguage\":\"de\",\"@id\":\"https:\\\/\\\/shop.bantam.ch\\\/de\\\/#\\\/schema\\\/logo\\\/image\\\/\",\"url\":\"https:\\\/\\\/shop.bantam.ch\\\/wp-content\\\/uploads\\\/2022\\\/12\\\/bantam-logo.png\",\"contentUrl\":\"https:\\\/\\\/shop.bantam.ch\\\/wp-content\\\/uploads\\\/2022\\\/12\\\/bantam-logo.png\",\"width\":320,\"height\":71,\"caption\":\"Bantam Camping AG\"},\"image\":{\"@id\":\"https:\\\/\\\/shop.bantam.ch\\\/de\\\/#\\\/schema\\\/logo\\\/image\\\/\"}}]}<\/script>\n<!-- \/ Yoast SEO plugin. -->","yoast_head_json":{"title":"Wiederaufladbarer Clip-L\u00fcfter mit Licht - Bantam Camping AG","robots":{"index":"index","follow":"follow","max-snippet":"max-snippet:-1","max-image-preview":"max-image-preview:large","max-video-preview":"max-video-preview:-1"},"canonical":"https:\/\/shop.bantam.ch\/de\/produkt\/clip-ventilator-eurotrail\/","og_locale":"de_DE","og_type":"article","og_title":"Wiederaufladbarer Clip-L\u00fcfter mit Licht - Bantam Camping AG","og_description":"Wiederaufladbarer Tischventilator mit Klemme und LED-Beleuchtung. Der Ventilator hat drei Geschwindigkeitsstufen und ist mit einer einstellbaren LED-Beleuchtung ausgestattet. Der Ventilator kann nicht nur als Tischmodell verwendet werden, sondern mit der Klemme k\u00f6nnen Sie ihn fast \u00fcberall befestigen, wo eine K\u00fchlung gew\u00fcnscht wird. Ideal f\u00fcr den Einsatz im Auto, Wohnwagen oder Wohnmobil, aber auch perfekt f\u00fcr [&hellip;]","og_url":"https:\/\/shop.bantam.ch\/de\/produkt\/clip-ventilator-eurotrail\/","og_site_name":"Bantam Camping AG","article_modified_time":"2026-03-24T00:15:47+00:00","og_image":[{"width":640,"height":793,"url":"https:\/\/shop.bantam.ch\/wp-content\/uploads\/2024\/09\/Movera-L-9945197100.jpg","type":"image\/jpeg"}],"twitter_card":"summary_large_image","schema":{"@context":"https:\/\/schema.org","@graph":[{"@type":"WebPage","@id":"https:\/\/shop.bantam.ch\/de\/produkt\/clip-ventilator-eurotrail\/","url":"https:\/\/shop.bantam.ch\/de\/produkt\/clip-ventilator-eurotrail\/","name":"Wiederaufladbarer Clip-L\u00fcfter mit Licht - Bantam Camping AG","isPartOf":{"@id":"https:\/\/shop.bantam.ch\/de\/#website"},"primaryImageOfPage":{"@id":"https:\/\/shop.bantam.ch\/de\/produkt\/clip-ventilator-eurotrail\/#primaryimage"},"image":{"@id":"https:\/\/shop.bantam.ch\/de\/produkt\/clip-ventilator-eurotrail\/#primaryimage"},"thumbnailUrl":"https:\/\/shop.bantam.ch\/wp-content\/uploads\/2024\/09\/Movera-L-9945197100.jpg","datePublished":"2024-05-15T12:29:51+00:00","dateModified":"2026-03-24T00:15:47+00:00","breadcrumb":{"@id":"https:\/\/shop.bantam.ch\/de\/produkt\/clip-ventilator-eurotrail\/#breadcrumb"},"inLanguage":"de","potentialAction":[{"@type":"ReadAction","target":["https:\/\/shop.bantam.ch\/de\/produkt\/clip-ventilator-eurotrail\/"]}]},{"@type":"ImageObject","inLanguage":"de","@id":"https:\/\/shop.bantam.ch\/de\/produkt\/clip-ventilator-eurotrail\/#primaryimage","url":"https:\/\/shop.bantam.ch\/wp-content\/uploads\/2024\/09\/Movera-L-9945197100.jpg","contentUrl":"https:\/\/shop.bantam.ch\/wp-content\/uploads\/2024\/09\/Movera-L-9945197100.jpg","width":640,"height":793},{"@type":"BreadcrumbList","@id":"https:\/\/shop.bantam.ch\/de\/produkt\/clip-ventilator-eurotrail\/#breadcrumb","itemListElement":[{"@type":"ListItem","position":1,"name":"Accueil","item":"https:\/\/shop.bantam.ch\/de\/"},{"@type":"ListItem","position":2,"name":"Shop","item":"https:\/\/shop.bantam.ch\/de\/shop\/"},{"@type":"ListItem","position":3,"name":"Wiederaufladbarer Clip-L\u00fcfter mit Licht"}]},{"@type":"WebSite","@id":"https:\/\/shop.bantam.ch\/de\/#website","url":"https:\/\/shop.bantam.ch\/de\/","name":"Bantam Camping AG","description":"","publisher":{"@id":"https:\/\/shop.bantam.ch\/de\/#organization"},"inLanguage":"de"},{"@type":"Organization","@id":"https:\/\/shop.bantam.ch\/de\/#organization","name":"Bantam Camping AG","url":"https:\/\/shop.bantam.ch\/de\/","logo":{"@type":"ImageObject","inLanguage":"de","@id":"https:\/\/shop.bantam.ch\/de\/#\/schema\/logo\/image\/","url":"https:\/\/shop.bantam.ch\/wp-content\/uploads\/2022\/12\/bantam-logo.png","contentUrl":"https:\/\/shop.bantam.ch\/wp-content\/uploads\/2022\/12\/bantam-logo.png","width":320,"height":71,"caption":"Bantam Camping AG"},"image":{"@id":"https:\/\/shop.bantam.ch\/de\/#\/schema\/logo\/image\/"}}]}},"_links":{"self":[{"href":"https:\/\/shop.bantam.ch\/de\/wp-json\/wp\/v2\/product\/193475","targetHints":{"allow":["GET"]}}],"collection":[{"href":"https:\/\/shop.bantam.ch\/de\/wp-json\/wp\/v2\/product"}],"about":[{"href":"https:\/\/shop.bantam.ch\/de\/wp-json\/wp\/v2\/types\/product"}],"wp:featuredmedia":[{"embeddable":true,"href":"https:\/\/shop.bantam.ch\/de\/wp-json\/wp\/v2\/media\/206017"}],"wp:attachment":[{"href":"https:\/\/shop.bantam.ch\/de\/wp-json\/wp\/v2\/media?parent=193475"}],"wp:term":[{"taxonomy":"product_featured_cat","embeddable":true,"href":"https:\/\/shop.bantam.ch\/de\/wp-json\/wp\/v2\/product_featured_cat?post=193475"},{"taxonomy":"product_brand","embeddable":true,"href":"https:\/\/shop.bantam.ch\/de\/wp-json\/wp\/v2\/product_brand?post=193475"},{"taxonomy":"product_cat","embeddable":true,"href":"https:\/\/shop.bantam.ch\/de\/wp-json\/wp\/v2\/product_cat?post=193475"},{"taxonomy":"product_tag","embeddable":true,"href":"https:\/\/shop.bantam.ch\/de\/wp-json\/wp\/v2\/product_tag?post=193475"}],"curies":[{"name":"wp","href":"https:\/\/api.w.org\/{rel}","templated":true}]}}