{"id":193455,"date":"2024-05-15T14:29:19","date_gmt":"2024-05-15T12:29:19","guid":{"rendered":"https:\/\/shop.bantam.ch\/produit\/tischset-crespo-mit-zwei-stuehlen-und-fussbank\/"},"modified":"2025-02-12T23:59:13","modified_gmt":"2025-02-12T22:59:13","slug":"tischset-crespo-mit-zwei-stuehlen-und-fussbank","status":"publish","type":"product","link":"https:\/\/shop.bantam.ch\/de\/produkt\/tischset-crespo-mit-zwei-stuehlen-und-fussbank\/","title":{"rendered":"Tischset CRESPO mit zwei St\u00fchlen und Fu\u00dfbank"},"content":{"rendered":"<p>Das kompakte Set 213 CTR, bestehend aus einem h\u00f6henverstellbaren Tisch mit Ablagenetz, dazu passenden St\u00fchlen inklusive Fu\u00dfablagen und einer robusten Aufbewahrungstasche ist perfekt f\u00fcr kleinere Wohnmobile und Camper geeignet. Der luxuri\u00f6se Campingtisch AL-246 ist mit einer hitzebest\u00e4ndigen, wasserfesten Tischplatte aus Melamin und einem robusten Aluminiumrahmen mit Pulverbeschichtung ausgestattet. Er verf\u00fcgt \u00fcber stufenlos verstellbare Beine (59-76 cm), die per Schnellverschluss fixiert werden k\u00f6nnen. Die selbstnivellierenden Stabilisierungsf\u00fc\u00dfe sorgen jederzeit f\u00fcr optimalen Halt, auch bei unebenem Terrain. &nbsp;Mit einem Handgriff k\u00f6nnen die Beine unkompliziert eingeklappt werden, wodurch sich der Tisch komfortabel und mit nur 4 cm Dicke sehr platzsparend transportieren l\u00e4sst. Das gro\u00dfe Netz unter dem Tisch ist ideal zum Verstauen von Zeitungen, Zeitschriften, dem Telefon oder anderen Accessoires. Die verstellbaren Klappst\u00fchle AL-213 Classic Compact bieten dank der 7-fach verstellbaren R\u00fcckenlehne und der stufenlos verstellbaren Kopfst\u00fctze maximalen Komfort (L\u00e4nge der R\u00fcckenlehne: 65-83 cm). Die St\u00fchle messen flach zusammengelegt jeweils nur 5 cm! Die St\u00fchle haben einen U-Rahmen mit Stabilisatoren und extra dicken Rohren f\u00fcr zus\u00e4tzliche Festigkeit und Stabilit\u00e4t. &nbsp;Die bequeme und stilvolle Beinst\u00fctze AL-231 kann separat vom Stuhl verwendet werden und daher in der gew\u00fcnschten Entfernung platziert werden, abh\u00e4ngig von der L\u00e4nge der Beine. Der Fu\u00dfhocker ist ergonomisch geformt, mit einem extra stabilen Rahmen versehen und kann daher auch zum Sitzen verwendet werden. Nach Gebrauch ist er flach und kompakt zusammenklappbar. Die ger\u00e4umige Transporttasche mit Rei\u00dfverschluss und Trageriemen besteht aus widerstandsf\u00e4higem 600D Polyester und erm\u00f6glicht eine platzsparende Aufbewahrung. Crespo stellt diesen Artikel unter Beachtung h\u00f6chster Qualit\u00e4tsstandards direkt in Spanien her und sorgt so f\u00fcr ein langlebiges und verl\u00e4ssliches Produkt.<br \/>\n&nbsp;<\/p>\n","protected":false},"excerpt":{"rendered":"<p>Das kompakte Set 213 CTR, bestehend aus einem h\u00f6henverstellbaren Tisch mit Ablagenetz, dazu passenden St\u00fchlen inklusive Fu\u00dfablagen und einer robusten Aufbewahrungstasche ist perfekt f\u00fcr kleinere Wohnmobile und Camper geeignet. Der luxuri\u00f6se Campingtisch AL-246 ist mit einer hitzebest\u00e4ndigen, wasserfesten Tischplatte aus Melamin und einem robusten Aluminiumrahmen mit Pulverbeschichtung ausgestattet. Er verf\u00fcgt \u00fcber stufenlos verstellbare Beine (59-76 [&hellip;]<\/p>\n","protected":false},"featured_media":0,"template":"","meta":{"_acf_changed":false},"product_featured_cat":[],"product_brand":[3085],"product_cat":[4972,4054],"product_tag":[],"class_list":{"0":"post-193455","1":"product","2":"type-product","3":"status-publish","5":"product_brand-crespo-de","6":"product_cat-campingstuehle","7":"product_cat-campingtische","9":"first","10":"instock","11":"taxable","12":"shipping-taxable","13":"purchasable","14":"product-type-simple"},"acf":[],"yoast_head":"<!-- This site is optimized with the Yoast SEO plugin v27.4 - https:\/\/yoast.com\/product\/yoast-seo-wordpress\/ -->\n<title>Tischset CRESPO mit zwei St\u00fchlen und Fu\u00dfbank - Bantam Camping AG<\/title>\n<meta name=\"robots\" content=\"index, follow, max-snippet:-1, max-image-preview:large, max-video-preview:-1\" \/>\n<link rel=\"canonical\" href=\"https:\/\/shop.bantam.ch\/de\/produkt\/tischset-crespo-mit-zwei-stuehlen-und-fussbank\/\" \/>\n<meta property=\"og:locale\" content=\"de_DE\" \/>\n<meta property=\"og:type\" content=\"article\" \/>\n<meta property=\"og:title\" content=\"Tischset CRESPO mit zwei St\u00fchlen und Fu\u00dfbank - Bantam Camping AG\" \/>\n<meta property=\"og:description\" content=\"Das kompakte Set 213 CTR, bestehend aus einem h\u00f6henverstellbaren Tisch mit Ablagenetz, dazu passenden St\u00fchlen inklusive Fu\u00dfablagen und einer robusten Aufbewahrungstasche ist perfekt f\u00fcr kleinere Wohnmobile und Camper geeignet. Der luxuri\u00f6se Campingtisch AL-246 ist mit einer hitzebest\u00e4ndigen, wasserfesten Tischplatte aus Melamin und einem robusten Aluminiumrahmen mit Pulverbeschichtung ausgestattet. Er verf\u00fcgt \u00fcber stufenlos verstellbare Beine (59-76 [&hellip;]\" \/>\n<meta property=\"og:url\" content=\"https:\/\/shop.bantam.ch\/de\/produkt\/tischset-crespo-mit-zwei-stuehlen-und-fussbank\/\" \/>\n<meta property=\"og:site_name\" content=\"Bantam Camping AG\" \/>\n<meta property=\"article:modified_time\" content=\"2025-02-12T22:59:13+00:00\" \/>\n<meta name=\"twitter:card\" content=\"summary_large_image\" \/>\n<meta name=\"twitter:label1\" content=\"Gesch\u00e4tzte Lesezeit\" \/>\n\t<meta name=\"twitter:data1\" content=\"1\u00a0Minute\" \/>\n<script type=\"application\/ld+json\" class=\"yoast-schema-graph\">{\"@context\":\"https:\\\/\\\/schema.org\",\"@graph\":[{\"@type\":\"WebPage\",\"@id\":\"https:\\\/\\\/shop.bantam.ch\\\/de\\\/produkt\\\/tischset-crespo-mit-zwei-stuehlen-und-fussbank\\\/\",\"url\":\"https:\\\/\\\/shop.bantam.ch\\\/de\\\/produkt\\\/tischset-crespo-mit-zwei-stuehlen-und-fussbank\\\/\",\"name\":\"Tischset CRESPO mit zwei St\u00fchlen und Fu\u00dfbank - Bantam Camping AG\",\"isPartOf\":{\"@id\":\"https:\\\/\\\/shop.bantam.ch\\\/de\\\/#website\"},\"datePublished\":\"2024-05-15T12:29:19+00:00\",\"dateModified\":\"2025-02-12T22:59:13+00:00\",\"breadcrumb\":{\"@id\":\"https:\\\/\\\/shop.bantam.ch\\\/de\\\/produkt\\\/tischset-crespo-mit-zwei-stuehlen-und-fussbank\\\/#breadcrumb\"},\"inLanguage\":\"de\",\"potentialAction\":[{\"@type\":\"ReadAction\",\"target\":[\"https:\\\/\\\/shop.bantam.ch\\\/de\\\/produkt\\\/tischset-crespo-mit-zwei-stuehlen-und-fussbank\\\/\"]}]},{\"@type\":\"BreadcrumbList\",\"@id\":\"https:\\\/\\\/shop.bantam.ch\\\/de\\\/produkt\\\/tischset-crespo-mit-zwei-stuehlen-und-fussbank\\\/#breadcrumb\",\"itemListElement\":[{\"@type\":\"ListItem\",\"position\":1,\"name\":\"Accueil\",\"item\":\"https:\\\/\\\/shop.bantam.ch\\\/de\\\/\"},{\"@type\":\"ListItem\",\"position\":2,\"name\":\"Shop\",\"item\":\"https:\\\/\\\/shop.bantam.ch\\\/de\\\/shop\\\/\"},{\"@type\":\"ListItem\",\"position\":3,\"name\":\"Tischset CRESPO mit zwei St\u00fchlen und Fu\u00dfbank\"}]},{\"@type\":\"WebSite\",\"@id\":\"https:\\\/\\\/shop.bantam.ch\\\/de\\\/#website\",\"url\":\"https:\\\/\\\/shop.bantam.ch\\\/de\\\/\",\"name\":\"Bantam Camping AG\",\"description\":\"\",\"publisher\":{\"@id\":\"https:\\\/\\\/shop.bantam.ch\\\/de\\\/#organization\"},\"inLanguage\":\"de\"},{\"@type\":\"Organization\",\"@id\":\"https:\\\/\\\/shop.bantam.ch\\\/de\\\/#organization\",\"name\":\"Bantam Camping AG\",\"url\":\"https:\\\/\\\/shop.bantam.ch\\\/de\\\/\",\"logo\":{\"@type\":\"ImageObject\",\"inLanguage\":\"de\",\"@id\":\"https:\\\/\\\/shop.bantam.ch\\\/de\\\/#\\\/schema\\\/logo\\\/image\\\/\",\"url\":\"https:\\\/\\\/shop.bantam.ch\\\/wp-content\\\/uploads\\\/2022\\\/12\\\/bantam-logo.png\",\"contentUrl\":\"https:\\\/\\\/shop.bantam.ch\\\/wp-content\\\/uploads\\\/2022\\\/12\\\/bantam-logo.png\",\"width\":320,\"height\":71,\"caption\":\"Bantam Camping AG\"},\"image\":{\"@id\":\"https:\\\/\\\/shop.bantam.ch\\\/de\\\/#\\\/schema\\\/logo\\\/image\\\/\"}}]}<\/script>\n<!-- \/ Yoast SEO plugin. -->","yoast_head_json":{"title":"Tischset CRESPO mit zwei St\u00fchlen und Fu\u00dfbank - Bantam Camping AG","robots":{"index":"index","follow":"follow","max-snippet":"max-snippet:-1","max-image-preview":"max-image-preview:large","max-video-preview":"max-video-preview:-1"},"canonical":"https:\/\/shop.bantam.ch\/de\/produkt\/tischset-crespo-mit-zwei-stuehlen-und-fussbank\/","og_locale":"de_DE","og_type":"article","og_title":"Tischset CRESPO mit zwei St\u00fchlen und Fu\u00dfbank - Bantam Camping AG","og_description":"Das kompakte Set 213 CTR, bestehend aus einem h\u00f6henverstellbaren Tisch mit Ablagenetz, dazu passenden St\u00fchlen inklusive Fu\u00dfablagen und einer robusten Aufbewahrungstasche ist perfekt f\u00fcr kleinere Wohnmobile und Camper geeignet. Der luxuri\u00f6se Campingtisch AL-246 ist mit einer hitzebest\u00e4ndigen, wasserfesten Tischplatte aus Melamin und einem robusten Aluminiumrahmen mit Pulverbeschichtung ausgestattet. Er verf\u00fcgt \u00fcber stufenlos verstellbare Beine (59-76 [&hellip;]","og_url":"https:\/\/shop.bantam.ch\/de\/produkt\/tischset-crespo-mit-zwei-stuehlen-und-fussbank\/","og_site_name":"Bantam Camping AG","article_modified_time":"2025-02-12T22:59:13+00:00","twitter_card":"summary_large_image","twitter_misc":{"Gesch\u00e4tzte Lesezeit":"1\u00a0Minute"},"schema":{"@context":"https:\/\/schema.org","@graph":[{"@type":"WebPage","@id":"https:\/\/shop.bantam.ch\/de\/produkt\/tischset-crespo-mit-zwei-stuehlen-und-fussbank\/","url":"https:\/\/shop.bantam.ch\/de\/produkt\/tischset-crespo-mit-zwei-stuehlen-und-fussbank\/","name":"Tischset CRESPO mit zwei St\u00fchlen und Fu\u00dfbank - Bantam Camping AG","isPartOf":{"@id":"https:\/\/shop.bantam.ch\/de\/#website"},"datePublished":"2024-05-15T12:29:19+00:00","dateModified":"2025-02-12T22:59:13+00:00","breadcrumb":{"@id":"https:\/\/shop.bantam.ch\/de\/produkt\/tischset-crespo-mit-zwei-stuehlen-und-fussbank\/#breadcrumb"},"inLanguage":"de","potentialAction":[{"@type":"ReadAction","target":["https:\/\/shop.bantam.ch\/de\/produkt\/tischset-crespo-mit-zwei-stuehlen-und-fussbank\/"]}]},{"@type":"BreadcrumbList","@id":"https:\/\/shop.bantam.ch\/de\/produkt\/tischset-crespo-mit-zwei-stuehlen-und-fussbank\/#breadcrumb","itemListElement":[{"@type":"ListItem","position":1,"name":"Accueil","item":"https:\/\/shop.bantam.ch\/de\/"},{"@type":"ListItem","position":2,"name":"Shop","item":"https:\/\/shop.bantam.ch\/de\/shop\/"},{"@type":"ListItem","position":3,"name":"Tischset CRESPO mit zwei St\u00fchlen und Fu\u00dfbank"}]},{"@type":"WebSite","@id":"https:\/\/shop.bantam.ch\/de\/#website","url":"https:\/\/shop.bantam.ch\/de\/","name":"Bantam Camping AG","description":"","publisher":{"@id":"https:\/\/shop.bantam.ch\/de\/#organization"},"inLanguage":"de"},{"@type":"Organization","@id":"https:\/\/shop.bantam.ch\/de\/#organization","name":"Bantam Camping AG","url":"https:\/\/shop.bantam.ch\/de\/","logo":{"@type":"ImageObject","inLanguage":"de","@id":"https:\/\/shop.bantam.ch\/de\/#\/schema\/logo\/image\/","url":"https:\/\/shop.bantam.ch\/wp-content\/uploads\/2022\/12\/bantam-logo.png","contentUrl":"https:\/\/shop.bantam.ch\/wp-content\/uploads\/2022\/12\/bantam-logo.png","width":320,"height":71,"caption":"Bantam Camping AG"},"image":{"@id":"https:\/\/shop.bantam.ch\/de\/#\/schema\/logo\/image\/"}}]}},"_links":{"self":[{"href":"https:\/\/shop.bantam.ch\/de\/wp-json\/wp\/v2\/product\/193455","targetHints":{"allow":["GET"]}}],"collection":[{"href":"https:\/\/shop.bantam.ch\/de\/wp-json\/wp\/v2\/product"}],"about":[{"href":"https:\/\/shop.bantam.ch\/de\/wp-json\/wp\/v2\/types\/product"}],"wp:attachment":[{"href":"https:\/\/shop.bantam.ch\/de\/wp-json\/wp\/v2\/media?parent=193455"}],"wp:term":[{"taxonomy":"product_featured_cat","embeddable":true,"href":"https:\/\/shop.bantam.ch\/de\/wp-json\/wp\/v2\/product_featured_cat?post=193455"},{"taxonomy":"product_brand","embeddable":true,"href":"https:\/\/shop.bantam.ch\/de\/wp-json\/wp\/v2\/product_brand?post=193455"},{"taxonomy":"product_cat","embeddable":true,"href":"https:\/\/shop.bantam.ch\/de\/wp-json\/wp\/v2\/product_cat?post=193455"},{"taxonomy":"product_tag","embeddable":true,"href":"https:\/\/shop.bantam.ch\/de\/wp-json\/wp\/v2\/product_tag?post=193455"}],"curies":[{"name":"wp","href":"https:\/\/api.w.org\/{rel}","templated":true}]}}