{"id":193435,"date":"2024-05-15T14:28:46","date_gmt":"2024-05-15T12:28:46","guid":{"rendered":"https:\/\/shop.bantam.ch\/produit\/tischleuchte-eurotrail-stone-flammenlicht\/"},"modified":"2026-04-18T23:00:45","modified_gmt":"2026-04-18T21:00:45","slug":"tischleuchte-eurotrail-stone-flammenlicht","status":"publish","type":"product","link":"https:\/\/shop.bantam.ch\/de\/produkt\/tischleuchte-eurotrail-stone-flammenlicht\/","title":{"rendered":"Tischleuchte EuroTrail Stone &#8211; Flammenlicht"},"content":{"rendered":"<p>Tischleuchte Stone \u2013 Flammenlicht<\/p>\n<ul>\n<li>Tischleuchte aus mattwei\u00dfem ABS-Material<\/li>\n<li>Die LED-Lampe gibt ein helles wei\u00dfes Licht oder ein warmes Licht in&nbsp;<\/li>\n<li>Flammenatmosph\u00e4re<\/li>\n<li>Material: HIPS-PS steinwei\u00dfer Kunststoff<\/li>\n<li>LED: 2 Positionen: wei\u00dfes Licht oder warmes Flammen-Licht<\/li>\n<li>Helligkeit: 30 lm.<\/li>\n<li>Batterie: 3 x AA Batterie (nicht im Lieferumfang enthalten)<\/li>\n<li>Gr\u00f6\u00dfe: D 10,5 x 15 cm<\/li>\n<li>Gewicht: 155 g<\/li>\n<\/ul>\n","protected":false},"excerpt":{"rendered":"<p>Tischleuchte Stone \u2013 Flammenlicht Tischleuchte aus mattwei\u00dfem ABS-Material Die LED-Lampe gibt ein helles wei\u00dfes Licht oder ein warmes Licht in&nbsp; Flammenatmosph\u00e4re Material: HIPS-PS steinwei\u00dfer Kunststoff LED: 2 Positionen: wei\u00dfes Licht oder warmes Flammen-Licht Helligkeit: 30 lm. Batterie: 3 x AA Batterie (nicht im Lieferumfang enthalten) Gr\u00f6\u00dfe: D 10,5 x 15 cm Gewicht: 155 g<\/p>\n","protected":false},"featured_media":206003,"template":"","meta":{"_acf_changed":false},"product_featured_cat":[],"product_brand":[3075],"product_cat":[4362],"product_tag":[],"class_list":{"0":"post-193435","1":"product","2":"type-product","3":"status-publish","4":"has-post-thumbnail","6":"product_brand-eurotrail-de","7":"product_cat-batterie-akkulampen","9":"first","10":"instock","11":"taxable","12":"shipping-taxable","13":"purchasable","14":"product-type-simple"},"acf":[],"yoast_head":"<!-- This site is optimized with the Yoast SEO plugin v27.4 - https:\/\/yoast.com\/product\/yoast-seo-wordpress\/ -->\n<title>Tischleuchte EuroTrail Stone - Flammenlicht - Bantam Camping AG<\/title>\n<meta name=\"robots\" content=\"index, follow, max-snippet:-1, max-image-preview:large, max-video-preview:-1\" \/>\n<link rel=\"canonical\" href=\"https:\/\/shop.bantam.ch\/de\/produkt\/tischleuchte-eurotrail-stone-flammenlicht\/\" \/>\n<meta property=\"og:locale\" content=\"de_DE\" \/>\n<meta property=\"og:type\" content=\"article\" \/>\n<meta property=\"og:title\" content=\"Tischleuchte EuroTrail Stone - Flammenlicht - Bantam Camping AG\" \/>\n<meta property=\"og:description\" content=\"Tischleuchte Stone \u2013 Flammenlicht Tischleuchte aus mattwei\u00dfem ABS-Material Die LED-Lampe gibt ein helles wei\u00dfes Licht oder ein warmes Licht in&nbsp; Flammenatmosph\u00e4re Material: HIPS-PS steinwei\u00dfer Kunststoff LED: 2 Positionen: wei\u00dfes Licht oder warmes Flammen-Licht Helligkeit: 30 lm. Batterie: 3 x AA Batterie (nicht im Lieferumfang enthalten) Gr\u00f6\u00dfe: D 10,5 x 15 cm Gewicht: 155 g\" \/>\n<meta property=\"og:url\" content=\"https:\/\/shop.bantam.ch\/de\/produkt\/tischleuchte-eurotrail-stone-flammenlicht\/\" \/>\n<meta property=\"og:site_name\" content=\"Bantam Camping AG\" \/>\n<meta property=\"article:modified_time\" content=\"2026-04-18T21:00:45+00:00\" \/>\n<meta name=\"twitter:card\" content=\"summary_large_image\" \/>\n<script type=\"application\/ld+json\" class=\"yoast-schema-graph\">{\"@context\":\"https:\\\/\\\/schema.org\",\"@graph\":[{\"@type\":\"WebPage\",\"@id\":\"https:\\\/\\\/shop.bantam.ch\\\/de\\\/produkt\\\/tischleuchte-eurotrail-stone-flammenlicht\\\/\",\"url\":\"https:\\\/\\\/shop.bantam.ch\\\/de\\\/produkt\\\/tischleuchte-eurotrail-stone-flammenlicht\\\/\",\"name\":\"Tischleuchte EuroTrail Stone - Flammenlicht - Bantam Camping AG\",\"isPartOf\":{\"@id\":\"https:\\\/\\\/shop.bantam.ch\\\/de\\\/#website\"},\"primaryImageOfPage\":{\"@id\":\"https:\\\/\\\/shop.bantam.ch\\\/de\\\/produkt\\\/tischleuchte-eurotrail-stone-flammenlicht\\\/#primaryimage\"},\"image\":{\"@id\":\"https:\\\/\\\/shop.bantam.ch\\\/de\\\/produkt\\\/tischleuchte-eurotrail-stone-flammenlicht\\\/#primaryimage\"},\"thumbnailUrl\":\"https:\\\/\\\/shop.bantam.ch\\\/wp-content\\\/uploads\\\/2024\\\/09\\\/Movera-L-9945184100.jpg\",\"datePublished\":\"2024-05-15T12:28:46+00:00\",\"dateModified\":\"2026-04-18T21:00:45+00:00\",\"breadcrumb\":{\"@id\":\"https:\\\/\\\/shop.bantam.ch\\\/de\\\/produkt\\\/tischleuchte-eurotrail-stone-flammenlicht\\\/#breadcrumb\"},\"inLanguage\":\"de\",\"potentialAction\":[{\"@type\":\"ReadAction\",\"target\":[\"https:\\\/\\\/shop.bantam.ch\\\/de\\\/produkt\\\/tischleuchte-eurotrail-stone-flammenlicht\\\/\"]}]},{\"@type\":\"ImageObject\",\"inLanguage\":\"de\",\"@id\":\"https:\\\/\\\/shop.bantam.ch\\\/de\\\/produkt\\\/tischleuchte-eurotrail-stone-flammenlicht\\\/#primaryimage\",\"url\":\"https:\\\/\\\/shop.bantam.ch\\\/wp-content\\\/uploads\\\/2024\\\/09\\\/Movera-L-9945184100.jpg\",\"contentUrl\":\"https:\\\/\\\/shop.bantam.ch\\\/wp-content\\\/uploads\\\/2024\\\/09\\\/Movera-L-9945184100.jpg\",\"width\":573,\"height\":800},{\"@type\":\"BreadcrumbList\",\"@id\":\"https:\\\/\\\/shop.bantam.ch\\\/de\\\/produkt\\\/tischleuchte-eurotrail-stone-flammenlicht\\\/#breadcrumb\",\"itemListElement\":[{\"@type\":\"ListItem\",\"position\":1,\"name\":\"Accueil\",\"item\":\"https:\\\/\\\/shop.bantam.ch\\\/de\\\/\"},{\"@type\":\"ListItem\",\"position\":2,\"name\":\"Shop\",\"item\":\"https:\\\/\\\/shop.bantam.ch\\\/de\\\/shop\\\/\"},{\"@type\":\"ListItem\",\"position\":3,\"name\":\"Tischleuchte EuroTrail Stone &#8211; Flammenlicht\"}]},{\"@type\":\"WebSite\",\"@id\":\"https:\\\/\\\/shop.bantam.ch\\\/de\\\/#website\",\"url\":\"https:\\\/\\\/shop.bantam.ch\\\/de\\\/\",\"name\":\"Bantam Camping AG\",\"description\":\"\",\"publisher\":{\"@id\":\"https:\\\/\\\/shop.bantam.ch\\\/de\\\/#organization\"},\"inLanguage\":\"de\"},{\"@type\":\"Organization\",\"@id\":\"https:\\\/\\\/shop.bantam.ch\\\/de\\\/#organization\",\"name\":\"Bantam Camping AG\",\"url\":\"https:\\\/\\\/shop.bantam.ch\\\/de\\\/\",\"logo\":{\"@type\":\"ImageObject\",\"inLanguage\":\"de\",\"@id\":\"https:\\\/\\\/shop.bantam.ch\\\/de\\\/#\\\/schema\\\/logo\\\/image\\\/\",\"url\":\"https:\\\/\\\/shop.bantam.ch\\\/wp-content\\\/uploads\\\/2022\\\/12\\\/bantam-logo.png\",\"contentUrl\":\"https:\\\/\\\/shop.bantam.ch\\\/wp-content\\\/uploads\\\/2022\\\/12\\\/bantam-logo.png\",\"width\":320,\"height\":71,\"caption\":\"Bantam Camping AG\"},\"image\":{\"@id\":\"https:\\\/\\\/shop.bantam.ch\\\/de\\\/#\\\/schema\\\/logo\\\/image\\\/\"}}]}<\/script>\n<!-- \/ Yoast SEO plugin. -->","yoast_head_json":{"title":"Tischleuchte EuroTrail Stone - Flammenlicht - Bantam Camping AG","robots":{"index":"index","follow":"follow","max-snippet":"max-snippet:-1","max-image-preview":"max-image-preview:large","max-video-preview":"max-video-preview:-1"},"canonical":"https:\/\/shop.bantam.ch\/de\/produkt\/tischleuchte-eurotrail-stone-flammenlicht\/","og_locale":"de_DE","og_type":"article","og_title":"Tischleuchte EuroTrail Stone - Flammenlicht - Bantam Camping AG","og_description":"Tischleuchte Stone \u2013 Flammenlicht Tischleuchte aus mattwei\u00dfem ABS-Material Die LED-Lampe gibt ein helles wei\u00dfes Licht oder ein warmes Licht in&nbsp; Flammenatmosph\u00e4re Material: HIPS-PS steinwei\u00dfer Kunststoff LED: 2 Positionen: wei\u00dfes Licht oder warmes Flammen-Licht Helligkeit: 30 lm. Batterie: 3 x AA Batterie (nicht im Lieferumfang enthalten) Gr\u00f6\u00dfe: D 10,5 x 15 cm Gewicht: 155 g","og_url":"https:\/\/shop.bantam.ch\/de\/produkt\/tischleuchte-eurotrail-stone-flammenlicht\/","og_site_name":"Bantam Camping AG","article_modified_time":"2026-04-18T21:00:45+00:00","twitter_card":"summary_large_image","schema":{"@context":"https:\/\/schema.org","@graph":[{"@type":"WebPage","@id":"https:\/\/shop.bantam.ch\/de\/produkt\/tischleuchte-eurotrail-stone-flammenlicht\/","url":"https:\/\/shop.bantam.ch\/de\/produkt\/tischleuchte-eurotrail-stone-flammenlicht\/","name":"Tischleuchte EuroTrail Stone - Flammenlicht - Bantam Camping AG","isPartOf":{"@id":"https:\/\/shop.bantam.ch\/de\/#website"},"primaryImageOfPage":{"@id":"https:\/\/shop.bantam.ch\/de\/produkt\/tischleuchte-eurotrail-stone-flammenlicht\/#primaryimage"},"image":{"@id":"https:\/\/shop.bantam.ch\/de\/produkt\/tischleuchte-eurotrail-stone-flammenlicht\/#primaryimage"},"thumbnailUrl":"https:\/\/shop.bantam.ch\/wp-content\/uploads\/2024\/09\/Movera-L-9945184100.jpg","datePublished":"2024-05-15T12:28:46+00:00","dateModified":"2026-04-18T21:00:45+00:00","breadcrumb":{"@id":"https:\/\/shop.bantam.ch\/de\/produkt\/tischleuchte-eurotrail-stone-flammenlicht\/#breadcrumb"},"inLanguage":"de","potentialAction":[{"@type":"ReadAction","target":["https:\/\/shop.bantam.ch\/de\/produkt\/tischleuchte-eurotrail-stone-flammenlicht\/"]}]},{"@type":"ImageObject","inLanguage":"de","@id":"https:\/\/shop.bantam.ch\/de\/produkt\/tischleuchte-eurotrail-stone-flammenlicht\/#primaryimage","url":"https:\/\/shop.bantam.ch\/wp-content\/uploads\/2024\/09\/Movera-L-9945184100.jpg","contentUrl":"https:\/\/shop.bantam.ch\/wp-content\/uploads\/2024\/09\/Movera-L-9945184100.jpg","width":573,"height":800},{"@type":"BreadcrumbList","@id":"https:\/\/shop.bantam.ch\/de\/produkt\/tischleuchte-eurotrail-stone-flammenlicht\/#breadcrumb","itemListElement":[{"@type":"ListItem","position":1,"name":"Accueil","item":"https:\/\/shop.bantam.ch\/de\/"},{"@type":"ListItem","position":2,"name":"Shop","item":"https:\/\/shop.bantam.ch\/de\/shop\/"},{"@type":"ListItem","position":3,"name":"Tischleuchte EuroTrail Stone &#8211; Flammenlicht"}]},{"@type":"WebSite","@id":"https:\/\/shop.bantam.ch\/de\/#website","url":"https:\/\/shop.bantam.ch\/de\/","name":"Bantam Camping AG","description":"","publisher":{"@id":"https:\/\/shop.bantam.ch\/de\/#organization"},"inLanguage":"de"},{"@type":"Organization","@id":"https:\/\/shop.bantam.ch\/de\/#organization","name":"Bantam Camping AG","url":"https:\/\/shop.bantam.ch\/de\/","logo":{"@type":"ImageObject","inLanguage":"de","@id":"https:\/\/shop.bantam.ch\/de\/#\/schema\/logo\/image\/","url":"https:\/\/shop.bantam.ch\/wp-content\/uploads\/2022\/12\/bantam-logo.png","contentUrl":"https:\/\/shop.bantam.ch\/wp-content\/uploads\/2022\/12\/bantam-logo.png","width":320,"height":71,"caption":"Bantam Camping AG"},"image":{"@id":"https:\/\/shop.bantam.ch\/de\/#\/schema\/logo\/image\/"}}]}},"_links":{"self":[{"href":"https:\/\/shop.bantam.ch\/de\/wp-json\/wp\/v2\/product\/193435","targetHints":{"allow":["GET"]}}],"collection":[{"href":"https:\/\/shop.bantam.ch\/de\/wp-json\/wp\/v2\/product"}],"about":[{"href":"https:\/\/shop.bantam.ch\/de\/wp-json\/wp\/v2\/types\/product"}],"wp:featuredmedia":[{"embeddable":true,"href":"https:\/\/shop.bantam.ch\/de\/wp-json\/wp\/v2\/media\/206003"}],"wp:attachment":[{"href":"https:\/\/shop.bantam.ch\/de\/wp-json\/wp\/v2\/media?parent=193435"}],"wp:term":[{"taxonomy":"product_featured_cat","embeddable":true,"href":"https:\/\/shop.bantam.ch\/de\/wp-json\/wp\/v2\/product_featured_cat?post=193435"},{"taxonomy":"product_brand","embeddable":true,"href":"https:\/\/shop.bantam.ch\/de\/wp-json\/wp\/v2\/product_brand?post=193435"},{"taxonomy":"product_cat","embeddable":true,"href":"https:\/\/shop.bantam.ch\/de\/wp-json\/wp\/v2\/product_cat?post=193435"},{"taxonomy":"product_tag","embeddable":true,"href":"https:\/\/shop.bantam.ch\/de\/wp-json\/wp\/v2\/product_tag?post=193435"}],"curies":[{"name":"wp","href":"https:\/\/api.w.org\/{rel}","templated":true}]}}