{"id":193421,"date":"2024-05-15T14:28:31","date_gmt":"2024-05-15T12:28:31","guid":{"rendered":"https:\/\/shop.bantam.ch\/produit\/led-tischlampe-eurotrail-breeze-wiederaufladbar\/"},"modified":"2026-04-20T22:58:40","modified_gmt":"2026-04-20T20:58:40","slug":"led-tischlampe-eurotrail-breeze-wiederaufladbar","status":"publish","type":"product","link":"https:\/\/shop.bantam.ch\/de\/produkt\/led-tischlampe-eurotrail-breeze-wiederaufladbar\/","title":{"rendered":"LED Tischlampe EuroTrail Breeze wiederaufladbar"},"content":{"rendered":"<p>Wiederaufladbare LED Tischlampe Breeze<\/p>\n<ul>\n<li>Die Breeze spendet ein strahlend wei\u00dfes Licht und kann mittels Dimmer auf die&nbsp;<\/li>\n<li>gew\u00fcnschte Lichtintensit\u00e4t eingestellt werden<\/li>\n<li>Das Eisengitter sch\u00fctzt die Lampe und verleiht ihr einen robusten Charakter<\/li>\n<li>Der stabile Bambusfu\u00df sorgt daf\u00fcr, dass die Lampe auch bei starkem Wind stabil steht<\/li>\n<li>Die Lithium Batterien sind mit dem mitgelieferten USB-Kabel wiederaufladbar<\/li>\n<li>Die Lampe hat einen USB-Ausgang, der als Powerbank zum Aufladen Ihres Handys&nbsp;<\/li>\n<li>genutzt werden kann<\/li>\n<li>Helligkeit: 10 &#8211; 300 Lumen<\/li>\n<li>DC 5V\/1A \u2013 6W<\/li>\n<li>Akku: 5200 mAh Lithium wiederaufladbar<\/li>\n<li>Aufladezeit: ca. 7 Stunden<\/li>\n<li>Leuchtzeit: 8 &#8211; 75 Stunden<\/li>\n<li>Material: Kunststoff, Eisen und Bambus<\/li>\n<li>Ma\u00dfe: D 12,5 x 25 cm<\/li>\n<li>Gewicht: 900 g<\/li>\n<\/ul>\n","protected":false},"excerpt":{"rendered":"<p>Wiederaufladbare LED Tischlampe Breeze Die Breeze spendet ein strahlend wei\u00dfes Licht und kann mittels Dimmer auf die&nbsp; gew\u00fcnschte Lichtintensit\u00e4t eingestellt werden Das Eisengitter sch\u00fctzt die Lampe und verleiht ihr einen robusten Charakter Der stabile Bambusfu\u00df sorgt daf\u00fcr, dass die Lampe auch bei starkem Wind stabil steht Die Lithium Batterien sind mit dem mitgelieferten USB-Kabel wiederaufladbar [&hellip;]<\/p>\n","protected":false},"featured_media":205999,"template":"","meta":{"_acf_changed":false},"product_featured_cat":[],"product_brand":[3075],"product_cat":[4362],"product_tag":[],"class_list":{"0":"post-193421","1":"product","2":"type-product","3":"status-publish","4":"has-post-thumbnail","6":"product_brand-eurotrail-de","7":"product_cat-batterie-akkulampen","9":"first","10":"instock","11":"taxable","12":"shipping-taxable","13":"purchasable","14":"product-type-simple"},"acf":[],"yoast_head":"<!-- This site is optimized with the Yoast SEO plugin v27.4 - https:\/\/yoast.com\/product\/yoast-seo-wordpress\/ -->\n<title>LED Tischlampe EuroTrail Breeze wiederaufladbar - Bantam Camping AG<\/title>\n<meta name=\"robots\" content=\"index, follow, max-snippet:-1, max-image-preview:large, max-video-preview:-1\" \/>\n<link rel=\"canonical\" href=\"https:\/\/shop.bantam.ch\/de\/produkt\/led-tischlampe-eurotrail-breeze-wiederaufladbar\/\" \/>\n<meta property=\"og:locale\" content=\"de_DE\" \/>\n<meta property=\"og:type\" content=\"article\" \/>\n<meta property=\"og:title\" content=\"LED Tischlampe EuroTrail Breeze wiederaufladbar - Bantam Camping AG\" \/>\n<meta property=\"og:description\" content=\"Wiederaufladbare LED Tischlampe Breeze Die Breeze spendet ein strahlend wei\u00dfes Licht und kann mittels Dimmer auf die&nbsp; gew\u00fcnschte Lichtintensit\u00e4t eingestellt werden Das Eisengitter sch\u00fctzt die Lampe und verleiht ihr einen robusten Charakter Der stabile Bambusfu\u00df sorgt daf\u00fcr, dass die Lampe auch bei starkem Wind stabil steht Die Lithium Batterien sind mit dem mitgelieferten USB-Kabel wiederaufladbar [&hellip;]\" \/>\n<meta property=\"og:url\" content=\"https:\/\/shop.bantam.ch\/de\/produkt\/led-tischlampe-eurotrail-breeze-wiederaufladbar\/\" \/>\n<meta property=\"og:site_name\" content=\"Bantam Camping AG\" \/>\n<meta property=\"article:modified_time\" content=\"2026-04-20T20:58:40+00:00\" \/>\n<meta name=\"twitter:card\" content=\"summary_large_image\" \/>\n<meta name=\"twitter:label1\" content=\"Gesch\u00e4tzte Lesezeit\" \/>\n\t<meta name=\"twitter:data1\" content=\"1\u00a0Minute\" \/>\n<script type=\"application\/ld+json\" class=\"yoast-schema-graph\">{\"@context\":\"https:\\\/\\\/schema.org\",\"@graph\":[{\"@type\":\"WebPage\",\"@id\":\"https:\\\/\\\/shop.bantam.ch\\\/de\\\/produkt\\\/led-tischlampe-eurotrail-breeze-wiederaufladbar\\\/\",\"url\":\"https:\\\/\\\/shop.bantam.ch\\\/de\\\/produkt\\\/led-tischlampe-eurotrail-breeze-wiederaufladbar\\\/\",\"name\":\"LED Tischlampe EuroTrail Breeze wiederaufladbar - Bantam Camping AG\",\"isPartOf\":{\"@id\":\"https:\\\/\\\/shop.bantam.ch\\\/de\\\/#website\"},\"primaryImageOfPage\":{\"@id\":\"https:\\\/\\\/shop.bantam.ch\\\/de\\\/produkt\\\/led-tischlampe-eurotrail-breeze-wiederaufladbar\\\/#primaryimage\"},\"image\":{\"@id\":\"https:\\\/\\\/shop.bantam.ch\\\/de\\\/produkt\\\/led-tischlampe-eurotrail-breeze-wiederaufladbar\\\/#primaryimage\"},\"thumbnailUrl\":\"https:\\\/\\\/shop.bantam.ch\\\/wp-content\\\/uploads\\\/2024\\\/09\\\/Movera-L-9945182100.jpg\",\"datePublished\":\"2024-05-15T12:28:31+00:00\",\"dateModified\":\"2026-04-20T20:58:40+00:00\",\"breadcrumb\":{\"@id\":\"https:\\\/\\\/shop.bantam.ch\\\/de\\\/produkt\\\/led-tischlampe-eurotrail-breeze-wiederaufladbar\\\/#breadcrumb\"},\"inLanguage\":\"de\",\"potentialAction\":[{\"@type\":\"ReadAction\",\"target\":[\"https:\\\/\\\/shop.bantam.ch\\\/de\\\/produkt\\\/led-tischlampe-eurotrail-breeze-wiederaufladbar\\\/\"]}]},{\"@type\":\"ImageObject\",\"inLanguage\":\"de\",\"@id\":\"https:\\\/\\\/shop.bantam.ch\\\/de\\\/produkt\\\/led-tischlampe-eurotrail-breeze-wiederaufladbar\\\/#primaryimage\",\"url\":\"https:\\\/\\\/shop.bantam.ch\\\/wp-content\\\/uploads\\\/2024\\\/09\\\/Movera-L-9945182100.jpg\",\"contentUrl\":\"https:\\\/\\\/shop.bantam.ch\\\/wp-content\\\/uploads\\\/2024\\\/09\\\/Movera-L-9945182100.jpg\",\"width\":489,\"height\":600},{\"@type\":\"BreadcrumbList\",\"@id\":\"https:\\\/\\\/shop.bantam.ch\\\/de\\\/produkt\\\/led-tischlampe-eurotrail-breeze-wiederaufladbar\\\/#breadcrumb\",\"itemListElement\":[{\"@type\":\"ListItem\",\"position\":1,\"name\":\"Accueil\",\"item\":\"https:\\\/\\\/shop.bantam.ch\\\/de\\\/\"},{\"@type\":\"ListItem\",\"position\":2,\"name\":\"Shop\",\"item\":\"https:\\\/\\\/shop.bantam.ch\\\/de\\\/shop\\\/\"},{\"@type\":\"ListItem\",\"position\":3,\"name\":\"LED Tischlampe EuroTrail Breeze wiederaufladbar\"}]},{\"@type\":\"WebSite\",\"@id\":\"https:\\\/\\\/shop.bantam.ch\\\/de\\\/#website\",\"url\":\"https:\\\/\\\/shop.bantam.ch\\\/de\\\/\",\"name\":\"Bantam Camping AG\",\"description\":\"\",\"publisher\":{\"@id\":\"https:\\\/\\\/shop.bantam.ch\\\/de\\\/#organization\"},\"inLanguage\":\"de\"},{\"@type\":\"Organization\",\"@id\":\"https:\\\/\\\/shop.bantam.ch\\\/de\\\/#organization\",\"name\":\"Bantam Camping AG\",\"url\":\"https:\\\/\\\/shop.bantam.ch\\\/de\\\/\",\"logo\":{\"@type\":\"ImageObject\",\"inLanguage\":\"de\",\"@id\":\"https:\\\/\\\/shop.bantam.ch\\\/de\\\/#\\\/schema\\\/logo\\\/image\\\/\",\"url\":\"https:\\\/\\\/shop.bantam.ch\\\/wp-content\\\/uploads\\\/2022\\\/12\\\/bantam-logo.png\",\"contentUrl\":\"https:\\\/\\\/shop.bantam.ch\\\/wp-content\\\/uploads\\\/2022\\\/12\\\/bantam-logo.png\",\"width\":320,\"height\":71,\"caption\":\"Bantam Camping AG\"},\"image\":{\"@id\":\"https:\\\/\\\/shop.bantam.ch\\\/de\\\/#\\\/schema\\\/logo\\\/image\\\/\"}}]}<\/script>\n<!-- \/ Yoast SEO plugin. -->","yoast_head_json":{"title":"LED Tischlampe EuroTrail Breeze wiederaufladbar - Bantam Camping AG","robots":{"index":"index","follow":"follow","max-snippet":"max-snippet:-1","max-image-preview":"max-image-preview:large","max-video-preview":"max-video-preview:-1"},"canonical":"https:\/\/shop.bantam.ch\/de\/produkt\/led-tischlampe-eurotrail-breeze-wiederaufladbar\/","og_locale":"de_DE","og_type":"article","og_title":"LED Tischlampe EuroTrail Breeze wiederaufladbar - Bantam Camping AG","og_description":"Wiederaufladbare LED Tischlampe Breeze Die Breeze spendet ein strahlend wei\u00dfes Licht und kann mittels Dimmer auf die&nbsp; gew\u00fcnschte Lichtintensit\u00e4t eingestellt werden Das Eisengitter sch\u00fctzt die Lampe und verleiht ihr einen robusten Charakter Der stabile Bambusfu\u00df sorgt daf\u00fcr, dass die Lampe auch bei starkem Wind stabil steht Die Lithium Batterien sind mit dem mitgelieferten USB-Kabel wiederaufladbar [&hellip;]","og_url":"https:\/\/shop.bantam.ch\/de\/produkt\/led-tischlampe-eurotrail-breeze-wiederaufladbar\/","og_site_name":"Bantam Camping AG","article_modified_time":"2026-04-20T20:58:40+00:00","twitter_card":"summary_large_image","twitter_misc":{"Gesch\u00e4tzte Lesezeit":"1\u00a0Minute"},"schema":{"@context":"https:\/\/schema.org","@graph":[{"@type":"WebPage","@id":"https:\/\/shop.bantam.ch\/de\/produkt\/led-tischlampe-eurotrail-breeze-wiederaufladbar\/","url":"https:\/\/shop.bantam.ch\/de\/produkt\/led-tischlampe-eurotrail-breeze-wiederaufladbar\/","name":"LED Tischlampe EuroTrail Breeze wiederaufladbar - Bantam Camping AG","isPartOf":{"@id":"https:\/\/shop.bantam.ch\/de\/#website"},"primaryImageOfPage":{"@id":"https:\/\/shop.bantam.ch\/de\/produkt\/led-tischlampe-eurotrail-breeze-wiederaufladbar\/#primaryimage"},"image":{"@id":"https:\/\/shop.bantam.ch\/de\/produkt\/led-tischlampe-eurotrail-breeze-wiederaufladbar\/#primaryimage"},"thumbnailUrl":"https:\/\/shop.bantam.ch\/wp-content\/uploads\/2024\/09\/Movera-L-9945182100.jpg","datePublished":"2024-05-15T12:28:31+00:00","dateModified":"2026-04-20T20:58:40+00:00","breadcrumb":{"@id":"https:\/\/shop.bantam.ch\/de\/produkt\/led-tischlampe-eurotrail-breeze-wiederaufladbar\/#breadcrumb"},"inLanguage":"de","potentialAction":[{"@type":"ReadAction","target":["https:\/\/shop.bantam.ch\/de\/produkt\/led-tischlampe-eurotrail-breeze-wiederaufladbar\/"]}]},{"@type":"ImageObject","inLanguage":"de","@id":"https:\/\/shop.bantam.ch\/de\/produkt\/led-tischlampe-eurotrail-breeze-wiederaufladbar\/#primaryimage","url":"https:\/\/shop.bantam.ch\/wp-content\/uploads\/2024\/09\/Movera-L-9945182100.jpg","contentUrl":"https:\/\/shop.bantam.ch\/wp-content\/uploads\/2024\/09\/Movera-L-9945182100.jpg","width":489,"height":600},{"@type":"BreadcrumbList","@id":"https:\/\/shop.bantam.ch\/de\/produkt\/led-tischlampe-eurotrail-breeze-wiederaufladbar\/#breadcrumb","itemListElement":[{"@type":"ListItem","position":1,"name":"Accueil","item":"https:\/\/shop.bantam.ch\/de\/"},{"@type":"ListItem","position":2,"name":"Shop","item":"https:\/\/shop.bantam.ch\/de\/shop\/"},{"@type":"ListItem","position":3,"name":"LED Tischlampe EuroTrail Breeze wiederaufladbar"}]},{"@type":"WebSite","@id":"https:\/\/shop.bantam.ch\/de\/#website","url":"https:\/\/shop.bantam.ch\/de\/","name":"Bantam Camping AG","description":"","publisher":{"@id":"https:\/\/shop.bantam.ch\/de\/#organization"},"inLanguage":"de"},{"@type":"Organization","@id":"https:\/\/shop.bantam.ch\/de\/#organization","name":"Bantam Camping AG","url":"https:\/\/shop.bantam.ch\/de\/","logo":{"@type":"ImageObject","inLanguage":"de","@id":"https:\/\/shop.bantam.ch\/de\/#\/schema\/logo\/image\/","url":"https:\/\/shop.bantam.ch\/wp-content\/uploads\/2022\/12\/bantam-logo.png","contentUrl":"https:\/\/shop.bantam.ch\/wp-content\/uploads\/2022\/12\/bantam-logo.png","width":320,"height":71,"caption":"Bantam Camping AG"},"image":{"@id":"https:\/\/shop.bantam.ch\/de\/#\/schema\/logo\/image\/"}}]}},"_links":{"self":[{"href":"https:\/\/shop.bantam.ch\/de\/wp-json\/wp\/v2\/product\/193421","targetHints":{"allow":["GET"]}}],"collection":[{"href":"https:\/\/shop.bantam.ch\/de\/wp-json\/wp\/v2\/product"}],"about":[{"href":"https:\/\/shop.bantam.ch\/de\/wp-json\/wp\/v2\/types\/product"}],"wp:featuredmedia":[{"embeddable":true,"href":"https:\/\/shop.bantam.ch\/de\/wp-json\/wp\/v2\/media\/205999"}],"wp:attachment":[{"href":"https:\/\/shop.bantam.ch\/de\/wp-json\/wp\/v2\/media?parent=193421"}],"wp:term":[{"taxonomy":"product_featured_cat","embeddable":true,"href":"https:\/\/shop.bantam.ch\/de\/wp-json\/wp\/v2\/product_featured_cat?post=193421"},{"taxonomy":"product_brand","embeddable":true,"href":"https:\/\/shop.bantam.ch\/de\/wp-json\/wp\/v2\/product_brand?post=193421"},{"taxonomy":"product_cat","embeddable":true,"href":"https:\/\/shop.bantam.ch\/de\/wp-json\/wp\/v2\/product_cat?post=193421"},{"taxonomy":"product_tag","embeddable":true,"href":"https:\/\/shop.bantam.ch\/de\/wp-json\/wp\/v2\/product_tag?post=193421"}],"curies":[{"name":"wp","href":"https:\/\/api.w.org\/{rel}","templated":true}]}}