{"id":193120,"date":"2024-05-15T14:17:51","date_gmt":"2024-05-15T12:17:51","guid":{"rendered":"https:\/\/shop.bantam.ch\/produit\/bc-adapter-thule-fuer-hymer-fahrzeuge-mit-original-befestigungssatz\/"},"modified":"2026-04-17T22:56:54","modified_gmt":"2026-04-17T20:56:54","slug":"bc-adapter-thule-fuer-hymer-fahrzeuge-mit-original-befestigungssatz","status":"publish","type":"product","link":"https:\/\/shop.bantam.ch\/de\/produkt\/bc-adapter-thule-fuer-hymer-fahrzeuge-mit-original-befestigungssatz\/","title":{"rendered":"BC Adapter Thule f\u00fcr Hymer Fahrzeuge mit original Befestigungssatz"},"content":{"rendered":"<p>Adapter zur Montage von Fahrradtr\u00e4gern\u00a0 Excellent, Elite G2 und Sport G2 an Hymer Fahrzeugen wenn bereits ein Original Hymer Befestigungssatz oben montiert ist. F\u00fcr Fahrzeuge mit Multi Talent Fahrradtr\u00e4ger Vorbereitung ist der Erg\u00e4nzungssatz (9981106 weiss, 9948457 silber) erforderlich. (ohne Abb.)<\/p>\n","protected":false},"excerpt":{"rendered":"<p>Adapter zur Montage von Fahrradtr\u00e4gern\u00a0 Excellent, Elite G2 und Sport G2 an Hymer Fahrzeugen wenn bereits ein Original Hymer Befestigungssatz oben montiert ist. F\u00fcr Fahrzeuge mit Multi Talent Fahrradtr\u00e4ger Vorbereitung ist der Erg\u00e4nzungssatz (9981106 weiss, 9948457 silber) erforderlich. (ohne Abb.)<\/p>\n","protected":false},"featured_media":205851,"template":"","meta":{"_acf_changed":false},"product_featured_cat":[],"product_brand":[3047],"product_cat":[4698],"product_tag":[],"class_list":{"0":"post-193120","1":"product","2":"type-product","3":"status-publish","4":"has-post-thumbnail","6":"product_brand-thule-de","7":"product_cat-fahrradtraeger-zubehoer","9":"first","10":"instock","11":"taxable","12":"shipping-taxable","13":"purchasable","14":"product-type-simple"},"acf":[],"yoast_head":"<!-- This site is optimized with the Yoast SEO plugin v27.4 - https:\/\/yoast.com\/product\/yoast-seo-wordpress\/ -->\n<title>BC Adapter Thule f\u00fcr Hymer Fahrzeuge mit original Befestigungssatz - Bantam Camping AG<\/title>\n<meta name=\"robots\" content=\"index, follow, max-snippet:-1, max-image-preview:large, max-video-preview:-1\" \/>\n<link rel=\"canonical\" href=\"https:\/\/shop.bantam.ch\/de\/produkt\/bc-adapter-thule-fuer-hymer-fahrzeuge-mit-original-befestigungssatz\/\" \/>\n<meta property=\"og:locale\" content=\"de_DE\" \/>\n<meta property=\"og:type\" content=\"article\" \/>\n<meta property=\"og:title\" content=\"BC Adapter Thule f\u00fcr Hymer Fahrzeuge mit original Befestigungssatz - Bantam Camping AG\" \/>\n<meta property=\"og:description\" content=\"Adapter zur Montage von Fahrradtr\u00e4gern\u00a0 Excellent, Elite G2 und Sport G2 an Hymer Fahrzeugen wenn bereits ein Original Hymer Befestigungssatz oben montiert ist. F\u00fcr Fahrzeuge mit Multi Talent Fahrradtr\u00e4ger Vorbereitung ist der Erg\u00e4nzungssatz (9981106 weiss, 9948457 silber) erforderlich. (ohne Abb.)\" \/>\n<meta property=\"og:url\" content=\"https:\/\/shop.bantam.ch\/de\/produkt\/bc-adapter-thule-fuer-hymer-fahrzeuge-mit-original-befestigungssatz\/\" \/>\n<meta property=\"og:site_name\" content=\"Bantam Camping AG\" \/>\n<meta property=\"article:modified_time\" content=\"2026-04-17T20:56:54+00:00\" \/>\n<meta property=\"og:image\" content=\"https:\/\/shop.bantam.ch\/wp-content\/uploads\/2024\/05\/Movera-L-9940999100.jpg\" \/>\n\t<meta property=\"og:image:width\" content=\"640\" \/>\n\t<meta property=\"og:image:height\" content=\"640\" \/>\n\t<meta property=\"og:image:type\" content=\"image\/jpeg\" \/>\n<meta name=\"twitter:card\" content=\"summary_large_image\" \/>\n<script type=\"application\/ld+json\" class=\"yoast-schema-graph\">{\"@context\":\"https:\\\/\\\/schema.org\",\"@graph\":[{\"@type\":\"WebPage\",\"@id\":\"https:\\\/\\\/shop.bantam.ch\\\/de\\\/produkt\\\/bc-adapter-thule-fuer-hymer-fahrzeuge-mit-original-befestigungssatz\\\/\",\"url\":\"https:\\\/\\\/shop.bantam.ch\\\/de\\\/produkt\\\/bc-adapter-thule-fuer-hymer-fahrzeuge-mit-original-befestigungssatz\\\/\",\"name\":\"BC Adapter Thule f\u00fcr Hymer Fahrzeuge mit original Befestigungssatz - Bantam Camping AG\",\"isPartOf\":{\"@id\":\"https:\\\/\\\/shop.bantam.ch\\\/de\\\/#website\"},\"primaryImageOfPage\":{\"@id\":\"https:\\\/\\\/shop.bantam.ch\\\/de\\\/produkt\\\/bc-adapter-thule-fuer-hymer-fahrzeuge-mit-original-befestigungssatz\\\/#primaryimage\"},\"image\":{\"@id\":\"https:\\\/\\\/shop.bantam.ch\\\/de\\\/produkt\\\/bc-adapter-thule-fuer-hymer-fahrzeuge-mit-original-befestigungssatz\\\/#primaryimage\"},\"thumbnailUrl\":\"https:\\\/\\\/shop.bantam.ch\\\/wp-content\\\/uploads\\\/2024\\\/09\\\/Movera-L-9940999100.jpg\",\"datePublished\":\"2024-05-15T12:17:51+00:00\",\"dateModified\":\"2026-04-17T20:56:54+00:00\",\"breadcrumb\":{\"@id\":\"https:\\\/\\\/shop.bantam.ch\\\/de\\\/produkt\\\/bc-adapter-thule-fuer-hymer-fahrzeuge-mit-original-befestigungssatz\\\/#breadcrumb\"},\"inLanguage\":\"de\",\"potentialAction\":[{\"@type\":\"ReadAction\",\"target\":[\"https:\\\/\\\/shop.bantam.ch\\\/de\\\/produkt\\\/bc-adapter-thule-fuer-hymer-fahrzeuge-mit-original-befestigungssatz\\\/\"]}]},{\"@type\":\"ImageObject\",\"inLanguage\":\"de\",\"@id\":\"https:\\\/\\\/shop.bantam.ch\\\/de\\\/produkt\\\/bc-adapter-thule-fuer-hymer-fahrzeuge-mit-original-befestigungssatz\\\/#primaryimage\",\"url\":\"https:\\\/\\\/shop.bantam.ch\\\/wp-content\\\/uploads\\\/2024\\\/09\\\/Movera-L-9940999100.jpg\",\"contentUrl\":\"https:\\\/\\\/shop.bantam.ch\\\/wp-content\\\/uploads\\\/2024\\\/09\\\/Movera-L-9940999100.jpg\",\"width\":640,\"height\":640},{\"@type\":\"BreadcrumbList\",\"@id\":\"https:\\\/\\\/shop.bantam.ch\\\/de\\\/produkt\\\/bc-adapter-thule-fuer-hymer-fahrzeuge-mit-original-befestigungssatz\\\/#breadcrumb\",\"itemListElement\":[{\"@type\":\"ListItem\",\"position\":1,\"name\":\"Accueil\",\"item\":\"https:\\\/\\\/shop.bantam.ch\\\/de\\\/\"},{\"@type\":\"ListItem\",\"position\":2,\"name\":\"Shop\",\"item\":\"https:\\\/\\\/shop.bantam.ch\\\/de\\\/shop\\\/\"},{\"@type\":\"ListItem\",\"position\":3,\"name\":\"BC Adapter Thule f\u00fcr Hymer Fahrzeuge mit original Befestigungssatz\"}]},{\"@type\":\"WebSite\",\"@id\":\"https:\\\/\\\/shop.bantam.ch\\\/de\\\/#website\",\"url\":\"https:\\\/\\\/shop.bantam.ch\\\/de\\\/\",\"name\":\"Bantam Camping AG\",\"description\":\"\",\"publisher\":{\"@id\":\"https:\\\/\\\/shop.bantam.ch\\\/de\\\/#organization\"},\"inLanguage\":\"de\"},{\"@type\":\"Organization\",\"@id\":\"https:\\\/\\\/shop.bantam.ch\\\/de\\\/#organization\",\"name\":\"Bantam Camping AG\",\"url\":\"https:\\\/\\\/shop.bantam.ch\\\/de\\\/\",\"logo\":{\"@type\":\"ImageObject\",\"inLanguage\":\"de\",\"@id\":\"https:\\\/\\\/shop.bantam.ch\\\/de\\\/#\\\/schema\\\/logo\\\/image\\\/\",\"url\":\"https:\\\/\\\/shop.bantam.ch\\\/wp-content\\\/uploads\\\/2022\\\/12\\\/bantam-logo.png\",\"contentUrl\":\"https:\\\/\\\/shop.bantam.ch\\\/wp-content\\\/uploads\\\/2022\\\/12\\\/bantam-logo.png\",\"width\":320,\"height\":71,\"caption\":\"Bantam Camping AG\"},\"image\":{\"@id\":\"https:\\\/\\\/shop.bantam.ch\\\/de\\\/#\\\/schema\\\/logo\\\/image\\\/\"}}]}<\/script>\n<!-- \/ Yoast SEO plugin. -->","yoast_head_json":{"title":"BC Adapter Thule f\u00fcr Hymer Fahrzeuge mit original Befestigungssatz - Bantam Camping AG","robots":{"index":"index","follow":"follow","max-snippet":"max-snippet:-1","max-image-preview":"max-image-preview:large","max-video-preview":"max-video-preview:-1"},"canonical":"https:\/\/shop.bantam.ch\/de\/produkt\/bc-adapter-thule-fuer-hymer-fahrzeuge-mit-original-befestigungssatz\/","og_locale":"de_DE","og_type":"article","og_title":"BC Adapter Thule f\u00fcr Hymer Fahrzeuge mit original Befestigungssatz - Bantam Camping AG","og_description":"Adapter zur Montage von Fahrradtr\u00e4gern\u00a0 Excellent, Elite G2 und Sport G2 an Hymer Fahrzeugen wenn bereits ein Original Hymer Befestigungssatz oben montiert ist. F\u00fcr Fahrzeuge mit Multi Talent Fahrradtr\u00e4ger Vorbereitung ist der Erg\u00e4nzungssatz (9981106 weiss, 9948457 silber) erforderlich. (ohne Abb.)","og_url":"https:\/\/shop.bantam.ch\/de\/produkt\/bc-adapter-thule-fuer-hymer-fahrzeuge-mit-original-befestigungssatz\/","og_site_name":"Bantam Camping AG","article_modified_time":"2026-04-17T20:56:54+00:00","og_image":[{"width":640,"height":640,"url":"https:\/\/shop.bantam.ch\/wp-content\/uploads\/2024\/05\/Movera-L-9940999100.jpg","type":"image\/jpeg"}],"twitter_card":"summary_large_image","schema":{"@context":"https:\/\/schema.org","@graph":[{"@type":"WebPage","@id":"https:\/\/shop.bantam.ch\/de\/produkt\/bc-adapter-thule-fuer-hymer-fahrzeuge-mit-original-befestigungssatz\/","url":"https:\/\/shop.bantam.ch\/de\/produkt\/bc-adapter-thule-fuer-hymer-fahrzeuge-mit-original-befestigungssatz\/","name":"BC Adapter Thule f\u00fcr Hymer Fahrzeuge mit original Befestigungssatz - Bantam Camping AG","isPartOf":{"@id":"https:\/\/shop.bantam.ch\/de\/#website"},"primaryImageOfPage":{"@id":"https:\/\/shop.bantam.ch\/de\/produkt\/bc-adapter-thule-fuer-hymer-fahrzeuge-mit-original-befestigungssatz\/#primaryimage"},"image":{"@id":"https:\/\/shop.bantam.ch\/de\/produkt\/bc-adapter-thule-fuer-hymer-fahrzeuge-mit-original-befestigungssatz\/#primaryimage"},"thumbnailUrl":"https:\/\/shop.bantam.ch\/wp-content\/uploads\/2024\/09\/Movera-L-9940999100.jpg","datePublished":"2024-05-15T12:17:51+00:00","dateModified":"2026-04-17T20:56:54+00:00","breadcrumb":{"@id":"https:\/\/shop.bantam.ch\/de\/produkt\/bc-adapter-thule-fuer-hymer-fahrzeuge-mit-original-befestigungssatz\/#breadcrumb"},"inLanguage":"de","potentialAction":[{"@type":"ReadAction","target":["https:\/\/shop.bantam.ch\/de\/produkt\/bc-adapter-thule-fuer-hymer-fahrzeuge-mit-original-befestigungssatz\/"]}]},{"@type":"ImageObject","inLanguage":"de","@id":"https:\/\/shop.bantam.ch\/de\/produkt\/bc-adapter-thule-fuer-hymer-fahrzeuge-mit-original-befestigungssatz\/#primaryimage","url":"https:\/\/shop.bantam.ch\/wp-content\/uploads\/2024\/09\/Movera-L-9940999100.jpg","contentUrl":"https:\/\/shop.bantam.ch\/wp-content\/uploads\/2024\/09\/Movera-L-9940999100.jpg","width":640,"height":640},{"@type":"BreadcrumbList","@id":"https:\/\/shop.bantam.ch\/de\/produkt\/bc-adapter-thule-fuer-hymer-fahrzeuge-mit-original-befestigungssatz\/#breadcrumb","itemListElement":[{"@type":"ListItem","position":1,"name":"Accueil","item":"https:\/\/shop.bantam.ch\/de\/"},{"@type":"ListItem","position":2,"name":"Shop","item":"https:\/\/shop.bantam.ch\/de\/shop\/"},{"@type":"ListItem","position":3,"name":"BC Adapter Thule f\u00fcr Hymer Fahrzeuge mit original Befestigungssatz"}]},{"@type":"WebSite","@id":"https:\/\/shop.bantam.ch\/de\/#website","url":"https:\/\/shop.bantam.ch\/de\/","name":"Bantam Camping AG","description":"","publisher":{"@id":"https:\/\/shop.bantam.ch\/de\/#organization"},"inLanguage":"de"},{"@type":"Organization","@id":"https:\/\/shop.bantam.ch\/de\/#organization","name":"Bantam Camping AG","url":"https:\/\/shop.bantam.ch\/de\/","logo":{"@type":"ImageObject","inLanguage":"de","@id":"https:\/\/shop.bantam.ch\/de\/#\/schema\/logo\/image\/","url":"https:\/\/shop.bantam.ch\/wp-content\/uploads\/2022\/12\/bantam-logo.png","contentUrl":"https:\/\/shop.bantam.ch\/wp-content\/uploads\/2022\/12\/bantam-logo.png","width":320,"height":71,"caption":"Bantam Camping AG"},"image":{"@id":"https:\/\/shop.bantam.ch\/de\/#\/schema\/logo\/image\/"}}]}},"_links":{"self":[{"href":"https:\/\/shop.bantam.ch\/de\/wp-json\/wp\/v2\/product\/193120","targetHints":{"allow":["GET"]}}],"collection":[{"href":"https:\/\/shop.bantam.ch\/de\/wp-json\/wp\/v2\/product"}],"about":[{"href":"https:\/\/shop.bantam.ch\/de\/wp-json\/wp\/v2\/types\/product"}],"wp:featuredmedia":[{"embeddable":true,"href":"https:\/\/shop.bantam.ch\/de\/wp-json\/wp\/v2\/media\/205851"}],"wp:attachment":[{"href":"https:\/\/shop.bantam.ch\/de\/wp-json\/wp\/v2\/media?parent=193120"}],"wp:term":[{"taxonomy":"product_featured_cat","embeddable":true,"href":"https:\/\/shop.bantam.ch\/de\/wp-json\/wp\/v2\/product_featured_cat?post=193120"},{"taxonomy":"product_brand","embeddable":true,"href":"https:\/\/shop.bantam.ch\/de\/wp-json\/wp\/v2\/product_brand?post=193120"},{"taxonomy":"product_cat","embeddable":true,"href":"https:\/\/shop.bantam.ch\/de\/wp-json\/wp\/v2\/product_cat?post=193120"},{"taxonomy":"product_tag","embeddable":true,"href":"https:\/\/shop.bantam.ch\/de\/wp-json\/wp\/v2\/product_tag?post=193120"}],"curies":[{"name":"wp","href":"https:\/\/api.w.org\/{rel}","templated":true}]}}