{"id":193082,"date":"2024-05-15T14:16:38","date_gmt":"2024-05-15T12:16:38","guid":{"rendered":"https:\/\/shop.bantam.ch\/produit\/sikapowerclean-hand-reinigungstuecher-inhalt-100-stueck\/"},"modified":"2026-04-20T22:57:36","modified_gmt":"2026-04-20T20:57:36","slug":"sikapowerclean-hand-reinigungstuecher-inhalt-100-stueck","status":"publish","type":"product","link":"https:\/\/shop.bantam.ch\/de\/produkt\/sikapowerclean-hand-reinigungstuecher-inhalt-100-stueck\/","title":{"rendered":"SikaPowerClean Hand- reinigungst\u00fccher Inhalt 100 St\u00fcck"},"content":{"rendered":"<p>Sika\u00ae PowerClean Reinigungst\u00fccher sind f\u00fcr das Bau Handwerk entwickelte feuchte Reinigungst\u00fccher f\u00fcr den t\u00e4glichen Einsatz in der Werkstatt oder auf der Baustelle. Sie reinigen universell, schnell und gr\u00fcndlich ohne Wasser.<\/p>\n<p>Vielseitig einsetzbar entfernen Sika\u00ae PowerClean Reinigungst\u00fccher m\u00fchelos hartn\u00e4ckige Verschmutzungen wie \u00d6le, Fette, Benzin, Tinte, aber auch frische und noch nicht getrocknete Farben, Lacke, Dichtstoffe, Klebstoffe, Bitumen, PU-Sch\u00e4ume und vieles mehr.<\/p>\n<p>&nbsp;<\/p>\n<p>Inhalt:&nbsp;<\/p>\n<p>100 St\u00fcck Reinigungst\u00fccher<\/p>\n","protected":false},"excerpt":{"rendered":"<p>Sika\u00ae PowerClean Reinigungst\u00fccher sind f\u00fcr das Bau Handwerk entwickelte feuchte Reinigungst\u00fccher f\u00fcr den t\u00e4glichen Einsatz in der Werkstatt oder auf der Baustelle. Sie reinigen universell, schnell und gr\u00fcndlich ohne Wasser. Vielseitig einsetzbar entfernen Sika\u00ae PowerClean Reinigungst\u00fccher m\u00fchelos hartn\u00e4ckige Verschmutzungen wie \u00d6le, Fette, Benzin, Tinte, aber auch frische und noch nicht getrocknete Farben, Lacke, Dichtstoffe, Klebstoffe, [&hellip;]<\/p>\n","protected":false},"featured_media":205801,"template":"","meta":{"_acf_changed":false},"product_featured_cat":[],"product_brand":[5196],"product_cat":[5092],"product_tag":[],"class_list":{"0":"post-193082","1":"product","2":"type-product","3":"status-publish","4":"has-post-thumbnail","6":"product_brand-sika-2-de","7":"product_cat-reinigung-spezialreiniger","9":"first","10":"instock","11":"taxable","12":"shipping-taxable","13":"purchasable","14":"product-type-simple"},"acf":[],"yoast_head":"<!-- This site is optimized with the Yoast SEO plugin v27.4 - https:\/\/yoast.com\/product\/yoast-seo-wordpress\/ -->\n<title>SikaPowerClean Hand- reinigungst\u00fccher Inhalt 100 St\u00fcck - Bantam Camping AG<\/title>\n<meta name=\"robots\" content=\"index, follow, max-snippet:-1, max-image-preview:large, max-video-preview:-1\" \/>\n<link rel=\"canonical\" href=\"https:\/\/shop.bantam.ch\/de\/produkt\/sikapowerclean-hand-reinigungstuecher-inhalt-100-stueck\/\" \/>\n<meta property=\"og:locale\" content=\"de_DE\" \/>\n<meta property=\"og:type\" content=\"article\" \/>\n<meta property=\"og:title\" content=\"SikaPowerClean Hand- reinigungst\u00fccher Inhalt 100 St\u00fcck - Bantam Camping AG\" \/>\n<meta property=\"og:description\" content=\"Sika\u00ae PowerClean Reinigungst\u00fccher sind f\u00fcr das Bau Handwerk entwickelte feuchte Reinigungst\u00fccher f\u00fcr den t\u00e4glichen Einsatz in der Werkstatt oder auf der Baustelle. Sie reinigen universell, schnell und gr\u00fcndlich ohne Wasser. Vielseitig einsetzbar entfernen Sika\u00ae PowerClean Reinigungst\u00fccher m\u00fchelos hartn\u00e4ckige Verschmutzungen wie \u00d6le, Fette, Benzin, Tinte, aber auch frische und noch nicht getrocknete Farben, Lacke, Dichtstoffe, Klebstoffe, [&hellip;]\" \/>\n<meta property=\"og:url\" content=\"https:\/\/shop.bantam.ch\/de\/produkt\/sikapowerclean-hand-reinigungstuecher-inhalt-100-stueck\/\" \/>\n<meta property=\"og:site_name\" content=\"Bantam Camping AG\" \/>\n<meta property=\"article:modified_time\" content=\"2026-04-20T20:57:36+00:00\" \/>\n<meta property=\"og:image\" content=\"https:\/\/shop.bantam.ch\/wp-content\/uploads\/2024\/05\/Movera-L-9939581100.jpg\" \/>\n\t<meta property=\"og:image:width\" content=\"438\" \/>\n\t<meta property=\"og:image:height\" content=\"1000\" \/>\n\t<meta property=\"og:image:type\" content=\"image\/jpeg\" \/>\n<meta name=\"twitter:card\" content=\"summary_large_image\" \/>\n<script type=\"application\/ld+json\" class=\"yoast-schema-graph\">{\"@context\":\"https:\\\/\\\/schema.org\",\"@graph\":[{\"@type\":\"WebPage\",\"@id\":\"https:\\\/\\\/shop.bantam.ch\\\/de\\\/produkt\\\/sikapowerclean-hand-reinigungstuecher-inhalt-100-stueck\\\/\",\"url\":\"https:\\\/\\\/shop.bantam.ch\\\/de\\\/produkt\\\/sikapowerclean-hand-reinigungstuecher-inhalt-100-stueck\\\/\",\"name\":\"SikaPowerClean Hand- reinigungst\u00fccher Inhalt 100 St\u00fcck - Bantam Camping AG\",\"isPartOf\":{\"@id\":\"https:\\\/\\\/shop.bantam.ch\\\/de\\\/#website\"},\"primaryImageOfPage\":{\"@id\":\"https:\\\/\\\/shop.bantam.ch\\\/de\\\/produkt\\\/sikapowerclean-hand-reinigungstuecher-inhalt-100-stueck\\\/#primaryimage\"},\"image\":{\"@id\":\"https:\\\/\\\/shop.bantam.ch\\\/de\\\/produkt\\\/sikapowerclean-hand-reinigungstuecher-inhalt-100-stueck\\\/#primaryimage\"},\"thumbnailUrl\":\"https:\\\/\\\/shop.bantam.ch\\\/wp-content\\\/uploads\\\/2024\\\/09\\\/Movera-L-9939581100.jpg\",\"datePublished\":\"2024-05-15T12:16:38+00:00\",\"dateModified\":\"2026-04-20T20:57:36+00:00\",\"breadcrumb\":{\"@id\":\"https:\\\/\\\/shop.bantam.ch\\\/de\\\/produkt\\\/sikapowerclean-hand-reinigungstuecher-inhalt-100-stueck\\\/#breadcrumb\"},\"inLanguage\":\"de\",\"potentialAction\":[{\"@type\":\"ReadAction\",\"target\":[\"https:\\\/\\\/shop.bantam.ch\\\/de\\\/produkt\\\/sikapowerclean-hand-reinigungstuecher-inhalt-100-stueck\\\/\"]}]},{\"@type\":\"ImageObject\",\"inLanguage\":\"de\",\"@id\":\"https:\\\/\\\/shop.bantam.ch\\\/de\\\/produkt\\\/sikapowerclean-hand-reinigungstuecher-inhalt-100-stueck\\\/#primaryimage\",\"url\":\"https:\\\/\\\/shop.bantam.ch\\\/wp-content\\\/uploads\\\/2024\\\/09\\\/Movera-L-9939581100.jpg\",\"contentUrl\":\"https:\\\/\\\/shop.bantam.ch\\\/wp-content\\\/uploads\\\/2024\\\/09\\\/Movera-L-9939581100.jpg\",\"width\":438,\"height\":1000},{\"@type\":\"BreadcrumbList\",\"@id\":\"https:\\\/\\\/shop.bantam.ch\\\/de\\\/produkt\\\/sikapowerclean-hand-reinigungstuecher-inhalt-100-stueck\\\/#breadcrumb\",\"itemListElement\":[{\"@type\":\"ListItem\",\"position\":1,\"name\":\"Accueil\",\"item\":\"https:\\\/\\\/shop.bantam.ch\\\/de\\\/\"},{\"@type\":\"ListItem\",\"position\":2,\"name\":\"Shop\",\"item\":\"https:\\\/\\\/shop.bantam.ch\\\/de\\\/shop\\\/\"},{\"@type\":\"ListItem\",\"position\":3,\"name\":\"SikaPowerClean Hand- reinigungst\u00fccher Inhalt 100 St\u00fcck\"}]},{\"@type\":\"WebSite\",\"@id\":\"https:\\\/\\\/shop.bantam.ch\\\/de\\\/#website\",\"url\":\"https:\\\/\\\/shop.bantam.ch\\\/de\\\/\",\"name\":\"Bantam Camping AG\",\"description\":\"\",\"publisher\":{\"@id\":\"https:\\\/\\\/shop.bantam.ch\\\/de\\\/#organization\"},\"inLanguage\":\"de\"},{\"@type\":\"Organization\",\"@id\":\"https:\\\/\\\/shop.bantam.ch\\\/de\\\/#organization\",\"name\":\"Bantam Camping AG\",\"url\":\"https:\\\/\\\/shop.bantam.ch\\\/de\\\/\",\"logo\":{\"@type\":\"ImageObject\",\"inLanguage\":\"de\",\"@id\":\"https:\\\/\\\/shop.bantam.ch\\\/de\\\/#\\\/schema\\\/logo\\\/image\\\/\",\"url\":\"https:\\\/\\\/shop.bantam.ch\\\/wp-content\\\/uploads\\\/2022\\\/12\\\/bantam-logo.png\",\"contentUrl\":\"https:\\\/\\\/shop.bantam.ch\\\/wp-content\\\/uploads\\\/2022\\\/12\\\/bantam-logo.png\",\"width\":320,\"height\":71,\"caption\":\"Bantam Camping AG\"},\"image\":{\"@id\":\"https:\\\/\\\/shop.bantam.ch\\\/de\\\/#\\\/schema\\\/logo\\\/image\\\/\"}}]}<\/script>\n<!-- \/ Yoast SEO plugin. -->","yoast_head_json":{"title":"SikaPowerClean Hand- reinigungst\u00fccher Inhalt 100 St\u00fcck - Bantam Camping AG","robots":{"index":"index","follow":"follow","max-snippet":"max-snippet:-1","max-image-preview":"max-image-preview:large","max-video-preview":"max-video-preview:-1"},"canonical":"https:\/\/shop.bantam.ch\/de\/produkt\/sikapowerclean-hand-reinigungstuecher-inhalt-100-stueck\/","og_locale":"de_DE","og_type":"article","og_title":"SikaPowerClean Hand- reinigungst\u00fccher Inhalt 100 St\u00fcck - Bantam Camping AG","og_description":"Sika\u00ae PowerClean Reinigungst\u00fccher sind f\u00fcr das Bau Handwerk entwickelte feuchte Reinigungst\u00fccher f\u00fcr den t\u00e4glichen Einsatz in der Werkstatt oder auf der Baustelle. Sie reinigen universell, schnell und gr\u00fcndlich ohne Wasser. Vielseitig einsetzbar entfernen Sika\u00ae PowerClean Reinigungst\u00fccher m\u00fchelos hartn\u00e4ckige Verschmutzungen wie \u00d6le, Fette, Benzin, Tinte, aber auch frische und noch nicht getrocknete Farben, Lacke, Dichtstoffe, Klebstoffe, [&hellip;]","og_url":"https:\/\/shop.bantam.ch\/de\/produkt\/sikapowerclean-hand-reinigungstuecher-inhalt-100-stueck\/","og_site_name":"Bantam Camping AG","article_modified_time":"2026-04-20T20:57:36+00:00","og_image":[{"width":438,"height":1000,"url":"https:\/\/shop.bantam.ch\/wp-content\/uploads\/2024\/05\/Movera-L-9939581100.jpg","type":"image\/jpeg"}],"twitter_card":"summary_large_image","schema":{"@context":"https:\/\/schema.org","@graph":[{"@type":"WebPage","@id":"https:\/\/shop.bantam.ch\/de\/produkt\/sikapowerclean-hand-reinigungstuecher-inhalt-100-stueck\/","url":"https:\/\/shop.bantam.ch\/de\/produkt\/sikapowerclean-hand-reinigungstuecher-inhalt-100-stueck\/","name":"SikaPowerClean Hand- reinigungst\u00fccher Inhalt 100 St\u00fcck - Bantam Camping AG","isPartOf":{"@id":"https:\/\/shop.bantam.ch\/de\/#website"},"primaryImageOfPage":{"@id":"https:\/\/shop.bantam.ch\/de\/produkt\/sikapowerclean-hand-reinigungstuecher-inhalt-100-stueck\/#primaryimage"},"image":{"@id":"https:\/\/shop.bantam.ch\/de\/produkt\/sikapowerclean-hand-reinigungstuecher-inhalt-100-stueck\/#primaryimage"},"thumbnailUrl":"https:\/\/shop.bantam.ch\/wp-content\/uploads\/2024\/09\/Movera-L-9939581100.jpg","datePublished":"2024-05-15T12:16:38+00:00","dateModified":"2026-04-20T20:57:36+00:00","breadcrumb":{"@id":"https:\/\/shop.bantam.ch\/de\/produkt\/sikapowerclean-hand-reinigungstuecher-inhalt-100-stueck\/#breadcrumb"},"inLanguage":"de","potentialAction":[{"@type":"ReadAction","target":["https:\/\/shop.bantam.ch\/de\/produkt\/sikapowerclean-hand-reinigungstuecher-inhalt-100-stueck\/"]}]},{"@type":"ImageObject","inLanguage":"de","@id":"https:\/\/shop.bantam.ch\/de\/produkt\/sikapowerclean-hand-reinigungstuecher-inhalt-100-stueck\/#primaryimage","url":"https:\/\/shop.bantam.ch\/wp-content\/uploads\/2024\/09\/Movera-L-9939581100.jpg","contentUrl":"https:\/\/shop.bantam.ch\/wp-content\/uploads\/2024\/09\/Movera-L-9939581100.jpg","width":438,"height":1000},{"@type":"BreadcrumbList","@id":"https:\/\/shop.bantam.ch\/de\/produkt\/sikapowerclean-hand-reinigungstuecher-inhalt-100-stueck\/#breadcrumb","itemListElement":[{"@type":"ListItem","position":1,"name":"Accueil","item":"https:\/\/shop.bantam.ch\/de\/"},{"@type":"ListItem","position":2,"name":"Shop","item":"https:\/\/shop.bantam.ch\/de\/shop\/"},{"@type":"ListItem","position":3,"name":"SikaPowerClean Hand- reinigungst\u00fccher Inhalt 100 St\u00fcck"}]},{"@type":"WebSite","@id":"https:\/\/shop.bantam.ch\/de\/#website","url":"https:\/\/shop.bantam.ch\/de\/","name":"Bantam Camping AG","description":"","publisher":{"@id":"https:\/\/shop.bantam.ch\/de\/#organization"},"inLanguage":"de"},{"@type":"Organization","@id":"https:\/\/shop.bantam.ch\/de\/#organization","name":"Bantam Camping AG","url":"https:\/\/shop.bantam.ch\/de\/","logo":{"@type":"ImageObject","inLanguage":"de","@id":"https:\/\/shop.bantam.ch\/de\/#\/schema\/logo\/image\/","url":"https:\/\/shop.bantam.ch\/wp-content\/uploads\/2022\/12\/bantam-logo.png","contentUrl":"https:\/\/shop.bantam.ch\/wp-content\/uploads\/2022\/12\/bantam-logo.png","width":320,"height":71,"caption":"Bantam Camping AG"},"image":{"@id":"https:\/\/shop.bantam.ch\/de\/#\/schema\/logo\/image\/"}}]}},"_links":{"self":[{"href":"https:\/\/shop.bantam.ch\/de\/wp-json\/wp\/v2\/product\/193082","targetHints":{"allow":["GET"]}}],"collection":[{"href":"https:\/\/shop.bantam.ch\/de\/wp-json\/wp\/v2\/product"}],"about":[{"href":"https:\/\/shop.bantam.ch\/de\/wp-json\/wp\/v2\/types\/product"}],"wp:featuredmedia":[{"embeddable":true,"href":"https:\/\/shop.bantam.ch\/de\/wp-json\/wp\/v2\/media\/205801"}],"wp:attachment":[{"href":"https:\/\/shop.bantam.ch\/de\/wp-json\/wp\/v2\/media?parent=193082"}],"wp:term":[{"taxonomy":"product_featured_cat","embeddable":true,"href":"https:\/\/shop.bantam.ch\/de\/wp-json\/wp\/v2\/product_featured_cat?post=193082"},{"taxonomy":"product_brand","embeddable":true,"href":"https:\/\/shop.bantam.ch\/de\/wp-json\/wp\/v2\/product_brand?post=193082"},{"taxonomy":"product_cat","embeddable":true,"href":"https:\/\/shop.bantam.ch\/de\/wp-json\/wp\/v2\/product_cat?post=193082"},{"taxonomy":"product_tag","embeddable":true,"href":"https:\/\/shop.bantam.ch\/de\/wp-json\/wp\/v2\/product_tag?post=193082"}],"curies":[{"name":"wp","href":"https:\/\/api.w.org\/{rel}","templated":true}]}}