{"id":193040,"date":"2024-05-15T14:15:21","date_gmt":"2024-05-15T12:15:21","guid":{"rendered":"https:\/\/shop.bantam.ch\/produit\/elektrokabelsatz-sawiko-by-al-ko-fiat-ducato-x250-ab-2006-_auch-s8_-jumper-boxer-ab-2006-nur-reisemobile\/"},"modified":"2026-04-18T22:59:30","modified_gmt":"2026-04-18T20:59:30","slug":"elektrokabelsatz-sawiko-by-al-ko-fiat-ducato-x250-ab-2006-_auch-s8_-jumper-boxer-ab-2006-nur-reisemobile","status":"publish","type":"product","link":"https:\/\/shop.bantam.ch\/de\/produkt\/elektrokabelsatz-sawiko-by-al-ko-fiat-ducato-x250-ab-2006-_auch-s8_-jumper-boxer-ab-2006-nur-reisemobile\/","title":{"rendered":"Elektrokabelsatz SAWIKO by AL-KO Fiat  Ducato X250 ab 2006 auch S8, Jumper, Boxer ab 2006 nur Reisemobile"},"content":{"rendered":"<p>Qualit\u00e4ts E-Satz speziell f\u00fcr Reisemobile.Dieser E-Satz bietet erstklassige, fahrzeugspezifische Steckverbindung, mit angepassten Kabell\u00e4ngen und einer detaillierten Montageanleitung. Eine Kabeldurchf\u00fchrung, die passend f\u00fcr den fahrzeugspezifischen 13 poligen Elektrosatz zur Verf\u00fcgung steht, ist an Ihrem FIAT DUCATO bereits vorhanden. Es besteht die M\u00f6glichkeit die Anh\u00e4ngersteckdose zum Betreiben eines elektrischen Verbrauchers (Dauerplus) oder zum Aufladen einer separaten Batterie im Anh\u00e4nger (Ladeleitung) zu erweitern. Den Erweiterungssatz (Art. auf Anfrage), ben\u00f6tigen Sie f\u00fcr die Erweiterung der Funktion Dauerplus. Mit dem Erweiterungssatz k\u00f6nnen Sie eine kombinierte Nachr\u00fcstl\u00f6sung f\u00fcr Dauerplus und Ladeleitung mitbestellen.<\/p>\n","protected":false},"excerpt":{"rendered":"<p>Qualit\u00e4ts E-Satz speziell f\u00fcr Reisemobile.Dieser E-Satz bietet erstklassige, fahrzeugspezifische Steckverbindung, mit angepassten Kabell\u00e4ngen und einer detaillierten Montageanleitung. Eine Kabeldurchf\u00fchrung, die passend f\u00fcr den fahrzeugspezifischen 13 poligen Elektrosatz zur Verf\u00fcgung steht, ist an Ihrem FIAT DUCATO bereits vorhanden. Es besteht die M\u00f6glichkeit die Anh\u00e4ngersteckdose zum Betreiben eines elektrischen Verbrauchers (Dauerplus) oder zum Aufladen einer separaten Batterie [&hellip;]<\/p>\n","protected":false},"featured_media":205697,"template":"","meta":{"_acf_changed":false},"product_featured_cat":[],"product_brand":[3315],"product_cat":[4796],"product_tag":[],"class_list":{"0":"post-193040","1":"product","2":"type-product","3":"status-publish","4":"has-post-thumbnail","6":"product_brand-sawiko-by-al-ko-de","7":"product_cat-anhaengerkupplungen","9":"first","10":"instock","11":"taxable","12":"shipping-taxable","13":"purchasable","14":"product-type-simple"},"acf":[],"yoast_head":"<!-- This site is optimized with the Yoast SEO plugin v27.4 - https:\/\/yoast.com\/product\/yoast-seo-wordpress\/ -->\n<title>Elektrokabelsatz SAWIKO by AL-KO Fiat Ducato X250 ab 2006 auch S8, Jumper, Boxer ab 2006 nur Reisemobile - Bantam Camping AG<\/title>\n<meta name=\"robots\" content=\"index, follow, max-snippet:-1, max-image-preview:large, max-video-preview:-1\" \/>\n<link rel=\"canonical\" href=\"https:\/\/shop.bantam.ch\/de\/produkt\/elektrokabelsatz-sawiko-by-al-ko-fiat-ducato-x250-ab-2006-_auch-s8_-jumper-boxer-ab-2006-nur-reisemobile\/\" \/>\n<meta property=\"og:locale\" content=\"de_DE\" \/>\n<meta property=\"og:type\" content=\"article\" \/>\n<meta property=\"og:title\" content=\"Elektrokabelsatz SAWIKO by AL-KO Fiat Ducato X250 ab 2006 auch S8, Jumper, Boxer ab 2006 nur Reisemobile - Bantam Camping AG\" \/>\n<meta property=\"og:description\" content=\"Qualit\u00e4ts E-Satz speziell f\u00fcr Reisemobile.Dieser E-Satz bietet erstklassige, fahrzeugspezifische Steckverbindung, mit angepassten Kabell\u00e4ngen und einer detaillierten Montageanleitung. Eine Kabeldurchf\u00fchrung, die passend f\u00fcr den fahrzeugspezifischen 13 poligen Elektrosatz zur Verf\u00fcgung steht, ist an Ihrem FIAT DUCATO bereits vorhanden. Es besteht die M\u00f6glichkeit die Anh\u00e4ngersteckdose zum Betreiben eines elektrischen Verbrauchers (Dauerplus) oder zum Aufladen einer separaten Batterie [&hellip;]\" \/>\n<meta property=\"og:url\" content=\"https:\/\/shop.bantam.ch\/de\/produkt\/elektrokabelsatz-sawiko-by-al-ko-fiat-ducato-x250-ab-2006-_auch-s8_-jumper-boxer-ab-2006-nur-reisemobile\/\" \/>\n<meta property=\"og:site_name\" content=\"Bantam Camping AG\" \/>\n<meta property=\"article:modified_time\" content=\"2026-04-18T20:59:30+00:00\" \/>\n<meta name=\"twitter:card\" content=\"summary_large_image\" \/>\n<meta name=\"twitter:label1\" content=\"Gesch\u00e4tzte Lesezeit\" \/>\n\t<meta name=\"twitter:data1\" content=\"1\u00a0Minute\" \/>\n<script type=\"application\/ld+json\" class=\"yoast-schema-graph\">{\"@context\":\"https:\\\/\\\/schema.org\",\"@graph\":[{\"@type\":\"WebPage\",\"@id\":\"https:\\\/\\\/shop.bantam.ch\\\/de\\\/produkt\\\/elektrokabelsatz-sawiko-by-al-ko-fiat-ducato-x250-ab-2006-_auch-s8_-jumper-boxer-ab-2006-nur-reisemobile\\\/\",\"url\":\"https:\\\/\\\/shop.bantam.ch\\\/de\\\/produkt\\\/elektrokabelsatz-sawiko-by-al-ko-fiat-ducato-x250-ab-2006-_auch-s8_-jumper-boxer-ab-2006-nur-reisemobile\\\/\",\"name\":\"Elektrokabelsatz SAWIKO by AL-KO Fiat Ducato X250 ab 2006 auch S8, Jumper, Boxer ab 2006 nur Reisemobile - Bantam Camping AG\",\"isPartOf\":{\"@id\":\"https:\\\/\\\/shop.bantam.ch\\\/de\\\/#website\"},\"primaryImageOfPage\":{\"@id\":\"https:\\\/\\\/shop.bantam.ch\\\/de\\\/produkt\\\/elektrokabelsatz-sawiko-by-al-ko-fiat-ducato-x250-ab-2006-_auch-s8_-jumper-boxer-ab-2006-nur-reisemobile\\\/#primaryimage\"},\"image\":{\"@id\":\"https:\\\/\\\/shop.bantam.ch\\\/de\\\/produkt\\\/elektrokabelsatz-sawiko-by-al-ko-fiat-ducato-x250-ab-2006-_auch-s8_-jumper-boxer-ab-2006-nur-reisemobile\\\/#primaryimage\"},\"thumbnailUrl\":\"https:\\\/\\\/shop.bantam.ch\\\/wp-content\\\/uploads\\\/2024\\\/09\\\/Movera-L-9938758100.jpg\",\"datePublished\":\"2024-05-15T12:15:21+00:00\",\"dateModified\":\"2026-04-18T20:59:30+00:00\",\"breadcrumb\":{\"@id\":\"https:\\\/\\\/shop.bantam.ch\\\/de\\\/produkt\\\/elektrokabelsatz-sawiko-by-al-ko-fiat-ducato-x250-ab-2006-_auch-s8_-jumper-boxer-ab-2006-nur-reisemobile\\\/#breadcrumb\"},\"inLanguage\":\"de\",\"potentialAction\":[{\"@type\":\"ReadAction\",\"target\":[\"https:\\\/\\\/shop.bantam.ch\\\/de\\\/produkt\\\/elektrokabelsatz-sawiko-by-al-ko-fiat-ducato-x250-ab-2006-_auch-s8_-jumper-boxer-ab-2006-nur-reisemobile\\\/\"]}]},{\"@type\":\"ImageObject\",\"inLanguage\":\"de\",\"@id\":\"https:\\\/\\\/shop.bantam.ch\\\/de\\\/produkt\\\/elektrokabelsatz-sawiko-by-al-ko-fiat-ducato-x250-ab-2006-_auch-s8_-jumper-boxer-ab-2006-nur-reisemobile\\\/#primaryimage\",\"url\":\"https:\\\/\\\/shop.bantam.ch\\\/wp-content\\\/uploads\\\/2024\\\/09\\\/Movera-L-9938758100.jpg\",\"contentUrl\":\"https:\\\/\\\/shop.bantam.ch\\\/wp-content\\\/uploads\\\/2024\\\/09\\\/Movera-L-9938758100.jpg\",\"width\":640,\"height\":523},{\"@type\":\"BreadcrumbList\",\"@id\":\"https:\\\/\\\/shop.bantam.ch\\\/de\\\/produkt\\\/elektrokabelsatz-sawiko-by-al-ko-fiat-ducato-x250-ab-2006-_auch-s8_-jumper-boxer-ab-2006-nur-reisemobile\\\/#breadcrumb\",\"itemListElement\":[{\"@type\":\"ListItem\",\"position\":1,\"name\":\"Accueil\",\"item\":\"https:\\\/\\\/shop.bantam.ch\\\/de\\\/\"},{\"@type\":\"ListItem\",\"position\":2,\"name\":\"Shop\",\"item\":\"https:\\\/\\\/shop.bantam.ch\\\/de\\\/shop\\\/\"},{\"@type\":\"ListItem\",\"position\":3,\"name\":\"Elektrokabelsatz SAWIKO by AL-KO Fiat Ducato X250 ab 2006 auch S8, Jumper, Boxer ab 2006 nur Reisemobile\"}]},{\"@type\":\"WebSite\",\"@id\":\"https:\\\/\\\/shop.bantam.ch\\\/de\\\/#website\",\"url\":\"https:\\\/\\\/shop.bantam.ch\\\/de\\\/\",\"name\":\"Bantam Camping AG\",\"description\":\"\",\"publisher\":{\"@id\":\"https:\\\/\\\/shop.bantam.ch\\\/de\\\/#organization\"},\"inLanguage\":\"de\"},{\"@type\":\"Organization\",\"@id\":\"https:\\\/\\\/shop.bantam.ch\\\/de\\\/#organization\",\"name\":\"Bantam Camping AG\",\"url\":\"https:\\\/\\\/shop.bantam.ch\\\/de\\\/\",\"logo\":{\"@type\":\"ImageObject\",\"inLanguage\":\"de\",\"@id\":\"https:\\\/\\\/shop.bantam.ch\\\/de\\\/#\\\/schema\\\/logo\\\/image\\\/\",\"url\":\"https:\\\/\\\/shop.bantam.ch\\\/wp-content\\\/uploads\\\/2022\\\/12\\\/bantam-logo.png\",\"contentUrl\":\"https:\\\/\\\/shop.bantam.ch\\\/wp-content\\\/uploads\\\/2022\\\/12\\\/bantam-logo.png\",\"width\":320,\"height\":71,\"caption\":\"Bantam Camping AG\"},\"image\":{\"@id\":\"https:\\\/\\\/shop.bantam.ch\\\/de\\\/#\\\/schema\\\/logo\\\/image\\\/\"}}]}<\/script>\n<!-- \/ Yoast SEO plugin. -->","yoast_head_json":{"title":"Elektrokabelsatz SAWIKO by AL-KO Fiat Ducato X250 ab 2006 auch S8, Jumper, Boxer ab 2006 nur Reisemobile - Bantam Camping AG","robots":{"index":"index","follow":"follow","max-snippet":"max-snippet:-1","max-image-preview":"max-image-preview:large","max-video-preview":"max-video-preview:-1"},"canonical":"https:\/\/shop.bantam.ch\/de\/produkt\/elektrokabelsatz-sawiko-by-al-ko-fiat-ducato-x250-ab-2006-_auch-s8_-jumper-boxer-ab-2006-nur-reisemobile\/","og_locale":"de_DE","og_type":"article","og_title":"Elektrokabelsatz SAWIKO by AL-KO Fiat Ducato X250 ab 2006 auch S8, Jumper, Boxer ab 2006 nur Reisemobile - Bantam Camping AG","og_description":"Qualit\u00e4ts E-Satz speziell f\u00fcr Reisemobile.Dieser E-Satz bietet erstklassige, fahrzeugspezifische Steckverbindung, mit angepassten Kabell\u00e4ngen und einer detaillierten Montageanleitung. Eine Kabeldurchf\u00fchrung, die passend f\u00fcr den fahrzeugspezifischen 13 poligen Elektrosatz zur Verf\u00fcgung steht, ist an Ihrem FIAT DUCATO bereits vorhanden. Es besteht die M\u00f6glichkeit die Anh\u00e4ngersteckdose zum Betreiben eines elektrischen Verbrauchers (Dauerplus) oder zum Aufladen einer separaten Batterie [&hellip;]","og_url":"https:\/\/shop.bantam.ch\/de\/produkt\/elektrokabelsatz-sawiko-by-al-ko-fiat-ducato-x250-ab-2006-_auch-s8_-jumper-boxer-ab-2006-nur-reisemobile\/","og_site_name":"Bantam Camping AG","article_modified_time":"2026-04-18T20:59:30+00:00","twitter_card":"summary_large_image","twitter_misc":{"Gesch\u00e4tzte Lesezeit":"1\u00a0Minute"},"schema":{"@context":"https:\/\/schema.org","@graph":[{"@type":"WebPage","@id":"https:\/\/shop.bantam.ch\/de\/produkt\/elektrokabelsatz-sawiko-by-al-ko-fiat-ducato-x250-ab-2006-_auch-s8_-jumper-boxer-ab-2006-nur-reisemobile\/","url":"https:\/\/shop.bantam.ch\/de\/produkt\/elektrokabelsatz-sawiko-by-al-ko-fiat-ducato-x250-ab-2006-_auch-s8_-jumper-boxer-ab-2006-nur-reisemobile\/","name":"Elektrokabelsatz SAWIKO by AL-KO Fiat Ducato X250 ab 2006 auch S8, Jumper, Boxer ab 2006 nur Reisemobile - Bantam Camping AG","isPartOf":{"@id":"https:\/\/shop.bantam.ch\/de\/#website"},"primaryImageOfPage":{"@id":"https:\/\/shop.bantam.ch\/de\/produkt\/elektrokabelsatz-sawiko-by-al-ko-fiat-ducato-x250-ab-2006-_auch-s8_-jumper-boxer-ab-2006-nur-reisemobile\/#primaryimage"},"image":{"@id":"https:\/\/shop.bantam.ch\/de\/produkt\/elektrokabelsatz-sawiko-by-al-ko-fiat-ducato-x250-ab-2006-_auch-s8_-jumper-boxer-ab-2006-nur-reisemobile\/#primaryimage"},"thumbnailUrl":"https:\/\/shop.bantam.ch\/wp-content\/uploads\/2024\/09\/Movera-L-9938758100.jpg","datePublished":"2024-05-15T12:15:21+00:00","dateModified":"2026-04-18T20:59:30+00:00","breadcrumb":{"@id":"https:\/\/shop.bantam.ch\/de\/produkt\/elektrokabelsatz-sawiko-by-al-ko-fiat-ducato-x250-ab-2006-_auch-s8_-jumper-boxer-ab-2006-nur-reisemobile\/#breadcrumb"},"inLanguage":"de","potentialAction":[{"@type":"ReadAction","target":["https:\/\/shop.bantam.ch\/de\/produkt\/elektrokabelsatz-sawiko-by-al-ko-fiat-ducato-x250-ab-2006-_auch-s8_-jumper-boxer-ab-2006-nur-reisemobile\/"]}]},{"@type":"ImageObject","inLanguage":"de","@id":"https:\/\/shop.bantam.ch\/de\/produkt\/elektrokabelsatz-sawiko-by-al-ko-fiat-ducato-x250-ab-2006-_auch-s8_-jumper-boxer-ab-2006-nur-reisemobile\/#primaryimage","url":"https:\/\/shop.bantam.ch\/wp-content\/uploads\/2024\/09\/Movera-L-9938758100.jpg","contentUrl":"https:\/\/shop.bantam.ch\/wp-content\/uploads\/2024\/09\/Movera-L-9938758100.jpg","width":640,"height":523},{"@type":"BreadcrumbList","@id":"https:\/\/shop.bantam.ch\/de\/produkt\/elektrokabelsatz-sawiko-by-al-ko-fiat-ducato-x250-ab-2006-_auch-s8_-jumper-boxer-ab-2006-nur-reisemobile\/#breadcrumb","itemListElement":[{"@type":"ListItem","position":1,"name":"Accueil","item":"https:\/\/shop.bantam.ch\/de\/"},{"@type":"ListItem","position":2,"name":"Shop","item":"https:\/\/shop.bantam.ch\/de\/shop\/"},{"@type":"ListItem","position":3,"name":"Elektrokabelsatz SAWIKO by AL-KO Fiat Ducato X250 ab 2006 auch S8, Jumper, Boxer ab 2006 nur Reisemobile"}]},{"@type":"WebSite","@id":"https:\/\/shop.bantam.ch\/de\/#website","url":"https:\/\/shop.bantam.ch\/de\/","name":"Bantam Camping AG","description":"","publisher":{"@id":"https:\/\/shop.bantam.ch\/de\/#organization"},"inLanguage":"de"},{"@type":"Organization","@id":"https:\/\/shop.bantam.ch\/de\/#organization","name":"Bantam Camping AG","url":"https:\/\/shop.bantam.ch\/de\/","logo":{"@type":"ImageObject","inLanguage":"de","@id":"https:\/\/shop.bantam.ch\/de\/#\/schema\/logo\/image\/","url":"https:\/\/shop.bantam.ch\/wp-content\/uploads\/2022\/12\/bantam-logo.png","contentUrl":"https:\/\/shop.bantam.ch\/wp-content\/uploads\/2022\/12\/bantam-logo.png","width":320,"height":71,"caption":"Bantam Camping AG"},"image":{"@id":"https:\/\/shop.bantam.ch\/de\/#\/schema\/logo\/image\/"}}]}},"_links":{"self":[{"href":"https:\/\/shop.bantam.ch\/de\/wp-json\/wp\/v2\/product\/193040","targetHints":{"allow":["GET"]}}],"collection":[{"href":"https:\/\/shop.bantam.ch\/de\/wp-json\/wp\/v2\/product"}],"about":[{"href":"https:\/\/shop.bantam.ch\/de\/wp-json\/wp\/v2\/types\/product"}],"wp:featuredmedia":[{"embeddable":true,"href":"https:\/\/shop.bantam.ch\/de\/wp-json\/wp\/v2\/media\/205697"}],"wp:attachment":[{"href":"https:\/\/shop.bantam.ch\/de\/wp-json\/wp\/v2\/media?parent=193040"}],"wp:term":[{"taxonomy":"product_featured_cat","embeddable":true,"href":"https:\/\/shop.bantam.ch\/de\/wp-json\/wp\/v2\/product_featured_cat?post=193040"},{"taxonomy":"product_brand","embeddable":true,"href":"https:\/\/shop.bantam.ch\/de\/wp-json\/wp\/v2\/product_brand?post=193040"},{"taxonomy":"product_cat","embeddable":true,"href":"https:\/\/shop.bantam.ch\/de\/wp-json\/wp\/v2\/product_cat?post=193040"},{"taxonomy":"product_tag","embeddable":true,"href":"https:\/\/shop.bantam.ch\/de\/wp-json\/wp\/v2\/product_tag?post=193040"}],"curies":[{"name":"wp","href":"https:\/\/api.w.org\/{rel}","templated":true}]}}