{"id":193008,"date":"2024-05-15T14:13:53","date_gmt":"2024-05-15T12:13:53","guid":{"rendered":"https:\/\/shop.bantam.ch\/produit\/campingliege-outwell-fontana-lake\/"},"modified":"2026-05-03T22:54:10","modified_gmt":"2026-05-03T20:54:10","slug":"campingliege-outwell-fontana-lake","status":"publish","type":"product","link":"https:\/\/shop.bantam.ch\/de\/produkt\/campingliege-outwell-fontana-lake\/","title":{"rendered":"Campingliege Outwell Fontana Lake"},"content":{"rendered":"<p>Sie werden feststellen, dass das vielseitige Outwell Fontana Lake-Design es super einfach macht, es sich schnell bequem zu machen. Sie m\u00fcssen es nur ausklappen und schon ist es einsatzbereit, egal ob Sie sich hinlegen oder die vier Positionen der R\u00fcckenlehne genie\u00dfen. Sie k\u00f6nnen es als Ersatzbett oder als Sonnenliege verwenden, wobei das einzelne Bein am Fu\u00dfende f\u00fcr zus\u00e4tzliche Stabilit\u00e4t beim Auf- und Absteigen sorgt.<\/p>\n<ul>\n<li>Dicke Polsterung \u00fcber die gesamte L\u00e4nge f\u00fcr gute Isolierung und weichen Komfort<\/li>\n<li>R\u00fcckenlehne mit vier Positionen<\/li>\n<li>Abnehmbare Kopfst\u00fctze, die auch als Kopfkissen verwendet werden kann<\/li>\n<li>Kippschutz am Fu\u00dfende sorgt f\u00fcr Stabilit\u00e4t beim Ein- und Aussteigen aus dem Bett<\/li>\n<li>\u00dcbergro\u00dfe flache, bewegliche F\u00fc\u00dfe f\u00fcr bessere Stabilit\u00e4t auf unebenem Boden<\/li>\n<li>\u00d6ffnet und faltet sich in Sekundenschnelle<\/li>\n<li>Keine Montage erforderlich<\/li>\n<li>Hochfester, langlebiger Stahl<\/li>\n<li>Verstellbarer Gurt erleichtert das Packen<\/li>\n<\/ul>\n<p>Material:<\/p>\n<p>Bezug: 100 % Polyester<\/p>\n<p>Gestell: pulverbeschichteter Stahl<\/p>\n","protected":false},"excerpt":{"rendered":"<p>Sie werden feststellen, dass das vielseitige Outwell Fontana Lake-Design es super einfach macht, es sich schnell bequem zu machen. Sie m\u00fcssen es nur ausklappen und schon ist es einsatzbereit, egal ob Sie sich hinlegen oder die vier Positionen der R\u00fcckenlehne genie\u00dfen. Sie k\u00f6nnen es als Ersatzbett oder als Sonnenliege verwenden, wobei das einzelne Bein am [&hellip;]<\/p>\n","protected":false},"featured_media":205523,"template":"","meta":{"_acf_changed":false},"product_featured_cat":[],"product_brand":[3297],"product_cat":[4978],"product_tag":[],"class_list":{"0":"post-193008","1":"product","2":"type-product","3":"status-publish","4":"has-post-thumbnail","6":"product_brand-outwell-de","7":"product_cat-campingliegen","9":"first","10":"instock","11":"taxable","12":"shipping-taxable","13":"purchasable","14":"product-type-simple"},"acf":[],"yoast_head":"<!-- This site is optimized with the Yoast SEO plugin v27.5 - https:\/\/yoast.com\/product\/yoast-seo-wordpress\/ -->\n<title>Campingliege Outwell Fontana Lake - Bantam<\/title>\n<meta name=\"robots\" content=\"index, follow, max-snippet:-1, max-image-preview:large, max-video-preview:-1\" \/>\n<link rel=\"canonical\" href=\"https:\/\/shop.bantam.ch\/de\/produkt\/campingliege-outwell-fontana-lake\/\" \/>\n<meta property=\"og:locale\" content=\"de_DE\" \/>\n<meta property=\"og:type\" content=\"article\" \/>\n<meta property=\"og:title\" content=\"Campingliege Outwell Fontana Lake - Bantam\" \/>\n<meta property=\"og:description\" content=\"Sie werden feststellen, dass das vielseitige Outwell Fontana Lake-Design es super einfach macht, es sich schnell bequem zu machen. Sie m\u00fcssen es nur ausklappen und schon ist es einsatzbereit, egal ob Sie sich hinlegen oder die vier Positionen der R\u00fcckenlehne genie\u00dfen. Sie k\u00f6nnen es als Ersatzbett oder als Sonnenliege verwenden, wobei das einzelne Bein am [&hellip;]\" \/>\n<meta property=\"og:url\" content=\"https:\/\/shop.bantam.ch\/de\/produkt\/campingliege-outwell-fontana-lake\/\" \/>\n<meta property=\"og:site_name\" content=\"Bantam\" \/>\n<meta property=\"article:modified_time\" content=\"2026-05-03T20:54:10+00:00\" \/>\n<meta property=\"og:image\" content=\"https:\/\/shop.bantam.ch\/wp-content\/uploads\/2024\/05\/Movera-L-9935218100.jpg\" \/>\n\t<meta property=\"og:image:width\" content=\"640\" \/>\n\t<meta property=\"og:image:height\" content=\"360\" \/>\n\t<meta property=\"og:image:type\" content=\"image\/jpeg\" \/>\n<meta name=\"twitter:card\" content=\"summary_large_image\" \/>\n<meta name=\"twitter:label1\" content=\"Gesch\u00e4tzte Lesezeit\" \/>\n\t<meta name=\"twitter:data1\" content=\"1\u00a0Minute\" \/>\n<script type=\"application\/ld+json\" class=\"yoast-schema-graph\">{\"@context\":\"https:\\\/\\\/schema.org\",\"@graph\":[{\"@type\":\"WebPage\",\"@id\":\"https:\\\/\\\/shop.bantam.ch\\\/de\\\/produkt\\\/campingliege-outwell-fontana-lake\\\/\",\"url\":\"https:\\\/\\\/shop.bantam.ch\\\/de\\\/produkt\\\/campingliege-outwell-fontana-lake\\\/\",\"name\":\"Campingliege Outwell Fontana Lake - Bantam\",\"isPartOf\":{\"@id\":\"https:\\\/\\\/shop.bantam.ch\\\/de\\\/#website\"},\"primaryImageOfPage\":{\"@id\":\"https:\\\/\\\/shop.bantam.ch\\\/de\\\/produkt\\\/campingliege-outwell-fontana-lake\\\/#primaryimage\"},\"image\":{\"@id\":\"https:\\\/\\\/shop.bantam.ch\\\/de\\\/produkt\\\/campingliege-outwell-fontana-lake\\\/#primaryimage\"},\"thumbnailUrl\":\"https:\\\/\\\/shop.bantam.ch\\\/wp-content\\\/uploads\\\/2024\\\/09\\\/Movera-L-9935218100.jpg\",\"datePublished\":\"2024-05-15T12:13:53+00:00\",\"dateModified\":\"2026-05-03T20:54:10+00:00\",\"breadcrumb\":{\"@id\":\"https:\\\/\\\/shop.bantam.ch\\\/de\\\/produkt\\\/campingliege-outwell-fontana-lake\\\/#breadcrumb\"},\"inLanguage\":\"de\",\"potentialAction\":[{\"@type\":\"ReadAction\",\"target\":[\"https:\\\/\\\/shop.bantam.ch\\\/de\\\/produkt\\\/campingliege-outwell-fontana-lake\\\/\"]}]},{\"@type\":\"ImageObject\",\"inLanguage\":\"de\",\"@id\":\"https:\\\/\\\/shop.bantam.ch\\\/de\\\/produkt\\\/campingliege-outwell-fontana-lake\\\/#primaryimage\",\"url\":\"https:\\\/\\\/shop.bantam.ch\\\/wp-content\\\/uploads\\\/2024\\\/09\\\/Movera-L-9935218100.jpg\",\"contentUrl\":\"https:\\\/\\\/shop.bantam.ch\\\/wp-content\\\/uploads\\\/2024\\\/09\\\/Movera-L-9935218100.jpg\",\"width\":640,\"height\":360},{\"@type\":\"BreadcrumbList\",\"@id\":\"https:\\\/\\\/shop.bantam.ch\\\/de\\\/produkt\\\/campingliege-outwell-fontana-lake\\\/#breadcrumb\",\"itemListElement\":[{\"@type\":\"ListItem\",\"position\":1,\"name\":\"Accueil\",\"item\":\"https:\\\/\\\/shop.bantam.ch\\\/de\\\/\"},{\"@type\":\"ListItem\",\"position\":2,\"name\":\"Shop\",\"item\":\"https:\\\/\\\/shop.bantam.ch\\\/de\\\/shop\\\/\"},{\"@type\":\"ListItem\",\"position\":3,\"name\":\"Campingliege Outwell Fontana Lake\"}]},{\"@type\":\"WebSite\",\"@id\":\"https:\\\/\\\/shop.bantam.ch\\\/de\\\/#website\",\"url\":\"https:\\\/\\\/shop.bantam.ch\\\/de\\\/\",\"name\":\"Bantam\",\"description\":\"\",\"publisher\":{\"@id\":\"https:\\\/\\\/shop.bantam.ch\\\/de\\\/#organization\"},\"inLanguage\":\"de\"},{\"@type\":\"Organization\",\"@id\":\"https:\\\/\\\/shop.bantam.ch\\\/de\\\/#organization\",\"name\":\"Bantam\",\"url\":\"https:\\\/\\\/shop.bantam.ch\\\/de\\\/\",\"logo\":{\"@type\":\"ImageObject\",\"inLanguage\":\"de\",\"@id\":\"https:\\\/\\\/shop.bantam.ch\\\/de\\\/#\\\/schema\\\/logo\\\/image\\\/\",\"url\":\"https:\\\/\\\/shop.bantam.ch\\\/wp-content\\\/uploads\\\/2022\\\/12\\\/bantam-logo.png\",\"contentUrl\":\"https:\\\/\\\/shop.bantam.ch\\\/wp-content\\\/uploads\\\/2022\\\/12\\\/bantam-logo.png\",\"width\":320,\"height\":71,\"caption\":\"Bantam\"},\"image\":{\"@id\":\"https:\\\/\\\/shop.bantam.ch\\\/de\\\/#\\\/schema\\\/logo\\\/image\\\/\"}}]}<\/script>\n<!-- \/ Yoast SEO plugin. -->","yoast_head_json":{"title":"Campingliege Outwell Fontana Lake - Bantam","robots":{"index":"index","follow":"follow","max-snippet":"max-snippet:-1","max-image-preview":"max-image-preview:large","max-video-preview":"max-video-preview:-1"},"canonical":"https:\/\/shop.bantam.ch\/de\/produkt\/campingliege-outwell-fontana-lake\/","og_locale":"de_DE","og_type":"article","og_title":"Campingliege Outwell Fontana Lake - Bantam","og_description":"Sie werden feststellen, dass das vielseitige Outwell Fontana Lake-Design es super einfach macht, es sich schnell bequem zu machen. Sie m\u00fcssen es nur ausklappen und schon ist es einsatzbereit, egal ob Sie sich hinlegen oder die vier Positionen der R\u00fcckenlehne genie\u00dfen. Sie k\u00f6nnen es als Ersatzbett oder als Sonnenliege verwenden, wobei das einzelne Bein am [&hellip;]","og_url":"https:\/\/shop.bantam.ch\/de\/produkt\/campingliege-outwell-fontana-lake\/","og_site_name":"Bantam","article_modified_time":"2026-05-03T20:54:10+00:00","og_image":[{"width":640,"height":360,"url":"https:\/\/shop.bantam.ch\/wp-content\/uploads\/2024\/05\/Movera-L-9935218100.jpg","type":"image\/jpeg"}],"twitter_card":"summary_large_image","twitter_misc":{"Gesch\u00e4tzte Lesezeit":"1\u00a0Minute"},"schema":{"@context":"https:\/\/schema.org","@graph":[{"@type":"WebPage","@id":"https:\/\/shop.bantam.ch\/de\/produkt\/campingliege-outwell-fontana-lake\/","url":"https:\/\/shop.bantam.ch\/de\/produkt\/campingliege-outwell-fontana-lake\/","name":"Campingliege Outwell Fontana Lake - Bantam","isPartOf":{"@id":"https:\/\/shop.bantam.ch\/de\/#website"},"primaryImageOfPage":{"@id":"https:\/\/shop.bantam.ch\/de\/produkt\/campingliege-outwell-fontana-lake\/#primaryimage"},"image":{"@id":"https:\/\/shop.bantam.ch\/de\/produkt\/campingliege-outwell-fontana-lake\/#primaryimage"},"thumbnailUrl":"https:\/\/shop.bantam.ch\/wp-content\/uploads\/2024\/09\/Movera-L-9935218100.jpg","datePublished":"2024-05-15T12:13:53+00:00","dateModified":"2026-05-03T20:54:10+00:00","breadcrumb":{"@id":"https:\/\/shop.bantam.ch\/de\/produkt\/campingliege-outwell-fontana-lake\/#breadcrumb"},"inLanguage":"de","potentialAction":[{"@type":"ReadAction","target":["https:\/\/shop.bantam.ch\/de\/produkt\/campingliege-outwell-fontana-lake\/"]}]},{"@type":"ImageObject","inLanguage":"de","@id":"https:\/\/shop.bantam.ch\/de\/produkt\/campingliege-outwell-fontana-lake\/#primaryimage","url":"https:\/\/shop.bantam.ch\/wp-content\/uploads\/2024\/09\/Movera-L-9935218100.jpg","contentUrl":"https:\/\/shop.bantam.ch\/wp-content\/uploads\/2024\/09\/Movera-L-9935218100.jpg","width":640,"height":360},{"@type":"BreadcrumbList","@id":"https:\/\/shop.bantam.ch\/de\/produkt\/campingliege-outwell-fontana-lake\/#breadcrumb","itemListElement":[{"@type":"ListItem","position":1,"name":"Accueil","item":"https:\/\/shop.bantam.ch\/de\/"},{"@type":"ListItem","position":2,"name":"Shop","item":"https:\/\/shop.bantam.ch\/de\/shop\/"},{"@type":"ListItem","position":3,"name":"Campingliege Outwell Fontana Lake"}]},{"@type":"WebSite","@id":"https:\/\/shop.bantam.ch\/de\/#website","url":"https:\/\/shop.bantam.ch\/de\/","name":"Bantam","description":"","publisher":{"@id":"https:\/\/shop.bantam.ch\/de\/#organization"},"inLanguage":"de"},{"@type":"Organization","@id":"https:\/\/shop.bantam.ch\/de\/#organization","name":"Bantam","url":"https:\/\/shop.bantam.ch\/de\/","logo":{"@type":"ImageObject","inLanguage":"de","@id":"https:\/\/shop.bantam.ch\/de\/#\/schema\/logo\/image\/","url":"https:\/\/shop.bantam.ch\/wp-content\/uploads\/2022\/12\/bantam-logo.png","contentUrl":"https:\/\/shop.bantam.ch\/wp-content\/uploads\/2022\/12\/bantam-logo.png","width":320,"height":71,"caption":"Bantam"},"image":{"@id":"https:\/\/shop.bantam.ch\/de\/#\/schema\/logo\/image\/"}}]}},"_links":{"self":[{"href":"https:\/\/shop.bantam.ch\/de\/wp-json\/wp\/v2\/product\/193008","targetHints":{"allow":["GET"]}}],"collection":[{"href":"https:\/\/shop.bantam.ch\/de\/wp-json\/wp\/v2\/product"}],"about":[{"href":"https:\/\/shop.bantam.ch\/de\/wp-json\/wp\/v2\/types\/product"}],"wp:featuredmedia":[{"embeddable":true,"href":"https:\/\/shop.bantam.ch\/de\/wp-json\/wp\/v2\/media\/205523"}],"wp:attachment":[{"href":"https:\/\/shop.bantam.ch\/de\/wp-json\/wp\/v2\/media?parent=193008"}],"wp:term":[{"taxonomy":"product_featured_cat","embeddable":true,"href":"https:\/\/shop.bantam.ch\/de\/wp-json\/wp\/v2\/product_featured_cat?post=193008"},{"taxonomy":"product_brand","embeddable":true,"href":"https:\/\/shop.bantam.ch\/de\/wp-json\/wp\/v2\/product_brand?post=193008"},{"taxonomy":"product_cat","embeddable":true,"href":"https:\/\/shop.bantam.ch\/de\/wp-json\/wp\/v2\/product_cat?post=193008"},{"taxonomy":"product_tag","embeddable":true,"href":"https:\/\/shop.bantam.ch\/de\/wp-json\/wp\/v2\/product_tag?post=193008"}],"curies":[{"name":"wp","href":"https:\/\/api.w.org\/{rel}","templated":true}]}}