{"id":192884,"date":"2024-05-15T14:10:03","date_gmt":"2024-05-15T12:10:03","guid":{"rendered":"https:\/\/shop.bantam.ch\/produit\/elektrokabelsatz-13-pol-fuer-ford-transit\/"},"modified":"2026-04-17T22:55:54","modified_gmt":"2026-04-17T20:55:54","slug":"elektrokabelsatz-13-pol-fuer-ford-transit","status":"publish","type":"product","link":"https:\/\/shop.bantam.ch\/de\/produkt\/elektrokabelsatz-13-pol-fuer-ford-transit\/","title":{"rendered":"Elektrokabelsatz 13 pol. f\u00fcr Ford Transit"},"content":{"rendered":"<p>Qualit\u00e4ts E-Satz speziell f\u00fcr Reisemobile.<\/p>\n<p>Dieser E-Satz bietet erstklassige, fahrzeugspezifische Steckverbindung, mit angepassten Kabell\u00e4ngen und einer detaillierten Montageanleitung. Eine Kabeldurchf\u00fchrung, die passend f\u00fcr den fahrzeugspezifischen 13 poligen Elektrosatz zur Verf\u00fcgung steht, ist an Ihrem Ford Transit bereits vorhanden. Es besteht die M\u00f6glichkeit die Anh\u00e4ngersteckdose zum Betreiben eines elektrischen Verbrauchers (Dauerplus) &nbsp;zu nutzen.<\/p>\n<p>Lieferumfang<br \/>\nKabelstrang<br \/>\nSteuerger\u00e4t<br \/>\n13 Pol Steckdose<br \/>\nLinkslenker + Rechtslenker<\/p>\n<p>USP<br \/>\n13 Poliger E-Satz<br \/>\nCAN BUS Freischaltung erforderlich: Nein<br \/>\nEinparkhilfen Abschaltung: Nein<br \/>\n&nbsp;<\/p>\n","protected":false},"excerpt":{"rendered":"<p>Qualit\u00e4ts E-Satz speziell f\u00fcr Reisemobile. Dieser E-Satz bietet erstklassige, fahrzeugspezifische Steckverbindung, mit angepassten Kabell\u00e4ngen und einer detaillierten Montageanleitung. Eine Kabeldurchf\u00fchrung, die passend f\u00fcr den fahrzeugspezifischen 13 poligen Elektrosatz zur Verf\u00fcgung steht, ist an Ihrem Ford Transit bereits vorhanden. Es besteht die M\u00f6glichkeit die Anh\u00e4ngersteckdose zum Betreiben eines elektrischen Verbrauchers (Dauerplus) &nbsp;zu nutzen. Lieferumfang Kabelstrang Steuerger\u00e4t [&hellip;]<\/p>\n","protected":false},"featured_media":205325,"template":"","meta":{"_acf_changed":false},"product_featured_cat":[],"product_brand":[3315],"product_cat":[4796],"product_tag":[],"class_list":{"0":"post-192884","1":"product","2":"type-product","3":"status-publish","4":"has-post-thumbnail","6":"product_brand-sawiko-by-al-ko-de","7":"product_cat-anhaengerkupplungen","9":"first","10":"instock","11":"taxable","12":"shipping-taxable","13":"purchasable","14":"product-type-simple"},"acf":[],"yoast_head":"<!-- This site is optimized with the Yoast SEO plugin v27.4 - https:\/\/yoast.com\/product\/yoast-seo-wordpress\/ -->\n<title>Elektrokabelsatz 13 pol. f\u00fcr Ford Transit - Bantam Camping AG<\/title>\n<meta name=\"robots\" content=\"index, follow, max-snippet:-1, max-image-preview:large, max-video-preview:-1\" \/>\n<link rel=\"canonical\" href=\"https:\/\/shop.bantam.ch\/de\/produkt\/elektrokabelsatz-13-pol-fuer-ford-transit\/\" \/>\n<meta property=\"og:locale\" content=\"de_DE\" \/>\n<meta property=\"og:type\" content=\"article\" \/>\n<meta property=\"og:title\" content=\"Elektrokabelsatz 13 pol. f\u00fcr Ford Transit - Bantam Camping AG\" \/>\n<meta property=\"og:description\" content=\"Qualit\u00e4ts E-Satz speziell f\u00fcr Reisemobile. Dieser E-Satz bietet erstklassige, fahrzeugspezifische Steckverbindung, mit angepassten Kabell\u00e4ngen und einer detaillierten Montageanleitung. Eine Kabeldurchf\u00fchrung, die passend f\u00fcr den fahrzeugspezifischen 13 poligen Elektrosatz zur Verf\u00fcgung steht, ist an Ihrem Ford Transit bereits vorhanden. Es besteht die M\u00f6glichkeit die Anh\u00e4ngersteckdose zum Betreiben eines elektrischen Verbrauchers (Dauerplus) &nbsp;zu nutzen. Lieferumfang Kabelstrang Steuerger\u00e4t [&hellip;]\" \/>\n<meta property=\"og:url\" content=\"https:\/\/shop.bantam.ch\/de\/produkt\/elektrokabelsatz-13-pol-fuer-ford-transit\/\" \/>\n<meta property=\"og:site_name\" content=\"Bantam Camping AG\" \/>\n<meta property=\"article:modified_time\" content=\"2026-04-17T20:55:54+00:00\" \/>\n<meta name=\"twitter:card\" content=\"summary_large_image\" \/>\n<script type=\"application\/ld+json\" class=\"yoast-schema-graph\">{\"@context\":\"https:\\\/\\\/schema.org\",\"@graph\":[{\"@type\":\"WebPage\",\"@id\":\"https:\\\/\\\/shop.bantam.ch\\\/de\\\/produkt\\\/elektrokabelsatz-13-pol-fuer-ford-transit\\\/\",\"url\":\"https:\\\/\\\/shop.bantam.ch\\\/de\\\/produkt\\\/elektrokabelsatz-13-pol-fuer-ford-transit\\\/\",\"name\":\"Elektrokabelsatz 13 pol. f\u00fcr Ford Transit - Bantam Camping AG\",\"isPartOf\":{\"@id\":\"https:\\\/\\\/shop.bantam.ch\\\/de\\\/#website\"},\"primaryImageOfPage\":{\"@id\":\"https:\\\/\\\/shop.bantam.ch\\\/de\\\/produkt\\\/elektrokabelsatz-13-pol-fuer-ford-transit\\\/#primaryimage\"},\"image\":{\"@id\":\"https:\\\/\\\/shop.bantam.ch\\\/de\\\/produkt\\\/elektrokabelsatz-13-pol-fuer-ford-transit\\\/#primaryimage\"},\"thumbnailUrl\":\"https:\\\/\\\/shop.bantam.ch\\\/wp-content\\\/uploads\\\/2024\\\/09\\\/Movera-L-9929451100.jpg\",\"datePublished\":\"2024-05-15T12:10:03+00:00\",\"dateModified\":\"2026-04-17T20:55:54+00:00\",\"breadcrumb\":{\"@id\":\"https:\\\/\\\/shop.bantam.ch\\\/de\\\/produkt\\\/elektrokabelsatz-13-pol-fuer-ford-transit\\\/#breadcrumb\"},\"inLanguage\":\"de\",\"potentialAction\":[{\"@type\":\"ReadAction\",\"target\":[\"https:\\\/\\\/shop.bantam.ch\\\/de\\\/produkt\\\/elektrokabelsatz-13-pol-fuer-ford-transit\\\/\"]}]},{\"@type\":\"ImageObject\",\"inLanguage\":\"de\",\"@id\":\"https:\\\/\\\/shop.bantam.ch\\\/de\\\/produkt\\\/elektrokabelsatz-13-pol-fuer-ford-transit\\\/#primaryimage\",\"url\":\"https:\\\/\\\/shop.bantam.ch\\\/wp-content\\\/uploads\\\/2024\\\/09\\\/Movera-L-9929451100.jpg\",\"contentUrl\":\"https:\\\/\\\/shop.bantam.ch\\\/wp-content\\\/uploads\\\/2024\\\/09\\\/Movera-L-9929451100.jpg\",\"width\":600,\"height\":600},{\"@type\":\"BreadcrumbList\",\"@id\":\"https:\\\/\\\/shop.bantam.ch\\\/de\\\/produkt\\\/elektrokabelsatz-13-pol-fuer-ford-transit\\\/#breadcrumb\",\"itemListElement\":[{\"@type\":\"ListItem\",\"position\":1,\"name\":\"Accueil\",\"item\":\"https:\\\/\\\/shop.bantam.ch\\\/de\\\/\"},{\"@type\":\"ListItem\",\"position\":2,\"name\":\"Shop\",\"item\":\"https:\\\/\\\/shop.bantam.ch\\\/de\\\/shop\\\/\"},{\"@type\":\"ListItem\",\"position\":3,\"name\":\"Elektrokabelsatz 13 pol. f\u00fcr Ford Transit\"}]},{\"@type\":\"WebSite\",\"@id\":\"https:\\\/\\\/shop.bantam.ch\\\/de\\\/#website\",\"url\":\"https:\\\/\\\/shop.bantam.ch\\\/de\\\/\",\"name\":\"Bantam Camping AG\",\"description\":\"\",\"publisher\":{\"@id\":\"https:\\\/\\\/shop.bantam.ch\\\/de\\\/#organization\"},\"inLanguage\":\"de\"},{\"@type\":\"Organization\",\"@id\":\"https:\\\/\\\/shop.bantam.ch\\\/de\\\/#organization\",\"name\":\"Bantam Camping AG\",\"url\":\"https:\\\/\\\/shop.bantam.ch\\\/de\\\/\",\"logo\":{\"@type\":\"ImageObject\",\"inLanguage\":\"de\",\"@id\":\"https:\\\/\\\/shop.bantam.ch\\\/de\\\/#\\\/schema\\\/logo\\\/image\\\/\",\"url\":\"https:\\\/\\\/shop.bantam.ch\\\/wp-content\\\/uploads\\\/2022\\\/12\\\/bantam-logo.png\",\"contentUrl\":\"https:\\\/\\\/shop.bantam.ch\\\/wp-content\\\/uploads\\\/2022\\\/12\\\/bantam-logo.png\",\"width\":320,\"height\":71,\"caption\":\"Bantam Camping AG\"},\"image\":{\"@id\":\"https:\\\/\\\/shop.bantam.ch\\\/de\\\/#\\\/schema\\\/logo\\\/image\\\/\"}}]}<\/script>\n<!-- \/ Yoast SEO plugin. -->","yoast_head_json":{"title":"Elektrokabelsatz 13 pol. f\u00fcr Ford Transit - Bantam Camping AG","robots":{"index":"index","follow":"follow","max-snippet":"max-snippet:-1","max-image-preview":"max-image-preview:large","max-video-preview":"max-video-preview:-1"},"canonical":"https:\/\/shop.bantam.ch\/de\/produkt\/elektrokabelsatz-13-pol-fuer-ford-transit\/","og_locale":"de_DE","og_type":"article","og_title":"Elektrokabelsatz 13 pol. f\u00fcr Ford Transit - Bantam Camping AG","og_description":"Qualit\u00e4ts E-Satz speziell f\u00fcr Reisemobile. Dieser E-Satz bietet erstklassige, fahrzeugspezifische Steckverbindung, mit angepassten Kabell\u00e4ngen und einer detaillierten Montageanleitung. Eine Kabeldurchf\u00fchrung, die passend f\u00fcr den fahrzeugspezifischen 13 poligen Elektrosatz zur Verf\u00fcgung steht, ist an Ihrem Ford Transit bereits vorhanden. Es besteht die M\u00f6glichkeit die Anh\u00e4ngersteckdose zum Betreiben eines elektrischen Verbrauchers (Dauerplus) &nbsp;zu nutzen. Lieferumfang Kabelstrang Steuerger\u00e4t [&hellip;]","og_url":"https:\/\/shop.bantam.ch\/de\/produkt\/elektrokabelsatz-13-pol-fuer-ford-transit\/","og_site_name":"Bantam Camping AG","article_modified_time":"2026-04-17T20:55:54+00:00","twitter_card":"summary_large_image","schema":{"@context":"https:\/\/schema.org","@graph":[{"@type":"WebPage","@id":"https:\/\/shop.bantam.ch\/de\/produkt\/elektrokabelsatz-13-pol-fuer-ford-transit\/","url":"https:\/\/shop.bantam.ch\/de\/produkt\/elektrokabelsatz-13-pol-fuer-ford-transit\/","name":"Elektrokabelsatz 13 pol. f\u00fcr Ford Transit - Bantam Camping AG","isPartOf":{"@id":"https:\/\/shop.bantam.ch\/de\/#website"},"primaryImageOfPage":{"@id":"https:\/\/shop.bantam.ch\/de\/produkt\/elektrokabelsatz-13-pol-fuer-ford-transit\/#primaryimage"},"image":{"@id":"https:\/\/shop.bantam.ch\/de\/produkt\/elektrokabelsatz-13-pol-fuer-ford-transit\/#primaryimage"},"thumbnailUrl":"https:\/\/shop.bantam.ch\/wp-content\/uploads\/2024\/09\/Movera-L-9929451100.jpg","datePublished":"2024-05-15T12:10:03+00:00","dateModified":"2026-04-17T20:55:54+00:00","breadcrumb":{"@id":"https:\/\/shop.bantam.ch\/de\/produkt\/elektrokabelsatz-13-pol-fuer-ford-transit\/#breadcrumb"},"inLanguage":"de","potentialAction":[{"@type":"ReadAction","target":["https:\/\/shop.bantam.ch\/de\/produkt\/elektrokabelsatz-13-pol-fuer-ford-transit\/"]}]},{"@type":"ImageObject","inLanguage":"de","@id":"https:\/\/shop.bantam.ch\/de\/produkt\/elektrokabelsatz-13-pol-fuer-ford-transit\/#primaryimage","url":"https:\/\/shop.bantam.ch\/wp-content\/uploads\/2024\/09\/Movera-L-9929451100.jpg","contentUrl":"https:\/\/shop.bantam.ch\/wp-content\/uploads\/2024\/09\/Movera-L-9929451100.jpg","width":600,"height":600},{"@type":"BreadcrumbList","@id":"https:\/\/shop.bantam.ch\/de\/produkt\/elektrokabelsatz-13-pol-fuer-ford-transit\/#breadcrumb","itemListElement":[{"@type":"ListItem","position":1,"name":"Accueil","item":"https:\/\/shop.bantam.ch\/de\/"},{"@type":"ListItem","position":2,"name":"Shop","item":"https:\/\/shop.bantam.ch\/de\/shop\/"},{"@type":"ListItem","position":3,"name":"Elektrokabelsatz 13 pol. f\u00fcr Ford Transit"}]},{"@type":"WebSite","@id":"https:\/\/shop.bantam.ch\/de\/#website","url":"https:\/\/shop.bantam.ch\/de\/","name":"Bantam Camping AG","description":"","publisher":{"@id":"https:\/\/shop.bantam.ch\/de\/#organization"},"inLanguage":"de"},{"@type":"Organization","@id":"https:\/\/shop.bantam.ch\/de\/#organization","name":"Bantam Camping AG","url":"https:\/\/shop.bantam.ch\/de\/","logo":{"@type":"ImageObject","inLanguage":"de","@id":"https:\/\/shop.bantam.ch\/de\/#\/schema\/logo\/image\/","url":"https:\/\/shop.bantam.ch\/wp-content\/uploads\/2022\/12\/bantam-logo.png","contentUrl":"https:\/\/shop.bantam.ch\/wp-content\/uploads\/2022\/12\/bantam-logo.png","width":320,"height":71,"caption":"Bantam Camping AG"},"image":{"@id":"https:\/\/shop.bantam.ch\/de\/#\/schema\/logo\/image\/"}}]}},"_links":{"self":[{"href":"https:\/\/shop.bantam.ch\/de\/wp-json\/wp\/v2\/product\/192884","targetHints":{"allow":["GET"]}}],"collection":[{"href":"https:\/\/shop.bantam.ch\/de\/wp-json\/wp\/v2\/product"}],"about":[{"href":"https:\/\/shop.bantam.ch\/de\/wp-json\/wp\/v2\/types\/product"}],"wp:featuredmedia":[{"embeddable":true,"href":"https:\/\/shop.bantam.ch\/de\/wp-json\/wp\/v2\/media\/205325"}],"wp:attachment":[{"href":"https:\/\/shop.bantam.ch\/de\/wp-json\/wp\/v2\/media?parent=192884"}],"wp:term":[{"taxonomy":"product_featured_cat","embeddable":true,"href":"https:\/\/shop.bantam.ch\/de\/wp-json\/wp\/v2\/product_featured_cat?post=192884"},{"taxonomy":"product_brand","embeddable":true,"href":"https:\/\/shop.bantam.ch\/de\/wp-json\/wp\/v2\/product_brand?post=192884"},{"taxonomy":"product_cat","embeddable":true,"href":"https:\/\/shop.bantam.ch\/de\/wp-json\/wp\/v2\/product_cat?post=192884"},{"taxonomy":"product_tag","embeddable":true,"href":"https:\/\/shop.bantam.ch\/de\/wp-json\/wp\/v2\/product_tag?post=192884"}],"curies":[{"name":"wp","href":"https:\/\/api.w.org\/{rel}","templated":true}]}}