{"id":192882,"date":"2024-05-15T14:09:56","date_gmt":"2024-05-15T12:09:56","guid":{"rendered":"https:\/\/shop.bantam.ch\/produit\/kuehlbox-engel-md45f-cd-p-40-l\/"},"modified":"2026-04-18T22:58:43","modified_gmt":"2026-04-18T20:58:43","slug":"kuehlbox-engel-md45f-cd-p-40-l","status":"publish","type":"product","link":"https:\/\/shop.bantam.ch\/de\/produkt\/kuehlbox-engel-md45f-cd-p-40-l\/","title":{"rendered":"K\u00fchlbox Engel MD45F-CD-P 40 l"},"content":{"rendered":"<p>Bew\u00e4hrte ENGEL Qualit\u00e4t mit vielen Einsatzm\u00f6glichkeiten. Der ENGEL MD45F-CD-P kann sowohl als reine K\u00fchlbox, als auch mit Tiefk\u00fchlfach in zwei Gr\u00f6\u00dfen verwendet werden. In der Kombivariante stehen 22 Liter K\u00fchlfach und 17 Liter Tiefk\u00fchlfach, oder auch umgekehrt, zur Verf\u00fcgung. Die Tiefk\u00fchlbox ist unempfindlich gegen Ersch\u00fctterungen, Schl\u00e4gen und Schr\u00e4glagen und eignet sich hevorragend f\u00fcr Boote.<\/p>\n<p>Besonderheiten:<\/p>\n<ul>\n<li>Kombivarianten f\u00fcr umfangreichen Einsatzbereich<\/li>\n<li>Extrem niedriger Stromverbrauch<\/li>\n<li>Lebensdauer bis zu 30 Jahre und l\u00e4nger<\/li>\n<li>Betrieb \u00fcber Solarzellen m\u00f6glich<\/li>\n<li>100% wartungsfrei<\/li>\n<li>PU-Isolierung<\/li>\n<li>Einfache Reinigung durch glatte Oberfl\u00e4chen<\/li>\n<\/ul>\n<p>Lieferumfang:<br \/>\nInklusive DC-Kabel, Handgriffe mit Schrauben, Bedienungsanleitung<\/p>\n","protected":false},"excerpt":{"rendered":"<p>Bew\u00e4hrte ENGEL Qualit\u00e4t mit vielen Einsatzm\u00f6glichkeiten. Der ENGEL MD45F-CD-P kann sowohl als reine K\u00fchlbox, als auch mit Tiefk\u00fchlfach in zwei Gr\u00f6\u00dfen verwendet werden. In der Kombivariante stehen 22 Liter K\u00fchlfach und 17 Liter Tiefk\u00fchlfach, oder auch umgekehrt, zur Verf\u00fcgung. Die Tiefk\u00fchlbox ist unempfindlich gegen Ersch\u00fctterungen, Schl\u00e4gen und Schr\u00e4glagen und eignet sich hevorragend f\u00fcr Boote. Besonderheiten: [&hellip;]<\/p>\n","protected":false},"featured_media":205307,"template":"","meta":{"_acf_changed":false},"product_featured_cat":[],"product_brand":[3773],"product_cat":[4546],"product_tag":[],"class_list":{"0":"post-192882","1":"product","2":"type-product","3":"status-publish","4":"has-post-thumbnail","6":"product_brand-engel-de","7":"product_cat-kompressor-kuehlboxen-kuehlboxen","9":"first","10":"instock","11":"taxable","12":"shipping-taxable","13":"purchasable","14":"product-type-simple"},"acf":[],"yoast_head":"<!-- This site is optimized with the Yoast SEO plugin v27.4 - https:\/\/yoast.com\/product\/yoast-seo-wordpress\/ -->\n<title>K\u00fchlbox Engel MD45F-CD-P 40 l - Bantam Camping AG<\/title>\n<meta name=\"robots\" content=\"index, follow, max-snippet:-1, max-image-preview:large, max-video-preview:-1\" \/>\n<link rel=\"canonical\" href=\"https:\/\/shop.bantam.ch\/de\/produkt\/kuehlbox-engel-md45f-cd-p-40-l\/\" \/>\n<meta property=\"og:locale\" content=\"de_DE\" \/>\n<meta property=\"og:type\" content=\"article\" \/>\n<meta property=\"og:title\" content=\"K\u00fchlbox Engel MD45F-CD-P 40 l - Bantam Camping AG\" \/>\n<meta property=\"og:description\" content=\"Bew\u00e4hrte ENGEL Qualit\u00e4t mit vielen Einsatzm\u00f6glichkeiten. Der ENGEL MD45F-CD-P kann sowohl als reine K\u00fchlbox, als auch mit Tiefk\u00fchlfach in zwei Gr\u00f6\u00dfen verwendet werden. In der Kombivariante stehen 22 Liter K\u00fchlfach und 17 Liter Tiefk\u00fchlfach, oder auch umgekehrt, zur Verf\u00fcgung. Die Tiefk\u00fchlbox ist unempfindlich gegen Ersch\u00fctterungen, Schl\u00e4gen und Schr\u00e4glagen und eignet sich hevorragend f\u00fcr Boote. Besonderheiten: [&hellip;]\" \/>\n<meta property=\"og:url\" content=\"https:\/\/shop.bantam.ch\/de\/produkt\/kuehlbox-engel-md45f-cd-p-40-l\/\" \/>\n<meta property=\"og:site_name\" content=\"Bantam Camping AG\" \/>\n<meta property=\"article:modified_time\" content=\"2026-04-18T20:58:43+00:00\" \/>\n<meta property=\"og:image\" content=\"https:\/\/shop.bantam.ch\/wp-content\/uploads\/2024\/05\/Movera-L-9929142100.jpg\" \/>\n\t<meta property=\"og:image:width\" content=\"640\" \/>\n\t<meta property=\"og:image:height\" content=\"658\" \/>\n\t<meta property=\"og:image:type\" content=\"image\/jpeg\" \/>\n<meta name=\"twitter:card\" content=\"summary_large_image\" \/>\n<meta name=\"twitter:label1\" content=\"Gesch\u00e4tzte Lesezeit\" \/>\n\t<meta name=\"twitter:data1\" content=\"1\u00a0Minute\" \/>\n<script type=\"application\/ld+json\" class=\"yoast-schema-graph\">{\"@context\":\"https:\\\/\\\/schema.org\",\"@graph\":[{\"@type\":\"WebPage\",\"@id\":\"https:\\\/\\\/shop.bantam.ch\\\/de\\\/produkt\\\/kuehlbox-engel-md45f-cd-p-40-l\\\/\",\"url\":\"https:\\\/\\\/shop.bantam.ch\\\/de\\\/produkt\\\/kuehlbox-engel-md45f-cd-p-40-l\\\/\",\"name\":\"K\u00fchlbox Engel MD45F-CD-P 40 l - Bantam Camping AG\",\"isPartOf\":{\"@id\":\"https:\\\/\\\/shop.bantam.ch\\\/de\\\/#website\"},\"primaryImageOfPage\":{\"@id\":\"https:\\\/\\\/shop.bantam.ch\\\/de\\\/produkt\\\/kuehlbox-engel-md45f-cd-p-40-l\\\/#primaryimage\"},\"image\":{\"@id\":\"https:\\\/\\\/shop.bantam.ch\\\/de\\\/produkt\\\/kuehlbox-engel-md45f-cd-p-40-l\\\/#primaryimage\"},\"thumbnailUrl\":\"https:\\\/\\\/shop.bantam.ch\\\/wp-content\\\/uploads\\\/2024\\\/09\\\/Movera-L-9929142100.jpg\",\"datePublished\":\"2024-05-15T12:09:56+00:00\",\"dateModified\":\"2026-04-18T20:58:43+00:00\",\"breadcrumb\":{\"@id\":\"https:\\\/\\\/shop.bantam.ch\\\/de\\\/produkt\\\/kuehlbox-engel-md45f-cd-p-40-l\\\/#breadcrumb\"},\"inLanguage\":\"de\",\"potentialAction\":[{\"@type\":\"ReadAction\",\"target\":[\"https:\\\/\\\/shop.bantam.ch\\\/de\\\/produkt\\\/kuehlbox-engel-md45f-cd-p-40-l\\\/\"]}]},{\"@type\":\"ImageObject\",\"inLanguage\":\"de\",\"@id\":\"https:\\\/\\\/shop.bantam.ch\\\/de\\\/produkt\\\/kuehlbox-engel-md45f-cd-p-40-l\\\/#primaryimage\",\"url\":\"https:\\\/\\\/shop.bantam.ch\\\/wp-content\\\/uploads\\\/2024\\\/09\\\/Movera-L-9929142100.jpg\",\"contentUrl\":\"https:\\\/\\\/shop.bantam.ch\\\/wp-content\\\/uploads\\\/2024\\\/09\\\/Movera-L-9929142100.jpg\",\"width\":640,\"height\":658},{\"@type\":\"BreadcrumbList\",\"@id\":\"https:\\\/\\\/shop.bantam.ch\\\/de\\\/produkt\\\/kuehlbox-engel-md45f-cd-p-40-l\\\/#breadcrumb\",\"itemListElement\":[{\"@type\":\"ListItem\",\"position\":1,\"name\":\"Accueil\",\"item\":\"https:\\\/\\\/shop.bantam.ch\\\/de\\\/\"},{\"@type\":\"ListItem\",\"position\":2,\"name\":\"Shop\",\"item\":\"https:\\\/\\\/shop.bantam.ch\\\/de\\\/shop\\\/\"},{\"@type\":\"ListItem\",\"position\":3,\"name\":\"K\u00fchlbox Engel MD45F-CD-P 40 l\"}]},{\"@type\":\"WebSite\",\"@id\":\"https:\\\/\\\/shop.bantam.ch\\\/de\\\/#website\",\"url\":\"https:\\\/\\\/shop.bantam.ch\\\/de\\\/\",\"name\":\"Bantam Camping AG\",\"description\":\"\",\"publisher\":{\"@id\":\"https:\\\/\\\/shop.bantam.ch\\\/de\\\/#organization\"},\"inLanguage\":\"de\"},{\"@type\":\"Organization\",\"@id\":\"https:\\\/\\\/shop.bantam.ch\\\/de\\\/#organization\",\"name\":\"Bantam Camping AG\",\"url\":\"https:\\\/\\\/shop.bantam.ch\\\/de\\\/\",\"logo\":{\"@type\":\"ImageObject\",\"inLanguage\":\"de\",\"@id\":\"https:\\\/\\\/shop.bantam.ch\\\/de\\\/#\\\/schema\\\/logo\\\/image\\\/\",\"url\":\"https:\\\/\\\/shop.bantam.ch\\\/wp-content\\\/uploads\\\/2022\\\/12\\\/bantam-logo.png\",\"contentUrl\":\"https:\\\/\\\/shop.bantam.ch\\\/wp-content\\\/uploads\\\/2022\\\/12\\\/bantam-logo.png\",\"width\":320,\"height\":71,\"caption\":\"Bantam Camping AG\"},\"image\":{\"@id\":\"https:\\\/\\\/shop.bantam.ch\\\/de\\\/#\\\/schema\\\/logo\\\/image\\\/\"}}]}<\/script>\n<!-- \/ Yoast SEO plugin. -->","yoast_head_json":{"title":"K\u00fchlbox Engel MD45F-CD-P 40 l - Bantam Camping AG","robots":{"index":"index","follow":"follow","max-snippet":"max-snippet:-1","max-image-preview":"max-image-preview:large","max-video-preview":"max-video-preview:-1"},"canonical":"https:\/\/shop.bantam.ch\/de\/produkt\/kuehlbox-engel-md45f-cd-p-40-l\/","og_locale":"de_DE","og_type":"article","og_title":"K\u00fchlbox Engel MD45F-CD-P 40 l - Bantam Camping AG","og_description":"Bew\u00e4hrte ENGEL Qualit\u00e4t mit vielen Einsatzm\u00f6glichkeiten. Der ENGEL MD45F-CD-P kann sowohl als reine K\u00fchlbox, als auch mit Tiefk\u00fchlfach in zwei Gr\u00f6\u00dfen verwendet werden. In der Kombivariante stehen 22 Liter K\u00fchlfach und 17 Liter Tiefk\u00fchlfach, oder auch umgekehrt, zur Verf\u00fcgung. Die Tiefk\u00fchlbox ist unempfindlich gegen Ersch\u00fctterungen, Schl\u00e4gen und Schr\u00e4glagen und eignet sich hevorragend f\u00fcr Boote. Besonderheiten: [&hellip;]","og_url":"https:\/\/shop.bantam.ch\/de\/produkt\/kuehlbox-engel-md45f-cd-p-40-l\/","og_site_name":"Bantam Camping AG","article_modified_time":"2026-04-18T20:58:43+00:00","og_image":[{"width":640,"height":658,"url":"https:\/\/shop.bantam.ch\/wp-content\/uploads\/2024\/05\/Movera-L-9929142100.jpg","type":"image\/jpeg"}],"twitter_card":"summary_large_image","twitter_misc":{"Gesch\u00e4tzte Lesezeit":"1\u00a0Minute"},"schema":{"@context":"https:\/\/schema.org","@graph":[{"@type":"WebPage","@id":"https:\/\/shop.bantam.ch\/de\/produkt\/kuehlbox-engel-md45f-cd-p-40-l\/","url":"https:\/\/shop.bantam.ch\/de\/produkt\/kuehlbox-engel-md45f-cd-p-40-l\/","name":"K\u00fchlbox Engel MD45F-CD-P 40 l - Bantam Camping AG","isPartOf":{"@id":"https:\/\/shop.bantam.ch\/de\/#website"},"primaryImageOfPage":{"@id":"https:\/\/shop.bantam.ch\/de\/produkt\/kuehlbox-engel-md45f-cd-p-40-l\/#primaryimage"},"image":{"@id":"https:\/\/shop.bantam.ch\/de\/produkt\/kuehlbox-engel-md45f-cd-p-40-l\/#primaryimage"},"thumbnailUrl":"https:\/\/shop.bantam.ch\/wp-content\/uploads\/2024\/09\/Movera-L-9929142100.jpg","datePublished":"2024-05-15T12:09:56+00:00","dateModified":"2026-04-18T20:58:43+00:00","breadcrumb":{"@id":"https:\/\/shop.bantam.ch\/de\/produkt\/kuehlbox-engel-md45f-cd-p-40-l\/#breadcrumb"},"inLanguage":"de","potentialAction":[{"@type":"ReadAction","target":["https:\/\/shop.bantam.ch\/de\/produkt\/kuehlbox-engel-md45f-cd-p-40-l\/"]}]},{"@type":"ImageObject","inLanguage":"de","@id":"https:\/\/shop.bantam.ch\/de\/produkt\/kuehlbox-engel-md45f-cd-p-40-l\/#primaryimage","url":"https:\/\/shop.bantam.ch\/wp-content\/uploads\/2024\/09\/Movera-L-9929142100.jpg","contentUrl":"https:\/\/shop.bantam.ch\/wp-content\/uploads\/2024\/09\/Movera-L-9929142100.jpg","width":640,"height":658},{"@type":"BreadcrumbList","@id":"https:\/\/shop.bantam.ch\/de\/produkt\/kuehlbox-engel-md45f-cd-p-40-l\/#breadcrumb","itemListElement":[{"@type":"ListItem","position":1,"name":"Accueil","item":"https:\/\/shop.bantam.ch\/de\/"},{"@type":"ListItem","position":2,"name":"Shop","item":"https:\/\/shop.bantam.ch\/de\/shop\/"},{"@type":"ListItem","position":3,"name":"K\u00fchlbox Engel MD45F-CD-P 40 l"}]},{"@type":"WebSite","@id":"https:\/\/shop.bantam.ch\/de\/#website","url":"https:\/\/shop.bantam.ch\/de\/","name":"Bantam Camping AG","description":"","publisher":{"@id":"https:\/\/shop.bantam.ch\/de\/#organization"},"inLanguage":"de"},{"@type":"Organization","@id":"https:\/\/shop.bantam.ch\/de\/#organization","name":"Bantam Camping AG","url":"https:\/\/shop.bantam.ch\/de\/","logo":{"@type":"ImageObject","inLanguage":"de","@id":"https:\/\/shop.bantam.ch\/de\/#\/schema\/logo\/image\/","url":"https:\/\/shop.bantam.ch\/wp-content\/uploads\/2022\/12\/bantam-logo.png","contentUrl":"https:\/\/shop.bantam.ch\/wp-content\/uploads\/2022\/12\/bantam-logo.png","width":320,"height":71,"caption":"Bantam Camping AG"},"image":{"@id":"https:\/\/shop.bantam.ch\/de\/#\/schema\/logo\/image\/"}}]}},"_links":{"self":[{"href":"https:\/\/shop.bantam.ch\/de\/wp-json\/wp\/v2\/product\/192882","targetHints":{"allow":["GET"]}}],"collection":[{"href":"https:\/\/shop.bantam.ch\/de\/wp-json\/wp\/v2\/product"}],"about":[{"href":"https:\/\/shop.bantam.ch\/de\/wp-json\/wp\/v2\/types\/product"}],"wp:featuredmedia":[{"embeddable":true,"href":"https:\/\/shop.bantam.ch\/de\/wp-json\/wp\/v2\/media\/205307"}],"wp:attachment":[{"href":"https:\/\/shop.bantam.ch\/de\/wp-json\/wp\/v2\/media?parent=192882"}],"wp:term":[{"taxonomy":"product_featured_cat","embeddable":true,"href":"https:\/\/shop.bantam.ch\/de\/wp-json\/wp\/v2\/product_featured_cat?post=192882"},{"taxonomy":"product_brand","embeddable":true,"href":"https:\/\/shop.bantam.ch\/de\/wp-json\/wp\/v2\/product_brand?post=192882"},{"taxonomy":"product_cat","embeddable":true,"href":"https:\/\/shop.bantam.ch\/de\/wp-json\/wp\/v2\/product_cat?post=192882"},{"taxonomy":"product_tag","embeddable":true,"href":"https:\/\/shop.bantam.ch\/de\/wp-json\/wp\/v2\/product_tag?post=192882"}],"curies":[{"name":"wp","href":"https:\/\/api.w.org\/{rel}","templated":true}]}}