{"id":192821,"date":"2024-05-15T14:05:56","date_gmt":"2024-05-15T12:05:56","guid":{"rendered":"https:\/\/shop.bantam.ch\/produit\/markisenvorzelt-thule-panorama\/"},"modified":"2026-04-19T00:57:27","modified_gmt":"2026-04-18T22:57:27","slug":"markisenvorzelt-thule-panorama","status":"publish","type":"product","link":"https:\/\/shop.bantam.ch\/de\/produkt\/markisenvorzelt-thule-panorama\/","title":{"rendered":"Markisenvorzelt Thule Panorama"},"content":{"rendered":"<p>Das Panorama besteht aus zwei Seitenteilen und einer Vorderwand, bietet eine hervorragende Stabilit\u00e4t und ist leicht aufzubauen. Die Vorderwand wird einfach in die Frontleiste der Markise geschoben. Mit einem Klemmprofil wird die Seitenwand am Markisentuch befestigt f\u00fcr eine perfekte Abdichtung. F\u00fcr eine perfekte Optik werden die St\u00fctzf\u00fcsse durch die Vorderwand verdeckt. Alle Details wurden mit besonderer Sorgfalt gefertigt.<\/p>\n<ul>\n<li>Tuchmaterial: AIRTEX ist ein Tuch aus 100% Polyester, einseitig beschichtet mit Acrylat und impr\u00e4gniert mit einer teflonbasierten Beschichtung. Die Fungizidbeschichtung verhindert Schimmelbildung. Das Tuch absorbiert so gut wie keine Feuchtigkeit und ist optimal wasserbest\u00e4ndig. Es bedarf minimaler Instandhaltung und ist abwaschbar.<\/li>\n<li>Problemloser Aufbau &amp; hohe Stabilit\u00e4t: das Zelt bietet \u00e4u\u00dferste Stabilit\u00e4t und l\u00e4sst sich gleichzeitig einfach und schnell aufbauen.<\/li>\n<li>Modularit\u00e4t: Mit grossen Fensterfl\u00e4chen, die viel Licht hereinlassen und eine noch bessere Sicht auf die Umgebung erm\u00f6glichen, bietet das Thule Safari Panorama ein richtiges Draussengef\u00fchl. Ausserdem k\u00f6nnen Sie die Frontfenster vollst\u00e4ndig abnehmen, durch vertikales \u00d6ffnen als T\u00fcr nutzen oder horizontal \u00f6ffnen, um frische Luft hereinzulassen. Die Seitenw\u00e4nde des Zeltes k\u00f6nnen auch als Sun and Rain Blockers verwendet werden.<\/li>\n<li>Intelligente Bel\u00fcftung: Das Zelt verf\u00fcgt \u00fcber Bel\u00fcftungsstreifen auf beiden Seiten, die bei geschlossenem Zelt eine perfekte Luftzirkulation erm\u00f6glichen. Dar\u00fcber hinaus sind die beiden Seitenfenster mit Mokitonetzen ausgestattet.<\/li>\n<li>Durchdacht bis ins Detail: f\u00fcr eine perfekte Optik werden die St\u00fctzf\u00fc\u00dfe durch die Vorderwand verdeckt. Alle Details wurden mit besonderer Sorgfalt gefertigt.<\/li>\n<li>Das neue Thule Safari Panorama Zelt ist das erste Markisenzelt das im Design mit einem klassischen, hochwertigem Vorzelt konkurrieren kann. F\u00fcr eine perfekte Optik werden die St\u00fctzf\u00fcsse durch die Vorderwand verdeckt. Alle Details wurden mit besonderer Sorgfalt gefertigt.<\/li>\n<\/ul>\n<p>Material:<\/p>\n<p>100 % Polyester<\/p>\n<p>Lieferumfang:<br \/>\nInklusive Vorderwand<br \/>\n2 Seitenteile<br \/>\nBodensch\u00fcrze<br \/>\n2 Aufbewahrungstaschen<\/p>\n","protected":false},"excerpt":{"rendered":"<p>Das Panorama besteht aus zwei Seitenteilen und einer Vorderwand, bietet eine hervorragende Stabilit\u00e4t und ist leicht aufzubauen. Die Vorderwand wird einfach in die Frontleiste der Markise geschoben. Mit einem Klemmprofil wird die Seitenwand am Markisentuch befestigt f\u00fcr eine perfekte Abdichtung. F\u00fcr eine perfekte Optik werden die St\u00fctzf\u00fcsse durch die Vorderwand verdeckt. Alle Details wurden mit [&hellip;]<\/p>\n","protected":false},"featured_media":192742,"template":"","meta":{"_acf_changed":false},"product_featured_cat":[],"product_brand":[3047],"product_cat":[4224],"product_tag":[],"class_list":{"0":"post-192821","1":"product","2":"type-product","3":"status-publish","4":"has-post-thumbnail","6":"product_brand-thule-de","7":"product_cat-markisen-vorzelte","9":"first","10":"instock","11":"taxable","12":"shipping-taxable","13":"purchasable","14":"product-type-variable"},"acf":[],"yoast_head":"<!-- This site is optimized with the Yoast SEO plugin v27.4 - https:\/\/yoast.com\/product\/yoast-seo-wordpress\/ -->\n<title>Markisenvorzelt Thule Panorama - Bantam Camping AG<\/title>\n<meta name=\"robots\" content=\"index, follow, max-snippet:-1, max-image-preview:large, max-video-preview:-1\" \/>\n<link rel=\"canonical\" href=\"https:\/\/shop.bantam.ch\/de\/produkt\/markisenvorzelt-thule-panorama\/\" \/>\n<meta property=\"og:locale\" content=\"de_DE\" \/>\n<meta property=\"og:type\" content=\"article\" \/>\n<meta property=\"og:title\" content=\"Markisenvorzelt Thule Panorama - Bantam Camping AG\" \/>\n<meta property=\"og:description\" content=\"Das Panorama besteht aus zwei Seitenteilen und einer Vorderwand, bietet eine hervorragende Stabilit\u00e4t und ist leicht aufzubauen. Die Vorderwand wird einfach in die Frontleiste der Markise geschoben. Mit einem Klemmprofil wird die Seitenwand am Markisentuch befestigt f\u00fcr eine perfekte Abdichtung. F\u00fcr eine perfekte Optik werden die St\u00fctzf\u00fcsse durch die Vorderwand verdeckt. Alle Details wurden mit [&hellip;]\" \/>\n<meta property=\"og:url\" content=\"https:\/\/shop.bantam.ch\/de\/produkt\/markisenvorzelt-thule-panorama\/\" \/>\n<meta property=\"og:site_name\" content=\"Bantam Camping AG\" \/>\n<meta property=\"article:modified_time\" content=\"2026-04-18T22:57:27+00:00\" \/>\n<meta property=\"og:image\" content=\"https:\/\/shop.bantam.ch\/wp-content\/uploads\/2024\/05\/Movera-L-0106702100.jpg\" \/>\n\t<meta property=\"og:image:width\" content=\"640\" \/>\n\t<meta property=\"og:image:height\" content=\"640\" \/>\n\t<meta property=\"og:image:type\" content=\"image\/jpeg\" \/>\n<meta name=\"twitter:card\" content=\"summary_large_image\" \/>\n<meta name=\"twitter:label1\" content=\"Gesch\u00e4tzte Lesezeit\" \/>\n\t<meta name=\"twitter:data1\" content=\"2\u00a0Minuten\" \/>\n<script type=\"application\/ld+json\" class=\"yoast-schema-graph\">{\"@context\":\"https:\\\/\\\/schema.org\",\"@graph\":[{\"@type\":\"WebPage\",\"@id\":\"https:\\\/\\\/shop.bantam.ch\\\/de\\\/produkt\\\/markisenvorzelt-thule-panorama\\\/\",\"url\":\"https:\\\/\\\/shop.bantam.ch\\\/de\\\/produkt\\\/markisenvorzelt-thule-panorama\\\/\",\"name\":\"Markisenvorzelt Thule Panorama - Bantam Camping AG\",\"isPartOf\":{\"@id\":\"https:\\\/\\\/shop.bantam.ch\\\/de\\\/#website\"},\"primaryImageOfPage\":{\"@id\":\"https:\\\/\\\/shop.bantam.ch\\\/de\\\/produkt\\\/markisenvorzelt-thule-panorama\\\/#primaryimage\"},\"image\":{\"@id\":\"https:\\\/\\\/shop.bantam.ch\\\/de\\\/produkt\\\/markisenvorzelt-thule-panorama\\\/#primaryimage\"},\"thumbnailUrl\":\"https:\\\/\\\/shop.bantam.ch\\\/wp-content\\\/uploads\\\/2024\\\/05\\\/Movera-L-0106702100.jpg\",\"datePublished\":\"2024-05-15T12:05:56+00:00\",\"dateModified\":\"2026-04-18T22:57:27+00:00\",\"breadcrumb\":{\"@id\":\"https:\\\/\\\/shop.bantam.ch\\\/de\\\/produkt\\\/markisenvorzelt-thule-panorama\\\/#breadcrumb\"},\"inLanguage\":\"de\",\"potentialAction\":[{\"@type\":\"ReadAction\",\"target\":[\"https:\\\/\\\/shop.bantam.ch\\\/de\\\/produkt\\\/markisenvorzelt-thule-panorama\\\/\"]}]},{\"@type\":\"ImageObject\",\"inLanguage\":\"de\",\"@id\":\"https:\\\/\\\/shop.bantam.ch\\\/de\\\/produkt\\\/markisenvorzelt-thule-panorama\\\/#primaryimage\",\"url\":\"https:\\\/\\\/shop.bantam.ch\\\/wp-content\\\/uploads\\\/2024\\\/05\\\/Movera-L-0106702100.jpg\",\"contentUrl\":\"https:\\\/\\\/shop.bantam.ch\\\/wp-content\\\/uploads\\\/2024\\\/05\\\/Movera-L-0106702100.jpg\",\"width\":640,\"height\":640},{\"@type\":\"BreadcrumbList\",\"@id\":\"https:\\\/\\\/shop.bantam.ch\\\/de\\\/produkt\\\/markisenvorzelt-thule-panorama\\\/#breadcrumb\",\"itemListElement\":[{\"@type\":\"ListItem\",\"position\":1,\"name\":\"Accueil\",\"item\":\"https:\\\/\\\/shop.bantam.ch\\\/de\\\/\"},{\"@type\":\"ListItem\",\"position\":2,\"name\":\"Shop\",\"item\":\"https:\\\/\\\/shop.bantam.ch\\\/de\\\/shop\\\/\"},{\"@type\":\"ListItem\",\"position\":3,\"name\":\"Markisenvorzelt Thule Panorama\"}]},{\"@type\":\"WebSite\",\"@id\":\"https:\\\/\\\/shop.bantam.ch\\\/de\\\/#website\",\"url\":\"https:\\\/\\\/shop.bantam.ch\\\/de\\\/\",\"name\":\"Bantam Camping AG\",\"description\":\"\",\"publisher\":{\"@id\":\"https:\\\/\\\/shop.bantam.ch\\\/de\\\/#organization\"},\"inLanguage\":\"de\"},{\"@type\":\"Organization\",\"@id\":\"https:\\\/\\\/shop.bantam.ch\\\/de\\\/#organization\",\"name\":\"Bantam Camping AG\",\"url\":\"https:\\\/\\\/shop.bantam.ch\\\/de\\\/\",\"logo\":{\"@type\":\"ImageObject\",\"inLanguage\":\"de\",\"@id\":\"https:\\\/\\\/shop.bantam.ch\\\/de\\\/#\\\/schema\\\/logo\\\/image\\\/\",\"url\":\"https:\\\/\\\/shop.bantam.ch\\\/wp-content\\\/uploads\\\/2022\\\/12\\\/bantam-logo.png\",\"contentUrl\":\"https:\\\/\\\/shop.bantam.ch\\\/wp-content\\\/uploads\\\/2022\\\/12\\\/bantam-logo.png\",\"width\":320,\"height\":71,\"caption\":\"Bantam Camping AG\"},\"image\":{\"@id\":\"https:\\\/\\\/shop.bantam.ch\\\/de\\\/#\\\/schema\\\/logo\\\/image\\\/\"}}]}<\/script>\n<!-- \/ Yoast SEO plugin. -->","yoast_head_json":{"title":"Markisenvorzelt Thule Panorama - Bantam Camping AG","robots":{"index":"index","follow":"follow","max-snippet":"max-snippet:-1","max-image-preview":"max-image-preview:large","max-video-preview":"max-video-preview:-1"},"canonical":"https:\/\/shop.bantam.ch\/de\/produkt\/markisenvorzelt-thule-panorama\/","og_locale":"de_DE","og_type":"article","og_title":"Markisenvorzelt Thule Panorama - Bantam Camping AG","og_description":"Das Panorama besteht aus zwei Seitenteilen und einer Vorderwand, bietet eine hervorragende Stabilit\u00e4t und ist leicht aufzubauen. Die Vorderwand wird einfach in die Frontleiste der Markise geschoben. Mit einem Klemmprofil wird die Seitenwand am Markisentuch befestigt f\u00fcr eine perfekte Abdichtung. F\u00fcr eine perfekte Optik werden die St\u00fctzf\u00fcsse durch die Vorderwand verdeckt. Alle Details wurden mit [&hellip;]","og_url":"https:\/\/shop.bantam.ch\/de\/produkt\/markisenvorzelt-thule-panorama\/","og_site_name":"Bantam Camping AG","article_modified_time":"2026-04-18T22:57:27+00:00","og_image":[{"width":640,"height":640,"url":"https:\/\/shop.bantam.ch\/wp-content\/uploads\/2024\/05\/Movera-L-0106702100.jpg","type":"image\/jpeg"}],"twitter_card":"summary_large_image","twitter_misc":{"Gesch\u00e4tzte Lesezeit":"2\u00a0Minuten"},"schema":{"@context":"https:\/\/schema.org","@graph":[{"@type":"WebPage","@id":"https:\/\/shop.bantam.ch\/de\/produkt\/markisenvorzelt-thule-panorama\/","url":"https:\/\/shop.bantam.ch\/de\/produkt\/markisenvorzelt-thule-panorama\/","name":"Markisenvorzelt Thule Panorama - Bantam Camping AG","isPartOf":{"@id":"https:\/\/shop.bantam.ch\/de\/#website"},"primaryImageOfPage":{"@id":"https:\/\/shop.bantam.ch\/de\/produkt\/markisenvorzelt-thule-panorama\/#primaryimage"},"image":{"@id":"https:\/\/shop.bantam.ch\/de\/produkt\/markisenvorzelt-thule-panorama\/#primaryimage"},"thumbnailUrl":"https:\/\/shop.bantam.ch\/wp-content\/uploads\/2024\/05\/Movera-L-0106702100.jpg","datePublished":"2024-05-15T12:05:56+00:00","dateModified":"2026-04-18T22:57:27+00:00","breadcrumb":{"@id":"https:\/\/shop.bantam.ch\/de\/produkt\/markisenvorzelt-thule-panorama\/#breadcrumb"},"inLanguage":"de","potentialAction":[{"@type":"ReadAction","target":["https:\/\/shop.bantam.ch\/de\/produkt\/markisenvorzelt-thule-panorama\/"]}]},{"@type":"ImageObject","inLanguage":"de","@id":"https:\/\/shop.bantam.ch\/de\/produkt\/markisenvorzelt-thule-panorama\/#primaryimage","url":"https:\/\/shop.bantam.ch\/wp-content\/uploads\/2024\/05\/Movera-L-0106702100.jpg","contentUrl":"https:\/\/shop.bantam.ch\/wp-content\/uploads\/2024\/05\/Movera-L-0106702100.jpg","width":640,"height":640},{"@type":"BreadcrumbList","@id":"https:\/\/shop.bantam.ch\/de\/produkt\/markisenvorzelt-thule-panorama\/#breadcrumb","itemListElement":[{"@type":"ListItem","position":1,"name":"Accueil","item":"https:\/\/shop.bantam.ch\/de\/"},{"@type":"ListItem","position":2,"name":"Shop","item":"https:\/\/shop.bantam.ch\/de\/shop\/"},{"@type":"ListItem","position":3,"name":"Markisenvorzelt Thule Panorama"}]},{"@type":"WebSite","@id":"https:\/\/shop.bantam.ch\/de\/#website","url":"https:\/\/shop.bantam.ch\/de\/","name":"Bantam Camping AG","description":"","publisher":{"@id":"https:\/\/shop.bantam.ch\/de\/#organization"},"inLanguage":"de"},{"@type":"Organization","@id":"https:\/\/shop.bantam.ch\/de\/#organization","name":"Bantam Camping AG","url":"https:\/\/shop.bantam.ch\/de\/","logo":{"@type":"ImageObject","inLanguage":"de","@id":"https:\/\/shop.bantam.ch\/de\/#\/schema\/logo\/image\/","url":"https:\/\/shop.bantam.ch\/wp-content\/uploads\/2022\/12\/bantam-logo.png","contentUrl":"https:\/\/shop.bantam.ch\/wp-content\/uploads\/2022\/12\/bantam-logo.png","width":320,"height":71,"caption":"Bantam Camping AG"},"image":{"@id":"https:\/\/shop.bantam.ch\/de\/#\/schema\/logo\/image\/"}}]}},"_links":{"self":[{"href":"https:\/\/shop.bantam.ch\/de\/wp-json\/wp\/v2\/product\/192821","targetHints":{"allow":["GET"]}}],"collection":[{"href":"https:\/\/shop.bantam.ch\/de\/wp-json\/wp\/v2\/product"}],"about":[{"href":"https:\/\/shop.bantam.ch\/de\/wp-json\/wp\/v2\/types\/product"}],"wp:featuredmedia":[{"embeddable":true,"href":"https:\/\/shop.bantam.ch\/de\/wp-json\/wp\/v2\/media\/192742"}],"wp:attachment":[{"href":"https:\/\/shop.bantam.ch\/de\/wp-json\/wp\/v2\/media?parent=192821"}],"wp:term":[{"taxonomy":"product_featured_cat","embeddable":true,"href":"https:\/\/shop.bantam.ch\/de\/wp-json\/wp\/v2\/product_featured_cat?post=192821"},{"taxonomy":"product_brand","embeddable":true,"href":"https:\/\/shop.bantam.ch\/de\/wp-json\/wp\/v2\/product_brand?post=192821"},{"taxonomy":"product_cat","embeddable":true,"href":"https:\/\/shop.bantam.ch\/de\/wp-json\/wp\/v2\/product_cat?post=192821"},{"taxonomy":"product_tag","embeddable":true,"href":"https:\/\/shop.bantam.ch\/de\/wp-json\/wp\/v2\/product_tag?post=192821"}],"curies":[{"name":"wp","href":"https:\/\/api.w.org\/{rel}","templated":true}]}}