{"id":192465,"date":"2024-05-15T13:54:52","date_gmt":"2024-05-15T11:54:52","guid":{"rendered":"https:\/\/shop.bantam.ch\/produit\/spezial-caravan-spiegel-audi\/"},"modified":"2026-04-19T00:56:08","modified_gmt":"2026-04-18T22:56:08","slug":"spezial-caravan-spiegel-audi","status":"publish","type":"product","link":"https:\/\/shop.bantam.ch\/de\/produkt\/spezial-caravan-spiegel-audi\/","title":{"rendered":"Spezial Caravan Spiegel Audi"},"content":{"rendered":"<p>Die speziell , auf den jeweiligen Fahrzeugspiegel angepasste Halterung oder Spiegel (Aluminium-Guss-Form), erm\u00f6glicht eine passgenaue Montage und gew\u00e4hrleistet einen perfekten Sitz ohne Vibration. Blitzschnelle Montage ohne Werkzeug. Alle Bestandteile der Spiegel sind aus korrosionsbest\u00e4ndigen Materialen gefertigt und gew\u00e4hrleisten eine hohe Langlebigkeit.<\/p>\n<p>Ihre Vorteile:<br \/>EMUK Spiegel sind vom Fahrer- und Beifahrersitz einstellbar, bieten ein klares, vibrations freies Spiegelbild und ein gro\u00dfes Sichtfeld. Sie sind ECE-Typgepr\u00fcft und dadurch sicher und zuverl\u00e4ssig.<\/p>\n<p>Alle aufgef\u00fchrten Spezial-Caravan-Spiegel auch in Wagenfarbe lieferbar.<\/p>\n<p>Lieferumfang:<br \/>1 Paar<\/p>\n","protected":false},"excerpt":{"rendered":"<p>Die speziell , auf den jeweiligen Fahrzeugspiegel angepasste Halterung oder Spiegel (Aluminium-Guss-Form), erm\u00f6glicht eine passgenaue Montage und gew\u00e4hrleistet einen perfekten Sitz ohne Vibration. Blitzschnelle Montage ohne Werkzeug. Alle Bestandteile der Spiegel sind aus korrosionsbest\u00e4ndigen Materialen gefertigt und gew\u00e4hrleisten eine hohe Langlebigkeit. Ihre Vorteile:EMUK Spiegel sind vom Fahrer- und Beifahrersitz einstellbar, bieten ein klares, vibrations freies [&hellip;]<\/p>\n","protected":false},"featured_media":192448,"template":"","meta":{"_acf_changed":false},"product_featured_cat":[],"product_brand":[3145],"product_cat":[4832],"product_tag":[],"class_list":{"0":"post-192465","1":"product","2":"type-product","3":"status-publish","4":"has-post-thumbnail","6":"product_brand-emuk-de","7":"product_cat-wohnwagenspiegel","9":"first","10":"instock","11":"taxable","12":"shipping-taxable","13":"purchasable","14":"product-type-variable"},"acf":[],"yoast_head":"<!-- This site is optimized with the Yoast SEO plugin v27.4 - https:\/\/yoast.com\/product\/yoast-seo-wordpress\/ -->\n<title>Spezial Caravan Spiegel Audi - Bantam Camping AG<\/title>\n<meta name=\"robots\" content=\"index, follow, max-snippet:-1, max-image-preview:large, max-video-preview:-1\" \/>\n<link rel=\"canonical\" href=\"https:\/\/shop.bantam.ch\/de\/produkt\/spezial-caravan-spiegel-audi\/\" \/>\n<meta property=\"og:locale\" content=\"de_DE\" \/>\n<meta property=\"og:type\" content=\"article\" \/>\n<meta property=\"og:title\" content=\"Spezial Caravan Spiegel Audi - Bantam Camping AG\" \/>\n<meta property=\"og:description\" content=\"Die speziell , auf den jeweiligen Fahrzeugspiegel angepasste Halterung oder Spiegel (Aluminium-Guss-Form), erm\u00f6glicht eine passgenaue Montage und gew\u00e4hrleistet einen perfekten Sitz ohne Vibration. Blitzschnelle Montage ohne Werkzeug. Alle Bestandteile der Spiegel sind aus korrosionsbest\u00e4ndigen Materialen gefertigt und gew\u00e4hrleisten eine hohe Langlebigkeit. Ihre Vorteile:EMUK Spiegel sind vom Fahrer- und Beifahrersitz einstellbar, bieten ein klares, vibrations freies [&hellip;]\" \/>\n<meta property=\"og:url\" content=\"https:\/\/shop.bantam.ch\/de\/produkt\/spezial-caravan-spiegel-audi\/\" \/>\n<meta property=\"og:site_name\" content=\"Bantam Camping AG\" \/>\n<meta property=\"article:modified_time\" content=\"2026-04-18T22:56:08+00:00\" \/>\n<meta property=\"og:image\" content=\"https:\/\/shop.bantam.ch\/wp-content\/uploads\/2024\/05\/Movera-L-9906934100.jpg\" \/>\n\t<meta property=\"og:image:width\" content=\"640\" \/>\n\t<meta property=\"og:image:height\" content=\"521\" \/>\n\t<meta property=\"og:image:type\" content=\"image\/jpeg\" \/>\n<meta name=\"twitter:card\" content=\"summary_large_image\" \/>\n<script type=\"application\/ld+json\" class=\"yoast-schema-graph\">{\"@context\":\"https:\\\/\\\/schema.org\",\"@graph\":[{\"@type\":\"WebPage\",\"@id\":\"https:\\\/\\\/shop.bantam.ch\\\/de\\\/produkt\\\/spezial-caravan-spiegel-audi\\\/\",\"url\":\"https:\\\/\\\/shop.bantam.ch\\\/de\\\/produkt\\\/spezial-caravan-spiegel-audi\\\/\",\"name\":\"Spezial Caravan Spiegel Audi - Bantam Camping AG\",\"isPartOf\":{\"@id\":\"https:\\\/\\\/shop.bantam.ch\\\/de\\\/#website\"},\"primaryImageOfPage\":{\"@id\":\"https:\\\/\\\/shop.bantam.ch\\\/de\\\/produkt\\\/spezial-caravan-spiegel-audi\\\/#primaryimage\"},\"image\":{\"@id\":\"https:\\\/\\\/shop.bantam.ch\\\/de\\\/produkt\\\/spezial-caravan-spiegel-audi\\\/#primaryimage\"},\"thumbnailUrl\":\"https:\\\/\\\/shop.bantam.ch\\\/wp-content\\\/uploads\\\/2024\\\/05\\\/Movera-L-9906934100.jpg\",\"datePublished\":\"2024-05-15T11:54:52+00:00\",\"dateModified\":\"2026-04-18T22:56:08+00:00\",\"breadcrumb\":{\"@id\":\"https:\\\/\\\/shop.bantam.ch\\\/de\\\/produkt\\\/spezial-caravan-spiegel-audi\\\/#breadcrumb\"},\"inLanguage\":\"de\",\"potentialAction\":[{\"@type\":\"ReadAction\",\"target\":[\"https:\\\/\\\/shop.bantam.ch\\\/de\\\/produkt\\\/spezial-caravan-spiegel-audi\\\/\"]}]},{\"@type\":\"ImageObject\",\"inLanguage\":\"de\",\"@id\":\"https:\\\/\\\/shop.bantam.ch\\\/de\\\/produkt\\\/spezial-caravan-spiegel-audi\\\/#primaryimage\",\"url\":\"https:\\\/\\\/shop.bantam.ch\\\/wp-content\\\/uploads\\\/2024\\\/05\\\/Movera-L-9906934100.jpg\",\"contentUrl\":\"https:\\\/\\\/shop.bantam.ch\\\/wp-content\\\/uploads\\\/2024\\\/05\\\/Movera-L-9906934100.jpg\",\"width\":640,\"height\":521},{\"@type\":\"BreadcrumbList\",\"@id\":\"https:\\\/\\\/shop.bantam.ch\\\/de\\\/produkt\\\/spezial-caravan-spiegel-audi\\\/#breadcrumb\",\"itemListElement\":[{\"@type\":\"ListItem\",\"position\":1,\"name\":\"Accueil\",\"item\":\"https:\\\/\\\/shop.bantam.ch\\\/de\\\/\"},{\"@type\":\"ListItem\",\"position\":2,\"name\":\"Shop\",\"item\":\"https:\\\/\\\/shop.bantam.ch\\\/de\\\/shop\\\/\"},{\"@type\":\"ListItem\",\"position\":3,\"name\":\"Spezial Caravan Spiegel Audi\"}]},{\"@type\":\"WebSite\",\"@id\":\"https:\\\/\\\/shop.bantam.ch\\\/de\\\/#website\",\"url\":\"https:\\\/\\\/shop.bantam.ch\\\/de\\\/\",\"name\":\"Bantam Camping AG\",\"description\":\"\",\"publisher\":{\"@id\":\"https:\\\/\\\/shop.bantam.ch\\\/de\\\/#organization\"},\"inLanguage\":\"de\"},{\"@type\":\"Organization\",\"@id\":\"https:\\\/\\\/shop.bantam.ch\\\/de\\\/#organization\",\"name\":\"Bantam Camping AG\",\"url\":\"https:\\\/\\\/shop.bantam.ch\\\/de\\\/\",\"logo\":{\"@type\":\"ImageObject\",\"inLanguage\":\"de\",\"@id\":\"https:\\\/\\\/shop.bantam.ch\\\/de\\\/#\\\/schema\\\/logo\\\/image\\\/\",\"url\":\"https:\\\/\\\/shop.bantam.ch\\\/wp-content\\\/uploads\\\/2022\\\/12\\\/bantam-logo.png\",\"contentUrl\":\"https:\\\/\\\/shop.bantam.ch\\\/wp-content\\\/uploads\\\/2022\\\/12\\\/bantam-logo.png\",\"width\":320,\"height\":71,\"caption\":\"Bantam Camping AG\"},\"image\":{\"@id\":\"https:\\\/\\\/shop.bantam.ch\\\/de\\\/#\\\/schema\\\/logo\\\/image\\\/\"}}]}<\/script>\n<!-- \/ Yoast SEO plugin. -->","yoast_head_json":{"title":"Spezial Caravan Spiegel Audi - Bantam Camping AG","robots":{"index":"index","follow":"follow","max-snippet":"max-snippet:-1","max-image-preview":"max-image-preview:large","max-video-preview":"max-video-preview:-1"},"canonical":"https:\/\/shop.bantam.ch\/de\/produkt\/spezial-caravan-spiegel-audi\/","og_locale":"de_DE","og_type":"article","og_title":"Spezial Caravan Spiegel Audi - Bantam Camping AG","og_description":"Die speziell , auf den jeweiligen Fahrzeugspiegel angepasste Halterung oder Spiegel (Aluminium-Guss-Form), erm\u00f6glicht eine passgenaue Montage und gew\u00e4hrleistet einen perfekten Sitz ohne Vibration. Blitzschnelle Montage ohne Werkzeug. Alle Bestandteile der Spiegel sind aus korrosionsbest\u00e4ndigen Materialen gefertigt und gew\u00e4hrleisten eine hohe Langlebigkeit. Ihre Vorteile:EMUK Spiegel sind vom Fahrer- und Beifahrersitz einstellbar, bieten ein klares, vibrations freies [&hellip;]","og_url":"https:\/\/shop.bantam.ch\/de\/produkt\/spezial-caravan-spiegel-audi\/","og_site_name":"Bantam Camping AG","article_modified_time":"2026-04-18T22:56:08+00:00","og_image":[{"width":640,"height":521,"url":"https:\/\/shop.bantam.ch\/wp-content\/uploads\/2024\/05\/Movera-L-9906934100.jpg","type":"image\/jpeg"}],"twitter_card":"summary_large_image","schema":{"@context":"https:\/\/schema.org","@graph":[{"@type":"WebPage","@id":"https:\/\/shop.bantam.ch\/de\/produkt\/spezial-caravan-spiegel-audi\/","url":"https:\/\/shop.bantam.ch\/de\/produkt\/spezial-caravan-spiegel-audi\/","name":"Spezial Caravan Spiegel Audi - Bantam Camping AG","isPartOf":{"@id":"https:\/\/shop.bantam.ch\/de\/#website"},"primaryImageOfPage":{"@id":"https:\/\/shop.bantam.ch\/de\/produkt\/spezial-caravan-spiegel-audi\/#primaryimage"},"image":{"@id":"https:\/\/shop.bantam.ch\/de\/produkt\/spezial-caravan-spiegel-audi\/#primaryimage"},"thumbnailUrl":"https:\/\/shop.bantam.ch\/wp-content\/uploads\/2024\/05\/Movera-L-9906934100.jpg","datePublished":"2024-05-15T11:54:52+00:00","dateModified":"2026-04-18T22:56:08+00:00","breadcrumb":{"@id":"https:\/\/shop.bantam.ch\/de\/produkt\/spezial-caravan-spiegel-audi\/#breadcrumb"},"inLanguage":"de","potentialAction":[{"@type":"ReadAction","target":["https:\/\/shop.bantam.ch\/de\/produkt\/spezial-caravan-spiegel-audi\/"]}]},{"@type":"ImageObject","inLanguage":"de","@id":"https:\/\/shop.bantam.ch\/de\/produkt\/spezial-caravan-spiegel-audi\/#primaryimage","url":"https:\/\/shop.bantam.ch\/wp-content\/uploads\/2024\/05\/Movera-L-9906934100.jpg","contentUrl":"https:\/\/shop.bantam.ch\/wp-content\/uploads\/2024\/05\/Movera-L-9906934100.jpg","width":640,"height":521},{"@type":"BreadcrumbList","@id":"https:\/\/shop.bantam.ch\/de\/produkt\/spezial-caravan-spiegel-audi\/#breadcrumb","itemListElement":[{"@type":"ListItem","position":1,"name":"Accueil","item":"https:\/\/shop.bantam.ch\/de\/"},{"@type":"ListItem","position":2,"name":"Shop","item":"https:\/\/shop.bantam.ch\/de\/shop\/"},{"@type":"ListItem","position":3,"name":"Spezial Caravan Spiegel Audi"}]},{"@type":"WebSite","@id":"https:\/\/shop.bantam.ch\/de\/#website","url":"https:\/\/shop.bantam.ch\/de\/","name":"Bantam Camping AG","description":"","publisher":{"@id":"https:\/\/shop.bantam.ch\/de\/#organization"},"inLanguage":"de"},{"@type":"Organization","@id":"https:\/\/shop.bantam.ch\/de\/#organization","name":"Bantam Camping AG","url":"https:\/\/shop.bantam.ch\/de\/","logo":{"@type":"ImageObject","inLanguage":"de","@id":"https:\/\/shop.bantam.ch\/de\/#\/schema\/logo\/image\/","url":"https:\/\/shop.bantam.ch\/wp-content\/uploads\/2022\/12\/bantam-logo.png","contentUrl":"https:\/\/shop.bantam.ch\/wp-content\/uploads\/2022\/12\/bantam-logo.png","width":320,"height":71,"caption":"Bantam Camping AG"},"image":{"@id":"https:\/\/shop.bantam.ch\/de\/#\/schema\/logo\/image\/"}}]}},"_links":{"self":[{"href":"https:\/\/shop.bantam.ch\/de\/wp-json\/wp\/v2\/product\/192465","targetHints":{"allow":["GET"]}}],"collection":[{"href":"https:\/\/shop.bantam.ch\/de\/wp-json\/wp\/v2\/product"}],"about":[{"href":"https:\/\/shop.bantam.ch\/de\/wp-json\/wp\/v2\/types\/product"}],"wp:featuredmedia":[{"embeddable":true,"href":"https:\/\/shop.bantam.ch\/de\/wp-json\/wp\/v2\/media\/192448"}],"wp:attachment":[{"href":"https:\/\/shop.bantam.ch\/de\/wp-json\/wp\/v2\/media?parent=192465"}],"wp:term":[{"taxonomy":"product_featured_cat","embeddable":true,"href":"https:\/\/shop.bantam.ch\/de\/wp-json\/wp\/v2\/product_featured_cat?post=192465"},{"taxonomy":"product_brand","embeddable":true,"href":"https:\/\/shop.bantam.ch\/de\/wp-json\/wp\/v2\/product_brand?post=192465"},{"taxonomy":"product_cat","embeddable":true,"href":"https:\/\/shop.bantam.ch\/de\/wp-json\/wp\/v2\/product_cat?post=192465"},{"taxonomy":"product_tag","embeddable":true,"href":"https:\/\/shop.bantam.ch\/de\/wp-json\/wp\/v2\/product_tag?post=192465"}],"curies":[{"name":"wp","href":"https:\/\/api.w.org\/{rel}","templated":true}]}}