{"id":191251,"date":"2024-04-16T14:33:17","date_gmt":"2024-04-16T12:33:17","guid":{"rendered":"https:\/\/shop.bantam.ch\/produit\/power-station-powerroam-gs1200-ugreen\/"},"modified":"2026-04-20T22:55:30","modified_gmt":"2026-04-20T20:55:30","slug":"power-station-powerroam-gs1200-ugreen","status":"publish","type":"product","link":"https:\/\/shop.bantam.ch\/de\/produkt\/power-station-powerroam-gs1200-ugreen\/","title":{"rendered":"Power station PowerRoam GS1200 UGREEN"},"content":{"rendered":"<p>Bildschirm: 12 cm LCD<br \/>\nKapazit\u00e4t: 1024 Wh<br \/>\nAbmessungen: 34 x 22 x 27 cm<br \/>\nFrequenz: 50 Hz<br \/>\nGewicht: 12 kg<br \/>\nAnzahl der Anschl\u00fcsse: 9<br \/>\nAufladen:<br \/>\nAC 1200 W0-100% in 1.5 Std.<br \/>\nSolarladung 400 W Max: Vollst\u00e4ndige Aufladung in 3 Std.<br \/>\nZigarettenanz\u00fcnder 12 \/ 24V, 200 W Max: Vollst\u00e4ndige Aufladung in 12 \/ 6 Std.<br \/>\nAusg\u00e4nge:<br \/>\nAC 220V x 2 (1200W).<br \/>\nUSB-C: 100W \u00d7 2<br \/>\nUSB-A: 22.5W \u00d7 2 (Kompatibel mit Schnellladeprotokollen).<br \/>\nAnschluss f\u00fcr Zigarettenanz\u00fcnder \u00d7 1<br \/>\nDC5521 \u00d7 2<br \/>\nGesamt: 1565W Max.<br \/>\nEnthalten:<br \/>\n1x 1,5 Meter langes AC-Kabel zum Aufladen der tragbaren Power Station an der Steckdose.<br \/>\n1x 1 Meter DC5521-auf-DC5525-Kabel &#8211; f\u00fcr den DC-Ausgang.<br \/>\n1x Kabel zum Anschluss des Solarmoduls, 0,5 Meter lang<br \/>\n1x 1,5 Meter Zigarettenanz\u00fcnder-Ladekabel f\u00fcr Fahrzeuge 12\/24V.<\/p>\n","protected":false},"excerpt":{"rendered":"<p>Bildschirm: 12 cm LCD Kapazit\u00e4t: 1024 Wh Abmessungen: 34 x 22 x 27 cm Frequenz: 50 Hz Gewicht: 12 kg Anzahl der Anschl\u00fcsse: 9 Aufladen: AC 1200 W0-100% in 1.5 Std. Solarladung 400 W Max: Vollst\u00e4ndige Aufladung in 3 Std. Zigarettenanz\u00fcnder 12 \/ 24V, 200 W Max: Vollst\u00e4ndige Aufladung in 12 \/ 6 Std. Ausg\u00e4nge: [&hellip;]<\/p>\n","protected":false},"featured_media":191249,"template":"","meta":{"_acf_changed":false},"product_featured_cat":[],"product_brand":[3033],"product_cat":[5130],"product_tag":[],"class_list":{"0":"post-191251","1":"product","2":"type-product","3":"status-publish","4":"has-post-thumbnail","6":"product_brand-standard-de","7":"product_cat-powerstationen","9":"first","10":"instock","11":"taxable","12":"shipping-taxable","13":"purchasable","14":"product-type-simple"},"acf":[],"yoast_head":"<!-- This site is optimized with the Yoast SEO plugin v27.4 - https:\/\/yoast.com\/product\/yoast-seo-wordpress\/ -->\n<title>Power station PowerRoam GS1200 UGREEN - Bantam Camping AG<\/title>\n<meta name=\"robots\" content=\"index, follow, max-snippet:-1, max-image-preview:large, max-video-preview:-1\" \/>\n<link rel=\"canonical\" href=\"https:\/\/shop.bantam.ch\/de\/produkt\/power-station-powerroam-gs1200-ugreen\/\" \/>\n<meta property=\"og:locale\" content=\"de_DE\" \/>\n<meta property=\"og:type\" content=\"article\" \/>\n<meta property=\"og:title\" content=\"Power station PowerRoam GS1200 UGREEN - Bantam Camping AG\" \/>\n<meta property=\"og:description\" content=\"Bildschirm: 12 cm LCD Kapazit\u00e4t: 1024 Wh Abmessungen: 34 x 22 x 27 cm Frequenz: 50 Hz Gewicht: 12 kg Anzahl der Anschl\u00fcsse: 9 Aufladen: AC 1200 W0-100% in 1.5 Std. Solarladung 400 W Max: Vollst\u00e4ndige Aufladung in 3 Std. Zigarettenanz\u00fcnder 12 \/ 24V, 200 W Max: Vollst\u00e4ndige Aufladung in 12 \/ 6 Std. Ausg\u00e4nge: [&hellip;]\" \/>\n<meta property=\"og:url\" content=\"https:\/\/shop.bantam.ch\/de\/produkt\/power-station-powerroam-gs1200-ugreen\/\" \/>\n<meta property=\"og:site_name\" content=\"Bantam Camping AG\" \/>\n<meta property=\"article:modified_time\" content=\"2026-04-20T20:55:30+00:00\" \/>\n<meta property=\"og:image\" content=\"https:\/\/shop.bantam.ch\/wp-content\/uploads\/2024\/04\/vignette_produit-2.jpg\" \/>\n\t<meta property=\"og:image:width\" content=\"455\" \/>\n\t<meta property=\"og:image:height\" content=\"460\" \/>\n\t<meta property=\"og:image:type\" content=\"image\/jpeg\" \/>\n<meta name=\"twitter:card\" content=\"summary_large_image\" \/>\n<meta name=\"twitter:label1\" content=\"Gesch\u00e4tzte Lesezeit\" \/>\n\t<meta name=\"twitter:data1\" content=\"1\u00a0Minute\" \/>\n<script type=\"application\/ld+json\" class=\"yoast-schema-graph\">{\"@context\":\"https:\\\/\\\/schema.org\",\"@graph\":[{\"@type\":\"WebPage\",\"@id\":\"https:\\\/\\\/shop.bantam.ch\\\/de\\\/produkt\\\/power-station-powerroam-gs1200-ugreen\\\/\",\"url\":\"https:\\\/\\\/shop.bantam.ch\\\/de\\\/produkt\\\/power-station-powerroam-gs1200-ugreen\\\/\",\"name\":\"Power station PowerRoam GS1200 UGREEN - Bantam Camping AG\",\"isPartOf\":{\"@id\":\"https:\\\/\\\/shop.bantam.ch\\\/de\\\/#website\"},\"primaryImageOfPage\":{\"@id\":\"https:\\\/\\\/shop.bantam.ch\\\/de\\\/produkt\\\/power-station-powerroam-gs1200-ugreen\\\/#primaryimage\"},\"image\":{\"@id\":\"https:\\\/\\\/shop.bantam.ch\\\/de\\\/produkt\\\/power-station-powerroam-gs1200-ugreen\\\/#primaryimage\"},\"thumbnailUrl\":\"https:\\\/\\\/shop.bantam.ch\\\/wp-content\\\/uploads\\\/2024\\\/04\\\/vignette_produit-2.jpg\",\"datePublished\":\"2024-04-16T12:33:17+00:00\",\"dateModified\":\"2026-04-20T20:55:30+00:00\",\"breadcrumb\":{\"@id\":\"https:\\\/\\\/shop.bantam.ch\\\/de\\\/produkt\\\/power-station-powerroam-gs1200-ugreen\\\/#breadcrumb\"},\"inLanguage\":\"de\",\"potentialAction\":[{\"@type\":\"ReadAction\",\"target\":[\"https:\\\/\\\/shop.bantam.ch\\\/de\\\/produkt\\\/power-station-powerroam-gs1200-ugreen\\\/\"]}]},{\"@type\":\"ImageObject\",\"inLanguage\":\"de\",\"@id\":\"https:\\\/\\\/shop.bantam.ch\\\/de\\\/produkt\\\/power-station-powerroam-gs1200-ugreen\\\/#primaryimage\",\"url\":\"https:\\\/\\\/shop.bantam.ch\\\/wp-content\\\/uploads\\\/2024\\\/04\\\/vignette_produit-2.jpg\",\"contentUrl\":\"https:\\\/\\\/shop.bantam.ch\\\/wp-content\\\/uploads\\\/2024\\\/04\\\/vignette_produit-2.jpg\",\"width\":455,\"height\":460},{\"@type\":\"BreadcrumbList\",\"@id\":\"https:\\\/\\\/shop.bantam.ch\\\/de\\\/produkt\\\/power-station-powerroam-gs1200-ugreen\\\/#breadcrumb\",\"itemListElement\":[{\"@type\":\"ListItem\",\"position\":1,\"name\":\"Accueil\",\"item\":\"https:\\\/\\\/shop.bantam.ch\\\/de\\\/\"},{\"@type\":\"ListItem\",\"position\":2,\"name\":\"Shop\",\"item\":\"https:\\\/\\\/shop.bantam.ch\\\/de\\\/shop\\\/\"},{\"@type\":\"ListItem\",\"position\":3,\"name\":\"Power station PowerRoam GS1200 UGREEN\"}]},{\"@type\":\"WebSite\",\"@id\":\"https:\\\/\\\/shop.bantam.ch\\\/de\\\/#website\",\"url\":\"https:\\\/\\\/shop.bantam.ch\\\/de\\\/\",\"name\":\"Bantam Camping AG\",\"description\":\"\",\"publisher\":{\"@id\":\"https:\\\/\\\/shop.bantam.ch\\\/de\\\/#organization\"},\"inLanguage\":\"de\"},{\"@type\":\"Organization\",\"@id\":\"https:\\\/\\\/shop.bantam.ch\\\/de\\\/#organization\",\"name\":\"Bantam Camping AG\",\"url\":\"https:\\\/\\\/shop.bantam.ch\\\/de\\\/\",\"logo\":{\"@type\":\"ImageObject\",\"inLanguage\":\"de\",\"@id\":\"https:\\\/\\\/shop.bantam.ch\\\/de\\\/#\\\/schema\\\/logo\\\/image\\\/\",\"url\":\"https:\\\/\\\/shop.bantam.ch\\\/wp-content\\\/uploads\\\/2022\\\/12\\\/bantam-logo.png\",\"contentUrl\":\"https:\\\/\\\/shop.bantam.ch\\\/wp-content\\\/uploads\\\/2022\\\/12\\\/bantam-logo.png\",\"width\":320,\"height\":71,\"caption\":\"Bantam Camping AG\"},\"image\":{\"@id\":\"https:\\\/\\\/shop.bantam.ch\\\/de\\\/#\\\/schema\\\/logo\\\/image\\\/\"}}]}<\/script>\n<!-- \/ Yoast SEO plugin. -->","yoast_head_json":{"title":"Power station PowerRoam GS1200 UGREEN - Bantam Camping AG","robots":{"index":"index","follow":"follow","max-snippet":"max-snippet:-1","max-image-preview":"max-image-preview:large","max-video-preview":"max-video-preview:-1"},"canonical":"https:\/\/shop.bantam.ch\/de\/produkt\/power-station-powerroam-gs1200-ugreen\/","og_locale":"de_DE","og_type":"article","og_title":"Power station PowerRoam GS1200 UGREEN - Bantam Camping AG","og_description":"Bildschirm: 12 cm LCD Kapazit\u00e4t: 1024 Wh Abmessungen: 34 x 22 x 27 cm Frequenz: 50 Hz Gewicht: 12 kg Anzahl der Anschl\u00fcsse: 9 Aufladen: AC 1200 W0-100% in 1.5 Std. Solarladung 400 W Max: Vollst\u00e4ndige Aufladung in 3 Std. Zigarettenanz\u00fcnder 12 \/ 24V, 200 W Max: Vollst\u00e4ndige Aufladung in 12 \/ 6 Std. Ausg\u00e4nge: [&hellip;]","og_url":"https:\/\/shop.bantam.ch\/de\/produkt\/power-station-powerroam-gs1200-ugreen\/","og_site_name":"Bantam Camping AG","article_modified_time":"2026-04-20T20:55:30+00:00","og_image":[{"width":455,"height":460,"url":"https:\/\/shop.bantam.ch\/wp-content\/uploads\/2024\/04\/vignette_produit-2.jpg","type":"image\/jpeg"}],"twitter_card":"summary_large_image","twitter_misc":{"Gesch\u00e4tzte Lesezeit":"1\u00a0Minute"},"schema":{"@context":"https:\/\/schema.org","@graph":[{"@type":"WebPage","@id":"https:\/\/shop.bantam.ch\/de\/produkt\/power-station-powerroam-gs1200-ugreen\/","url":"https:\/\/shop.bantam.ch\/de\/produkt\/power-station-powerroam-gs1200-ugreen\/","name":"Power station PowerRoam GS1200 UGREEN - Bantam Camping AG","isPartOf":{"@id":"https:\/\/shop.bantam.ch\/de\/#website"},"primaryImageOfPage":{"@id":"https:\/\/shop.bantam.ch\/de\/produkt\/power-station-powerroam-gs1200-ugreen\/#primaryimage"},"image":{"@id":"https:\/\/shop.bantam.ch\/de\/produkt\/power-station-powerroam-gs1200-ugreen\/#primaryimage"},"thumbnailUrl":"https:\/\/shop.bantam.ch\/wp-content\/uploads\/2024\/04\/vignette_produit-2.jpg","datePublished":"2024-04-16T12:33:17+00:00","dateModified":"2026-04-20T20:55:30+00:00","breadcrumb":{"@id":"https:\/\/shop.bantam.ch\/de\/produkt\/power-station-powerroam-gs1200-ugreen\/#breadcrumb"},"inLanguage":"de","potentialAction":[{"@type":"ReadAction","target":["https:\/\/shop.bantam.ch\/de\/produkt\/power-station-powerroam-gs1200-ugreen\/"]}]},{"@type":"ImageObject","inLanguage":"de","@id":"https:\/\/shop.bantam.ch\/de\/produkt\/power-station-powerroam-gs1200-ugreen\/#primaryimage","url":"https:\/\/shop.bantam.ch\/wp-content\/uploads\/2024\/04\/vignette_produit-2.jpg","contentUrl":"https:\/\/shop.bantam.ch\/wp-content\/uploads\/2024\/04\/vignette_produit-2.jpg","width":455,"height":460},{"@type":"BreadcrumbList","@id":"https:\/\/shop.bantam.ch\/de\/produkt\/power-station-powerroam-gs1200-ugreen\/#breadcrumb","itemListElement":[{"@type":"ListItem","position":1,"name":"Accueil","item":"https:\/\/shop.bantam.ch\/de\/"},{"@type":"ListItem","position":2,"name":"Shop","item":"https:\/\/shop.bantam.ch\/de\/shop\/"},{"@type":"ListItem","position":3,"name":"Power station PowerRoam GS1200 UGREEN"}]},{"@type":"WebSite","@id":"https:\/\/shop.bantam.ch\/de\/#website","url":"https:\/\/shop.bantam.ch\/de\/","name":"Bantam Camping AG","description":"","publisher":{"@id":"https:\/\/shop.bantam.ch\/de\/#organization"},"inLanguage":"de"},{"@type":"Organization","@id":"https:\/\/shop.bantam.ch\/de\/#organization","name":"Bantam Camping AG","url":"https:\/\/shop.bantam.ch\/de\/","logo":{"@type":"ImageObject","inLanguage":"de","@id":"https:\/\/shop.bantam.ch\/de\/#\/schema\/logo\/image\/","url":"https:\/\/shop.bantam.ch\/wp-content\/uploads\/2022\/12\/bantam-logo.png","contentUrl":"https:\/\/shop.bantam.ch\/wp-content\/uploads\/2022\/12\/bantam-logo.png","width":320,"height":71,"caption":"Bantam Camping AG"},"image":{"@id":"https:\/\/shop.bantam.ch\/de\/#\/schema\/logo\/image\/"}}]}},"_links":{"self":[{"href":"https:\/\/shop.bantam.ch\/de\/wp-json\/wp\/v2\/product\/191251","targetHints":{"allow":["GET"]}}],"collection":[{"href":"https:\/\/shop.bantam.ch\/de\/wp-json\/wp\/v2\/product"}],"about":[{"href":"https:\/\/shop.bantam.ch\/de\/wp-json\/wp\/v2\/types\/product"}],"wp:featuredmedia":[{"embeddable":true,"href":"https:\/\/shop.bantam.ch\/de\/wp-json\/wp\/v2\/media\/191249"}],"wp:attachment":[{"href":"https:\/\/shop.bantam.ch\/de\/wp-json\/wp\/v2\/media?parent=191251"}],"wp:term":[{"taxonomy":"product_featured_cat","embeddable":true,"href":"https:\/\/shop.bantam.ch\/de\/wp-json\/wp\/v2\/product_featured_cat?post=191251"},{"taxonomy":"product_brand","embeddable":true,"href":"https:\/\/shop.bantam.ch\/de\/wp-json\/wp\/v2\/product_brand?post=191251"},{"taxonomy":"product_cat","embeddable":true,"href":"https:\/\/shop.bantam.ch\/de\/wp-json\/wp\/v2\/product_cat?post=191251"},{"taxonomy":"product_tag","embeddable":true,"href":"https:\/\/shop.bantam.ch\/de\/wp-json\/wp\/v2\/product_tag?post=191251"}],"curies":[{"name":"wp","href":"https:\/\/api.w.org\/{rel}","templated":true}]}}